{"id":12462,"date":"2025-06-16T10:59:06","date_gmt":"2025-06-16T10:59:06","guid":{"rendered":"https:\/\/www.chinatopack.com\/?post_type=product&#038;p=12462"},"modified":"2025-08-12T09:59:10","modified_gmt":"2025-08-12T09:59:10","slug":"custom-print-biodegradable-cosmetic-packaging-box-skin-care-gift-box-with-gold-silver-stamping-and-embossing","status":"publish","type":"product","link":"https:\/\/www.chinatopack.com\/es\/producto\/custom-print-biodegradable-cosmetic-packaging-box-skin-care-gift-box-with-gold-silver-stamping-and-embossing\/","title":{"rendered":"Impresi\u00f3n personalizada Biodegradable Cosm\u00e9ticos Caja de embalaje Cuidado de la piel Caja de regalo con oro plata estampado y gofrado"},"content":{"rendered":"<h2><strong>Cajas de papel personalizadas<\/strong>: <strong>Soluciones de envasado a medida para su marca<\/strong><\/h2>\n<p>Eleve su marca con nuestros productos personalizados de alta calidad <a href=\"https:\/\/www.chinatopack.com\/es\/etiqueta-producto\/cosmetic-kit-box\/\"><strong>estuche de cosm\u00e9ticos<\/strong><\/a>dise\u00f1ados para satisfacer sus especificaciones exactas. Ya sea para el comercio minorista, el lujo, la alimentaci\u00f3n o la cosm\u00e9tica, nuestros <a href=\"https:\/\/www.chinatopack.com\/es\/producto\/custom-print-biodegradable-cosmetic-packaging-box-skin-care-gift-box-with-gold-silver-stamping-and-embossing\/\"><strong>caja de embalaje para cosm\u00e9ticos<\/strong><\/a> combina funcionalidad y est\u00e9tica para realzar el atractivo de su producto.<\/p>\n<h3><strong>Estilos de cajas y aplicaciones<\/strong><\/h3>\n<p>Como uno de los mejores <a href=\"https:\/\/www.chinatopack.com\/es\/about-us\/\"><strong>fabricantes de cajas de cosm\u00e9ticos<\/strong><\/a>Ofrecemos una amplia gama de tipos de cajas, <strong>cajas r\u00edgidas, cajas plegables, cajas con cierre magn\u00e9tico y cajones.<\/strong> cajas. Perfectas para envasar regalos, productos electr\u00f3nicos, cosm\u00e9ticos, alimentos y productos de venta al por menor, cada dise\u00f1o garantiza la durabilidad y una experiencia unboxing de primera.<\/p>\n<h3><strong>Materiales y respeto del medio ambiente<\/strong><\/h3>\n<p>Elige entre\u00a0<strong>papel kraft, papel art\u00edstico, cart\u00f3n ondulado<\/strong>, <strong>o materiales reciclados<\/strong>\u00a0para alinearse con los objetivos de sostenibilidad. Nuestras opciones incluyen\u00a0<strong>Certificado FSC<\/strong>\u00a0y biodegradables, garantizando un envasado respetuoso con el medio ambiente.<\/p>\n<h3><strong>Impresi\u00f3n y acabado avanzados<\/strong><\/h3>\n<p>Mejore sus cajas con\u00a0<strong>impresi\u00f3n offset\/UV, gofrado, estampado, lacado UV<\/strong>o laminado mate\/brillante. Personal\u00edcelo con troquelado, parcheado de ventanas o UV localizado para conseguir un aspecto destacado.<\/p>\n<h3><strong>Proceso de producci\u00f3n de precisi\u00f3n<\/strong><\/h3>\n<p><strong>1.Dise\u00f1o y pruebas<\/strong>\u00a0- Colaborar en el dise\u00f1o estructural y gr\u00e1fico.<\/p>\n<p><strong>2.Selecci\u00f3n del material\u00a0<\/strong>- Elija el papel y el acabado ideales.<\/p>\n<p><strong>3.Impresi\u00f3n y decoraci\u00f3n<\/strong>\u00a0- Impresi\u00f3n de alta resoluci\u00f3n y acabados de primera calidad.<\/p>\n<p><strong>4.Troquelado y montaje<\/strong>\u00a0- Corte de precisi\u00f3n y detalles acabados a mano.<\/p>\n<p><strong>5.Inspecci\u00f3n de calidad y entrega<\/strong>\u00a0- Los rigurosos controles garantizan una ejecuci\u00f3n impecable.<\/p>\n<p>En\u00a0<strong>protecci\u00f3n del producto<\/strong>\u00a0a\u00a0<strong>narraci\u00f3n de marca,<\/strong> nuestra costumbre <a href=\"https:\/\/www.chinatopack.com\/es\/category\/cosmetic-box\/\"><strong>cajas de cosm\u00e9ticos<\/strong><\/a> ofrecen un valor inigualable. Solic\u00edtenos un presupuesto, el <a href=\"https:\/\/www.chinatopack.com\/es\/\"><strong>cajas de cosm\u00e9ticos al por mayor<\/strong><\/a> y creemos un envase que hable por su marca.<\/p>","protected":false},"excerpt":{"rendered":"<ul>\n<li>Fabricado en cart\u00f3n resistente y duradero<\/li>\n<li>Tama\u00f1os personalizados disponibles para diferentes medidas de producto<\/li>\n<li>M\u00e1quinas de impresi\u00f3n de alta calidad que generan im\u00e1genes y logotipos impactantes<\/li>\n<li>F\u00e1cil de montar y plegable para guardarla<\/li>\n<li>Gran estructura para jabones y productos de belleza<\/li>\n<\/ul>","protected":false},"featured_media":12463,"comment_status":"closed","ping_status":"closed","template":"","meta":{"_et_pb_use_builder":"","_et_pb_old_content":"","_et_gb_content_width":""},"product_cat":[309],"product_tag":[298],"yoast_head":"<!-- This site is optimized with the Yoast SEO plugin v22.7 - https:\/\/yoast.com\/wordpress\/plugins\/seo\/ -->\n<title>Cosmetic Packaging Box Manufacturer | Eco Luxury<\/title>\n<meta name=\"description\" content=\"Cosmetic Box Manufacturer: FSC\/recycled custom boxes w\/ foil\/UV finishes. Precision manufacturing for skincare\/makeup brands. Request quote!\" \/>\n<meta name=\"robots\" content=\"index, follow, max-snippet:-1, max-image-preview:large, max-video-preview:-1\" \/>\n<link rel=\"canonical\" href=\"https:\/\/www.chinatopack.com\/es\/producto\/custom-print-biodegradable-cosmetic-packaging-box-skin-care-gift-box-with-gold-silver-stamping-and-embossing\/\" \/>\n<meta property=\"og:locale\" content=\"es_ES\" \/>\n<meta property=\"og:type\" content=\"article\" \/>\n<meta property=\"og:title\" content=\"Cosmetic Packaging Box Manufacturer | Eco Luxury\" \/>\n<meta property=\"og:description\" content=\"Cosmetic Box Manufacturer: FSC\/recycled custom boxes w\/ foil\/UV finishes. Precision manufacturing for skincare\/makeup brands. Request quote!\" \/>\n<meta property=\"og:url\" content=\"https:\/\/www.chinatopack.com\/es\/producto\/custom-print-biodegradable-cosmetic-packaging-box-skin-care-gift-box-with-gold-silver-stamping-and-embossing\/\" \/>\n<meta property=\"og:site_name\" content=\"TOPACK Paper Boxes\" \/>\n<meta property=\"article:publisher\" content=\"https:\/\/www.facebook.com\/ChinaTopack\/\" \/>\n<meta property=\"article:modified_time\" content=\"2025-08-12T09:59:10+00:00\" \/>\n<meta property=\"og:image\" content=\"https:\/\/www.chinatopack.com\/wp-content\/uploads\/2025\/06\/Custom-Print-Biodegradable-Cosmetic-Packaging-Box-Skin-Care-Gift-Box-with-Gold-Silver-Stamping-and-Embossing-1.webp\" \/>\n\t<meta property=\"og:image:width\" content=\"790\" \/>\n\t<meta property=\"og:image:height\" content=\"733\" \/>\n\t<meta property=\"og:image:type\" content=\"image\/webp\" \/>\n<meta name=\"twitter:card\" content=\"summary_large_image\" \/>\n<meta name=\"twitter:label1\" content=\"Tiempo de lectura\" \/>\n\t<meta name=\"twitter:data1\" content=\"2 minutos\" \/>\n<script type=\"application\/ld+json\" class=\"yoast-schema-graph\">{\"@context\":\"https:\/\/schema.org\",\"@graph\":[{\"@type\":\"WebPage\",\"@id\":\"https:\/\/www.chinatopack.com\/product\/custom-print-biodegradable-cosmetic-packaging-box-skin-care-gift-box-with-gold-silver-stamping-and-embossing\/\",\"url\":\"https:\/\/www.chinatopack.com\/product\/custom-print-biodegradable-cosmetic-packaging-box-skin-care-gift-box-with-gold-silver-stamping-and-embossing\/\",\"name\":\"Cosmetic Packaging Box Manufacturer | Eco Luxury\",\"isPartOf\":{\"@id\":\"https:\/\/www.chinatopack.com\/#website\"},\"primaryImageOfPage\":{\"@id\":\"https:\/\/www.chinatopack.com\/product\/custom-print-biodegradable-cosmetic-packaging-box-skin-care-gift-box-with-gold-silver-stamping-and-embossing\/#primaryimage\"},\"image\":{\"@id\":\"https:\/\/www.chinatopack.com\/product\/custom-print-biodegradable-cosmetic-packaging-box-skin-care-gift-box-with-gold-silver-stamping-and-embossing\/#primaryimage\"},\"thumbnailUrl\":\"https:\/\/www.chinatopack.com\/wp-content\/uploads\/2025\/06\/Custom-Print-Biodegradable-Cosmetic-Packaging-Box-Skin-Care-Gift-Box-with-Gold-Silver-Stamping-and-Embossing-1.webp\",\"datePublished\":\"2025-06-16T10:59:06+00:00\",\"dateModified\":\"2025-08-12T09:59:10+00:00\",\"description\":\"Cosmetic Box Manufacturer: FSC\/recycled custom boxes w\/ foil\/UV finishes. Precision manufacturing for skincare\/makeup brands. Request quote!\",\"breadcrumb\":{\"@id\":\"https:\/\/www.chinatopack.com\/product\/custom-print-biodegradable-cosmetic-packaging-box-skin-care-gift-box-with-gold-silver-stamping-and-embossing\/#breadcrumb\"},\"inLanguage\":\"es\",\"potentialAction\":[{\"@type\":\"ReadAction\",\"target\":[\"https:\/\/www.chinatopack.com\/product\/custom-print-biodegradable-cosmetic-packaging-box-skin-care-gift-box-with-gold-silver-stamping-and-embossing\/\"]}]},{\"@type\":\"ImageObject\",\"inLanguage\":\"es\",\"@id\":\"https:\/\/www.chinatopack.com\/product\/custom-print-biodegradable-cosmetic-packaging-box-skin-care-gift-box-with-gold-silver-stamping-and-embossing\/#primaryimage\",\"url\":\"https:\/\/www.chinatopack.com\/wp-content\/uploads\/2025\/06\/Custom-Print-Biodegradable-Cosmetic-Packaging-Box-Skin-Care-Gift-Box-with-Gold-Silver-Stamping-and-Embossing-1.webp\",\"contentUrl\":\"https:\/\/www.chinatopack.com\/wp-content\/uploads\/2025\/06\/Custom-Print-Biodegradable-Cosmetic-Packaging-Box-Skin-Care-Gift-Box-with-Gold-Silver-Stamping-and-Embossing-1.webp\",\"width\":790,\"height\":733,\"caption\":\"Custom Print Biodegradable Cosmetic Packaging Box Skin Care Gift Box with Gold Silver Stamping and Embossing\"},{\"@type\":\"BreadcrumbList\",\"@id\":\"https:\/\/www.chinatopack.com\/product\/custom-print-biodegradable-cosmetic-packaging-box-skin-care-gift-box-with-gold-silver-stamping-and-embossing\/#breadcrumb\",\"itemListElement\":[{\"@type\":\"ListItem\",\"position\":1,\"name\":\"Home\",\"item\":\"https:\/\/www.chinatopack.com\/\"},{\"@type\":\"ListItem\",\"position\":2,\"name\":\"Products\",\"item\":\"https:\/\/www.chinatopack.com\/shop\/\"},{\"@type\":\"ListItem\",\"position\":3,\"name\":\"Custom Print Biodegradable Cosmetic Packaging Box Skin Care Gift Box with Gold Silver Stamping and Embossing\"}]},{\"@type\":\"WebSite\",\"@id\":\"https:\/\/www.chinatopack.com\/#website\",\"url\":\"https:\/\/www.chinatopack.com\/\",\"name\":\"TOPACK Paper Boxes\",\"description\":\"\",\"publisher\":{\"@id\":\"https:\/\/www.chinatopack.com\/#organization\"},\"potentialAction\":[{\"@type\":\"SearchAction\",\"target\":{\"@type\":\"EntryPoint\",\"urlTemplate\":\"https:\/\/www.chinatopack.com\/?s={search_term_string}\"},\"query-input\":\"required name=search_term_string\"}],\"inLanguage\":\"es\"},{\"@type\":\"Organization\",\"@id\":\"https:\/\/www.chinatopack.com\/#organization\",\"name\":\"TOPACK Paper Boxes\",\"url\":\"https:\/\/www.chinatopack.com\/\",\"logo\":{\"@type\":\"ImageObject\",\"inLanguage\":\"es\",\"@id\":\"https:\/\/www.chinatopack.com\/#\/schema\/logo\/image\/\",\"url\":\"https:\/\/www.chinatopack.com\/wp-content\/uploads\/2025\/11\/logo2.webp\",\"contentUrl\":\"https:\/\/www.chinatopack.com\/wp-content\/uploads\/2025\/11\/logo2.webp\",\"width\":512,\"height\":512,\"caption\":\"TOPACK Paper Boxes\"},\"image\":{\"@id\":\"https:\/\/www.chinatopack.com\/#\/schema\/logo\/image\/\"},\"sameAs\":[\"https:\/\/www.facebook.com\/ChinaTopack\/\",\"https:\/\/www.youtube.com\/@chinatopack\"]}]}<\/script>\n<!-- \/ Yoast SEO plugin. -->","yoast_head_json":{"title":"Cosmetic Packaging Box Manufacturer | Eco Luxury","description":"Cosmetic Box Manufacturer: FSC\/recycled custom boxes w\/ foil\/UV finishes. Precision manufacturing for skincare\/makeup brands. Request quote!","robots":{"index":"index","follow":"follow","max-snippet":"max-snippet:-1","max-image-preview":"max-image-preview:large","max-video-preview":"max-video-preview:-1"},"canonical":"https:\/\/www.chinatopack.com\/es\/producto\/custom-print-biodegradable-cosmetic-packaging-box-skin-care-gift-box-with-gold-silver-stamping-and-embossing\/","og_locale":"es_ES","og_type":"article","og_title":"Cosmetic Packaging Box Manufacturer | Eco Luxury","og_description":"Cosmetic Box Manufacturer: FSC\/recycled custom boxes w\/ foil\/UV finishes. Precision manufacturing for skincare\/makeup brands. Request quote!","og_url":"https:\/\/www.chinatopack.com\/es\/producto\/custom-print-biodegradable-cosmetic-packaging-box-skin-care-gift-box-with-gold-silver-stamping-and-embossing\/","og_site_name":"TOPACK Paper Boxes","article_publisher":"https:\/\/www.facebook.com\/ChinaTopack\/","article_modified_time":"2025-08-12T09:59:10+00:00","og_image":[{"width":790,"height":733,"url":"https:\/\/www.chinatopack.com\/wp-content\/uploads\/2025\/06\/Custom-Print-Biodegradable-Cosmetic-Packaging-Box-Skin-Care-Gift-Box-with-Gold-Silver-Stamping-and-Embossing-1.webp","type":"image\/webp"}],"twitter_card":"summary_large_image","twitter_misc":{"Tiempo de lectura":"2 minutos"},"schema":{"@context":"https:\/\/schema.org","@graph":[{"@type":"WebPage","@id":"https:\/\/www.chinatopack.com\/product\/custom-print-biodegradable-cosmetic-packaging-box-skin-care-gift-box-with-gold-silver-stamping-and-embossing\/","url":"https:\/\/www.chinatopack.com\/product\/custom-print-biodegradable-cosmetic-packaging-box-skin-care-gift-box-with-gold-silver-stamping-and-embossing\/","name":"Cosmetic Packaging Box Manufacturer | Eco Luxury","isPartOf":{"@id":"https:\/\/www.chinatopack.com\/#website"},"primaryImageOfPage":{"@id":"https:\/\/www.chinatopack.com\/product\/custom-print-biodegradable-cosmetic-packaging-box-skin-care-gift-box-with-gold-silver-stamping-and-embossing\/#primaryimage"},"image":{"@id":"https:\/\/www.chinatopack.com\/product\/custom-print-biodegradable-cosmetic-packaging-box-skin-care-gift-box-with-gold-silver-stamping-and-embossing\/#primaryimage"},"thumbnailUrl":"https:\/\/www.chinatopack.com\/wp-content\/uploads\/2025\/06\/Custom-Print-Biodegradable-Cosmetic-Packaging-Box-Skin-Care-Gift-Box-with-Gold-Silver-Stamping-and-Embossing-1.webp","datePublished":"2025-06-16T10:59:06+00:00","dateModified":"2025-08-12T09:59:10+00:00","description":"Cosmetic Box Manufacturer: FSC\/recycled custom boxes w\/ foil\/UV finishes. Precision manufacturing for skincare\/makeup brands. Request quote!","breadcrumb":{"@id":"https:\/\/www.chinatopack.com\/product\/custom-print-biodegradable-cosmetic-packaging-box-skin-care-gift-box-with-gold-silver-stamping-and-embossing\/#breadcrumb"},"inLanguage":"es","potentialAction":[{"@type":"ReadAction","target":["https:\/\/www.chinatopack.com\/product\/custom-print-biodegradable-cosmetic-packaging-box-skin-care-gift-box-with-gold-silver-stamping-and-embossing\/"]}]},{"@type":"ImageObject","inLanguage":"es","@id":"https:\/\/www.chinatopack.com\/product\/custom-print-biodegradable-cosmetic-packaging-box-skin-care-gift-box-with-gold-silver-stamping-and-embossing\/#primaryimage","url":"https:\/\/www.chinatopack.com\/wp-content\/uploads\/2025\/06\/Custom-Print-Biodegradable-Cosmetic-Packaging-Box-Skin-Care-Gift-Box-with-Gold-Silver-Stamping-and-Embossing-1.webp","contentUrl":"https:\/\/www.chinatopack.com\/wp-content\/uploads\/2025\/06\/Custom-Print-Biodegradable-Cosmetic-Packaging-Box-Skin-Care-Gift-Box-with-Gold-Silver-Stamping-and-Embossing-1.webp","width":790,"height":733,"caption":"Custom Print Biodegradable Cosmetic Packaging Box Skin Care Gift Box with Gold Silver Stamping and Embossing"},{"@type":"BreadcrumbList","@id":"https:\/\/www.chinatopack.com\/product\/custom-print-biodegradable-cosmetic-packaging-box-skin-care-gift-box-with-gold-silver-stamping-and-embossing\/#breadcrumb","itemListElement":[{"@type":"ListItem","position":1,"name":"Home","item":"https:\/\/www.chinatopack.com\/"},{"@type":"ListItem","position":2,"name":"Products","item":"https:\/\/www.chinatopack.com\/shop\/"},{"@type":"ListItem","position":3,"name":"Custom Print Biodegradable Cosmetic Packaging Box Skin Care Gift Box with Gold Silver Stamping and Embossing"}]},{"@type":"WebSite","@id":"https:\/\/www.chinatopack.com\/#website","url":"https:\/\/www.chinatopack.com\/","name":"TOPACK Paper Boxes","description":"","publisher":{"@id":"https:\/\/www.chinatopack.com\/#organization"},"potentialAction":[{"@type":"SearchAction","target":{"@type":"EntryPoint","urlTemplate":"https:\/\/www.chinatopack.com\/?s={search_term_string}"},"query-input":"required name=search_term_string"}],"inLanguage":"es"},{"@type":"Organization","@id":"https:\/\/www.chinatopack.com\/#organization","name":"TOPACK Paper Boxes","url":"https:\/\/www.chinatopack.com\/","logo":{"@type":"ImageObject","inLanguage":"es","@id":"https:\/\/www.chinatopack.com\/#\/schema\/logo\/image\/","url":"https:\/\/www.chinatopack.com\/wp-content\/uploads\/2025\/11\/logo2.webp","contentUrl":"https:\/\/www.chinatopack.com\/wp-content\/uploads\/2025\/11\/logo2.webp","width":512,"height":512,"caption":"TOPACK Paper Boxes"},"image":{"@id":"https:\/\/www.chinatopack.com\/#\/schema\/logo\/image\/"},"sameAs":["https:\/\/www.facebook.com\/ChinaTopack\/","https:\/\/www.youtube.com\/@chinatopack"]}]}},"_links":{"self":[{"href":"https:\/\/www.chinatopack.com\/es\/wp-json\/wp\/v2\/product\/12462"}],"collection":[{"href":"https:\/\/www.chinatopack.com\/es\/wp-json\/wp\/v2\/product"}],"about":[{"href":"https:\/\/www.chinatopack.com\/es\/wp-json\/wp\/v2\/types\/product"}],"replies":[{"embeddable":true,"href":"https:\/\/www.chinatopack.com\/es\/wp-json\/wp\/v2\/comments?post=12462"}],"wp:featuredmedia":[{"embeddable":true,"href":"https:\/\/www.chinatopack.com\/es\/wp-json\/wp\/v2\/media\/12463"}],"wp:attachment":[{"href":"https:\/\/www.chinatopack.com\/es\/wp-json\/wp\/v2\/media?parent=12462"}],"wp:term":[{"taxonomy":"product_cat","embeddable":true,"href":"https:\/\/www.chinatopack.com\/es\/wp-json\/wp\/v2\/product_cat?post=12462"},{"taxonomy":"product_tag","embeddable":true,"href":"https:\/\/www.chinatopack.com\/es\/wp-json\/wp\/v2\/product_tag?post=12462"}],"curies":[{"name":"wp","href":"https:\/\/api.w.org\/{rel}","templated":true}]}}