{"id":12467,"date":"2025-06-16T11:14:27","date_gmt":"2025-06-16T11:14:27","guid":{"rendered":"https:\/\/www.chinatopack.com\/?post_type=product&#038;p=12467"},"modified":"2025-08-12T10:02:24","modified_gmt":"2025-08-12T10:02:24","slug":"factory-custom-printing-cosmetic-packaging-box-for-skin-care-perfume-products","status":"publish","type":"product","link":"https:\/\/www.chinatopack.com\/es\/producto\/factory-custom-printing-cosmetic-packaging-box-for-skin-care-perfume-products\/","title":{"rendered":"Personalizado de la f\u00e1brica de impresi\u00f3n de cosm\u00e9ticos caja de embalaje para el cuidado de la piel productos de perfumer\u00eda"},"content":{"rendered":"<h2>Caja de papel para cosm\u00e9ticos<\/h2>\n<h3>Cajas de papel para cosm\u00e9ticos premium: Elegancia, calidad y sostenibilidad<\/h3>\n<p>La producci\u00f3n de nuestros <a href=\"https:\/\/www.chinatopack.com\/es\/category\/cosmetic-box\/\"><strong>cajas de cosm\u00e9ticos<\/strong><\/a> comienzan con materiales ecol\u00f3gicos cuidadosamente seleccionados, que garantizan la durabilidad y un acabado de lujo. Cada caja se somete a un corte de precisi\u00f3n, a t\u00e9cnicas de impresi\u00f3n avanzadas (como gofrado, estampado o recubrimiento UV) y a un montaje meticuloso para crear una presentaci\u00f3n impecable. Nuestro \u00e1gil proceso mantiene un estricto control de calidad, con un plazo de entrega est\u00e1ndar de 10-15 d\u00edas (personalizable para necesidades urgentes).<\/p>\n<p>Dise\u00f1ados para \"marcas de belleza de lujo, l\u00edneas de cuidado de la piel y productos de maquillaje premium\", estos <a href=\"https:\/\/www.chinatopack.com\/es\/etiqueta-producto\/cosmetic-kit-box\/\"><strong>estuche de cosm\u00e9ticos<\/strong><\/a> podr\u00edan dirigirse a consumidores exigentes que valoran la sofisticaci\u00f3n y la sostenibilidad. Ideales para \"lotes de regalo, ediciones limitadas o envases de venta al por menor\", mejoran la experiencia de desembalaje al tiempo que refuerzan el prestigio de la marca.<\/p>\n<p>Como una de las personalizaciones <a href=\"https:\/\/www.chinatopack.com\/es\/about-us\/\"><strong>fabricantes de cajas de cosm\u00e9ticos<\/strong><\/a> con m\u00e1s de 20 a\u00f1os de experiencia, podemos ofrecer asesoramiento profesional, y otros tipos de <a href=\"https:\/\/www.chinatopack.com\/es\/producto\/factory-custom-printing-packaging-boxes-for-skin-care-perfume-products\/\"><strong>caja de embalaje de cosm\u00e9ticos<\/strong><\/a>Cajas plegables, cajas en forma de libro, etc. Para garantizar la calidad de nuestros <a href=\"https:\/\/www.chinatopack.com\/es\/\"><strong>cajas de cosm\u00e9ticos al por mayor<\/strong><\/a>Nuestro equipo de inspecci\u00f3n de calidad no s\u00f3lo inspeccionar\u00e1 el producto acabado, sino que tambi\u00e9n realizar\u00e1 la inspecci\u00f3n de entrada y la inspecci\u00f3n del proceso. Todas las bolsas de embalaje se embalar\u00e1n en una caja de cart\u00f3n kraft de cinco capas antes del transporte para garantizar que no se da\u00f1en durante el transporte.<\/p>\n<h2>Fotos del producto<\/h2>\n<p><img loading=\"lazy\" decoding=\"async\" class=\"size-full wp-image-12473 aligncenter\" data-src=\"https:\/\/www.chinatopack.com\/wp-content\/uploads\/2025\/06\/Factory-Custom-Printing-Packaging-Boxes-for-Skin-Care-Perfume-Products-4.webp\" alt=\"Cajas de embalaje con impresi\u00f3n personalizada de f\u00e1brica para productos de perfumer\u00eda para el cuidado de la piel\" width=\"800\" height=\"800\" srcset=\"https:\/\/www.chinatopack.com\/wp-content\/uploads\/2025\/06\/Factory-Custom-Printing-Packaging-Boxes-for-Skin-Care-Perfume-Products-4.webp 800w, https:\/\/www.chinatopack.com\/wp-content\/uploads\/2025\/06\/Factory-Custom-Printing-Packaging-Boxes-for-Skin-Care-Perfume-Products-4-480x480.webp 480w\" sizes=\"(min-width: 0px) and (max-width: 480px) 480px, (min-width: 481px) 800px, 100vw\" \/> <img loading=\"lazy\" decoding=\"async\" class=\"size-full wp-image-12474 aligncenter\" data-src=\"https:\/\/www.chinatopack.com\/wp-content\/uploads\/2025\/06\/Factory-Custom-Printing-Packaging-Boxes-for-Skin-Care-Perfume-Products-5.webp\" alt=\"Cajas de embalaje con impresi\u00f3n personalizada de f\u00e1brica para productos de perfumer\u00eda para el cuidado de la piel\" width=\"800\" height=\"800\" srcset=\"https:\/\/www.chinatopack.com\/wp-content\/uploads\/2025\/06\/Factory-Custom-Printing-Packaging-Boxes-for-Skin-Care-Perfume-Products-5.webp 800w, https:\/\/www.chinatopack.com\/wp-content\/uploads\/2025\/06\/Factory-Custom-Printing-Packaging-Boxes-for-Skin-Care-Perfume-Products-5-480x480.webp 480w\" sizes=\"(min-width: 0px) and (max-width: 480px) 480px, (min-width: 481px) 800px, 100vw\" \/><\/p>","protected":false},"excerpt":{"rendered":"<p>Gama alta y duradera<br \/>\nFabricadas con aglomerado y papel especial de la mejor calidad, estas cajas personalizadas con tapa est\u00e1n dise\u00f1adas para mantener sus productos seguros y protegidos, al tiempo que a\u00f1aden un aspecto y un tacto de gama alta. La tapa extra\u00edble facilita la apertura del regalo.<\/p>","protected":false},"featured_media":12468,"comment_status":"closed","ping_status":"closed","template":"","meta":{"_et_pb_use_builder":"","_et_pb_old_content":"","_et_gb_content_width":""},"product_cat":[309],"product_tag":[298],"yoast_head":"<!-- This site is optimized with the Yoast SEO plugin v22.7 - https:\/\/yoast.com\/wordpress\/plugins\/seo\/ -->\n<title>Luxury Cosmetic Box Manufacturer | Eco<\/title>\n<meta name=\"description\" content=\"Cosmetic Box Manufacturer: 20+ yrs crafting eco-luxury boxes w\/ foil\/embossing. Rigorous 3-stage QC &amp; custom lead times. For premium beauty brands. Request quote!\" \/>\n<meta name=\"robots\" content=\"index, follow, max-snippet:-1, max-image-preview:large, max-video-preview:-1\" \/>\n<link rel=\"canonical\" href=\"https:\/\/www.chinatopack.com\/es\/producto\/factory-custom-printing-cosmetic-packaging-box-for-skin-care-perfume-products\/\" \/>\n<meta property=\"og:locale\" content=\"es_ES\" \/>\n<meta property=\"og:type\" content=\"article\" \/>\n<meta property=\"og:title\" content=\"Luxury Cosmetic Box Manufacturer | Eco\" \/>\n<meta property=\"og:description\" content=\"Cosmetic Box Manufacturer: 20+ yrs crafting eco-luxury boxes w\/ foil\/embossing. Rigorous 3-stage QC &amp; custom lead times. For premium beauty brands. Request quote!\" \/>\n<meta property=\"og:url\" content=\"https:\/\/www.chinatopack.com\/es\/producto\/factory-custom-printing-cosmetic-packaging-box-for-skin-care-perfume-products\/\" \/>\n<meta property=\"og:site_name\" content=\"TOPACK Paper Boxes\" \/>\n<meta property=\"article:publisher\" content=\"https:\/\/www.facebook.com\/ChinaTopack\/\" \/>\n<meta property=\"article:modified_time\" content=\"2025-08-12T10:02:24+00:00\" \/>\n<meta property=\"og:image\" content=\"https:\/\/www.chinatopack.com\/wp-content\/uploads\/2025\/06\/Factory-Custom-Printing-Packaging-Boxes-for-Skin-Care-Perfume-Products-1.webp\" \/>\n\t<meta property=\"og:image:width\" content=\"800\" \/>\n\t<meta property=\"og:image:height\" content=\"800\" \/>\n\t<meta property=\"og:image:type\" content=\"image\/webp\" \/>\n<meta name=\"twitter:card\" content=\"summary_large_image\" \/>\n<meta name=\"twitter:label1\" content=\"Tiempo de lectura\" \/>\n\t<meta name=\"twitter:data1\" content=\"2 minutos\" \/>\n<script type=\"application\/ld+json\" class=\"yoast-schema-graph\">{\"@context\":\"https:\/\/schema.org\",\"@graph\":[{\"@type\":\"WebPage\",\"@id\":\"https:\/\/www.chinatopack.com\/product\/factory-custom-printing-cosmetic-packaging-box-for-skin-care-perfume-products\/\",\"url\":\"https:\/\/www.chinatopack.com\/product\/factory-custom-printing-cosmetic-packaging-box-for-skin-care-perfume-products\/\",\"name\":\"Luxury Cosmetic Box Manufacturer | Eco\",\"isPartOf\":{\"@id\":\"https:\/\/www.chinatopack.com\/#website\"},\"primaryImageOfPage\":{\"@id\":\"https:\/\/www.chinatopack.com\/product\/factory-custom-printing-cosmetic-packaging-box-for-skin-care-perfume-products\/#primaryimage\"},\"image\":{\"@id\":\"https:\/\/www.chinatopack.com\/product\/factory-custom-printing-cosmetic-packaging-box-for-skin-care-perfume-products\/#primaryimage\"},\"thumbnailUrl\":\"https:\/\/www.chinatopack.com\/wp-content\/uploads\/2025\/06\/Factory-Custom-Printing-Packaging-Boxes-for-Skin-Care-Perfume-Products-1.webp\",\"datePublished\":\"2025-06-16T11:14:27+00:00\",\"dateModified\":\"2025-08-12T10:02:24+00:00\",\"description\":\"Cosmetic Box Manufacturer: 20+ yrs crafting eco-luxury boxes w\/ foil\/embossing. Rigorous 3-stage QC & custom lead times. For premium beauty brands. Request quote!\",\"breadcrumb\":{\"@id\":\"https:\/\/www.chinatopack.com\/product\/factory-custom-printing-cosmetic-packaging-box-for-skin-care-perfume-products\/#breadcrumb\"},\"inLanguage\":\"es\",\"potentialAction\":[{\"@type\":\"ReadAction\",\"target\":[\"https:\/\/www.chinatopack.com\/product\/factory-custom-printing-cosmetic-packaging-box-for-skin-care-perfume-products\/\"]}]},{\"@type\":\"ImageObject\",\"inLanguage\":\"es\",\"@id\":\"https:\/\/www.chinatopack.com\/product\/factory-custom-printing-cosmetic-packaging-box-for-skin-care-perfume-products\/#primaryimage\",\"url\":\"https:\/\/www.chinatopack.com\/wp-content\/uploads\/2025\/06\/Factory-Custom-Printing-Packaging-Boxes-for-Skin-Care-Perfume-Products-1.webp\",\"contentUrl\":\"https:\/\/www.chinatopack.com\/wp-content\/uploads\/2025\/06\/Factory-Custom-Printing-Packaging-Boxes-for-Skin-Care-Perfume-Products-1.webp\",\"width\":800,\"height\":800,\"caption\":\"Factory Custom Printing Packaging Boxes for Skin Care Perfume Products\"},{\"@type\":\"BreadcrumbList\",\"@id\":\"https:\/\/www.chinatopack.com\/product\/factory-custom-printing-cosmetic-packaging-box-for-skin-care-perfume-products\/#breadcrumb\",\"itemListElement\":[{\"@type\":\"ListItem\",\"position\":1,\"name\":\"Home\",\"item\":\"https:\/\/www.chinatopack.com\/\"},{\"@type\":\"ListItem\",\"position\":2,\"name\":\"Products\",\"item\":\"https:\/\/www.chinatopack.com\/shop\/\"},{\"@type\":\"ListItem\",\"position\":3,\"name\":\"Factory Custom Printing Cosmetic Packaging Box For Skin Care Perfume Products\"}]},{\"@type\":\"WebSite\",\"@id\":\"https:\/\/www.chinatopack.com\/#website\",\"url\":\"https:\/\/www.chinatopack.com\/\",\"name\":\"TOPACK Paper Boxes\",\"description\":\"\",\"publisher\":{\"@id\":\"https:\/\/www.chinatopack.com\/#organization\"},\"potentialAction\":[{\"@type\":\"SearchAction\",\"target\":{\"@type\":\"EntryPoint\",\"urlTemplate\":\"https:\/\/www.chinatopack.com\/?s={search_term_string}\"},\"query-input\":\"required name=search_term_string\"}],\"inLanguage\":\"es\"},{\"@type\":\"Organization\",\"@id\":\"https:\/\/www.chinatopack.com\/#organization\",\"name\":\"TOPACK Paper Boxes\",\"url\":\"https:\/\/www.chinatopack.com\/\",\"logo\":{\"@type\":\"ImageObject\",\"inLanguage\":\"es\",\"@id\":\"https:\/\/www.chinatopack.com\/#\/schema\/logo\/image\/\",\"url\":\"https:\/\/www.chinatopack.com\/wp-content\/uploads\/2025\/11\/logo2.webp\",\"contentUrl\":\"https:\/\/www.chinatopack.com\/wp-content\/uploads\/2025\/11\/logo2.webp\",\"width\":512,\"height\":512,\"caption\":\"TOPACK Paper Boxes\"},\"image\":{\"@id\":\"https:\/\/www.chinatopack.com\/#\/schema\/logo\/image\/\"},\"sameAs\":[\"https:\/\/www.facebook.com\/ChinaTopack\/\",\"https:\/\/www.youtube.com\/@chinatopack\"]}]}<\/script>\n<!-- \/ Yoast SEO plugin. -->","yoast_head_json":{"title":"Luxury Cosmetic Box Manufacturer | Eco","description":"Cosmetic Box Manufacturer: 20+ yrs crafting eco-luxury boxes w\/ foil\/embossing. Rigorous 3-stage QC & custom lead times. For premium beauty brands. Request quote!","robots":{"index":"index","follow":"follow","max-snippet":"max-snippet:-1","max-image-preview":"max-image-preview:large","max-video-preview":"max-video-preview:-1"},"canonical":"https:\/\/www.chinatopack.com\/es\/producto\/factory-custom-printing-cosmetic-packaging-box-for-skin-care-perfume-products\/","og_locale":"es_ES","og_type":"article","og_title":"Luxury Cosmetic Box Manufacturer | Eco","og_description":"Cosmetic Box Manufacturer: 20+ yrs crafting eco-luxury boxes w\/ foil\/embossing. Rigorous 3-stage QC & custom lead times. For premium beauty brands. Request quote!","og_url":"https:\/\/www.chinatopack.com\/es\/producto\/factory-custom-printing-cosmetic-packaging-box-for-skin-care-perfume-products\/","og_site_name":"TOPACK Paper Boxes","article_publisher":"https:\/\/www.facebook.com\/ChinaTopack\/","article_modified_time":"2025-08-12T10:02:24+00:00","og_image":[{"width":800,"height":800,"url":"https:\/\/www.chinatopack.com\/wp-content\/uploads\/2025\/06\/Factory-Custom-Printing-Packaging-Boxes-for-Skin-Care-Perfume-Products-1.webp","type":"image\/webp"}],"twitter_card":"summary_large_image","twitter_misc":{"Tiempo de lectura":"2 minutos"},"schema":{"@context":"https:\/\/schema.org","@graph":[{"@type":"WebPage","@id":"https:\/\/www.chinatopack.com\/product\/factory-custom-printing-cosmetic-packaging-box-for-skin-care-perfume-products\/","url":"https:\/\/www.chinatopack.com\/product\/factory-custom-printing-cosmetic-packaging-box-for-skin-care-perfume-products\/","name":"Luxury Cosmetic Box Manufacturer | Eco","isPartOf":{"@id":"https:\/\/www.chinatopack.com\/#website"},"primaryImageOfPage":{"@id":"https:\/\/www.chinatopack.com\/product\/factory-custom-printing-cosmetic-packaging-box-for-skin-care-perfume-products\/#primaryimage"},"image":{"@id":"https:\/\/www.chinatopack.com\/product\/factory-custom-printing-cosmetic-packaging-box-for-skin-care-perfume-products\/#primaryimage"},"thumbnailUrl":"https:\/\/www.chinatopack.com\/wp-content\/uploads\/2025\/06\/Factory-Custom-Printing-Packaging-Boxes-for-Skin-Care-Perfume-Products-1.webp","datePublished":"2025-06-16T11:14:27+00:00","dateModified":"2025-08-12T10:02:24+00:00","description":"Cosmetic Box Manufacturer: 20+ yrs crafting eco-luxury boxes w\/ foil\/embossing. Rigorous 3-stage QC & custom lead times. For premium beauty brands. Request quote!","breadcrumb":{"@id":"https:\/\/www.chinatopack.com\/product\/factory-custom-printing-cosmetic-packaging-box-for-skin-care-perfume-products\/#breadcrumb"},"inLanguage":"es","potentialAction":[{"@type":"ReadAction","target":["https:\/\/www.chinatopack.com\/product\/factory-custom-printing-cosmetic-packaging-box-for-skin-care-perfume-products\/"]}]},{"@type":"ImageObject","inLanguage":"es","@id":"https:\/\/www.chinatopack.com\/product\/factory-custom-printing-cosmetic-packaging-box-for-skin-care-perfume-products\/#primaryimage","url":"https:\/\/www.chinatopack.com\/wp-content\/uploads\/2025\/06\/Factory-Custom-Printing-Packaging-Boxes-for-Skin-Care-Perfume-Products-1.webp","contentUrl":"https:\/\/www.chinatopack.com\/wp-content\/uploads\/2025\/06\/Factory-Custom-Printing-Packaging-Boxes-for-Skin-Care-Perfume-Products-1.webp","width":800,"height":800,"caption":"Factory Custom Printing Packaging Boxes for Skin Care Perfume Products"},{"@type":"BreadcrumbList","@id":"https:\/\/www.chinatopack.com\/product\/factory-custom-printing-cosmetic-packaging-box-for-skin-care-perfume-products\/#breadcrumb","itemListElement":[{"@type":"ListItem","position":1,"name":"Home","item":"https:\/\/www.chinatopack.com\/"},{"@type":"ListItem","position":2,"name":"Products","item":"https:\/\/www.chinatopack.com\/shop\/"},{"@type":"ListItem","position":3,"name":"Factory Custom Printing Cosmetic Packaging Box For Skin Care Perfume Products"}]},{"@type":"WebSite","@id":"https:\/\/www.chinatopack.com\/#website","url":"https:\/\/www.chinatopack.com\/","name":"TOPACK Paper Boxes","description":"","publisher":{"@id":"https:\/\/www.chinatopack.com\/#organization"},"potentialAction":[{"@type":"SearchAction","target":{"@type":"EntryPoint","urlTemplate":"https:\/\/www.chinatopack.com\/?s={search_term_string}"},"query-input":"required name=search_term_string"}],"inLanguage":"es"},{"@type":"Organization","@id":"https:\/\/www.chinatopack.com\/#organization","name":"TOPACK Paper Boxes","url":"https:\/\/www.chinatopack.com\/","logo":{"@type":"ImageObject","inLanguage":"es","@id":"https:\/\/www.chinatopack.com\/#\/schema\/logo\/image\/","url":"https:\/\/www.chinatopack.com\/wp-content\/uploads\/2025\/11\/logo2.webp","contentUrl":"https:\/\/www.chinatopack.com\/wp-content\/uploads\/2025\/11\/logo2.webp","width":512,"height":512,"caption":"TOPACK Paper Boxes"},"image":{"@id":"https:\/\/www.chinatopack.com\/#\/schema\/logo\/image\/"},"sameAs":["https:\/\/www.facebook.com\/ChinaTopack\/","https:\/\/www.youtube.com\/@chinatopack"]}]}},"_links":{"self":[{"href":"https:\/\/www.chinatopack.com\/es\/wp-json\/wp\/v2\/product\/12467"}],"collection":[{"href":"https:\/\/www.chinatopack.com\/es\/wp-json\/wp\/v2\/product"}],"about":[{"href":"https:\/\/www.chinatopack.com\/es\/wp-json\/wp\/v2\/types\/product"}],"replies":[{"embeddable":true,"href":"https:\/\/www.chinatopack.com\/es\/wp-json\/wp\/v2\/comments?post=12467"}],"wp:featuredmedia":[{"embeddable":true,"href":"https:\/\/www.chinatopack.com\/es\/wp-json\/wp\/v2\/media\/12468"}],"wp:attachment":[{"href":"https:\/\/www.chinatopack.com\/es\/wp-json\/wp\/v2\/media?parent=12467"}],"wp:term":[{"taxonomy":"product_cat","embeddable":true,"href":"https:\/\/www.chinatopack.com\/es\/wp-json\/wp\/v2\/product_cat?post=12467"},{"taxonomy":"product_tag","embeddable":true,"href":"https:\/\/www.chinatopack.com\/es\/wp-json\/wp\/v2\/product_tag?post=12467"}],"curies":[{"name":"wp","href":"https:\/\/api.w.org\/{rel}","templated":true}]}}