{"id":12476,"date":"2025-06-16T11:29:19","date_gmt":"2025-06-16T11:29:19","guid":{"rendered":"https:\/\/www.chinatopack.com\/?post_type=product&#038;p=12476"},"modified":"2025-08-12T10:14:41","modified_gmt":"2025-08-12T10:14:41","slug":"custom-design-branded-packing-cosmetic-cosmetic-gift-boxes-packaging-skincare-packaging-box-with-window","status":"publish","type":"product","link":"https:\/\/www.chinatopack.com\/es\/producto\/custom-design-branded-packing-cosmetic-cosmetic-gift-boxes-packaging-skincare-packaging-box-with-window\/","title":{"rendered":"Custom Design Branded Embalaje Cosm\u00e9ticos Cajas de Regalo Cosm\u00e9ticos Embalaje Skincare Caja De Embalaje Con Ventana"},"content":{"rendered":"<h2>Cajas de papel premium para cosm\u00e9ticos<\/h2>\n<h3>Elegancia, calidad y sostenibilidad<\/h3>\n<p>Cada detalle de nuestro <a href=\"https:\/\/www.chinatopack.com\/es\/producto\/custom-design-branded-packing-cosmetic-cosmetic-gift-boxes-packaging-skincare-packaging-box-with-window\/\"><strong>cajas de regalo para cosm\u00e9ticos<\/strong><\/a> refleja una excelencia sin concesiones. Desde el cart\u00f3n con certificaci\u00f3n FSC hasta las tintas a base de soja, combinamos materiales sostenibles con la artesan\u00eda. Cada pieza se somete a 12 controles de calidad durante la producci\u00f3n, lo que garantiza una integridad estructural impecable y la perfecci\u00f3n de la impresi\u00f3n. Nuestro plazo de entrega est\u00e1ndar de 10 a 15 d\u00edas se adapta a la mayor\u00eda de los pedidos, con un servicio acelerado de 7 d\u00edas disponible para campa\u00f1as urgentes.<\/p>\n<h3>Dise\u00f1ado para marcas exigentes<\/h3>\n<p>&#8211; Luxury skincare &amp; makeup collections<br \/>\n&#8211; Limited-edition holiday sets<br \/>\n&#8211; Organic beauty product lines<br \/>\n&#8211; Prestige fragrance packaging<\/p>\n<h3>Por qu\u00e9 elegirnos<\/h3>\n<p>Cierres e insertos magn\u00e9ticos personalizados, <a href=\"https:\/\/www.chinatopack.com\/es\/\"><strong>estuche cosm\u00e9tico personalizado<\/strong><\/a> disponible<br \/>\nGofrado 3D y estampaci\u00f3n en caliente<br \/>\nEmbalaje protector listo para la venta al por menor<br \/>\nAumenta el valor percibido en 40% (datos de estudios de mercado)<br \/>\nRevestimientos resistentes a los ara\u00f1azos para un brillo duradero<\/p>\n<p>Como personalizaci\u00f3n <a href=\"https:\/\/www.chinatopack.com\/es\/about-us\/\"><strong>fabricantes de cajas de cosm\u00e9ticos<\/strong><\/a> con m\u00e1s de 20 a\u00f1os de experiencia, podemos proporcionar asesoramiento profesional, y otros tipos de envases. <a href=\"https:\/\/www.chinatopack.com\/es\/category\/cosmetic-box\/\"><strong>cajas de cosm\u00e9ticos<\/strong><\/a>Cajas plegables, cajas con forma de libro, etc. Para garantizar la calidad, nuestro equipo de inspecci\u00f3n de calidad no s\u00f3lo inspeccionar\u00e1 el producto acabado, sino que tambi\u00e9n realizar\u00e1 la inspecci\u00f3n de entrada y la inspecci\u00f3n del proceso. Todos los <a href=\"https:\/\/www.chinatopack.com\/es\/etiqueta-producto\/cosmetic-kit-box\/\"><strong>estuche de cosm\u00e9ticos<\/strong><\/a> se embalar\u00e1n en una caja de cart\u00f3n kraft de cinco capas antes del transporte para garantizar que no sufran da\u00f1os durante el mismo.<\/p>\n<h2>Im\u00e1genes del producto<\/h2>\n<p><img loading=\"lazy\" decoding=\"async\" class=\"size-full wp-image-12478 aligncenter\" data-src=\"https:\/\/www.chinatopack.com\/wp-content\/uploads\/2025\/06\/Custom-Design-Branded-Packing-Cosmetic-Gift-Packaging-Skincare-Packaging-Box-With-Window-9.webp\" alt=\"Dise\u00f1o personalizado Marca Embalaje Cosm\u00e9ticos Regalo Embalaje Skincare Caja de embalaje con ventana\" width=\"800\" height=\"800\" srcset=\"https:\/\/www.chinatopack.com\/wp-content\/uploads\/2025\/06\/Custom-Design-Branded-Packing-Cosmetic-Gift-Packaging-Skincare-Packaging-Box-With-Window-9.webp 800w, https:\/\/www.chinatopack.com\/wp-content\/uploads\/2025\/06\/Custom-Design-Branded-Packing-Cosmetic-Gift-Packaging-Skincare-Packaging-Box-With-Window-9-480x480.webp 480w\" sizes=\"(min-width: 0px) and (max-width: 480px) 480px, (min-width: 481px) 800px, 100vw\" \/> <img loading=\"lazy\" decoding=\"async\" class=\"size-full wp-image-12479 aligncenter\" data-src=\"https:\/\/www.chinatopack.com\/wp-content\/uploads\/2025\/06\/Custom-Design-Branded-Packing-Cosmetic-Gift-Packaging-Skincare-Packaging-Box-With-Window-2.webp\" alt=\"Dise\u00f1o personalizado Marca Embalaje Cosm\u00e9ticos Regalo Embalaje Skincare Caja de embalaje con ventana\" width=\"800\" height=\"800\" srcset=\"https:\/\/www.chinatopack.com\/wp-content\/uploads\/2025\/06\/Custom-Design-Branded-Packing-Cosmetic-Gift-Packaging-Skincare-Packaging-Box-With-Window-2.webp 800w, https:\/\/www.chinatopack.com\/wp-content\/uploads\/2025\/06\/Custom-Design-Branded-Packing-Cosmetic-Gift-Packaging-Skincare-Packaging-Box-With-Window-2-480x480.webp 480w\" sizes=\"(min-width: 0px) and (max-width: 480px) 480px, (min-width: 481px) 800px, 100vw\" \/> <img loading=\"lazy\" decoding=\"async\" class=\"size-full wp-image-12477 aligncenter\" data-src=\"https:\/\/www.chinatopack.com\/wp-content\/uploads\/2025\/06\/Custom-Design-Branded-Packing-Cosmetic-Gift-Packaging-Skincare-Packaging-Box-With-Window-1.webp\" alt=\"Dise\u00f1o personalizado Marca Embalaje Cosm\u00e9ticos Regalo Embalaje Skincare Caja de embalaje con ventana\" width=\"800\" height=\"800\" srcset=\"https:\/\/www.chinatopack.com\/wp-content\/uploads\/2025\/06\/Custom-Design-Branded-Packing-Cosmetic-Gift-Packaging-Skincare-Packaging-Box-With-Window-1.webp 800w, https:\/\/www.chinatopack.com\/wp-content\/uploads\/2025\/06\/Custom-Design-Branded-Packing-Cosmetic-Gift-Packaging-Skincare-Packaging-Box-With-Window-1-480x480.webp 480w\" sizes=\"(min-width: 0px) and (max-width: 480px) 480px, (min-width: 481px) 800px, 100vw\" \/><\/p>","protected":false},"excerpt":{"rendered":"<p>Cubierta parcial<br \/>\nUna caja de regalo cl\u00e1sica con ventana en la tapa para mostrar los productos del interior. Perfecta para exponer productos en estanter\u00edas.<\/p>","protected":false},"featured_media":12477,"comment_status":"closed","ping_status":"closed","template":"","meta":{"_et_pb_use_builder":"","_et_pb_old_content":"","_et_gb_content_width":""},"product_cat":[309],"product_tag":[298],"yoast_head":"<!-- This site is optimized with the Yoast SEO plugin v22.7 - https:\/\/yoast.com\/wordpress\/plugins\/seo\/ -->\n<title>Premium Cosmetic Gift Boxes Manufacturer | Luxury in China<\/title>\n<meta name=\"description\" content=\"Cosmetic Gift Boxes Manufacturer: FSC-certified luxury boxes w\/ 3D foil stamping &amp; scratch-resistant coating. 40% value boost. 20+ yrs, 12-step QC. Request quote!\" \/>\n<meta name=\"robots\" content=\"index, follow, max-snippet:-1, max-image-preview:large, max-video-preview:-1\" \/>\n<link rel=\"canonical\" href=\"https:\/\/www.chinatopack.com\/es\/producto\/custom-design-branded-packing-cosmetic-cosmetic-gift-boxes-packaging-skincare-packaging-box-with-window\/\" \/>\n<meta property=\"og:locale\" content=\"es_ES\" \/>\n<meta property=\"og:type\" content=\"article\" \/>\n<meta property=\"og:title\" content=\"Premium Cosmetic Gift Boxes Manufacturer | Luxury in China\" \/>\n<meta property=\"og:description\" content=\"Cosmetic Gift Boxes Manufacturer: FSC-certified luxury boxes w\/ 3D foil stamping &amp; scratch-resistant coating. 40% value boost. 20+ yrs, 12-step QC. Request quote!\" \/>\n<meta property=\"og:url\" content=\"https:\/\/www.chinatopack.com\/es\/producto\/custom-design-branded-packing-cosmetic-cosmetic-gift-boxes-packaging-skincare-packaging-box-with-window\/\" \/>\n<meta property=\"og:site_name\" content=\"TOPACK Paper Boxes\" \/>\n<meta property=\"article:publisher\" content=\"https:\/\/www.facebook.com\/ChinaTopack\/\" \/>\n<meta property=\"article:modified_time\" content=\"2025-08-12T10:14:41+00:00\" \/>\n<meta property=\"og:image\" content=\"https:\/\/www.chinatopack.com\/wp-content\/uploads\/2025\/06\/Custom-Design-Branded-Packing-Cosmetic-Gift-Packaging-Skincare-Packaging-Box-With-Window-1.webp\" \/>\n\t<meta property=\"og:image:width\" content=\"800\" \/>\n\t<meta property=\"og:image:height\" content=\"800\" \/>\n\t<meta property=\"og:image:type\" content=\"image\/webp\" \/>\n<meta name=\"twitter:card\" content=\"summary_large_image\" \/>\n<meta name=\"twitter:label1\" content=\"Tiempo de lectura\" \/>\n\t<meta name=\"twitter:data1\" content=\"2 minutos\" \/>\n<script type=\"application\/ld+json\" class=\"yoast-schema-graph\">{\"@context\":\"https:\/\/schema.org\",\"@graph\":[{\"@type\":\"WebPage\",\"@id\":\"https:\/\/www.chinatopack.com\/product\/custom-design-branded-packing-cosmetic-cosmetic-gift-boxes-packaging-skincare-packaging-box-with-window\/\",\"url\":\"https:\/\/www.chinatopack.com\/product\/custom-design-branded-packing-cosmetic-cosmetic-gift-boxes-packaging-skincare-packaging-box-with-window\/\",\"name\":\"Premium Cosmetic Gift Boxes Manufacturer | Luxury in China\",\"isPartOf\":{\"@id\":\"https:\/\/www.chinatopack.com\/#website\"},\"primaryImageOfPage\":{\"@id\":\"https:\/\/www.chinatopack.com\/product\/custom-design-branded-packing-cosmetic-cosmetic-gift-boxes-packaging-skincare-packaging-box-with-window\/#primaryimage\"},\"image\":{\"@id\":\"https:\/\/www.chinatopack.com\/product\/custom-design-branded-packing-cosmetic-cosmetic-gift-boxes-packaging-skincare-packaging-box-with-window\/#primaryimage\"},\"thumbnailUrl\":\"https:\/\/www.chinatopack.com\/wp-content\/uploads\/2025\/06\/Custom-Design-Branded-Packing-Cosmetic-Gift-Packaging-Skincare-Packaging-Box-With-Window-1.webp\",\"datePublished\":\"2025-06-16T11:29:19+00:00\",\"dateModified\":\"2025-08-12T10:14:41+00:00\",\"description\":\"Cosmetic Gift Boxes Manufacturer: FSC-certified luxury boxes w\/ 3D foil stamping & scratch-resistant coating. 40% value boost. 20+ yrs, 12-step QC. Request quote!\",\"breadcrumb\":{\"@id\":\"https:\/\/www.chinatopack.com\/product\/custom-design-branded-packing-cosmetic-cosmetic-gift-boxes-packaging-skincare-packaging-box-with-window\/#breadcrumb\"},\"inLanguage\":\"es\",\"potentialAction\":[{\"@type\":\"ReadAction\",\"target\":[\"https:\/\/www.chinatopack.com\/product\/custom-design-branded-packing-cosmetic-cosmetic-gift-boxes-packaging-skincare-packaging-box-with-window\/\"]}]},{\"@type\":\"ImageObject\",\"inLanguage\":\"es\",\"@id\":\"https:\/\/www.chinatopack.com\/product\/custom-design-branded-packing-cosmetic-cosmetic-gift-boxes-packaging-skincare-packaging-box-with-window\/#primaryimage\",\"url\":\"https:\/\/www.chinatopack.com\/wp-content\/uploads\/2025\/06\/Custom-Design-Branded-Packing-Cosmetic-Gift-Packaging-Skincare-Packaging-Box-With-Window-1.webp\",\"contentUrl\":\"https:\/\/www.chinatopack.com\/wp-content\/uploads\/2025\/06\/Custom-Design-Branded-Packing-Cosmetic-Gift-Packaging-Skincare-Packaging-Box-With-Window-1.webp\",\"width\":800,\"height\":800,\"caption\":\"Custom Design Branded Packing Cosmetic Gift Packaging Skincare Packaging Box With Window\"},{\"@type\":\"BreadcrumbList\",\"@id\":\"https:\/\/www.chinatopack.com\/product\/custom-design-branded-packing-cosmetic-cosmetic-gift-boxes-packaging-skincare-packaging-box-with-window\/#breadcrumb\",\"itemListElement\":[{\"@type\":\"ListItem\",\"position\":1,\"name\":\"Home\",\"item\":\"https:\/\/www.chinatopack.com\/\"},{\"@type\":\"ListItem\",\"position\":2,\"name\":\"Products\",\"item\":\"https:\/\/www.chinatopack.com\/shop\/\"},{\"@type\":\"ListItem\",\"position\":3,\"name\":\"Custom Design Branded Packing Cosmetic Cosmetic Gift Boxes Packaging Skincare Packaging Box With Window\"}]},{\"@type\":\"WebSite\",\"@id\":\"https:\/\/www.chinatopack.com\/#website\",\"url\":\"https:\/\/www.chinatopack.com\/\",\"name\":\"TOPACK Paper Boxes\",\"description\":\"\",\"publisher\":{\"@id\":\"https:\/\/www.chinatopack.com\/#organization\"},\"potentialAction\":[{\"@type\":\"SearchAction\",\"target\":{\"@type\":\"EntryPoint\",\"urlTemplate\":\"https:\/\/www.chinatopack.com\/?s={search_term_string}\"},\"query-input\":\"required name=search_term_string\"}],\"inLanguage\":\"es\"},{\"@type\":\"Organization\",\"@id\":\"https:\/\/www.chinatopack.com\/#organization\",\"name\":\"TOPACK Paper Boxes\",\"url\":\"https:\/\/www.chinatopack.com\/\",\"logo\":{\"@type\":\"ImageObject\",\"inLanguage\":\"es\",\"@id\":\"https:\/\/www.chinatopack.com\/#\/schema\/logo\/image\/\",\"url\":\"https:\/\/www.chinatopack.com\/wp-content\/uploads\/2025\/11\/logo2.webp\",\"contentUrl\":\"https:\/\/www.chinatopack.com\/wp-content\/uploads\/2025\/11\/logo2.webp\",\"width\":512,\"height\":512,\"caption\":\"TOPACK Paper Boxes\"},\"image\":{\"@id\":\"https:\/\/www.chinatopack.com\/#\/schema\/logo\/image\/\"},\"sameAs\":[\"https:\/\/www.facebook.com\/ChinaTopack\/\",\"https:\/\/www.youtube.com\/@chinatopack\"]}]}<\/script>\n<!-- \/ Yoast SEO plugin. -->","yoast_head_json":{"title":"Premium Cosmetic Gift Boxes Manufacturer | Luxury in China","description":"Cosmetic Gift Boxes Manufacturer: FSC-certified luxury boxes w\/ 3D foil stamping & scratch-resistant coating. 40% value boost. 20+ yrs, 12-step QC. Request quote!","robots":{"index":"index","follow":"follow","max-snippet":"max-snippet:-1","max-image-preview":"max-image-preview:large","max-video-preview":"max-video-preview:-1"},"canonical":"https:\/\/www.chinatopack.com\/es\/producto\/custom-design-branded-packing-cosmetic-cosmetic-gift-boxes-packaging-skincare-packaging-box-with-window\/","og_locale":"es_ES","og_type":"article","og_title":"Premium Cosmetic Gift Boxes Manufacturer | Luxury in China","og_description":"Cosmetic Gift Boxes Manufacturer: FSC-certified luxury boxes w\/ 3D foil stamping & scratch-resistant coating. 40% value boost. 20+ yrs, 12-step QC. Request quote!","og_url":"https:\/\/www.chinatopack.com\/es\/producto\/custom-design-branded-packing-cosmetic-cosmetic-gift-boxes-packaging-skincare-packaging-box-with-window\/","og_site_name":"TOPACK Paper Boxes","article_publisher":"https:\/\/www.facebook.com\/ChinaTopack\/","article_modified_time":"2025-08-12T10:14:41+00:00","og_image":[{"width":800,"height":800,"url":"https:\/\/www.chinatopack.com\/wp-content\/uploads\/2025\/06\/Custom-Design-Branded-Packing-Cosmetic-Gift-Packaging-Skincare-Packaging-Box-With-Window-1.webp","type":"image\/webp"}],"twitter_card":"summary_large_image","twitter_misc":{"Tiempo de lectura":"2 minutos"},"schema":{"@context":"https:\/\/schema.org","@graph":[{"@type":"WebPage","@id":"https:\/\/www.chinatopack.com\/product\/custom-design-branded-packing-cosmetic-cosmetic-gift-boxes-packaging-skincare-packaging-box-with-window\/","url":"https:\/\/www.chinatopack.com\/product\/custom-design-branded-packing-cosmetic-cosmetic-gift-boxes-packaging-skincare-packaging-box-with-window\/","name":"Premium Cosmetic Gift Boxes Manufacturer | Luxury in China","isPartOf":{"@id":"https:\/\/www.chinatopack.com\/#website"},"primaryImageOfPage":{"@id":"https:\/\/www.chinatopack.com\/product\/custom-design-branded-packing-cosmetic-cosmetic-gift-boxes-packaging-skincare-packaging-box-with-window\/#primaryimage"},"image":{"@id":"https:\/\/www.chinatopack.com\/product\/custom-design-branded-packing-cosmetic-cosmetic-gift-boxes-packaging-skincare-packaging-box-with-window\/#primaryimage"},"thumbnailUrl":"https:\/\/www.chinatopack.com\/wp-content\/uploads\/2025\/06\/Custom-Design-Branded-Packing-Cosmetic-Gift-Packaging-Skincare-Packaging-Box-With-Window-1.webp","datePublished":"2025-06-16T11:29:19+00:00","dateModified":"2025-08-12T10:14:41+00:00","description":"Cosmetic Gift Boxes Manufacturer: FSC-certified luxury boxes w\/ 3D foil stamping & scratch-resistant coating. 40% value boost. 20+ yrs, 12-step QC. Request quote!","breadcrumb":{"@id":"https:\/\/www.chinatopack.com\/product\/custom-design-branded-packing-cosmetic-cosmetic-gift-boxes-packaging-skincare-packaging-box-with-window\/#breadcrumb"},"inLanguage":"es","potentialAction":[{"@type":"ReadAction","target":["https:\/\/www.chinatopack.com\/product\/custom-design-branded-packing-cosmetic-cosmetic-gift-boxes-packaging-skincare-packaging-box-with-window\/"]}]},{"@type":"ImageObject","inLanguage":"es","@id":"https:\/\/www.chinatopack.com\/product\/custom-design-branded-packing-cosmetic-cosmetic-gift-boxes-packaging-skincare-packaging-box-with-window\/#primaryimage","url":"https:\/\/www.chinatopack.com\/wp-content\/uploads\/2025\/06\/Custom-Design-Branded-Packing-Cosmetic-Gift-Packaging-Skincare-Packaging-Box-With-Window-1.webp","contentUrl":"https:\/\/www.chinatopack.com\/wp-content\/uploads\/2025\/06\/Custom-Design-Branded-Packing-Cosmetic-Gift-Packaging-Skincare-Packaging-Box-With-Window-1.webp","width":800,"height":800,"caption":"Custom Design Branded Packing Cosmetic Gift Packaging Skincare Packaging Box With Window"},{"@type":"BreadcrumbList","@id":"https:\/\/www.chinatopack.com\/product\/custom-design-branded-packing-cosmetic-cosmetic-gift-boxes-packaging-skincare-packaging-box-with-window\/#breadcrumb","itemListElement":[{"@type":"ListItem","position":1,"name":"Home","item":"https:\/\/www.chinatopack.com\/"},{"@type":"ListItem","position":2,"name":"Products","item":"https:\/\/www.chinatopack.com\/shop\/"},{"@type":"ListItem","position":3,"name":"Custom Design Branded Packing Cosmetic Cosmetic Gift Boxes Packaging Skincare Packaging Box With Window"}]},{"@type":"WebSite","@id":"https:\/\/www.chinatopack.com\/#website","url":"https:\/\/www.chinatopack.com\/","name":"TOPACK Paper Boxes","description":"","publisher":{"@id":"https:\/\/www.chinatopack.com\/#organization"},"potentialAction":[{"@type":"SearchAction","target":{"@type":"EntryPoint","urlTemplate":"https:\/\/www.chinatopack.com\/?s={search_term_string}"},"query-input":"required name=search_term_string"}],"inLanguage":"es"},{"@type":"Organization","@id":"https:\/\/www.chinatopack.com\/#organization","name":"TOPACK Paper Boxes","url":"https:\/\/www.chinatopack.com\/","logo":{"@type":"ImageObject","inLanguage":"es","@id":"https:\/\/www.chinatopack.com\/#\/schema\/logo\/image\/","url":"https:\/\/www.chinatopack.com\/wp-content\/uploads\/2025\/11\/logo2.webp","contentUrl":"https:\/\/www.chinatopack.com\/wp-content\/uploads\/2025\/11\/logo2.webp","width":512,"height":512,"caption":"TOPACK Paper Boxes"},"image":{"@id":"https:\/\/www.chinatopack.com\/#\/schema\/logo\/image\/"},"sameAs":["https:\/\/www.facebook.com\/ChinaTopack\/","https:\/\/www.youtube.com\/@chinatopack"]}]}},"_links":{"self":[{"href":"https:\/\/www.chinatopack.com\/es\/wp-json\/wp\/v2\/product\/12476"}],"collection":[{"href":"https:\/\/www.chinatopack.com\/es\/wp-json\/wp\/v2\/product"}],"about":[{"href":"https:\/\/www.chinatopack.com\/es\/wp-json\/wp\/v2\/types\/product"}],"replies":[{"embeddable":true,"href":"https:\/\/www.chinatopack.com\/es\/wp-json\/wp\/v2\/comments?post=12476"}],"wp:featuredmedia":[{"embeddable":true,"href":"https:\/\/www.chinatopack.com\/es\/wp-json\/wp\/v2\/media\/12477"}],"wp:attachment":[{"href":"https:\/\/www.chinatopack.com\/es\/wp-json\/wp\/v2\/media?parent=12476"}],"wp:term":[{"taxonomy":"product_cat","embeddable":true,"href":"https:\/\/www.chinatopack.com\/es\/wp-json\/wp\/v2\/product_cat?post=12476"},{"taxonomy":"product_tag","embeddable":true,"href":"https:\/\/www.chinatopack.com\/es\/wp-json\/wp\/v2\/product_tag?post=12476"}],"curies":[{"name":"wp","href":"https:\/\/api.w.org\/{rel}","templated":true}]}}