{"id":12493,"date":"2025-06-16T12:06:23","date_gmt":"2025-06-16T12:06:23","guid":{"rendered":"https:\/\/www.chinatopack.com\/?post_type=product&#038;p=12493"},"modified":"2025-08-12T10:24:41","modified_gmt":"2025-08-12T10:24:41","slug":"customize-printing-logo-cosmetic-packaging-paper-folding-kraft-paper-gift-boxes-for-perfume","status":"publish","type":"product","link":"https:\/\/www.chinatopack.com\/es\/producto\/customize-printing-logo-cosmetic-packaging-paper-folding-kraft-paper-gift-boxes-for-perfume\/","title":{"rendered":"Personalizar la impresi\u00f3n del logotipo de cosm\u00e9ticos de embalaje de papel plegable de papel kraft cajas de regalo para el perfume"},"content":{"rendered":"<h2>Cajas de papel personalizadas premium: Elegancia y funcionalidad redefinidas<\/h2>\n<p>Eleve su marca con lujo <a href=\"https:\/\/www.chinatopack.com\/es\/category\/custom-paper-box\/\"><strong>cajas de regalo de papel personalizadas<\/strong><\/a>, meticulosamente elaborados para exhibir sus productos con sofisticaci\u00f3n. Ideales para cosm\u00e9ticos, joyer\u00eda, electr\u00f3nica, alimentos gourmet y regalos de gama alta, nuestras soluciones de envasado combinan una protecci\u00f3n superior con una est\u00e9tica refinada.<\/p>\n<h3>Dise\u00f1os y aplicaciones a medida<\/h3>\n<p>En <a href=\"https:\/\/www.chinatopack.com\/es\/producto\/customize-printing-logo-cosmetic-packaging-paper-folding-kraft-paper-gift-boxes-for-perfume\/\"><strong>Cajas de regalo de papel kraft<\/strong><\/a>\u00a0Elija entre cajas r\u00edgidas, cajas con cierre magn\u00e9tico, cajas tipo caj\u00f3n o cajas plegables, cada una de ellas personalizable en tama\u00f1o, forma y estructura. Para art\u00edculos delicados como perfumes o cristaler\u00eda, recomendamos inserciones de espuma o forro de terciopelo para evitar que se muevan. Para chocolates o cosm\u00e9ticos de primera calidad, el pl\u00e1stico PET del <a href=\"https:\/\/www.chinatopack.com\/es\/etiqueta-producto\/paper-jewelry-boxes\/\"><strong>joyeros de papel<\/strong><\/a> La bandeja o los insertos de pasta moldeada garantizan una colocaci\u00f3n segura sin perder elegancia.<\/p>\n<h3>Materiales de primera calidad y sostenibilidad<\/h3>\n<p>En <a href=\"https:\/\/www.chinatopack.com\/es\/\"><strong>cajas de papel al por mayor<\/strong><\/a> Elija entre papel art\u00edstico mate\/brillante, papel kraft texturizado o cart\u00f3n reciclado respetuoso con el medio ambiente, con opciones de plastificado suave al tacto, UV directo o logotipos en relieve para una sensaci\u00f3n t\u00e1ctil de lujo.<\/p>\n<h3>Acabados y artesan\u00eda exquisitos<\/h3>\n<p>Mejore su <a href=\"https:\/\/www.chinatopack.com\/es\/about-us\/\"><strong>cajas de papel a medida<\/strong> <\/a>con estampado en caliente, gofrado, troquelado personalizado o flocado interior para una experiencia unboxing de alta gama.<\/p>\n<h3>Proceso de producci\u00f3n de precisi\u00f3n<\/h3>\n<p>1.Consulta de dise\u00f1o - Dise\u00f1o estructural y gr\u00e1fico a medida.<br \/>\n2.Selecci\u00f3n de materiales e insertos: protecci\u00f3n \u00f3ptima con insertos de primera calidad.<br \/>\n3.Impresi\u00f3n de alta gama: colores vivos y acabados especiales.<br \/>\n4.Montaje manual y control de calidad: atenci\u00f3n meticulosa a los detalles.<\/p>\n<p>Cause una impresi\u00f3n duradera con <a href=\"https:\/\/www.chinatopack.com\/es\/etiqueta-producto\/paper-boxes-for-jewelry\/\"><strong>cajas de papel para joyas<\/strong><\/a> que protege, promociona y perfecciona su marca. P\u00f3ngase en contacto con nosotros hoy mismo para obtener soluciones a medida.<\/p>\n<h2>Im\u00e1genes del producto<\/h2>\n<p><img loading=\"lazy\" decoding=\"async\" class=\"size-full wp-image-12502 aligncenter\" data-src=\"https:\/\/www.chinatopack.com\/wp-content\/uploads\/2025\/06\/Customize-Printing-Logo-Cosmetic-Packaging-Paper-Folding-Box-For-Perfume-8.webp\" alt=\"Personalizar la impresi\u00f3n del logotipo cosm\u00e9ticos envases de papel plegable caja de perfume\" width=\"800\" height=\"800\" srcset=\"https:\/\/www.chinatopack.com\/wp-content\/uploads\/2025\/06\/Customize-Printing-Logo-Cosmetic-Packaging-Paper-Folding-Box-For-Perfume-8.webp 800w, https:\/\/www.chinatopack.com\/wp-content\/uploads\/2025\/06\/Customize-Printing-Logo-Cosmetic-Packaging-Paper-Folding-Box-For-Perfume-8-480x480.webp 480w\" sizes=\"(min-width: 0px) and (max-width: 480px) 480px, (min-width: 481px) 800px, 100vw\" \/><\/p>","protected":false},"excerpt":{"rendered":"<p>Las cajas personalizadas con bisagras son una forma elegante de empaquetar sus productos sin la molestia de una tapa suelta. Estas cajas cuentan con una tapa con bisagras que permite a los clientes abrir la caja de forma lujosa y a usted le ofrece una forma c\u00f3moda de exponer los productos.<\/p>","protected":false},"featured_media":12494,"comment_status":"closed","ping_status":"closed","template":"","meta":{"_et_pb_use_builder":"","_et_pb_old_content":"","_et_gb_content_width":""},"product_cat":[280],"product_tag":[287,286],"yoast_head":"<!-- This site is optimized with the Yoast SEO plugin v22.7 - https:\/\/yoast.com\/wordpress\/plugins\/seo\/ -->\n<title>Luxury Kraft Paper Gift Boxes Supplier | Eco &amp; Custom in China<\/title>\n<meta name=\"description\" content=\"Supplier of Kraft Paper Gift Boxes: Eco kraft\/recycled materials, foil\/embossing &amp; precision inserts. For cosmetics\/jewelry brands. Request quote!\" \/>\n<meta name=\"robots\" content=\"index, follow, max-snippet:-1, max-image-preview:large, max-video-preview:-1\" \/>\n<link rel=\"canonical\" href=\"https:\/\/www.chinatopack.com\/es\/producto\/customize-printing-logo-cosmetic-packaging-paper-folding-kraft-paper-gift-boxes-for-perfume\/\" \/>\n<meta property=\"og:locale\" content=\"es_ES\" \/>\n<meta property=\"og:type\" content=\"article\" \/>\n<meta property=\"og:title\" content=\"Luxury Kraft Paper Gift Boxes Supplier | Eco &amp; Custom in China\" \/>\n<meta property=\"og:description\" content=\"Supplier of Kraft Paper Gift Boxes: Eco kraft\/recycled materials, foil\/embossing &amp; precision inserts. For cosmetics\/jewelry brands. Request quote!\" \/>\n<meta property=\"og:url\" content=\"https:\/\/www.chinatopack.com\/es\/producto\/customize-printing-logo-cosmetic-packaging-paper-folding-kraft-paper-gift-boxes-for-perfume\/\" \/>\n<meta property=\"og:site_name\" content=\"TOPACK Paper Boxes\" \/>\n<meta property=\"article:publisher\" content=\"https:\/\/www.facebook.com\/ChinaTopack\/\" \/>\n<meta property=\"article:modified_time\" content=\"2025-08-12T10:24:41+00:00\" \/>\n<meta property=\"og:image\" content=\"https:\/\/www.chinatopack.com\/wp-content\/uploads\/2025\/06\/Customize-Printing-Logo-Cosmetic-Packaging-Paper-Folding-Box-For-Perfume-1.webp\" \/>\n\t<meta property=\"og:image:width\" content=\"800\" \/>\n\t<meta property=\"og:image:height\" content=\"800\" \/>\n\t<meta property=\"og:image:type\" content=\"image\/webp\" \/>\n<meta name=\"twitter:card\" content=\"summary_large_image\" \/>\n<meta name=\"twitter:label1\" content=\"Tiempo de lectura\" \/>\n\t<meta name=\"twitter:data1\" content=\"2 minutos\" \/>\n<script type=\"application\/ld+json\" class=\"yoast-schema-graph\">{\"@context\":\"https:\/\/schema.org\",\"@graph\":[{\"@type\":\"WebPage\",\"@id\":\"https:\/\/www.chinatopack.com\/product\/customize-printing-logo-cosmetic-packaging-paper-folding-kraft-paper-gift-boxes-for-perfume\/\",\"url\":\"https:\/\/www.chinatopack.com\/product\/customize-printing-logo-cosmetic-packaging-paper-folding-kraft-paper-gift-boxes-for-perfume\/\",\"name\":\"Luxury Kraft Paper Gift Boxes Supplier | Eco & Custom in China\",\"isPartOf\":{\"@id\":\"https:\/\/www.chinatopack.com\/#website\"},\"primaryImageOfPage\":{\"@id\":\"https:\/\/www.chinatopack.com\/product\/customize-printing-logo-cosmetic-packaging-paper-folding-kraft-paper-gift-boxes-for-perfume\/#primaryimage\"},\"image\":{\"@id\":\"https:\/\/www.chinatopack.com\/product\/customize-printing-logo-cosmetic-packaging-paper-folding-kraft-paper-gift-boxes-for-perfume\/#primaryimage\"},\"thumbnailUrl\":\"https:\/\/www.chinatopack.com\/wp-content\/uploads\/2025\/06\/Customize-Printing-Logo-Cosmetic-Packaging-Paper-Folding-Box-For-Perfume-1.webp\",\"datePublished\":\"2025-06-16T12:06:23+00:00\",\"dateModified\":\"2025-08-12T10:24:41+00:00\",\"description\":\"Supplier of Kraft Paper Gift Boxes: Eco kraft\/recycled materials, foil\/embossing & precision inserts. For cosmetics\/jewelry brands. Request quote!\",\"breadcrumb\":{\"@id\":\"https:\/\/www.chinatopack.com\/product\/customize-printing-logo-cosmetic-packaging-paper-folding-kraft-paper-gift-boxes-for-perfume\/#breadcrumb\"},\"inLanguage\":\"es\",\"potentialAction\":[{\"@type\":\"ReadAction\",\"target\":[\"https:\/\/www.chinatopack.com\/product\/customize-printing-logo-cosmetic-packaging-paper-folding-kraft-paper-gift-boxes-for-perfume\/\"]}]},{\"@type\":\"ImageObject\",\"inLanguage\":\"es\",\"@id\":\"https:\/\/www.chinatopack.com\/product\/customize-printing-logo-cosmetic-packaging-paper-folding-kraft-paper-gift-boxes-for-perfume\/#primaryimage\",\"url\":\"https:\/\/www.chinatopack.com\/wp-content\/uploads\/2025\/06\/Customize-Printing-Logo-Cosmetic-Packaging-Paper-Folding-Box-For-Perfume-1.webp\",\"contentUrl\":\"https:\/\/www.chinatopack.com\/wp-content\/uploads\/2025\/06\/Customize-Printing-Logo-Cosmetic-Packaging-Paper-Folding-Box-For-Perfume-1.webp\",\"width\":800,\"height\":800,\"caption\":\"Customize Printing Logo Cosmetic Packaging Paper Folding Box For Perfume\"},{\"@type\":\"BreadcrumbList\",\"@id\":\"https:\/\/www.chinatopack.com\/product\/customize-printing-logo-cosmetic-packaging-paper-folding-kraft-paper-gift-boxes-for-perfume\/#breadcrumb\",\"itemListElement\":[{\"@type\":\"ListItem\",\"position\":1,\"name\":\"Home\",\"item\":\"https:\/\/www.chinatopack.com\/\"},{\"@type\":\"ListItem\",\"position\":2,\"name\":\"Products\",\"item\":\"https:\/\/www.chinatopack.com\/shop\/\"},{\"@type\":\"ListItem\",\"position\":3,\"name\":\"Customize Printing Logo Cosmetic Packaging Paper Folding Kraft Paper Gift Boxes For Perfume\"}]},{\"@type\":\"WebSite\",\"@id\":\"https:\/\/www.chinatopack.com\/#website\",\"url\":\"https:\/\/www.chinatopack.com\/\",\"name\":\"TOPACK Paper Boxes\",\"description\":\"\",\"publisher\":{\"@id\":\"https:\/\/www.chinatopack.com\/#organization\"},\"potentialAction\":[{\"@type\":\"SearchAction\",\"target\":{\"@type\":\"EntryPoint\",\"urlTemplate\":\"https:\/\/www.chinatopack.com\/?s={search_term_string}\"},\"query-input\":\"required name=search_term_string\"}],\"inLanguage\":\"es\"},{\"@type\":\"Organization\",\"@id\":\"https:\/\/www.chinatopack.com\/#organization\",\"name\":\"TOPACK Paper Boxes\",\"url\":\"https:\/\/www.chinatopack.com\/\",\"logo\":{\"@type\":\"ImageObject\",\"inLanguage\":\"es\",\"@id\":\"https:\/\/www.chinatopack.com\/#\/schema\/logo\/image\/\",\"url\":\"https:\/\/www.chinatopack.com\/wp-content\/uploads\/2025\/11\/logo2.webp\",\"contentUrl\":\"https:\/\/www.chinatopack.com\/wp-content\/uploads\/2025\/11\/logo2.webp\",\"width\":512,\"height\":512,\"caption\":\"TOPACK Paper Boxes\"},\"image\":{\"@id\":\"https:\/\/www.chinatopack.com\/#\/schema\/logo\/image\/\"},\"sameAs\":[\"https:\/\/www.facebook.com\/ChinaTopack\/\",\"https:\/\/www.youtube.com\/@chinatopack\"]}]}<\/script>\n<!-- \/ Yoast SEO plugin. -->","yoast_head_json":{"title":"Luxury Kraft Paper Gift Boxes Supplier | Eco & Custom in China","description":"Supplier of Kraft Paper Gift Boxes: Eco kraft\/recycled materials, foil\/embossing & precision inserts. For cosmetics\/jewelry brands. Request quote!","robots":{"index":"index","follow":"follow","max-snippet":"max-snippet:-1","max-image-preview":"max-image-preview:large","max-video-preview":"max-video-preview:-1"},"canonical":"https:\/\/www.chinatopack.com\/es\/producto\/customize-printing-logo-cosmetic-packaging-paper-folding-kraft-paper-gift-boxes-for-perfume\/","og_locale":"es_ES","og_type":"article","og_title":"Luxury Kraft Paper Gift Boxes Supplier | Eco & Custom in China","og_description":"Supplier of Kraft Paper Gift Boxes: Eco kraft\/recycled materials, foil\/embossing & precision inserts. For cosmetics\/jewelry brands. Request quote!","og_url":"https:\/\/www.chinatopack.com\/es\/producto\/customize-printing-logo-cosmetic-packaging-paper-folding-kraft-paper-gift-boxes-for-perfume\/","og_site_name":"TOPACK Paper Boxes","article_publisher":"https:\/\/www.facebook.com\/ChinaTopack\/","article_modified_time":"2025-08-12T10:24:41+00:00","og_image":[{"width":800,"height":800,"url":"https:\/\/www.chinatopack.com\/wp-content\/uploads\/2025\/06\/Customize-Printing-Logo-Cosmetic-Packaging-Paper-Folding-Box-For-Perfume-1.webp","type":"image\/webp"}],"twitter_card":"summary_large_image","twitter_misc":{"Tiempo de lectura":"2 minutos"},"schema":{"@context":"https:\/\/schema.org","@graph":[{"@type":"WebPage","@id":"https:\/\/www.chinatopack.com\/product\/customize-printing-logo-cosmetic-packaging-paper-folding-kraft-paper-gift-boxes-for-perfume\/","url":"https:\/\/www.chinatopack.com\/product\/customize-printing-logo-cosmetic-packaging-paper-folding-kraft-paper-gift-boxes-for-perfume\/","name":"Luxury Kraft Paper Gift Boxes Supplier | Eco & Custom in China","isPartOf":{"@id":"https:\/\/www.chinatopack.com\/#website"},"primaryImageOfPage":{"@id":"https:\/\/www.chinatopack.com\/product\/customize-printing-logo-cosmetic-packaging-paper-folding-kraft-paper-gift-boxes-for-perfume\/#primaryimage"},"image":{"@id":"https:\/\/www.chinatopack.com\/product\/customize-printing-logo-cosmetic-packaging-paper-folding-kraft-paper-gift-boxes-for-perfume\/#primaryimage"},"thumbnailUrl":"https:\/\/www.chinatopack.com\/wp-content\/uploads\/2025\/06\/Customize-Printing-Logo-Cosmetic-Packaging-Paper-Folding-Box-For-Perfume-1.webp","datePublished":"2025-06-16T12:06:23+00:00","dateModified":"2025-08-12T10:24:41+00:00","description":"Supplier of Kraft Paper Gift Boxes: Eco kraft\/recycled materials, foil\/embossing & precision inserts. For cosmetics\/jewelry brands. Request quote!","breadcrumb":{"@id":"https:\/\/www.chinatopack.com\/product\/customize-printing-logo-cosmetic-packaging-paper-folding-kraft-paper-gift-boxes-for-perfume\/#breadcrumb"},"inLanguage":"es","potentialAction":[{"@type":"ReadAction","target":["https:\/\/www.chinatopack.com\/product\/customize-printing-logo-cosmetic-packaging-paper-folding-kraft-paper-gift-boxes-for-perfume\/"]}]},{"@type":"ImageObject","inLanguage":"es","@id":"https:\/\/www.chinatopack.com\/product\/customize-printing-logo-cosmetic-packaging-paper-folding-kraft-paper-gift-boxes-for-perfume\/#primaryimage","url":"https:\/\/www.chinatopack.com\/wp-content\/uploads\/2025\/06\/Customize-Printing-Logo-Cosmetic-Packaging-Paper-Folding-Box-For-Perfume-1.webp","contentUrl":"https:\/\/www.chinatopack.com\/wp-content\/uploads\/2025\/06\/Customize-Printing-Logo-Cosmetic-Packaging-Paper-Folding-Box-For-Perfume-1.webp","width":800,"height":800,"caption":"Customize Printing Logo Cosmetic Packaging Paper Folding Box For Perfume"},{"@type":"BreadcrumbList","@id":"https:\/\/www.chinatopack.com\/product\/customize-printing-logo-cosmetic-packaging-paper-folding-kraft-paper-gift-boxes-for-perfume\/#breadcrumb","itemListElement":[{"@type":"ListItem","position":1,"name":"Home","item":"https:\/\/www.chinatopack.com\/"},{"@type":"ListItem","position":2,"name":"Products","item":"https:\/\/www.chinatopack.com\/shop\/"},{"@type":"ListItem","position":3,"name":"Customize Printing Logo Cosmetic Packaging Paper Folding Kraft Paper Gift Boxes For Perfume"}]},{"@type":"WebSite","@id":"https:\/\/www.chinatopack.com\/#website","url":"https:\/\/www.chinatopack.com\/","name":"TOPACK Paper Boxes","description":"","publisher":{"@id":"https:\/\/www.chinatopack.com\/#organization"},"potentialAction":[{"@type":"SearchAction","target":{"@type":"EntryPoint","urlTemplate":"https:\/\/www.chinatopack.com\/?s={search_term_string}"},"query-input":"required name=search_term_string"}],"inLanguage":"es"},{"@type":"Organization","@id":"https:\/\/www.chinatopack.com\/#organization","name":"TOPACK Paper Boxes","url":"https:\/\/www.chinatopack.com\/","logo":{"@type":"ImageObject","inLanguage":"es","@id":"https:\/\/www.chinatopack.com\/#\/schema\/logo\/image\/","url":"https:\/\/www.chinatopack.com\/wp-content\/uploads\/2025\/11\/logo2.webp","contentUrl":"https:\/\/www.chinatopack.com\/wp-content\/uploads\/2025\/11\/logo2.webp","width":512,"height":512,"caption":"TOPACK Paper Boxes"},"image":{"@id":"https:\/\/www.chinatopack.com\/#\/schema\/logo\/image\/"},"sameAs":["https:\/\/www.facebook.com\/ChinaTopack\/","https:\/\/www.youtube.com\/@chinatopack"]}]}},"_links":{"self":[{"href":"https:\/\/www.chinatopack.com\/es\/wp-json\/wp\/v2\/product\/12493"}],"collection":[{"href":"https:\/\/www.chinatopack.com\/es\/wp-json\/wp\/v2\/product"}],"about":[{"href":"https:\/\/www.chinatopack.com\/es\/wp-json\/wp\/v2\/types\/product"}],"replies":[{"embeddable":true,"href":"https:\/\/www.chinatopack.com\/es\/wp-json\/wp\/v2\/comments?post=12493"}],"wp:featuredmedia":[{"embeddable":true,"href":"https:\/\/www.chinatopack.com\/es\/wp-json\/wp\/v2\/media\/12494"}],"wp:attachment":[{"href":"https:\/\/www.chinatopack.com\/es\/wp-json\/wp\/v2\/media?parent=12493"}],"wp:term":[{"taxonomy":"product_cat","embeddable":true,"href":"https:\/\/www.chinatopack.com\/es\/wp-json\/wp\/v2\/product_cat?post=12493"},{"taxonomy":"product_tag","embeddable":true,"href":"https:\/\/www.chinatopack.com\/es\/wp-json\/wp\/v2\/product_tag?post=12493"}],"curies":[{"name":"wp","href":"https:\/\/api.w.org\/{rel}","templated":true}]}}