{"id":12504,"date":"2025-06-16T12:15:57","date_gmt":"2025-06-16T12:15:57","guid":{"rendered":"https:\/\/www.chinatopack.com\/?post_type=product&#038;p=12504"},"modified":"2025-08-12T10:29:36","modified_gmt":"2025-08-12T10:29:36","slug":"custom-logo-luxury-book-shaped-square-boxes-paper-rigid-paper-gift-packaging-box-with-eva-foam-insert","status":"publish","type":"product","link":"https:\/\/www.chinatopack.com\/es\/producto\/custom-logo-luxury-book-shaped-square-boxes-paper-rigid-paper-gift-packaging-box-with-eva-foam-insert\/","title":{"rendered":"Logotipo personalizado de lujo en forma de libro cajas cuadradas de papel r\u00edgido Caja de embalaje de regalo con espuma EVA Insertar"},"content":{"rendered":"<h2>Cajas de papel personalizadas: Soluciones de embalaje a medida para su marca<\/h2>\n<p>Eleve su marca con nuestros productos personalizados de alta calidad <a href=\"https:\/\/www.chinatopack.com\/es\/etiqueta-producto\/storage-boxes-paper\/\"><strong>cajas de papel<\/strong><\/a>dise\u00f1adas para cumplir exactamente sus especificaciones. Ya sea para el comercio minorista, el lujo, la alimentaci\u00f3n o la cosm\u00e9tica, nuestras cajas combinan funcionalidad y est\u00e9tica para realzar el atractivo de su producto.<\/p>\n<h3>Estilos de cajas y aplicaciones<\/h3>\n<p>Ofrecemos una amplia gama de <strong><a href=\"https:\/\/www.chinatopack.com\/es\/producto\/custom-logo-luxury-book-shaped-square-boxes-paper-rigid-paper-gift-packaging-box-with-eva-foam-insert\/\">Cajas cuadradas Papel<\/a>\u00a0<\/strong>tipos, incluidas cajas r\u00edgidas, cajas plegables y cajas con cierre magn\u00e9tico, <strong><a href=\"https:\/\/www.chinatopack.com\/es\/etiqueta-producto\/brown-paper-gift-boxes\/\">cajas de regalo de papel marr\u00f3n<\/a>,<\/strong>\u00a0y cajas para cajones. Perfectas para envases de regalo, productos electr\u00f3nicos, cosm\u00e9ticos, alimentos y productos de venta al por menor, cada dise\u00f1o garantiza durabilidad y una experiencia unboxing de primera.<\/p>\n<h3>Materiales y respeto del medio ambiente<\/h3>\n<p>Nuestra <a href=\"https:\/\/www.chinatopack.com\/es\/about-us\/\"><strong>cajas de papel a medida<\/strong><\/a> elija entre papel kraft, papel art\u00edstico, cart\u00f3n ondulado o materiales reciclados para ajustarse a los objetivos de sostenibilidad. Nuestras opciones incluyen materiales con certificaci\u00f3n FSC y biodegradables, lo que garantiza un envasado respetuoso con el medio ambiente.<\/p>\n<h3>Impresi\u00f3n y acabado avanzados<\/h3>\n<p>Mejore su <a href=\"https:\/\/www.chinatopack.com\/es\/\"><strong>cajas de papel kraft al por mayor<\/strong><\/a> con impresi\u00f3n offset\/UV, gofrado, estampado, barnizado UV o laminado mate\/brillante. Personal\u00edcelos con troquelado, parcheado de ventanas o UV localizado para conseguir un aspecto destacado.<\/p>\n<h3>Proceso de producci\u00f3n de precisi\u00f3n<\/h3>\n<p>1.Dise\u00f1o y pruebas - Colaborar en el dise\u00f1o estructural y gr\u00e1fico.<br \/>\n2.Selecci\u00f3n del material: elija el papel y el acabado ideales.<br \/>\n3.Impresi\u00f3n y decoraci\u00f3n: impresi\u00f3n de alta resoluci\u00f3n y acabados de primera calidad.<br \/>\n4.Troquelado y montaje - Corte de precisi\u00f3n y detalles acabados a mano.<br \/>\n5.Inspecci\u00f3n de calidad y entrega: los rigurosos controles garantizan una ejecuci\u00f3n impecable.<\/p>\n<p>Desde la protecci\u00f3n del producto hasta la narraci\u00f3n de la marca, nuestra <a href=\"https:\/\/www.chinatopack.com\/es\/category\/custom-paper-box\/\"><strong>cajas de papel baratas<\/strong><\/a> ofrecen un valor inigualable. Solicite un presupuesto hoy mismo y creemos un envase que hable por su marca.<\/p>\n<h2>Im\u00e1genes del producto<\/h2>\n<p><img loading=\"lazy\" decoding=\"async\" class=\"size-full wp-image-12511 aligncenter\" data-src=\"https:\/\/www.chinatopack.com\/wp-content\/uploads\/2025\/06\/Custom-Logo-Luxury-Book-Shaped-Rigid-Paper-Gift-Packaging-Box-With-EVA-Foam-Insert-7.jpg\" alt=\"Logotipo personalizado de lujo en forma de libro de papel r\u00edgido caja de embalaje de regalo con espuma EVA Insertar\" width=\"800\" height=\"800\" srcset=\"https:\/\/www.chinatopack.com\/wp-content\/uploads\/2025\/06\/Custom-Logo-Luxury-Book-Shaped-Rigid-Paper-Gift-Packaging-Box-With-EVA-Foam-Insert-7.jpg 800w, https:\/\/www.chinatopack.com\/wp-content\/uploads\/2025\/06\/Custom-Logo-Luxury-Book-Shaped-Rigid-Paper-Gift-Packaging-Box-With-EVA-Foam-Insert-7-480x480.jpg 480w\" sizes=\"(min-width: 0px) and (max-width: 480px) 480px, (min-width: 481px) 800px, 100vw\" \/> <img loading=\"lazy\" decoding=\"async\" class=\"size-full wp-image-12512 aligncenter\" data-src=\"https:\/\/www.chinatopack.com\/wp-content\/uploads\/2025\/06\/Custom-Logo-Luxury-Book-Shaped-Rigid-Paper-Gift-Packaging-Box-With-EVA-Foam-Insert-8.jpg\" alt=\"Logotipo personalizado de lujo en forma de libro de papel r\u00edgido caja de embalaje de regalo con espuma EVA Insertar\" width=\"800\" height=\"800\" srcset=\"https:\/\/www.chinatopack.com\/wp-content\/uploads\/2025\/06\/Custom-Logo-Luxury-Book-Shaped-Rigid-Paper-Gift-Packaging-Box-With-EVA-Foam-Insert-8.jpg 800w, https:\/\/www.chinatopack.com\/wp-content\/uploads\/2025\/06\/Custom-Logo-Luxury-Book-Shaped-Rigid-Paper-Gift-Packaging-Box-With-EVA-Foam-Insert-8-480x480.jpg 480w\" sizes=\"(min-width: 0px) and (max-width: 480px) 480px, (min-width: 481px) 800px, 100vw\" \/><\/p>","protected":false},"excerpt":{"rendered":"<p>Seguridad y marca combinadas<br \/>\n\u00bfBusca una forma de crear expectaci\u00f3n por sus productos? Las cajas r\u00edgidas personalizadas con tapa son la soluci\u00f3n perfecta. Este dise\u00f1o de envase con tapa y bandeja es la forma perfecta de a\u00f1adir valor a sus productos y a la experiencia unboxing.<\/p>","protected":false},"featured_media":12505,"comment_status":"closed","ping_status":"closed","template":"","meta":{"_et_pb_use_builder":"","_et_pb_old_content":"","_et_gb_content_width":""},"product_cat":[280],"product_tag":[284,282],"yoast_head":"<!-- This site is optimized with the Yoast SEO plugin v22.7 - https:\/\/yoast.com\/wordpress\/plugins\/seo\/ -->\n<title>Custom Square Boxes Paper Supplier | Eco Kraft in China<\/title>\n<meta name=\"description\" content=\"Supplier of Custom Square Boxes Paper Boxes: Kraft\/recycled materials, UV\/foil finishes &amp; precision manufacturing. For retail\/cosmetics brands. Request quote!\" \/>\n<meta name=\"robots\" content=\"index, follow, max-snippet:-1, max-image-preview:large, max-video-preview:-1\" \/>\n<link rel=\"canonical\" href=\"https:\/\/www.chinatopack.com\/es\/producto\/custom-logo-luxury-book-shaped-square-boxes-paper-rigid-paper-gift-packaging-box-with-eva-foam-insert\/\" \/>\n<meta property=\"og:locale\" content=\"es_ES\" \/>\n<meta property=\"og:type\" content=\"article\" \/>\n<meta property=\"og:title\" content=\"Custom Square Boxes Paper Supplier | Eco Kraft in China\" \/>\n<meta property=\"og:description\" content=\"Supplier of Custom Square Boxes Paper Boxes: Kraft\/recycled materials, UV\/foil finishes &amp; precision manufacturing. For retail\/cosmetics brands. Request quote!\" \/>\n<meta property=\"og:url\" content=\"https:\/\/www.chinatopack.com\/es\/producto\/custom-logo-luxury-book-shaped-square-boxes-paper-rigid-paper-gift-packaging-box-with-eva-foam-insert\/\" \/>\n<meta property=\"og:site_name\" content=\"TOPACK Paper Boxes\" \/>\n<meta property=\"article:publisher\" content=\"https:\/\/www.facebook.com\/ChinaTopack\/\" \/>\n<meta property=\"article:modified_time\" content=\"2025-08-12T10:29:36+00:00\" \/>\n<meta property=\"og:image\" content=\"https:\/\/www.chinatopack.com\/wp-content\/uploads\/2025\/06\/Custom-Logo-Luxury-Book-Shaped-Rigid-Paper-Gift-Packaging-Box-With-EVA-Foam-Insert-1.jpg\" \/>\n\t<meta property=\"og:image:width\" content=\"800\" \/>\n\t<meta property=\"og:image:height\" content=\"800\" \/>\n\t<meta property=\"og:image:type\" content=\"image\/jpeg\" \/>\n<meta name=\"twitter:card\" content=\"summary_large_image\" \/>\n<meta name=\"twitter:label1\" content=\"Tiempo de lectura\" \/>\n\t<meta name=\"twitter:data1\" content=\"2 minutos\" \/>\n<script type=\"application\/ld+json\" class=\"yoast-schema-graph\">{\"@context\":\"https:\/\/schema.org\",\"@graph\":[{\"@type\":\"WebPage\",\"@id\":\"https:\/\/www.chinatopack.com\/product\/custom-logo-luxury-book-shaped-square-boxes-paper-rigid-paper-gift-packaging-box-with-eva-foam-insert\/\",\"url\":\"https:\/\/www.chinatopack.com\/product\/custom-logo-luxury-book-shaped-square-boxes-paper-rigid-paper-gift-packaging-box-with-eva-foam-insert\/\",\"name\":\"Custom Square Boxes Paper Supplier | Eco Kraft in China\",\"isPartOf\":{\"@id\":\"https:\/\/www.chinatopack.com\/#website\"},\"primaryImageOfPage\":{\"@id\":\"https:\/\/www.chinatopack.com\/product\/custom-logo-luxury-book-shaped-square-boxes-paper-rigid-paper-gift-packaging-box-with-eva-foam-insert\/#primaryimage\"},\"image\":{\"@id\":\"https:\/\/www.chinatopack.com\/product\/custom-logo-luxury-book-shaped-square-boxes-paper-rigid-paper-gift-packaging-box-with-eva-foam-insert\/#primaryimage\"},\"thumbnailUrl\":\"https:\/\/www.chinatopack.com\/wp-content\/uploads\/2025\/06\/Custom-Logo-Luxury-Book-Shaped-Rigid-Paper-Gift-Packaging-Box-With-EVA-Foam-Insert-1.jpg\",\"datePublished\":\"2025-06-16T12:15:57+00:00\",\"dateModified\":\"2025-08-12T10:29:36+00:00\",\"description\":\"Supplier of Custom Square Boxes Paper Boxes: Kraft\/recycled materials, UV\/foil finishes & precision manufacturing. For retail\/cosmetics brands. Request quote!\",\"breadcrumb\":{\"@id\":\"https:\/\/www.chinatopack.com\/product\/custom-logo-luxury-book-shaped-square-boxes-paper-rigid-paper-gift-packaging-box-with-eva-foam-insert\/#breadcrumb\"},\"inLanguage\":\"es\",\"potentialAction\":[{\"@type\":\"ReadAction\",\"target\":[\"https:\/\/www.chinatopack.com\/product\/custom-logo-luxury-book-shaped-square-boxes-paper-rigid-paper-gift-packaging-box-with-eva-foam-insert\/\"]}]},{\"@type\":\"ImageObject\",\"inLanguage\":\"es\",\"@id\":\"https:\/\/www.chinatopack.com\/product\/custom-logo-luxury-book-shaped-square-boxes-paper-rigid-paper-gift-packaging-box-with-eva-foam-insert\/#primaryimage\",\"url\":\"https:\/\/www.chinatopack.com\/wp-content\/uploads\/2025\/06\/Custom-Logo-Luxury-Book-Shaped-Rigid-Paper-Gift-Packaging-Box-With-EVA-Foam-Insert-1.jpg\",\"contentUrl\":\"https:\/\/www.chinatopack.com\/wp-content\/uploads\/2025\/06\/Custom-Logo-Luxury-Book-Shaped-Rigid-Paper-Gift-Packaging-Box-With-EVA-Foam-Insert-1.jpg\",\"width\":800,\"height\":800,\"caption\":\"Custom Logo Luxury Book Shaped Rigid Paper Gift Packaging Box With EVA Foam Insert\"},{\"@type\":\"BreadcrumbList\",\"@id\":\"https:\/\/www.chinatopack.com\/product\/custom-logo-luxury-book-shaped-square-boxes-paper-rigid-paper-gift-packaging-box-with-eva-foam-insert\/#breadcrumb\",\"itemListElement\":[{\"@type\":\"ListItem\",\"position\":1,\"name\":\"Home\",\"item\":\"https:\/\/www.chinatopack.com\/\"},{\"@type\":\"ListItem\",\"position\":2,\"name\":\"Products\",\"item\":\"https:\/\/www.chinatopack.com\/shop\/\"},{\"@type\":\"ListItem\",\"position\":3,\"name\":\"Custom Logo Luxury Book Shaped Square Boxes Paper Rigid Paper Gift Packaging Box With EVA Foam Insert\"}]},{\"@type\":\"WebSite\",\"@id\":\"https:\/\/www.chinatopack.com\/#website\",\"url\":\"https:\/\/www.chinatopack.com\/\",\"name\":\"TOPACK Paper Boxes\",\"description\":\"\",\"publisher\":{\"@id\":\"https:\/\/www.chinatopack.com\/#organization\"},\"potentialAction\":[{\"@type\":\"SearchAction\",\"target\":{\"@type\":\"EntryPoint\",\"urlTemplate\":\"https:\/\/www.chinatopack.com\/?s={search_term_string}\"},\"query-input\":\"required name=search_term_string\"}],\"inLanguage\":\"es\"},{\"@type\":\"Organization\",\"@id\":\"https:\/\/www.chinatopack.com\/#organization\",\"name\":\"TOPACK Paper Boxes\",\"url\":\"https:\/\/www.chinatopack.com\/\",\"logo\":{\"@type\":\"ImageObject\",\"inLanguage\":\"es\",\"@id\":\"https:\/\/www.chinatopack.com\/#\/schema\/logo\/image\/\",\"url\":\"https:\/\/www.chinatopack.com\/wp-content\/uploads\/2025\/11\/logo2.webp\",\"contentUrl\":\"https:\/\/www.chinatopack.com\/wp-content\/uploads\/2025\/11\/logo2.webp\",\"width\":512,\"height\":512,\"caption\":\"TOPACK Paper Boxes\"},\"image\":{\"@id\":\"https:\/\/www.chinatopack.com\/#\/schema\/logo\/image\/\"},\"sameAs\":[\"https:\/\/www.facebook.com\/ChinaTopack\/\",\"https:\/\/www.youtube.com\/@chinatopack\"]}]}<\/script>\n<!-- \/ Yoast SEO plugin. -->","yoast_head_json":{"title":"Custom Square Boxes Paper Supplier | Eco Kraft in China","description":"Supplier of Custom Square Boxes Paper Boxes: Kraft\/recycled materials, UV\/foil finishes & precision manufacturing. For retail\/cosmetics brands. Request quote!","robots":{"index":"index","follow":"follow","max-snippet":"max-snippet:-1","max-image-preview":"max-image-preview:large","max-video-preview":"max-video-preview:-1"},"canonical":"https:\/\/www.chinatopack.com\/es\/producto\/custom-logo-luxury-book-shaped-square-boxes-paper-rigid-paper-gift-packaging-box-with-eva-foam-insert\/","og_locale":"es_ES","og_type":"article","og_title":"Custom Square Boxes Paper Supplier | Eco Kraft in China","og_description":"Supplier of Custom Square Boxes Paper Boxes: Kraft\/recycled materials, UV\/foil finishes & precision manufacturing. For retail\/cosmetics brands. Request quote!","og_url":"https:\/\/www.chinatopack.com\/es\/producto\/custom-logo-luxury-book-shaped-square-boxes-paper-rigid-paper-gift-packaging-box-with-eva-foam-insert\/","og_site_name":"TOPACK Paper Boxes","article_publisher":"https:\/\/www.facebook.com\/ChinaTopack\/","article_modified_time":"2025-08-12T10:29:36+00:00","og_image":[{"width":800,"height":800,"url":"https:\/\/www.chinatopack.com\/wp-content\/uploads\/2025\/06\/Custom-Logo-Luxury-Book-Shaped-Rigid-Paper-Gift-Packaging-Box-With-EVA-Foam-Insert-1.jpg","type":"image\/jpeg"}],"twitter_card":"summary_large_image","twitter_misc":{"Tiempo de lectura":"2 minutos"},"schema":{"@context":"https:\/\/schema.org","@graph":[{"@type":"WebPage","@id":"https:\/\/www.chinatopack.com\/product\/custom-logo-luxury-book-shaped-square-boxes-paper-rigid-paper-gift-packaging-box-with-eva-foam-insert\/","url":"https:\/\/www.chinatopack.com\/product\/custom-logo-luxury-book-shaped-square-boxes-paper-rigid-paper-gift-packaging-box-with-eva-foam-insert\/","name":"Custom Square Boxes Paper Supplier | Eco Kraft in China","isPartOf":{"@id":"https:\/\/www.chinatopack.com\/#website"},"primaryImageOfPage":{"@id":"https:\/\/www.chinatopack.com\/product\/custom-logo-luxury-book-shaped-square-boxes-paper-rigid-paper-gift-packaging-box-with-eva-foam-insert\/#primaryimage"},"image":{"@id":"https:\/\/www.chinatopack.com\/product\/custom-logo-luxury-book-shaped-square-boxes-paper-rigid-paper-gift-packaging-box-with-eva-foam-insert\/#primaryimage"},"thumbnailUrl":"https:\/\/www.chinatopack.com\/wp-content\/uploads\/2025\/06\/Custom-Logo-Luxury-Book-Shaped-Rigid-Paper-Gift-Packaging-Box-With-EVA-Foam-Insert-1.jpg","datePublished":"2025-06-16T12:15:57+00:00","dateModified":"2025-08-12T10:29:36+00:00","description":"Supplier of Custom Square Boxes Paper Boxes: Kraft\/recycled materials, UV\/foil finishes & precision manufacturing. For retail\/cosmetics brands. Request quote!","breadcrumb":{"@id":"https:\/\/www.chinatopack.com\/product\/custom-logo-luxury-book-shaped-square-boxes-paper-rigid-paper-gift-packaging-box-with-eva-foam-insert\/#breadcrumb"},"inLanguage":"es","potentialAction":[{"@type":"ReadAction","target":["https:\/\/www.chinatopack.com\/product\/custom-logo-luxury-book-shaped-square-boxes-paper-rigid-paper-gift-packaging-box-with-eva-foam-insert\/"]}]},{"@type":"ImageObject","inLanguage":"es","@id":"https:\/\/www.chinatopack.com\/product\/custom-logo-luxury-book-shaped-square-boxes-paper-rigid-paper-gift-packaging-box-with-eva-foam-insert\/#primaryimage","url":"https:\/\/www.chinatopack.com\/wp-content\/uploads\/2025\/06\/Custom-Logo-Luxury-Book-Shaped-Rigid-Paper-Gift-Packaging-Box-With-EVA-Foam-Insert-1.jpg","contentUrl":"https:\/\/www.chinatopack.com\/wp-content\/uploads\/2025\/06\/Custom-Logo-Luxury-Book-Shaped-Rigid-Paper-Gift-Packaging-Box-With-EVA-Foam-Insert-1.jpg","width":800,"height":800,"caption":"Custom Logo Luxury Book Shaped Rigid Paper Gift Packaging Box With EVA Foam Insert"},{"@type":"BreadcrumbList","@id":"https:\/\/www.chinatopack.com\/product\/custom-logo-luxury-book-shaped-square-boxes-paper-rigid-paper-gift-packaging-box-with-eva-foam-insert\/#breadcrumb","itemListElement":[{"@type":"ListItem","position":1,"name":"Home","item":"https:\/\/www.chinatopack.com\/"},{"@type":"ListItem","position":2,"name":"Products","item":"https:\/\/www.chinatopack.com\/shop\/"},{"@type":"ListItem","position":3,"name":"Custom Logo Luxury Book Shaped Square Boxes Paper Rigid Paper Gift Packaging Box With EVA Foam Insert"}]},{"@type":"WebSite","@id":"https:\/\/www.chinatopack.com\/#website","url":"https:\/\/www.chinatopack.com\/","name":"TOPACK Paper Boxes","description":"","publisher":{"@id":"https:\/\/www.chinatopack.com\/#organization"},"potentialAction":[{"@type":"SearchAction","target":{"@type":"EntryPoint","urlTemplate":"https:\/\/www.chinatopack.com\/?s={search_term_string}"},"query-input":"required name=search_term_string"}],"inLanguage":"es"},{"@type":"Organization","@id":"https:\/\/www.chinatopack.com\/#organization","name":"TOPACK Paper Boxes","url":"https:\/\/www.chinatopack.com\/","logo":{"@type":"ImageObject","inLanguage":"es","@id":"https:\/\/www.chinatopack.com\/#\/schema\/logo\/image\/","url":"https:\/\/www.chinatopack.com\/wp-content\/uploads\/2025\/11\/logo2.webp","contentUrl":"https:\/\/www.chinatopack.com\/wp-content\/uploads\/2025\/11\/logo2.webp","width":512,"height":512,"caption":"TOPACK Paper Boxes"},"image":{"@id":"https:\/\/www.chinatopack.com\/#\/schema\/logo\/image\/"},"sameAs":["https:\/\/www.facebook.com\/ChinaTopack\/","https:\/\/www.youtube.com\/@chinatopack"]}]}},"_links":{"self":[{"href":"https:\/\/www.chinatopack.com\/es\/wp-json\/wp\/v2\/product\/12504"}],"collection":[{"href":"https:\/\/www.chinatopack.com\/es\/wp-json\/wp\/v2\/product"}],"about":[{"href":"https:\/\/www.chinatopack.com\/es\/wp-json\/wp\/v2\/types\/product"}],"replies":[{"embeddable":true,"href":"https:\/\/www.chinatopack.com\/es\/wp-json\/wp\/v2\/comments?post=12504"}],"wp:featuredmedia":[{"embeddable":true,"href":"https:\/\/www.chinatopack.com\/es\/wp-json\/wp\/v2\/media\/12505"}],"wp:attachment":[{"href":"https:\/\/www.chinatopack.com\/es\/wp-json\/wp\/v2\/media?parent=12504"}],"wp:term":[{"taxonomy":"product_cat","embeddable":true,"href":"https:\/\/www.chinatopack.com\/es\/wp-json\/wp\/v2\/product_cat?post=12504"},{"taxonomy":"product_tag","embeddable":true,"href":"https:\/\/www.chinatopack.com\/es\/wp-json\/wp\/v2\/product_tag?post=12504"}],"curies":[{"name":"wp","href":"https:\/\/api.w.org\/{rel}","templated":true}]}}