{"id":12516,"date":"2025-06-16T13:01:03","date_gmt":"2025-06-16T13:01:03","guid":{"rendered":"https:\/\/www.chinatopack.com\/?post_type=product&#038;p=12516"},"modified":"2025-08-12T10:33:39","modified_gmt":"2025-08-12T10:33:39","slug":"custom-large-logo-magnetic-folding-cheap-paper-jewelry-boxes-luxury-rigid-cardboard-packaging-for-personal-care-new-design","status":"publish","type":"product","link":"https:\/\/www.chinatopack.com\/es\/producto\/custom-large-logo-magnetic-folding-cheap-paper-jewelry-boxes-luxury-rigid-cardboard-packaging-for-personal-care-new-design\/","title":{"rendered":"Logotipo personalizado grande magn\u00e9tico plegable barato joyer\u00eda de papel cajas de lujo de cart\u00f3n r\u00edgido de embalaje para el cuidado personal de nuevo dise\u00f1o"},"content":{"rendered":"<h2>Cajas de papel personalizadas: Soluciones de embalaje a medida para su marca<\/h2>\n<p>Eleve su marca con nuestros productos personalizados de alta calidad <a href=\"https:\/\/www.chinatopack.com\/es\/\"><strong>cajas de papel<\/strong><\/a>dise\u00f1ados para satisfacer sus especificaciones exactas. Ya sea para el comercio minorista, el lujo, la alimentaci\u00f3n o la cosm\u00e9tica, nuestros <a href=\"https:\/\/www.chinatopack.com\/es\/products\/\"><strong>cajas de papel kraft<\/strong><\/a> combinan funcionalidad y est\u00e9tica para realzar el atractivo de su producto.<\/p>\n<h3>Estilos de cajas y aplicaciones<\/h3>\n<p>Ofrecemos una amplia gama de tipos de cajas, incluidas cajas r\u00edgidas, cajas plegables, cajas con cierre magn\u00e9tico y cajas de cajones. Perfectas para el embalaje de regalos, productos electr\u00f3nicos, cosm\u00e9ticos, alimentos y productos de venta al por menor, cada dise\u00f1o garantiza la durabilidad y una experiencia de desembalaje de primera calidad.<\/p>\n<h3>Materiales y respeto del medio ambiente<\/h3>\n<p>Elija entre papel kraft, papel art\u00edstico, cart\u00f3n ondulado o materiales reciclados para ajustarse a los objetivos de sostenibilidad. Nuestras opciones incluyen materiales con certificaci\u00f3n FSC y biodegradables, lo que garantiza un envasado respetuoso con el medio ambiente.<\/p>\n<h3>Impresi\u00f3n y acabado avanzados<\/h3>\n<p>Mejore su <a href=\"https:\/\/www.chinatopack.com\/es\/etiqueta-producto\/paper-jewelry-boxes\/\"><strong>joyeros de papel<\/strong><\/a> con impresi\u00f3n offset\/UV, gofrado, estampado, barnizado UV o laminado mate\/brillante. Personal\u00edcelos con troquelado, parcheado de ventanas o UV localizado para conseguir un aspecto destacado.<\/p>\n<h3>Proceso de producci\u00f3n de precisi\u00f3n<\/h3>\n<p>1.Dise\u00f1o y pruebas - Colaborar en el dise\u00f1o estructural y gr\u00e1fico.<br \/>\n2.Selecci\u00f3n del material: elija el papel y el acabado ideales.<br \/>\n3.Impresi\u00f3n y decoraci\u00f3n: impresi\u00f3n de alta resoluci\u00f3n y acabados de primera calidad.<br \/>\n4.Troquelado y montaje - Corte de precisi\u00f3n y detalles acabados a mano.<br \/>\n5.Inspecci\u00f3n de calidad y entrega: los rigurosos controles garantizan una ejecuci\u00f3n impecable.<\/p>\n<p>Desde la protecci\u00f3n del producto hasta la narraci\u00f3n de la marca, nuestra <a href=\"https:\/\/www.chinatopack.com\/es\/about-us\/\"><strong>cajas de papel a medida<\/strong><\/a> ofrecen un valor inigualable. Solicite un presupuesto de nuestro <a href=\"https:\/\/www.chinatopack.com\/es\/producto\/custom-large-logo-magnetic-folding-cheap-paper-jewelry-boxes-luxury-rigid-cardboard-packaging-for-personal-care-new-design\/\"><strong>joyeros de papel baratos<\/strong><\/a> hoy mismo y creemos un envase que hable por su marca.<\/p>\n<h2>Detalles del producto<\/h2>\n<p><img loading=\"lazy\" decoding=\"async\" class=\"size-full wp-image-12524 aligncenter\" data-src=\"https:\/\/www.chinatopack.com\/wp-content\/uploads\/2025\/06\/Custom-Large-Logo-Magnetic-Folding-Gift-Box-Luxury-Rigid-Cardboard-Packaging-For-Personal-Care-New-Design-8.webp\" alt=\"Logotipo personalizado grande magn\u00e9tico plegable caja de regalo de lujo de cart\u00f3n r\u00edgido de envasado para el cuidado personal de nuevo dise\u00f1o\" width=\"800\" height=\"800\" srcset=\"https:\/\/www.chinatopack.com\/wp-content\/uploads\/2025\/06\/Custom-Large-Logo-Magnetic-Folding-Gift-Box-Luxury-Rigid-Cardboard-Packaging-For-Personal-Care-New-Design-8.webp 800w, https:\/\/www.chinatopack.com\/wp-content\/uploads\/2025\/06\/Custom-Large-Logo-Magnetic-Folding-Gift-Box-Luxury-Rigid-Cardboard-Packaging-For-Personal-Care-New-Design-8-480x480.webp 480w\" sizes=\"(min-width: 0px) and (max-width: 480px) 480px, (min-width: 481px) 800px, 100vw\" \/><\/p>\n<p style=\"text-align: center;\"><a href=\"https:\/\/www.chinatopack.com\/es\/etiqueta-producto\/paper-boxes-with-lids\/\"><strong>Cajas de papel con tapa<\/strong><\/a><\/p>\n<p><img loading=\"lazy\" decoding=\"async\" class=\"size-full wp-image-12525 aligncenter\" data-src=\"https:\/\/www.chinatopack.com\/wp-content\/uploads\/2025\/06\/Custom-Large-Logo-Magnetic-Folding-Gift-Box-Luxury-Rigid-Cardboard-Packaging-For-Personal-Care-New-Design-9.webp\" alt=\"Logotipo personalizado grande magn\u00e9tico plegable caja de regalo de lujo de cart\u00f3n r\u00edgido de envasado para el cuidado personal de nuevo dise\u00f1o\" width=\"800\" height=\"800\" srcset=\"https:\/\/www.chinatopack.com\/wp-content\/uploads\/2025\/06\/Custom-Large-Logo-Magnetic-Folding-Gift-Box-Luxury-Rigid-Cardboard-Packaging-For-Personal-Care-New-Design-9.webp 800w, https:\/\/www.chinatopack.com\/wp-content\/uploads\/2025\/06\/Custom-Large-Logo-Magnetic-Folding-Gift-Box-Luxury-Rigid-Cardboard-Packaging-For-Personal-Care-New-Design-9-480x480.webp 480w\" sizes=\"(min-width: 0px) and (max-width: 480px) 480px, (min-width: 481px) 800px, 100vw\" \/><\/p>\n<p style=\"text-align: center;\">Con <a href=\"https:\/\/www.chinatopack.com\/es\/etiqueta-producto\/storage-boxes-paper\/\"><strong>cajas de papel<\/strong><\/a><\/p>\n<p><img loading=\"lazy\" decoding=\"async\" class=\"size-full wp-image-12526 aligncenter\" data-src=\"https:\/\/www.chinatopack.com\/wp-content\/uploads\/2025\/06\/Custom-Large-Logo-Magnetic-Folding-Gift-Box-Luxury-Rigid-Cardboard-Packaging-For-Personal-Care-New-Design-10.webp\" alt=\"Logotipo personalizado grande magn\u00e9tico plegable caja de regalo de lujo de cart\u00f3n r\u00edgido de envasado para el cuidado personal de nuevo dise\u00f1o\" width=\"800\" height=\"800\" srcset=\"https:\/\/www.chinatopack.com\/wp-content\/uploads\/2025\/06\/Custom-Large-Logo-Magnetic-Folding-Gift-Box-Luxury-Rigid-Cardboard-Packaging-For-Personal-Care-New-Design-10.webp 800w, https:\/\/www.chinatopack.com\/wp-content\/uploads\/2025\/06\/Custom-Large-Logo-Magnetic-Folding-Gift-Box-Luxury-Rigid-Cardboard-Packaging-For-Personal-Care-New-Design-10-480x480.webp 480w\" sizes=\"(min-width: 0px) and (max-width: 480px) 480px, (min-width: 481px) 800px, 100vw\" \/><\/p>\n<p style=\"text-align: center;\">En <a href=\"https:\/\/www.chinatopack.com\/es\/etiqueta-producto\/brown-paper-gift-boxes\/\"><strong>cajas de regalo de papel marr\u00f3n<\/strong><\/a><\/p>\n<p><img loading=\"lazy\" decoding=\"async\" class=\"size-full wp-image-12527 aligncenter\" data-src=\"https:\/\/www.chinatopack.com\/wp-content\/uploads\/2025\/06\/Custom-Large-Logo-Magnetic-Folding-Gift-Box-Luxury-Rigid-Cardboard-Packaging-For-Personal-Care-New-Design13.webp\" alt=\"Logotipo personalizado grande magn\u00e9tico plegable caja de regalo de lujo de cart\u00f3n r\u00edgido de envasado para el cuidado personal de nuevo dise\u00f1o\" width=\"800\" height=\"800\" srcset=\"https:\/\/www.chinatopack.com\/wp-content\/uploads\/2025\/06\/Custom-Large-Logo-Magnetic-Folding-Gift-Box-Luxury-Rigid-Cardboard-Packaging-For-Personal-Care-New-Design13.webp 800w, https:\/\/www.chinatopack.com\/wp-content\/uploads\/2025\/06\/Custom-Large-Logo-Magnetic-Folding-Gift-Box-Luxury-Rigid-Cardboard-Packaging-For-Personal-Care-New-Design13-480x480.webp 480w\" sizes=\"(min-width: 0px) and (max-width: 480px) 480px, (min-width: 481px) 800px, 100vw\" \/><\/p>","protected":false},"excerpt":{"rendered":"<p>Comodidad con estilo<br \/>\nLas cajas magn\u00e9ticas no s\u00f3lo son elegantes, sino tambi\u00e9n totalmente funcionales y personalizables. Con una tapa abatible y un acabado de primera calidad, estas cajas garantizan que sus productos permanezcan seguros y a salvo, a la vez que f\u00e1cilmente accesibles para que sus clientes los disfruten.<\/p>","protected":false},"featured_media":12517,"comment_status":"closed","ping_status":"closed","template":"","meta":{"_et_pb_use_builder":"","_et_pb_old_content":"","_et_gb_content_width":""},"product_cat":[280],"product_tag":[284,285,286,282],"yoast_head":"<!-- This site is optimized with the Yoast SEO plugin v22.7 - https:\/\/yoast.com\/wordpress\/plugins\/seo\/ -->\n<title>Custom Packaging Box Supplier | Kraft &amp; Foil<\/title>\n<meta name=\"description\" content=\"Paper Box Supplier: Eco kraft\/recycled boxes w\/ UV\/foil finishes. Precision manufacturing for retail\/cosmetics. Request custom solutions today!\" \/>\n<meta name=\"robots\" content=\"index, follow, max-snippet:-1, max-image-preview:large, max-video-preview:-1\" \/>\n<link rel=\"canonical\" href=\"https:\/\/www.chinatopack.com\/es\/producto\/custom-large-logo-magnetic-folding-cheap-paper-jewelry-boxes-luxury-rigid-cardboard-packaging-for-personal-care-new-design\/\" \/>\n<meta property=\"og:locale\" content=\"es_ES\" \/>\n<meta property=\"og:type\" content=\"article\" \/>\n<meta property=\"og:title\" content=\"Custom Packaging Box Supplier | Kraft &amp; Foil\" \/>\n<meta property=\"og:description\" content=\"Paper Box Supplier: Eco kraft\/recycled boxes w\/ UV\/foil finishes. Precision manufacturing for retail\/cosmetics. Request custom solutions today!\" \/>\n<meta property=\"og:url\" content=\"https:\/\/www.chinatopack.com\/es\/producto\/custom-large-logo-magnetic-folding-cheap-paper-jewelry-boxes-luxury-rigid-cardboard-packaging-for-personal-care-new-design\/\" \/>\n<meta property=\"og:site_name\" content=\"TOPACK Paper Boxes\" \/>\n<meta property=\"article:publisher\" content=\"https:\/\/www.facebook.com\/ChinaTopack\/\" \/>\n<meta property=\"article:modified_time\" content=\"2025-08-12T10:33:39+00:00\" \/>\n<meta property=\"og:image\" content=\"https:\/\/www.chinatopack.com\/wp-content\/uploads\/2025\/06\/Custom-Large-Logo-Magnetic-Folding-Gift-Box-Luxury-Rigid-Cardboard-Packaging-For-Personal-Care-New-Design-1.webp\" \/>\n\t<meta property=\"og:image:width\" content=\"800\" \/>\n\t<meta property=\"og:image:height\" content=\"800\" \/>\n\t<meta property=\"og:image:type\" content=\"image\/webp\" \/>\n<meta name=\"twitter:card\" content=\"summary_large_image\" \/>\n<meta name=\"twitter:label1\" content=\"Tiempo de lectura\" \/>\n\t<meta name=\"twitter:data1\" content=\"3 minutos\" \/>\n<script type=\"application\/ld+json\" class=\"yoast-schema-graph\">{\"@context\":\"https:\/\/schema.org\",\"@graph\":[{\"@type\":\"WebPage\",\"@id\":\"https:\/\/www.chinatopack.com\/product\/custom-large-logo-magnetic-folding-cheap-paper-jewelry-boxes-luxury-rigid-cardboard-packaging-for-personal-care-new-design\/\",\"url\":\"https:\/\/www.chinatopack.com\/product\/custom-large-logo-magnetic-folding-cheap-paper-jewelry-boxes-luxury-rigid-cardboard-packaging-for-personal-care-new-design\/\",\"name\":\"Custom Packaging Box Supplier | Kraft & Foil\",\"isPartOf\":{\"@id\":\"https:\/\/www.chinatopack.com\/#website\"},\"primaryImageOfPage\":{\"@id\":\"https:\/\/www.chinatopack.com\/product\/custom-large-logo-magnetic-folding-cheap-paper-jewelry-boxes-luxury-rigid-cardboard-packaging-for-personal-care-new-design\/#primaryimage\"},\"image\":{\"@id\":\"https:\/\/www.chinatopack.com\/product\/custom-large-logo-magnetic-folding-cheap-paper-jewelry-boxes-luxury-rigid-cardboard-packaging-for-personal-care-new-design\/#primaryimage\"},\"thumbnailUrl\":\"https:\/\/www.chinatopack.com\/wp-content\/uploads\/2025\/06\/Custom-Large-Logo-Magnetic-Folding-Gift-Box-Luxury-Rigid-Cardboard-Packaging-For-Personal-Care-New-Design-1.webp\",\"datePublished\":\"2025-06-16T13:01:03+00:00\",\"dateModified\":\"2025-08-12T10:33:39+00:00\",\"description\":\"Paper Box Supplier: Eco kraft\/recycled boxes w\/ UV\/foil finishes. Precision manufacturing for retail\/cosmetics. Request custom solutions today!\",\"breadcrumb\":{\"@id\":\"https:\/\/www.chinatopack.com\/product\/custom-large-logo-magnetic-folding-cheap-paper-jewelry-boxes-luxury-rigid-cardboard-packaging-for-personal-care-new-design\/#breadcrumb\"},\"inLanguage\":\"es\",\"potentialAction\":[{\"@type\":\"ReadAction\",\"target\":[\"https:\/\/www.chinatopack.com\/product\/custom-large-logo-magnetic-folding-cheap-paper-jewelry-boxes-luxury-rigid-cardboard-packaging-for-personal-care-new-design\/\"]}]},{\"@type\":\"ImageObject\",\"inLanguage\":\"es\",\"@id\":\"https:\/\/www.chinatopack.com\/product\/custom-large-logo-magnetic-folding-cheap-paper-jewelry-boxes-luxury-rigid-cardboard-packaging-for-personal-care-new-design\/#primaryimage\",\"url\":\"https:\/\/www.chinatopack.com\/wp-content\/uploads\/2025\/06\/Custom-Large-Logo-Magnetic-Folding-Gift-Box-Luxury-Rigid-Cardboard-Packaging-For-Personal-Care-New-Design-1.webp\",\"contentUrl\":\"https:\/\/www.chinatopack.com\/wp-content\/uploads\/2025\/06\/Custom-Large-Logo-Magnetic-Folding-Gift-Box-Luxury-Rigid-Cardboard-Packaging-For-Personal-Care-New-Design-1.webp\",\"width\":800,\"height\":800,\"caption\":\"Custom Large Logo Magnetic Folding Gift Box Luxury Rigid Cardboard Packaging For Personal Care New Design\"},{\"@type\":\"BreadcrumbList\",\"@id\":\"https:\/\/www.chinatopack.com\/product\/custom-large-logo-magnetic-folding-cheap-paper-jewelry-boxes-luxury-rigid-cardboard-packaging-for-personal-care-new-design\/#breadcrumb\",\"itemListElement\":[{\"@type\":\"ListItem\",\"position\":1,\"name\":\"Home\",\"item\":\"https:\/\/www.chinatopack.com\/\"},{\"@type\":\"ListItem\",\"position\":2,\"name\":\"Products\",\"item\":\"https:\/\/www.chinatopack.com\/shop\/\"},{\"@type\":\"ListItem\",\"position\":3,\"name\":\"Custom Large Logo Magnetic Folding Cheap Paper Jewelry Boxes Luxury Rigid Cardboard Packaging For Personal Care New Design\"}]},{\"@type\":\"WebSite\",\"@id\":\"https:\/\/www.chinatopack.com\/#website\",\"url\":\"https:\/\/www.chinatopack.com\/\",\"name\":\"TOPACK Paper Boxes\",\"description\":\"\",\"publisher\":{\"@id\":\"https:\/\/www.chinatopack.com\/#organization\"},\"potentialAction\":[{\"@type\":\"SearchAction\",\"target\":{\"@type\":\"EntryPoint\",\"urlTemplate\":\"https:\/\/www.chinatopack.com\/?s={search_term_string}\"},\"query-input\":\"required name=search_term_string\"}],\"inLanguage\":\"es\"},{\"@type\":\"Organization\",\"@id\":\"https:\/\/www.chinatopack.com\/#organization\",\"name\":\"TOPACK Paper Boxes\",\"url\":\"https:\/\/www.chinatopack.com\/\",\"logo\":{\"@type\":\"ImageObject\",\"inLanguage\":\"es\",\"@id\":\"https:\/\/www.chinatopack.com\/#\/schema\/logo\/image\/\",\"url\":\"https:\/\/www.chinatopack.com\/wp-content\/uploads\/2025\/11\/logo2.webp\",\"contentUrl\":\"https:\/\/www.chinatopack.com\/wp-content\/uploads\/2025\/11\/logo2.webp\",\"width\":512,\"height\":512,\"caption\":\"TOPACK Paper Boxes\"},\"image\":{\"@id\":\"https:\/\/www.chinatopack.com\/#\/schema\/logo\/image\/\"},\"sameAs\":[\"https:\/\/www.facebook.com\/ChinaTopack\/\",\"https:\/\/www.youtube.com\/@chinatopack\"]}]}<\/script>\n<!-- \/ Yoast SEO plugin. -->","yoast_head_json":{"title":"Custom Packaging Box Supplier | Kraft & Foil","description":"Paper Box Supplier: Eco kraft\/recycled boxes w\/ UV\/foil finishes. Precision manufacturing for retail\/cosmetics. Request custom solutions today!","robots":{"index":"index","follow":"follow","max-snippet":"max-snippet:-1","max-image-preview":"max-image-preview:large","max-video-preview":"max-video-preview:-1"},"canonical":"https:\/\/www.chinatopack.com\/es\/producto\/custom-large-logo-magnetic-folding-cheap-paper-jewelry-boxes-luxury-rigid-cardboard-packaging-for-personal-care-new-design\/","og_locale":"es_ES","og_type":"article","og_title":"Custom Packaging Box Supplier | Kraft & Foil","og_description":"Paper Box Supplier: Eco kraft\/recycled boxes w\/ UV\/foil finishes. Precision manufacturing for retail\/cosmetics. Request custom solutions today!","og_url":"https:\/\/www.chinatopack.com\/es\/producto\/custom-large-logo-magnetic-folding-cheap-paper-jewelry-boxes-luxury-rigid-cardboard-packaging-for-personal-care-new-design\/","og_site_name":"TOPACK Paper Boxes","article_publisher":"https:\/\/www.facebook.com\/ChinaTopack\/","article_modified_time":"2025-08-12T10:33:39+00:00","og_image":[{"width":800,"height":800,"url":"https:\/\/www.chinatopack.com\/wp-content\/uploads\/2025\/06\/Custom-Large-Logo-Magnetic-Folding-Gift-Box-Luxury-Rigid-Cardboard-Packaging-For-Personal-Care-New-Design-1.webp","type":"image\/webp"}],"twitter_card":"summary_large_image","twitter_misc":{"Tiempo de lectura":"3 minutos"},"schema":{"@context":"https:\/\/schema.org","@graph":[{"@type":"WebPage","@id":"https:\/\/www.chinatopack.com\/product\/custom-large-logo-magnetic-folding-cheap-paper-jewelry-boxes-luxury-rigid-cardboard-packaging-for-personal-care-new-design\/","url":"https:\/\/www.chinatopack.com\/product\/custom-large-logo-magnetic-folding-cheap-paper-jewelry-boxes-luxury-rigid-cardboard-packaging-for-personal-care-new-design\/","name":"Custom Packaging Box Supplier | Kraft & Foil","isPartOf":{"@id":"https:\/\/www.chinatopack.com\/#website"},"primaryImageOfPage":{"@id":"https:\/\/www.chinatopack.com\/product\/custom-large-logo-magnetic-folding-cheap-paper-jewelry-boxes-luxury-rigid-cardboard-packaging-for-personal-care-new-design\/#primaryimage"},"image":{"@id":"https:\/\/www.chinatopack.com\/product\/custom-large-logo-magnetic-folding-cheap-paper-jewelry-boxes-luxury-rigid-cardboard-packaging-for-personal-care-new-design\/#primaryimage"},"thumbnailUrl":"https:\/\/www.chinatopack.com\/wp-content\/uploads\/2025\/06\/Custom-Large-Logo-Magnetic-Folding-Gift-Box-Luxury-Rigid-Cardboard-Packaging-For-Personal-Care-New-Design-1.webp","datePublished":"2025-06-16T13:01:03+00:00","dateModified":"2025-08-12T10:33:39+00:00","description":"Paper Box Supplier: Eco kraft\/recycled boxes w\/ UV\/foil finishes. Precision manufacturing for retail\/cosmetics. Request custom solutions today!","breadcrumb":{"@id":"https:\/\/www.chinatopack.com\/product\/custom-large-logo-magnetic-folding-cheap-paper-jewelry-boxes-luxury-rigid-cardboard-packaging-for-personal-care-new-design\/#breadcrumb"},"inLanguage":"es","potentialAction":[{"@type":"ReadAction","target":["https:\/\/www.chinatopack.com\/product\/custom-large-logo-magnetic-folding-cheap-paper-jewelry-boxes-luxury-rigid-cardboard-packaging-for-personal-care-new-design\/"]}]},{"@type":"ImageObject","inLanguage":"es","@id":"https:\/\/www.chinatopack.com\/product\/custom-large-logo-magnetic-folding-cheap-paper-jewelry-boxes-luxury-rigid-cardboard-packaging-for-personal-care-new-design\/#primaryimage","url":"https:\/\/www.chinatopack.com\/wp-content\/uploads\/2025\/06\/Custom-Large-Logo-Magnetic-Folding-Gift-Box-Luxury-Rigid-Cardboard-Packaging-For-Personal-Care-New-Design-1.webp","contentUrl":"https:\/\/www.chinatopack.com\/wp-content\/uploads\/2025\/06\/Custom-Large-Logo-Magnetic-Folding-Gift-Box-Luxury-Rigid-Cardboard-Packaging-For-Personal-Care-New-Design-1.webp","width":800,"height":800,"caption":"Custom Large Logo Magnetic Folding Gift Box Luxury Rigid Cardboard Packaging For Personal Care New Design"},{"@type":"BreadcrumbList","@id":"https:\/\/www.chinatopack.com\/product\/custom-large-logo-magnetic-folding-cheap-paper-jewelry-boxes-luxury-rigid-cardboard-packaging-for-personal-care-new-design\/#breadcrumb","itemListElement":[{"@type":"ListItem","position":1,"name":"Home","item":"https:\/\/www.chinatopack.com\/"},{"@type":"ListItem","position":2,"name":"Products","item":"https:\/\/www.chinatopack.com\/shop\/"},{"@type":"ListItem","position":3,"name":"Custom Large Logo Magnetic Folding Cheap Paper Jewelry Boxes Luxury Rigid Cardboard Packaging For Personal Care New Design"}]},{"@type":"WebSite","@id":"https:\/\/www.chinatopack.com\/#website","url":"https:\/\/www.chinatopack.com\/","name":"TOPACK Paper Boxes","description":"","publisher":{"@id":"https:\/\/www.chinatopack.com\/#organization"},"potentialAction":[{"@type":"SearchAction","target":{"@type":"EntryPoint","urlTemplate":"https:\/\/www.chinatopack.com\/?s={search_term_string}"},"query-input":"required name=search_term_string"}],"inLanguage":"es"},{"@type":"Organization","@id":"https:\/\/www.chinatopack.com\/#organization","name":"TOPACK Paper Boxes","url":"https:\/\/www.chinatopack.com\/","logo":{"@type":"ImageObject","inLanguage":"es","@id":"https:\/\/www.chinatopack.com\/#\/schema\/logo\/image\/","url":"https:\/\/www.chinatopack.com\/wp-content\/uploads\/2025\/11\/logo2.webp","contentUrl":"https:\/\/www.chinatopack.com\/wp-content\/uploads\/2025\/11\/logo2.webp","width":512,"height":512,"caption":"TOPACK Paper Boxes"},"image":{"@id":"https:\/\/www.chinatopack.com\/#\/schema\/logo\/image\/"},"sameAs":["https:\/\/www.facebook.com\/ChinaTopack\/","https:\/\/www.youtube.com\/@chinatopack"]}]}},"_links":{"self":[{"href":"https:\/\/www.chinatopack.com\/es\/wp-json\/wp\/v2\/product\/12516"}],"collection":[{"href":"https:\/\/www.chinatopack.com\/es\/wp-json\/wp\/v2\/product"}],"about":[{"href":"https:\/\/www.chinatopack.com\/es\/wp-json\/wp\/v2\/types\/product"}],"replies":[{"embeddable":true,"href":"https:\/\/www.chinatopack.com\/es\/wp-json\/wp\/v2\/comments?post=12516"}],"wp:featuredmedia":[{"embeddable":true,"href":"https:\/\/www.chinatopack.com\/es\/wp-json\/wp\/v2\/media\/12517"}],"wp:attachment":[{"href":"https:\/\/www.chinatopack.com\/es\/wp-json\/wp\/v2\/media?parent=12516"}],"wp:term":[{"taxonomy":"product_cat","embeddable":true,"href":"https:\/\/www.chinatopack.com\/es\/wp-json\/wp\/v2\/product_cat?post=12516"},{"taxonomy":"product_tag","embeddable":true,"href":"https:\/\/www.chinatopack.com\/es\/wp-json\/wp\/v2\/product_tag?post=12516"}],"curies":[{"name":"wp","href":"https:\/\/api.w.org\/{rel}","templated":true}]}}