{"id":12528,"date":"2025-06-16T13:14:51","date_gmt":"2025-06-16T13:14:51","guid":{"rendered":"https:\/\/www.chinatopack.com\/?post_type=product&#038;p=12528"},"modified":"2025-08-12T10:36:25","modified_gmt":"2025-08-12T10:36:25","slug":"custom-large-logo-decorating-boxes-with-paper-luxury-rigid-cardboard-packaging-for-personal-care-new-design","status":"publish","type":"product","link":"https:\/\/www.chinatopack.com\/es\/producto\/custom-large-logo-decorating-boxes-with-paper-luxury-rigid-cardboard-packaging-for-personal-care-new-design\/","title":{"rendered":"Logotipo grande personalizado que adorna las cajas con el cart\u00f3n r\u00edgido de lujo de papel que empaqueta para el cuidado personal nuevo dise\u00f1o"},"content":{"rendered":"<h2>Cajas de papel personalizadas premium: Elegancia y funcionalidad redefinidas<\/h2>\n<p>Eleve su marca con productos de lujo personalizados <a href=\"https:\/\/www.chinatopack.com\/es\/\"><strong>cajas de papel<\/strong><\/a>, meticulosamente elaborados para exhibir sus productos con sofisticaci\u00f3n. Ideales para cosm\u00e9ticos, joyer\u00eda, electr\u00f3nica, alimentos gourmet y regalos de gama alta, nuestras soluciones de envasado combinan una protecci\u00f3n superior con una est\u00e9tica refinada.<\/p>\n<h3>Dise\u00f1os y aplicaciones a medida<\/h3>\n<p>Elija entre cajas r\u00edgidas, <a href=\"https:\/\/www.chinatopack.com\/es\/etiqueta-producto\/paper-boxes-with-lids\/\"><strong>cajas de papel con tapa<\/strong><\/a>cajas con cierre magn\u00e9tico, <a href=\"https:\/\/www.chinatopack.com\/es\/etiqueta-producto\/brown-paper-gift-boxes\/\"><strong>cajas de regalo de papel marr\u00f3n<\/strong><\/a>Cajas tipo caj\u00f3n, <a href=\"https:\/\/www.chinatopack.com\/es\/etiqueta-producto\/storage-boxes-paper\/\"><strong>cajas de papel<\/strong><\/a>o cajas plegables, cada una personalizable en tama\u00f1o, forma y estructura. Para art\u00edculos delicados como perfumes o cristaler\u00eda, recomendamos inserciones de espuma o forro de terciopelo para evitar que se muevan. Para chocolates o cosm\u00e9ticos de primera calidad, las bandejas de pl\u00e1stico PET o los insertos de pasta moldeada garantizan una colocaci\u00f3n segura al tiempo que mantienen la elegancia.<\/p>\n<h3>Materiales de primera calidad y sostenibilidad<\/h3>\n<p>En <a href=\"https:\/\/www.chinatopack.com\/es\/producto\/custom-large-logo-decorating-boxes-with-paper-luxury-rigid-cardboard-packaging-for-personal-care-new-design\/\"><strong>decorar cajas con papel<\/strong><\/a> Elija entre papel art\u00edstico mate\/brillante, papel kraft texturizado o cart\u00f3n reciclado respetuoso con el medio ambiente, con opciones de plastificado suave al tacto, UV directo o logotipos en relieve para una sensaci\u00f3n t\u00e1ctil de lujo.<\/p>\n<h3>Acabados y artesan\u00eda exquisitos<\/h3>\n<p>Mejorar la <a href=\"https:\/\/www.chinatopack.com\/es\/about-us\/\"><strong>cajas de papel a medida<\/strong><\/a> con estampado en caliente, gofrado, troquelado personalizado o flocado interior para una experiencia unboxing de alta gama.<\/p>\n<h3>Proceso de producci\u00f3n de precisi\u00f3n<\/h3>\n<p>1.Consulta de dise\u00f1o - Dise\u00f1o estructural y gr\u00e1fico a medida.<br \/>\n2.Selecci\u00f3n de materiales e insertos: protecci\u00f3n \u00f3ptima con insertos de primera calidad.<br \/>\n3.Impresi\u00f3n de alta gama: colores vivos y acabados especiales.<br \/>\n4.Montaje manual y control de calidad: atenci\u00f3n meticulosa a los detalles.<\/p>\n<p>Cause una impresi\u00f3n duradera con envases que protegen, promocionan y perfeccionan su marca. P\u00f3ngase en contacto con nosotros <a href=\"https:\/\/www.chinatopack.com\/es\/category\/custom-paper-box\/\"><strong>cajas de papel baratas<\/strong><\/a> y soluciones a medida.<\/p>\n<h2>Detalles del producto<\/h2>\n<p><img loading=\"lazy\" decoding=\"async\" class=\"size-full wp-image-12535 aligncenter\" data-src=\"https:\/\/www.chinatopack.com\/wp-content\/uploads\/2025\/06\/Custom-Large-Logo-Magnetic-Folding-Gift-Box-Luxury-Rigid-Cardboard-Packaging-For-Personal-Care-New-Design6.webp\" alt=\"Logotipo personalizado grande magn\u00e9tico plegable caja de regalo de lujo de cart\u00f3n r\u00edgido de envasado para el cuidado personal de nuevo dise\u00f1o\" width=\"800\" height=\"800\" srcset=\"https:\/\/www.chinatopack.com\/wp-content\/uploads\/2025\/06\/Custom-Large-Logo-Magnetic-Folding-Gift-Box-Luxury-Rigid-Cardboard-Packaging-For-Personal-Care-New-Design6.webp 800w, https:\/\/www.chinatopack.com\/wp-content\/uploads\/2025\/06\/Custom-Large-Logo-Magnetic-Folding-Gift-Box-Luxury-Rigid-Cardboard-Packaging-For-Personal-Care-New-Design6-480x480.webp 480w\" sizes=\"(min-width: 0px) and (max-width: 480px) 480px, (min-width: 481px) 800px, 100vw\" \/> <img loading=\"lazy\" decoding=\"async\" class=\"size-full wp-image-12530 aligncenter\" data-src=\"https:\/\/www.chinatopack.com\/wp-content\/uploads\/2025\/06\/Custom-Large-Logo-Magnetic-Folding-Gift-Box-Luxury-Rigid-Cardboard-Packaging-For-Personal-Care-New-Design7.webp\" alt=\"Logotipo personalizado grande magn\u00e9tico plegable caja de regalo de lujo de cart\u00f3n r\u00edgido de envasado para el cuidado personal de nuevo dise\u00f1o\" width=\"800\" height=\"800\" srcset=\"https:\/\/www.chinatopack.com\/wp-content\/uploads\/2025\/06\/Custom-Large-Logo-Magnetic-Folding-Gift-Box-Luxury-Rigid-Cardboard-Packaging-For-Personal-Care-New-Design7.webp 800w, https:\/\/www.chinatopack.com\/wp-content\/uploads\/2025\/06\/Custom-Large-Logo-Magnetic-Folding-Gift-Box-Luxury-Rigid-Cardboard-Packaging-For-Personal-Care-New-Design7-480x480.webp 480w\" sizes=\"(min-width: 0px) and (max-width: 480px) 480px, (min-width: 481px) 800px, 100vw\" \/><\/p>","protected":false},"excerpt":{"rendered":"<p>Elegante y sofisticado<br \/>\n\u00bfBusca una forma elegante y sofisticada de exponer sus productos? Entonces las cajas de hombro personalizadas son la soluci\u00f3n perfecta. Estas cajas de dos piezas cuentan con un cierre de cuello que a\u00f1ade un aspecto elegante a sus productos<\/p>","protected":false},"featured_media":12529,"comment_status":"closed","ping_status":"closed","template":"","meta":{"_et_pb_use_builder":"","_et_pb_old_content":"","_et_gb_content_width":""},"product_cat":[280],"product_tag":[284,285,282],"yoast_head":"<!-- This site is optimized with the Yoast SEO plugin v22.7 - https:\/\/yoast.com\/wordpress\/plugins\/seo\/ -->\n<title>Premium Custom Box Supplier | Luxury in China<\/title>\n<meta name=\"description\" content=\"Supplier of Luxury Custom Boxes: Eco materials, foil\/embossing &amp; precision manufacturing. For cosmetics\/jewelry brands. Tailored sizes\/inserts. Request quote!\" \/>\n<meta name=\"robots\" content=\"index, follow, max-snippet:-1, max-image-preview:large, max-video-preview:-1\" \/>\n<link rel=\"canonical\" href=\"https:\/\/www.chinatopack.com\/es\/producto\/custom-large-logo-decorating-boxes-with-paper-luxury-rigid-cardboard-packaging-for-personal-care-new-design\/\" \/>\n<meta property=\"og:locale\" content=\"es_ES\" \/>\n<meta property=\"og:type\" content=\"article\" \/>\n<meta property=\"og:title\" content=\"Premium Custom Box Supplier | Luxury in China\" \/>\n<meta property=\"og:description\" content=\"Supplier of Luxury Custom Boxes: Eco materials, foil\/embossing &amp; precision manufacturing. For cosmetics\/jewelry brands. Tailored sizes\/inserts. Request quote!\" \/>\n<meta property=\"og:url\" content=\"https:\/\/www.chinatopack.com\/es\/producto\/custom-large-logo-decorating-boxes-with-paper-luxury-rigid-cardboard-packaging-for-personal-care-new-design\/\" \/>\n<meta property=\"og:site_name\" content=\"TOPACK Paper Boxes\" \/>\n<meta property=\"article:publisher\" content=\"https:\/\/www.facebook.com\/ChinaTopack\/\" \/>\n<meta property=\"article:modified_time\" content=\"2025-08-12T10:36:25+00:00\" \/>\n<meta property=\"og:image\" content=\"https:\/\/www.chinatopack.com\/wp-content\/uploads\/2025\/06\/Custom-Large-Logo-Magnetic-Folding-Gift-Box-Luxury-Rigid-Cardboard-Packaging-For-Personal-Care-New-Design1.webp\" \/>\n\t<meta property=\"og:image:width\" content=\"800\" \/>\n\t<meta property=\"og:image:height\" content=\"800\" \/>\n\t<meta property=\"og:image:type\" content=\"image\/webp\" \/>\n<meta name=\"twitter:card\" content=\"summary_large_image\" \/>\n<meta name=\"twitter:label1\" content=\"Tiempo de lectura\" \/>\n\t<meta name=\"twitter:data1\" content=\"2 minutos\" \/>\n<script type=\"application\/ld+json\" class=\"yoast-schema-graph\">{\"@context\":\"https:\/\/schema.org\",\"@graph\":[{\"@type\":\"WebPage\",\"@id\":\"https:\/\/www.chinatopack.com\/product\/custom-large-logo-decorating-boxes-with-paper-luxury-rigid-cardboard-packaging-for-personal-care-new-design\/\",\"url\":\"https:\/\/www.chinatopack.com\/product\/custom-large-logo-decorating-boxes-with-paper-luxury-rigid-cardboard-packaging-for-personal-care-new-design\/\",\"name\":\"Premium Custom Box Supplier | Luxury in China\",\"isPartOf\":{\"@id\":\"https:\/\/www.chinatopack.com\/#website\"},\"primaryImageOfPage\":{\"@id\":\"https:\/\/www.chinatopack.com\/product\/custom-large-logo-decorating-boxes-with-paper-luxury-rigid-cardboard-packaging-for-personal-care-new-design\/#primaryimage\"},\"image\":{\"@id\":\"https:\/\/www.chinatopack.com\/product\/custom-large-logo-decorating-boxes-with-paper-luxury-rigid-cardboard-packaging-for-personal-care-new-design\/#primaryimage\"},\"thumbnailUrl\":\"https:\/\/www.chinatopack.com\/wp-content\/uploads\/2025\/06\/Custom-Large-Logo-Magnetic-Folding-Gift-Box-Luxury-Rigid-Cardboard-Packaging-For-Personal-Care-New-Design1.webp\",\"datePublished\":\"2025-06-16T13:14:51+00:00\",\"dateModified\":\"2025-08-12T10:36:25+00:00\",\"description\":\"Supplier of Luxury Custom Boxes: Eco materials, foil\/embossing & precision manufacturing. For cosmetics\/jewelry brands. Tailored sizes\/inserts. Request quote!\",\"breadcrumb\":{\"@id\":\"https:\/\/www.chinatopack.com\/product\/custom-large-logo-decorating-boxes-with-paper-luxury-rigid-cardboard-packaging-for-personal-care-new-design\/#breadcrumb\"},\"inLanguage\":\"es\",\"potentialAction\":[{\"@type\":\"ReadAction\",\"target\":[\"https:\/\/www.chinatopack.com\/product\/custom-large-logo-decorating-boxes-with-paper-luxury-rigid-cardboard-packaging-for-personal-care-new-design\/\"]}]},{\"@type\":\"ImageObject\",\"inLanguage\":\"es\",\"@id\":\"https:\/\/www.chinatopack.com\/product\/custom-large-logo-decorating-boxes-with-paper-luxury-rigid-cardboard-packaging-for-personal-care-new-design\/#primaryimage\",\"url\":\"https:\/\/www.chinatopack.com\/wp-content\/uploads\/2025\/06\/Custom-Large-Logo-Magnetic-Folding-Gift-Box-Luxury-Rigid-Cardboard-Packaging-For-Personal-Care-New-Design1.webp\",\"contentUrl\":\"https:\/\/www.chinatopack.com\/wp-content\/uploads\/2025\/06\/Custom-Large-Logo-Magnetic-Folding-Gift-Box-Luxury-Rigid-Cardboard-Packaging-For-Personal-Care-New-Design1.webp\",\"width\":800,\"height\":800,\"caption\":\"Custom Large Logo Magnetic Folding Gift Box Luxury Rigid Cardboard Packaging For Personal Care New Design\"},{\"@type\":\"BreadcrumbList\",\"@id\":\"https:\/\/www.chinatopack.com\/product\/custom-large-logo-decorating-boxes-with-paper-luxury-rigid-cardboard-packaging-for-personal-care-new-design\/#breadcrumb\",\"itemListElement\":[{\"@type\":\"ListItem\",\"position\":1,\"name\":\"Home\",\"item\":\"https:\/\/www.chinatopack.com\/\"},{\"@type\":\"ListItem\",\"position\":2,\"name\":\"Products\",\"item\":\"https:\/\/www.chinatopack.com\/shop\/\"},{\"@type\":\"ListItem\",\"position\":3,\"name\":\"Custom Large Logo Decorating Boxes with Paper Luxury Rigid Cardboard Packaging For Personal Care New Design\"}]},{\"@type\":\"WebSite\",\"@id\":\"https:\/\/www.chinatopack.com\/#website\",\"url\":\"https:\/\/www.chinatopack.com\/\",\"name\":\"TOPACK Paper Boxes\",\"description\":\"\",\"publisher\":{\"@id\":\"https:\/\/www.chinatopack.com\/#organization\"},\"potentialAction\":[{\"@type\":\"SearchAction\",\"target\":{\"@type\":\"EntryPoint\",\"urlTemplate\":\"https:\/\/www.chinatopack.com\/?s={search_term_string}\"},\"query-input\":\"required name=search_term_string\"}],\"inLanguage\":\"es\"},{\"@type\":\"Organization\",\"@id\":\"https:\/\/www.chinatopack.com\/#organization\",\"name\":\"TOPACK Paper Boxes\",\"url\":\"https:\/\/www.chinatopack.com\/\",\"logo\":{\"@type\":\"ImageObject\",\"inLanguage\":\"es\",\"@id\":\"https:\/\/www.chinatopack.com\/#\/schema\/logo\/image\/\",\"url\":\"https:\/\/www.chinatopack.com\/wp-content\/uploads\/2025\/11\/logo2.webp\",\"contentUrl\":\"https:\/\/www.chinatopack.com\/wp-content\/uploads\/2025\/11\/logo2.webp\",\"width\":512,\"height\":512,\"caption\":\"TOPACK Paper Boxes\"},\"image\":{\"@id\":\"https:\/\/www.chinatopack.com\/#\/schema\/logo\/image\/\"},\"sameAs\":[\"https:\/\/www.facebook.com\/ChinaTopack\/\",\"https:\/\/www.youtube.com\/@chinatopack\"]}]}<\/script>\n<!-- \/ Yoast SEO plugin. -->","yoast_head_json":{"title":"Premium Custom Box Supplier | Luxury in China","description":"Supplier of Luxury Custom Boxes: Eco materials, foil\/embossing & precision manufacturing. For cosmetics\/jewelry brands. Tailored sizes\/inserts. Request quote!","robots":{"index":"index","follow":"follow","max-snippet":"max-snippet:-1","max-image-preview":"max-image-preview:large","max-video-preview":"max-video-preview:-1"},"canonical":"https:\/\/www.chinatopack.com\/es\/producto\/custom-large-logo-decorating-boxes-with-paper-luxury-rigid-cardboard-packaging-for-personal-care-new-design\/","og_locale":"es_ES","og_type":"article","og_title":"Premium Custom Box Supplier | Luxury in China","og_description":"Supplier of Luxury Custom Boxes: Eco materials, foil\/embossing & precision manufacturing. For cosmetics\/jewelry brands. Tailored sizes\/inserts. Request quote!","og_url":"https:\/\/www.chinatopack.com\/es\/producto\/custom-large-logo-decorating-boxes-with-paper-luxury-rigid-cardboard-packaging-for-personal-care-new-design\/","og_site_name":"TOPACK Paper Boxes","article_publisher":"https:\/\/www.facebook.com\/ChinaTopack\/","article_modified_time":"2025-08-12T10:36:25+00:00","og_image":[{"width":800,"height":800,"url":"https:\/\/www.chinatopack.com\/wp-content\/uploads\/2025\/06\/Custom-Large-Logo-Magnetic-Folding-Gift-Box-Luxury-Rigid-Cardboard-Packaging-For-Personal-Care-New-Design1.webp","type":"image\/webp"}],"twitter_card":"summary_large_image","twitter_misc":{"Tiempo de lectura":"2 minutos"},"schema":{"@context":"https:\/\/schema.org","@graph":[{"@type":"WebPage","@id":"https:\/\/www.chinatopack.com\/product\/custom-large-logo-decorating-boxes-with-paper-luxury-rigid-cardboard-packaging-for-personal-care-new-design\/","url":"https:\/\/www.chinatopack.com\/product\/custom-large-logo-decorating-boxes-with-paper-luxury-rigid-cardboard-packaging-for-personal-care-new-design\/","name":"Premium Custom Box Supplier | Luxury in China","isPartOf":{"@id":"https:\/\/www.chinatopack.com\/#website"},"primaryImageOfPage":{"@id":"https:\/\/www.chinatopack.com\/product\/custom-large-logo-decorating-boxes-with-paper-luxury-rigid-cardboard-packaging-for-personal-care-new-design\/#primaryimage"},"image":{"@id":"https:\/\/www.chinatopack.com\/product\/custom-large-logo-decorating-boxes-with-paper-luxury-rigid-cardboard-packaging-for-personal-care-new-design\/#primaryimage"},"thumbnailUrl":"https:\/\/www.chinatopack.com\/wp-content\/uploads\/2025\/06\/Custom-Large-Logo-Magnetic-Folding-Gift-Box-Luxury-Rigid-Cardboard-Packaging-For-Personal-Care-New-Design1.webp","datePublished":"2025-06-16T13:14:51+00:00","dateModified":"2025-08-12T10:36:25+00:00","description":"Supplier of Luxury Custom Boxes: Eco materials, foil\/embossing & precision manufacturing. For cosmetics\/jewelry brands. Tailored sizes\/inserts. Request quote!","breadcrumb":{"@id":"https:\/\/www.chinatopack.com\/product\/custom-large-logo-decorating-boxes-with-paper-luxury-rigid-cardboard-packaging-for-personal-care-new-design\/#breadcrumb"},"inLanguage":"es","potentialAction":[{"@type":"ReadAction","target":["https:\/\/www.chinatopack.com\/product\/custom-large-logo-decorating-boxes-with-paper-luxury-rigid-cardboard-packaging-for-personal-care-new-design\/"]}]},{"@type":"ImageObject","inLanguage":"es","@id":"https:\/\/www.chinatopack.com\/product\/custom-large-logo-decorating-boxes-with-paper-luxury-rigid-cardboard-packaging-for-personal-care-new-design\/#primaryimage","url":"https:\/\/www.chinatopack.com\/wp-content\/uploads\/2025\/06\/Custom-Large-Logo-Magnetic-Folding-Gift-Box-Luxury-Rigid-Cardboard-Packaging-For-Personal-Care-New-Design1.webp","contentUrl":"https:\/\/www.chinatopack.com\/wp-content\/uploads\/2025\/06\/Custom-Large-Logo-Magnetic-Folding-Gift-Box-Luxury-Rigid-Cardboard-Packaging-For-Personal-Care-New-Design1.webp","width":800,"height":800,"caption":"Custom Large Logo Magnetic Folding Gift Box Luxury Rigid Cardboard Packaging For Personal Care New Design"},{"@type":"BreadcrumbList","@id":"https:\/\/www.chinatopack.com\/product\/custom-large-logo-decorating-boxes-with-paper-luxury-rigid-cardboard-packaging-for-personal-care-new-design\/#breadcrumb","itemListElement":[{"@type":"ListItem","position":1,"name":"Home","item":"https:\/\/www.chinatopack.com\/"},{"@type":"ListItem","position":2,"name":"Products","item":"https:\/\/www.chinatopack.com\/shop\/"},{"@type":"ListItem","position":3,"name":"Custom Large Logo Decorating Boxes with Paper Luxury Rigid Cardboard Packaging For Personal Care New Design"}]},{"@type":"WebSite","@id":"https:\/\/www.chinatopack.com\/#website","url":"https:\/\/www.chinatopack.com\/","name":"TOPACK Paper Boxes","description":"","publisher":{"@id":"https:\/\/www.chinatopack.com\/#organization"},"potentialAction":[{"@type":"SearchAction","target":{"@type":"EntryPoint","urlTemplate":"https:\/\/www.chinatopack.com\/?s={search_term_string}"},"query-input":"required name=search_term_string"}],"inLanguage":"es"},{"@type":"Organization","@id":"https:\/\/www.chinatopack.com\/#organization","name":"TOPACK Paper Boxes","url":"https:\/\/www.chinatopack.com\/","logo":{"@type":"ImageObject","inLanguage":"es","@id":"https:\/\/www.chinatopack.com\/#\/schema\/logo\/image\/","url":"https:\/\/www.chinatopack.com\/wp-content\/uploads\/2025\/11\/logo2.webp","contentUrl":"https:\/\/www.chinatopack.com\/wp-content\/uploads\/2025\/11\/logo2.webp","width":512,"height":512,"caption":"TOPACK Paper Boxes"},"image":{"@id":"https:\/\/www.chinatopack.com\/#\/schema\/logo\/image\/"},"sameAs":["https:\/\/www.facebook.com\/ChinaTopack\/","https:\/\/www.youtube.com\/@chinatopack"]}]}},"_links":{"self":[{"href":"https:\/\/www.chinatopack.com\/es\/wp-json\/wp\/v2\/product\/12528"}],"collection":[{"href":"https:\/\/www.chinatopack.com\/es\/wp-json\/wp\/v2\/product"}],"about":[{"href":"https:\/\/www.chinatopack.com\/es\/wp-json\/wp\/v2\/types\/product"}],"replies":[{"embeddable":true,"href":"https:\/\/www.chinatopack.com\/es\/wp-json\/wp\/v2\/comments?post=12528"}],"wp:featuredmedia":[{"embeddable":true,"href":"https:\/\/www.chinatopack.com\/es\/wp-json\/wp\/v2\/media\/12529"}],"wp:attachment":[{"href":"https:\/\/www.chinatopack.com\/es\/wp-json\/wp\/v2\/media?parent=12528"}],"wp:term":[{"taxonomy":"product_cat","embeddable":true,"href":"https:\/\/www.chinatopack.com\/es\/wp-json\/wp\/v2\/product_cat?post=12528"},{"taxonomy":"product_tag","embeddable":true,"href":"https:\/\/www.chinatopack.com\/es\/wp-json\/wp\/v2\/product_tag?post=12528"}],"curies":[{"name":"wp","href":"https:\/\/api.w.org\/{rel}","templated":true}]}}