{"id":12536,"date":"2025-06-16T13:43:46","date_gmt":"2025-06-16T13:43:46","guid":{"rendered":"https:\/\/www.chinatopack.com\/?post_type=product&#038;p=12536"},"modified":"2025-08-12T10:39:20","modified_gmt":"2025-08-12T10:39:20","slug":"china-manufacture-custom-product-paper-gift-boxes-with-lids-for-presents","status":"publish","type":"product","link":"https:\/\/www.chinatopack.com\/es\/producto\/china-manufacture-custom-product-paper-gift-boxes-with-lids-for-presents\/","title":{"rendered":"China Fabricaci\u00f3n Producto Personalizado Cajas De Regalo De Papel Con Tapas Para Regalos"},"content":{"rendered":"<h2>Elegantes cajas de papel para regalo: donde la reflexi\u00f3n se une a la artesan\u00eda<\/h2>\n<p>Celebre los momentos especiales de la vida con nuestro hermoso dise\u00f1o<a href=\"https:\/\/www.chinatopack.com\/es\/\"><strong> cajas de regalo kraft<\/strong><\/a>-una mezcla perfecta de sofisticaci\u00f3n y sostenibilidad. Fabricadas con materiales ecol\u00f3gicos de primera calidad, cada caja ofrece una experiencia de lujo al abrir la caja y, al mismo tiempo, respeta tu compromiso con el planeta.<\/p>\n<p>Ya sea para bombones, joyas, cosm\u00e9ticos o regalos personalizados, nuestra vers\u00e1til colecci\u00f3n se adapta a todas las ocasiones. Elija entre una amplia gama de texturas, colores y acabados (mate, brillante, estampado o gofrado) para complementar a la perfecci\u00f3n el tema de su marca o evento. Los detalles, como los cierres magn\u00e9ticos, los detalles en forma de cinta y los interiores con impresi\u00f3n personalizada, a\u00f1aden un toque extra de elegancia.<\/p>\n<p>Ideales para tiendas, regalos de empresa o bodas, nuestras cajas de papel transforman regalos corrientes en preciados recuerdos. Ligeras pero duraderas, protegen sus tesoros y causan una impresi\u00f3n duradera.<br \/>\nPorque los mejores regalos merecen un envoltorio tan extraordinario como su contenido. Eleve sus regalos con un dise\u00f1o atemporal y respetuoso con el medio ambiente. <a href=\"https:\/\/www.chinatopack.com\/es\/about-us\/\"><strong>fabricantes de cajas de regalo<\/strong><\/a>.<\/p>\n<h2>Detalles del producto<\/h2>\n<p><img loading=\"lazy\" decoding=\"async\" class=\"size-full wp-image-12544 aligncenter\" data-src=\"https:\/\/www.chinatopack.com\/wp-content\/uploads\/2025\/06\/China-Manufacture-Custom-Product-Paper-Gift-Box-For-Product-Packaging10.webp\" alt=\"China Fabricaci\u00f3n Producto Personalizado Caja De Regalo De Papel Para El Embalaje Del Producto\" width=\"800\" height=\"800\" srcset=\"https:\/\/www.chinatopack.com\/wp-content\/uploads\/2025\/06\/China-Manufacture-Custom-Product-Paper-Gift-Box-For-Product-Packaging10.webp 800w, https:\/\/www.chinatopack.com\/wp-content\/uploads\/2025\/06\/China-Manufacture-Custom-Product-Paper-Gift-Box-For-Product-Packaging10-480x480.webp 480w\" sizes=\"(min-width: 0px) and (max-width: 480px) 480px, (min-width: 481px) 800px, 100vw\" \/><\/p>\n<p style=\"text-align: center;\"><a href=\"https:\/\/www.chinatopack.com\/es\/producto\/china-manufacture-custom-product-paper-gift-boxes-with-lids-for-presents\/\"><strong>Cajas con tapa para regalos<\/strong><\/a><\/p>\n<p><img loading=\"lazy\" decoding=\"async\" class=\"size-full wp-image-12545 aligncenter\" data-src=\"https:\/\/www.chinatopack.com\/wp-content\/uploads\/2025\/06\/China-Manufacture-Custom-Product-Paper-Gift-Box-For-Product-Packaging14.webp\" alt=\"China Fabricaci\u00f3n Producto Personalizado Caja De Regalo De Papel Para El Embalaje Del Producto\" width=\"800\" height=\"800\" srcset=\"https:\/\/www.chinatopack.com\/wp-content\/uploads\/2025\/06\/China-Manufacture-Custom-Product-Paper-Gift-Box-For-Product-Packaging14.webp 800w, https:\/\/www.chinatopack.com\/wp-content\/uploads\/2025\/06\/China-Manufacture-Custom-Product-Paper-Gift-Box-For-Product-Packaging14-480x480.webp 480w\" sizes=\"(min-width: 0px) and (max-width: 480px) 480px, (min-width: 481px) 800px, 100vw\" \/><\/p>\n<p style=\"text-align: center;\"><a href=\"https:\/\/www.chinatopack.com\/es\/category\/gift-box\/\"><strong>Cajas de regalo de lujo<\/strong><\/a><\/p>\n<p><img loading=\"lazy\" decoding=\"async\" class=\"size-full wp-image-12546 aligncenter\" data-src=\"https:\/\/www.chinatopack.com\/wp-content\/uploads\/2025\/06\/China-Manufacture-Custom-Product-Paper-Gift-Box-For-Product-Packaging8.webp\" alt=\"China Fabricaci\u00f3n Producto Personalizado Caja De Regalo De Papel Para El Embalaje Del Producto\" width=\"800\" height=\"800\" srcset=\"https:\/\/www.chinatopack.com\/wp-content\/uploads\/2025\/06\/China-Manufacture-Custom-Product-Paper-Gift-Box-For-Product-Packaging8.webp 800w, https:\/\/www.chinatopack.com\/wp-content\/uploads\/2025\/06\/China-Manufacture-Custom-Product-Paper-Gift-Box-For-Product-Packaging8-480x480.webp 480w\" sizes=\"(min-width: 0px) and (max-width: 480px) 480px, (min-width: 481px) 800px, 100vw\" \/><\/p>\n<p style=\"text-align: center;\"><strong>caja regalo d\u00eda de la madre<\/strong><\/p>\n<p><img loading=\"lazy\" decoding=\"async\" class=\"size-full wp-image-12547 aligncenter\" data-src=\"https:\/\/www.chinatopack.com\/wp-content\/uploads\/2025\/06\/China-Manufacture-Custom-Product-Paper-Gift-Box-For-Product-Packaging9.webp\" alt=\"China Fabricaci\u00f3n Producto Personalizado Caja De Regalo De Papel Para El Embalaje Del Producto\" width=\"800\" height=\"800\" srcset=\"https:\/\/www.chinatopack.com\/wp-content\/uploads\/2025\/06\/China-Manufacture-Custom-Product-Paper-Gift-Box-For-Product-Packaging9.webp 800w, https:\/\/www.chinatopack.com\/wp-content\/uploads\/2025\/06\/China-Manufacture-Custom-Product-Paper-Gift-Box-For-Product-Packaging9-480x480.webp 480w\" sizes=\"(min-width: 0px) and (max-width: 480px) 480px, (min-width: 481px) 800px, 100vw\" \/><\/p>\n<p style=\"text-align: center;\"><a href=\"https:\/\/www.chinatopack.com\/es\/etiqueta-producto\/baby-shower-gift-box\/\"><strong>caja regalo baby shower<\/strong><\/a><\/p>","protected":false},"excerpt":{"rendered":"<p>Una primera impresi\u00f3n impactante<br \/>\nIndependientemente de lo que venda, las cajas r\u00edgidas plegables irradian lujo. Adem\u00e1s de tener un aspecto atractivo, su dise\u00f1o plegable facilita el embalaje de sus productos y causa una buena primera impresi\u00f3n a sus clientes.<\/p>","protected":false},"featured_media":12537,"comment_status":"closed","ping_status":"closed","template":"","meta":{"_et_pb_use_builder":"","_et_pb_old_content":"","_et_gb_content_width":""},"product_cat":[281],"product_tag":[293,289],"yoast_head":"<!-- This site is optimized with the Yoast SEO plugin v22.7 - https:\/\/yoast.com\/wordpress\/plugins\/seo\/ -->\n<title>Luxury Kraft Gift Box Manufacturer | Eco Custom in China<\/title>\n<meta name=\"description\" content=\"20+ Yrs Gift Box Manufacturer: Eco-luxury kraft boxes w\/ magnetic closure &amp; foil finishes. For weddings\/corporate gifting. Craftsmanship since 2003.\" \/>\n<meta name=\"robots\" content=\"index, follow, max-snippet:-1, max-image-preview:large, max-video-preview:-1\" \/>\n<link rel=\"canonical\" href=\"https:\/\/www.chinatopack.com\/es\/producto\/china-manufacture-custom-product-paper-gift-boxes-with-lids-for-presents\/\" \/>\n<meta property=\"og:locale\" content=\"es_ES\" \/>\n<meta property=\"og:type\" content=\"article\" \/>\n<meta property=\"og:title\" content=\"Luxury Kraft Gift Box Manufacturer | Eco Custom in China\" \/>\n<meta property=\"og:description\" content=\"20+ Yrs Gift Box Manufacturer: Eco-luxury kraft boxes w\/ magnetic closure &amp; foil finishes. For weddings\/corporate gifting. Craftsmanship since 2003.\" \/>\n<meta property=\"og:url\" content=\"https:\/\/www.chinatopack.com\/es\/producto\/china-manufacture-custom-product-paper-gift-boxes-with-lids-for-presents\/\" \/>\n<meta property=\"og:site_name\" content=\"TOPACK Paper Boxes\" \/>\n<meta property=\"article:publisher\" content=\"https:\/\/www.facebook.com\/ChinaTopack\/\" \/>\n<meta property=\"article:modified_time\" content=\"2025-08-12T10:39:20+00:00\" \/>\n<meta property=\"og:image\" content=\"https:\/\/www.chinatopack.com\/wp-content\/uploads\/2025\/06\/China-Manufacture-Custom-Product-Paper-Gift-Box-For-Product-Packaging1.webp\" \/>\n\t<meta property=\"og:image:width\" content=\"800\" \/>\n\t<meta property=\"og:image:height\" content=\"800\" \/>\n\t<meta property=\"og:image:type\" content=\"image\/webp\" \/>\n<meta name=\"twitter:card\" content=\"summary_large_image\" \/>\n<meta name=\"twitter:label1\" content=\"Tiempo de lectura\" \/>\n\t<meta name=\"twitter:data1\" content=\"2 minutos\" \/>\n<script type=\"application\/ld+json\" class=\"yoast-schema-graph\">{\"@context\":\"https:\/\/schema.org\",\"@graph\":[{\"@type\":\"WebPage\",\"@id\":\"https:\/\/www.chinatopack.com\/product\/china-manufacture-custom-product-paper-gift-boxes-with-lids-for-presents\/\",\"url\":\"https:\/\/www.chinatopack.com\/product\/china-manufacture-custom-product-paper-gift-boxes-with-lids-for-presents\/\",\"name\":\"Luxury Kraft Gift Box Manufacturer | Eco Custom in China\",\"isPartOf\":{\"@id\":\"https:\/\/www.chinatopack.com\/#website\"},\"primaryImageOfPage\":{\"@id\":\"https:\/\/www.chinatopack.com\/product\/china-manufacture-custom-product-paper-gift-boxes-with-lids-for-presents\/#primaryimage\"},\"image\":{\"@id\":\"https:\/\/www.chinatopack.com\/product\/china-manufacture-custom-product-paper-gift-boxes-with-lids-for-presents\/#primaryimage\"},\"thumbnailUrl\":\"https:\/\/www.chinatopack.com\/wp-content\/uploads\/2025\/06\/China-Manufacture-Custom-Product-Paper-Gift-Box-For-Product-Packaging1.webp\",\"datePublished\":\"2025-06-16T13:43:46+00:00\",\"dateModified\":\"2025-08-12T10:39:20+00:00\",\"description\":\"20+ Yrs Gift Box Manufacturer: Eco-luxury kraft boxes w\/ magnetic closure & foil finishes. For weddings\/corporate gifting. Craftsmanship since 2003.\",\"breadcrumb\":{\"@id\":\"https:\/\/www.chinatopack.com\/product\/china-manufacture-custom-product-paper-gift-boxes-with-lids-for-presents\/#breadcrumb\"},\"inLanguage\":\"es\",\"potentialAction\":[{\"@type\":\"ReadAction\",\"target\":[\"https:\/\/www.chinatopack.com\/product\/china-manufacture-custom-product-paper-gift-boxes-with-lids-for-presents\/\"]}]},{\"@type\":\"ImageObject\",\"inLanguage\":\"es\",\"@id\":\"https:\/\/www.chinatopack.com\/product\/china-manufacture-custom-product-paper-gift-boxes-with-lids-for-presents\/#primaryimage\",\"url\":\"https:\/\/www.chinatopack.com\/wp-content\/uploads\/2025\/06\/China-Manufacture-Custom-Product-Paper-Gift-Box-For-Product-Packaging1.webp\",\"contentUrl\":\"https:\/\/www.chinatopack.com\/wp-content\/uploads\/2025\/06\/China-Manufacture-Custom-Product-Paper-Gift-Box-For-Product-Packaging1.webp\",\"width\":800,\"height\":800,\"caption\":\"China Manufacture Custom Product Paper Gift Box For Product Packaging\"},{\"@type\":\"BreadcrumbList\",\"@id\":\"https:\/\/www.chinatopack.com\/product\/china-manufacture-custom-product-paper-gift-boxes-with-lids-for-presents\/#breadcrumb\",\"itemListElement\":[{\"@type\":\"ListItem\",\"position\":1,\"name\":\"Home\",\"item\":\"https:\/\/www.chinatopack.com\/\"},{\"@type\":\"ListItem\",\"position\":2,\"name\":\"Products\",\"item\":\"https:\/\/www.chinatopack.com\/shop\/\"},{\"@type\":\"ListItem\",\"position\":3,\"name\":\"China Manufacture Custom Product Paper Gift Boxes With Lids For Presents\"}]},{\"@type\":\"WebSite\",\"@id\":\"https:\/\/www.chinatopack.com\/#website\",\"url\":\"https:\/\/www.chinatopack.com\/\",\"name\":\"TOPACK Paper Boxes\",\"description\":\"\",\"publisher\":{\"@id\":\"https:\/\/www.chinatopack.com\/#organization\"},\"potentialAction\":[{\"@type\":\"SearchAction\",\"target\":{\"@type\":\"EntryPoint\",\"urlTemplate\":\"https:\/\/www.chinatopack.com\/?s={search_term_string}\"},\"query-input\":\"required name=search_term_string\"}],\"inLanguage\":\"es\"},{\"@type\":\"Organization\",\"@id\":\"https:\/\/www.chinatopack.com\/#organization\",\"name\":\"TOPACK Paper Boxes\",\"url\":\"https:\/\/www.chinatopack.com\/\",\"logo\":{\"@type\":\"ImageObject\",\"inLanguage\":\"es\",\"@id\":\"https:\/\/www.chinatopack.com\/#\/schema\/logo\/image\/\",\"url\":\"https:\/\/www.chinatopack.com\/wp-content\/uploads\/2025\/11\/logo2.webp\",\"contentUrl\":\"https:\/\/www.chinatopack.com\/wp-content\/uploads\/2025\/11\/logo2.webp\",\"width\":512,\"height\":512,\"caption\":\"TOPACK Paper Boxes\"},\"image\":{\"@id\":\"https:\/\/www.chinatopack.com\/#\/schema\/logo\/image\/\"},\"sameAs\":[\"https:\/\/www.facebook.com\/ChinaTopack\/\",\"https:\/\/www.youtube.com\/@chinatopack\"]}]}<\/script>\n<!-- \/ Yoast SEO plugin. -->","yoast_head_json":{"title":"Luxury Kraft Gift Box Manufacturer | Eco Custom in China","description":"20+ Yrs Gift Box Manufacturer: Eco-luxury kraft boxes w\/ magnetic closure & foil finishes. For weddings\/corporate gifting. Craftsmanship since 2003.","robots":{"index":"index","follow":"follow","max-snippet":"max-snippet:-1","max-image-preview":"max-image-preview:large","max-video-preview":"max-video-preview:-1"},"canonical":"https:\/\/www.chinatopack.com\/es\/producto\/china-manufacture-custom-product-paper-gift-boxes-with-lids-for-presents\/","og_locale":"es_ES","og_type":"article","og_title":"Luxury Kraft Gift Box Manufacturer | Eco Custom in China","og_description":"20+ Yrs Gift Box Manufacturer: Eco-luxury kraft boxes w\/ magnetic closure & foil finishes. For weddings\/corporate gifting. Craftsmanship since 2003.","og_url":"https:\/\/www.chinatopack.com\/es\/producto\/china-manufacture-custom-product-paper-gift-boxes-with-lids-for-presents\/","og_site_name":"TOPACK Paper Boxes","article_publisher":"https:\/\/www.facebook.com\/ChinaTopack\/","article_modified_time":"2025-08-12T10:39:20+00:00","og_image":[{"width":800,"height":800,"url":"https:\/\/www.chinatopack.com\/wp-content\/uploads\/2025\/06\/China-Manufacture-Custom-Product-Paper-Gift-Box-For-Product-Packaging1.webp","type":"image\/webp"}],"twitter_card":"summary_large_image","twitter_misc":{"Tiempo de lectura":"2 minutos"},"schema":{"@context":"https:\/\/schema.org","@graph":[{"@type":"WebPage","@id":"https:\/\/www.chinatopack.com\/product\/china-manufacture-custom-product-paper-gift-boxes-with-lids-for-presents\/","url":"https:\/\/www.chinatopack.com\/product\/china-manufacture-custom-product-paper-gift-boxes-with-lids-for-presents\/","name":"Luxury Kraft Gift Box Manufacturer | Eco Custom in China","isPartOf":{"@id":"https:\/\/www.chinatopack.com\/#website"},"primaryImageOfPage":{"@id":"https:\/\/www.chinatopack.com\/product\/china-manufacture-custom-product-paper-gift-boxes-with-lids-for-presents\/#primaryimage"},"image":{"@id":"https:\/\/www.chinatopack.com\/product\/china-manufacture-custom-product-paper-gift-boxes-with-lids-for-presents\/#primaryimage"},"thumbnailUrl":"https:\/\/www.chinatopack.com\/wp-content\/uploads\/2025\/06\/China-Manufacture-Custom-Product-Paper-Gift-Box-For-Product-Packaging1.webp","datePublished":"2025-06-16T13:43:46+00:00","dateModified":"2025-08-12T10:39:20+00:00","description":"20+ Yrs Gift Box Manufacturer: Eco-luxury kraft boxes w\/ magnetic closure & foil finishes. For weddings\/corporate gifting. Craftsmanship since 2003.","breadcrumb":{"@id":"https:\/\/www.chinatopack.com\/product\/china-manufacture-custom-product-paper-gift-boxes-with-lids-for-presents\/#breadcrumb"},"inLanguage":"es","potentialAction":[{"@type":"ReadAction","target":["https:\/\/www.chinatopack.com\/product\/china-manufacture-custom-product-paper-gift-boxes-with-lids-for-presents\/"]}]},{"@type":"ImageObject","inLanguage":"es","@id":"https:\/\/www.chinatopack.com\/product\/china-manufacture-custom-product-paper-gift-boxes-with-lids-for-presents\/#primaryimage","url":"https:\/\/www.chinatopack.com\/wp-content\/uploads\/2025\/06\/China-Manufacture-Custom-Product-Paper-Gift-Box-For-Product-Packaging1.webp","contentUrl":"https:\/\/www.chinatopack.com\/wp-content\/uploads\/2025\/06\/China-Manufacture-Custom-Product-Paper-Gift-Box-For-Product-Packaging1.webp","width":800,"height":800,"caption":"China Manufacture Custom Product Paper Gift Box For Product Packaging"},{"@type":"BreadcrumbList","@id":"https:\/\/www.chinatopack.com\/product\/china-manufacture-custom-product-paper-gift-boxes-with-lids-for-presents\/#breadcrumb","itemListElement":[{"@type":"ListItem","position":1,"name":"Home","item":"https:\/\/www.chinatopack.com\/"},{"@type":"ListItem","position":2,"name":"Products","item":"https:\/\/www.chinatopack.com\/shop\/"},{"@type":"ListItem","position":3,"name":"China Manufacture Custom Product Paper Gift Boxes With Lids For Presents"}]},{"@type":"WebSite","@id":"https:\/\/www.chinatopack.com\/#website","url":"https:\/\/www.chinatopack.com\/","name":"TOPACK Paper Boxes","description":"","publisher":{"@id":"https:\/\/www.chinatopack.com\/#organization"},"potentialAction":[{"@type":"SearchAction","target":{"@type":"EntryPoint","urlTemplate":"https:\/\/www.chinatopack.com\/?s={search_term_string}"},"query-input":"required name=search_term_string"}],"inLanguage":"es"},{"@type":"Organization","@id":"https:\/\/www.chinatopack.com\/#organization","name":"TOPACK Paper Boxes","url":"https:\/\/www.chinatopack.com\/","logo":{"@type":"ImageObject","inLanguage":"es","@id":"https:\/\/www.chinatopack.com\/#\/schema\/logo\/image\/","url":"https:\/\/www.chinatopack.com\/wp-content\/uploads\/2025\/11\/logo2.webp","contentUrl":"https:\/\/www.chinatopack.com\/wp-content\/uploads\/2025\/11\/logo2.webp","width":512,"height":512,"caption":"TOPACK Paper Boxes"},"image":{"@id":"https:\/\/www.chinatopack.com\/#\/schema\/logo\/image\/"},"sameAs":["https:\/\/www.facebook.com\/ChinaTopack\/","https:\/\/www.youtube.com\/@chinatopack"]}]}},"_links":{"self":[{"href":"https:\/\/www.chinatopack.com\/es\/wp-json\/wp\/v2\/product\/12536"}],"collection":[{"href":"https:\/\/www.chinatopack.com\/es\/wp-json\/wp\/v2\/product"}],"about":[{"href":"https:\/\/www.chinatopack.com\/es\/wp-json\/wp\/v2\/types\/product"}],"replies":[{"embeddable":true,"href":"https:\/\/www.chinatopack.com\/es\/wp-json\/wp\/v2\/comments?post=12536"}],"wp:featuredmedia":[{"embeddable":true,"href":"https:\/\/www.chinatopack.com\/es\/wp-json\/wp\/v2\/media\/12537"}],"wp:attachment":[{"href":"https:\/\/www.chinatopack.com\/es\/wp-json\/wp\/v2\/media?parent=12536"}],"wp:term":[{"taxonomy":"product_cat","embeddable":true,"href":"https:\/\/www.chinatopack.com\/es\/wp-json\/wp\/v2\/product_cat?post=12536"},{"taxonomy":"product_tag","embeddable":true,"href":"https:\/\/www.chinatopack.com\/es\/wp-json\/wp\/v2\/product_tag?post=12536"}],"curies":[{"name":"wp","href":"https:\/\/api.w.org\/{rel}","templated":true}]}}