{"id":12555,"date":"2025-06-16T14:05:45","date_gmt":"2025-06-16T14:05:45","guid":{"rendered":"https:\/\/www.chinatopack.com\/?post_type=product&#038;p=12555"},"modified":"2025-08-12T11:26:03","modified_gmt":"2025-08-12T11:26:03","slug":"custom-logo-luxury-recyclable-cardboard-rigid-folding-wedding-gift-boxes-for-packaging","status":"publish","type":"product","link":"https:\/\/www.chinatopack.com\/es\/producto\/custom-logo-luxury-recyclable-cardboard-rigid-folding-wedding-gift-boxes-for-packaging\/","title":{"rendered":"Logotipo personalizado de lujo de cart\u00f3n reciclable r\u00edgido plegable cajas de regalo de boda para el embalaje"},"content":{"rendered":"<h2>Caja de papel de regalo<\/h2>\n<p>Gift packaging is not only a container for protecting the goods, but also an intuitive expression of the brand&#8217;s philosophy and a powerful weapon in the market competition. From the perspectives of packaging philosophy, aesthetics, and strategic symbols, it must contain unique and profound creative ideas.<\/p>\n<p>Estos exquisitos <a href=\"https:\/\/www.chinatopack.com\/es\/producto\/custom-logo-luxury-recyclable-cardboard-rigid-folding-wedding-gift-boxes-for-packaging\/\"><strong>cajas para regalos de boda<\/strong><\/a> est\u00e1n especialmente dise\u00f1adas para ofrecer lujo y versatilidad, y son muy adecuadas para guardar joyas, bombones exquisitos, recuerdos u objetos personalizados. Su cierre magn\u00e9tico garantiza un proceso de apertura suave y sin obst\u00e1culos, mientras que el suave acolchado del interior puede proteger cuidadosamente los art\u00edculos fr\u00e1giles. Viene en una variedad de suaves colores y tambi\u00e9n puede personalizarse con diversos tratamientos de superficie (como estampado en l\u00e1mina, etiquetas en relieve o ilustraciones retro), convirtiendo as\u00ed cualquier regalo en una obra maestra llena de historia.<\/p>\n<p>Como una de las personalizaciones <a href=\"https:\/\/www.chinatopack.com\/es\/about-us\/\"><strong>fabricantes de cajas de regalo<\/strong><\/a> Con m\u00e1s de 20 a\u00f1os de experiencia, podemos proporcionar asesoramiento profesional, y otros tipos de cajas de embalaje, tales como cajas plegables y cajas en forma de libro. etc. Con el fin de garantizar la calidad, nuestro equipo de inspecci\u00f3n de calidad no s\u00f3lo inspeccionar\u00e1 el producto terminado, sino que tambi\u00e9n har\u00e1 la inspecci\u00f3n de entrada y la inspecci\u00f3n del proceso. Todas las bolsas de embalaje se embalar\u00e1n en una caja de cart\u00f3n kraft de cinco capas antes del transporte para garantizar que no se da\u00f1en durante el transporte.<\/p>\n<h2>Detalles del producto<\/h2>\n<p><img loading=\"lazy\" decoding=\"async\" class=\"size-full wp-image-12560 aligncenter\" data-src=\"https:\/\/www.chinatopack.com\/wp-content\/uploads\/2025\/06\/Custom-Logo-Luxury-Recyclable-Cardboard-Rigid-Folding-Gift-Box-For-Packaging-7.webp\" alt=\"Logotipo personalizado de lujo de cart\u00f3n reciclable r\u00edgido plegable caja de regalo para el embalaje \" width=\"800\" height=\"800\" srcset=\"https:\/\/www.chinatopack.com\/wp-content\/uploads\/2025\/06\/Custom-Logo-Luxury-Recyclable-Cardboard-Rigid-Folding-Gift-Box-For-Packaging-7.webp 800w, https:\/\/www.chinatopack.com\/wp-content\/uploads\/2025\/06\/Custom-Logo-Luxury-Recyclable-Cardboard-Rigid-Folding-Gift-Box-For-Packaging-7-480x480.webp 480w\" sizes=\"(min-width: 0px) and (max-width: 480px) 480px, (min-width: 481px) 800px, 100vw\" \/><\/p>\n<p style=\"text-align: center;\">En <a href=\"https:\/\/www.chinatopack.com\/es\/\"><strong>cajas de regalo kraft<\/strong><\/a><\/p>\n<p><img loading=\"lazy\" decoding=\"async\" class=\"size-full wp-image-12561 aligncenter\" data-src=\"https:\/\/www.chinatopack.com\/wp-content\/uploads\/2025\/06\/Custom-Logo-Luxury-Recyclable-Cardboard-Rigid-Folding-Gift-Box-For-Packaging-5.webp\" alt=\"Logotipo personalizado de lujo de cart\u00f3n reciclable r\u00edgido plegable caja de regalo para el embalaje \" width=\"800\" height=\"800\" srcset=\"https:\/\/www.chinatopack.com\/wp-content\/uploads\/2025\/06\/Custom-Logo-Luxury-Recyclable-Cardboard-Rigid-Folding-Gift-Box-For-Packaging-5.webp 800w, https:\/\/www.chinatopack.com\/wp-content\/uploads\/2025\/06\/Custom-Logo-Luxury-Recyclable-Cardboard-Rigid-Folding-Gift-Box-For-Packaging-5-480x480.webp 480w\" sizes=\"(min-width: 0px) and (max-width: 480px) 480px, (min-width: 481px) 800px, 100vw\" \/><\/p>\n<p style=\"text-align: center;\"><a href=\"https:\/\/www.chinatopack.com\/es\/etiqueta-producto\/wedding-gift-box\/\"><strong>caja regalo de boda<\/strong><\/a><\/p>\n<p><img loading=\"lazy\" decoding=\"async\" class=\"size-full wp-image-12562 aligncenter\" data-src=\"https:\/\/www.chinatopack.com\/wp-content\/uploads\/2025\/06\/Custom-Logo-Luxury-Recyclable-Cardboard-Rigid-Folding-Gift-Box-For-Packaging-6.webp\" alt=\"Logotipo personalizado de lujo de cart\u00f3n reciclable r\u00edgido plegable caja de regalo para el embalaje \" width=\"800\" height=\"800\" srcset=\"https:\/\/www.chinatopack.com\/wp-content\/uploads\/2025\/06\/Custom-Logo-Luxury-Recyclable-Cardboard-Rigid-Folding-Gift-Box-For-Packaging-6.webp 800w, https:\/\/www.chinatopack.com\/wp-content\/uploads\/2025\/06\/Custom-Logo-Luxury-Recyclable-Cardboard-Rigid-Folding-Gift-Box-For-Packaging-6-480x480.webp 480w\" sizes=\"(min-width: 0px) and (max-width: 480px) 480px, (min-width: 481px) 800px, 100vw\" \/><\/p>\n<p style=\"text-align: center;\"><a href=\"https:\/\/www.chinatopack.com\/es\/etiqueta-producto\/christmas-boxes-for-gifts\/\"><strong>cajas de navidad para regalos<\/strong><\/a><\/p>","protected":false},"excerpt":{"rendered":"<p>Un regalo que sigue dando<br \/>\nLas cajas flip top personalizadas est\u00e1n fabricadas con aglomerado de primera calidad y envueltas en papel especial, lo que las convierte en una opci\u00f3n de embalaje para regalo duradera y elegante. Con un elegante dise\u00f1o personalizado, \u00a1sus clientes querr\u00e1n reutilizar estas cajas con toda seguridad!<\/p>","protected":false},"featured_media":12556,"comment_status":"closed","ping_status":"closed","template":"","meta":{"_et_pb_use_builder":"","_et_pb_old_content":"","_et_gb_content_width":""},"product_cat":[281],"product_tag":[288,292],"yoast_head":"<!-- This site is optimized with the Yoast SEO plugin v22.7 - https:\/\/yoast.com\/wordpress\/plugins\/seo\/ -->\n<title>Luxury Wedding Gift Boxes Manufacturer | Custom in China<\/title>\n<meta name=\"description\" content=\"20+ Yrs Wedding Gift Boxes Manufacturer: Magnetic closure wedding boxes w\/ protective padding &amp; foil stamping. Eco-luxury packaging for jewelry\/chocolates.\" \/>\n<meta name=\"robots\" content=\"index, follow, max-snippet:-1, max-image-preview:large, max-video-preview:-1\" \/>\n<link rel=\"canonical\" href=\"https:\/\/www.chinatopack.com\/es\/producto\/custom-logo-luxury-recyclable-cardboard-rigid-folding-wedding-gift-boxes-for-packaging\/\" \/>\n<meta property=\"og:locale\" content=\"es_ES\" \/>\n<meta property=\"og:type\" content=\"article\" \/>\n<meta property=\"og:title\" content=\"Luxury Wedding Gift Boxes Manufacturer | Custom in China\" \/>\n<meta property=\"og:description\" content=\"20+ Yrs Wedding Gift Boxes Manufacturer: Magnetic closure wedding boxes w\/ protective padding &amp; foil stamping. Eco-luxury packaging for jewelry\/chocolates.\" \/>\n<meta property=\"og:url\" content=\"https:\/\/www.chinatopack.com\/es\/producto\/custom-logo-luxury-recyclable-cardboard-rigid-folding-wedding-gift-boxes-for-packaging\/\" \/>\n<meta property=\"og:site_name\" content=\"TOPACK Paper Boxes\" \/>\n<meta property=\"article:publisher\" content=\"https:\/\/www.facebook.com\/ChinaTopack\/\" \/>\n<meta property=\"article:modified_time\" content=\"2025-08-12T11:26:03+00:00\" \/>\n<meta property=\"og:image\" content=\"https:\/\/www.chinatopack.com\/wp-content\/uploads\/2025\/06\/Custom-Logo-Luxury-Recyclable-Cardboard-Rigid-Folding-Gift-Box-For-Packaging-1.webp\" \/>\n\t<meta property=\"og:image:width\" content=\"800\" \/>\n\t<meta property=\"og:image:height\" content=\"800\" \/>\n\t<meta property=\"og:image:type\" content=\"image\/webp\" \/>\n<meta name=\"twitter:card\" content=\"summary_large_image\" \/>\n<meta name=\"twitter:label1\" content=\"Tiempo de lectura\" \/>\n\t<meta name=\"twitter:data1\" content=\"2 minutos\" \/>\n<script type=\"application\/ld+json\" class=\"yoast-schema-graph\">{\"@context\":\"https:\/\/schema.org\",\"@graph\":[{\"@type\":\"WebPage\",\"@id\":\"https:\/\/www.chinatopack.com\/product\/custom-logo-luxury-recyclable-cardboard-rigid-folding-wedding-gift-boxes-for-packaging\/\",\"url\":\"https:\/\/www.chinatopack.com\/product\/custom-logo-luxury-recyclable-cardboard-rigid-folding-wedding-gift-boxes-for-packaging\/\",\"name\":\"Luxury Wedding Gift Boxes Manufacturer | Custom in China\",\"isPartOf\":{\"@id\":\"https:\/\/www.chinatopack.com\/#website\"},\"primaryImageOfPage\":{\"@id\":\"https:\/\/www.chinatopack.com\/product\/custom-logo-luxury-recyclable-cardboard-rigid-folding-wedding-gift-boxes-for-packaging\/#primaryimage\"},\"image\":{\"@id\":\"https:\/\/www.chinatopack.com\/product\/custom-logo-luxury-recyclable-cardboard-rigid-folding-wedding-gift-boxes-for-packaging\/#primaryimage\"},\"thumbnailUrl\":\"https:\/\/www.chinatopack.com\/wp-content\/uploads\/2025\/06\/Custom-Logo-Luxury-Recyclable-Cardboard-Rigid-Folding-Gift-Box-For-Packaging-1.webp\",\"datePublished\":\"2025-06-16T14:05:45+00:00\",\"dateModified\":\"2025-08-12T11:26:03+00:00\",\"description\":\"20+ Yrs Wedding Gift Boxes Manufacturer: Magnetic closure wedding boxes w\/ protective padding & foil stamping. Eco-luxury packaging for jewelry\/chocolates.\",\"breadcrumb\":{\"@id\":\"https:\/\/www.chinatopack.com\/product\/custom-logo-luxury-recyclable-cardboard-rigid-folding-wedding-gift-boxes-for-packaging\/#breadcrumb\"},\"inLanguage\":\"es\",\"potentialAction\":[{\"@type\":\"ReadAction\",\"target\":[\"https:\/\/www.chinatopack.com\/product\/custom-logo-luxury-recyclable-cardboard-rigid-folding-wedding-gift-boxes-for-packaging\/\"]}]},{\"@type\":\"ImageObject\",\"inLanguage\":\"es\",\"@id\":\"https:\/\/www.chinatopack.com\/product\/custom-logo-luxury-recyclable-cardboard-rigid-folding-wedding-gift-boxes-for-packaging\/#primaryimage\",\"url\":\"https:\/\/www.chinatopack.com\/wp-content\/uploads\/2025\/06\/Custom-Logo-Luxury-Recyclable-Cardboard-Rigid-Folding-Gift-Box-For-Packaging-1.webp\",\"contentUrl\":\"https:\/\/www.chinatopack.com\/wp-content\/uploads\/2025\/06\/Custom-Logo-Luxury-Recyclable-Cardboard-Rigid-Folding-Gift-Box-For-Packaging-1.webp\",\"width\":800,\"height\":800,\"caption\":\"Custom Logo Luxury Recyclable Cardboard Rigid Folding Gift Box For Packaging\"},{\"@type\":\"BreadcrumbList\",\"@id\":\"https:\/\/www.chinatopack.com\/product\/custom-logo-luxury-recyclable-cardboard-rigid-folding-wedding-gift-boxes-for-packaging\/#breadcrumb\",\"itemListElement\":[{\"@type\":\"ListItem\",\"position\":1,\"name\":\"Home\",\"item\":\"https:\/\/www.chinatopack.com\/\"},{\"@type\":\"ListItem\",\"position\":2,\"name\":\"Products\",\"item\":\"https:\/\/www.chinatopack.com\/shop\/\"},{\"@type\":\"ListItem\",\"position\":3,\"name\":\"Custom Logo Luxury Recyclable Cardboard Rigid Folding Wedding Gift Boxes For Packaging\"}]},{\"@type\":\"WebSite\",\"@id\":\"https:\/\/www.chinatopack.com\/#website\",\"url\":\"https:\/\/www.chinatopack.com\/\",\"name\":\"TOPACK Paper Boxes\",\"description\":\"\",\"publisher\":{\"@id\":\"https:\/\/www.chinatopack.com\/#organization\"},\"potentialAction\":[{\"@type\":\"SearchAction\",\"target\":{\"@type\":\"EntryPoint\",\"urlTemplate\":\"https:\/\/www.chinatopack.com\/?s={search_term_string}\"},\"query-input\":\"required name=search_term_string\"}],\"inLanguage\":\"es\"},{\"@type\":\"Organization\",\"@id\":\"https:\/\/www.chinatopack.com\/#organization\",\"name\":\"TOPACK Paper Boxes\",\"url\":\"https:\/\/www.chinatopack.com\/\",\"logo\":{\"@type\":\"ImageObject\",\"inLanguage\":\"es\",\"@id\":\"https:\/\/www.chinatopack.com\/#\/schema\/logo\/image\/\",\"url\":\"https:\/\/www.chinatopack.com\/wp-content\/uploads\/2025\/11\/logo2.webp\",\"contentUrl\":\"https:\/\/www.chinatopack.com\/wp-content\/uploads\/2025\/11\/logo2.webp\",\"width\":512,\"height\":512,\"caption\":\"TOPACK Paper Boxes\"},\"image\":{\"@id\":\"https:\/\/www.chinatopack.com\/#\/schema\/logo\/image\/\"},\"sameAs\":[\"https:\/\/www.facebook.com\/ChinaTopack\/\",\"https:\/\/www.youtube.com\/@chinatopack\"]}]}<\/script>\n<!-- \/ Yoast SEO plugin. -->","yoast_head_json":{"title":"Luxury Wedding Gift Boxes Manufacturer | Custom in China","description":"20+ Yrs Wedding Gift Boxes Manufacturer: Magnetic closure wedding boxes w\/ protective padding & foil stamping. Eco-luxury packaging for jewelry\/chocolates.","robots":{"index":"index","follow":"follow","max-snippet":"max-snippet:-1","max-image-preview":"max-image-preview:large","max-video-preview":"max-video-preview:-1"},"canonical":"https:\/\/www.chinatopack.com\/es\/producto\/custom-logo-luxury-recyclable-cardboard-rigid-folding-wedding-gift-boxes-for-packaging\/","og_locale":"es_ES","og_type":"article","og_title":"Luxury Wedding Gift Boxes Manufacturer | Custom in China","og_description":"20+ Yrs Wedding Gift Boxes Manufacturer: Magnetic closure wedding boxes w\/ protective padding & foil stamping. Eco-luxury packaging for jewelry\/chocolates.","og_url":"https:\/\/www.chinatopack.com\/es\/producto\/custom-logo-luxury-recyclable-cardboard-rigid-folding-wedding-gift-boxes-for-packaging\/","og_site_name":"TOPACK Paper Boxes","article_publisher":"https:\/\/www.facebook.com\/ChinaTopack\/","article_modified_time":"2025-08-12T11:26:03+00:00","og_image":[{"width":800,"height":800,"url":"https:\/\/www.chinatopack.com\/wp-content\/uploads\/2025\/06\/Custom-Logo-Luxury-Recyclable-Cardboard-Rigid-Folding-Gift-Box-For-Packaging-1.webp","type":"image\/webp"}],"twitter_card":"summary_large_image","twitter_misc":{"Tiempo de lectura":"2 minutos"},"schema":{"@context":"https:\/\/schema.org","@graph":[{"@type":"WebPage","@id":"https:\/\/www.chinatopack.com\/product\/custom-logo-luxury-recyclable-cardboard-rigid-folding-wedding-gift-boxes-for-packaging\/","url":"https:\/\/www.chinatopack.com\/product\/custom-logo-luxury-recyclable-cardboard-rigid-folding-wedding-gift-boxes-for-packaging\/","name":"Luxury Wedding Gift Boxes Manufacturer | Custom in China","isPartOf":{"@id":"https:\/\/www.chinatopack.com\/#website"},"primaryImageOfPage":{"@id":"https:\/\/www.chinatopack.com\/product\/custom-logo-luxury-recyclable-cardboard-rigid-folding-wedding-gift-boxes-for-packaging\/#primaryimage"},"image":{"@id":"https:\/\/www.chinatopack.com\/product\/custom-logo-luxury-recyclable-cardboard-rigid-folding-wedding-gift-boxes-for-packaging\/#primaryimage"},"thumbnailUrl":"https:\/\/www.chinatopack.com\/wp-content\/uploads\/2025\/06\/Custom-Logo-Luxury-Recyclable-Cardboard-Rigid-Folding-Gift-Box-For-Packaging-1.webp","datePublished":"2025-06-16T14:05:45+00:00","dateModified":"2025-08-12T11:26:03+00:00","description":"20+ Yrs Wedding Gift Boxes Manufacturer: Magnetic closure wedding boxes w\/ protective padding & foil stamping. Eco-luxury packaging for jewelry\/chocolates.","breadcrumb":{"@id":"https:\/\/www.chinatopack.com\/product\/custom-logo-luxury-recyclable-cardboard-rigid-folding-wedding-gift-boxes-for-packaging\/#breadcrumb"},"inLanguage":"es","potentialAction":[{"@type":"ReadAction","target":["https:\/\/www.chinatopack.com\/product\/custom-logo-luxury-recyclable-cardboard-rigid-folding-wedding-gift-boxes-for-packaging\/"]}]},{"@type":"ImageObject","inLanguage":"es","@id":"https:\/\/www.chinatopack.com\/product\/custom-logo-luxury-recyclable-cardboard-rigid-folding-wedding-gift-boxes-for-packaging\/#primaryimage","url":"https:\/\/www.chinatopack.com\/wp-content\/uploads\/2025\/06\/Custom-Logo-Luxury-Recyclable-Cardboard-Rigid-Folding-Gift-Box-For-Packaging-1.webp","contentUrl":"https:\/\/www.chinatopack.com\/wp-content\/uploads\/2025\/06\/Custom-Logo-Luxury-Recyclable-Cardboard-Rigid-Folding-Gift-Box-For-Packaging-1.webp","width":800,"height":800,"caption":"Custom Logo Luxury Recyclable Cardboard Rigid Folding Gift Box For Packaging"},{"@type":"BreadcrumbList","@id":"https:\/\/www.chinatopack.com\/product\/custom-logo-luxury-recyclable-cardboard-rigid-folding-wedding-gift-boxes-for-packaging\/#breadcrumb","itemListElement":[{"@type":"ListItem","position":1,"name":"Home","item":"https:\/\/www.chinatopack.com\/"},{"@type":"ListItem","position":2,"name":"Products","item":"https:\/\/www.chinatopack.com\/shop\/"},{"@type":"ListItem","position":3,"name":"Custom Logo Luxury Recyclable Cardboard Rigid Folding Wedding Gift Boxes For Packaging"}]},{"@type":"WebSite","@id":"https:\/\/www.chinatopack.com\/#website","url":"https:\/\/www.chinatopack.com\/","name":"TOPACK Paper Boxes","description":"","publisher":{"@id":"https:\/\/www.chinatopack.com\/#organization"},"potentialAction":[{"@type":"SearchAction","target":{"@type":"EntryPoint","urlTemplate":"https:\/\/www.chinatopack.com\/?s={search_term_string}"},"query-input":"required name=search_term_string"}],"inLanguage":"es"},{"@type":"Organization","@id":"https:\/\/www.chinatopack.com\/#organization","name":"TOPACK Paper Boxes","url":"https:\/\/www.chinatopack.com\/","logo":{"@type":"ImageObject","inLanguage":"es","@id":"https:\/\/www.chinatopack.com\/#\/schema\/logo\/image\/","url":"https:\/\/www.chinatopack.com\/wp-content\/uploads\/2025\/11\/logo2.webp","contentUrl":"https:\/\/www.chinatopack.com\/wp-content\/uploads\/2025\/11\/logo2.webp","width":512,"height":512,"caption":"TOPACK Paper Boxes"},"image":{"@id":"https:\/\/www.chinatopack.com\/#\/schema\/logo\/image\/"},"sameAs":["https:\/\/www.facebook.com\/ChinaTopack\/","https:\/\/www.youtube.com\/@chinatopack"]}]}},"_links":{"self":[{"href":"https:\/\/www.chinatopack.com\/es\/wp-json\/wp\/v2\/product\/12555"}],"collection":[{"href":"https:\/\/www.chinatopack.com\/es\/wp-json\/wp\/v2\/product"}],"about":[{"href":"https:\/\/www.chinatopack.com\/es\/wp-json\/wp\/v2\/types\/product"}],"replies":[{"embeddable":true,"href":"https:\/\/www.chinatopack.com\/es\/wp-json\/wp\/v2\/comments?post=12555"}],"wp:featuredmedia":[{"embeddable":true,"href":"https:\/\/www.chinatopack.com\/es\/wp-json\/wp\/v2\/media\/12556"}],"wp:attachment":[{"href":"https:\/\/www.chinatopack.com\/es\/wp-json\/wp\/v2\/media?parent=12555"}],"wp:term":[{"taxonomy":"product_cat","embeddable":true,"href":"https:\/\/www.chinatopack.com\/es\/wp-json\/wp\/v2\/product_cat?post=12555"},{"taxonomy":"product_tag","embeddable":true,"href":"https:\/\/www.chinatopack.com\/es\/wp-json\/wp\/v2\/product_tag?post=12555"}],"curies":[{"name":"wp","href":"https:\/\/api.w.org\/{rel}","templated":true}]}}