{"id":12563,"date":"2025-06-16T14:16:30","date_gmt":"2025-06-16T14:16:30","guid":{"rendered":"https:\/\/www.chinatopack.com\/?post_type=product&#038;p=12563"},"modified":"2025-08-12T10:49:39","modified_gmt":"2025-08-12T10:49:39","slug":"customized-logo-printing-holiday-boxes-for-gifts-with-magnetic-lid-for-gift-packaging","status":"publish","type":"product","link":"https:\/\/www.chinatopack.com\/es\/producto\/customized-logo-printing-holiday-boxes-for-gifts-with-magnetic-lid-for-gift-packaging\/","title":{"rendered":"Customized Logo Printing Cajas De Vacaciones Para Regalos Con Tapa Magn\u00e9tica Para Embalaje De Regalos"},"content":{"rendered":"<h2>Caja de papel de regalo<\/h2>\n<p>El envase de regalo no es s\u00f3lo un contenedor para proteger la mercanc\u00eda, sino tambi\u00e9n una expresi\u00f3n intuitiva de la filosof\u00eda de la marca y un arma poderosa en la competencia del mercado. Desde las perspectivas de la filosof\u00eda del envase, la est\u00e9tica y los s\u00edmbolos estrat\u00e9gicos, <a href=\"https:\/\/www.chinatopack.com\/es\/producto\/customized-logo-printing-holiday-boxes-for-gifts-with-magnetic-lid-for-gift-packaging\/\"><strong>cajas navide\u00f1as para regalos<\/strong><\/a> debe contener ideas creativas \u00fanicas y profundas.<\/p>\n<p>En <a href=\"https:\/\/www.chinatopack.com\/es\/\"><strong>cajas de regalo kraft<\/strong><\/a> est\u00e1n especialmente dise\u00f1adas para ofrecer lujo y versatilidad, y son muy adecuadas para guardar joyas, bombones exquisitos, recuerdos u objetos personalizados. Su cierre magn\u00e9tico garantiza un proceso de apertura suave y sin obst\u00e1culos, mientras que el suave acolchado del interior puede proteger cuidadosamente los art\u00edculos fr\u00e1giles. Viene en una variedad de suaves colores y tambi\u00e9n puede personalizarse con diversos tratamientos de superficie (como estampado en l\u00e1mina, etiquetas en relieve o ilustraciones retro), convirtiendo as\u00ed cualquier regalo en una obra maestra llena de historia.<\/p>\n<p>Como la personalizaci\u00f3n <a href=\"https:\/\/www.chinatopack.com\/es\/about-us\/\"><strong>fabricantes de cajas de regalo<\/strong><\/a> Con m\u00e1s de 20 a\u00f1os de experiencia, podemos proporcionar asesoramiento profesional, y otros tipos de cajas de embalaje, tales como cajas plegables y cajas en forma de libro. etc. Con el fin de garantizar la calidad, nuestro equipo de inspecci\u00f3n de calidad no s\u00f3lo inspeccionar\u00e1 el producto terminado, sino que tambi\u00e9n har\u00e1 la inspecci\u00f3n de entrada y la inspecci\u00f3n del proceso. Todos los <a href=\"https:\/\/www.chinatopack.com\/es\/category\/gift-box\/\"><strong>cajas de regalo de lujo<\/strong><\/a> se embalar\u00e1n en una caja de cart\u00f3n kraft de cinco capas antes del transporte para garantizar que no sufran da\u00f1os durante el mismo.<\/p>\n<h2>Detalles del producto<\/h2>\n<p><img loading=\"lazy\" decoding=\"async\" class=\"size-full wp-image-12575 aligncenter\" data-src=\"https:\/\/www.chinatopack.com\/wp-content\/uploads\/2025\/06\/Customized-Logo-Printing-Luxury-Gift-Boxes-With-Magnetic-Lid-For-Gift-Packaging5.webp\" alt=\"Personalizado Logo Impresi\u00f3n Cajas de regalo de lujo con tapa magn\u00e9tica para embalaje de regalo\" width=\"800\" height=\"800\" srcset=\"https:\/\/www.chinatopack.com\/wp-content\/uploads\/2025\/06\/Customized-Logo-Printing-Luxury-Gift-Boxes-With-Magnetic-Lid-For-Gift-Packaging5.webp 800w, https:\/\/www.chinatopack.com\/wp-content\/uploads\/2025\/06\/Customized-Logo-Printing-Luxury-Gift-Boxes-With-Magnetic-Lid-For-Gift-Packaging5-480x480.webp 480w\" sizes=\"(min-width: 0px) and (max-width: 480px) 480px, (min-width: 481px) 800px, 100vw\" \/><\/p>\n<p style=\"text-align: center;\"><a href=\"https:\/\/www.chinatopack.com\/es\/etiqueta-producto\/wedding-gift-box\/\"><strong>caja regalo de boda<\/strong><\/a><\/p>\n<p><img loading=\"lazy\" decoding=\"async\" class=\"size-full wp-image-12578 aligncenter\" data-src=\"https:\/\/www.chinatopack.com\/wp-content\/uploads\/2025\/06\/Customized-Logo-Printing-Luxury-Gift-Boxes-With-Magnetic-Lid-For-Gift-Packaging6-1.webp\" alt=\"Personalizado Logo Impresi\u00f3n Cajas de regalo de lujo con tapa magn\u00e9tica para embalaje de regalo\" width=\"800\" height=\"800\" srcset=\"https:\/\/www.chinatopack.com\/wp-content\/uploads\/2025\/06\/Customized-Logo-Printing-Luxury-Gift-Boxes-With-Magnetic-Lid-For-Gift-Packaging6-1.webp 800w, https:\/\/www.chinatopack.com\/wp-content\/uploads\/2025\/06\/Customized-Logo-Printing-Luxury-Gift-Boxes-With-Magnetic-Lid-For-Gift-Packaging6-1-480x480.webp 480w\" sizes=\"(min-width: 0px) and (max-width: 480px) 480px, (min-width: 481px) 800px, 100vw\" \/><\/p>\n<p style=\"text-align: center;\"><a href=\"https:\/\/www.chinatopack.com\/es\/etiqueta-producto\/engagement-gift-box\/\"><strong>caja regalo de compromiso<\/strong><\/a><\/p>","protected":false},"excerpt":{"rendered":"<p>Un regalo que sigue dando<br \/>\nLas cajas flip top personalizadas est\u00e1n fabricadas con aglomerado de primera calidad y envueltas en papel especial, lo que las convierte en una opci\u00f3n de embalaje para regalo duradera y elegante. Con un elegante dise\u00f1o personalizado, \u00a1sus clientes querr\u00e1n reutilizar estas cajas con toda seguridad!<\/p>","protected":false},"featured_media":12571,"comment_status":"closed","ping_status":"closed","template":"","meta":{"_et_pb_use_builder":"","_et_pb_old_content":"","_et_gb_content_width":""},"product_cat":[281],"product_tag":[291,292],"yoast_head":"<!-- This site is optimized with the Yoast SEO plugin v22.7 - https:\/\/yoast.com\/wordpress\/plugins\/seo\/ -->\n<title>Luxury Magnetic Gift Box Supplier | Custom in China<\/title>\n<meta name=\"description\" content=\"20+ Yrs Gift Box Manufacturer: Custom magnetic closure boxes w\/ protective padding &amp; foil stamping. Eco kraft materials. Request Quote!\" \/>\n<meta name=\"robots\" content=\"index, follow, max-snippet:-1, max-image-preview:large, max-video-preview:-1\" \/>\n<link rel=\"canonical\" href=\"https:\/\/www.chinatopack.com\/es\/producto\/customized-logo-printing-holiday-boxes-for-gifts-with-magnetic-lid-for-gift-packaging\/\" \/>\n<meta property=\"og:locale\" content=\"es_ES\" \/>\n<meta property=\"og:type\" content=\"article\" \/>\n<meta property=\"og:title\" content=\"Luxury Magnetic Gift Box Supplier | Custom in China\" \/>\n<meta property=\"og:description\" content=\"20+ Yrs Gift Box Manufacturer: Custom magnetic closure boxes w\/ protective padding &amp; foil stamping. Eco kraft materials. Request Quote!\" \/>\n<meta property=\"og:url\" content=\"https:\/\/www.chinatopack.com\/es\/producto\/customized-logo-printing-holiday-boxes-for-gifts-with-magnetic-lid-for-gift-packaging\/\" \/>\n<meta property=\"og:site_name\" content=\"TOPACK Paper Boxes\" \/>\n<meta property=\"article:publisher\" content=\"https:\/\/www.facebook.com\/ChinaTopack\/\" \/>\n<meta property=\"article:modified_time\" content=\"2025-08-12T10:49:39+00:00\" \/>\n<meta property=\"og:image\" content=\"https:\/\/www.chinatopack.com\/wp-content\/uploads\/2025\/06\/Customized-Logo-Printing-Luxury-Gift-Boxes-With-Magnetic-Lid-For-Gift-Packaging1.webp\" \/>\n\t<meta property=\"og:image:width\" content=\"800\" \/>\n\t<meta property=\"og:image:height\" content=\"800\" \/>\n\t<meta property=\"og:image:type\" content=\"image\/webp\" \/>\n<meta name=\"twitter:card\" content=\"summary_large_image\" \/>\n<meta name=\"twitter:label1\" content=\"Tiempo de lectura\" \/>\n\t<meta name=\"twitter:data1\" content=\"2 minutos\" \/>\n<script type=\"application\/ld+json\" class=\"yoast-schema-graph\">{\"@context\":\"https:\/\/schema.org\",\"@graph\":[{\"@type\":\"WebPage\",\"@id\":\"https:\/\/www.chinatopack.com\/product\/customized-logo-printing-holiday-boxes-for-gifts-with-magnetic-lid-for-gift-packaging\/\",\"url\":\"https:\/\/www.chinatopack.com\/product\/customized-logo-printing-holiday-boxes-for-gifts-with-magnetic-lid-for-gift-packaging\/\",\"name\":\"Luxury Magnetic Gift Box Supplier | Custom in China\",\"isPartOf\":{\"@id\":\"https:\/\/www.chinatopack.com\/#website\"},\"primaryImageOfPage\":{\"@id\":\"https:\/\/www.chinatopack.com\/product\/customized-logo-printing-holiday-boxes-for-gifts-with-magnetic-lid-for-gift-packaging\/#primaryimage\"},\"image\":{\"@id\":\"https:\/\/www.chinatopack.com\/product\/customized-logo-printing-holiday-boxes-for-gifts-with-magnetic-lid-for-gift-packaging\/#primaryimage\"},\"thumbnailUrl\":\"https:\/\/www.chinatopack.com\/wp-content\/uploads\/2025\/06\/Customized-Logo-Printing-Luxury-Gift-Boxes-With-Magnetic-Lid-For-Gift-Packaging1.webp\",\"datePublished\":\"2025-06-16T14:16:30+00:00\",\"dateModified\":\"2025-08-12T10:49:39+00:00\",\"description\":\"20+ Yrs Gift Box Manufacturer: Custom magnetic closure boxes w\/ protective padding & foil stamping. Eco kraft materials. Request Quote!\",\"breadcrumb\":{\"@id\":\"https:\/\/www.chinatopack.com\/product\/customized-logo-printing-holiday-boxes-for-gifts-with-magnetic-lid-for-gift-packaging\/#breadcrumb\"},\"inLanguage\":\"es\",\"potentialAction\":[{\"@type\":\"ReadAction\",\"target\":[\"https:\/\/www.chinatopack.com\/product\/customized-logo-printing-holiday-boxes-for-gifts-with-magnetic-lid-for-gift-packaging\/\"]}]},{\"@type\":\"ImageObject\",\"inLanguage\":\"es\",\"@id\":\"https:\/\/www.chinatopack.com\/product\/customized-logo-printing-holiday-boxes-for-gifts-with-magnetic-lid-for-gift-packaging\/#primaryimage\",\"url\":\"https:\/\/www.chinatopack.com\/wp-content\/uploads\/2025\/06\/Customized-Logo-Printing-Luxury-Gift-Boxes-With-Magnetic-Lid-For-Gift-Packaging1.webp\",\"contentUrl\":\"https:\/\/www.chinatopack.com\/wp-content\/uploads\/2025\/06\/Customized-Logo-Printing-Luxury-Gift-Boxes-With-Magnetic-Lid-For-Gift-Packaging1.webp\",\"width\":800,\"height\":800,\"caption\":\"Customized Logo Printing Luxury Gift Boxes With Magnetic Lid For Gift Packaging\"},{\"@type\":\"BreadcrumbList\",\"@id\":\"https:\/\/www.chinatopack.com\/product\/customized-logo-printing-holiday-boxes-for-gifts-with-magnetic-lid-for-gift-packaging\/#breadcrumb\",\"itemListElement\":[{\"@type\":\"ListItem\",\"position\":1,\"name\":\"Home\",\"item\":\"https:\/\/www.chinatopack.com\/\"},{\"@type\":\"ListItem\",\"position\":2,\"name\":\"Products\",\"item\":\"https:\/\/www.chinatopack.com\/shop\/\"},{\"@type\":\"ListItem\",\"position\":3,\"name\":\"Customized Logo Printing Holiday Boxes For Gifts With Magnetic Lid For Gift Packaging\"}]},{\"@type\":\"WebSite\",\"@id\":\"https:\/\/www.chinatopack.com\/#website\",\"url\":\"https:\/\/www.chinatopack.com\/\",\"name\":\"TOPACK Paper Boxes\",\"description\":\"\",\"publisher\":{\"@id\":\"https:\/\/www.chinatopack.com\/#organization\"},\"potentialAction\":[{\"@type\":\"SearchAction\",\"target\":{\"@type\":\"EntryPoint\",\"urlTemplate\":\"https:\/\/www.chinatopack.com\/?s={search_term_string}\"},\"query-input\":\"required name=search_term_string\"}],\"inLanguage\":\"es\"},{\"@type\":\"Organization\",\"@id\":\"https:\/\/www.chinatopack.com\/#organization\",\"name\":\"TOPACK Paper Boxes\",\"url\":\"https:\/\/www.chinatopack.com\/\",\"logo\":{\"@type\":\"ImageObject\",\"inLanguage\":\"es\",\"@id\":\"https:\/\/www.chinatopack.com\/#\/schema\/logo\/image\/\",\"url\":\"https:\/\/www.chinatopack.com\/wp-content\/uploads\/2025\/11\/logo2.webp\",\"contentUrl\":\"https:\/\/www.chinatopack.com\/wp-content\/uploads\/2025\/11\/logo2.webp\",\"width\":512,\"height\":512,\"caption\":\"TOPACK Paper Boxes\"},\"image\":{\"@id\":\"https:\/\/www.chinatopack.com\/#\/schema\/logo\/image\/\"},\"sameAs\":[\"https:\/\/www.facebook.com\/ChinaTopack\/\",\"https:\/\/www.youtube.com\/@chinatopack\"]}]}<\/script>\n<!-- \/ Yoast SEO plugin. -->","yoast_head_json":{"title":"Luxury Magnetic Gift Box Supplier | Custom in China","description":"20+ Yrs Gift Box Manufacturer: Custom magnetic closure boxes w\/ protective padding & foil stamping. Eco kraft materials. Request Quote!","robots":{"index":"index","follow":"follow","max-snippet":"max-snippet:-1","max-image-preview":"max-image-preview:large","max-video-preview":"max-video-preview:-1"},"canonical":"https:\/\/www.chinatopack.com\/es\/producto\/customized-logo-printing-holiday-boxes-for-gifts-with-magnetic-lid-for-gift-packaging\/","og_locale":"es_ES","og_type":"article","og_title":"Luxury Magnetic Gift Box Supplier | Custom in China","og_description":"20+ Yrs Gift Box Manufacturer: Custom magnetic closure boxes w\/ protective padding & foil stamping. Eco kraft materials. Request Quote!","og_url":"https:\/\/www.chinatopack.com\/es\/producto\/customized-logo-printing-holiday-boxes-for-gifts-with-magnetic-lid-for-gift-packaging\/","og_site_name":"TOPACK Paper Boxes","article_publisher":"https:\/\/www.facebook.com\/ChinaTopack\/","article_modified_time":"2025-08-12T10:49:39+00:00","og_image":[{"width":800,"height":800,"url":"https:\/\/www.chinatopack.com\/wp-content\/uploads\/2025\/06\/Customized-Logo-Printing-Luxury-Gift-Boxes-With-Magnetic-Lid-For-Gift-Packaging1.webp","type":"image\/webp"}],"twitter_card":"summary_large_image","twitter_misc":{"Tiempo de lectura":"2 minutos"},"schema":{"@context":"https:\/\/schema.org","@graph":[{"@type":"WebPage","@id":"https:\/\/www.chinatopack.com\/product\/customized-logo-printing-holiday-boxes-for-gifts-with-magnetic-lid-for-gift-packaging\/","url":"https:\/\/www.chinatopack.com\/product\/customized-logo-printing-holiday-boxes-for-gifts-with-magnetic-lid-for-gift-packaging\/","name":"Luxury Magnetic Gift Box Supplier | Custom in China","isPartOf":{"@id":"https:\/\/www.chinatopack.com\/#website"},"primaryImageOfPage":{"@id":"https:\/\/www.chinatopack.com\/product\/customized-logo-printing-holiday-boxes-for-gifts-with-magnetic-lid-for-gift-packaging\/#primaryimage"},"image":{"@id":"https:\/\/www.chinatopack.com\/product\/customized-logo-printing-holiday-boxes-for-gifts-with-magnetic-lid-for-gift-packaging\/#primaryimage"},"thumbnailUrl":"https:\/\/www.chinatopack.com\/wp-content\/uploads\/2025\/06\/Customized-Logo-Printing-Luxury-Gift-Boxes-With-Magnetic-Lid-For-Gift-Packaging1.webp","datePublished":"2025-06-16T14:16:30+00:00","dateModified":"2025-08-12T10:49:39+00:00","description":"20+ Yrs Gift Box Manufacturer: Custom magnetic closure boxes w\/ protective padding & foil stamping. Eco kraft materials. Request Quote!","breadcrumb":{"@id":"https:\/\/www.chinatopack.com\/product\/customized-logo-printing-holiday-boxes-for-gifts-with-magnetic-lid-for-gift-packaging\/#breadcrumb"},"inLanguage":"es","potentialAction":[{"@type":"ReadAction","target":["https:\/\/www.chinatopack.com\/product\/customized-logo-printing-holiday-boxes-for-gifts-with-magnetic-lid-for-gift-packaging\/"]}]},{"@type":"ImageObject","inLanguage":"es","@id":"https:\/\/www.chinatopack.com\/product\/customized-logo-printing-holiday-boxes-for-gifts-with-magnetic-lid-for-gift-packaging\/#primaryimage","url":"https:\/\/www.chinatopack.com\/wp-content\/uploads\/2025\/06\/Customized-Logo-Printing-Luxury-Gift-Boxes-With-Magnetic-Lid-For-Gift-Packaging1.webp","contentUrl":"https:\/\/www.chinatopack.com\/wp-content\/uploads\/2025\/06\/Customized-Logo-Printing-Luxury-Gift-Boxes-With-Magnetic-Lid-For-Gift-Packaging1.webp","width":800,"height":800,"caption":"Customized Logo Printing Luxury Gift Boxes With Magnetic Lid For Gift Packaging"},{"@type":"BreadcrumbList","@id":"https:\/\/www.chinatopack.com\/product\/customized-logo-printing-holiday-boxes-for-gifts-with-magnetic-lid-for-gift-packaging\/#breadcrumb","itemListElement":[{"@type":"ListItem","position":1,"name":"Home","item":"https:\/\/www.chinatopack.com\/"},{"@type":"ListItem","position":2,"name":"Products","item":"https:\/\/www.chinatopack.com\/shop\/"},{"@type":"ListItem","position":3,"name":"Customized Logo Printing Holiday Boxes For Gifts With Magnetic Lid For Gift Packaging"}]},{"@type":"WebSite","@id":"https:\/\/www.chinatopack.com\/#website","url":"https:\/\/www.chinatopack.com\/","name":"TOPACK Paper Boxes","description":"","publisher":{"@id":"https:\/\/www.chinatopack.com\/#organization"},"potentialAction":[{"@type":"SearchAction","target":{"@type":"EntryPoint","urlTemplate":"https:\/\/www.chinatopack.com\/?s={search_term_string}"},"query-input":"required name=search_term_string"}],"inLanguage":"es"},{"@type":"Organization","@id":"https:\/\/www.chinatopack.com\/#organization","name":"TOPACK Paper Boxes","url":"https:\/\/www.chinatopack.com\/","logo":{"@type":"ImageObject","inLanguage":"es","@id":"https:\/\/www.chinatopack.com\/#\/schema\/logo\/image\/","url":"https:\/\/www.chinatopack.com\/wp-content\/uploads\/2025\/11\/logo2.webp","contentUrl":"https:\/\/www.chinatopack.com\/wp-content\/uploads\/2025\/11\/logo2.webp","width":512,"height":512,"caption":"TOPACK Paper Boxes"},"image":{"@id":"https:\/\/www.chinatopack.com\/#\/schema\/logo\/image\/"},"sameAs":["https:\/\/www.facebook.com\/ChinaTopack\/","https:\/\/www.youtube.com\/@chinatopack"]}]}},"_links":{"self":[{"href":"https:\/\/www.chinatopack.com\/es\/wp-json\/wp\/v2\/product\/12563"}],"collection":[{"href":"https:\/\/www.chinatopack.com\/es\/wp-json\/wp\/v2\/product"}],"about":[{"href":"https:\/\/www.chinatopack.com\/es\/wp-json\/wp\/v2\/types\/product"}],"replies":[{"embeddable":true,"href":"https:\/\/www.chinatopack.com\/es\/wp-json\/wp\/v2\/comments?post=12563"}],"wp:featuredmedia":[{"embeddable":true,"href":"https:\/\/www.chinatopack.com\/es\/wp-json\/wp\/v2\/media\/12571"}],"wp:attachment":[{"href":"https:\/\/www.chinatopack.com\/es\/wp-json\/wp\/v2\/media?parent=12563"}],"wp:term":[{"taxonomy":"product_cat","embeddable":true,"href":"https:\/\/www.chinatopack.com\/es\/wp-json\/wp\/v2\/product_cat?post=12563"},{"taxonomy":"product_tag","embeddable":true,"href":"https:\/\/www.chinatopack.com\/es\/wp-json\/wp\/v2\/product_tag?post=12563"}],"curies":[{"name":"wp","href":"https:\/\/api.w.org\/{rel}","templated":true}]}}