{"id":12570,"date":"2025-06-16T14:33:06","date_gmt":"2025-06-16T14:33:06","guid":{"rendered":"https:\/\/www.chinatopack.com\/?post_type=product&#038;p=12570"},"modified":"2025-08-12T10:52:47","modified_gmt":"2025-08-12T10:52:47","slug":"luxury-dark-green-paper-cardboard-necklace-bracelet-rings-earrings-pendant-gift-paper-packaging-box-for-jewelry-with-ribbon-bowknot","status":"publish","type":"product","link":"https:\/\/www.chinatopack.com\/es\/producto\/luxury-dark-green-paper-cardboard-necklace-bracelet-rings-earrings-pendant-gift-paper-packaging-box-for-jewelry-with-ribbon-bowknot\/","title":{"rendered":"Lujo Verde Oscuro Papel Cart\u00f3n Collar Pulsera Anillos Pendientes Colgante Regalo Papel Personalizado Cajas de joyer\u00eda con cinta Bowknot"},"content":{"rendered":"<h2>Joyero<\/h2>\n<p>Cada pieza de joyer\u00eda cuenta una historia: que empiece con una caja tan exquisita como el tesoro que contiene. Fabricado con precisi\u00f3n y dise\u00f1ado para impresionar, nuestro <a href=\"https:\/\/www.chinatopack.com\/es\/etiqueta-producto\/luxury-jewellery-box\/\"><strong>joyero de lujo<\/strong><\/a> combinan lujo y funcionalidad, ofreciendo un primer vistazo impresionante de sus mejores adornos.<\/p>\n<p>En <a href=\"https:\/\/www.chinatopack.com\/es\/about-us\/\"><strong>fabricantes profesionales de joyeros<\/strong><\/a>le aseguramos que nuestro <a href=\"https:\/\/www.chinatopack.com\/es\/producto\/luxury-dark-green-paper-cardboard-necklace-bracelet-rings-earrings-pendant-gift-paper-packaging-box-for-jewelry-with-ribbon-bowknot\/\"><strong>joyeros personalizados<\/strong><\/a> est\u00e1 fabricada con materiales ecol\u00f3gicos de alta calidad, cada caja garantiza su durabilidad manteniendo un acabado refinado. La suave textura, el elegante relieve y los colores personalizables hacen que la <a href=\"https:\/\/www.chinatopack.com\/es\/etiqueta-producto\/watch-jewelry-box\/\"><strong>reloj joyero<\/strong><\/a> la elecci\u00f3n ideal para las marcas que valoran la sofisticaci\u00f3n. Ya sea para anillos, collares o pendientes, nuestras cajas ofrecen un acolchado seguro que mantiene las joyas impecables y una presentaci\u00f3n perfecta.<\/p>\n<p>Perfectas para regalar, vender o para ocasiones especiales, estas cajas elevan la experiencia de abrir la caja, convirtiendo una simple revelaci\u00f3n en un momento de deleite. Porque la verdadera belleza merece un hogar igual de bello.<br \/>\nDonde la joyer\u00eda se une a la elegancia.<\/p>\n<h2>Im\u00e1genes del producto<\/h2>\n<p><img loading=\"lazy\" decoding=\"async\" class=\"size-full wp-image-12582 aligncenter\" data-src=\"https:\/\/www.chinatopack.com\/wp-content\/uploads\/2025\/06\/Luxury-Dark-Green-Paper-Cardboard-Necklace-Bracelet-Rings-Earrings-Pendant-Gift-Paper-Packaging-Box-for-Jewelry-With-Ribbon-Bowknot3.webp\" alt=\"Lujo Verde Oscuro Cart\u00f3n Papel Collar Pulsera Anillos Pendientes Regalo Papel Caja de Embalaje para Joyer\u00eda Con Cinta Bowknot\" width=\"800\" height=\"804\" srcset=\"https:\/\/www.chinatopack.com\/wp-content\/uploads\/2025\/06\/Luxury-Dark-Green-Paper-Cardboard-Necklace-Bracelet-Rings-Earrings-Pendant-Gift-Paper-Packaging-Box-for-Jewelry-With-Ribbon-Bowknot3.webp 800w, https:\/\/www.chinatopack.com\/wp-content\/uploads\/2025\/06\/Luxury-Dark-Green-Paper-Cardboard-Necklace-Bracelet-Rings-Earrings-Pendant-Gift-Paper-Packaging-Box-for-Jewelry-With-Ribbon-Bowknot3-480x482.webp 480w\" sizes=\"(min-width: 0px) and (max-width: 480px) 480px, (min-width: 481px) 800px, 100vw\" \/><\/p>\n<p style=\"text-align: center;\"><a href=\"https:\/\/www.chinatopack.com\/es\/\"><strong>joyeros personalizados<\/strong><\/a><\/p>\n<p><img loading=\"lazy\" decoding=\"async\" class=\"size-full wp-image-12581 aligncenter\" data-src=\"https:\/\/www.chinatopack.com\/wp-content\/uploads\/2025\/06\/Luxury-Dark-Green-Paper-Cardboard-Necklace-Bracelet-Rings-Earrings-Pendant-Gift-Paper-Packaging-Box-for-Jewelry-With-Ribbon-Bowknot2.webp\" alt=\"Lujo Verde Oscuro Cart\u00f3n Papel Collar Pulsera Anillos Pendientes Regalo Papel Caja de Embalaje para Joyer\u00eda Con Cinta Bowknot\" width=\"800\" height=\"768\" srcset=\"https:\/\/www.chinatopack.com\/wp-content\/uploads\/2025\/06\/Luxury-Dark-Green-Paper-Cardboard-Necklace-Bracelet-Rings-Earrings-Pendant-Gift-Paper-Packaging-Box-for-Jewelry-With-Ribbon-Bowknot2.webp 800w, https:\/\/www.chinatopack.com\/wp-content\/uploads\/2025\/06\/Luxury-Dark-Green-Paper-Cardboard-Necklace-Bracelet-Rings-Earrings-Pendant-Gift-Paper-Packaging-Box-for-Jewelry-With-Ribbon-Bowknot2-480x461.webp 480w\" sizes=\"(min-width: 0px) and (max-width: 480px) 480px, (min-width: 481px) 800px, 100vw\" \/><\/p>\n<p style=\"text-align: center;\"><a href=\"https:\/\/www.chinatopack.com\/es\/category\/jewelry-box\/\"><strong>joyero de lujo<\/strong><\/a><\/p>","protected":false},"excerpt":{"rendered":"<p>\uf0b7Manufactured de cart\u00f3n resistente y duradero<br \/>\n\uf0b7Custom tama\u00f1os disponibles para diferentes medidas de producto<br \/>\n\uf0b7High m\u00e1quinas de impresi\u00f3n de calidad que generan im\u00e1genes y logotipos impactantes<br \/>\n\uf0b7Easy montaje y plegable para guardarlo<br \/>\n\uf0b7Great estructura para joyer\u00eda y productos de belleza<\/p>","protected":false},"featured_media":12579,"comment_status":"closed","ping_status":"closed","template":"","meta":{"_et_pb_use_builder":"","_et_pb_old_content":"","_et_gb_content_width":""},"product_cat":[308],"product_tag":[294,295],"yoast_head":"<!-- This site is optimized with the Yoast SEO plugin v22.7 - https:\/\/yoast.com\/wordpress\/plugins\/seo\/ -->\n<title>Luxury Jewelry Box Supplier | Eco &amp; Custom in China<\/title>\n<meta name=\"description\" content=\"Jewelry Box Manufacturer: Eco-luxury boxes w\/ embossing &amp; secure cushioning. Elevate unboxing for rings\/necklaces. Where Jewelry Meets Elegance. Request quote!\" \/>\n<meta name=\"robots\" content=\"index, follow, max-snippet:-1, max-image-preview:large, max-video-preview:-1\" \/>\n<link rel=\"canonical\" href=\"https:\/\/www.chinatopack.com\/es\/producto\/luxury-dark-green-paper-cardboard-necklace-bracelet-rings-earrings-pendant-gift-paper-packaging-box-for-jewelry-with-ribbon-bowknot\/\" \/>\n<meta property=\"og:locale\" content=\"es_ES\" \/>\n<meta property=\"og:type\" content=\"article\" \/>\n<meta property=\"og:title\" content=\"Luxury Jewelry Box Supplier | Eco &amp; Custom in China\" \/>\n<meta property=\"og:description\" content=\"Jewelry Box Manufacturer: Eco-luxury boxes w\/ embossing &amp; secure cushioning. Elevate unboxing for rings\/necklaces. Where Jewelry Meets Elegance. Request quote!\" \/>\n<meta property=\"og:url\" content=\"https:\/\/www.chinatopack.com\/es\/producto\/luxury-dark-green-paper-cardboard-necklace-bracelet-rings-earrings-pendant-gift-paper-packaging-box-for-jewelry-with-ribbon-bowknot\/\" \/>\n<meta property=\"og:site_name\" content=\"TOPACK Paper Boxes\" \/>\n<meta property=\"article:publisher\" content=\"https:\/\/www.facebook.com\/ChinaTopack\/\" \/>\n<meta property=\"article:modified_time\" content=\"2025-08-12T10:52:47+00:00\" \/>\n<meta property=\"og:image\" content=\"https:\/\/www.chinatopack.com\/wp-content\/uploads\/2025\/06\/Luxury-Dark-Green-Paper-Cardboard-Necklace-Bracelet-Rings-Earrings-Pendant-Gift-Paper-Packaging-Box-for-Jewelry-With-Ribbon-Bowknot1.webp\" \/>\n\t<meta property=\"og:image:width\" content=\"800\" \/>\n\t<meta property=\"og:image:height\" content=\"808\" \/>\n\t<meta property=\"og:image:type\" content=\"image\/webp\" \/>\n<meta name=\"twitter:card\" content=\"summary_large_image\" \/>\n<meta name=\"twitter:label1\" content=\"Tiempo de lectura\" \/>\n\t<meta name=\"twitter:data1\" content=\"2 minutos\" \/>\n<script type=\"application\/ld+json\" class=\"yoast-schema-graph\">{\"@context\":\"https:\/\/schema.org\",\"@graph\":[{\"@type\":\"WebPage\",\"@id\":\"https:\/\/www.chinatopack.com\/product\/luxury-dark-green-paper-cardboard-necklace-bracelet-rings-earrings-pendant-gift-paper-packaging-box-for-jewelry-with-ribbon-bowknot\/\",\"url\":\"https:\/\/www.chinatopack.com\/product\/luxury-dark-green-paper-cardboard-necklace-bracelet-rings-earrings-pendant-gift-paper-packaging-box-for-jewelry-with-ribbon-bowknot\/\",\"name\":\"Luxury Jewelry Box Supplier | Eco & Custom in China\",\"isPartOf\":{\"@id\":\"https:\/\/www.chinatopack.com\/#website\"},\"primaryImageOfPage\":{\"@id\":\"https:\/\/www.chinatopack.com\/product\/luxury-dark-green-paper-cardboard-necklace-bracelet-rings-earrings-pendant-gift-paper-packaging-box-for-jewelry-with-ribbon-bowknot\/#primaryimage\"},\"image\":{\"@id\":\"https:\/\/www.chinatopack.com\/product\/luxury-dark-green-paper-cardboard-necklace-bracelet-rings-earrings-pendant-gift-paper-packaging-box-for-jewelry-with-ribbon-bowknot\/#primaryimage\"},\"thumbnailUrl\":\"https:\/\/www.chinatopack.com\/wp-content\/uploads\/2025\/06\/Luxury-Dark-Green-Paper-Cardboard-Necklace-Bracelet-Rings-Earrings-Pendant-Gift-Paper-Packaging-Box-for-Jewelry-With-Ribbon-Bowknot1.webp\",\"datePublished\":\"2025-06-16T14:33:06+00:00\",\"dateModified\":\"2025-08-12T10:52:47+00:00\",\"description\":\"Jewelry Box Manufacturer: Eco-luxury boxes w\/ embossing & secure cushioning. Elevate unboxing for rings\/necklaces. Where Jewelry Meets Elegance. Request quote!\",\"breadcrumb\":{\"@id\":\"https:\/\/www.chinatopack.com\/product\/luxury-dark-green-paper-cardboard-necklace-bracelet-rings-earrings-pendant-gift-paper-packaging-box-for-jewelry-with-ribbon-bowknot\/#breadcrumb\"},\"inLanguage\":\"es\",\"potentialAction\":[{\"@type\":\"ReadAction\",\"target\":[\"https:\/\/www.chinatopack.com\/product\/luxury-dark-green-paper-cardboard-necklace-bracelet-rings-earrings-pendant-gift-paper-packaging-box-for-jewelry-with-ribbon-bowknot\/\"]}]},{\"@type\":\"ImageObject\",\"inLanguage\":\"es\",\"@id\":\"https:\/\/www.chinatopack.com\/product\/luxury-dark-green-paper-cardboard-necklace-bracelet-rings-earrings-pendant-gift-paper-packaging-box-for-jewelry-with-ribbon-bowknot\/#primaryimage\",\"url\":\"https:\/\/www.chinatopack.com\/wp-content\/uploads\/2025\/06\/Luxury-Dark-Green-Paper-Cardboard-Necklace-Bracelet-Rings-Earrings-Pendant-Gift-Paper-Packaging-Box-for-Jewelry-With-Ribbon-Bowknot1.webp\",\"contentUrl\":\"https:\/\/www.chinatopack.com\/wp-content\/uploads\/2025\/06\/Luxury-Dark-Green-Paper-Cardboard-Necklace-Bracelet-Rings-Earrings-Pendant-Gift-Paper-Packaging-Box-for-Jewelry-With-Ribbon-Bowknot1.webp\",\"width\":800,\"height\":808,\"caption\":\"Luxury Dark Green Paper Cardboard Necklace Bracelet Rings Earrings Pendant Gift Paper Packaging Box for Jewelry With Ribbon Bowknot\"},{\"@type\":\"BreadcrumbList\",\"@id\":\"https:\/\/www.chinatopack.com\/product\/luxury-dark-green-paper-cardboard-necklace-bracelet-rings-earrings-pendant-gift-paper-packaging-box-for-jewelry-with-ribbon-bowknot\/#breadcrumb\",\"itemListElement\":[{\"@type\":\"ListItem\",\"position\":1,\"name\":\"Home\",\"item\":\"https:\/\/www.chinatopack.com\/\"},{\"@type\":\"ListItem\",\"position\":2,\"name\":\"Products\",\"item\":\"https:\/\/www.chinatopack.com\/shop\/\"},{\"@type\":\"ListItem\",\"position\":3,\"name\":\"Luxury Dark Green Paper Cardboard Necklace Bracelet Rings Earrings Pendant Gift Paper Custom Jewellery Boxes With Ribbon Bowknot\"}]},{\"@type\":\"WebSite\",\"@id\":\"https:\/\/www.chinatopack.com\/#website\",\"url\":\"https:\/\/www.chinatopack.com\/\",\"name\":\"TOPACK Paper Boxes\",\"description\":\"\",\"publisher\":{\"@id\":\"https:\/\/www.chinatopack.com\/#organization\"},\"potentialAction\":[{\"@type\":\"SearchAction\",\"target\":{\"@type\":\"EntryPoint\",\"urlTemplate\":\"https:\/\/www.chinatopack.com\/?s={search_term_string}\"},\"query-input\":\"required name=search_term_string\"}],\"inLanguage\":\"es\"},{\"@type\":\"Organization\",\"@id\":\"https:\/\/www.chinatopack.com\/#organization\",\"name\":\"TOPACK Paper Boxes\",\"url\":\"https:\/\/www.chinatopack.com\/\",\"logo\":{\"@type\":\"ImageObject\",\"inLanguage\":\"es\",\"@id\":\"https:\/\/www.chinatopack.com\/#\/schema\/logo\/image\/\",\"url\":\"https:\/\/www.chinatopack.com\/wp-content\/uploads\/2025\/11\/logo2.webp\",\"contentUrl\":\"https:\/\/www.chinatopack.com\/wp-content\/uploads\/2025\/11\/logo2.webp\",\"width\":512,\"height\":512,\"caption\":\"TOPACK Paper Boxes\"},\"image\":{\"@id\":\"https:\/\/www.chinatopack.com\/#\/schema\/logo\/image\/\"},\"sameAs\":[\"https:\/\/www.facebook.com\/ChinaTopack\/\",\"https:\/\/www.youtube.com\/@chinatopack\"]}]}<\/script>\n<!-- \/ Yoast SEO plugin. -->","yoast_head_json":{"title":"Luxury Jewelry Box Supplier | Eco & Custom in China","description":"Jewelry Box Manufacturer: Eco-luxury boxes w\/ embossing & secure cushioning. Elevate unboxing for rings\/necklaces. Where Jewelry Meets Elegance. Request quote!","robots":{"index":"index","follow":"follow","max-snippet":"max-snippet:-1","max-image-preview":"max-image-preview:large","max-video-preview":"max-video-preview:-1"},"canonical":"https:\/\/www.chinatopack.com\/es\/producto\/luxury-dark-green-paper-cardboard-necklace-bracelet-rings-earrings-pendant-gift-paper-packaging-box-for-jewelry-with-ribbon-bowknot\/","og_locale":"es_ES","og_type":"article","og_title":"Luxury Jewelry Box Supplier | Eco & Custom in China","og_description":"Jewelry Box Manufacturer: Eco-luxury boxes w\/ embossing & secure cushioning. Elevate unboxing for rings\/necklaces. Where Jewelry Meets Elegance. Request quote!","og_url":"https:\/\/www.chinatopack.com\/es\/producto\/luxury-dark-green-paper-cardboard-necklace-bracelet-rings-earrings-pendant-gift-paper-packaging-box-for-jewelry-with-ribbon-bowknot\/","og_site_name":"TOPACK Paper Boxes","article_publisher":"https:\/\/www.facebook.com\/ChinaTopack\/","article_modified_time":"2025-08-12T10:52:47+00:00","og_image":[{"width":800,"height":808,"url":"https:\/\/www.chinatopack.com\/wp-content\/uploads\/2025\/06\/Luxury-Dark-Green-Paper-Cardboard-Necklace-Bracelet-Rings-Earrings-Pendant-Gift-Paper-Packaging-Box-for-Jewelry-With-Ribbon-Bowknot1.webp","type":"image\/webp"}],"twitter_card":"summary_large_image","twitter_misc":{"Tiempo de lectura":"2 minutos"},"schema":{"@context":"https:\/\/schema.org","@graph":[{"@type":"WebPage","@id":"https:\/\/www.chinatopack.com\/product\/luxury-dark-green-paper-cardboard-necklace-bracelet-rings-earrings-pendant-gift-paper-packaging-box-for-jewelry-with-ribbon-bowknot\/","url":"https:\/\/www.chinatopack.com\/product\/luxury-dark-green-paper-cardboard-necklace-bracelet-rings-earrings-pendant-gift-paper-packaging-box-for-jewelry-with-ribbon-bowknot\/","name":"Luxury Jewelry Box Supplier | Eco & Custom in China","isPartOf":{"@id":"https:\/\/www.chinatopack.com\/#website"},"primaryImageOfPage":{"@id":"https:\/\/www.chinatopack.com\/product\/luxury-dark-green-paper-cardboard-necklace-bracelet-rings-earrings-pendant-gift-paper-packaging-box-for-jewelry-with-ribbon-bowknot\/#primaryimage"},"image":{"@id":"https:\/\/www.chinatopack.com\/product\/luxury-dark-green-paper-cardboard-necklace-bracelet-rings-earrings-pendant-gift-paper-packaging-box-for-jewelry-with-ribbon-bowknot\/#primaryimage"},"thumbnailUrl":"https:\/\/www.chinatopack.com\/wp-content\/uploads\/2025\/06\/Luxury-Dark-Green-Paper-Cardboard-Necklace-Bracelet-Rings-Earrings-Pendant-Gift-Paper-Packaging-Box-for-Jewelry-With-Ribbon-Bowknot1.webp","datePublished":"2025-06-16T14:33:06+00:00","dateModified":"2025-08-12T10:52:47+00:00","description":"Jewelry Box Manufacturer: Eco-luxury boxes w\/ embossing & secure cushioning. Elevate unboxing for rings\/necklaces. Where Jewelry Meets Elegance. Request quote!","breadcrumb":{"@id":"https:\/\/www.chinatopack.com\/product\/luxury-dark-green-paper-cardboard-necklace-bracelet-rings-earrings-pendant-gift-paper-packaging-box-for-jewelry-with-ribbon-bowknot\/#breadcrumb"},"inLanguage":"es","potentialAction":[{"@type":"ReadAction","target":["https:\/\/www.chinatopack.com\/product\/luxury-dark-green-paper-cardboard-necklace-bracelet-rings-earrings-pendant-gift-paper-packaging-box-for-jewelry-with-ribbon-bowknot\/"]}]},{"@type":"ImageObject","inLanguage":"es","@id":"https:\/\/www.chinatopack.com\/product\/luxury-dark-green-paper-cardboard-necklace-bracelet-rings-earrings-pendant-gift-paper-packaging-box-for-jewelry-with-ribbon-bowknot\/#primaryimage","url":"https:\/\/www.chinatopack.com\/wp-content\/uploads\/2025\/06\/Luxury-Dark-Green-Paper-Cardboard-Necklace-Bracelet-Rings-Earrings-Pendant-Gift-Paper-Packaging-Box-for-Jewelry-With-Ribbon-Bowknot1.webp","contentUrl":"https:\/\/www.chinatopack.com\/wp-content\/uploads\/2025\/06\/Luxury-Dark-Green-Paper-Cardboard-Necklace-Bracelet-Rings-Earrings-Pendant-Gift-Paper-Packaging-Box-for-Jewelry-With-Ribbon-Bowknot1.webp","width":800,"height":808,"caption":"Luxury Dark Green Paper Cardboard Necklace Bracelet Rings Earrings Pendant Gift Paper Packaging Box for Jewelry With Ribbon Bowknot"},{"@type":"BreadcrumbList","@id":"https:\/\/www.chinatopack.com\/product\/luxury-dark-green-paper-cardboard-necklace-bracelet-rings-earrings-pendant-gift-paper-packaging-box-for-jewelry-with-ribbon-bowknot\/#breadcrumb","itemListElement":[{"@type":"ListItem","position":1,"name":"Home","item":"https:\/\/www.chinatopack.com\/"},{"@type":"ListItem","position":2,"name":"Products","item":"https:\/\/www.chinatopack.com\/shop\/"},{"@type":"ListItem","position":3,"name":"Luxury Dark Green Paper Cardboard Necklace Bracelet Rings Earrings Pendant Gift Paper Custom Jewellery Boxes With Ribbon Bowknot"}]},{"@type":"WebSite","@id":"https:\/\/www.chinatopack.com\/#website","url":"https:\/\/www.chinatopack.com\/","name":"TOPACK Paper Boxes","description":"","publisher":{"@id":"https:\/\/www.chinatopack.com\/#organization"},"potentialAction":[{"@type":"SearchAction","target":{"@type":"EntryPoint","urlTemplate":"https:\/\/www.chinatopack.com\/?s={search_term_string}"},"query-input":"required name=search_term_string"}],"inLanguage":"es"},{"@type":"Organization","@id":"https:\/\/www.chinatopack.com\/#organization","name":"TOPACK Paper Boxes","url":"https:\/\/www.chinatopack.com\/","logo":{"@type":"ImageObject","inLanguage":"es","@id":"https:\/\/www.chinatopack.com\/#\/schema\/logo\/image\/","url":"https:\/\/www.chinatopack.com\/wp-content\/uploads\/2025\/11\/logo2.webp","contentUrl":"https:\/\/www.chinatopack.com\/wp-content\/uploads\/2025\/11\/logo2.webp","width":512,"height":512,"caption":"TOPACK Paper Boxes"},"image":{"@id":"https:\/\/www.chinatopack.com\/#\/schema\/logo\/image\/"},"sameAs":["https:\/\/www.facebook.com\/ChinaTopack\/","https:\/\/www.youtube.com\/@chinatopack"]}]}},"_links":{"self":[{"href":"https:\/\/www.chinatopack.com\/es\/wp-json\/wp\/v2\/product\/12570"}],"collection":[{"href":"https:\/\/www.chinatopack.com\/es\/wp-json\/wp\/v2\/product"}],"about":[{"href":"https:\/\/www.chinatopack.com\/es\/wp-json\/wp\/v2\/types\/product"}],"replies":[{"embeddable":true,"href":"https:\/\/www.chinatopack.com\/es\/wp-json\/wp\/v2\/comments?post=12570"}],"wp:featuredmedia":[{"embeddable":true,"href":"https:\/\/www.chinatopack.com\/es\/wp-json\/wp\/v2\/media\/12579"}],"wp:attachment":[{"href":"https:\/\/www.chinatopack.com\/es\/wp-json\/wp\/v2\/media?parent=12570"}],"wp:term":[{"taxonomy":"product_cat","embeddable":true,"href":"https:\/\/www.chinatopack.com\/es\/wp-json\/wp\/v2\/product_cat?post=12570"},{"taxonomy":"product_tag","embeddable":true,"href":"https:\/\/www.chinatopack.com\/es\/wp-json\/wp\/v2\/product_tag?post=12570"}],"curies":[{"name":"wp","href":"https:\/\/api.w.org\/{rel}","templated":true}]}}