{"id":12598,"date":"2025-06-16T15:05:32","date_gmt":"2025-06-16T15:05:32","guid":{"rendered":"https:\/\/www.chinatopack.com\/?post_type=product&#038;p=12598"},"modified":"2025-08-12T11:01:25","modified_gmt":"2025-08-12T11:01:25","slug":"recyclable-durable-paper-cardboard-box-packaging-elegant-gold-foil-and-uv-embossed-printing-rigid-storage-boxes-with-magnet","status":"publish","type":"product","link":"https:\/\/www.chinatopack.com\/es\/producto\/recyclable-durable-paper-cardboard-box-packaging-elegant-gold-foil-and-uv-embossed-printing-rigid-storage-boxes-with-magnet\/","title":{"rendered":"Reciclable Durable Caja de Cart\u00f3n de Papel Embalaje Elegante L\u00e1mina de Oro y UV en relieve Impresi\u00f3n Cajas de Almacenamiento R\u00edgido Con Im\u00e1n"},"content":{"rendered":"<p>El envase de regalo no es s\u00f3lo un contenedor para proteger la mercanc\u00eda, sino tambi\u00e9n una expresi\u00f3n intuitiva de la filosof\u00eda de la marca y un arma poderosa en la competencia del mercado. Desde las perspectivas de la filosof\u00eda del envase, la est\u00e9tica y los s\u00edmbolos estrat\u00e9gicos, <a href=\"https:\/\/www.chinatopack.com\/es\/category\/rigid-box\/\"><strong>caja r\u00edgida<\/strong><\/a> debe contener ideas creativas \u00fanicas y profundas.<\/p>\n<p>Este exquisito <a href=\"https:\/\/www.chinatopack.com\/es\/etiqueta-producto\/box-rigid\/\"><strong>caja r\u00edgida<\/strong><\/a> est\u00e1 especialmente dise\u00f1ado para ofrecer lujo y versatilidad y es muy adecuado para guardar joyas, bombones exquisitos, recuerdos u objetos personalizados. <a href=\"https:\/\/www.chinatopack.com\/es\/\"><strong>cajas r\u00edgidas a medida <\/strong><\/a>con cierre magn\u00e9tico garantiza un proceso de apertura suave y sin obst\u00e1culos, mientras que el suave acolchado del interior puede proteger cuidadosamente los objetos fr\u00e1giles. Viene en una variedad de colores suaves y tambi\u00e9n se puede personalizar con diversos tratamientos de superficie (como estampado en l\u00e1mina, etiquetas en relieve o ilustraciones retro), convirtiendo as\u00ed cualquier regalo en una obra maestra llena de historias.<\/p>\n<p>Como el papel de personalizaci\u00f3n <a href=\"https:\/\/www.chinatopack.com\/es\/about-us\/\"><strong>proveedores de cajas r\u00edgidas<\/strong><\/a> Con m\u00e1s de 20 a\u00f1os de experiencia, podemos proporcionar asesoramiento profesional, y otros tipos de cajas de embalaje, tales como cajas plegables y cajas en forma de libro. etc. Con el fin de garantizar la calidad, nuestro equipo de inspecci\u00f3n de calidad no s\u00f3lo inspeccionar\u00e1 el producto terminado, sino que tambi\u00e9n har\u00e1 la inspecci\u00f3n de entrada y la inspecci\u00f3n del proceso. Todas las bolsas de embalaje se embalar\u00e1n en una caja de cart\u00f3n kraft de cinco capas antes del transporte para garantizar que no se da\u00f1en durante el transporte.<\/p>\n<h2>Fotos de productos de <a href=\"https:\/\/www.chinatopack.com\/es\/producto\/recyclable-durable-paper-cardboard-box-packaging-elegant-gold-foil-and-uv-embossed-printing-rigid-storage-boxes-with-magnet\/\"><strong>Cajas de almacenamiento r\u00edgidas<\/strong><\/a><\/h2>\n<p><img loading=\"lazy\" decoding=\"async\" class=\"size-full wp-image-12605 aligncenter\" data-src=\"https:\/\/www.chinatopack.com\/wp-content\/uploads\/2025\/06\/Recyclable-Durable-Paper-Cardboard-Box-Packaging-Elegant-Gold-Foil-and-UV-Embossed-Printing-Rigid-Gift-Box-With-Magnet-10.webp\" alt=\"Reciclable Caja de Cart\u00f3n de Papel Durable Embalaje Elegante L\u00e1mina de Oro y UV en relieve de impresi\u00f3n r\u00edgida Caja de regalo con im\u00e1n\" width=\"800\" height=\"800\" srcset=\"https:\/\/www.chinatopack.com\/wp-content\/uploads\/2025\/06\/Recyclable-Durable-Paper-Cardboard-Box-Packaging-Elegant-Gold-Foil-and-UV-Embossed-Printing-Rigid-Gift-Box-With-Magnet-10.webp 800w, https:\/\/www.chinatopack.com\/wp-content\/uploads\/2025\/06\/Recyclable-Durable-Paper-Cardboard-Box-Packaging-Elegant-Gold-Foil-and-UV-Embossed-Printing-Rigid-Gift-Box-With-Magnet-10-480x480.webp 480w\" sizes=\"(min-width: 0px) and (max-width: 480px) 480px, (min-width: 481px) 800px, 100vw\" \/> <img loading=\"lazy\" decoding=\"async\" class=\"size-full wp-image-12606 aligncenter\" data-src=\"https:\/\/www.chinatopack.com\/wp-content\/uploads\/2025\/06\/Recyclable-Durable-Paper-Cardboard-Box-Packaging-Elegant-Gold-Foil-and-UV-Embossed-Printing-Rigid-Gift-Box-With-Magnet-7.webp\" alt=\"Reciclable Caja de Cart\u00f3n de Papel Durable Embalaje Elegante L\u00e1mina de Oro y UV en relieve de impresi\u00f3n r\u00edgida Caja de regalo con im\u00e1n\" width=\"800\" height=\"800\" srcset=\"https:\/\/www.chinatopack.com\/wp-content\/uploads\/2025\/06\/Recyclable-Durable-Paper-Cardboard-Box-Packaging-Elegant-Gold-Foil-and-UV-Embossed-Printing-Rigid-Gift-Box-With-Magnet-7.webp 800w, https:\/\/www.chinatopack.com\/wp-content\/uploads\/2025\/06\/Recyclable-Durable-Paper-Cardboard-Box-Packaging-Elegant-Gold-Foil-and-UV-Embossed-Printing-Rigid-Gift-Box-With-Magnet-7-480x480.webp 480w\" sizes=\"(min-width: 0px) and (max-width: 480px) 480px, (min-width: 481px) 800px, 100vw\" \/> <img loading=\"lazy\" decoding=\"async\" class=\"size-full wp-image-12607 aligncenter\" data-src=\"https:\/\/www.chinatopack.com\/wp-content\/uploads\/2025\/06\/Recyclable-Durable-Paper-Cardboard-Box-Packaging-Elegant-Gold-Foil-and-UV-Embossed-Printing-Rigid-Gift-Box-With-Magnet-8.webp\" alt=\"Reciclable Caja de Cart\u00f3n de Papel Durable Embalaje Elegante L\u00e1mina de Oro y UV en relieve de impresi\u00f3n r\u00edgida Caja de regalo con im\u00e1n\" width=\"800\" height=\"800\" srcset=\"https:\/\/www.chinatopack.com\/wp-content\/uploads\/2025\/06\/Recyclable-Durable-Paper-Cardboard-Box-Packaging-Elegant-Gold-Foil-and-UV-Embossed-Printing-Rigid-Gift-Box-With-Magnet-8.webp 800w, https:\/\/www.chinatopack.com\/wp-content\/uploads\/2025\/06\/Recyclable-Durable-Paper-Cardboard-Box-Packaging-Elegant-Gold-Foil-and-UV-Embossed-Printing-Rigid-Gift-Box-With-Magnet-8-480x480.webp 480w\" sizes=\"(min-width: 0px) and (max-width: 480px) 480px, (min-width: 481px) 800px, 100vw\" \/> <img loading=\"lazy\" decoding=\"async\" class=\"size-full wp-image-12608 aligncenter\" data-src=\"https:\/\/www.chinatopack.com\/wp-content\/uploads\/2025\/06\/Recyclable-Durable-Paper-Cardboard-Box-Packaging-Elegant-Gold-Foil-and-UV-Embossed-Printing-Rigid-Gift-Box-With-Magnet-9.webp\" alt=\"Reciclable Caja de Cart\u00f3n de Papel Durable Embalaje Elegante L\u00e1mina de Oro y UV en relieve de impresi\u00f3n r\u00edgida Caja de regalo con im\u00e1n\" width=\"800\" height=\"800\" srcset=\"https:\/\/www.chinatopack.com\/wp-content\/uploads\/2025\/06\/Recyclable-Durable-Paper-Cardboard-Box-Packaging-Elegant-Gold-Foil-and-UV-Embossed-Printing-Rigid-Gift-Box-With-Magnet-9.webp 800w, https:\/\/www.chinatopack.com\/wp-content\/uploads\/2025\/06\/Recyclable-Durable-Paper-Cardboard-Box-Packaging-Elegant-Gold-Foil-and-UV-Embossed-Printing-Rigid-Gift-Box-With-Magnet-9-480x480.webp 480w\" sizes=\"(min-width: 0px) and (max-width: 480px) 480px, (min-width: 481px) 800px, 100vw\" \/><\/p>","protected":false},"excerpt":{"rendered":"<p>Caja de papel r\u00edgido<br \/>\nSea cual sea su mercanc\u00eda, nuestras cajas r\u00edgidas para regalo crean una primera impresi\u00f3n excepcional desde el primer momento. El dise\u00f1o de la tapa con ventana muestra los mejores \u00e1ngulos de su producto, mientras que la robusta construcci\u00f3n proporciona una seguridad inigualable para sus valiosos art\u00edculos.<\/p>","protected":false},"featured_media":12599,"comment_status":"closed","ping_status":"closed","template":"","meta":{"_et_pb_use_builder":"","_et_pb_old_content":"","_et_gb_content_width":""},"product_cat":[310],"product_tag":[307],"yoast_head":"<!-- This site is optimized with the Yoast SEO plugin v22.7 - https:\/\/yoast.com\/wordpress\/plugins\/seo\/ -->\n<title>Luxury Rigid Storage Boxes Supplier | Magnetic Closure<\/title>\n<meta name=\"description\" content=\"20+ Yrs Custom Rigid Storage Boxes Supplier: Magnetic closure boxes w\/ protective padding &amp; foil stamping. Luxury packaging for jewelry\/chocolates. Request quote!\" \/>\n<meta name=\"robots\" content=\"index, follow, max-snippet:-1, max-image-preview:large, max-video-preview:-1\" \/>\n<link rel=\"canonical\" href=\"https:\/\/www.chinatopack.com\/es\/producto\/recyclable-durable-paper-cardboard-box-packaging-elegant-gold-foil-and-uv-embossed-printing-rigid-storage-boxes-with-magnet\/\" \/>\n<meta property=\"og:locale\" content=\"es_ES\" \/>\n<meta property=\"og:type\" content=\"article\" \/>\n<meta property=\"og:title\" content=\"Luxury Rigid Storage Boxes Supplier | Magnetic Closure\" \/>\n<meta property=\"og:description\" content=\"20+ Yrs Custom Rigid Storage Boxes Supplier: Magnetic closure boxes w\/ protective padding &amp; foil stamping. Luxury packaging for jewelry\/chocolates. Request quote!\" \/>\n<meta property=\"og:url\" content=\"https:\/\/www.chinatopack.com\/es\/producto\/recyclable-durable-paper-cardboard-box-packaging-elegant-gold-foil-and-uv-embossed-printing-rigid-storage-boxes-with-magnet\/\" \/>\n<meta property=\"og:site_name\" content=\"TOPACK Paper Boxes\" \/>\n<meta property=\"article:publisher\" content=\"https:\/\/www.facebook.com\/ChinaTopack\/\" \/>\n<meta property=\"article:modified_time\" content=\"2025-08-12T11:01:25+00:00\" \/>\n<meta property=\"og:image\" content=\"https:\/\/www.chinatopack.com\/wp-content\/uploads\/2025\/06\/Recyclable-Durable-Paper-Cardboard-Box-Packaging-Elegant-Gold-Foil-and-UV-Embossed-Printing-Rigid-Gift-Box-With-Magnet-1.webp\" \/>\n\t<meta property=\"og:image:width\" content=\"800\" \/>\n\t<meta property=\"og:image:height\" content=\"800\" \/>\n\t<meta property=\"og:image:type\" content=\"image\/webp\" \/>\n<meta name=\"twitter:card\" content=\"summary_large_image\" \/>\n<meta name=\"twitter:label1\" content=\"Tiempo de lectura\" \/>\n\t<meta name=\"twitter:data1\" content=\"2 minutos\" \/>\n<script type=\"application\/ld+json\" class=\"yoast-schema-graph\">{\"@context\":\"https:\/\/schema.org\",\"@graph\":[{\"@type\":\"WebPage\",\"@id\":\"https:\/\/www.chinatopack.com\/product\/recyclable-durable-paper-cardboard-box-packaging-elegant-gold-foil-and-uv-embossed-printing-rigid-storage-boxes-with-magnet\/\",\"url\":\"https:\/\/www.chinatopack.com\/product\/recyclable-durable-paper-cardboard-box-packaging-elegant-gold-foil-and-uv-embossed-printing-rigid-storage-boxes-with-magnet\/\",\"name\":\"Luxury Rigid Storage Boxes Supplier | Magnetic Closure\",\"isPartOf\":{\"@id\":\"https:\/\/www.chinatopack.com\/#website\"},\"primaryImageOfPage\":{\"@id\":\"https:\/\/www.chinatopack.com\/product\/recyclable-durable-paper-cardboard-box-packaging-elegant-gold-foil-and-uv-embossed-printing-rigid-storage-boxes-with-magnet\/#primaryimage\"},\"image\":{\"@id\":\"https:\/\/www.chinatopack.com\/product\/recyclable-durable-paper-cardboard-box-packaging-elegant-gold-foil-and-uv-embossed-printing-rigid-storage-boxes-with-magnet\/#primaryimage\"},\"thumbnailUrl\":\"https:\/\/www.chinatopack.com\/wp-content\/uploads\/2025\/06\/Recyclable-Durable-Paper-Cardboard-Box-Packaging-Elegant-Gold-Foil-and-UV-Embossed-Printing-Rigid-Gift-Box-With-Magnet-1.webp\",\"datePublished\":\"2025-06-16T15:05:32+00:00\",\"dateModified\":\"2025-08-12T11:01:25+00:00\",\"description\":\"20+ Yrs Custom Rigid Storage Boxes Supplier: Magnetic closure boxes w\/ protective padding & foil stamping. Luxury packaging for jewelry\/chocolates. Request quote!\",\"breadcrumb\":{\"@id\":\"https:\/\/www.chinatopack.com\/product\/recyclable-durable-paper-cardboard-box-packaging-elegant-gold-foil-and-uv-embossed-printing-rigid-storage-boxes-with-magnet\/#breadcrumb\"},\"inLanguage\":\"es\",\"potentialAction\":[{\"@type\":\"ReadAction\",\"target\":[\"https:\/\/www.chinatopack.com\/product\/recyclable-durable-paper-cardboard-box-packaging-elegant-gold-foil-and-uv-embossed-printing-rigid-storage-boxes-with-magnet\/\"]}]},{\"@type\":\"ImageObject\",\"inLanguage\":\"es\",\"@id\":\"https:\/\/www.chinatopack.com\/product\/recyclable-durable-paper-cardboard-box-packaging-elegant-gold-foil-and-uv-embossed-printing-rigid-storage-boxes-with-magnet\/#primaryimage\",\"url\":\"https:\/\/www.chinatopack.com\/wp-content\/uploads\/2025\/06\/Recyclable-Durable-Paper-Cardboard-Box-Packaging-Elegant-Gold-Foil-and-UV-Embossed-Printing-Rigid-Gift-Box-With-Magnet-1.webp\",\"contentUrl\":\"https:\/\/www.chinatopack.com\/wp-content\/uploads\/2025\/06\/Recyclable-Durable-Paper-Cardboard-Box-Packaging-Elegant-Gold-Foil-and-UV-Embossed-Printing-Rigid-Gift-Box-With-Magnet-1.webp\",\"width\":800,\"height\":800,\"caption\":\"Recyclable Durable Paper Cardboard Box Packaging Elegant Gold Foil and UV Embossed Printing Rigid Gift Box With Magnet\"},{\"@type\":\"BreadcrumbList\",\"@id\":\"https:\/\/www.chinatopack.com\/product\/recyclable-durable-paper-cardboard-box-packaging-elegant-gold-foil-and-uv-embossed-printing-rigid-storage-boxes-with-magnet\/#breadcrumb\",\"itemListElement\":[{\"@type\":\"ListItem\",\"position\":1,\"name\":\"Home\",\"item\":\"https:\/\/www.chinatopack.com\/\"},{\"@type\":\"ListItem\",\"position\":2,\"name\":\"Products\",\"item\":\"https:\/\/www.chinatopack.com\/shop\/\"},{\"@type\":\"ListItem\",\"position\":3,\"name\":\"Recyclable Durable Paper Cardboard Box Packaging Elegant Gold Foil and UV Embossed Printing Rigid Storage Boxes With Magnet\"}]},{\"@type\":\"WebSite\",\"@id\":\"https:\/\/www.chinatopack.com\/#website\",\"url\":\"https:\/\/www.chinatopack.com\/\",\"name\":\"TOPACK Paper Boxes\",\"description\":\"\",\"publisher\":{\"@id\":\"https:\/\/www.chinatopack.com\/#organization\"},\"potentialAction\":[{\"@type\":\"SearchAction\",\"target\":{\"@type\":\"EntryPoint\",\"urlTemplate\":\"https:\/\/www.chinatopack.com\/?s={search_term_string}\"},\"query-input\":\"required name=search_term_string\"}],\"inLanguage\":\"es\"},{\"@type\":\"Organization\",\"@id\":\"https:\/\/www.chinatopack.com\/#organization\",\"name\":\"TOPACK Paper Boxes\",\"url\":\"https:\/\/www.chinatopack.com\/\",\"logo\":{\"@type\":\"ImageObject\",\"inLanguage\":\"es\",\"@id\":\"https:\/\/www.chinatopack.com\/#\/schema\/logo\/image\/\",\"url\":\"https:\/\/www.chinatopack.com\/wp-content\/uploads\/2025\/11\/logo2.webp\",\"contentUrl\":\"https:\/\/www.chinatopack.com\/wp-content\/uploads\/2025\/11\/logo2.webp\",\"width\":512,\"height\":512,\"caption\":\"TOPACK Paper Boxes\"},\"image\":{\"@id\":\"https:\/\/www.chinatopack.com\/#\/schema\/logo\/image\/\"},\"sameAs\":[\"https:\/\/www.facebook.com\/ChinaTopack\/\",\"https:\/\/www.youtube.com\/@chinatopack\"]}]}<\/script>\n<!-- \/ Yoast SEO plugin. -->","yoast_head_json":{"title":"Luxury Rigid Storage Boxes Supplier | Magnetic Closure","description":"20+ Yrs Custom Rigid Storage Boxes Supplier: Magnetic closure boxes w\/ protective padding & foil stamping. Luxury packaging for jewelry\/chocolates. Request quote!","robots":{"index":"index","follow":"follow","max-snippet":"max-snippet:-1","max-image-preview":"max-image-preview:large","max-video-preview":"max-video-preview:-1"},"canonical":"https:\/\/www.chinatopack.com\/es\/producto\/recyclable-durable-paper-cardboard-box-packaging-elegant-gold-foil-and-uv-embossed-printing-rigid-storage-boxes-with-magnet\/","og_locale":"es_ES","og_type":"article","og_title":"Luxury Rigid Storage Boxes Supplier | Magnetic Closure","og_description":"20+ Yrs Custom Rigid Storage Boxes Supplier: Magnetic closure boxes w\/ protective padding & foil stamping. Luxury packaging for jewelry\/chocolates. Request quote!","og_url":"https:\/\/www.chinatopack.com\/es\/producto\/recyclable-durable-paper-cardboard-box-packaging-elegant-gold-foil-and-uv-embossed-printing-rigid-storage-boxes-with-magnet\/","og_site_name":"TOPACK Paper Boxes","article_publisher":"https:\/\/www.facebook.com\/ChinaTopack\/","article_modified_time":"2025-08-12T11:01:25+00:00","og_image":[{"width":800,"height":800,"url":"https:\/\/www.chinatopack.com\/wp-content\/uploads\/2025\/06\/Recyclable-Durable-Paper-Cardboard-Box-Packaging-Elegant-Gold-Foil-and-UV-Embossed-Printing-Rigid-Gift-Box-With-Magnet-1.webp","type":"image\/webp"}],"twitter_card":"summary_large_image","twitter_misc":{"Tiempo de lectura":"2 minutos"},"schema":{"@context":"https:\/\/schema.org","@graph":[{"@type":"WebPage","@id":"https:\/\/www.chinatopack.com\/product\/recyclable-durable-paper-cardboard-box-packaging-elegant-gold-foil-and-uv-embossed-printing-rigid-storage-boxes-with-magnet\/","url":"https:\/\/www.chinatopack.com\/product\/recyclable-durable-paper-cardboard-box-packaging-elegant-gold-foil-and-uv-embossed-printing-rigid-storage-boxes-with-magnet\/","name":"Luxury Rigid Storage Boxes Supplier | Magnetic Closure","isPartOf":{"@id":"https:\/\/www.chinatopack.com\/#website"},"primaryImageOfPage":{"@id":"https:\/\/www.chinatopack.com\/product\/recyclable-durable-paper-cardboard-box-packaging-elegant-gold-foil-and-uv-embossed-printing-rigid-storage-boxes-with-magnet\/#primaryimage"},"image":{"@id":"https:\/\/www.chinatopack.com\/product\/recyclable-durable-paper-cardboard-box-packaging-elegant-gold-foil-and-uv-embossed-printing-rigid-storage-boxes-with-magnet\/#primaryimage"},"thumbnailUrl":"https:\/\/www.chinatopack.com\/wp-content\/uploads\/2025\/06\/Recyclable-Durable-Paper-Cardboard-Box-Packaging-Elegant-Gold-Foil-and-UV-Embossed-Printing-Rigid-Gift-Box-With-Magnet-1.webp","datePublished":"2025-06-16T15:05:32+00:00","dateModified":"2025-08-12T11:01:25+00:00","description":"20+ Yrs Custom Rigid Storage Boxes Supplier: Magnetic closure boxes w\/ protective padding & foil stamping. Luxury packaging for jewelry\/chocolates. Request quote!","breadcrumb":{"@id":"https:\/\/www.chinatopack.com\/product\/recyclable-durable-paper-cardboard-box-packaging-elegant-gold-foil-and-uv-embossed-printing-rigid-storage-boxes-with-magnet\/#breadcrumb"},"inLanguage":"es","potentialAction":[{"@type":"ReadAction","target":["https:\/\/www.chinatopack.com\/product\/recyclable-durable-paper-cardboard-box-packaging-elegant-gold-foil-and-uv-embossed-printing-rigid-storage-boxes-with-magnet\/"]}]},{"@type":"ImageObject","inLanguage":"es","@id":"https:\/\/www.chinatopack.com\/product\/recyclable-durable-paper-cardboard-box-packaging-elegant-gold-foil-and-uv-embossed-printing-rigid-storage-boxes-with-magnet\/#primaryimage","url":"https:\/\/www.chinatopack.com\/wp-content\/uploads\/2025\/06\/Recyclable-Durable-Paper-Cardboard-Box-Packaging-Elegant-Gold-Foil-and-UV-Embossed-Printing-Rigid-Gift-Box-With-Magnet-1.webp","contentUrl":"https:\/\/www.chinatopack.com\/wp-content\/uploads\/2025\/06\/Recyclable-Durable-Paper-Cardboard-Box-Packaging-Elegant-Gold-Foil-and-UV-Embossed-Printing-Rigid-Gift-Box-With-Magnet-1.webp","width":800,"height":800,"caption":"Recyclable Durable Paper Cardboard Box Packaging Elegant Gold Foil and UV Embossed Printing Rigid Gift Box With Magnet"},{"@type":"BreadcrumbList","@id":"https:\/\/www.chinatopack.com\/product\/recyclable-durable-paper-cardboard-box-packaging-elegant-gold-foil-and-uv-embossed-printing-rigid-storage-boxes-with-magnet\/#breadcrumb","itemListElement":[{"@type":"ListItem","position":1,"name":"Home","item":"https:\/\/www.chinatopack.com\/"},{"@type":"ListItem","position":2,"name":"Products","item":"https:\/\/www.chinatopack.com\/shop\/"},{"@type":"ListItem","position":3,"name":"Recyclable Durable Paper Cardboard Box Packaging Elegant Gold Foil and UV Embossed Printing Rigid Storage Boxes With Magnet"}]},{"@type":"WebSite","@id":"https:\/\/www.chinatopack.com\/#website","url":"https:\/\/www.chinatopack.com\/","name":"TOPACK Paper Boxes","description":"","publisher":{"@id":"https:\/\/www.chinatopack.com\/#organization"},"potentialAction":[{"@type":"SearchAction","target":{"@type":"EntryPoint","urlTemplate":"https:\/\/www.chinatopack.com\/?s={search_term_string}"},"query-input":"required name=search_term_string"}],"inLanguage":"es"},{"@type":"Organization","@id":"https:\/\/www.chinatopack.com\/#organization","name":"TOPACK Paper Boxes","url":"https:\/\/www.chinatopack.com\/","logo":{"@type":"ImageObject","inLanguage":"es","@id":"https:\/\/www.chinatopack.com\/#\/schema\/logo\/image\/","url":"https:\/\/www.chinatopack.com\/wp-content\/uploads\/2025\/11\/logo2.webp","contentUrl":"https:\/\/www.chinatopack.com\/wp-content\/uploads\/2025\/11\/logo2.webp","width":512,"height":512,"caption":"TOPACK Paper Boxes"},"image":{"@id":"https:\/\/www.chinatopack.com\/#\/schema\/logo\/image\/"},"sameAs":["https:\/\/www.facebook.com\/ChinaTopack\/","https:\/\/www.youtube.com\/@chinatopack"]}]}},"_links":{"self":[{"href":"https:\/\/www.chinatopack.com\/es\/wp-json\/wp\/v2\/product\/12598"}],"collection":[{"href":"https:\/\/www.chinatopack.com\/es\/wp-json\/wp\/v2\/product"}],"about":[{"href":"https:\/\/www.chinatopack.com\/es\/wp-json\/wp\/v2\/types\/product"}],"replies":[{"embeddable":true,"href":"https:\/\/www.chinatopack.com\/es\/wp-json\/wp\/v2\/comments?post=12598"}],"wp:featuredmedia":[{"embeddable":true,"href":"https:\/\/www.chinatopack.com\/es\/wp-json\/wp\/v2\/media\/12599"}],"wp:attachment":[{"href":"https:\/\/www.chinatopack.com\/es\/wp-json\/wp\/v2\/media?parent=12598"}],"wp:term":[{"taxonomy":"product_cat","embeddable":true,"href":"https:\/\/www.chinatopack.com\/es\/wp-json\/wp\/v2\/product_cat?post=12598"},{"taxonomy":"product_tag","embeddable":true,"href":"https:\/\/www.chinatopack.com\/es\/wp-json\/wp\/v2\/product_tag?post=12598"}],"curies":[{"name":"wp","href":"https:\/\/api.w.org\/{rel}","templated":true}]}}