{"id":12609,"date":"2025-06-16T15:10:48","date_gmt":"2025-06-16T15:10:48","guid":{"rendered":"https:\/\/www.chinatopack.com\/?post_type=product&#038;p=12609"},"modified":"2025-08-12T11:20:29","modified_gmt":"2025-08-12T11:20:29","slug":"high-quality-customized-luxury-hexagon-paper-packaging-rigid-packout-box-made-in-china","status":"publish","type":"product","link":"https:\/\/www.chinatopack.com\/es\/producto\/high-quality-customized-luxury-hexagon-paper-packaging-rigid-packout-box-made-in-china\/","title":{"rendered":"Alta calidad personalizado de lujo hex\u00e1gono de papel de embalaje r\u00edgido Packout caja hecha en China"},"content":{"rendered":"<p>El envase de regalo no es s\u00f3lo un contenedor para proteger la mercanc\u00eda, sino tambi\u00e9n una expresi\u00f3n intuitiva de la filosof\u00eda de la marca y un arma poderosa en la competencia del mercado. Desde las perspectivas de la filosof\u00eda del envase, la est\u00e9tica y los s\u00edmbolos estrat\u00e9gicos, <a href=\"https:\/\/www.chinatopack.com\/es\/\"><strong>cajas r\u00edgidas a medida<\/strong><\/a> debe contener ideas creativas \u00fanicas y profundas.<\/p>\n<p>Este exquisito <a href=\"https:\/\/www.chinatopack.com\/es\/etiqueta-producto\/box-rigid\/\"><strong>caja r\u00edgida<\/strong><\/a> est\u00e1 especialmente dise\u00f1ado para ofrecer lujo y versatilidad, y es muy adecuado para guardar joyas, bombones exquisitos, recuerdos u objetos personalizados. Su cierre magn\u00e9tico garantiza un proceso de apertura suave y sin obst\u00e1culos, mientras que el suave acolchado interior puede proteger cuidadosamente los objetos fr\u00e1giles. <a href=\"https:\/\/www.chinatopack.com\/es\/producto\/high-quality-customized-luxury-hexagon-paper-packaging-rigid-packout-box-made-in-china\/\"><strong>Packo r\u00edgido<\/strong><strong>u<\/strong><strong>t caja<\/strong><\/a> se presenta en una variedad de colores suaves y tambi\u00e9n se puede personalizar con diversos tratamientos de superficie (como estampaci\u00f3n, etiquetas en relieve o ilustraciones retro), convirtiendo as\u00ed cualquier regalo en una obra maestra llena de historias.<\/p>\n<p>En<a href=\"https:\/\/www.chinatopack.com\/es\/about-us\/\"><strong> proveedores de cajas r\u00edgidas <\/strong><\/a>Con m\u00e1s de 20 a\u00f1os de experiencia, podemos proporcionar asesoramiento profesional, y otros tipos de cajas de embalaje, tales como cajas plegables y cajas en forma de libro. etc. Con el fin de garantizar la calidad, nuestro equipo de inspecci\u00f3n de calidad no s\u00f3lo inspeccionar\u00e1 el producto terminado, sino que tambi\u00e9n har\u00e1 la inspecci\u00f3n de entrada y la inspecci\u00f3n del proceso. Todas las bolsas de embalaje se embalar\u00e1n en una caja de cart\u00f3n kraft de cinco capas antes del transporte para garantizar que no se da\u00f1en durante el transporte.<\/p>\n<h2>Im\u00e1genes del producto<\/h2>\n<p><img loading=\"lazy\" decoding=\"async\" class=\"size-full wp-image-12616 aligncenter\" data-src=\"https:\/\/www.chinatopack.com\/wp-content\/uploads\/2025\/06\/High-Quality-Customized-Luxury-Hexagon-Paper-Packaging-Box-Made-In-China8.jpg\" alt=\"Caja de embalaje de papel hexagonal de lujo de alta calidad personalizada hecha en China\" width=\"800\" height=\"800\" srcset=\"https:\/\/www.chinatopack.com\/wp-content\/uploads\/2025\/06\/High-Quality-Customized-Luxury-Hexagon-Paper-Packaging-Box-Made-In-China8.jpg 800w, https:\/\/www.chinatopack.com\/wp-content\/uploads\/2025\/06\/High-Quality-Customized-Luxury-Hexagon-Paper-Packaging-Box-Made-In-China8-480x480.jpg 480w\" sizes=\"(min-width: 0px) and (max-width: 480px) 480px, (min-width: 481px) 800px, 100vw\" \/><\/p>\n<p style=\"text-align: center;\"><a href=\"https:\/\/www.chinatopack.com\/es\/products\/\"><strong>cajas r\u00edgidas<\/strong><\/a><\/p>\n<p><img loading=\"lazy\" decoding=\"async\" class=\"size-full wp-image-12617 aligncenter\" data-src=\"https:\/\/www.chinatopack.com\/wp-content\/uploads\/2025\/06\/High-Quality-Customized-Luxury-Hexagon-Paper-Packaging-Box-Made-In-China7.jpg\" alt=\"Caja de embalaje de papel hexagonal de lujo de alta calidad personalizada hecha en China\" width=\"800\" height=\"800\" srcset=\"https:\/\/www.chinatopack.com\/wp-content\/uploads\/2025\/06\/High-Quality-Customized-Luxury-Hexagon-Paper-Packaging-Box-Made-In-China7.jpg 800w, https:\/\/www.chinatopack.com\/wp-content\/uploads\/2025\/06\/High-Quality-Customized-Luxury-Hexagon-Paper-Packaging-Box-Made-In-China7-480x480.jpg 480w\" sizes=\"(min-width: 0px) and (max-width: 480px) 480px, (min-width: 481px) 800px, 100vw\" \/><\/p>\n<p style=\"text-align: center;\"><a href=\"https:\/\/www.chinatopack.com\/es\/category\/rigid-box\/\"><strong>embalaje personalizado en cajas r\u00edgidas<\/strong><\/a><\/p>","protected":false},"excerpt":{"rendered":"<p>Caracter\u00edsticas principales<br \/>\nDise\u00f1ado con material de primera calidad<br \/>\nCaja en forma de hex\u00e1gono para un aspecto \u00fanico<br \/>\nDecorado y cerrado con una cinta<br \/>\nOpciones personalizadas de impresi\u00f3n, recubrimiento y troquelado<\/p>","protected":false},"featured_media":12610,"comment_status":"closed","ping_status":"closed","template":"","meta":{"_et_pb_use_builder":"","_et_pb_old_content":"","_et_gb_content_width":""},"product_cat":[310],"product_tag":[307],"yoast_head":"<!-- This site is optimized with the Yoast SEO plugin v22.7 - https:\/\/yoast.com\/wordpress\/plugins\/seo\/ -->\n<title>Luxury Rigid Box Supplier | Custom Magnetic Closure<\/title>\n<meta name=\"description\" content=\"20+ Yrs Rigid Box Supplier: Custom magnetic closure boxes w\/ protective padding &amp; foil stamping. Luxury packaging for jewelry\/chocolates. Request quote!\" \/>\n<meta name=\"robots\" content=\"index, follow, max-snippet:-1, max-image-preview:large, max-video-preview:-1\" \/>\n<link rel=\"canonical\" href=\"https:\/\/www.chinatopack.com\/es\/producto\/high-quality-customized-luxury-hexagon-paper-packaging-rigid-packout-box-made-in-china\/\" \/>\n<meta property=\"og:locale\" content=\"es_ES\" \/>\n<meta property=\"og:type\" content=\"article\" \/>\n<meta property=\"og:title\" content=\"Luxury Rigid Box Supplier | Custom Magnetic Closure\" \/>\n<meta property=\"og:description\" content=\"20+ Yrs Rigid Box Supplier: Custom magnetic closure boxes w\/ protective padding &amp; foil stamping. Luxury packaging for jewelry\/chocolates. Request quote!\" \/>\n<meta property=\"og:url\" content=\"https:\/\/www.chinatopack.com\/es\/producto\/high-quality-customized-luxury-hexagon-paper-packaging-rigid-packout-box-made-in-china\/\" \/>\n<meta property=\"og:site_name\" content=\"TOPACK Paper Boxes\" \/>\n<meta property=\"article:publisher\" content=\"https:\/\/www.facebook.com\/ChinaTopack\/\" \/>\n<meta property=\"article:modified_time\" content=\"2025-08-12T11:20:29+00:00\" \/>\n<meta property=\"og:image\" content=\"https:\/\/www.chinatopack.com\/wp-content\/uploads\/2025\/06\/High-Quality-Customized-Luxury-Hexagon-Paper-Packaging-Box-Made-In-China1.jpg\" \/>\n\t<meta property=\"og:image:width\" content=\"800\" \/>\n\t<meta property=\"og:image:height\" content=\"800\" \/>\n\t<meta property=\"og:image:type\" content=\"image\/jpeg\" \/>\n<meta name=\"twitter:card\" content=\"summary_large_image\" \/>\n<meta name=\"twitter:label1\" content=\"Tiempo de lectura\" \/>\n\t<meta name=\"twitter:data1\" content=\"2 minutos\" \/>\n<script type=\"application\/ld+json\" class=\"yoast-schema-graph\">{\"@context\":\"https:\/\/schema.org\",\"@graph\":[{\"@type\":\"WebPage\",\"@id\":\"https:\/\/www.chinatopack.com\/product\/high-quality-customized-luxury-hexagon-paper-packaging-rigid-packout-box-made-in-china\/\",\"url\":\"https:\/\/www.chinatopack.com\/product\/high-quality-customized-luxury-hexagon-paper-packaging-rigid-packout-box-made-in-china\/\",\"name\":\"Luxury Rigid Box Supplier | Custom Magnetic Closure\",\"isPartOf\":{\"@id\":\"https:\/\/www.chinatopack.com\/#website\"},\"primaryImageOfPage\":{\"@id\":\"https:\/\/www.chinatopack.com\/product\/high-quality-customized-luxury-hexagon-paper-packaging-rigid-packout-box-made-in-china\/#primaryimage\"},\"image\":{\"@id\":\"https:\/\/www.chinatopack.com\/product\/high-quality-customized-luxury-hexagon-paper-packaging-rigid-packout-box-made-in-china\/#primaryimage\"},\"thumbnailUrl\":\"https:\/\/www.chinatopack.com\/wp-content\/uploads\/2025\/06\/High-Quality-Customized-Luxury-Hexagon-Paper-Packaging-Box-Made-In-China1.jpg\",\"datePublished\":\"2025-06-16T15:10:48+00:00\",\"dateModified\":\"2025-08-12T11:20:29+00:00\",\"description\":\"20+ Yrs Rigid Box Supplier: Custom magnetic closure boxes w\/ protective padding & foil stamping. Luxury packaging for jewelry\/chocolates. Request quote!\",\"breadcrumb\":{\"@id\":\"https:\/\/www.chinatopack.com\/product\/high-quality-customized-luxury-hexagon-paper-packaging-rigid-packout-box-made-in-china\/#breadcrumb\"},\"inLanguage\":\"es\",\"potentialAction\":[{\"@type\":\"ReadAction\",\"target\":[\"https:\/\/www.chinatopack.com\/product\/high-quality-customized-luxury-hexagon-paper-packaging-rigid-packout-box-made-in-china\/\"]}]},{\"@type\":\"ImageObject\",\"inLanguage\":\"es\",\"@id\":\"https:\/\/www.chinatopack.com\/product\/high-quality-customized-luxury-hexagon-paper-packaging-rigid-packout-box-made-in-china\/#primaryimage\",\"url\":\"https:\/\/www.chinatopack.com\/wp-content\/uploads\/2025\/06\/High-Quality-Customized-Luxury-Hexagon-Paper-Packaging-Box-Made-In-China1.jpg\",\"contentUrl\":\"https:\/\/www.chinatopack.com\/wp-content\/uploads\/2025\/06\/High-Quality-Customized-Luxury-Hexagon-Paper-Packaging-Box-Made-In-China1.jpg\",\"width\":800,\"height\":800,\"caption\":\"High Quality Customized Luxury Hexagon Paper Packaging Box Made In China\"},{\"@type\":\"BreadcrumbList\",\"@id\":\"https:\/\/www.chinatopack.com\/product\/high-quality-customized-luxury-hexagon-paper-packaging-rigid-packout-box-made-in-china\/#breadcrumb\",\"itemListElement\":[{\"@type\":\"ListItem\",\"position\":1,\"name\":\"Home\",\"item\":\"https:\/\/www.chinatopack.com\/\"},{\"@type\":\"ListItem\",\"position\":2,\"name\":\"Products\",\"item\":\"https:\/\/www.chinatopack.com\/shop\/\"},{\"@type\":\"ListItem\",\"position\":3,\"name\":\"High Quality Customized Luxury Hexagon Paper Packaging Rigid Packout Box Made In China\"}]},{\"@type\":\"WebSite\",\"@id\":\"https:\/\/www.chinatopack.com\/#website\",\"url\":\"https:\/\/www.chinatopack.com\/\",\"name\":\"TOPACK Paper Boxes\",\"description\":\"\",\"publisher\":{\"@id\":\"https:\/\/www.chinatopack.com\/#organization\"},\"potentialAction\":[{\"@type\":\"SearchAction\",\"target\":{\"@type\":\"EntryPoint\",\"urlTemplate\":\"https:\/\/www.chinatopack.com\/?s={search_term_string}\"},\"query-input\":\"required name=search_term_string\"}],\"inLanguage\":\"es\"},{\"@type\":\"Organization\",\"@id\":\"https:\/\/www.chinatopack.com\/#organization\",\"name\":\"TOPACK Paper Boxes\",\"url\":\"https:\/\/www.chinatopack.com\/\",\"logo\":{\"@type\":\"ImageObject\",\"inLanguage\":\"es\",\"@id\":\"https:\/\/www.chinatopack.com\/#\/schema\/logo\/image\/\",\"url\":\"https:\/\/www.chinatopack.com\/wp-content\/uploads\/2025\/11\/logo2.webp\",\"contentUrl\":\"https:\/\/www.chinatopack.com\/wp-content\/uploads\/2025\/11\/logo2.webp\",\"width\":512,\"height\":512,\"caption\":\"TOPACK Paper Boxes\"},\"image\":{\"@id\":\"https:\/\/www.chinatopack.com\/#\/schema\/logo\/image\/\"},\"sameAs\":[\"https:\/\/www.facebook.com\/ChinaTopack\/\",\"https:\/\/www.youtube.com\/@chinatopack\"]}]}<\/script>\n<!-- \/ Yoast SEO plugin. -->","yoast_head_json":{"title":"Luxury Rigid Box Supplier | Custom Magnetic Closure","description":"20+ Yrs Rigid Box Supplier: Custom magnetic closure boxes w\/ protective padding & foil stamping. Luxury packaging for jewelry\/chocolates. Request quote!","robots":{"index":"index","follow":"follow","max-snippet":"max-snippet:-1","max-image-preview":"max-image-preview:large","max-video-preview":"max-video-preview:-1"},"canonical":"https:\/\/www.chinatopack.com\/es\/producto\/high-quality-customized-luxury-hexagon-paper-packaging-rigid-packout-box-made-in-china\/","og_locale":"es_ES","og_type":"article","og_title":"Luxury Rigid Box Supplier | Custom Magnetic Closure","og_description":"20+ Yrs Rigid Box Supplier: Custom magnetic closure boxes w\/ protective padding & foil stamping. Luxury packaging for jewelry\/chocolates. Request quote!","og_url":"https:\/\/www.chinatopack.com\/es\/producto\/high-quality-customized-luxury-hexagon-paper-packaging-rigid-packout-box-made-in-china\/","og_site_name":"TOPACK Paper Boxes","article_publisher":"https:\/\/www.facebook.com\/ChinaTopack\/","article_modified_time":"2025-08-12T11:20:29+00:00","og_image":[{"width":800,"height":800,"url":"https:\/\/www.chinatopack.com\/wp-content\/uploads\/2025\/06\/High-Quality-Customized-Luxury-Hexagon-Paper-Packaging-Box-Made-In-China1.jpg","type":"image\/jpeg"}],"twitter_card":"summary_large_image","twitter_misc":{"Tiempo de lectura":"2 minutos"},"schema":{"@context":"https:\/\/schema.org","@graph":[{"@type":"WebPage","@id":"https:\/\/www.chinatopack.com\/product\/high-quality-customized-luxury-hexagon-paper-packaging-rigid-packout-box-made-in-china\/","url":"https:\/\/www.chinatopack.com\/product\/high-quality-customized-luxury-hexagon-paper-packaging-rigid-packout-box-made-in-china\/","name":"Luxury Rigid Box Supplier | Custom Magnetic Closure","isPartOf":{"@id":"https:\/\/www.chinatopack.com\/#website"},"primaryImageOfPage":{"@id":"https:\/\/www.chinatopack.com\/product\/high-quality-customized-luxury-hexagon-paper-packaging-rigid-packout-box-made-in-china\/#primaryimage"},"image":{"@id":"https:\/\/www.chinatopack.com\/product\/high-quality-customized-luxury-hexagon-paper-packaging-rigid-packout-box-made-in-china\/#primaryimage"},"thumbnailUrl":"https:\/\/www.chinatopack.com\/wp-content\/uploads\/2025\/06\/High-Quality-Customized-Luxury-Hexagon-Paper-Packaging-Box-Made-In-China1.jpg","datePublished":"2025-06-16T15:10:48+00:00","dateModified":"2025-08-12T11:20:29+00:00","description":"20+ Yrs Rigid Box Supplier: Custom magnetic closure boxes w\/ protective padding & foil stamping. Luxury packaging for jewelry\/chocolates. Request quote!","breadcrumb":{"@id":"https:\/\/www.chinatopack.com\/product\/high-quality-customized-luxury-hexagon-paper-packaging-rigid-packout-box-made-in-china\/#breadcrumb"},"inLanguage":"es","potentialAction":[{"@type":"ReadAction","target":["https:\/\/www.chinatopack.com\/product\/high-quality-customized-luxury-hexagon-paper-packaging-rigid-packout-box-made-in-china\/"]}]},{"@type":"ImageObject","inLanguage":"es","@id":"https:\/\/www.chinatopack.com\/product\/high-quality-customized-luxury-hexagon-paper-packaging-rigid-packout-box-made-in-china\/#primaryimage","url":"https:\/\/www.chinatopack.com\/wp-content\/uploads\/2025\/06\/High-Quality-Customized-Luxury-Hexagon-Paper-Packaging-Box-Made-In-China1.jpg","contentUrl":"https:\/\/www.chinatopack.com\/wp-content\/uploads\/2025\/06\/High-Quality-Customized-Luxury-Hexagon-Paper-Packaging-Box-Made-In-China1.jpg","width":800,"height":800,"caption":"High Quality Customized Luxury Hexagon Paper Packaging Box Made In China"},{"@type":"BreadcrumbList","@id":"https:\/\/www.chinatopack.com\/product\/high-quality-customized-luxury-hexagon-paper-packaging-rigid-packout-box-made-in-china\/#breadcrumb","itemListElement":[{"@type":"ListItem","position":1,"name":"Home","item":"https:\/\/www.chinatopack.com\/"},{"@type":"ListItem","position":2,"name":"Products","item":"https:\/\/www.chinatopack.com\/shop\/"},{"@type":"ListItem","position":3,"name":"High Quality Customized Luxury Hexagon Paper Packaging Rigid Packout Box Made In China"}]},{"@type":"WebSite","@id":"https:\/\/www.chinatopack.com\/#website","url":"https:\/\/www.chinatopack.com\/","name":"TOPACK Paper Boxes","description":"","publisher":{"@id":"https:\/\/www.chinatopack.com\/#organization"},"potentialAction":[{"@type":"SearchAction","target":{"@type":"EntryPoint","urlTemplate":"https:\/\/www.chinatopack.com\/?s={search_term_string}"},"query-input":"required name=search_term_string"}],"inLanguage":"es"},{"@type":"Organization","@id":"https:\/\/www.chinatopack.com\/#organization","name":"TOPACK Paper Boxes","url":"https:\/\/www.chinatopack.com\/","logo":{"@type":"ImageObject","inLanguage":"es","@id":"https:\/\/www.chinatopack.com\/#\/schema\/logo\/image\/","url":"https:\/\/www.chinatopack.com\/wp-content\/uploads\/2025\/11\/logo2.webp","contentUrl":"https:\/\/www.chinatopack.com\/wp-content\/uploads\/2025\/11\/logo2.webp","width":512,"height":512,"caption":"TOPACK Paper Boxes"},"image":{"@id":"https:\/\/www.chinatopack.com\/#\/schema\/logo\/image\/"},"sameAs":["https:\/\/www.facebook.com\/ChinaTopack\/","https:\/\/www.youtube.com\/@chinatopack"]}]}},"_links":{"self":[{"href":"https:\/\/www.chinatopack.com\/es\/wp-json\/wp\/v2\/product\/12609"}],"collection":[{"href":"https:\/\/www.chinatopack.com\/es\/wp-json\/wp\/v2\/product"}],"about":[{"href":"https:\/\/www.chinatopack.com\/es\/wp-json\/wp\/v2\/types\/product"}],"replies":[{"embeddable":true,"href":"https:\/\/www.chinatopack.com\/es\/wp-json\/wp\/v2\/comments?post=12609"}],"wp:featuredmedia":[{"embeddable":true,"href":"https:\/\/www.chinatopack.com\/es\/wp-json\/wp\/v2\/media\/12610"}],"wp:attachment":[{"href":"https:\/\/www.chinatopack.com\/es\/wp-json\/wp\/v2\/media?parent=12609"}],"wp:term":[{"taxonomy":"product_cat","embeddable":true,"href":"https:\/\/www.chinatopack.com\/es\/wp-json\/wp\/v2\/product_cat?post=12609"},{"taxonomy":"product_tag","embeddable":true,"href":"https:\/\/www.chinatopack.com\/es\/wp-json\/wp\/v2\/product_tag?post=12609"}],"curies":[{"name":"wp","href":"https:\/\/api.w.org\/{rel}","templated":true}]}}