{"id":12618,"date":"2025-06-16T15:17:55","date_gmt":"2025-06-16T15:17:55","guid":{"rendered":"https:\/\/www.chinatopack.com\/?post_type=product&#038;p=12618"},"modified":"2025-08-12T11:18:09","modified_gmt":"2025-08-12T11:18:09","slug":"manufacturer-custom-decorative-square-shape-magnetic-closure-cardboard-rigid-job-box-with-leather-handle","status":"publish","type":"product","link":"https:\/\/www.chinatopack.com\/es\/producto\/manufacturer-custom-decorative-square-shape-magnetic-closure-cardboard-rigid-job-box-with-leather-handle\/","title":{"rendered":"Fabricante Caja de Trabajo R\u00edgida de Cart\u00f3n con Cierre Magn\u00e9tico de Forma Cuadrada Decorativa Personalizada con Asa de Cuero"},"content":{"rendered":"<h2>Elegantes cajas de papel para regalo: donde la reflexi\u00f3n se une a la artesan\u00eda<\/h2>\n<p>Celebre los momentos especiales de la vida con nuestro hermoso dise\u00f1o <a href=\"https:\/\/www.chinatopack.com\/es\/producto\/manufacturer-custom-decorative-square-shape-magnetic-closure-cardboard-rigid-job-box-with-leather-handle\/\"><strong>buz\u00f3n de empleo r\u00edgido<\/strong><\/a>-una mezcla perfecta de sofisticaci\u00f3n y sostenibilidad. Fabricadas con materiales ecol\u00f3gicos de primera calidad, cada caja ofrece una experiencia de lujo al abrir la caja y, al mismo tiempo, respeta tu compromiso con el planeta.<\/p>\n<p>Ya sea para bombones, joyas, cosm\u00e9ticos o regalos personalizados, nuestra vers\u00e1til colecci\u00f3n se adapta a todas las ocasiones. En <a href=\"https:\/\/www.chinatopack.com\/es\/etiqueta-producto\/box-rigid\/\"><strong>caja r\u00edgida<\/strong><\/a> Elija entre una amplia gama de texturas, colores y acabados (mate, brillante, estampado o gofrado) para complementar a la perfecci\u00f3n su marca o el tema de su evento. Los detalles como los cierres magn\u00e9ticos, los detalles en forma de cinta y los interiores con impresi\u00f3n personalizada a\u00f1aden un toque extra de elegancia.<\/p>\n<p>Ideales para tiendas, regalos de empresa o bodas, nuestras cajas de papel transforman regalos corrientes en preciados recuerdos. Ligeras pero duraderas, protegen sus tesoros y causan una impresi\u00f3n duradera.<br \/>\nPorque los mejores regalos merecen un envoltorio tan extraordinario como su contenido. Eleve sus regalos con un dise\u00f1o atemporal y respetuoso con el medio ambiente. <a href=\"https:\/\/www.chinatopack.com\/es\/about-us\/\"><strong>proveedores de cajas r\u00edgidas<\/strong><\/a>.<\/p>\n<h2>Im\u00e1genes del producto<\/h2>\n<p><img loading=\"lazy\" decoding=\"async\" class=\"size-full wp-image-12623 aligncenter\" data-src=\"https:\/\/www.chinatopack.com\/wp-content\/uploads\/2025\/06\/Manufacturer-Custom-Decorative-Square-Shape-Magnetic-Closure-Cardboard-Gift-Packaging-Boxes-with-Leather-Handle7.webp\" alt=\"Cajas de cart\u00f3n para regalo con cierre magn\u00e9tico y asa de piel\" width=\"800\" height=\"800\" srcset=\"https:\/\/www.chinatopack.com\/wp-content\/uploads\/2025\/06\/Manufacturer-Custom-Decorative-Square-Shape-Magnetic-Closure-Cardboard-Gift-Packaging-Boxes-with-Leather-Handle7.webp 800w, https:\/\/www.chinatopack.com\/wp-content\/uploads\/2025\/06\/Manufacturer-Custom-Decorative-Square-Shape-Magnetic-Closure-Cardboard-Gift-Packaging-Boxes-with-Leather-Handle7-480x480.webp 480w\" sizes=\"(min-width: 0px) and (max-width: 480px) 480px, (min-width: 481px) 800px, 100vw\" \/><\/p>\n<p style=\"text-align: center;\"><a href=\"https:\/\/www.chinatopack.com\/es\/category\/rigid-box\/\"><strong>caja de herramientas r\u00edgida<\/strong><\/a><\/p>\n<p><img loading=\"lazy\" decoding=\"async\" class=\"size-full wp-image-12624 aligncenter\" data-src=\"https:\/\/www.chinatopack.com\/wp-content\/uploads\/2025\/06\/Manufacturer-Custom-Decorative-Square-Shape-Magnetic-Closure-Cardboard-Gift-Packaging-Boxes-with-Leather-Handle5.webp\" alt=\"Cajas de cart\u00f3n para regalo con cierre magn\u00e9tico y asa de piel\" width=\"800\" height=\"800\" srcset=\"https:\/\/www.chinatopack.com\/wp-content\/uploads\/2025\/06\/Manufacturer-Custom-Decorative-Square-Shape-Magnetic-Closure-Cardboard-Gift-Packaging-Boxes-with-Leather-Handle5.webp 800w, https:\/\/www.chinatopack.com\/wp-content\/uploads\/2025\/06\/Manufacturer-Custom-Decorative-Square-Shape-Magnetic-Closure-Cardboard-Gift-Packaging-Boxes-with-Leather-Handle5-480x480.webp 480w\" sizes=\"(min-width: 0px) and (max-width: 480px) 480px, (min-width: 481px) 800px, 100vw\" \/><\/p>\n<p style=\"text-align: center;\"><a href=\"https:\/\/www.chinatopack.com\/es\/\"><strong>cajas r\u00edgidas al por mayor<\/strong><\/a><\/p>\n<p><img loading=\"lazy\" decoding=\"async\" class=\"size-full wp-image-12625 aligncenter\" data-src=\"https:\/\/www.chinatopack.com\/wp-content\/uploads\/2025\/06\/Manufacturer-Custom-Decorative-Square-Shape-Magnetic-Closure-Cardboard-Gift-Packaging-Boxes-with-Leather-Handle6.webp\" alt=\"Cajas de cart\u00f3n para regalo con cierre magn\u00e9tico y asa de piel\" width=\"800\" height=\"800\" srcset=\"https:\/\/www.chinatopack.com\/wp-content\/uploads\/2025\/06\/Manufacturer-Custom-Decorative-Square-Shape-Magnetic-Closure-Cardboard-Gift-Packaging-Boxes-with-Leather-Handle6.webp 800w, https:\/\/www.chinatopack.com\/wp-content\/uploads\/2025\/06\/Manufacturer-Custom-Decorative-Square-Shape-Magnetic-Closure-Cardboard-Gift-Packaging-Boxes-with-Leather-Handle6-480x480.webp 480w\" sizes=\"(min-width: 0px) and (max-width: 480px) 480px, (min-width: 481px) 800px, 100vw\" \/><\/p>\n<p style=\"text-align: center;\"><a href=\"https:\/\/www.chinatopack.com\/es\/\"><strong>cajas r\u00edgidas a medida<\/strong><\/a><\/p>","protected":false},"excerpt":{"rendered":"<p>Una primera impresi\u00f3n impactante<br \/>\nIndependientemente de lo que venda, las cajas r\u00edgidas plegables irradian lujo. Adem\u00e1s de tener un aspecto atractivo, su dise\u00f1o plegable facilita el embalaje de sus productos y causa una buena primera impresi\u00f3n a sus clientes.<\/p>","protected":false},"featured_media":12619,"comment_status":"closed","ping_status":"closed","template":"","meta":{"_et_pb_use_builder":"","_et_pb_old_content":"","_et_gb_content_width":""},"product_cat":[310],"product_tag":[307],"yoast_head":"<!-- This site is optimized with the Yoast SEO plugin v22.7 - https:\/\/yoast.com\/wordpress\/plugins\/seo\/ -->\n<title>Eco Luxury Rigid Job Box Supplier | Custom<\/title>\n<meta name=\"description\" content=\"Rigid Box Supplier: Eco-luxury gift boxes w\/ foil\/embossing &amp; magnetic closures. For jewelry\/cosmetics\/gifting. Craftsmanship since 2003. Request quote!\" \/>\n<meta name=\"robots\" content=\"index, follow, max-snippet:-1, max-image-preview:large, max-video-preview:-1\" \/>\n<link rel=\"canonical\" href=\"https:\/\/www.chinatopack.com\/es\/producto\/manufacturer-custom-decorative-square-shape-magnetic-closure-cardboard-rigid-job-box-with-leather-handle\/\" \/>\n<meta property=\"og:locale\" content=\"es_ES\" \/>\n<meta property=\"og:type\" content=\"article\" \/>\n<meta property=\"og:title\" content=\"Eco Luxury Rigid Job Box Supplier | Custom\" \/>\n<meta property=\"og:description\" content=\"Rigid Box Supplier: Eco-luxury gift boxes w\/ foil\/embossing &amp; magnetic closures. For jewelry\/cosmetics\/gifting. Craftsmanship since 2003. Request quote!\" \/>\n<meta property=\"og:url\" content=\"https:\/\/www.chinatopack.com\/es\/producto\/manufacturer-custom-decorative-square-shape-magnetic-closure-cardboard-rigid-job-box-with-leather-handle\/\" \/>\n<meta property=\"og:site_name\" content=\"TOPACK Paper Boxes\" \/>\n<meta property=\"article:publisher\" content=\"https:\/\/www.facebook.com\/ChinaTopack\/\" \/>\n<meta property=\"article:modified_time\" content=\"2025-08-12T11:18:09+00:00\" \/>\n<meta property=\"og:image\" content=\"https:\/\/www.chinatopack.com\/wp-content\/uploads\/2025\/06\/Manufacturer-Custom-Decorative-Square-Shape-Magnetic-Closure-Cardboard-Gift-Packaging-Boxes-with-Leather-Handle1.webp\" \/>\n\t<meta property=\"og:image:width\" content=\"800\" \/>\n\t<meta property=\"og:image:height\" content=\"800\" \/>\n\t<meta property=\"og:image:type\" content=\"image\/webp\" \/>\n<meta name=\"twitter:card\" content=\"summary_large_image\" \/>\n<meta name=\"twitter:label1\" content=\"Tiempo de lectura\" \/>\n\t<meta name=\"twitter:data1\" content=\"2 minutos\" \/>\n<script type=\"application\/ld+json\" class=\"yoast-schema-graph\">{\"@context\":\"https:\/\/schema.org\",\"@graph\":[{\"@type\":\"WebPage\",\"@id\":\"https:\/\/www.chinatopack.com\/product\/manufacturer-custom-decorative-square-shape-magnetic-closure-cardboard-rigid-job-box-with-leather-handle\/\",\"url\":\"https:\/\/www.chinatopack.com\/product\/manufacturer-custom-decorative-square-shape-magnetic-closure-cardboard-rigid-job-box-with-leather-handle\/\",\"name\":\"Eco Luxury Rigid Job Box Supplier | Custom\",\"isPartOf\":{\"@id\":\"https:\/\/www.chinatopack.com\/#website\"},\"primaryImageOfPage\":{\"@id\":\"https:\/\/www.chinatopack.com\/product\/manufacturer-custom-decorative-square-shape-magnetic-closure-cardboard-rigid-job-box-with-leather-handle\/#primaryimage\"},\"image\":{\"@id\":\"https:\/\/www.chinatopack.com\/product\/manufacturer-custom-decorative-square-shape-magnetic-closure-cardboard-rigid-job-box-with-leather-handle\/#primaryimage\"},\"thumbnailUrl\":\"https:\/\/www.chinatopack.com\/wp-content\/uploads\/2025\/06\/Manufacturer-Custom-Decorative-Square-Shape-Magnetic-Closure-Cardboard-Gift-Packaging-Boxes-with-Leather-Handle1.webp\",\"datePublished\":\"2025-06-16T15:17:55+00:00\",\"dateModified\":\"2025-08-12T11:18:09+00:00\",\"description\":\"Rigid Box Supplier: Eco-luxury gift boxes w\/ foil\/embossing & magnetic closures. For jewelry\/cosmetics\/gifting. Craftsmanship since 2003. Request quote!\",\"breadcrumb\":{\"@id\":\"https:\/\/www.chinatopack.com\/product\/manufacturer-custom-decorative-square-shape-magnetic-closure-cardboard-rigid-job-box-with-leather-handle\/#breadcrumb\"},\"inLanguage\":\"es\",\"potentialAction\":[{\"@type\":\"ReadAction\",\"target\":[\"https:\/\/www.chinatopack.com\/product\/manufacturer-custom-decorative-square-shape-magnetic-closure-cardboard-rigid-job-box-with-leather-handle\/\"]}]},{\"@type\":\"ImageObject\",\"inLanguage\":\"es\",\"@id\":\"https:\/\/www.chinatopack.com\/product\/manufacturer-custom-decorative-square-shape-magnetic-closure-cardboard-rigid-job-box-with-leather-handle\/#primaryimage\",\"url\":\"https:\/\/www.chinatopack.com\/wp-content\/uploads\/2025\/06\/Manufacturer-Custom-Decorative-Square-Shape-Magnetic-Closure-Cardboard-Gift-Packaging-Boxes-with-Leather-Handle1.webp\",\"contentUrl\":\"https:\/\/www.chinatopack.com\/wp-content\/uploads\/2025\/06\/Manufacturer-Custom-Decorative-Square-Shape-Magnetic-Closure-Cardboard-Gift-Packaging-Boxes-with-Leather-Handle1.webp\",\"width\":800,\"height\":800,\"caption\":\"Manufacturer Custom Decorative Square Shape Magnetic Closure Cardboard Gift Packaging Boxes with Leather Handle\"},{\"@type\":\"BreadcrumbList\",\"@id\":\"https:\/\/www.chinatopack.com\/product\/manufacturer-custom-decorative-square-shape-magnetic-closure-cardboard-rigid-job-box-with-leather-handle\/#breadcrumb\",\"itemListElement\":[{\"@type\":\"ListItem\",\"position\":1,\"name\":\"Home\",\"item\":\"https:\/\/www.chinatopack.com\/\"},{\"@type\":\"ListItem\",\"position\":2,\"name\":\"Products\",\"item\":\"https:\/\/www.chinatopack.com\/shop\/\"},{\"@type\":\"ListItem\",\"position\":3,\"name\":\"Manufacturer Custom Decorative Square Shape Magnetic Closure Cardboard Rigid Job Box with Leather Handle\"}]},{\"@type\":\"WebSite\",\"@id\":\"https:\/\/www.chinatopack.com\/#website\",\"url\":\"https:\/\/www.chinatopack.com\/\",\"name\":\"TOPACK Paper Boxes\",\"description\":\"\",\"publisher\":{\"@id\":\"https:\/\/www.chinatopack.com\/#organization\"},\"potentialAction\":[{\"@type\":\"SearchAction\",\"target\":{\"@type\":\"EntryPoint\",\"urlTemplate\":\"https:\/\/www.chinatopack.com\/?s={search_term_string}\"},\"query-input\":\"required name=search_term_string\"}],\"inLanguage\":\"es\"},{\"@type\":\"Organization\",\"@id\":\"https:\/\/www.chinatopack.com\/#organization\",\"name\":\"TOPACK Paper Boxes\",\"url\":\"https:\/\/www.chinatopack.com\/\",\"logo\":{\"@type\":\"ImageObject\",\"inLanguage\":\"es\",\"@id\":\"https:\/\/www.chinatopack.com\/#\/schema\/logo\/image\/\",\"url\":\"https:\/\/www.chinatopack.com\/wp-content\/uploads\/2025\/11\/logo2.webp\",\"contentUrl\":\"https:\/\/www.chinatopack.com\/wp-content\/uploads\/2025\/11\/logo2.webp\",\"width\":512,\"height\":512,\"caption\":\"TOPACK Paper Boxes\"},\"image\":{\"@id\":\"https:\/\/www.chinatopack.com\/#\/schema\/logo\/image\/\"},\"sameAs\":[\"https:\/\/www.facebook.com\/ChinaTopack\/\",\"https:\/\/www.youtube.com\/@chinatopack\"]}]}<\/script>\n<!-- \/ Yoast SEO plugin. -->","yoast_head_json":{"title":"Eco Luxury Rigid Job Box Supplier | Custom","description":"Rigid Box Supplier: Eco-luxury gift boxes w\/ foil\/embossing & magnetic closures. For jewelry\/cosmetics\/gifting. Craftsmanship since 2003. Request quote!","robots":{"index":"index","follow":"follow","max-snippet":"max-snippet:-1","max-image-preview":"max-image-preview:large","max-video-preview":"max-video-preview:-1"},"canonical":"https:\/\/www.chinatopack.com\/es\/producto\/manufacturer-custom-decorative-square-shape-magnetic-closure-cardboard-rigid-job-box-with-leather-handle\/","og_locale":"es_ES","og_type":"article","og_title":"Eco Luxury Rigid Job Box Supplier | Custom","og_description":"Rigid Box Supplier: Eco-luxury gift boxes w\/ foil\/embossing & magnetic closures. For jewelry\/cosmetics\/gifting. Craftsmanship since 2003. Request quote!","og_url":"https:\/\/www.chinatopack.com\/es\/producto\/manufacturer-custom-decorative-square-shape-magnetic-closure-cardboard-rigid-job-box-with-leather-handle\/","og_site_name":"TOPACK Paper Boxes","article_publisher":"https:\/\/www.facebook.com\/ChinaTopack\/","article_modified_time":"2025-08-12T11:18:09+00:00","og_image":[{"width":800,"height":800,"url":"https:\/\/www.chinatopack.com\/wp-content\/uploads\/2025\/06\/Manufacturer-Custom-Decorative-Square-Shape-Magnetic-Closure-Cardboard-Gift-Packaging-Boxes-with-Leather-Handle1.webp","type":"image\/webp"}],"twitter_card":"summary_large_image","twitter_misc":{"Tiempo de lectura":"2 minutos"},"schema":{"@context":"https:\/\/schema.org","@graph":[{"@type":"WebPage","@id":"https:\/\/www.chinatopack.com\/product\/manufacturer-custom-decorative-square-shape-magnetic-closure-cardboard-rigid-job-box-with-leather-handle\/","url":"https:\/\/www.chinatopack.com\/product\/manufacturer-custom-decorative-square-shape-magnetic-closure-cardboard-rigid-job-box-with-leather-handle\/","name":"Eco Luxury Rigid Job Box Supplier | Custom","isPartOf":{"@id":"https:\/\/www.chinatopack.com\/#website"},"primaryImageOfPage":{"@id":"https:\/\/www.chinatopack.com\/product\/manufacturer-custom-decorative-square-shape-magnetic-closure-cardboard-rigid-job-box-with-leather-handle\/#primaryimage"},"image":{"@id":"https:\/\/www.chinatopack.com\/product\/manufacturer-custom-decorative-square-shape-magnetic-closure-cardboard-rigid-job-box-with-leather-handle\/#primaryimage"},"thumbnailUrl":"https:\/\/www.chinatopack.com\/wp-content\/uploads\/2025\/06\/Manufacturer-Custom-Decorative-Square-Shape-Magnetic-Closure-Cardboard-Gift-Packaging-Boxes-with-Leather-Handle1.webp","datePublished":"2025-06-16T15:17:55+00:00","dateModified":"2025-08-12T11:18:09+00:00","description":"Rigid Box Supplier: Eco-luxury gift boxes w\/ foil\/embossing & magnetic closures. For jewelry\/cosmetics\/gifting. Craftsmanship since 2003. Request quote!","breadcrumb":{"@id":"https:\/\/www.chinatopack.com\/product\/manufacturer-custom-decorative-square-shape-magnetic-closure-cardboard-rigid-job-box-with-leather-handle\/#breadcrumb"},"inLanguage":"es","potentialAction":[{"@type":"ReadAction","target":["https:\/\/www.chinatopack.com\/product\/manufacturer-custom-decorative-square-shape-magnetic-closure-cardboard-rigid-job-box-with-leather-handle\/"]}]},{"@type":"ImageObject","inLanguage":"es","@id":"https:\/\/www.chinatopack.com\/product\/manufacturer-custom-decorative-square-shape-magnetic-closure-cardboard-rigid-job-box-with-leather-handle\/#primaryimage","url":"https:\/\/www.chinatopack.com\/wp-content\/uploads\/2025\/06\/Manufacturer-Custom-Decorative-Square-Shape-Magnetic-Closure-Cardboard-Gift-Packaging-Boxes-with-Leather-Handle1.webp","contentUrl":"https:\/\/www.chinatopack.com\/wp-content\/uploads\/2025\/06\/Manufacturer-Custom-Decorative-Square-Shape-Magnetic-Closure-Cardboard-Gift-Packaging-Boxes-with-Leather-Handle1.webp","width":800,"height":800,"caption":"Manufacturer Custom Decorative Square Shape Magnetic Closure Cardboard Gift Packaging Boxes with Leather Handle"},{"@type":"BreadcrumbList","@id":"https:\/\/www.chinatopack.com\/product\/manufacturer-custom-decorative-square-shape-magnetic-closure-cardboard-rigid-job-box-with-leather-handle\/#breadcrumb","itemListElement":[{"@type":"ListItem","position":1,"name":"Home","item":"https:\/\/www.chinatopack.com\/"},{"@type":"ListItem","position":2,"name":"Products","item":"https:\/\/www.chinatopack.com\/shop\/"},{"@type":"ListItem","position":3,"name":"Manufacturer Custom Decorative Square Shape Magnetic Closure Cardboard Rigid Job Box with Leather Handle"}]},{"@type":"WebSite","@id":"https:\/\/www.chinatopack.com\/#website","url":"https:\/\/www.chinatopack.com\/","name":"TOPACK Paper Boxes","description":"","publisher":{"@id":"https:\/\/www.chinatopack.com\/#organization"},"potentialAction":[{"@type":"SearchAction","target":{"@type":"EntryPoint","urlTemplate":"https:\/\/www.chinatopack.com\/?s={search_term_string}"},"query-input":"required name=search_term_string"}],"inLanguage":"es"},{"@type":"Organization","@id":"https:\/\/www.chinatopack.com\/#organization","name":"TOPACK Paper Boxes","url":"https:\/\/www.chinatopack.com\/","logo":{"@type":"ImageObject","inLanguage":"es","@id":"https:\/\/www.chinatopack.com\/#\/schema\/logo\/image\/","url":"https:\/\/www.chinatopack.com\/wp-content\/uploads\/2025\/11\/logo2.webp","contentUrl":"https:\/\/www.chinatopack.com\/wp-content\/uploads\/2025\/11\/logo2.webp","width":512,"height":512,"caption":"TOPACK Paper Boxes"},"image":{"@id":"https:\/\/www.chinatopack.com\/#\/schema\/logo\/image\/"},"sameAs":["https:\/\/www.facebook.com\/ChinaTopack\/","https:\/\/www.youtube.com\/@chinatopack"]}]}},"_links":{"self":[{"href":"https:\/\/www.chinatopack.com\/es\/wp-json\/wp\/v2\/product\/12618"}],"collection":[{"href":"https:\/\/www.chinatopack.com\/es\/wp-json\/wp\/v2\/product"}],"about":[{"href":"https:\/\/www.chinatopack.com\/es\/wp-json\/wp\/v2\/types\/product"}],"replies":[{"embeddable":true,"href":"https:\/\/www.chinatopack.com\/es\/wp-json\/wp\/v2\/comments?post=12618"}],"wp:featuredmedia":[{"embeddable":true,"href":"https:\/\/www.chinatopack.com\/es\/wp-json\/wp\/v2\/media\/12619"}],"wp:attachment":[{"href":"https:\/\/www.chinatopack.com\/es\/wp-json\/wp\/v2\/media?parent=12618"}],"wp:term":[{"taxonomy":"product_cat","embeddable":true,"href":"https:\/\/www.chinatopack.com\/es\/wp-json\/wp\/v2\/product_cat?post=12618"},{"taxonomy":"product_tag","embeddable":true,"href":"https:\/\/www.chinatopack.com\/es\/wp-json\/wp\/v2\/product_tag?post=12618"}],"curies":[{"name":"wp","href":"https:\/\/api.w.org\/{rel}","templated":true}]}}