{"id":12717,"date":"2025-07-31T08:00:05","date_gmt":"2025-07-31T08:00:05","guid":{"rendered":"https:\/\/www.chinatopack.com\/?post_type=product&#038;p=12717"},"modified":"2025-08-08T14:42:33","modified_gmt":"2025-08-08T14:42:33","slug":"custom-set-up-rigid-tool-boxes","status":"publish","type":"product","link":"https:\/\/www.chinatopack.com\/es\/producto\/custom-set-up-rigid-tool-boxes\/","title":{"rendered":"Cajas de herramientas r\u00edgidas a medida"},"content":{"rendered":"<h2>Descripci\u00f3n de las cajas de herramientas r\u00edgidas<\/h2>\n<p><strong>Puesta en marcha <a href=\"https:\/\/www.chinatopack.com\/es\/producto\/custom-set-up-rigid-tool-boxes\/\">Cajas de herramientas r\u00edgidas<\/a><\/strong> son los envases preferidos por los vendedores de chocolates, tarjetas de felicitaci\u00f3n, joyas, cubiertos, velas y muchos otros productos. Robustos y atractivos, se sienten sustanciosos en la mano y dan un aire de calidad a su contenido. Montaje atractivo <a href=\"https:\/\/www.chinatopack.com\/es\/products\/\"><strong>cajas r\u00edgidas<\/strong><\/a> se guardan, se reutilizan y, a menudo, se transmiten conteniendo recuerdos personales y baratijas. Una forma perfecta de mantener su marca entre el p\u00fablico.<\/p>\n<p>Somos uno de los profesionales <a href=\"https:\/\/www.chinatopack.com\/es\/\"><strong>fabricantes de cajas r\u00edgidas<\/strong><\/a>\u00a0con m\u00e1s de 20 a\u00f1os de experiencia como fabricante en China. <a href=\"https:\/\/www.chinatopack.com\/es\/about-us\/\"><strong>proveedores de cajas r\u00edgidas<\/strong><\/a> como nosotros podr\u00eda atender a clientes de todo el mundo.<\/p>\n<p>Las cajas r\u00edgidas de configuraci\u00f3n ofrecen posibilidades ilimitadas gracias a la variedad de papeles, impresiones, estampados y accesorios decorativos disponibles. Tanto si se trata de una versi\u00f3n impresa a medida de nuestra caja para caramelos como de un nuevo dise\u00f1o de su propia creaci\u00f3n, le ayudaremos desde el concepto hasta la realidad.<\/p>\n<h2>Productos Fotos<\/h2>\n<p><img loading=\"lazy\" decoding=\"async\" class=\"size-full wp-image-12724 aligncenter\" data-src=\"https:\/\/www.chinatopack.com\/wp-content\/uploads\/2025\/07\/Custom-Set-Up-Boxes5.webp\" alt=\"Cajas de configuraci\u00f3n personalizada\" width=\"1100\" height=\"1100\" srcset=\"https:\/\/www.chinatopack.com\/wp-content\/uploads\/2025\/07\/Custom-Set-Up-Boxes5.webp 1100w, https:\/\/www.chinatopack.com\/wp-content\/uploads\/2025\/07\/Custom-Set-Up-Boxes5-980x980.webp 980w, https:\/\/www.chinatopack.com\/wp-content\/uploads\/2025\/07\/Custom-Set-Up-Boxes5-480x480.webp 480w\" sizes=\"(min-width: 0px) and (max-width: 480px) 480px, (min-width: 481px) and (max-width: 980px) 980px, (min-width: 981px) 1100px, 100vw\" \/> <img loading=\"lazy\" decoding=\"async\" class=\"size-full wp-image-12721 aligncenter\" data-src=\"https:\/\/www.chinatopack.com\/wp-content\/uploads\/2025\/07\/Custom-Set-Up-Boxes2.webp\" alt=\"Cajas de configuraci\u00f3n personalizada\" width=\"1100\" height=\"1100\" srcset=\"https:\/\/www.chinatopack.com\/wp-content\/uploads\/2025\/07\/Custom-Set-Up-Boxes2.webp 1100w, https:\/\/www.chinatopack.com\/wp-content\/uploads\/2025\/07\/Custom-Set-Up-Boxes2-980x980.webp 980w, https:\/\/www.chinatopack.com\/wp-content\/uploads\/2025\/07\/Custom-Set-Up-Boxes2-480x480.webp 480w\" sizes=\"(min-width: 0px) and (max-width: 480px) 480px, (min-width: 481px) and (max-width: 980px) 980px, (min-width: 981px) 1100px, 100vw\" \/><\/p>","protected":false},"excerpt":{"rendered":"<p>Las cajas r\u00edgidas de configuraci\u00f3n, ideales para bombones, joyas, etc., son resistentes, atractivas y reutilizables, lo que aumenta la visibilidad de la marca. Como fabricante chino profesional desde hace m\u00e1s de 20 a\u00f1os, ofrecemos diversas posibilidades de personalizaci\u00f3n mediante papeles, impresiones, etc., y convertimos conceptos en realidad para clientes de todo el mundo.<\/p>","protected":false},"featured_media":12720,"comment_status":"closed","ping_status":"closed","template":"","meta":{"_et_pb_use_builder":"","_et_pb_old_content":"","_et_gb_content_width":""},"product_cat":[310],"product_tag":[307],"yoast_head":"<!-- This site is optimized with the Yoast SEO plugin v22.7 - https:\/\/yoast.com\/wordpress\/plugins\/seo\/ -->\n<title>Custom Rigid Tool Box Supplier<\/title>\n<meta name=\"description\" content=\"20+ Yrs Rigid Tool Box Supplier: Premium foil-stamping boxes for chocolate\/jewelry brands. Global manufacturer custom printing. Request a quote!\" \/>\n<meta name=\"robots\" content=\"index, follow, max-snippet:-1, max-image-preview:large, max-video-preview:-1\" \/>\n<link rel=\"canonical\" href=\"https:\/\/www.chinatopack.com\/es\/producto\/custom-set-up-rigid-tool-boxes\/\" \/>\n<meta property=\"og:locale\" content=\"es_ES\" \/>\n<meta property=\"og:type\" content=\"article\" \/>\n<meta property=\"og:title\" content=\"Custom Rigid Tool Box Supplier\" \/>\n<meta property=\"og:description\" content=\"20+ Yrs Rigid Tool Box Supplier: Premium foil-stamping boxes for chocolate\/jewelry brands. Global manufacturer custom printing. Request a quote!\" \/>\n<meta property=\"og:url\" content=\"https:\/\/www.chinatopack.com\/es\/producto\/custom-set-up-rigid-tool-boxes\/\" \/>\n<meta property=\"og:site_name\" content=\"TOPACK Paper Boxes\" \/>\n<meta property=\"article:publisher\" content=\"https:\/\/www.facebook.com\/ChinaTopack\/\" \/>\n<meta property=\"article:modified_time\" content=\"2025-08-08T14:42:33+00:00\" \/>\n<meta property=\"og:image\" content=\"https:\/\/www.chinatopack.com\/wp-content\/uploads\/2025\/07\/Custom-Set-Up-Boxes1.webp\" \/>\n\t<meta property=\"og:image:width\" content=\"1100\" \/>\n\t<meta property=\"og:image:height\" content=\"1100\" \/>\n\t<meta property=\"og:image:type\" content=\"image\/webp\" \/>\n<meta name=\"twitter:card\" content=\"summary_large_image\" \/>\n<meta name=\"twitter:label1\" content=\"Tiempo de lectura\" \/>\n\t<meta name=\"twitter:data1\" content=\"2 minutos\" \/>\n<script type=\"application\/ld+json\" class=\"yoast-schema-graph\">{\"@context\":\"https:\/\/schema.org\",\"@graph\":[{\"@type\":\"WebPage\",\"@id\":\"https:\/\/www.chinatopack.com\/product\/custom-set-up-rigid-tool-boxes\/\",\"url\":\"https:\/\/www.chinatopack.com\/product\/custom-set-up-rigid-tool-boxes\/\",\"name\":\"Custom Rigid Tool Box Supplier\",\"isPartOf\":{\"@id\":\"https:\/\/www.chinatopack.com\/#website\"},\"primaryImageOfPage\":{\"@id\":\"https:\/\/www.chinatopack.com\/product\/custom-set-up-rigid-tool-boxes\/#primaryimage\"},\"image\":{\"@id\":\"https:\/\/www.chinatopack.com\/product\/custom-set-up-rigid-tool-boxes\/#primaryimage\"},\"thumbnailUrl\":\"https:\/\/www.chinatopack.com\/wp-content\/uploads\/2025\/07\/Custom-Set-Up-Boxes1.webp\",\"datePublished\":\"2025-07-31T08:00:05+00:00\",\"dateModified\":\"2025-08-08T14:42:33+00:00\",\"description\":\"20+ Yrs Rigid Tool Box Supplier: Premium foil-stamping boxes for chocolate\/jewelry brands. Global manufacturer custom printing. Request a quote!\",\"breadcrumb\":{\"@id\":\"https:\/\/www.chinatopack.com\/product\/custom-set-up-rigid-tool-boxes\/#breadcrumb\"},\"inLanguage\":\"es\",\"potentialAction\":[{\"@type\":\"ReadAction\",\"target\":[\"https:\/\/www.chinatopack.com\/product\/custom-set-up-rigid-tool-boxes\/\"]}]},{\"@type\":\"ImageObject\",\"inLanguage\":\"es\",\"@id\":\"https:\/\/www.chinatopack.com\/product\/custom-set-up-rigid-tool-boxes\/#primaryimage\",\"url\":\"https:\/\/www.chinatopack.com\/wp-content\/uploads\/2025\/07\/Custom-Set-Up-Boxes1.webp\",\"contentUrl\":\"https:\/\/www.chinatopack.com\/wp-content\/uploads\/2025\/07\/Custom-Set-Up-Boxes1.webp\",\"width\":1100,\"height\":1100,\"caption\":\"Custom Set-Up Boxes\"},{\"@type\":\"BreadcrumbList\",\"@id\":\"https:\/\/www.chinatopack.com\/product\/custom-set-up-rigid-tool-boxes\/#breadcrumb\",\"itemListElement\":[{\"@type\":\"ListItem\",\"position\":1,\"name\":\"Home\",\"item\":\"https:\/\/www.chinatopack.com\/\"},{\"@type\":\"ListItem\",\"position\":2,\"name\":\"Products\",\"item\":\"https:\/\/www.chinatopack.com\/shop\/\"},{\"@type\":\"ListItem\",\"position\":3,\"name\":\"Custom Set-Up Rigid Tool Boxes\"}]},{\"@type\":\"WebSite\",\"@id\":\"https:\/\/www.chinatopack.com\/#website\",\"url\":\"https:\/\/www.chinatopack.com\/\",\"name\":\"TOPACK Paper Boxes\",\"description\":\"\",\"publisher\":{\"@id\":\"https:\/\/www.chinatopack.com\/#organization\"},\"potentialAction\":[{\"@type\":\"SearchAction\",\"target\":{\"@type\":\"EntryPoint\",\"urlTemplate\":\"https:\/\/www.chinatopack.com\/?s={search_term_string}\"},\"query-input\":\"required name=search_term_string\"}],\"inLanguage\":\"es\"},{\"@type\":\"Organization\",\"@id\":\"https:\/\/www.chinatopack.com\/#organization\",\"name\":\"TOPACK Paper Boxes\",\"url\":\"https:\/\/www.chinatopack.com\/\",\"logo\":{\"@type\":\"ImageObject\",\"inLanguage\":\"es\",\"@id\":\"https:\/\/www.chinatopack.com\/#\/schema\/logo\/image\/\",\"url\":\"https:\/\/www.chinatopack.com\/wp-content\/uploads\/2025\/11\/logo2.webp\",\"contentUrl\":\"https:\/\/www.chinatopack.com\/wp-content\/uploads\/2025\/11\/logo2.webp\",\"width\":512,\"height\":512,\"caption\":\"TOPACK Paper Boxes\"},\"image\":{\"@id\":\"https:\/\/www.chinatopack.com\/#\/schema\/logo\/image\/\"},\"sameAs\":[\"https:\/\/www.facebook.com\/ChinaTopack\/\",\"https:\/\/www.youtube.com\/@chinatopack\"]}]}<\/script>\n<!-- \/ Yoast SEO plugin. -->","yoast_head_json":{"title":"Custom Rigid Tool Box Supplier","description":"20+ Yrs Rigid Tool Box Supplier: Premium foil-stamping boxes for chocolate\/jewelry brands. Global manufacturer custom printing. Request a quote!","robots":{"index":"index","follow":"follow","max-snippet":"max-snippet:-1","max-image-preview":"max-image-preview:large","max-video-preview":"max-video-preview:-1"},"canonical":"https:\/\/www.chinatopack.com\/es\/producto\/custom-set-up-rigid-tool-boxes\/","og_locale":"es_ES","og_type":"article","og_title":"Custom Rigid Tool Box Supplier","og_description":"20+ Yrs Rigid Tool Box Supplier: Premium foil-stamping boxes for chocolate\/jewelry brands. Global manufacturer custom printing. Request a quote!","og_url":"https:\/\/www.chinatopack.com\/es\/producto\/custom-set-up-rigid-tool-boxes\/","og_site_name":"TOPACK Paper Boxes","article_publisher":"https:\/\/www.facebook.com\/ChinaTopack\/","article_modified_time":"2025-08-08T14:42:33+00:00","og_image":[{"width":1100,"height":1100,"url":"https:\/\/www.chinatopack.com\/wp-content\/uploads\/2025\/07\/Custom-Set-Up-Boxes1.webp","type":"image\/webp"}],"twitter_card":"summary_large_image","twitter_misc":{"Tiempo de lectura":"2 minutos"},"schema":{"@context":"https:\/\/schema.org","@graph":[{"@type":"WebPage","@id":"https:\/\/www.chinatopack.com\/product\/custom-set-up-rigid-tool-boxes\/","url":"https:\/\/www.chinatopack.com\/product\/custom-set-up-rigid-tool-boxes\/","name":"Custom Rigid Tool Box Supplier","isPartOf":{"@id":"https:\/\/www.chinatopack.com\/#website"},"primaryImageOfPage":{"@id":"https:\/\/www.chinatopack.com\/product\/custom-set-up-rigid-tool-boxes\/#primaryimage"},"image":{"@id":"https:\/\/www.chinatopack.com\/product\/custom-set-up-rigid-tool-boxes\/#primaryimage"},"thumbnailUrl":"https:\/\/www.chinatopack.com\/wp-content\/uploads\/2025\/07\/Custom-Set-Up-Boxes1.webp","datePublished":"2025-07-31T08:00:05+00:00","dateModified":"2025-08-08T14:42:33+00:00","description":"20+ Yrs Rigid Tool Box Supplier: Premium foil-stamping boxes for chocolate\/jewelry brands. Global manufacturer custom printing. Request a quote!","breadcrumb":{"@id":"https:\/\/www.chinatopack.com\/product\/custom-set-up-rigid-tool-boxes\/#breadcrumb"},"inLanguage":"es","potentialAction":[{"@type":"ReadAction","target":["https:\/\/www.chinatopack.com\/product\/custom-set-up-rigid-tool-boxes\/"]}]},{"@type":"ImageObject","inLanguage":"es","@id":"https:\/\/www.chinatopack.com\/product\/custom-set-up-rigid-tool-boxes\/#primaryimage","url":"https:\/\/www.chinatopack.com\/wp-content\/uploads\/2025\/07\/Custom-Set-Up-Boxes1.webp","contentUrl":"https:\/\/www.chinatopack.com\/wp-content\/uploads\/2025\/07\/Custom-Set-Up-Boxes1.webp","width":1100,"height":1100,"caption":"Custom Set-Up Boxes"},{"@type":"BreadcrumbList","@id":"https:\/\/www.chinatopack.com\/product\/custom-set-up-rigid-tool-boxes\/#breadcrumb","itemListElement":[{"@type":"ListItem","position":1,"name":"Home","item":"https:\/\/www.chinatopack.com\/"},{"@type":"ListItem","position":2,"name":"Products","item":"https:\/\/www.chinatopack.com\/shop\/"},{"@type":"ListItem","position":3,"name":"Custom Set-Up Rigid Tool Boxes"}]},{"@type":"WebSite","@id":"https:\/\/www.chinatopack.com\/#website","url":"https:\/\/www.chinatopack.com\/","name":"TOPACK Paper Boxes","description":"","publisher":{"@id":"https:\/\/www.chinatopack.com\/#organization"},"potentialAction":[{"@type":"SearchAction","target":{"@type":"EntryPoint","urlTemplate":"https:\/\/www.chinatopack.com\/?s={search_term_string}"},"query-input":"required name=search_term_string"}],"inLanguage":"es"},{"@type":"Organization","@id":"https:\/\/www.chinatopack.com\/#organization","name":"TOPACK Paper Boxes","url":"https:\/\/www.chinatopack.com\/","logo":{"@type":"ImageObject","inLanguage":"es","@id":"https:\/\/www.chinatopack.com\/#\/schema\/logo\/image\/","url":"https:\/\/www.chinatopack.com\/wp-content\/uploads\/2025\/11\/logo2.webp","contentUrl":"https:\/\/www.chinatopack.com\/wp-content\/uploads\/2025\/11\/logo2.webp","width":512,"height":512,"caption":"TOPACK Paper Boxes"},"image":{"@id":"https:\/\/www.chinatopack.com\/#\/schema\/logo\/image\/"},"sameAs":["https:\/\/www.facebook.com\/ChinaTopack\/","https:\/\/www.youtube.com\/@chinatopack"]}]}},"_links":{"self":[{"href":"https:\/\/www.chinatopack.com\/es\/wp-json\/wp\/v2\/product\/12717"}],"collection":[{"href":"https:\/\/www.chinatopack.com\/es\/wp-json\/wp\/v2\/product"}],"about":[{"href":"https:\/\/www.chinatopack.com\/es\/wp-json\/wp\/v2\/types\/product"}],"replies":[{"embeddable":true,"href":"https:\/\/www.chinatopack.com\/es\/wp-json\/wp\/v2\/comments?post=12717"}],"wp:featuredmedia":[{"embeddable":true,"href":"https:\/\/www.chinatopack.com\/es\/wp-json\/wp\/v2\/media\/12720"}],"wp:attachment":[{"href":"https:\/\/www.chinatopack.com\/es\/wp-json\/wp\/v2\/media?parent=12717"}],"wp:term":[{"taxonomy":"product_cat","embeddable":true,"href":"https:\/\/www.chinatopack.com\/es\/wp-json\/wp\/v2\/product_cat?post=12717"},{"taxonomy":"product_tag","embeddable":true,"href":"https:\/\/www.chinatopack.com\/es\/wp-json\/wp\/v2\/product_tag?post=12717"}],"curies":[{"name":"wp","href":"https:\/\/api.w.org\/{rel}","templated":true}]}}