{"id":12751,"date":"2025-07-31T09:11:38","date_gmt":"2025-07-31T09:11:38","guid":{"rendered":"https:\/\/www.chinatopack.com\/?post_type=product&#038;p=12751"},"modified":"2025-08-08T14:13:27","modified_gmt":"2025-08-08T14:13:27","slug":"regular-custom-paper-box-kraft-paper-window-boxes","status":"publish","type":"product","link":"https:\/\/www.chinatopack.com\/es\/producto\/regular-custom-paper-box-kraft-paper-window-boxes\/","title":{"rendered":"Caja de papel regular personalizada Cajas de papel kraft para ventanas"},"content":{"rendered":"<h2>Descripci\u00f3n de las jardineras de papel kraft<\/h2>\n<p>El extremo recto es el m\u00e1s popular <a href=\"https:\/\/www.chinatopack.com\/es\/producto\/regular-custom-paper-box-kraft-paper-window-boxes\/\"><strong>jardineras de papel kraft<\/strong><\/a> para la venta al por menor y la exposici\u00f3n. No obstante, podemos fabricar cualquier otro estilo que necesite.<\/p>\n<p>Otros comercios populares <a href=\"https:\/\/www.chinatopack.com\/es\/\"><strong>cajas de papel<\/strong><\/a> estilos:<\/p>\n<ul>\n<li>Pedidos de comercio electr\u00f3nico<\/li>\n<li>Cajas de suscripci\u00f3n<\/li>\n<li>Kits promocionales<\/li>\n<li>Cajas escolares<\/li>\n<\/ul>\n<p>Suscripci\u00f3n <a href=\"https:\/\/www.chinatopack.com\/es\/about-us\/\"><strong>cajas de papel a medida<\/strong><\/a> Ofrezca a sus clientes una experiencia personalizada de su producto. Algunas de las empresas que suelen encargarlos son:<\/p>\n<ul>\n<li>Cajas de inversi\u00f3n<\/li>\n<li>Cajas inferiores con cierre a presi\u00f3n<\/li>\n<li>Cajas de fondo autom\u00e1tico<\/li>\n<li>Cajas de cierre<\/li>\n<li>Cajas hexagonales<\/li>\n<\/ul>\n<p>Para pedir estilos personalizados, env\u00ede un correo electr\u00f3nico a nuestros especialistas en cajas a sam@chinatopack.com para obtener una respuesta r\u00e1pida.<\/p>\n<p>Pedidos de productos personalizados <a href=\"https:\/\/www.chinatopack.com\/es\/category\/custom-paper-box\/\"><strong>cajas de papel baratas<\/strong><\/a> require only 8-10 business days for cardstock and 8-15 business days for corrugated to produce, however, Rush production of 4 &#8211; 5 days is available for cardstock and 4 &#8211; 8 days for corrugated. We print, cut, and glue your product boxes using the most advanced equipment and ship them to your door anywhere.<\/p>\n<h2>Qui\u00e9nes somos<\/h2>\n<p>Yiwu Chinatopack (Yiwu Liangbaobei Printing &amp; Packaging) has over 20 years of manufacturing experience. We are a leading one-stop packaging solution supplier. Our main products are various paper boxes. They are widely used in many industries, such as skincare, makeup, supplements, essential oils, food, gifts, jewelry, watches, and stationery packaging. Our packaging products have been sold to the United States, Britain, Germany, Japan, Dubai and other countries worldwide. We always follow the earth&#8217;s greener environmental protection packaging concept. We keep seeking new innovations to meet customer needs and help them improve their products&#8217; market competitiveness.<\/p>\n<ul>\n<li><strong>L\u00edder de la industria del envasado:\u00a0<\/strong>M\u00e1s de 20 a\u00f1os de experiencia en la industria del embalaje de cajas de papel para desarrollar servicios de marca exclusivos para usted.<\/li>\n<li><strong>Servicio postventa :\u00a0<\/strong>El perfecto sistema de servicio posventa le permite estar tranquilo.<\/li>\n<li><strong>Equipo profesional:\u00a0<\/strong>Un equipo comercial profesional puede resolver todo tipo de problemas que le surjan.<\/li>\n<li><strong>Fuerte productividad:\u00a0<\/strong>Producci\u00f3n multil\u00ednea, fuerte productividad, garant\u00eda del plazo de entrega de sus productos.<\/li>\n<li><strong>Garant\u00eda de calidad:\u00a0<\/strong>Proteger los intereses de los clientes es nuestra primera prioridad, inspectores de calidad profesionales y equipos de inspecci\u00f3n de calidad precisos para garantizar que la calidad de sus productos sea la primera.<\/li>\n<li>Dise\u00f1o personalizado OEM\/ODM impreso Pesada caja de papel plegable de calidad de marca<\/li>\n<li>Buena opci\u00f3n como paquete de regalo<\/li>\n<li>Elija comodidad y practicidad con nuestras exclusivas cajas plegables f\u00e1ciles de montar<\/li>\n<li>Ampliamente utilizado en cosm\u00e9tica, cuidado de la piel, perfumer\u00eda, fragancias, regalos, productos electr\u00f3nicos, etc.<\/li>\n<\/ul>\n<p>As\u00ed es como mantenemos ofertas competitivas para nuestros valiosos clientes de todo el mundo.<\/p>","protected":false},"excerpt":{"rendered":"<p>Cajas de ventana de papel kraft, estilos populares de extremos rectos y personalizados, producci\u00f3n en 8-15 d\u00edas (rush 4-8 d\u00edas). M\u00e1s de 20 a\u00f1os de experiencia, ecol\u00f3gicas, para minoristas, comercio electr\u00f3nico, etc., env\u00edo internacional.<\/p>","protected":false},"featured_media":12753,"comment_status":"closed","ping_status":"closed","template":"","meta":{"_et_pb_use_builder":"","_et_pb_old_content":"","_et_gb_content_width":""},"product_cat":[280],"product_tag":[284,285,282],"yoast_head":"<!-- This site is optimized with the Yoast SEO plugin v22.7 - https:\/\/yoast.com\/wordpress\/plugins\/seo\/ -->\n<title>Global Kraft Paper Window Boxes Supplier | Fast Ship<\/title>\n<meta name=\"description\" content=\"Kraft Paper Window Boxes Supplier: 20+ yrs mfg custom hexagon\/snap-lock boxes. Rush 4-day prod &amp; global shipping. FSC\/recycled materials. Wholesale solutions.\" \/>\n<meta name=\"robots\" content=\"index, follow, max-snippet:-1, max-image-preview:large, max-video-preview:-1\" \/>\n<link rel=\"canonical\" href=\"https:\/\/www.chinatopack.com\/es\/producto\/regular-custom-paper-box-kraft-paper-window-boxes\/\" \/>\n<meta property=\"og:locale\" content=\"es_ES\" \/>\n<meta property=\"og:type\" content=\"article\" \/>\n<meta property=\"og:title\" content=\"Global Kraft Paper Window Boxes Supplier | Fast Ship\" \/>\n<meta property=\"og:description\" content=\"Kraft Paper Window Boxes Supplier: 20+ yrs mfg custom hexagon\/snap-lock boxes. Rush 4-day prod &amp; global shipping. FSC\/recycled materials. Wholesale solutions.\" \/>\n<meta property=\"og:url\" content=\"https:\/\/www.chinatopack.com\/es\/producto\/regular-custom-paper-box-kraft-paper-window-boxes\/\" \/>\n<meta property=\"og:site_name\" content=\"TOPACK Paper Boxes\" \/>\n<meta property=\"article:publisher\" content=\"https:\/\/www.facebook.com\/ChinaTopack\/\" \/>\n<meta property=\"article:modified_time\" content=\"2025-08-08T14:13:27+00:00\" \/>\n<meta property=\"og:image\" content=\"https:\/\/www.chinatopack.com\/wp-content\/uploads\/2025\/07\/Regular-Custom-Paper-Box-Kraft-Paper-Window-Boxes1.webp\" \/>\n\t<meta property=\"og:image:width\" content=\"1100\" \/>\n\t<meta property=\"og:image:height\" content=\"1100\" \/>\n\t<meta property=\"og:image:type\" content=\"image\/webp\" \/>\n<meta name=\"twitter:card\" content=\"summary_large_image\" \/>\n<meta name=\"twitter:label1\" content=\"Tiempo de lectura\" \/>\n\t<meta name=\"twitter:data1\" content=\"2 minutos\" \/>\n<script type=\"application\/ld+json\" class=\"yoast-schema-graph\">{\"@context\":\"https:\/\/schema.org\",\"@graph\":[{\"@type\":\"WebPage\",\"@id\":\"https:\/\/www.chinatopack.com\/product\/regular-custom-paper-box-kraft-paper-window-boxes\/\",\"url\":\"https:\/\/www.chinatopack.com\/product\/regular-custom-paper-box-kraft-paper-window-boxes\/\",\"name\":\"Global Kraft Paper Window Boxes Supplier | Fast Ship\",\"isPartOf\":{\"@id\":\"https:\/\/www.chinatopack.com\/#website\"},\"primaryImageOfPage\":{\"@id\":\"https:\/\/www.chinatopack.com\/product\/regular-custom-paper-box-kraft-paper-window-boxes\/#primaryimage\"},\"image\":{\"@id\":\"https:\/\/www.chinatopack.com\/product\/regular-custom-paper-box-kraft-paper-window-boxes\/#primaryimage\"},\"thumbnailUrl\":\"https:\/\/www.chinatopack.com\/wp-content\/uploads\/2025\/07\/Regular-Custom-Paper-Box-Kraft-Paper-Window-Boxes1.webp\",\"datePublished\":\"2025-07-31T09:11:38+00:00\",\"dateModified\":\"2025-08-08T14:13:27+00:00\",\"description\":\"Kraft Paper Window Boxes Supplier: 20+ yrs mfg custom hexagon\/snap-lock boxes. Rush 4-day prod & global shipping. FSC\/recycled materials. Wholesale solutions.\",\"breadcrumb\":{\"@id\":\"https:\/\/www.chinatopack.com\/product\/regular-custom-paper-box-kraft-paper-window-boxes\/#breadcrumb\"},\"inLanguage\":\"es\",\"potentialAction\":[{\"@type\":\"ReadAction\",\"target\":[\"https:\/\/www.chinatopack.com\/product\/regular-custom-paper-box-kraft-paper-window-boxes\/\"]}]},{\"@type\":\"ImageObject\",\"inLanguage\":\"es\",\"@id\":\"https:\/\/www.chinatopack.com\/product\/regular-custom-paper-box-kraft-paper-window-boxes\/#primaryimage\",\"url\":\"https:\/\/www.chinatopack.com\/wp-content\/uploads\/2025\/07\/Regular-Custom-Paper-Box-Kraft-Paper-Window-Boxes1.webp\",\"contentUrl\":\"https:\/\/www.chinatopack.com\/wp-content\/uploads\/2025\/07\/Regular-Custom-Paper-Box-Kraft-Paper-Window-Boxes1.webp\",\"width\":1100,\"height\":1100,\"caption\":\"Regular Custom Paper Box Kraft Paper Window Boxes\"},{\"@type\":\"BreadcrumbList\",\"@id\":\"https:\/\/www.chinatopack.com\/product\/regular-custom-paper-box-kraft-paper-window-boxes\/#breadcrumb\",\"itemListElement\":[{\"@type\":\"ListItem\",\"position\":1,\"name\":\"Home\",\"item\":\"https:\/\/www.chinatopack.com\/\"},{\"@type\":\"ListItem\",\"position\":2,\"name\":\"Products\",\"item\":\"https:\/\/www.chinatopack.com\/shop\/\"},{\"@type\":\"ListItem\",\"position\":3,\"name\":\"Regular Custom Paper Box Kraft Paper Window Boxes\"}]},{\"@type\":\"WebSite\",\"@id\":\"https:\/\/www.chinatopack.com\/#website\",\"url\":\"https:\/\/www.chinatopack.com\/\",\"name\":\"TOPACK Paper Boxes\",\"description\":\"\",\"publisher\":{\"@id\":\"https:\/\/www.chinatopack.com\/#organization\"},\"potentialAction\":[{\"@type\":\"SearchAction\",\"target\":{\"@type\":\"EntryPoint\",\"urlTemplate\":\"https:\/\/www.chinatopack.com\/?s={search_term_string}\"},\"query-input\":\"required name=search_term_string\"}],\"inLanguage\":\"es\"},{\"@type\":\"Organization\",\"@id\":\"https:\/\/www.chinatopack.com\/#organization\",\"name\":\"TOPACK Paper Boxes\",\"url\":\"https:\/\/www.chinatopack.com\/\",\"logo\":{\"@type\":\"ImageObject\",\"inLanguage\":\"es\",\"@id\":\"https:\/\/www.chinatopack.com\/#\/schema\/logo\/image\/\",\"url\":\"https:\/\/www.chinatopack.com\/wp-content\/uploads\/2025\/11\/logo2.webp\",\"contentUrl\":\"https:\/\/www.chinatopack.com\/wp-content\/uploads\/2025\/11\/logo2.webp\",\"width\":512,\"height\":512,\"caption\":\"TOPACK Paper Boxes\"},\"image\":{\"@id\":\"https:\/\/www.chinatopack.com\/#\/schema\/logo\/image\/\"},\"sameAs\":[\"https:\/\/www.facebook.com\/ChinaTopack\/\",\"https:\/\/www.youtube.com\/@chinatopack\"]}]}<\/script>\n<!-- \/ Yoast SEO plugin. -->","yoast_head_json":{"title":"Global Kraft Paper Window Boxes Supplier | Fast Ship","description":"Kraft Paper Window Boxes Supplier: 20+ yrs mfg custom hexagon\/snap-lock boxes. Rush 4-day prod & global shipping. FSC\/recycled materials. Wholesale solutions.","robots":{"index":"index","follow":"follow","max-snippet":"max-snippet:-1","max-image-preview":"max-image-preview:large","max-video-preview":"max-video-preview:-1"},"canonical":"https:\/\/www.chinatopack.com\/es\/producto\/regular-custom-paper-box-kraft-paper-window-boxes\/","og_locale":"es_ES","og_type":"article","og_title":"Global Kraft Paper Window Boxes Supplier | Fast Ship","og_description":"Kraft Paper Window Boxes Supplier: 20+ yrs mfg custom hexagon\/snap-lock boxes. Rush 4-day prod & global shipping. FSC\/recycled materials. Wholesale solutions.","og_url":"https:\/\/www.chinatopack.com\/es\/producto\/regular-custom-paper-box-kraft-paper-window-boxes\/","og_site_name":"TOPACK Paper Boxes","article_publisher":"https:\/\/www.facebook.com\/ChinaTopack\/","article_modified_time":"2025-08-08T14:13:27+00:00","og_image":[{"width":1100,"height":1100,"url":"https:\/\/www.chinatopack.com\/wp-content\/uploads\/2025\/07\/Regular-Custom-Paper-Box-Kraft-Paper-Window-Boxes1.webp","type":"image\/webp"}],"twitter_card":"summary_large_image","twitter_misc":{"Tiempo de lectura":"2 minutos"},"schema":{"@context":"https:\/\/schema.org","@graph":[{"@type":"WebPage","@id":"https:\/\/www.chinatopack.com\/product\/regular-custom-paper-box-kraft-paper-window-boxes\/","url":"https:\/\/www.chinatopack.com\/product\/regular-custom-paper-box-kraft-paper-window-boxes\/","name":"Global Kraft Paper Window Boxes Supplier | Fast Ship","isPartOf":{"@id":"https:\/\/www.chinatopack.com\/#website"},"primaryImageOfPage":{"@id":"https:\/\/www.chinatopack.com\/product\/regular-custom-paper-box-kraft-paper-window-boxes\/#primaryimage"},"image":{"@id":"https:\/\/www.chinatopack.com\/product\/regular-custom-paper-box-kraft-paper-window-boxes\/#primaryimage"},"thumbnailUrl":"https:\/\/www.chinatopack.com\/wp-content\/uploads\/2025\/07\/Regular-Custom-Paper-Box-Kraft-Paper-Window-Boxes1.webp","datePublished":"2025-07-31T09:11:38+00:00","dateModified":"2025-08-08T14:13:27+00:00","description":"Kraft Paper Window Boxes Supplier: 20+ yrs mfg custom hexagon\/snap-lock boxes. Rush 4-day prod & global shipping. FSC\/recycled materials. Wholesale solutions.","breadcrumb":{"@id":"https:\/\/www.chinatopack.com\/product\/regular-custom-paper-box-kraft-paper-window-boxes\/#breadcrumb"},"inLanguage":"es","potentialAction":[{"@type":"ReadAction","target":["https:\/\/www.chinatopack.com\/product\/regular-custom-paper-box-kraft-paper-window-boxes\/"]}]},{"@type":"ImageObject","inLanguage":"es","@id":"https:\/\/www.chinatopack.com\/product\/regular-custom-paper-box-kraft-paper-window-boxes\/#primaryimage","url":"https:\/\/www.chinatopack.com\/wp-content\/uploads\/2025\/07\/Regular-Custom-Paper-Box-Kraft-Paper-Window-Boxes1.webp","contentUrl":"https:\/\/www.chinatopack.com\/wp-content\/uploads\/2025\/07\/Regular-Custom-Paper-Box-Kraft-Paper-Window-Boxes1.webp","width":1100,"height":1100,"caption":"Regular Custom Paper Box Kraft Paper Window Boxes"},{"@type":"BreadcrumbList","@id":"https:\/\/www.chinatopack.com\/product\/regular-custom-paper-box-kraft-paper-window-boxes\/#breadcrumb","itemListElement":[{"@type":"ListItem","position":1,"name":"Home","item":"https:\/\/www.chinatopack.com\/"},{"@type":"ListItem","position":2,"name":"Products","item":"https:\/\/www.chinatopack.com\/shop\/"},{"@type":"ListItem","position":3,"name":"Regular Custom Paper Box Kraft Paper Window Boxes"}]},{"@type":"WebSite","@id":"https:\/\/www.chinatopack.com\/#website","url":"https:\/\/www.chinatopack.com\/","name":"TOPACK Paper Boxes","description":"","publisher":{"@id":"https:\/\/www.chinatopack.com\/#organization"},"potentialAction":[{"@type":"SearchAction","target":{"@type":"EntryPoint","urlTemplate":"https:\/\/www.chinatopack.com\/?s={search_term_string}"},"query-input":"required name=search_term_string"}],"inLanguage":"es"},{"@type":"Organization","@id":"https:\/\/www.chinatopack.com\/#organization","name":"TOPACK Paper Boxes","url":"https:\/\/www.chinatopack.com\/","logo":{"@type":"ImageObject","inLanguage":"es","@id":"https:\/\/www.chinatopack.com\/#\/schema\/logo\/image\/","url":"https:\/\/www.chinatopack.com\/wp-content\/uploads\/2025\/11\/logo2.webp","contentUrl":"https:\/\/www.chinatopack.com\/wp-content\/uploads\/2025\/11\/logo2.webp","width":512,"height":512,"caption":"TOPACK Paper Boxes"},"image":{"@id":"https:\/\/www.chinatopack.com\/#\/schema\/logo\/image\/"},"sameAs":["https:\/\/www.facebook.com\/ChinaTopack\/","https:\/\/www.youtube.com\/@chinatopack"]}]}},"_links":{"self":[{"href":"https:\/\/www.chinatopack.com\/es\/wp-json\/wp\/v2\/product\/12751"}],"collection":[{"href":"https:\/\/www.chinatopack.com\/es\/wp-json\/wp\/v2\/product"}],"about":[{"href":"https:\/\/www.chinatopack.com\/es\/wp-json\/wp\/v2\/types\/product"}],"replies":[{"embeddable":true,"href":"https:\/\/www.chinatopack.com\/es\/wp-json\/wp\/v2\/comments?post=12751"}],"wp:featuredmedia":[{"embeddable":true,"href":"https:\/\/www.chinatopack.com\/es\/wp-json\/wp\/v2\/media\/12753"}],"wp:attachment":[{"href":"https:\/\/www.chinatopack.com\/es\/wp-json\/wp\/v2\/media?parent=12751"}],"wp:term":[{"taxonomy":"product_cat","embeddable":true,"href":"https:\/\/www.chinatopack.com\/es\/wp-json\/wp\/v2\/product_cat?post=12751"},{"taxonomy":"product_tag","embeddable":true,"href":"https:\/\/www.chinatopack.com\/es\/wp-json\/wp\/v2\/product_tag?post=12751"}],"curies":[{"name":"wp","href":"https:\/\/api.w.org\/{rel}","templated":true}]}}