{"id":12758,"date":"2025-07-31T14:34:30","date_gmt":"2025-07-31T14:34:30","guid":{"rendered":"https:\/\/www.chinatopack.com\/?post_type=product&#038;p=12758"},"modified":"2025-08-12T11:12:20","modified_gmt":"2025-08-12T11:12:20","slug":"regular-bracelet-gift-box","status":"publish","type":"product","link":"https:\/\/www.chinatopack.com\/es\/producto\/regular-bracelet-gift-box\/","title":{"rendered":"Pulsera normal Caja de regalo"},"content":{"rendered":"<h2>Descripci\u00f3n de la caja regalo pulsera<\/h2>\n<p>Impresi\u00f3n personalizada <a href=\"https:\/\/www.chinatopack.com\/es\/producto\/regular-bracelet-gift-box\/\"><strong>Pulsera Caja de regalo<\/strong><\/a>tambi\u00e9n conocidas como cajas plegables, le dan a su <a href=\"https:\/\/www.chinatopack.com\/es\/category\/gift-box\/\"><strong>cajas de regalo de lujo<\/strong><\/a> un aspecto profesional a la vez que mantiene su marca al frente y en el centro de cada pedido que vende, env\u00eda o reparte.<\/p>\n<p>Independientemente de si vende perfumes, cosm\u00e9ticos, aceites esenciales, chocolates o joyas, nuestra impresi\u00f3n de cajas personalizadas para productos le ofrece las herramientas que necesita para causar la mejor impresi\u00f3n. Tambi\u00e9n puede utilizarlas como cajas regalo para hombres o mujeres.<\/p>\n<p>Nuestro <a href=\"https:\/\/www.chinatopack.com\/es\/\"><strong>cajas de regalo kraft<\/strong><\/a> pueden encargarse en cartulina de una sola capa para una mayor calidad de impresi\u00f3n y un acabado m\u00e1s suave, o en material ondulado de varias capas para una mayor durabilidad.<\/p>\n<p>Utiliza tus cajas personalizadas como:<\/p>\n<ul>\n<li>Cajas de cosm\u00e9ticos personalizadas<\/li>\n<li>Cajas para velas<\/li>\n<li>Cajas de perfume<\/li>\n<li>Cajas de jab\u00f3n<\/li>\n<li>Joyeros<\/li>\n<li>Cajas de regalo impresas para grandes clientes<\/li>\n<li>Envases \u00fanicos para casi todo<\/li>\n<\/ul>\n<div class=\"auto-hide-last-sibling-br paragraph-JOTKXA paragraph-element br-paragraph-space\">Somos uno de los\u00a0<a href=\"https:\/\/www.chinatopack.com\/es\/about-us\/\"><strong>fabricantes de cajas de regalo<\/strong><\/a> con m\u00e1s de 20 a\u00f1os de experiencia. Podemos dar asesoramiento profesional y ofrecer otros tipos de cajas de embalaje, como cajas plegables y cajas con forma de libro. Para garantizar la calidad, nuestro equipo de inspecci\u00f3n de calidad comprueba no s\u00f3lo los productos acabados, sino tambi\u00e9n los materiales entrantes y el proceso de producci\u00f3n. Antes del env\u00edo, todas las bolsas de embalaje van en cajas de cart\u00f3n kraft de cinco capas. As\u00ed evitamos que se da\u00f1en durante el transporte.<\/div>\n<h2>Pulsera Caja Regalo Fotos<\/h2>\n<p><img loading=\"lazy\" decoding=\"async\" class=\"size-full wp-image-12767 aligncenter\" data-src=\"https:\/\/www.chinatopack.com\/wp-content\/uploads\/2025\/07\/Regular-Bracelet-Gift-Box8.webp\" alt=\"Pulsera normal Caja de regalo\" width=\"1100\" height=\"1100\" srcset=\"https:\/\/www.chinatopack.com\/wp-content\/uploads\/2025\/07\/Regular-Bracelet-Gift-Box8.webp 1100w, https:\/\/www.chinatopack.com\/wp-content\/uploads\/2025\/07\/Regular-Bracelet-Gift-Box8-980x980.webp 980w, https:\/\/www.chinatopack.com\/wp-content\/uploads\/2025\/07\/Regular-Bracelet-Gift-Box8-480x480.webp 480w\" sizes=\"(min-width: 0px) and (max-width: 480px) 480px, (min-width: 481px) and (max-width: 980px) 980px, (min-width: 981px) 1100px, 100vw\" \/> <img loading=\"lazy\" decoding=\"async\" class=\"size-full wp-image-12768 aligncenter\" data-src=\"https:\/\/www.chinatopack.com\/wp-content\/uploads\/2025\/07\/Regular-Bracelet-Gift-Box4.webp\" alt=\"Pulsera normal Caja de regalo\" width=\"1100\" height=\"1100\" srcset=\"https:\/\/www.chinatopack.com\/wp-content\/uploads\/2025\/07\/Regular-Bracelet-Gift-Box4.webp 1100w, https:\/\/www.chinatopack.com\/wp-content\/uploads\/2025\/07\/Regular-Bracelet-Gift-Box4-980x980.webp 980w, https:\/\/www.chinatopack.com\/wp-content\/uploads\/2025\/07\/Regular-Bracelet-Gift-Box4-480x480.webp 480w\" sizes=\"(min-width: 0px) and (max-width: 480px) 480px, (min-width: 481px) and (max-width: 980px) 980px, (min-width: 981px) 1100px, 100vw\" \/> <img loading=\"lazy\" decoding=\"async\" class=\"size-full wp-image-12769 aligncenter\" data-src=\"https:\/\/www.chinatopack.com\/wp-content\/uploads\/2025\/07\/Regular-Bracelet-Gift-Box6.webp\" alt=\"Pulsera normal Caja de regalo\" width=\"1100\" height=\"1100\" srcset=\"https:\/\/www.chinatopack.com\/wp-content\/uploads\/2025\/07\/Regular-Bracelet-Gift-Box6.webp 1100w, https:\/\/www.chinatopack.com\/wp-content\/uploads\/2025\/07\/Regular-Bracelet-Gift-Box6-980x980.webp 980w, https:\/\/www.chinatopack.com\/wp-content\/uploads\/2025\/07\/Regular-Bracelet-Gift-Box6-480x480.webp 480w\" sizes=\"(min-width: 0px) and (max-width: 480px) 480px, (min-width: 481px) and (max-width: 980px) 980px, (min-width: 981px) 1100px, 100vw\" \/><\/p>","protected":false},"excerpt":{"rendered":"<p>Las cajas de regalo para pulseras impresas a medida (cajas plegables) aumentan la visibilidad de la marca, son adecuadas para perfumes, joyas, etc. Elija cartulina de una capa o cart\u00f3n ondulado. Un fabricante de m\u00e1s de 20 a\u00f1os con otras cajas, estrictos controles de calidad y env\u00edo seguro.<\/p>","protected":false},"featured_media":12760,"comment_status":"closed","ping_status":"closed","template":"","meta":{"_et_pb_use_builder":"","_et_pb_old_content":"","_et_gb_content_width":""},"product_cat":[281],"product_tag":[288,292],"yoast_head":"<!-- This site is optimized with the Yoast SEO plugin v22.7 - https:\/\/yoast.com\/wordpress\/plugins\/seo\/ -->\n<title>Custom Bracelet Gift Box Supplier | Printing<\/title>\n<meta name=\"description\" content=\"20+ Yrs Bracelet Gift Box Supplier: Wholesale kraft\/corrugated custom printing. For jewelry\/perfume\/cosmetics. Rigorous QC &amp; global shipping. Request quote!\" \/>\n<meta name=\"robots\" content=\"index, follow, max-snippet:-1, max-image-preview:large, max-video-preview:-1\" \/>\n<link rel=\"canonical\" href=\"https:\/\/www.chinatopack.com\/es\/producto\/regular-bracelet-gift-box\/\" \/>\n<meta property=\"og:locale\" content=\"es_ES\" \/>\n<meta property=\"og:type\" content=\"article\" \/>\n<meta property=\"og:title\" content=\"Custom Bracelet Gift Box Supplier | Printing\" \/>\n<meta property=\"og:description\" content=\"20+ Yrs Bracelet Gift Box Supplier: Wholesale kraft\/corrugated custom printing. For jewelry\/perfume\/cosmetics. Rigorous QC &amp; global shipping. Request quote!\" \/>\n<meta property=\"og:url\" content=\"https:\/\/www.chinatopack.com\/es\/producto\/regular-bracelet-gift-box\/\" \/>\n<meta property=\"og:site_name\" content=\"TOPACK Paper Boxes\" \/>\n<meta property=\"article:publisher\" content=\"https:\/\/www.facebook.com\/ChinaTopack\/\" \/>\n<meta property=\"article:modified_time\" content=\"2025-08-12T11:12:20+00:00\" \/>\n<meta property=\"og:image\" content=\"https:\/\/www.chinatopack.com\/wp-content\/uploads\/2025\/07\/Regular-Bracelet-Gift-Box1.webp\" \/>\n\t<meta property=\"og:image:width\" content=\"1100\" \/>\n\t<meta property=\"og:image:height\" content=\"1100\" \/>\n\t<meta property=\"og:image:type\" content=\"image\/webp\" \/>\n<meta name=\"twitter:card\" content=\"summary_large_image\" \/>\n<meta name=\"twitter:label1\" content=\"Tiempo de lectura\" \/>\n\t<meta name=\"twitter:data1\" content=\"2 minutos\" \/>\n<script type=\"application\/ld+json\" class=\"yoast-schema-graph\">{\"@context\":\"https:\/\/schema.org\",\"@graph\":[{\"@type\":\"WebPage\",\"@id\":\"https:\/\/www.chinatopack.com\/product\/regular-bracelet-gift-box\/\",\"url\":\"https:\/\/www.chinatopack.com\/product\/regular-bracelet-gift-box\/\",\"name\":\"Custom Bracelet Gift Box Supplier | Printing\",\"isPartOf\":{\"@id\":\"https:\/\/www.chinatopack.com\/#website\"},\"primaryImageOfPage\":{\"@id\":\"https:\/\/www.chinatopack.com\/product\/regular-bracelet-gift-box\/#primaryimage\"},\"image\":{\"@id\":\"https:\/\/www.chinatopack.com\/product\/regular-bracelet-gift-box\/#primaryimage\"},\"thumbnailUrl\":\"https:\/\/www.chinatopack.com\/wp-content\/uploads\/2025\/07\/Regular-Bracelet-Gift-Box1.webp\",\"datePublished\":\"2025-07-31T14:34:30+00:00\",\"dateModified\":\"2025-08-12T11:12:20+00:00\",\"description\":\"20+ Yrs Bracelet Gift Box Supplier: Wholesale kraft\/corrugated custom printing. For jewelry\/perfume\/cosmetics. Rigorous QC & global shipping. Request quote!\",\"breadcrumb\":{\"@id\":\"https:\/\/www.chinatopack.com\/product\/regular-bracelet-gift-box\/#breadcrumb\"},\"inLanguage\":\"es\",\"potentialAction\":[{\"@type\":\"ReadAction\",\"target\":[\"https:\/\/www.chinatopack.com\/product\/regular-bracelet-gift-box\/\"]}]},{\"@type\":\"ImageObject\",\"inLanguage\":\"es\",\"@id\":\"https:\/\/www.chinatopack.com\/product\/regular-bracelet-gift-box\/#primaryimage\",\"url\":\"https:\/\/www.chinatopack.com\/wp-content\/uploads\/2025\/07\/Regular-Bracelet-Gift-Box1.webp\",\"contentUrl\":\"https:\/\/www.chinatopack.com\/wp-content\/uploads\/2025\/07\/Regular-Bracelet-Gift-Box1.webp\",\"width\":1100,\"height\":1100,\"caption\":\"Regular Bracelet Gift Box\"},{\"@type\":\"BreadcrumbList\",\"@id\":\"https:\/\/www.chinatopack.com\/product\/regular-bracelet-gift-box\/#breadcrumb\",\"itemListElement\":[{\"@type\":\"ListItem\",\"position\":1,\"name\":\"Home\",\"item\":\"https:\/\/www.chinatopack.com\/\"},{\"@type\":\"ListItem\",\"position\":2,\"name\":\"Products\",\"item\":\"https:\/\/www.chinatopack.com\/shop\/\"},{\"@type\":\"ListItem\",\"position\":3,\"name\":\"Regular Bracelet Gift Box\"}]},{\"@type\":\"WebSite\",\"@id\":\"https:\/\/www.chinatopack.com\/#website\",\"url\":\"https:\/\/www.chinatopack.com\/\",\"name\":\"TOPACK Paper Boxes\",\"description\":\"\",\"publisher\":{\"@id\":\"https:\/\/www.chinatopack.com\/#organization\"},\"potentialAction\":[{\"@type\":\"SearchAction\",\"target\":{\"@type\":\"EntryPoint\",\"urlTemplate\":\"https:\/\/www.chinatopack.com\/?s={search_term_string}\"},\"query-input\":\"required name=search_term_string\"}],\"inLanguage\":\"es\"},{\"@type\":\"Organization\",\"@id\":\"https:\/\/www.chinatopack.com\/#organization\",\"name\":\"TOPACK Paper Boxes\",\"url\":\"https:\/\/www.chinatopack.com\/\",\"logo\":{\"@type\":\"ImageObject\",\"inLanguage\":\"es\",\"@id\":\"https:\/\/www.chinatopack.com\/#\/schema\/logo\/image\/\",\"url\":\"https:\/\/www.chinatopack.com\/wp-content\/uploads\/2025\/11\/logo2.webp\",\"contentUrl\":\"https:\/\/www.chinatopack.com\/wp-content\/uploads\/2025\/11\/logo2.webp\",\"width\":512,\"height\":512,\"caption\":\"TOPACK Paper Boxes\"},\"image\":{\"@id\":\"https:\/\/www.chinatopack.com\/#\/schema\/logo\/image\/\"},\"sameAs\":[\"https:\/\/www.facebook.com\/ChinaTopack\/\",\"https:\/\/www.youtube.com\/@chinatopack\"]}]}<\/script>\n<!-- \/ Yoast SEO plugin. -->","yoast_head_json":{"title":"Custom Bracelet Gift Box Supplier | Printing","description":"20+ Yrs Bracelet Gift Box Supplier: Wholesale kraft\/corrugated custom printing. For jewelry\/perfume\/cosmetics. Rigorous QC & global shipping. Request quote!","robots":{"index":"index","follow":"follow","max-snippet":"max-snippet:-1","max-image-preview":"max-image-preview:large","max-video-preview":"max-video-preview:-1"},"canonical":"https:\/\/www.chinatopack.com\/es\/producto\/regular-bracelet-gift-box\/","og_locale":"es_ES","og_type":"article","og_title":"Custom Bracelet Gift Box Supplier | Printing","og_description":"20+ Yrs Bracelet Gift Box Supplier: Wholesale kraft\/corrugated custom printing. For jewelry\/perfume\/cosmetics. Rigorous QC & global shipping. Request quote!","og_url":"https:\/\/www.chinatopack.com\/es\/producto\/regular-bracelet-gift-box\/","og_site_name":"TOPACK Paper Boxes","article_publisher":"https:\/\/www.facebook.com\/ChinaTopack\/","article_modified_time":"2025-08-12T11:12:20+00:00","og_image":[{"width":1100,"height":1100,"url":"https:\/\/www.chinatopack.com\/wp-content\/uploads\/2025\/07\/Regular-Bracelet-Gift-Box1.webp","type":"image\/webp"}],"twitter_card":"summary_large_image","twitter_misc":{"Tiempo de lectura":"2 minutos"},"schema":{"@context":"https:\/\/schema.org","@graph":[{"@type":"WebPage","@id":"https:\/\/www.chinatopack.com\/product\/regular-bracelet-gift-box\/","url":"https:\/\/www.chinatopack.com\/product\/regular-bracelet-gift-box\/","name":"Custom Bracelet Gift Box Supplier | Printing","isPartOf":{"@id":"https:\/\/www.chinatopack.com\/#website"},"primaryImageOfPage":{"@id":"https:\/\/www.chinatopack.com\/product\/regular-bracelet-gift-box\/#primaryimage"},"image":{"@id":"https:\/\/www.chinatopack.com\/product\/regular-bracelet-gift-box\/#primaryimage"},"thumbnailUrl":"https:\/\/www.chinatopack.com\/wp-content\/uploads\/2025\/07\/Regular-Bracelet-Gift-Box1.webp","datePublished":"2025-07-31T14:34:30+00:00","dateModified":"2025-08-12T11:12:20+00:00","description":"20+ Yrs Bracelet Gift Box Supplier: Wholesale kraft\/corrugated custom printing. For jewelry\/perfume\/cosmetics. Rigorous QC & global shipping. Request quote!","breadcrumb":{"@id":"https:\/\/www.chinatopack.com\/product\/regular-bracelet-gift-box\/#breadcrumb"},"inLanguage":"es","potentialAction":[{"@type":"ReadAction","target":["https:\/\/www.chinatopack.com\/product\/regular-bracelet-gift-box\/"]}]},{"@type":"ImageObject","inLanguage":"es","@id":"https:\/\/www.chinatopack.com\/product\/regular-bracelet-gift-box\/#primaryimage","url":"https:\/\/www.chinatopack.com\/wp-content\/uploads\/2025\/07\/Regular-Bracelet-Gift-Box1.webp","contentUrl":"https:\/\/www.chinatopack.com\/wp-content\/uploads\/2025\/07\/Regular-Bracelet-Gift-Box1.webp","width":1100,"height":1100,"caption":"Regular Bracelet Gift Box"},{"@type":"BreadcrumbList","@id":"https:\/\/www.chinatopack.com\/product\/regular-bracelet-gift-box\/#breadcrumb","itemListElement":[{"@type":"ListItem","position":1,"name":"Home","item":"https:\/\/www.chinatopack.com\/"},{"@type":"ListItem","position":2,"name":"Products","item":"https:\/\/www.chinatopack.com\/shop\/"},{"@type":"ListItem","position":3,"name":"Regular Bracelet Gift Box"}]},{"@type":"WebSite","@id":"https:\/\/www.chinatopack.com\/#website","url":"https:\/\/www.chinatopack.com\/","name":"TOPACK Paper Boxes","description":"","publisher":{"@id":"https:\/\/www.chinatopack.com\/#organization"},"potentialAction":[{"@type":"SearchAction","target":{"@type":"EntryPoint","urlTemplate":"https:\/\/www.chinatopack.com\/?s={search_term_string}"},"query-input":"required name=search_term_string"}],"inLanguage":"es"},{"@type":"Organization","@id":"https:\/\/www.chinatopack.com\/#organization","name":"TOPACK Paper Boxes","url":"https:\/\/www.chinatopack.com\/","logo":{"@type":"ImageObject","inLanguage":"es","@id":"https:\/\/www.chinatopack.com\/#\/schema\/logo\/image\/","url":"https:\/\/www.chinatopack.com\/wp-content\/uploads\/2025\/11\/logo2.webp","contentUrl":"https:\/\/www.chinatopack.com\/wp-content\/uploads\/2025\/11\/logo2.webp","width":512,"height":512,"caption":"TOPACK Paper Boxes"},"image":{"@id":"https:\/\/www.chinatopack.com\/#\/schema\/logo\/image\/"},"sameAs":["https:\/\/www.facebook.com\/ChinaTopack\/","https:\/\/www.youtube.com\/@chinatopack"]}]}},"_links":{"self":[{"href":"https:\/\/www.chinatopack.com\/es\/wp-json\/wp\/v2\/product\/12758"}],"collection":[{"href":"https:\/\/www.chinatopack.com\/es\/wp-json\/wp\/v2\/product"}],"about":[{"href":"https:\/\/www.chinatopack.com\/es\/wp-json\/wp\/v2\/types\/product"}],"replies":[{"embeddable":true,"href":"https:\/\/www.chinatopack.com\/es\/wp-json\/wp\/v2\/comments?post=12758"}],"wp:featuredmedia":[{"embeddable":true,"href":"https:\/\/www.chinatopack.com\/es\/wp-json\/wp\/v2\/media\/12760"}],"wp:attachment":[{"href":"https:\/\/www.chinatopack.com\/es\/wp-json\/wp\/v2\/media?parent=12758"}],"wp:term":[{"taxonomy":"product_cat","embeddable":true,"href":"https:\/\/www.chinatopack.com\/es\/wp-json\/wp\/v2\/product_cat?post=12758"},{"taxonomy":"product_tag","embeddable":true,"href":"https:\/\/www.chinatopack.com\/es\/wp-json\/wp\/v2\/product_tag?post=12758"}],"curies":[{"name":"wp","href":"https:\/\/api.w.org\/{rel}","templated":true}]}}