{"id":12770,"date":"2025-07-31T14:41:45","date_gmt":"2025-07-31T14:41:45","guid":{"rendered":"https:\/\/www.chinatopack.com\/?post_type=product&#038;p=12770"},"modified":"2025-08-08T14:08:02","modified_gmt":"2025-08-08T14:08:02","slug":"paper-watch-and-jewelry-box","status":"publish","type":"product","link":"https:\/\/www.chinatopack.com\/es\/producto\/paper-watch-and-jewelry-box\/","title":{"rendered":"Reloj y joyero de papel"},"content":{"rendered":"<h2>Descripci\u00f3n de Reloj y joyero de papel<\/h2>\n<p>Papel <a href=\"https:\/\/www.chinatopack.com\/es\/producto\/paper-watch-and-jewelry-box\/\"><strong>Reloj y joyero<\/strong><\/a> es cada vez m\u00e1s popular en el mercado actual, y estas <a href=\"https:\/\/www.chinatopack.com\/es\/\"><strong>joyeros personalizados<\/strong><\/a> para muchas marcas de joyer\u00eda responsables. Para los amantes de la joyer\u00eda m\u00e1s exigentes, s\u00f3lo lo mejor es suficiente. Nos gustar\u00eda presentarle nuestras cajas de regalo personalizadas para joyer\u00eda de lujo, dise\u00f1adas para ofrecer una experiencia excepcional al abrir la caja. Desde el momento en que sus clientes abran la caja, se ver\u00e1n transportados a un mundo de lujo y refinamiento.<\/p>\n<p>En el <a href=\"https:\/\/www.chinatopack.com\/es\/category\/jewelry-box\/\"><strong>joyero de lujo<\/strong><\/a> para mostrar su inspiraci\u00f3n de la joyer\u00eda a los consumidores, como la elecci\u00f3n de diferentes materiales de textura, dise\u00f1o de impresi\u00f3n de logotipo especial y estampado, Spot efecto UV para enfatizar la conciencia de marca, accesorios especiales de decoraci\u00f3n para expresar diversas ideas creativas, etc, muy flexible para hacer su propia caja s\u00f3lo.<\/p>\n<p>Como uno de los <a href=\"https:\/\/www.chinatopack.com\/es\/about-us\/\"><strong>fabricantes de joyeros<\/strong><\/a>le aseguramos que nuestros estuches son perfectos para cualquiera que desee mostrar su colecci\u00f3n de joyas de una forma \u00fanica y elegante. Vienen en dise\u00f1os de fantas\u00eda buscando y estilos, y podemos personalizarlos para adaptarse a cualquier gusto o presupuesto. Nuestro equipo se esfuerza al m\u00e1ximo para ofrecer productos y servicios de la mayor calidad posible. As\u00ed que puede estar seguro de que sus joyas tendr\u00e1n un aspecto incre\u00edble cuando las empaquete en nuestras cajas. Adem\u00e1s, el joyero de papel personalizado es una buena opci\u00f3n para mostrar sus productos a sus clientes en la tienda o el supermercado. \u00a1Empiece a crear sus propias cajas de papel para joyas!<\/p>","protected":false},"excerpt":{"rendered":"<p>Los populares estuches de papel para relojes y joyas se adaptan a marcas nicho, ofreciendo un unboxing de lujo. Personalizables con materiales, logotipos, efectos UV, etc. Un fabricante de confianza ofrece calidad, dise\u00f1os variados y presupuestos ajustados para exponer o regalar.<\/p>","protected":false},"featured_media":12772,"comment_status":"closed","ping_status":"closed","template":"","meta":{"_et_pb_use_builder":"","_et_pb_old_content":"","_et_gb_content_width":""},"product_cat":[308],"product_tag":[294,295],"yoast_head":"<!-- This site is optimized with the Yoast SEO plugin v22.7 - https:\/\/yoast.com\/wordpress\/plugins\/seo\/ -->\n<title>Luxury Paper Watch and Jewelry Box Supplier | Custom in China<\/title>\n<meta name=\"description\" content=\"Watch and Jewelry Box Supplier: Custom luxury watch\/jewelry boxes w\/ Spot UV &amp; stamping. For niche brands &amp; retail displays. Manufacturer since 2003. Request quote!\" \/>\n<meta name=\"robots\" content=\"index, follow, max-snippet:-1, max-image-preview:large, max-video-preview:-1\" \/>\n<link rel=\"canonical\" href=\"https:\/\/www.chinatopack.com\/es\/producto\/paper-watch-and-jewelry-box\/\" \/>\n<meta property=\"og:locale\" content=\"es_ES\" \/>\n<meta property=\"og:type\" content=\"article\" \/>\n<meta property=\"og:title\" content=\"Luxury Paper Watch and Jewelry Box Supplier | Custom in China\" \/>\n<meta property=\"og:description\" content=\"Watch and Jewelry Box Supplier: Custom luxury watch\/jewelry boxes w\/ Spot UV &amp; stamping. For niche brands &amp; retail displays. Manufacturer since 2003. Request quote!\" \/>\n<meta property=\"og:url\" content=\"https:\/\/www.chinatopack.com\/es\/producto\/paper-watch-and-jewelry-box\/\" \/>\n<meta property=\"og:site_name\" content=\"TOPACK Paper Boxes\" \/>\n<meta property=\"article:publisher\" content=\"https:\/\/www.facebook.com\/ChinaTopack\/\" \/>\n<meta property=\"article:modified_time\" content=\"2025-08-08T14:08:02+00:00\" \/>\n<meta property=\"og:image\" content=\"https:\/\/www.chinatopack.com\/wp-content\/uploads\/2025\/07\/Paper-Watch-and-Jewelry-Box3.webp\" \/>\n\t<meta property=\"og:image:width\" content=\"1100\" \/>\n\t<meta property=\"og:image:height\" content=\"1100\" \/>\n\t<meta property=\"og:image:type\" content=\"image\/webp\" \/>\n<meta name=\"twitter:card\" content=\"summary_large_image\" \/>\n<meta name=\"twitter:label1\" content=\"Tiempo de lectura\" \/>\n\t<meta name=\"twitter:data1\" content=\"2 minutos\" \/>\n<script type=\"application\/ld+json\" class=\"yoast-schema-graph\">{\"@context\":\"https:\/\/schema.org\",\"@graph\":[{\"@type\":\"WebPage\",\"@id\":\"https:\/\/www.chinatopack.com\/product\/paper-watch-and-jewelry-box\/\",\"url\":\"https:\/\/www.chinatopack.com\/product\/paper-watch-and-jewelry-box\/\",\"name\":\"Luxury Paper Watch and Jewelry Box Supplier | Custom in China\",\"isPartOf\":{\"@id\":\"https:\/\/www.chinatopack.com\/#website\"},\"primaryImageOfPage\":{\"@id\":\"https:\/\/www.chinatopack.com\/product\/paper-watch-and-jewelry-box\/#primaryimage\"},\"image\":{\"@id\":\"https:\/\/www.chinatopack.com\/product\/paper-watch-and-jewelry-box\/#primaryimage\"},\"thumbnailUrl\":\"https:\/\/www.chinatopack.com\/wp-content\/uploads\/2025\/07\/Paper-Watch-and-Jewelry-Box3.webp\",\"datePublished\":\"2025-07-31T14:41:45+00:00\",\"dateModified\":\"2025-08-08T14:08:02+00:00\",\"description\":\"Watch and Jewelry Box Supplier: Custom luxury watch\/jewelry boxes w\/ Spot UV & stamping. For niche brands & retail displays. Manufacturer since 2003. Request quote!\",\"breadcrumb\":{\"@id\":\"https:\/\/www.chinatopack.com\/product\/paper-watch-and-jewelry-box\/#breadcrumb\"},\"inLanguage\":\"es\",\"potentialAction\":[{\"@type\":\"ReadAction\",\"target\":[\"https:\/\/www.chinatopack.com\/product\/paper-watch-and-jewelry-box\/\"]}]},{\"@type\":\"ImageObject\",\"inLanguage\":\"es\",\"@id\":\"https:\/\/www.chinatopack.com\/product\/paper-watch-and-jewelry-box\/#primaryimage\",\"url\":\"https:\/\/www.chinatopack.com\/wp-content\/uploads\/2025\/07\/Paper-Watch-and-Jewelry-Box3.webp\",\"contentUrl\":\"https:\/\/www.chinatopack.com\/wp-content\/uploads\/2025\/07\/Paper-Watch-and-Jewelry-Box3.webp\",\"width\":1100,\"height\":1100,\"caption\":\"Paper Watch and Jewelry Box\"},{\"@type\":\"BreadcrumbList\",\"@id\":\"https:\/\/www.chinatopack.com\/product\/paper-watch-and-jewelry-box\/#breadcrumb\",\"itemListElement\":[{\"@type\":\"ListItem\",\"position\":1,\"name\":\"Home\",\"item\":\"https:\/\/www.chinatopack.com\/\"},{\"@type\":\"ListItem\",\"position\":2,\"name\":\"Products\",\"item\":\"https:\/\/www.chinatopack.com\/shop\/\"},{\"@type\":\"ListItem\",\"position\":3,\"name\":\"Paper Watch and Jewelry Box\"}]},{\"@type\":\"WebSite\",\"@id\":\"https:\/\/www.chinatopack.com\/#website\",\"url\":\"https:\/\/www.chinatopack.com\/\",\"name\":\"TOPACK Paper Boxes\",\"description\":\"\",\"publisher\":{\"@id\":\"https:\/\/www.chinatopack.com\/#organization\"},\"potentialAction\":[{\"@type\":\"SearchAction\",\"target\":{\"@type\":\"EntryPoint\",\"urlTemplate\":\"https:\/\/www.chinatopack.com\/?s={search_term_string}\"},\"query-input\":\"required name=search_term_string\"}],\"inLanguage\":\"es\"},{\"@type\":\"Organization\",\"@id\":\"https:\/\/www.chinatopack.com\/#organization\",\"name\":\"TOPACK Paper Boxes\",\"url\":\"https:\/\/www.chinatopack.com\/\",\"logo\":{\"@type\":\"ImageObject\",\"inLanguage\":\"es\",\"@id\":\"https:\/\/www.chinatopack.com\/#\/schema\/logo\/image\/\",\"url\":\"https:\/\/www.chinatopack.com\/wp-content\/uploads\/2025\/11\/logo2.webp\",\"contentUrl\":\"https:\/\/www.chinatopack.com\/wp-content\/uploads\/2025\/11\/logo2.webp\",\"width\":512,\"height\":512,\"caption\":\"TOPACK Paper Boxes\"},\"image\":{\"@id\":\"https:\/\/www.chinatopack.com\/#\/schema\/logo\/image\/\"},\"sameAs\":[\"https:\/\/www.facebook.com\/ChinaTopack\/\",\"https:\/\/www.youtube.com\/@chinatopack\"]}]}<\/script>\n<!-- \/ Yoast SEO plugin. -->","yoast_head_json":{"title":"Luxury Paper Watch and Jewelry Box Supplier | Custom in China","description":"Watch and Jewelry Box Supplier: Custom luxury watch\/jewelry boxes w\/ Spot UV & stamping. For niche brands & retail displays. Manufacturer since 2003. Request quote!","robots":{"index":"index","follow":"follow","max-snippet":"max-snippet:-1","max-image-preview":"max-image-preview:large","max-video-preview":"max-video-preview:-1"},"canonical":"https:\/\/www.chinatopack.com\/es\/producto\/paper-watch-and-jewelry-box\/","og_locale":"es_ES","og_type":"article","og_title":"Luxury Paper Watch and Jewelry Box Supplier | Custom in China","og_description":"Watch and Jewelry Box Supplier: Custom luxury watch\/jewelry boxes w\/ Spot UV & stamping. For niche brands & retail displays. Manufacturer since 2003. Request quote!","og_url":"https:\/\/www.chinatopack.com\/es\/producto\/paper-watch-and-jewelry-box\/","og_site_name":"TOPACK Paper Boxes","article_publisher":"https:\/\/www.facebook.com\/ChinaTopack\/","article_modified_time":"2025-08-08T14:08:02+00:00","og_image":[{"width":1100,"height":1100,"url":"https:\/\/www.chinatopack.com\/wp-content\/uploads\/2025\/07\/Paper-Watch-and-Jewelry-Box3.webp","type":"image\/webp"}],"twitter_card":"summary_large_image","twitter_misc":{"Tiempo de lectura":"2 minutos"},"schema":{"@context":"https:\/\/schema.org","@graph":[{"@type":"WebPage","@id":"https:\/\/www.chinatopack.com\/product\/paper-watch-and-jewelry-box\/","url":"https:\/\/www.chinatopack.com\/product\/paper-watch-and-jewelry-box\/","name":"Luxury Paper Watch and Jewelry Box Supplier | Custom in China","isPartOf":{"@id":"https:\/\/www.chinatopack.com\/#website"},"primaryImageOfPage":{"@id":"https:\/\/www.chinatopack.com\/product\/paper-watch-and-jewelry-box\/#primaryimage"},"image":{"@id":"https:\/\/www.chinatopack.com\/product\/paper-watch-and-jewelry-box\/#primaryimage"},"thumbnailUrl":"https:\/\/www.chinatopack.com\/wp-content\/uploads\/2025\/07\/Paper-Watch-and-Jewelry-Box3.webp","datePublished":"2025-07-31T14:41:45+00:00","dateModified":"2025-08-08T14:08:02+00:00","description":"Watch and Jewelry Box Supplier: Custom luxury watch\/jewelry boxes w\/ Spot UV & stamping. For niche brands & retail displays. Manufacturer since 2003. Request quote!","breadcrumb":{"@id":"https:\/\/www.chinatopack.com\/product\/paper-watch-and-jewelry-box\/#breadcrumb"},"inLanguage":"es","potentialAction":[{"@type":"ReadAction","target":["https:\/\/www.chinatopack.com\/product\/paper-watch-and-jewelry-box\/"]}]},{"@type":"ImageObject","inLanguage":"es","@id":"https:\/\/www.chinatopack.com\/product\/paper-watch-and-jewelry-box\/#primaryimage","url":"https:\/\/www.chinatopack.com\/wp-content\/uploads\/2025\/07\/Paper-Watch-and-Jewelry-Box3.webp","contentUrl":"https:\/\/www.chinatopack.com\/wp-content\/uploads\/2025\/07\/Paper-Watch-and-Jewelry-Box3.webp","width":1100,"height":1100,"caption":"Paper Watch and Jewelry Box"},{"@type":"BreadcrumbList","@id":"https:\/\/www.chinatopack.com\/product\/paper-watch-and-jewelry-box\/#breadcrumb","itemListElement":[{"@type":"ListItem","position":1,"name":"Home","item":"https:\/\/www.chinatopack.com\/"},{"@type":"ListItem","position":2,"name":"Products","item":"https:\/\/www.chinatopack.com\/shop\/"},{"@type":"ListItem","position":3,"name":"Paper Watch and Jewelry Box"}]},{"@type":"WebSite","@id":"https:\/\/www.chinatopack.com\/#website","url":"https:\/\/www.chinatopack.com\/","name":"TOPACK Paper Boxes","description":"","publisher":{"@id":"https:\/\/www.chinatopack.com\/#organization"},"potentialAction":[{"@type":"SearchAction","target":{"@type":"EntryPoint","urlTemplate":"https:\/\/www.chinatopack.com\/?s={search_term_string}"},"query-input":"required name=search_term_string"}],"inLanguage":"es"},{"@type":"Organization","@id":"https:\/\/www.chinatopack.com\/#organization","name":"TOPACK Paper Boxes","url":"https:\/\/www.chinatopack.com\/","logo":{"@type":"ImageObject","inLanguage":"es","@id":"https:\/\/www.chinatopack.com\/#\/schema\/logo\/image\/","url":"https:\/\/www.chinatopack.com\/wp-content\/uploads\/2025\/11\/logo2.webp","contentUrl":"https:\/\/www.chinatopack.com\/wp-content\/uploads\/2025\/11\/logo2.webp","width":512,"height":512,"caption":"TOPACK Paper Boxes"},"image":{"@id":"https:\/\/www.chinatopack.com\/#\/schema\/logo\/image\/"},"sameAs":["https:\/\/www.facebook.com\/ChinaTopack\/","https:\/\/www.youtube.com\/@chinatopack"]}]}},"_links":{"self":[{"href":"https:\/\/www.chinatopack.com\/es\/wp-json\/wp\/v2\/product\/12770"}],"collection":[{"href":"https:\/\/www.chinatopack.com\/es\/wp-json\/wp\/v2\/product"}],"about":[{"href":"https:\/\/www.chinatopack.com\/es\/wp-json\/wp\/v2\/types\/product"}],"replies":[{"embeddable":true,"href":"https:\/\/www.chinatopack.com\/es\/wp-json\/wp\/v2\/comments?post=12770"}],"wp:featuredmedia":[{"embeddable":true,"href":"https:\/\/www.chinatopack.com\/es\/wp-json\/wp\/v2\/media\/12772"}],"wp:attachment":[{"href":"https:\/\/www.chinatopack.com\/es\/wp-json\/wp\/v2\/media?parent=12770"}],"wp:term":[{"taxonomy":"product_cat","embeddable":true,"href":"https:\/\/www.chinatopack.com\/es\/wp-json\/wp\/v2\/product_cat?post=12770"},{"taxonomy":"product_tag","embeddable":true,"href":"https:\/\/www.chinatopack.com\/es\/wp-json\/wp\/v2\/product_tag?post=12770"}],"curies":[{"name":"wp","href":"https:\/\/api.w.org\/{rel}","templated":true}]}}