{"id":12792,"date":"2025-07-31T15:12:48","date_gmt":"2025-07-31T15:12:48","guid":{"rendered":"https:\/\/www.chinatopack.com\/?post_type=product&#038;p=12792"},"modified":"2025-08-12T11:09:50","modified_gmt":"2025-08-12T11:09:50","slug":"premium-cosmetic-paper-boxes-cosmetics-storage-box","status":"publish","type":"product","link":"https:\/\/www.chinatopack.com\/es\/producto\/premium-cosmetic-paper-boxes-cosmetics-storage-box\/","title":{"rendered":"Cajas de papel premium para cosm\u00e9ticos Caja de almacenamiento de cosm\u00e9ticos"},"content":{"rendered":"<h2>Premium Cosm\u00e9ticos Cajas de Papel Cosm\u00e9ticos Caja de Almacenamiento Descripci\u00f3n<\/h2>\n<h3>Elegancia, calidad y sostenibilidad<\/h3>\n<p>Cada detalle de nuestro <a href=\"https:\/\/www.chinatopack.com\/es\/producto\/premium-cosmetic-paper-boxes-cosmetics-storage-box\/\"><strong>caja para cosm\u00e9ticos<\/strong><\/a> refleja una excelencia sin concesiones. Desde el cart\u00f3n con certificaci\u00f3n FSC hasta las tintas a base de soja, combinamos materiales sostenibles con la artesan\u00eda. Cada pieza se somete a 12 controles de calidad durante la producci\u00f3n, lo que garantiza una integridad estructural impecable y la perfecci\u00f3n de la impresi\u00f3n. Nuestro plazo de entrega est\u00e1ndar de 10 a 15 d\u00edas se adapta a la mayor\u00eda de los pedidos, con un servicio acelerado de 7 d\u00edas disponible para campa\u00f1as urgentes.<\/p>\n<h3>Dise\u00f1ado para marcas exigentes<\/h3>\n<p>&#8211; Luxury skincare &amp; makeup collections<\/p>\n<p>&#8211; Limited-edition holiday sets<\/p>\n<p>&#8211; Organic beauty product lines<\/p>\n<p>&#8211; Prestige fragrance packaging<\/p>\n<h3>Por qu\u00e9 elegirnos<\/h3>\n<p>Cierres e insertos magn\u00e9ticos personalizados<\/p>\n<p>Gofrado 3D y estampaci\u00f3n en caliente<\/p>\n<p>Embalaje protector listo para la venta al por menor<\/p>\n<p>Aumenta el valor percibido en 40% (datos de estudios de mercado)<\/p>\n<p>Revestimientos resistentes a los ara\u00f1azos para un brillo duradero<\/p>\n<p>En <a href=\"https:\/\/www.chinatopack.com\/es\/about-us\/\"><strong>fabricantes de cajas de cosm\u00e9ticos<\/strong><\/a> con m\u00e1s de 20 a\u00f1os de experiencia, podemos proporcionar asesoramiento profesional, y otros tipos de cajas de embalaje, tales como tales como <a href=\"https:\/\/www.chinatopack.com\/es\/\"><strong>estuche cosm\u00e9tico personalizado<\/strong><\/a> y cajas en forma de libro. etc. Para garantizar la calidad, nuestro equipo de inspecci\u00f3n de calidad no s\u00f3lo inspeccionar\u00e1 el producto acabado, sino que tambi\u00e9n realizar\u00e1 la inspecci\u00f3n de entrada y la inspecci\u00f3n del proceso. Todos los <a href=\"https:\/\/www.chinatopack.com\/es\/category\/cosmetic-box\/\"><strong>cajas de cosm\u00e9ticos<\/strong><\/a> se embalar\u00e1n en una caja de cart\u00f3n kraft de cinco capas antes del transporte para garantizar que no sufran da\u00f1os durante el mismo.<\/p>\n<h2>Fotos de la caja para cosm\u00e9ticos<\/h2>\n<p><img loading=\"lazy\" decoding=\"async\" class=\"size-full wp-image-12800 aligncenter\" data-src=\"https:\/\/www.chinatopack.com\/wp-content\/uploads\/2025\/07\/Premium-Cosmetic-Paper-Boxes-Cosmetics-Storage-Box7.webp\" alt=\"Cajas de papel premium para cosm\u00e9ticos Caja de almacenamiento de cosm\u00e9ticos\" width=\"1100\" height=\"1100\" srcset=\"https:\/\/www.chinatopack.com\/wp-content\/uploads\/2025\/07\/Premium-Cosmetic-Paper-Boxes-Cosmetics-Storage-Box7.webp 1100w, https:\/\/www.chinatopack.com\/wp-content\/uploads\/2025\/07\/Premium-Cosmetic-Paper-Boxes-Cosmetics-Storage-Box7-980x980.webp 980w, https:\/\/www.chinatopack.com\/wp-content\/uploads\/2025\/07\/Premium-Cosmetic-Paper-Boxes-Cosmetics-Storage-Box7-480x480.webp 480w\" sizes=\"(min-width: 0px) and (max-width: 480px) 480px, (min-width: 481px) and (max-width: 980px) 980px, (min-width: 981px) 1100px, 100vw\" \/> <img loading=\"lazy\" decoding=\"async\" class=\"size-full wp-image-12801 aligncenter\" data-src=\"https:\/\/www.chinatopack.com\/wp-content\/uploads\/2025\/07\/Premium-Cosmetic-Paper-Boxes-Cosmetics-Storage-Box8.webp\" alt=\"Cajas de papel premium para cosm\u00e9ticos Caja de almacenamiento de cosm\u00e9ticos\" width=\"1100\" height=\"1100\" srcset=\"https:\/\/www.chinatopack.com\/wp-content\/uploads\/2025\/07\/Premium-Cosmetic-Paper-Boxes-Cosmetics-Storage-Box8.webp 1100w, https:\/\/www.chinatopack.com\/wp-content\/uploads\/2025\/07\/Premium-Cosmetic-Paper-Boxes-Cosmetics-Storage-Box8-980x980.webp 980w, https:\/\/www.chinatopack.com\/wp-content\/uploads\/2025\/07\/Premium-Cosmetic-Paper-Boxes-Cosmetics-Storage-Box8-480x480.webp 480w\" sizes=\"(min-width: 0px) and (max-width: 480px) 480px, (min-width: 481px) and (max-width: 980px) 980px, (min-width: 981px) 1100px, 100vw\" \/><\/p>","protected":false},"excerpt":{"rendered":"<p>Nuestras cajas de cosm\u00e9ticos premium combinan materiales con certificaci\u00f3n FSC, artesan\u00eda y 12 controles de calidad. Con caracter\u00edsticas personalizadas, plazos de entrega de 10 a 15 d\u00edas y m\u00e1s de 20 a\u00f1os de experiencia, aumentan el valor 40% de las marcas de lujo.<\/p>","protected":false},"featured_media":12794,"comment_status":"closed","ping_status":"closed","template":"","meta":{"_et_pb_use_builder":"","_et_pb_old_content":"","_et_gb_content_width":""},"product_cat":[309],"product_tag":[298],"yoast_head":"<!-- This site is optimized with the Yoast SEO plugin v22.7 - https:\/\/yoast.com\/wordpress\/plugins\/seo\/ -->\n<title>Premium Cosmetics Storage Box Supplier | Luxury Eco From China<\/title>\n<meta name=\"description\" content=\"Leading Cosmetics Storage Box Supplier: 20+ yrs FSC-certified luxury boxes w\/ foil stamping &amp; embossing. 12-step QC. Boosts brand value 40%. Request quote!\" \/>\n<meta name=\"robots\" content=\"index, follow, max-snippet:-1, max-image-preview:large, max-video-preview:-1\" \/>\n<link rel=\"canonical\" href=\"https:\/\/www.chinatopack.com\/es\/producto\/premium-cosmetic-paper-boxes-cosmetics-storage-box\/\" \/>\n<meta property=\"og:locale\" content=\"es_ES\" \/>\n<meta property=\"og:type\" content=\"article\" \/>\n<meta property=\"og:title\" content=\"Premium Cosmetics Storage Box Supplier | Luxury Eco From China\" \/>\n<meta property=\"og:description\" content=\"Leading Cosmetics Storage Box Supplier: 20+ yrs FSC-certified luxury boxes w\/ foil stamping &amp; embossing. 12-step QC. Boosts brand value 40%. Request quote!\" \/>\n<meta property=\"og:url\" content=\"https:\/\/www.chinatopack.com\/es\/producto\/premium-cosmetic-paper-boxes-cosmetics-storage-box\/\" \/>\n<meta property=\"og:site_name\" content=\"TOPACK Paper Boxes\" \/>\n<meta property=\"article:publisher\" content=\"https:\/\/www.facebook.com\/ChinaTopack\/\" \/>\n<meta property=\"article:modified_time\" content=\"2025-08-12T11:09:50+00:00\" \/>\n<meta property=\"og:image\" content=\"https:\/\/www.chinatopack.com\/wp-content\/uploads\/2025\/07\/Premium-Cosmetic-Paper-Boxes-Cosmetics-Storage-Box1.webp\" \/>\n\t<meta property=\"og:image:width\" content=\"1100\" \/>\n\t<meta property=\"og:image:height\" content=\"1100\" \/>\n\t<meta property=\"og:image:type\" content=\"image\/webp\" \/>\n<meta name=\"twitter:card\" content=\"summary_large_image\" \/>\n<meta name=\"twitter:label1\" content=\"Tiempo de lectura\" \/>\n\t<meta name=\"twitter:data1\" content=\"2 minutos\" \/>\n<script type=\"application\/ld+json\" class=\"yoast-schema-graph\">{\"@context\":\"https:\/\/schema.org\",\"@graph\":[{\"@type\":\"WebPage\",\"@id\":\"https:\/\/www.chinatopack.com\/product\/premium-cosmetic-paper-boxes-cosmetics-storage-box\/\",\"url\":\"https:\/\/www.chinatopack.com\/product\/premium-cosmetic-paper-boxes-cosmetics-storage-box\/\",\"name\":\"Premium Cosmetics Storage Box Supplier | Luxury Eco From China\",\"isPartOf\":{\"@id\":\"https:\/\/www.chinatopack.com\/#website\"},\"primaryImageOfPage\":{\"@id\":\"https:\/\/www.chinatopack.com\/product\/premium-cosmetic-paper-boxes-cosmetics-storage-box\/#primaryimage\"},\"image\":{\"@id\":\"https:\/\/www.chinatopack.com\/product\/premium-cosmetic-paper-boxes-cosmetics-storage-box\/#primaryimage\"},\"thumbnailUrl\":\"https:\/\/www.chinatopack.com\/wp-content\/uploads\/2025\/07\/Premium-Cosmetic-Paper-Boxes-Cosmetics-Storage-Box1.webp\",\"datePublished\":\"2025-07-31T15:12:48+00:00\",\"dateModified\":\"2025-08-12T11:09:50+00:00\",\"description\":\"Leading Cosmetics Storage Box Supplier: 20+ yrs FSC-certified luxury boxes w\/ foil stamping & embossing. 12-step QC. Boosts brand value 40%. Request quote!\",\"breadcrumb\":{\"@id\":\"https:\/\/www.chinatopack.com\/product\/premium-cosmetic-paper-boxes-cosmetics-storage-box\/#breadcrumb\"},\"inLanguage\":\"es\",\"potentialAction\":[{\"@type\":\"ReadAction\",\"target\":[\"https:\/\/www.chinatopack.com\/product\/premium-cosmetic-paper-boxes-cosmetics-storage-box\/\"]}]},{\"@type\":\"ImageObject\",\"inLanguage\":\"es\",\"@id\":\"https:\/\/www.chinatopack.com\/product\/premium-cosmetic-paper-boxes-cosmetics-storage-box\/#primaryimage\",\"url\":\"https:\/\/www.chinatopack.com\/wp-content\/uploads\/2025\/07\/Premium-Cosmetic-Paper-Boxes-Cosmetics-Storage-Box1.webp\",\"contentUrl\":\"https:\/\/www.chinatopack.com\/wp-content\/uploads\/2025\/07\/Premium-Cosmetic-Paper-Boxes-Cosmetics-Storage-Box1.webp\",\"width\":1100,\"height\":1100,\"caption\":\"Premium Cosmetic Paper Boxes Cosmetics Storage Box\"},{\"@type\":\"BreadcrumbList\",\"@id\":\"https:\/\/www.chinatopack.com\/product\/premium-cosmetic-paper-boxes-cosmetics-storage-box\/#breadcrumb\",\"itemListElement\":[{\"@type\":\"ListItem\",\"position\":1,\"name\":\"Home\",\"item\":\"https:\/\/www.chinatopack.com\/\"},{\"@type\":\"ListItem\",\"position\":2,\"name\":\"Products\",\"item\":\"https:\/\/www.chinatopack.com\/shop\/\"},{\"@type\":\"ListItem\",\"position\":3,\"name\":\"Premium Cosmetic Paper Boxes Cosmetics Storage Box\"}]},{\"@type\":\"WebSite\",\"@id\":\"https:\/\/www.chinatopack.com\/#website\",\"url\":\"https:\/\/www.chinatopack.com\/\",\"name\":\"TOPACK Paper Boxes\",\"description\":\"\",\"publisher\":{\"@id\":\"https:\/\/www.chinatopack.com\/#organization\"},\"potentialAction\":[{\"@type\":\"SearchAction\",\"target\":{\"@type\":\"EntryPoint\",\"urlTemplate\":\"https:\/\/www.chinatopack.com\/?s={search_term_string}\"},\"query-input\":\"required name=search_term_string\"}],\"inLanguage\":\"es\"},{\"@type\":\"Organization\",\"@id\":\"https:\/\/www.chinatopack.com\/#organization\",\"name\":\"TOPACK Paper Boxes\",\"url\":\"https:\/\/www.chinatopack.com\/\",\"logo\":{\"@type\":\"ImageObject\",\"inLanguage\":\"es\",\"@id\":\"https:\/\/www.chinatopack.com\/#\/schema\/logo\/image\/\",\"url\":\"https:\/\/www.chinatopack.com\/wp-content\/uploads\/2025\/11\/logo2.webp\",\"contentUrl\":\"https:\/\/www.chinatopack.com\/wp-content\/uploads\/2025\/11\/logo2.webp\",\"width\":512,\"height\":512,\"caption\":\"TOPACK Paper Boxes\"},\"image\":{\"@id\":\"https:\/\/www.chinatopack.com\/#\/schema\/logo\/image\/\"},\"sameAs\":[\"https:\/\/www.facebook.com\/ChinaTopack\/\",\"https:\/\/www.youtube.com\/@chinatopack\"]}]}<\/script>\n<!-- \/ Yoast SEO plugin. -->","yoast_head_json":{"title":"Premium Cosmetics Storage Box Supplier | Luxury Eco From China","description":"Leading Cosmetics Storage Box Supplier: 20+ yrs FSC-certified luxury boxes w\/ foil stamping & embossing. 12-step QC. Boosts brand value 40%. Request quote!","robots":{"index":"index","follow":"follow","max-snippet":"max-snippet:-1","max-image-preview":"max-image-preview:large","max-video-preview":"max-video-preview:-1"},"canonical":"https:\/\/www.chinatopack.com\/es\/producto\/premium-cosmetic-paper-boxes-cosmetics-storage-box\/","og_locale":"es_ES","og_type":"article","og_title":"Premium Cosmetics Storage Box Supplier | Luxury Eco From China","og_description":"Leading Cosmetics Storage Box Supplier: 20+ yrs FSC-certified luxury boxes w\/ foil stamping & embossing. 12-step QC. Boosts brand value 40%. Request quote!","og_url":"https:\/\/www.chinatopack.com\/es\/producto\/premium-cosmetic-paper-boxes-cosmetics-storage-box\/","og_site_name":"TOPACK Paper Boxes","article_publisher":"https:\/\/www.facebook.com\/ChinaTopack\/","article_modified_time":"2025-08-12T11:09:50+00:00","og_image":[{"width":1100,"height":1100,"url":"https:\/\/www.chinatopack.com\/wp-content\/uploads\/2025\/07\/Premium-Cosmetic-Paper-Boxes-Cosmetics-Storage-Box1.webp","type":"image\/webp"}],"twitter_card":"summary_large_image","twitter_misc":{"Tiempo de lectura":"2 minutos"},"schema":{"@context":"https:\/\/schema.org","@graph":[{"@type":"WebPage","@id":"https:\/\/www.chinatopack.com\/product\/premium-cosmetic-paper-boxes-cosmetics-storage-box\/","url":"https:\/\/www.chinatopack.com\/product\/premium-cosmetic-paper-boxes-cosmetics-storage-box\/","name":"Premium Cosmetics Storage Box Supplier | Luxury Eco From China","isPartOf":{"@id":"https:\/\/www.chinatopack.com\/#website"},"primaryImageOfPage":{"@id":"https:\/\/www.chinatopack.com\/product\/premium-cosmetic-paper-boxes-cosmetics-storage-box\/#primaryimage"},"image":{"@id":"https:\/\/www.chinatopack.com\/product\/premium-cosmetic-paper-boxes-cosmetics-storage-box\/#primaryimage"},"thumbnailUrl":"https:\/\/www.chinatopack.com\/wp-content\/uploads\/2025\/07\/Premium-Cosmetic-Paper-Boxes-Cosmetics-Storage-Box1.webp","datePublished":"2025-07-31T15:12:48+00:00","dateModified":"2025-08-12T11:09:50+00:00","description":"Leading Cosmetics Storage Box Supplier: 20+ yrs FSC-certified luxury boxes w\/ foil stamping & embossing. 12-step QC. Boosts brand value 40%. Request quote!","breadcrumb":{"@id":"https:\/\/www.chinatopack.com\/product\/premium-cosmetic-paper-boxes-cosmetics-storage-box\/#breadcrumb"},"inLanguage":"es","potentialAction":[{"@type":"ReadAction","target":["https:\/\/www.chinatopack.com\/product\/premium-cosmetic-paper-boxes-cosmetics-storage-box\/"]}]},{"@type":"ImageObject","inLanguage":"es","@id":"https:\/\/www.chinatopack.com\/product\/premium-cosmetic-paper-boxes-cosmetics-storage-box\/#primaryimage","url":"https:\/\/www.chinatopack.com\/wp-content\/uploads\/2025\/07\/Premium-Cosmetic-Paper-Boxes-Cosmetics-Storage-Box1.webp","contentUrl":"https:\/\/www.chinatopack.com\/wp-content\/uploads\/2025\/07\/Premium-Cosmetic-Paper-Boxes-Cosmetics-Storage-Box1.webp","width":1100,"height":1100,"caption":"Premium Cosmetic Paper Boxes Cosmetics Storage Box"},{"@type":"BreadcrumbList","@id":"https:\/\/www.chinatopack.com\/product\/premium-cosmetic-paper-boxes-cosmetics-storage-box\/#breadcrumb","itemListElement":[{"@type":"ListItem","position":1,"name":"Home","item":"https:\/\/www.chinatopack.com\/"},{"@type":"ListItem","position":2,"name":"Products","item":"https:\/\/www.chinatopack.com\/shop\/"},{"@type":"ListItem","position":3,"name":"Premium Cosmetic Paper Boxes Cosmetics Storage Box"}]},{"@type":"WebSite","@id":"https:\/\/www.chinatopack.com\/#website","url":"https:\/\/www.chinatopack.com\/","name":"TOPACK Paper Boxes","description":"","publisher":{"@id":"https:\/\/www.chinatopack.com\/#organization"},"potentialAction":[{"@type":"SearchAction","target":{"@type":"EntryPoint","urlTemplate":"https:\/\/www.chinatopack.com\/?s={search_term_string}"},"query-input":"required name=search_term_string"}],"inLanguage":"es"},{"@type":"Organization","@id":"https:\/\/www.chinatopack.com\/#organization","name":"TOPACK Paper Boxes","url":"https:\/\/www.chinatopack.com\/","logo":{"@type":"ImageObject","inLanguage":"es","@id":"https:\/\/www.chinatopack.com\/#\/schema\/logo\/image\/","url":"https:\/\/www.chinatopack.com\/wp-content\/uploads\/2025\/11\/logo2.webp","contentUrl":"https:\/\/www.chinatopack.com\/wp-content\/uploads\/2025\/11\/logo2.webp","width":512,"height":512,"caption":"TOPACK Paper Boxes"},"image":{"@id":"https:\/\/www.chinatopack.com\/#\/schema\/logo\/image\/"},"sameAs":["https:\/\/www.facebook.com\/ChinaTopack\/","https:\/\/www.youtube.com\/@chinatopack"]}]}},"_links":{"self":[{"href":"https:\/\/www.chinatopack.com\/es\/wp-json\/wp\/v2\/product\/12792"}],"collection":[{"href":"https:\/\/www.chinatopack.com\/es\/wp-json\/wp\/v2\/product"}],"about":[{"href":"https:\/\/www.chinatopack.com\/es\/wp-json\/wp\/v2\/types\/product"}],"replies":[{"embeddable":true,"href":"https:\/\/www.chinatopack.com\/es\/wp-json\/wp\/v2\/comments?post=12792"}],"wp:featuredmedia":[{"embeddable":true,"href":"https:\/\/www.chinatopack.com\/es\/wp-json\/wp\/v2\/media\/12794"}],"wp:attachment":[{"href":"https:\/\/www.chinatopack.com\/es\/wp-json\/wp\/v2\/media?parent=12792"}],"wp:term":[{"taxonomy":"product_cat","embeddable":true,"href":"https:\/\/www.chinatopack.com\/es\/wp-json\/wp\/v2\/product_cat?post=12792"},{"taxonomy":"product_tag","embeddable":true,"href":"https:\/\/www.chinatopack.com\/es\/wp-json\/wp\/v2\/product_tag?post=12792"}],"curies":[{"name":"wp","href":"https:\/\/api.w.org\/{rel}","templated":true}]}}