{"id":12802,"date":"2025-07-31T15:27:13","date_gmt":"2025-07-31T15:27:13","guid":{"rendered":"https:\/\/www.chinatopack.com\/?post_type=product&#038;p=12802"},"modified":"2025-08-12T11:09:00","modified_gmt":"2025-08-12T11:09:00","slug":"custom-kraft-paper-boxes-with-lids-tailored-packaging-solutions-for-your-brand","status":"publish","type":"product","link":"https:\/\/www.chinatopack.com\/es\/producto\/custom-kraft-paper-boxes-with-lids-tailored-packaging-solutions-for-your-brand\/","title":{"rendered":"Cajas de papel kraft personalizadas con tapa: Soluciones de embalaje a medida para su marca"},"content":{"rendered":"<h2>Box Styles &amp; Applications of Kraft Paper Boxes with Lids<\/h2>\n<p>We offer a wide range of\u00a0box types, <strong>including rigid boxes, folding cartons, magnetic closure boxes, <a href=\"https:\/\/www.chinatopack.com\/es\/producto\/custom-kraft-paper-boxes-with-lids-tailored-packaging-solutions-for-your-brand\/\">Kraft Paper Boxes with Lids<\/a>, and drawer<\/strong> cajas. Perfectas para envasar regalos, productos electr\u00f3nicos, cosm\u00e9ticos, alimentos y productos de venta al por menor, cada dise\u00f1o garantiza la durabilidad y una experiencia unboxing de primera.<\/p>\n<h2>Materiales y respeto del medio ambiente<\/h2>\n<p>Elige entre\u00a0<strong>papel kraft, papel art\u00edstico, cart\u00f3n ondulado<\/strong>, <strong>o materiales reciclados<\/strong> to align with sustainability goals. Our <a href=\"https:\/\/www.chinatopack.com\/es\/\"><strong>cajas de papel al por mayor<\/strong><\/a> include\u00a0<strong>Certificado FSC<\/strong>\u00a0y biodegradables, garantizando un envasado respetuoso con el medio ambiente.<\/p>\n<h2>Impresi\u00f3n y acabado avanzados<\/h2>\n<p>Mejore su <a href=\"https:\/\/www.chinatopack.com\/es\/about-us\/\"><strong>cajas de papel baratas<\/strong><\/a> with <strong>impresi\u00f3n offset\/UV, gofrado, estampado, lacado UV<\/strong>o laminado mate\/brillante. Personal\u00edcelo con troquelado, parcheado de ventanas o UV localizado para conseguir un aspecto destacado.<\/p>\n<h2>Precision Production Process of Kraft Paper Boxes with Lids<\/h2>\n<p><strong>1.Dise\u00f1o y pruebas<\/strong>\u00a0- Colaborar en el dise\u00f1o estructural y gr\u00e1fico.<\/p>\n<p><strong>2.Selecci\u00f3n del material\u00a0<\/strong>- Elija el papel y el acabado ideales.<\/p>\n<p><strong>3.Impresi\u00f3n y decoraci\u00f3n<\/strong>\u00a0- Impresi\u00f3n de alta resoluci\u00f3n y acabados de primera calidad.<\/p>\n<p><strong>4.Troquelado y montaje<\/strong>\u00a0- Corte de precisi\u00f3n y detalles acabados a mano.<\/p>\n<p><strong>5.Inspecci\u00f3n de calidad y entrega<\/strong>\u00a0- Los rigurosos controles garantizan una ejecuci\u00f3n impecable.<\/p>\n<p>En\u00a0<strong>protecci\u00f3n del producto<\/strong>\u00a0a\u00a0<strong>narraci\u00f3n de marca,<\/strong> our <a href=\"https:\/\/www.chinatopack.com\/es\/category\/custom-paper-box\/\"><strong>cajas de regalo de papel personalizadas<\/strong><\/a> ofrecen un valor inigualable. Solicite un presupuesto hoy mismo y creemos un envase que hable por su marca.<\/p>\n<h2>Pictures<\/h2>\n<p><img loading=\"lazy\" decoding=\"async\" class=\"size-full wp-image-12811 aligncenter\" data-src=\"https:\/\/www.chinatopack.com\/wp-content\/uploads\/2025\/07\/Custom-Kraft-Paper-Boxes-with-Lids-Tailored-Packaging-Solutions-for-Your-Brand12.webp\" alt=\"Cajas de papel kraft personalizadas con tapa Soluciones de embalaje a medida para su marca\" width=\"1100\" height=\"1100\" srcset=\"https:\/\/www.chinatopack.com\/wp-content\/uploads\/2025\/07\/Custom-Kraft-Paper-Boxes-with-Lids-Tailored-Packaging-Solutions-for-Your-Brand12.webp 1100w, https:\/\/www.chinatopack.com\/wp-content\/uploads\/2025\/07\/Custom-Kraft-Paper-Boxes-with-Lids-Tailored-Packaging-Solutions-for-Your-Brand12-980x980.webp 980w, https:\/\/www.chinatopack.com\/wp-content\/uploads\/2025\/07\/Custom-Kraft-Paper-Boxes-with-Lids-Tailored-Packaging-Solutions-for-Your-Brand12-480x480.webp 480w\" sizes=\"(min-width: 0px) and (max-width: 480px) 480px, (min-width: 481px) and (max-width: 980px) 980px, (min-width: 981px) 1100px, 100vw\" \/> <img loading=\"lazy\" decoding=\"async\" class=\"size-full wp-image-12812 aligncenter\" data-src=\"https:\/\/www.chinatopack.com\/wp-content\/uploads\/2025\/07\/Custom-Kraft-Paper-Boxes-with-Lids-Tailored-Packaging-Solutions-for-Your-Brand4.webp\" alt=\"Cajas de papel kraft personalizadas con tapa Soluciones de embalaje a medida para su marca\" width=\"1100\" height=\"1100\" srcset=\"https:\/\/www.chinatopack.com\/wp-content\/uploads\/2025\/07\/Custom-Kraft-Paper-Boxes-with-Lids-Tailored-Packaging-Solutions-for-Your-Brand4.webp 1100w, https:\/\/www.chinatopack.com\/wp-content\/uploads\/2025\/07\/Custom-Kraft-Paper-Boxes-with-Lids-Tailored-Packaging-Solutions-for-Your-Brand4-980x980.webp 980w, https:\/\/www.chinatopack.com\/wp-content\/uploads\/2025\/07\/Custom-Kraft-Paper-Boxes-with-Lids-Tailored-Packaging-Solutions-for-Your-Brand4-480x480.webp 480w\" sizes=\"(min-width: 0px) and (max-width: 480px) 480px, (min-width: 481px) and (max-width: 980px) 980px, (min-width: 981px) 1100px, 100vw\" \/> <img loading=\"lazy\" decoding=\"async\" class=\"size-full wp-image-12813 aligncenter\" data-src=\"https:\/\/www.chinatopack.com\/wp-content\/uploads\/2025\/07\/Custom-Kraft-Paper-Boxes-with-Lids-Tailored-Packaging-Solutions-for-Your-Brand5.webp\" alt=\"Cajas de papel kraft personalizadas con tapa Soluciones de embalaje a medida para su marca\" width=\"1100\" height=\"1100\" srcset=\"https:\/\/www.chinatopack.com\/wp-content\/uploads\/2025\/07\/Custom-Kraft-Paper-Boxes-with-Lids-Tailored-Packaging-Solutions-for-Your-Brand5.webp 1100w, https:\/\/www.chinatopack.com\/wp-content\/uploads\/2025\/07\/Custom-Kraft-Paper-Boxes-with-Lids-Tailored-Packaging-Solutions-for-Your-Brand5-980x980.webp 980w, https:\/\/www.chinatopack.com\/wp-content\/uploads\/2025\/07\/Custom-Kraft-Paper-Boxes-with-Lids-Tailored-Packaging-Solutions-for-Your-Brand5-480x480.webp 480w\" sizes=\"(min-width: 0px) and (max-width: 480px) 480px, (min-width: 481px) and (max-width: 980px) 980px, (min-width: 981px) 1100px, 100vw\" \/> <img loading=\"lazy\" decoding=\"async\" class=\"size-full wp-image-12814 aligncenter\" data-src=\"https:\/\/www.chinatopack.com\/wp-content\/uploads\/2025\/07\/Custom-Kraft-Paper-Boxes-with-Lids-Tailored-Packaging-Solutions-for-Your-Brand11.webp\" alt=\"Cajas de papel kraft personalizadas con tapa Soluciones de embalaje a medida para su marca\" width=\"1100\" height=\"1100\" srcset=\"https:\/\/www.chinatopack.com\/wp-content\/uploads\/2025\/07\/Custom-Kraft-Paper-Boxes-with-Lids-Tailored-Packaging-Solutions-for-Your-Brand11.webp 1100w, https:\/\/www.chinatopack.com\/wp-content\/uploads\/2025\/07\/Custom-Kraft-Paper-Boxes-with-Lids-Tailored-Packaging-Solutions-for-Your-Brand11-980x980.webp 980w, https:\/\/www.chinatopack.com\/wp-content\/uploads\/2025\/07\/Custom-Kraft-Paper-Boxes-with-Lids-Tailored-Packaging-Solutions-for-Your-Brand11-480x480.webp 480w\" sizes=\"(min-width: 0px) and (max-width: 480px) 480px, (min-width: 481px) and (max-width: 980px) 980px, (min-width: 981px) 1100px, 100vw\" \/><\/p>","protected":false},"excerpt":{"rendered":"<p>Elevate your brand with our high-quality\u00a0custom paper boxes, designed to meet your exact specifications. Whether for retail, luxury, food, or cosmetics, our boxes combine functionality and aesthetics to enhance your product\u2019s appeal.<\/p>","protected":false},"featured_media":12804,"comment_status":"closed","ping_status":"closed","template":"","meta":{"_et_pb_use_builder":"","_et_pb_old_content":"","_et_gb_content_width":""},"product_cat":[280],"product_tag":[284,285,282],"yoast_head":"<!-- This site is optimized with the Yoast SEO plugin v22.7 - https:\/\/yoast.com\/wordpress\/plugins\/seo\/ -->\n<title>China Eco Kraft Paper Boxes with Lids Supplier | Custom<\/title>\n<meta name=\"description\" content=\"Kraft Paper Boxes with Lids Supplier: Wholesale custom boxes w\/ lids. Eco FSC\/recycled materials + printing\/finishing. For cosmetics\/gifts\/retail. Request quote today!\" \/>\n<meta name=\"robots\" content=\"index, follow, max-snippet:-1, max-image-preview:large, max-video-preview:-1\" \/>\n<link rel=\"canonical\" href=\"https:\/\/www.chinatopack.com\/es\/producto\/custom-kraft-paper-boxes-with-lids-tailored-packaging-solutions-for-your-brand\/\" \/>\n<meta property=\"og:locale\" content=\"es_ES\" \/>\n<meta property=\"og:type\" content=\"article\" \/>\n<meta property=\"og:title\" content=\"China Eco Kraft Paper Boxes with Lids Supplier | Custom\" \/>\n<meta property=\"og:description\" content=\"Kraft Paper Boxes with Lids Supplier: Wholesale custom boxes w\/ lids. Eco FSC\/recycled materials + printing\/finishing. For cosmetics\/gifts\/retail. Request quote today!\" \/>\n<meta property=\"og:url\" content=\"https:\/\/www.chinatopack.com\/es\/producto\/custom-kraft-paper-boxes-with-lids-tailored-packaging-solutions-for-your-brand\/\" \/>\n<meta property=\"og:site_name\" content=\"TOPACK Paper Boxes\" \/>\n<meta property=\"article:publisher\" content=\"https:\/\/www.facebook.com\/ChinaTopack\/\" \/>\n<meta property=\"article:modified_time\" content=\"2025-08-12T11:09:00+00:00\" \/>\n<meta property=\"og:image\" content=\"https:\/\/www.chinatopack.com\/wp-content\/uploads\/2025\/07\/Custom-Kraft-Paper-Boxes-with-Lids-Tailored-Packaging-Solutions-for-Your-Brand10.webp\" \/>\n\t<meta property=\"og:image:width\" content=\"1100\" \/>\n\t<meta property=\"og:image:height\" content=\"1100\" \/>\n\t<meta property=\"og:image:type\" content=\"image\/webp\" \/>\n<meta name=\"twitter:card\" content=\"summary_large_image\" \/>\n<meta name=\"twitter:label1\" content=\"Tiempo de lectura\" \/>\n\t<meta name=\"twitter:data1\" content=\"2 minutos\" \/>\n<script type=\"application\/ld+json\" class=\"yoast-schema-graph\">{\"@context\":\"https:\/\/schema.org\",\"@graph\":[{\"@type\":\"WebPage\",\"@id\":\"https:\/\/www.chinatopack.com\/product\/custom-kraft-paper-boxes-with-lids-tailored-packaging-solutions-for-your-brand\/\",\"url\":\"https:\/\/www.chinatopack.com\/product\/custom-kraft-paper-boxes-with-lids-tailored-packaging-solutions-for-your-brand\/\",\"name\":\"China Eco Kraft Paper Boxes with Lids Supplier | Custom\",\"isPartOf\":{\"@id\":\"https:\/\/www.chinatopack.com\/#website\"},\"primaryImageOfPage\":{\"@id\":\"https:\/\/www.chinatopack.com\/product\/custom-kraft-paper-boxes-with-lids-tailored-packaging-solutions-for-your-brand\/#primaryimage\"},\"image\":{\"@id\":\"https:\/\/www.chinatopack.com\/product\/custom-kraft-paper-boxes-with-lids-tailored-packaging-solutions-for-your-brand\/#primaryimage\"},\"thumbnailUrl\":\"https:\/\/www.chinatopack.com\/wp-content\/uploads\/2025\/07\/Custom-Kraft-Paper-Boxes-with-Lids-Tailored-Packaging-Solutions-for-Your-Brand10.webp\",\"datePublished\":\"2025-07-31T15:27:13+00:00\",\"dateModified\":\"2025-08-12T11:09:00+00:00\",\"description\":\"Kraft Paper Boxes with Lids Supplier: Wholesale custom boxes w\/ lids. Eco FSC\/recycled materials + printing\/finishing. For cosmetics\/gifts\/retail. Request quote today!\",\"breadcrumb\":{\"@id\":\"https:\/\/www.chinatopack.com\/product\/custom-kraft-paper-boxes-with-lids-tailored-packaging-solutions-for-your-brand\/#breadcrumb\"},\"inLanguage\":\"es\",\"potentialAction\":[{\"@type\":\"ReadAction\",\"target\":[\"https:\/\/www.chinatopack.com\/product\/custom-kraft-paper-boxes-with-lids-tailored-packaging-solutions-for-your-brand\/\"]}]},{\"@type\":\"ImageObject\",\"inLanguage\":\"es\",\"@id\":\"https:\/\/www.chinatopack.com\/product\/custom-kraft-paper-boxes-with-lids-tailored-packaging-solutions-for-your-brand\/#primaryimage\",\"url\":\"https:\/\/www.chinatopack.com\/wp-content\/uploads\/2025\/07\/Custom-Kraft-Paper-Boxes-with-Lids-Tailored-Packaging-Solutions-for-Your-Brand10.webp\",\"contentUrl\":\"https:\/\/www.chinatopack.com\/wp-content\/uploads\/2025\/07\/Custom-Kraft-Paper-Boxes-with-Lids-Tailored-Packaging-Solutions-for-Your-Brand10.webp\",\"width\":1100,\"height\":1100,\"caption\":\"Custom Kraft Paper Boxes with Lids Tailored Packaging Solutions for Your Brand\"},{\"@type\":\"BreadcrumbList\",\"@id\":\"https:\/\/www.chinatopack.com\/product\/custom-kraft-paper-boxes-with-lids-tailored-packaging-solutions-for-your-brand\/#breadcrumb\",\"itemListElement\":[{\"@type\":\"ListItem\",\"position\":1,\"name\":\"Home\",\"item\":\"https:\/\/www.chinatopack.com\/\"},{\"@type\":\"ListItem\",\"position\":2,\"name\":\"Products\",\"item\":\"https:\/\/www.chinatopack.com\/shop\/\"},{\"@type\":\"ListItem\",\"position\":3,\"name\":\"Custom Kraft Paper Boxes with Lids: Tailored Packaging Solutions for Your Brand\"}]},{\"@type\":\"WebSite\",\"@id\":\"https:\/\/www.chinatopack.com\/#website\",\"url\":\"https:\/\/www.chinatopack.com\/\",\"name\":\"TOPACK Paper Boxes\",\"description\":\"\",\"publisher\":{\"@id\":\"https:\/\/www.chinatopack.com\/#organization\"},\"potentialAction\":[{\"@type\":\"SearchAction\",\"target\":{\"@type\":\"EntryPoint\",\"urlTemplate\":\"https:\/\/www.chinatopack.com\/?s={search_term_string}\"},\"query-input\":\"required name=search_term_string\"}],\"inLanguage\":\"es\"},{\"@type\":\"Organization\",\"@id\":\"https:\/\/www.chinatopack.com\/#organization\",\"name\":\"TOPACK Paper Boxes\",\"url\":\"https:\/\/www.chinatopack.com\/\",\"logo\":{\"@type\":\"ImageObject\",\"inLanguage\":\"es\",\"@id\":\"https:\/\/www.chinatopack.com\/#\/schema\/logo\/image\/\",\"url\":\"https:\/\/www.chinatopack.com\/wp-content\/uploads\/2025\/11\/logo2.webp\",\"contentUrl\":\"https:\/\/www.chinatopack.com\/wp-content\/uploads\/2025\/11\/logo2.webp\",\"width\":512,\"height\":512,\"caption\":\"TOPACK Paper Boxes\"},\"image\":{\"@id\":\"https:\/\/www.chinatopack.com\/#\/schema\/logo\/image\/\"},\"sameAs\":[\"https:\/\/www.facebook.com\/ChinaTopack\/\",\"https:\/\/www.youtube.com\/@chinatopack\"]}]}<\/script>\n<!-- \/ Yoast SEO plugin. -->","yoast_head_json":{"title":"China Eco Kraft Paper Boxes with Lids Supplier | Custom","description":"Kraft Paper Boxes with Lids Supplier: Wholesale custom boxes w\/ lids. Eco FSC\/recycled materials + printing\/finishing. For cosmetics\/gifts\/retail. Request quote today!","robots":{"index":"index","follow":"follow","max-snippet":"max-snippet:-1","max-image-preview":"max-image-preview:large","max-video-preview":"max-video-preview:-1"},"canonical":"https:\/\/www.chinatopack.com\/es\/producto\/custom-kraft-paper-boxes-with-lids-tailored-packaging-solutions-for-your-brand\/","og_locale":"es_ES","og_type":"article","og_title":"China Eco Kraft Paper Boxes with Lids Supplier | Custom","og_description":"Kraft Paper Boxes with Lids Supplier: Wholesale custom boxes w\/ lids. Eco FSC\/recycled materials + printing\/finishing. For cosmetics\/gifts\/retail. Request quote today!","og_url":"https:\/\/www.chinatopack.com\/es\/producto\/custom-kraft-paper-boxes-with-lids-tailored-packaging-solutions-for-your-brand\/","og_site_name":"TOPACK Paper Boxes","article_publisher":"https:\/\/www.facebook.com\/ChinaTopack\/","article_modified_time":"2025-08-12T11:09:00+00:00","og_image":[{"width":1100,"height":1100,"url":"https:\/\/www.chinatopack.com\/wp-content\/uploads\/2025\/07\/Custom-Kraft-Paper-Boxes-with-Lids-Tailored-Packaging-Solutions-for-Your-Brand10.webp","type":"image\/webp"}],"twitter_card":"summary_large_image","twitter_misc":{"Tiempo de lectura":"2 minutos"},"schema":{"@context":"https:\/\/schema.org","@graph":[{"@type":"WebPage","@id":"https:\/\/www.chinatopack.com\/product\/custom-kraft-paper-boxes-with-lids-tailored-packaging-solutions-for-your-brand\/","url":"https:\/\/www.chinatopack.com\/product\/custom-kraft-paper-boxes-with-lids-tailored-packaging-solutions-for-your-brand\/","name":"China Eco Kraft Paper Boxes with Lids Supplier | Custom","isPartOf":{"@id":"https:\/\/www.chinatopack.com\/#website"},"primaryImageOfPage":{"@id":"https:\/\/www.chinatopack.com\/product\/custom-kraft-paper-boxes-with-lids-tailored-packaging-solutions-for-your-brand\/#primaryimage"},"image":{"@id":"https:\/\/www.chinatopack.com\/product\/custom-kraft-paper-boxes-with-lids-tailored-packaging-solutions-for-your-brand\/#primaryimage"},"thumbnailUrl":"https:\/\/www.chinatopack.com\/wp-content\/uploads\/2025\/07\/Custom-Kraft-Paper-Boxes-with-Lids-Tailored-Packaging-Solutions-for-Your-Brand10.webp","datePublished":"2025-07-31T15:27:13+00:00","dateModified":"2025-08-12T11:09:00+00:00","description":"Kraft Paper Boxes with Lids Supplier: Wholesale custom boxes w\/ lids. Eco FSC\/recycled materials + printing\/finishing. For cosmetics\/gifts\/retail. Request quote today!","breadcrumb":{"@id":"https:\/\/www.chinatopack.com\/product\/custom-kraft-paper-boxes-with-lids-tailored-packaging-solutions-for-your-brand\/#breadcrumb"},"inLanguage":"es","potentialAction":[{"@type":"ReadAction","target":["https:\/\/www.chinatopack.com\/product\/custom-kraft-paper-boxes-with-lids-tailored-packaging-solutions-for-your-brand\/"]}]},{"@type":"ImageObject","inLanguage":"es","@id":"https:\/\/www.chinatopack.com\/product\/custom-kraft-paper-boxes-with-lids-tailored-packaging-solutions-for-your-brand\/#primaryimage","url":"https:\/\/www.chinatopack.com\/wp-content\/uploads\/2025\/07\/Custom-Kraft-Paper-Boxes-with-Lids-Tailored-Packaging-Solutions-for-Your-Brand10.webp","contentUrl":"https:\/\/www.chinatopack.com\/wp-content\/uploads\/2025\/07\/Custom-Kraft-Paper-Boxes-with-Lids-Tailored-Packaging-Solutions-for-Your-Brand10.webp","width":1100,"height":1100,"caption":"Custom Kraft Paper Boxes with Lids Tailored Packaging Solutions for Your Brand"},{"@type":"BreadcrumbList","@id":"https:\/\/www.chinatopack.com\/product\/custom-kraft-paper-boxes-with-lids-tailored-packaging-solutions-for-your-brand\/#breadcrumb","itemListElement":[{"@type":"ListItem","position":1,"name":"Home","item":"https:\/\/www.chinatopack.com\/"},{"@type":"ListItem","position":2,"name":"Products","item":"https:\/\/www.chinatopack.com\/shop\/"},{"@type":"ListItem","position":3,"name":"Custom Kraft Paper Boxes with Lids: Tailored Packaging Solutions for Your Brand"}]},{"@type":"WebSite","@id":"https:\/\/www.chinatopack.com\/#website","url":"https:\/\/www.chinatopack.com\/","name":"TOPACK Paper Boxes","description":"","publisher":{"@id":"https:\/\/www.chinatopack.com\/#organization"},"potentialAction":[{"@type":"SearchAction","target":{"@type":"EntryPoint","urlTemplate":"https:\/\/www.chinatopack.com\/?s={search_term_string}"},"query-input":"required name=search_term_string"}],"inLanguage":"es"},{"@type":"Organization","@id":"https:\/\/www.chinatopack.com\/#organization","name":"TOPACK Paper Boxes","url":"https:\/\/www.chinatopack.com\/","logo":{"@type":"ImageObject","inLanguage":"es","@id":"https:\/\/www.chinatopack.com\/#\/schema\/logo\/image\/","url":"https:\/\/www.chinatopack.com\/wp-content\/uploads\/2025\/11\/logo2.webp","contentUrl":"https:\/\/www.chinatopack.com\/wp-content\/uploads\/2025\/11\/logo2.webp","width":512,"height":512,"caption":"TOPACK Paper Boxes"},"image":{"@id":"https:\/\/www.chinatopack.com\/#\/schema\/logo\/image\/"},"sameAs":["https:\/\/www.facebook.com\/ChinaTopack\/","https:\/\/www.youtube.com\/@chinatopack"]}]}},"_links":{"self":[{"href":"https:\/\/www.chinatopack.com\/es\/wp-json\/wp\/v2\/product\/12802"}],"collection":[{"href":"https:\/\/www.chinatopack.com\/es\/wp-json\/wp\/v2\/product"}],"about":[{"href":"https:\/\/www.chinatopack.com\/es\/wp-json\/wp\/v2\/types\/product"}],"replies":[{"embeddable":true,"href":"https:\/\/www.chinatopack.com\/es\/wp-json\/wp\/v2\/comments?post=12802"}],"wp:featuredmedia":[{"embeddable":true,"href":"https:\/\/www.chinatopack.com\/es\/wp-json\/wp\/v2\/media\/12804"}],"wp:attachment":[{"href":"https:\/\/www.chinatopack.com\/es\/wp-json\/wp\/v2\/media?parent=12802"}],"wp:term":[{"taxonomy":"product_cat","embeddable":true,"href":"https:\/\/www.chinatopack.com\/es\/wp-json\/wp\/v2\/product_cat?post=12802"},{"taxonomy":"product_tag","embeddable":true,"href":"https:\/\/www.chinatopack.com\/es\/wp-json\/wp\/v2\/product_tag?post=12802"}],"curies":[{"name":"wp","href":"https:\/\/api.w.org\/{rel}","templated":true}]}}