{"id":12825,"date":"2025-07-31T15:44:54","date_gmt":"2025-07-31T15:44:54","guid":{"rendered":"https:\/\/www.chinatopack.com\/?post_type=product&#038;p=12825"},"modified":"2025-08-12T11:07:21","modified_gmt":"2025-08-12T11:07:21","slug":"elegant-paper-crafting-boxes-for-gift-where-thoughtfulness-meets-craftsmanship","status":"publish","type":"product","link":"https:\/\/www.chinatopack.com\/es\/producto\/elegant-paper-crafting-boxes-for-gift-where-thoughtfulness-meets-craftsmanship\/","title":{"rendered":"Elegantes cajas de papel para regalo: donde la reflexi\u00f3n se une a la artesan\u00eda"},"content":{"rendered":"<h2>Descripci\u00f3n de las cajas de papel para regalo<\/h2>\n<p>Celebre los momentos especiales de la vida con nuestro hermoso dise\u00f1o <a href=\"https:\/\/www.chinatopack.com\/es\/producto\/elegant-paper-crafting-boxes-for-gift-where-thoughtfulness-meets-craftsmanship\/\"><strong>Cajas de papel para manualidades<\/strong><\/a> -una mezcla perfecta de sofisticaci\u00f3n y sostenibilidad. Fabricadas con materiales ecol\u00f3gicos de primera calidad, cada caja ofrece una experiencia de lujo al abrir la caja y, al mismo tiempo, respeta tu compromiso con el planeta.<\/p>\n<p>Ya sea para bombones, joyas, cosm\u00e9ticos o regalos personalizados, nuestra vers\u00e1til colecci\u00f3n se adapta a todas las ocasiones. <a href=\"https:\/\/www.chinatopack.com\/es\/\"><strong>Cajas de papel para manualidades<\/strong><\/a> Elija entre una amplia gama de texturas, colores y acabados (mate, brillante, estampado o gofrado) para complementar a la perfecci\u00f3n su marca o el tema de su evento. Los detalles como los cierres magn\u00e9ticos, los detalles en forma de cinta y los interiores con impresi\u00f3n personalizada a\u00f1aden un toque extra de elegancia.<\/p>\n<p>Ideales para tiendas, regalos de empresa o bodas, nuestros <a href=\"https:\/\/www.chinatopack.com\/es\/category\/custom-paper-box\/\"><strong>cajas de regalo de papel personalizadas<\/strong><\/a> transforman los regalos ordinarios en preciados recuerdos. Ligero pero duradero, <a href=\"https:\/\/www.chinatopack.com\/es\/about-us\/\"><strong>cajas de papel personalizadas al por mayor<\/strong><\/a> proteja sus tesoros a la vez que causa una impresi\u00f3n duradera.<\/p>\n<p><strong>Porque los mejores regalos merecen un envoltorio tan extraordinario como el contenido de su interior.<\/strong>\u00a0Mejore sus regalos con un dise\u00f1o atemporal y respetuoso con el medio ambiente.<\/p>","protected":false},"excerpt":{"rendered":"<p>Eleve los momentos especiales con nuestras cajas de papel para manualidades, ecol\u00f3gicas y de bonito dise\u00f1o. Vers\u00e1tiles para bombones, joyas, etc., ofrecen un unboxing de lujo con texturas variadas, acabados y detalles elegantes. Ideales para tiendas, regalos y bodas, combinan sofisticaci\u00f3n, sostenibilidad y una impresi\u00f3n duradera.<\/p>","protected":false},"featured_media":12827,"comment_status":"closed","ping_status":"closed","template":"","meta":{"_et_pb_use_builder":"","_et_pb_old_content":"","_et_gb_content_width":""},"product_cat":[280],"product_tag":[284,285,282],"yoast_head":"<!-- This site is optimized with the Yoast SEO plugin v22.7 - https:\/\/yoast.com\/wordpress\/plugins\/seo\/ -->\n<title>China Eco Paper Crafting Boxes Supplier | Custom Design<\/title>\n<meta name=\"description\" content=\"Eco Paper Crafting Boxes Supplier: Custom foil\/embossed finishes &amp; magnetic closure boxes. Wholesale for jewelry\/cosmetics\/chocolates. Retail, weddings, corporate gifting. Elevate gifting now!\" \/>\n<meta name=\"robots\" content=\"index, follow, max-snippet:-1, max-image-preview:large, max-video-preview:-1\" \/>\n<link rel=\"canonical\" href=\"https:\/\/www.chinatopack.com\/es\/producto\/elegant-paper-crafting-boxes-for-gift-where-thoughtfulness-meets-craftsmanship\/\" \/>\n<meta property=\"og:locale\" content=\"es_ES\" \/>\n<meta property=\"og:type\" content=\"article\" \/>\n<meta property=\"og:title\" content=\"China Eco Paper Crafting Boxes Supplier | Custom Design\" \/>\n<meta property=\"og:description\" content=\"Eco Paper Crafting Boxes Supplier: Custom foil\/embossed finishes &amp; magnetic closure boxes. Wholesale for jewelry\/cosmetics\/chocolates. Retail, weddings, corporate gifting. Elevate gifting now!\" \/>\n<meta property=\"og:url\" content=\"https:\/\/www.chinatopack.com\/es\/producto\/elegant-paper-crafting-boxes-for-gift-where-thoughtfulness-meets-craftsmanship\/\" \/>\n<meta property=\"og:site_name\" content=\"TOPACK Paper Boxes\" \/>\n<meta property=\"article:publisher\" content=\"https:\/\/www.facebook.com\/ChinaTopack\/\" \/>\n<meta property=\"article:modified_time\" content=\"2025-08-12T11:07:21+00:00\" \/>\n<meta property=\"og:image\" content=\"https:\/\/www.chinatopack.com\/wp-content\/uploads\/2025\/07\/Elegant-Paper-Crafting-Boxes-for-Gift-\u2013-Where-Thoughtfulness-Meets-Craftsmanship2-1.webp\" \/>\n\t<meta property=\"og:image:width\" content=\"1100\" \/>\n\t<meta property=\"og:image:height\" content=\"1100\" \/>\n\t<meta property=\"og:image:type\" content=\"image\/webp\" \/>\n<meta name=\"twitter:card\" content=\"summary_large_image\" \/>\n<meta name=\"twitter:label1\" content=\"Tiempo de lectura\" \/>\n\t<meta name=\"twitter:data1\" content=\"1 minuto\" \/>\n<script type=\"application\/ld+json\" class=\"yoast-schema-graph\">{\"@context\":\"https:\/\/schema.org\",\"@graph\":[{\"@type\":\"WebPage\",\"@id\":\"https:\/\/www.chinatopack.com\/product\/elegant-paper-crafting-boxes-for-gift-where-thoughtfulness-meets-craftsmanship\/\",\"url\":\"https:\/\/www.chinatopack.com\/product\/elegant-paper-crafting-boxes-for-gift-where-thoughtfulness-meets-craftsmanship\/\",\"name\":\"China Eco Paper Crafting Boxes Supplier | Custom Design\",\"isPartOf\":{\"@id\":\"https:\/\/www.chinatopack.com\/#website\"},\"primaryImageOfPage\":{\"@id\":\"https:\/\/www.chinatopack.com\/product\/elegant-paper-crafting-boxes-for-gift-where-thoughtfulness-meets-craftsmanship\/#primaryimage\"},\"image\":{\"@id\":\"https:\/\/www.chinatopack.com\/product\/elegant-paper-crafting-boxes-for-gift-where-thoughtfulness-meets-craftsmanship\/#primaryimage\"},\"thumbnailUrl\":\"https:\/\/www.chinatopack.com\/wp-content\/uploads\/2025\/07\/Elegant-Paper-Crafting-Boxes-for-Gift-\u2013-Where-Thoughtfulness-Meets-Craftsmanship2.webp\",\"datePublished\":\"2025-07-31T15:44:54+00:00\",\"dateModified\":\"2025-08-12T11:07:21+00:00\",\"description\":\"Eco Paper Crafting Boxes Supplier: Custom foil\/embossed finishes & magnetic closure boxes. Wholesale for jewelry\/cosmetics\/chocolates. Retail, weddings, corporate gifting. Elevate gifting now!\",\"breadcrumb\":{\"@id\":\"https:\/\/www.chinatopack.com\/product\/elegant-paper-crafting-boxes-for-gift-where-thoughtfulness-meets-craftsmanship\/#breadcrumb\"},\"inLanguage\":\"es\",\"potentialAction\":[{\"@type\":\"ReadAction\",\"target\":[\"https:\/\/www.chinatopack.com\/product\/elegant-paper-crafting-boxes-for-gift-where-thoughtfulness-meets-craftsmanship\/\"]}]},{\"@type\":\"ImageObject\",\"inLanguage\":\"es\",\"@id\":\"https:\/\/www.chinatopack.com\/product\/elegant-paper-crafting-boxes-for-gift-where-thoughtfulness-meets-craftsmanship\/#primaryimage\",\"url\":\"https:\/\/www.chinatopack.com\/wp-content\/uploads\/2025\/07\/Elegant-Paper-Crafting-Boxes-for-Gift-\u2013-Where-Thoughtfulness-Meets-Craftsmanship2.webp\",\"contentUrl\":\"https:\/\/www.chinatopack.com\/wp-content\/uploads\/2025\/07\/Elegant-Paper-Crafting-Boxes-for-Gift-\u2013-Where-Thoughtfulness-Meets-Craftsmanship2.webp\",\"width\":1100,\"height\":1100,\"caption\":\"Elegant Paper Crafting Boxes for Gift \u2013 Where Thoughtfulness Meets Craftsmanship\"},{\"@type\":\"BreadcrumbList\",\"@id\":\"https:\/\/www.chinatopack.com\/product\/elegant-paper-crafting-boxes-for-gift-where-thoughtfulness-meets-craftsmanship\/#breadcrumb\",\"itemListElement\":[{\"@type\":\"ListItem\",\"position\":1,\"name\":\"Home\",\"item\":\"https:\/\/www.chinatopack.com\/\"},{\"@type\":\"ListItem\",\"position\":2,\"name\":\"Products\",\"item\":\"https:\/\/www.chinatopack.com\/shop\/\"},{\"@type\":\"ListItem\",\"position\":3,\"name\":\"Elegant Paper Crafting Boxes for Gift \u2013 Where Thoughtfulness Meets Craftsmanship\"}]},{\"@type\":\"WebSite\",\"@id\":\"https:\/\/www.chinatopack.com\/#website\",\"url\":\"https:\/\/www.chinatopack.com\/\",\"name\":\"TOPACK Paper Boxes\",\"description\":\"\",\"publisher\":{\"@id\":\"https:\/\/www.chinatopack.com\/#organization\"},\"potentialAction\":[{\"@type\":\"SearchAction\",\"target\":{\"@type\":\"EntryPoint\",\"urlTemplate\":\"https:\/\/www.chinatopack.com\/?s={search_term_string}\"},\"query-input\":\"required name=search_term_string\"}],\"inLanguage\":\"es\"},{\"@type\":\"Organization\",\"@id\":\"https:\/\/www.chinatopack.com\/#organization\",\"name\":\"TOPACK Paper Boxes\",\"url\":\"https:\/\/www.chinatopack.com\/\",\"logo\":{\"@type\":\"ImageObject\",\"inLanguage\":\"es\",\"@id\":\"https:\/\/www.chinatopack.com\/#\/schema\/logo\/image\/\",\"url\":\"https:\/\/www.chinatopack.com\/wp-content\/uploads\/2025\/11\/logo2.webp\",\"contentUrl\":\"https:\/\/www.chinatopack.com\/wp-content\/uploads\/2025\/11\/logo2.webp\",\"width\":512,\"height\":512,\"caption\":\"TOPACK Paper Boxes\"},\"image\":{\"@id\":\"https:\/\/www.chinatopack.com\/#\/schema\/logo\/image\/\"},\"sameAs\":[\"https:\/\/www.facebook.com\/ChinaTopack\/\",\"https:\/\/www.youtube.com\/@chinatopack\"]}]}<\/script>\n<!-- \/ Yoast SEO plugin. -->","yoast_head_json":{"title":"China Eco Paper Crafting Boxes Supplier | Custom Design","description":"Eco Paper Crafting Boxes Supplier: Custom foil\/embossed finishes & magnetic closure boxes. Wholesale for jewelry\/cosmetics\/chocolates. Retail, weddings, corporate gifting. Elevate gifting now!","robots":{"index":"index","follow":"follow","max-snippet":"max-snippet:-1","max-image-preview":"max-image-preview:large","max-video-preview":"max-video-preview:-1"},"canonical":"https:\/\/www.chinatopack.com\/es\/producto\/elegant-paper-crafting-boxes-for-gift-where-thoughtfulness-meets-craftsmanship\/","og_locale":"es_ES","og_type":"article","og_title":"China Eco Paper Crafting Boxes Supplier | Custom Design","og_description":"Eco Paper Crafting Boxes Supplier: Custom foil\/embossed finishes & magnetic closure boxes. Wholesale for jewelry\/cosmetics\/chocolates. Retail, weddings, corporate gifting. Elevate gifting now!","og_url":"https:\/\/www.chinatopack.com\/es\/producto\/elegant-paper-crafting-boxes-for-gift-where-thoughtfulness-meets-craftsmanship\/","og_site_name":"TOPACK Paper Boxes","article_publisher":"https:\/\/www.facebook.com\/ChinaTopack\/","article_modified_time":"2025-08-12T11:07:21+00:00","og_image":[{"width":1100,"height":1100,"url":"https:\/\/www.chinatopack.com\/wp-content\/uploads\/2025\/07\/Elegant-Paper-Crafting-Boxes-for-Gift-\u2013-Where-Thoughtfulness-Meets-Craftsmanship2-1.webp","type":"image\/webp"}],"twitter_card":"summary_large_image","twitter_misc":{"Tiempo de lectura":"1 minuto"},"schema":{"@context":"https:\/\/schema.org","@graph":[{"@type":"WebPage","@id":"https:\/\/www.chinatopack.com\/product\/elegant-paper-crafting-boxes-for-gift-where-thoughtfulness-meets-craftsmanship\/","url":"https:\/\/www.chinatopack.com\/product\/elegant-paper-crafting-boxes-for-gift-where-thoughtfulness-meets-craftsmanship\/","name":"China Eco Paper Crafting Boxes Supplier | Custom Design","isPartOf":{"@id":"https:\/\/www.chinatopack.com\/#website"},"primaryImageOfPage":{"@id":"https:\/\/www.chinatopack.com\/product\/elegant-paper-crafting-boxes-for-gift-where-thoughtfulness-meets-craftsmanship\/#primaryimage"},"image":{"@id":"https:\/\/www.chinatopack.com\/product\/elegant-paper-crafting-boxes-for-gift-where-thoughtfulness-meets-craftsmanship\/#primaryimage"},"thumbnailUrl":"https:\/\/www.chinatopack.com\/wp-content\/uploads\/2025\/07\/Elegant-Paper-Crafting-Boxes-for-Gift-\u2013-Where-Thoughtfulness-Meets-Craftsmanship2.webp","datePublished":"2025-07-31T15:44:54+00:00","dateModified":"2025-08-12T11:07:21+00:00","description":"Eco Paper Crafting Boxes Supplier: Custom foil\/embossed finishes & magnetic closure boxes. Wholesale for jewelry\/cosmetics\/chocolates. Retail, weddings, corporate gifting. Elevate gifting now!","breadcrumb":{"@id":"https:\/\/www.chinatopack.com\/product\/elegant-paper-crafting-boxes-for-gift-where-thoughtfulness-meets-craftsmanship\/#breadcrumb"},"inLanguage":"es","potentialAction":[{"@type":"ReadAction","target":["https:\/\/www.chinatopack.com\/product\/elegant-paper-crafting-boxes-for-gift-where-thoughtfulness-meets-craftsmanship\/"]}]},{"@type":"ImageObject","inLanguage":"es","@id":"https:\/\/www.chinatopack.com\/product\/elegant-paper-crafting-boxes-for-gift-where-thoughtfulness-meets-craftsmanship\/#primaryimage","url":"https:\/\/www.chinatopack.com\/wp-content\/uploads\/2025\/07\/Elegant-Paper-Crafting-Boxes-for-Gift-\u2013-Where-Thoughtfulness-Meets-Craftsmanship2.webp","contentUrl":"https:\/\/www.chinatopack.com\/wp-content\/uploads\/2025\/07\/Elegant-Paper-Crafting-Boxes-for-Gift-\u2013-Where-Thoughtfulness-Meets-Craftsmanship2.webp","width":1100,"height":1100,"caption":"Elegant Paper Crafting Boxes for Gift \u2013 Where Thoughtfulness Meets Craftsmanship"},{"@type":"BreadcrumbList","@id":"https:\/\/www.chinatopack.com\/product\/elegant-paper-crafting-boxes-for-gift-where-thoughtfulness-meets-craftsmanship\/#breadcrumb","itemListElement":[{"@type":"ListItem","position":1,"name":"Home","item":"https:\/\/www.chinatopack.com\/"},{"@type":"ListItem","position":2,"name":"Products","item":"https:\/\/www.chinatopack.com\/shop\/"},{"@type":"ListItem","position":3,"name":"Elegant Paper Crafting Boxes for Gift \u2013 Where Thoughtfulness Meets Craftsmanship"}]},{"@type":"WebSite","@id":"https:\/\/www.chinatopack.com\/#website","url":"https:\/\/www.chinatopack.com\/","name":"TOPACK Paper Boxes","description":"","publisher":{"@id":"https:\/\/www.chinatopack.com\/#organization"},"potentialAction":[{"@type":"SearchAction","target":{"@type":"EntryPoint","urlTemplate":"https:\/\/www.chinatopack.com\/?s={search_term_string}"},"query-input":"required name=search_term_string"}],"inLanguage":"es"},{"@type":"Organization","@id":"https:\/\/www.chinatopack.com\/#organization","name":"TOPACK Paper Boxes","url":"https:\/\/www.chinatopack.com\/","logo":{"@type":"ImageObject","inLanguage":"es","@id":"https:\/\/www.chinatopack.com\/#\/schema\/logo\/image\/","url":"https:\/\/www.chinatopack.com\/wp-content\/uploads\/2025\/11\/logo2.webp","contentUrl":"https:\/\/www.chinatopack.com\/wp-content\/uploads\/2025\/11\/logo2.webp","width":512,"height":512,"caption":"TOPACK Paper Boxes"},"image":{"@id":"https:\/\/www.chinatopack.com\/#\/schema\/logo\/image\/"},"sameAs":["https:\/\/www.facebook.com\/ChinaTopack\/","https:\/\/www.youtube.com\/@chinatopack"]}]}},"_links":{"self":[{"href":"https:\/\/www.chinatopack.com\/es\/wp-json\/wp\/v2\/product\/12825"}],"collection":[{"href":"https:\/\/www.chinatopack.com\/es\/wp-json\/wp\/v2\/product"}],"about":[{"href":"https:\/\/www.chinatopack.com\/es\/wp-json\/wp\/v2\/types\/product"}],"replies":[{"embeddable":true,"href":"https:\/\/www.chinatopack.com\/es\/wp-json\/wp\/v2\/comments?post=12825"}],"wp:featuredmedia":[{"embeddable":true,"href":"https:\/\/www.chinatopack.com\/es\/wp-json\/wp\/v2\/media\/12827"}],"wp:attachment":[{"href":"https:\/\/www.chinatopack.com\/es\/wp-json\/wp\/v2\/media?parent=12825"}],"wp:term":[{"taxonomy":"product_cat","embeddable":true,"href":"https:\/\/www.chinatopack.com\/es\/wp-json\/wp\/v2\/product_cat?post=12825"},{"taxonomy":"product_tag","embeddable":true,"href":"https:\/\/www.chinatopack.com\/es\/wp-json\/wp\/v2\/product_tag?post=12825"}],"curies":[{"name":"wp","href":"https:\/\/api.w.org\/{rel}","templated":true}]}}