{"id":12834,"date":"2025-07-31T15:52:14","date_gmt":"2025-07-31T15:52:14","guid":{"rendered":"https:\/\/www.chinatopack.com\/?post_type=product&#038;p=12834"},"modified":"2025-08-08T13:42:56","modified_gmt":"2025-08-08T13:42:56","slug":"gift-acid-free-paper-and-boxes","status":"publish","type":"product","link":"https:\/\/www.chinatopack.com\/es\/producto\/gift-acid-free-paper-and-boxes\/","title":{"rendered":"Papel y cajas sin \u00e1cido para regalo"},"content":{"rendered":"<h2>Papel y cajas sin \u00e1cido para regalo Descripci\u00f3n<\/h2>\n<p>Regalo <a href=\"https:\/\/www.chinatopack.com\/es\/producto\/gift-acid-free-paper-and-boxes\/\"><strong>Papel y cajas sin \u00e1cido<\/strong><\/a> is not only a container for protecting the goods, but also an intuitive expression of the brand&#8217;s philosophy and a powerful weapon in the market competition. From the perspectives of packaging philosophy, aesthetics, and strategic symbols, it must contain unique and profound creative ideas.<\/p>\n<p>Este exquisito <a href=\"https:\/\/www.chinatopack.com\/es\/\"><strong>cajas de papel al por mayor<\/strong><\/a> est\u00e1 especialmente dise\u00f1ado para ofrecer lujo y versatilidad, y es muy adecuado para guardar joyas, bombones exquisitos, recuerdos u objetos personalizados. Su cierre magn\u00e9tico garantiza un proceso de apertura suave y sin obst\u00e1culos, mientras que el suave acolchado interior puede proteger cuidadosamente los objetos fr\u00e1giles. <a href=\"https:\/\/www.chinatopack.com\/es\/category\/custom-paper-box\/\"><strong>Cajas de regalo de papel personalizadas<\/strong><\/a> vienen en una variedad de colores suaves y tambi\u00e9n se pueden personalizar con diversos tratamientos superficiales (como estampado en l\u00e1mina, etiquetas en relieve o ilustraciones retro), convirtiendo as\u00ed cualquier regalo en una obra maestra llena de historias.<\/p>\n<p>Como <a href=\"https:\/\/www.chinatopack.com\/es\/about-us\/\"><strong>cajas de papel a medida<\/strong><\/a> fabricante con m\u00e1s de 20 a\u00f1os de experiencia, podemos proporcionar asesoramiento profesional, y otros tipos de cajas de embalaje, tales como cajas plegables y cajas en forma de libro. etc. Con el fin de garantizar la calidad, nuestro equipo de inspecci\u00f3n de calidad no s\u00f3lo inspeccionar\u00e1 el producto terminado, sino que tambi\u00e9n har\u00e1 la inspecci\u00f3n de entrada y la inspecci\u00f3n del proceso. Todas las bolsas de embalaje se embalar\u00e1n en una caja de cart\u00f3n kraft de cinco capas antes del transporte para garantizar que no se da\u00f1en durante el transporte.<\/p>","protected":false},"excerpt":{"rendered":"<p>El papel y las cajas sin \u00e1cido para regalo protegen los productos y expresan la filosof\u00eda de la marca. Ideales para joyas, bombones, etc., con cierre magn\u00e9tico, acolchado suave, colores\/tratamientos personalizados. Un fabricante con m\u00e1s de 20 a\u00f1os de experiencia ofrece asesoramiento, otras cajas, controles estrictos, env\u00edo seguro.<\/p>","protected":false},"featured_media":12836,"comment_status":"closed","ping_status":"closed","template":"","meta":{"_et_pb_use_builder":"","_et_pb_old_content":"","_et_gb_content_width":""},"product_cat":[280],"product_tag":[284,285,282],"yoast_head":"<!-- This site is optimized with the Yoast SEO plugin v22.7 - https:\/\/yoast.com\/wordpress\/plugins\/seo\/ -->\n<title>China Acid Free Paper and Boxes Supplier | Luxury Packaging<\/title>\n<meta name=\"description\" content=\"Leading Acid Free Paper and Boxes Supplier: 20+ years crafting custom luxury boxes w\/ magnetic closures &amp; foil stamping. Quality guaranteed via triple inspections. Request quote!\" \/>\n<meta name=\"robots\" content=\"index, follow, max-snippet:-1, max-image-preview:large, max-video-preview:-1\" \/>\n<link rel=\"canonical\" href=\"https:\/\/www.chinatopack.com\/es\/producto\/gift-acid-free-paper-and-boxes\/\" \/>\n<meta property=\"og:locale\" content=\"es_ES\" \/>\n<meta property=\"og:type\" content=\"article\" \/>\n<meta property=\"og:title\" content=\"China Acid Free Paper and Boxes Supplier | Luxury Packaging\" \/>\n<meta property=\"og:description\" content=\"Leading Acid Free Paper and Boxes Supplier: 20+ years crafting custom luxury boxes w\/ magnetic closures &amp; foil stamping. Quality guaranteed via triple inspections. Request quote!\" \/>\n<meta property=\"og:url\" content=\"https:\/\/www.chinatopack.com\/es\/producto\/gift-acid-free-paper-and-boxes\/\" \/>\n<meta property=\"og:site_name\" content=\"TOPACK Paper Boxes\" \/>\n<meta property=\"article:publisher\" content=\"https:\/\/www.facebook.com\/ChinaTopack\/\" \/>\n<meta property=\"article:modified_time\" content=\"2025-08-08T13:42:56+00:00\" \/>\n<meta property=\"og:image\" content=\"https:\/\/www.chinatopack.com\/wp-content\/uploads\/2025\/07\/Gift-Acid-Free-Paper-and-Boxes1.webp\" \/>\n\t<meta property=\"og:image:width\" content=\"1100\" \/>\n\t<meta property=\"og:image:height\" content=\"1100\" \/>\n\t<meta property=\"og:image:type\" content=\"image\/webp\" \/>\n<meta name=\"twitter:card\" content=\"summary_large_image\" \/>\n<meta name=\"twitter:label1\" content=\"Tiempo de lectura\" \/>\n\t<meta name=\"twitter:data1\" content=\"2 minutos\" \/>\n<script type=\"application\/ld+json\" class=\"yoast-schema-graph\">{\"@context\":\"https:\/\/schema.org\",\"@graph\":[{\"@type\":\"WebPage\",\"@id\":\"https:\/\/www.chinatopack.com\/product\/gift-acid-free-paper-and-boxes\/\",\"url\":\"https:\/\/www.chinatopack.com\/product\/gift-acid-free-paper-and-boxes\/\",\"name\":\"China Acid Free Paper and Boxes Supplier | Luxury Packaging\",\"isPartOf\":{\"@id\":\"https:\/\/www.chinatopack.com\/#website\"},\"primaryImageOfPage\":{\"@id\":\"https:\/\/www.chinatopack.com\/product\/gift-acid-free-paper-and-boxes\/#primaryimage\"},\"image\":{\"@id\":\"https:\/\/www.chinatopack.com\/product\/gift-acid-free-paper-and-boxes\/#primaryimage\"},\"thumbnailUrl\":\"https:\/\/www.chinatopack.com\/wp-content\/uploads\/2025\/07\/Gift-Acid-Free-Paper-and-Boxes1.webp\",\"datePublished\":\"2025-07-31T15:52:14+00:00\",\"dateModified\":\"2025-08-08T13:42:56+00:00\",\"description\":\"Leading Acid Free Paper and Boxes Supplier: 20+ years crafting custom luxury boxes w\/ magnetic closures & foil stamping. Quality guaranteed via triple inspections. Request quote!\",\"breadcrumb\":{\"@id\":\"https:\/\/www.chinatopack.com\/product\/gift-acid-free-paper-and-boxes\/#breadcrumb\"},\"inLanguage\":\"es\",\"potentialAction\":[{\"@type\":\"ReadAction\",\"target\":[\"https:\/\/www.chinatopack.com\/product\/gift-acid-free-paper-and-boxes\/\"]}]},{\"@type\":\"ImageObject\",\"inLanguage\":\"es\",\"@id\":\"https:\/\/www.chinatopack.com\/product\/gift-acid-free-paper-and-boxes\/#primaryimage\",\"url\":\"https:\/\/www.chinatopack.com\/wp-content\/uploads\/2025\/07\/Gift-Acid-Free-Paper-and-Boxes1.webp\",\"contentUrl\":\"https:\/\/www.chinatopack.com\/wp-content\/uploads\/2025\/07\/Gift-Acid-Free-Paper-and-Boxes1.webp\",\"width\":1100,\"height\":1100,\"caption\":\"Gift Acid Free Paper and Boxes\"},{\"@type\":\"BreadcrumbList\",\"@id\":\"https:\/\/www.chinatopack.com\/product\/gift-acid-free-paper-and-boxes\/#breadcrumb\",\"itemListElement\":[{\"@type\":\"ListItem\",\"position\":1,\"name\":\"Home\",\"item\":\"https:\/\/www.chinatopack.com\/\"},{\"@type\":\"ListItem\",\"position\":2,\"name\":\"Products\",\"item\":\"https:\/\/www.chinatopack.com\/shop\/\"},{\"@type\":\"ListItem\",\"position\":3,\"name\":\"Gift Acid Free Paper and Boxes\"}]},{\"@type\":\"WebSite\",\"@id\":\"https:\/\/www.chinatopack.com\/#website\",\"url\":\"https:\/\/www.chinatopack.com\/\",\"name\":\"TOPACK Paper Boxes\",\"description\":\"\",\"publisher\":{\"@id\":\"https:\/\/www.chinatopack.com\/#organization\"},\"potentialAction\":[{\"@type\":\"SearchAction\",\"target\":{\"@type\":\"EntryPoint\",\"urlTemplate\":\"https:\/\/www.chinatopack.com\/?s={search_term_string}\"},\"query-input\":\"required name=search_term_string\"}],\"inLanguage\":\"es\"},{\"@type\":\"Organization\",\"@id\":\"https:\/\/www.chinatopack.com\/#organization\",\"name\":\"TOPACK Paper Boxes\",\"url\":\"https:\/\/www.chinatopack.com\/\",\"logo\":{\"@type\":\"ImageObject\",\"inLanguage\":\"es\",\"@id\":\"https:\/\/www.chinatopack.com\/#\/schema\/logo\/image\/\",\"url\":\"https:\/\/www.chinatopack.com\/wp-content\/uploads\/2025\/11\/logo2.webp\",\"contentUrl\":\"https:\/\/www.chinatopack.com\/wp-content\/uploads\/2025\/11\/logo2.webp\",\"width\":512,\"height\":512,\"caption\":\"TOPACK Paper Boxes\"},\"image\":{\"@id\":\"https:\/\/www.chinatopack.com\/#\/schema\/logo\/image\/\"},\"sameAs\":[\"https:\/\/www.facebook.com\/ChinaTopack\/\",\"https:\/\/www.youtube.com\/@chinatopack\"]}]}<\/script>\n<!-- \/ Yoast SEO plugin. -->","yoast_head_json":{"title":"China Acid Free Paper and Boxes Supplier | Luxury Packaging","description":"Leading Acid Free Paper and Boxes Supplier: 20+ years crafting custom luxury boxes w\/ magnetic closures & foil stamping. Quality guaranteed via triple inspections. Request quote!","robots":{"index":"index","follow":"follow","max-snippet":"max-snippet:-1","max-image-preview":"max-image-preview:large","max-video-preview":"max-video-preview:-1"},"canonical":"https:\/\/www.chinatopack.com\/es\/producto\/gift-acid-free-paper-and-boxes\/","og_locale":"es_ES","og_type":"article","og_title":"China Acid Free Paper and Boxes Supplier | Luxury Packaging","og_description":"Leading Acid Free Paper and Boxes Supplier: 20+ years crafting custom luxury boxes w\/ magnetic closures & foil stamping. Quality guaranteed via triple inspections. Request quote!","og_url":"https:\/\/www.chinatopack.com\/es\/producto\/gift-acid-free-paper-and-boxes\/","og_site_name":"TOPACK Paper Boxes","article_publisher":"https:\/\/www.facebook.com\/ChinaTopack\/","article_modified_time":"2025-08-08T13:42:56+00:00","og_image":[{"width":1100,"height":1100,"url":"https:\/\/www.chinatopack.com\/wp-content\/uploads\/2025\/07\/Gift-Acid-Free-Paper-and-Boxes1.webp","type":"image\/webp"}],"twitter_card":"summary_large_image","twitter_misc":{"Tiempo de lectura":"2 minutos"},"schema":{"@context":"https:\/\/schema.org","@graph":[{"@type":"WebPage","@id":"https:\/\/www.chinatopack.com\/product\/gift-acid-free-paper-and-boxes\/","url":"https:\/\/www.chinatopack.com\/product\/gift-acid-free-paper-and-boxes\/","name":"China Acid Free Paper and Boxes Supplier | Luxury Packaging","isPartOf":{"@id":"https:\/\/www.chinatopack.com\/#website"},"primaryImageOfPage":{"@id":"https:\/\/www.chinatopack.com\/product\/gift-acid-free-paper-and-boxes\/#primaryimage"},"image":{"@id":"https:\/\/www.chinatopack.com\/product\/gift-acid-free-paper-and-boxes\/#primaryimage"},"thumbnailUrl":"https:\/\/www.chinatopack.com\/wp-content\/uploads\/2025\/07\/Gift-Acid-Free-Paper-and-Boxes1.webp","datePublished":"2025-07-31T15:52:14+00:00","dateModified":"2025-08-08T13:42:56+00:00","description":"Leading Acid Free Paper and Boxes Supplier: 20+ years crafting custom luxury boxes w\/ magnetic closures & foil stamping. Quality guaranteed via triple inspections. Request quote!","breadcrumb":{"@id":"https:\/\/www.chinatopack.com\/product\/gift-acid-free-paper-and-boxes\/#breadcrumb"},"inLanguage":"es","potentialAction":[{"@type":"ReadAction","target":["https:\/\/www.chinatopack.com\/product\/gift-acid-free-paper-and-boxes\/"]}]},{"@type":"ImageObject","inLanguage":"es","@id":"https:\/\/www.chinatopack.com\/product\/gift-acid-free-paper-and-boxes\/#primaryimage","url":"https:\/\/www.chinatopack.com\/wp-content\/uploads\/2025\/07\/Gift-Acid-Free-Paper-and-Boxes1.webp","contentUrl":"https:\/\/www.chinatopack.com\/wp-content\/uploads\/2025\/07\/Gift-Acid-Free-Paper-and-Boxes1.webp","width":1100,"height":1100,"caption":"Gift Acid Free Paper and Boxes"},{"@type":"BreadcrumbList","@id":"https:\/\/www.chinatopack.com\/product\/gift-acid-free-paper-and-boxes\/#breadcrumb","itemListElement":[{"@type":"ListItem","position":1,"name":"Home","item":"https:\/\/www.chinatopack.com\/"},{"@type":"ListItem","position":2,"name":"Products","item":"https:\/\/www.chinatopack.com\/shop\/"},{"@type":"ListItem","position":3,"name":"Gift Acid Free Paper and Boxes"}]},{"@type":"WebSite","@id":"https:\/\/www.chinatopack.com\/#website","url":"https:\/\/www.chinatopack.com\/","name":"TOPACK Paper Boxes","description":"","publisher":{"@id":"https:\/\/www.chinatopack.com\/#organization"},"potentialAction":[{"@type":"SearchAction","target":{"@type":"EntryPoint","urlTemplate":"https:\/\/www.chinatopack.com\/?s={search_term_string}"},"query-input":"required name=search_term_string"}],"inLanguage":"es"},{"@type":"Organization","@id":"https:\/\/www.chinatopack.com\/#organization","name":"TOPACK Paper Boxes","url":"https:\/\/www.chinatopack.com\/","logo":{"@type":"ImageObject","inLanguage":"es","@id":"https:\/\/www.chinatopack.com\/#\/schema\/logo\/image\/","url":"https:\/\/www.chinatopack.com\/wp-content\/uploads\/2025\/11\/logo2.webp","contentUrl":"https:\/\/www.chinatopack.com\/wp-content\/uploads\/2025\/11\/logo2.webp","width":512,"height":512,"caption":"TOPACK Paper Boxes"},"image":{"@id":"https:\/\/www.chinatopack.com\/#\/schema\/logo\/image\/"},"sameAs":["https:\/\/www.facebook.com\/ChinaTopack\/","https:\/\/www.youtube.com\/@chinatopack"]}]}},"_links":{"self":[{"href":"https:\/\/www.chinatopack.com\/es\/wp-json\/wp\/v2\/product\/12834"}],"collection":[{"href":"https:\/\/www.chinatopack.com\/es\/wp-json\/wp\/v2\/product"}],"about":[{"href":"https:\/\/www.chinatopack.com\/es\/wp-json\/wp\/v2\/types\/product"}],"replies":[{"embeddable":true,"href":"https:\/\/www.chinatopack.com\/es\/wp-json\/wp\/v2\/comments?post=12834"}],"wp:featuredmedia":[{"embeddable":true,"href":"https:\/\/www.chinatopack.com\/es\/wp-json\/wp\/v2\/media\/12836"}],"wp:attachment":[{"href":"https:\/\/www.chinatopack.com\/es\/wp-json\/wp\/v2\/media?parent=12834"}],"wp:term":[{"taxonomy":"product_cat","embeddable":true,"href":"https:\/\/www.chinatopack.com\/es\/wp-json\/wp\/v2\/product_cat?post=12834"},{"taxonomy":"product_tag","embeddable":true,"href":"https:\/\/www.chinatopack.com\/es\/wp-json\/wp\/v2\/product_tag?post=12834"}],"curies":[{"name":"wp","href":"https:\/\/api.w.org\/{rel}","templated":true}]}}