{"id":12849,"date":"2025-07-31T16:07:16","date_gmt":"2025-07-31T16:07:16","guid":{"rendered":"https:\/\/www.chinatopack.com\/?post_type=product&#038;p=12849"},"modified":"2025-08-12T11:21:56","modified_gmt":"2025-08-12T11:21:56","slug":"rigid-paper-box-rigid-candle-boxes","status":"publish","type":"product","link":"https:\/\/www.chinatopack.com\/es\/producto\/rigid-paper-box-rigid-candle-boxes\/","title":{"rendered":"Caja r\u00edgida de papel Cajas r\u00edgidas para velas"},"content":{"rendered":"<h2>Cajas de papel r\u00edgidas Cajas r\u00edgidas para velas Descripci\u00f3n<\/h2>\n<p>Todos los grandes <a href=\"https:\/\/www.chinatopack.com\/es\/category\/rigid-box\/\"><strong>caja r\u00edgida<\/strong><\/a> merece un envase que lo proteja y lo presente con orgullo. Nuestros envases <a href=\"https:\/\/www.chinatopack.com\/es\/\"><strong>cajas r\u00edgidas a medida<\/strong><\/a> son la combinaci\u00f3n perfecta de durabilidad y elegancia discreta, dise\u00f1adas para mantener sus objetos a salvo y causar una impresi\u00f3n duradera.<\/p>\n<p>Fabricadas con cart\u00f3n ecol\u00f3gico de alta calidad, estas <a href=\"https:\/\/www.chinatopack.com\/es\/producto\/rigid-paper-box-rigid-candle-boxes\/\"><strong>Cajas r\u00edgidas para velas<\/strong><\/a> ofrecen una resistencia excepcional sin comprometer el estilo. Su acabado liso y sus l\u00edneas limpias proporcionan un lienzo vers\u00e1til, ideal para la impresi\u00f3n personalizada, el estampado en relieve o el branding minimalista. Tanto si envasa cosm\u00e9ticos, productos electr\u00f3nicos, regalos o art\u00edculos de venta al por menor, estas cajas ofrecen una protecci\u00f3n fiable y un aspecto pulido.<\/p>\n<p>Ligeros pero resistentes, son f\u00e1ciles de montar, almacenar y transportar, lo que los convierte en una opci\u00f3n pr\u00e1ctica tanto para empresas como para ocasiones especiales. Desde elegantes acabados mate hasta colores vibrantes, las opciones de personalizaci\u00f3n garantizan que su envase destaque.<\/p>\n<p><strong>Donde la funci\u00f3n se une al refinamiento.<\/strong>\u00a0Porque hasta la caja m\u00e1s sencilla puede dejar una gran impresi\u00f3n.<\/p>","protected":false},"excerpt":{"rendered":"<p>Como uno de los <a href=\"https:\/\/www.chinatopack.com\/es\/about-us\/\"><strong>proveedores de cajas r\u00edgidas<\/strong><\/a>Le aseguramos que nuestras cajas r\u00edgidas personalizadas de alta calidad combinan durabilidad y elegancia, fabricadas con cart\u00f3n ecol\u00f3gico. Ideales para cosm\u00e9tica, electr\u00f3nica, etc., con impresi\u00f3n\/grabado personalizado. Ligeras, f\u00e1ciles de usar y personalizables para destacar.<\/p>","protected":false},"featured_media":12851,"comment_status":"closed","ping_status":"closed","template":"","meta":{"_et_pb_use_builder":"","_et_pb_old_content":"","_et_gb_content_width":""},"product_cat":[310],"product_tag":[307],"yoast_head":"<!-- This site is optimized with the Yoast SEO plugin v22.7 - https:\/\/yoast.com\/wordpress\/plugins\/seo\/ -->\n<title>Premium Custom Rigid Candle Boxes Supplier<\/title>\n<meta name=\"description\" content=\"Premium Rigid Candle Boxes Supplier: Eco-friendly, durable &amp; elegant custom boxes. Wholesale for cosmetics, gifts, electronics. Custom printing, finishes, bulk options.\" \/>\n<meta name=\"robots\" content=\"index, follow, max-snippet:-1, max-image-preview:large, max-video-preview:-1\" \/>\n<link rel=\"canonical\" href=\"https:\/\/www.chinatopack.com\/es\/producto\/rigid-paper-box-rigid-candle-boxes\/\" \/>\n<meta property=\"og:locale\" content=\"es_ES\" \/>\n<meta property=\"og:type\" content=\"article\" \/>\n<meta property=\"og:title\" content=\"Premium Custom Rigid Candle Boxes Supplier\" \/>\n<meta property=\"og:description\" content=\"Premium Rigid Candle Boxes Supplier: Eco-friendly, durable &amp; elegant custom boxes. Wholesale for cosmetics, gifts, electronics. Custom printing, finishes, bulk options.\" \/>\n<meta property=\"og:url\" content=\"https:\/\/www.chinatopack.com\/es\/producto\/rigid-paper-box-rigid-candle-boxes\/\" \/>\n<meta property=\"og:site_name\" content=\"TOPACK Paper Boxes\" \/>\n<meta property=\"article:publisher\" content=\"https:\/\/www.facebook.com\/ChinaTopack\/\" \/>\n<meta property=\"article:modified_time\" content=\"2025-08-12T11:21:56+00:00\" \/>\n<meta property=\"og:image\" content=\"https:\/\/www.chinatopack.com\/wp-content\/uploads\/2025\/07\/Rigid-Paper-Box-Rigid-Candle-Boxes1.webp\" \/>\n\t<meta property=\"og:image:width\" content=\"1100\" \/>\n\t<meta property=\"og:image:height\" content=\"1100\" \/>\n\t<meta property=\"og:image:type\" content=\"image\/webp\" \/>\n<meta name=\"twitter:card\" content=\"summary_large_image\" \/>\n<meta name=\"twitter:label1\" content=\"Tiempo de lectura\" \/>\n\t<meta name=\"twitter:data1\" content=\"1 minuto\" \/>\n<script type=\"application\/ld+json\" class=\"yoast-schema-graph\">{\"@context\":\"https:\/\/schema.org\",\"@graph\":[{\"@type\":\"WebPage\",\"@id\":\"https:\/\/www.chinatopack.com\/product\/rigid-paper-box-rigid-candle-boxes\/\",\"url\":\"https:\/\/www.chinatopack.com\/product\/rigid-paper-box-rigid-candle-boxes\/\",\"name\":\"Premium Custom Rigid Candle Boxes Supplier\",\"isPartOf\":{\"@id\":\"https:\/\/www.chinatopack.com\/#website\"},\"primaryImageOfPage\":{\"@id\":\"https:\/\/www.chinatopack.com\/product\/rigid-paper-box-rigid-candle-boxes\/#primaryimage\"},\"image\":{\"@id\":\"https:\/\/www.chinatopack.com\/product\/rigid-paper-box-rigid-candle-boxes\/#primaryimage\"},\"thumbnailUrl\":\"https:\/\/www.chinatopack.com\/wp-content\/uploads\/2025\/07\/Rigid-Paper-Box-Rigid-Candle-Boxes1.webp\",\"datePublished\":\"2025-07-31T16:07:16+00:00\",\"dateModified\":\"2025-08-12T11:21:56+00:00\",\"description\":\"Premium Rigid Candle Boxes Supplier: Eco-friendly, durable & elegant custom boxes. Wholesale for cosmetics, gifts, electronics. Custom printing, finishes, bulk options.\",\"breadcrumb\":{\"@id\":\"https:\/\/www.chinatopack.com\/product\/rigid-paper-box-rigid-candle-boxes\/#breadcrumb\"},\"inLanguage\":\"es\",\"potentialAction\":[{\"@type\":\"ReadAction\",\"target\":[\"https:\/\/www.chinatopack.com\/product\/rigid-paper-box-rigid-candle-boxes\/\"]}]},{\"@type\":\"ImageObject\",\"inLanguage\":\"es\",\"@id\":\"https:\/\/www.chinatopack.com\/product\/rigid-paper-box-rigid-candle-boxes\/#primaryimage\",\"url\":\"https:\/\/www.chinatopack.com\/wp-content\/uploads\/2025\/07\/Rigid-Paper-Box-Rigid-Candle-Boxes1.webp\",\"contentUrl\":\"https:\/\/www.chinatopack.com\/wp-content\/uploads\/2025\/07\/Rigid-Paper-Box-Rigid-Candle-Boxes1.webp\",\"width\":1100,\"height\":1100,\"caption\":\"Rigid Paper Box Rigid Candle Boxes\"},{\"@type\":\"BreadcrumbList\",\"@id\":\"https:\/\/www.chinatopack.com\/product\/rigid-paper-box-rigid-candle-boxes\/#breadcrumb\",\"itemListElement\":[{\"@type\":\"ListItem\",\"position\":1,\"name\":\"Home\",\"item\":\"https:\/\/www.chinatopack.com\/\"},{\"@type\":\"ListItem\",\"position\":2,\"name\":\"Products\",\"item\":\"https:\/\/www.chinatopack.com\/shop\/\"},{\"@type\":\"ListItem\",\"position\":3,\"name\":\"Rigid Paper Box Rigid Candle Boxes\"}]},{\"@type\":\"WebSite\",\"@id\":\"https:\/\/www.chinatopack.com\/#website\",\"url\":\"https:\/\/www.chinatopack.com\/\",\"name\":\"TOPACK Paper Boxes\",\"description\":\"\",\"publisher\":{\"@id\":\"https:\/\/www.chinatopack.com\/#organization\"},\"potentialAction\":[{\"@type\":\"SearchAction\",\"target\":{\"@type\":\"EntryPoint\",\"urlTemplate\":\"https:\/\/www.chinatopack.com\/?s={search_term_string}\"},\"query-input\":\"required name=search_term_string\"}],\"inLanguage\":\"es\"},{\"@type\":\"Organization\",\"@id\":\"https:\/\/www.chinatopack.com\/#organization\",\"name\":\"TOPACK Paper Boxes\",\"url\":\"https:\/\/www.chinatopack.com\/\",\"logo\":{\"@type\":\"ImageObject\",\"inLanguage\":\"es\",\"@id\":\"https:\/\/www.chinatopack.com\/#\/schema\/logo\/image\/\",\"url\":\"https:\/\/www.chinatopack.com\/wp-content\/uploads\/2025\/11\/logo2.webp\",\"contentUrl\":\"https:\/\/www.chinatopack.com\/wp-content\/uploads\/2025\/11\/logo2.webp\",\"width\":512,\"height\":512,\"caption\":\"TOPACK Paper Boxes\"},\"image\":{\"@id\":\"https:\/\/www.chinatopack.com\/#\/schema\/logo\/image\/\"},\"sameAs\":[\"https:\/\/www.facebook.com\/ChinaTopack\/\",\"https:\/\/www.youtube.com\/@chinatopack\"]}]}<\/script>\n<!-- \/ Yoast SEO plugin. -->","yoast_head_json":{"title":"Premium Custom Rigid Candle Boxes Supplier","description":"Premium Rigid Candle Boxes Supplier: Eco-friendly, durable & elegant custom boxes. Wholesale for cosmetics, gifts, electronics. Custom printing, finishes, bulk options.","robots":{"index":"index","follow":"follow","max-snippet":"max-snippet:-1","max-image-preview":"max-image-preview:large","max-video-preview":"max-video-preview:-1"},"canonical":"https:\/\/www.chinatopack.com\/es\/producto\/rigid-paper-box-rigid-candle-boxes\/","og_locale":"es_ES","og_type":"article","og_title":"Premium Custom Rigid Candle Boxes Supplier","og_description":"Premium Rigid Candle Boxes Supplier: Eco-friendly, durable & elegant custom boxes. Wholesale for cosmetics, gifts, electronics. Custom printing, finishes, bulk options.","og_url":"https:\/\/www.chinatopack.com\/es\/producto\/rigid-paper-box-rigid-candle-boxes\/","og_site_name":"TOPACK Paper Boxes","article_publisher":"https:\/\/www.facebook.com\/ChinaTopack\/","article_modified_time":"2025-08-12T11:21:56+00:00","og_image":[{"width":1100,"height":1100,"url":"https:\/\/www.chinatopack.com\/wp-content\/uploads\/2025\/07\/Rigid-Paper-Box-Rigid-Candle-Boxes1.webp","type":"image\/webp"}],"twitter_card":"summary_large_image","twitter_misc":{"Tiempo de lectura":"1 minuto"},"schema":{"@context":"https:\/\/schema.org","@graph":[{"@type":"WebPage","@id":"https:\/\/www.chinatopack.com\/product\/rigid-paper-box-rigid-candle-boxes\/","url":"https:\/\/www.chinatopack.com\/product\/rigid-paper-box-rigid-candle-boxes\/","name":"Premium Custom Rigid Candle Boxes Supplier","isPartOf":{"@id":"https:\/\/www.chinatopack.com\/#website"},"primaryImageOfPage":{"@id":"https:\/\/www.chinatopack.com\/product\/rigid-paper-box-rigid-candle-boxes\/#primaryimage"},"image":{"@id":"https:\/\/www.chinatopack.com\/product\/rigid-paper-box-rigid-candle-boxes\/#primaryimage"},"thumbnailUrl":"https:\/\/www.chinatopack.com\/wp-content\/uploads\/2025\/07\/Rigid-Paper-Box-Rigid-Candle-Boxes1.webp","datePublished":"2025-07-31T16:07:16+00:00","dateModified":"2025-08-12T11:21:56+00:00","description":"Premium Rigid Candle Boxes Supplier: Eco-friendly, durable & elegant custom boxes. Wholesale for cosmetics, gifts, electronics. Custom printing, finishes, bulk options.","breadcrumb":{"@id":"https:\/\/www.chinatopack.com\/product\/rigid-paper-box-rigid-candle-boxes\/#breadcrumb"},"inLanguage":"es","potentialAction":[{"@type":"ReadAction","target":["https:\/\/www.chinatopack.com\/product\/rigid-paper-box-rigid-candle-boxes\/"]}]},{"@type":"ImageObject","inLanguage":"es","@id":"https:\/\/www.chinatopack.com\/product\/rigid-paper-box-rigid-candle-boxes\/#primaryimage","url":"https:\/\/www.chinatopack.com\/wp-content\/uploads\/2025\/07\/Rigid-Paper-Box-Rigid-Candle-Boxes1.webp","contentUrl":"https:\/\/www.chinatopack.com\/wp-content\/uploads\/2025\/07\/Rigid-Paper-Box-Rigid-Candle-Boxes1.webp","width":1100,"height":1100,"caption":"Rigid Paper Box Rigid Candle Boxes"},{"@type":"BreadcrumbList","@id":"https:\/\/www.chinatopack.com\/product\/rigid-paper-box-rigid-candle-boxes\/#breadcrumb","itemListElement":[{"@type":"ListItem","position":1,"name":"Home","item":"https:\/\/www.chinatopack.com\/"},{"@type":"ListItem","position":2,"name":"Products","item":"https:\/\/www.chinatopack.com\/shop\/"},{"@type":"ListItem","position":3,"name":"Rigid Paper Box Rigid Candle Boxes"}]},{"@type":"WebSite","@id":"https:\/\/www.chinatopack.com\/#website","url":"https:\/\/www.chinatopack.com\/","name":"TOPACK Paper Boxes","description":"","publisher":{"@id":"https:\/\/www.chinatopack.com\/#organization"},"potentialAction":[{"@type":"SearchAction","target":{"@type":"EntryPoint","urlTemplate":"https:\/\/www.chinatopack.com\/?s={search_term_string}"},"query-input":"required name=search_term_string"}],"inLanguage":"es"},{"@type":"Organization","@id":"https:\/\/www.chinatopack.com\/#organization","name":"TOPACK Paper Boxes","url":"https:\/\/www.chinatopack.com\/","logo":{"@type":"ImageObject","inLanguage":"es","@id":"https:\/\/www.chinatopack.com\/#\/schema\/logo\/image\/","url":"https:\/\/www.chinatopack.com\/wp-content\/uploads\/2025\/11\/logo2.webp","contentUrl":"https:\/\/www.chinatopack.com\/wp-content\/uploads\/2025\/11\/logo2.webp","width":512,"height":512,"caption":"TOPACK Paper Boxes"},"image":{"@id":"https:\/\/www.chinatopack.com\/#\/schema\/logo\/image\/"},"sameAs":["https:\/\/www.facebook.com\/ChinaTopack\/","https:\/\/www.youtube.com\/@chinatopack"]}]}},"_links":{"self":[{"href":"https:\/\/www.chinatopack.com\/es\/wp-json\/wp\/v2\/product\/12849"}],"collection":[{"href":"https:\/\/www.chinatopack.com\/es\/wp-json\/wp\/v2\/product"}],"about":[{"href":"https:\/\/www.chinatopack.com\/es\/wp-json\/wp\/v2\/types\/product"}],"replies":[{"embeddable":true,"href":"https:\/\/www.chinatopack.com\/es\/wp-json\/wp\/v2\/comments?post=12849"}],"wp:featuredmedia":[{"embeddable":true,"href":"https:\/\/www.chinatopack.com\/es\/wp-json\/wp\/v2\/media\/12851"}],"wp:attachment":[{"href":"https:\/\/www.chinatopack.com\/es\/wp-json\/wp\/v2\/media?parent=12849"}],"wp:term":[{"taxonomy":"product_cat","embeddable":true,"href":"https:\/\/www.chinatopack.com\/es\/wp-json\/wp\/v2\/product_cat?post=12849"},{"taxonomy":"product_tag","embeddable":true,"href":"https:\/\/www.chinatopack.com\/es\/wp-json\/wp\/v2\/product_tag?post=12849"}],"curies":[{"name":"wp","href":"https:\/\/api.w.org\/{rel}","templated":true}]}}