{"id":12859,"date":"2025-07-31T16:12:09","date_gmt":"2025-07-31T16:12:09","guid":{"rendered":"https:\/\/www.chinatopack.com\/?post_type=product&#038;p=12859"},"modified":"2025-08-12T11:04:27","modified_gmt":"2025-08-12T11:04:27","slug":"white-jewelry-box","status":"publish","type":"product","link":"https:\/\/www.chinatopack.com\/es\/producto\/white-jewelry-box\/","title":{"rendered":"Joyero blanco"},"content":{"rendered":"<h2>Descripci\u00f3n del joyero blanco<\/h2>\n<p>Cada pieza de joyer\u00eda cuenta una historia: que empiece con una caja tan exquisita como el tesoro que contiene. Fabricado con precisi\u00f3n y dise\u00f1ado para impresionar, nuestro <a href=\"https:\/\/www.chinatopack.com\/es\/producto\/white-jewelry-box\/\"><strong>joyero blanco<\/strong><\/a> combinan lujo y funcionalidad, ofreciendo un primer vistazo impresionante de sus mejores adornos.<\/p>\n<p><a href=\"https:\/\/www.chinatopack.com\/es\/category\/jewelry-box\/\"><strong>Joyeros personalizados<\/strong><\/a> est\u00e1n Fabricadas con materiales ecol\u00f3gicos de alta calidad, cada caja garantiza su durabilidad manteniendo un acabado refinado. La suave textura, el elegante relieve y los colores personalizables la convierten en la opci\u00f3n ideal para las marcas que valoran la sofisticaci\u00f3n. Ya sea para anillos, collares o pendientes, nuestras cajas proporcionan un acolchado seguro, manteniendo las joyas inmaculadas y una presentaci\u00f3n impecable.<\/p>\n<p>Perfectas para regalar, vender o para ocasiones especiales, estas cajas elevan la experiencia de abrir la caja, convirtiendo una simple revelaci\u00f3n en un momento de deleite. Porque la verdadera belleza merece un hogar igual de bello.<\/p>\n<p><strong>Donde la joyer\u00eda se une a la elegancia.<\/strong><\/p>","protected":false},"excerpt":{"rendered":"<p>Como uno de los <a href=\"https:\/\/www.chinatopack.com\/es\/about-us\/\"><strong>fabricantes de joyeros<\/strong><\/a>le aseguramos que los joyeros blancos, exquisitos y funcionales, acunan las joyas con belleza. Fabricados con materiales ecol\u00f3gicos de calidad, presentan relieve, colores personalizados y un acolchado seguro. Ideales para regalo o venta al por menor, mejoran los momentos de desembalaje.<\/p>","protected":false},"featured_media":12861,"comment_status":"closed","ping_status":"closed","template":"","meta":{"_et_pb_use_builder":"","_et_pb_old_content":"","_et_gb_content_width":""},"product_cat":[308],"product_tag":[294,295],"yoast_head":"<!-- This site is optimized with the Yoast SEO plugin v22.7 - https:\/\/yoast.com\/wordpress\/plugins\/seo\/ -->\n<title>Premium White Jewelry Box Custom Supplier<\/title>\n<meta name=\"description\" content=\"Eco-Friendly Custom Jewelry Box Supplier. Luxury White Jewelry Box, secure cushioning &amp; custom colors\/embossing. Wholesale for retail\/gifting. Jewelry Meets Elegance.\" \/>\n<meta name=\"robots\" content=\"index, follow, max-snippet:-1, max-image-preview:large, max-video-preview:-1\" \/>\n<link rel=\"canonical\" href=\"https:\/\/www.chinatopack.com\/es\/producto\/white-jewelry-box\/\" \/>\n<meta property=\"og:locale\" content=\"es_ES\" \/>\n<meta property=\"og:type\" content=\"article\" \/>\n<meta property=\"og:title\" content=\"Premium White Jewelry Box Custom Supplier\" \/>\n<meta property=\"og:description\" content=\"Eco-Friendly Custom Jewelry Box Supplier. Luxury White Jewelry Box, secure cushioning &amp; custom colors\/embossing. Wholesale for retail\/gifting. Jewelry Meets Elegance.\" \/>\n<meta property=\"og:url\" content=\"https:\/\/www.chinatopack.com\/es\/producto\/white-jewelry-box\/\" \/>\n<meta property=\"og:site_name\" content=\"TOPACK Paper Boxes\" \/>\n<meta property=\"article:publisher\" content=\"https:\/\/www.facebook.com\/ChinaTopack\/\" \/>\n<meta property=\"article:modified_time\" content=\"2025-08-12T11:04:27+00:00\" \/>\n<meta property=\"og:image\" content=\"https:\/\/www.chinatopack.com\/wp-content\/uploads\/2025\/07\/White-Jewelry-Box1.webp\" \/>\n\t<meta property=\"og:image:width\" content=\"1100\" \/>\n\t<meta property=\"og:image:height\" content=\"1100\" \/>\n\t<meta property=\"og:image:type\" content=\"image\/webp\" \/>\n<meta name=\"twitter:card\" content=\"summary_large_image\" \/>\n<meta name=\"twitter:label1\" content=\"Tiempo de lectura\" \/>\n\t<meta name=\"twitter:data1\" content=\"1 minuto\" \/>\n<script type=\"application\/ld+json\" class=\"yoast-schema-graph\">{\"@context\":\"https:\/\/schema.org\",\"@graph\":[{\"@type\":\"WebPage\",\"@id\":\"https:\/\/www.chinatopack.com\/product\/white-jewelry-box\/\",\"url\":\"https:\/\/www.chinatopack.com\/product\/white-jewelry-box\/\",\"name\":\"Premium White Jewelry Box Custom Supplier\",\"isPartOf\":{\"@id\":\"https:\/\/www.chinatopack.com\/#website\"},\"primaryImageOfPage\":{\"@id\":\"https:\/\/www.chinatopack.com\/product\/white-jewelry-box\/#primaryimage\"},\"image\":{\"@id\":\"https:\/\/www.chinatopack.com\/product\/white-jewelry-box\/#primaryimage\"},\"thumbnailUrl\":\"https:\/\/www.chinatopack.com\/wp-content\/uploads\/2025\/07\/White-Jewelry-Box1.webp\",\"datePublished\":\"2025-07-31T16:12:09+00:00\",\"dateModified\":\"2025-08-12T11:04:27+00:00\",\"description\":\"Eco-Friendly Custom Jewelry Box Supplier. Luxury White Jewelry Box, secure cushioning & custom colors\/embossing. Wholesale for retail\/gifting. Jewelry Meets Elegance.\",\"breadcrumb\":{\"@id\":\"https:\/\/www.chinatopack.com\/product\/white-jewelry-box\/#breadcrumb\"},\"inLanguage\":\"es\",\"potentialAction\":[{\"@type\":\"ReadAction\",\"target\":[\"https:\/\/www.chinatopack.com\/product\/white-jewelry-box\/\"]}]},{\"@type\":\"ImageObject\",\"inLanguage\":\"es\",\"@id\":\"https:\/\/www.chinatopack.com\/product\/white-jewelry-box\/#primaryimage\",\"url\":\"https:\/\/www.chinatopack.com\/wp-content\/uploads\/2025\/07\/White-Jewelry-Box1.webp\",\"contentUrl\":\"https:\/\/www.chinatopack.com\/wp-content\/uploads\/2025\/07\/White-Jewelry-Box1.webp\",\"width\":1100,\"height\":1100,\"caption\":\"White Jewelry Box\"},{\"@type\":\"BreadcrumbList\",\"@id\":\"https:\/\/www.chinatopack.com\/product\/white-jewelry-box\/#breadcrumb\",\"itemListElement\":[{\"@type\":\"ListItem\",\"position\":1,\"name\":\"Home\",\"item\":\"https:\/\/www.chinatopack.com\/\"},{\"@type\":\"ListItem\",\"position\":2,\"name\":\"Products\",\"item\":\"https:\/\/www.chinatopack.com\/shop\/\"},{\"@type\":\"ListItem\",\"position\":3,\"name\":\"White Jewelry Box\"}]},{\"@type\":\"WebSite\",\"@id\":\"https:\/\/www.chinatopack.com\/#website\",\"url\":\"https:\/\/www.chinatopack.com\/\",\"name\":\"TOPACK Paper Boxes\",\"description\":\"\",\"publisher\":{\"@id\":\"https:\/\/www.chinatopack.com\/#organization\"},\"potentialAction\":[{\"@type\":\"SearchAction\",\"target\":{\"@type\":\"EntryPoint\",\"urlTemplate\":\"https:\/\/www.chinatopack.com\/?s={search_term_string}\"},\"query-input\":\"required name=search_term_string\"}],\"inLanguage\":\"es\"},{\"@type\":\"Organization\",\"@id\":\"https:\/\/www.chinatopack.com\/#organization\",\"name\":\"TOPACK Paper Boxes\",\"url\":\"https:\/\/www.chinatopack.com\/\",\"logo\":{\"@type\":\"ImageObject\",\"inLanguage\":\"es\",\"@id\":\"https:\/\/www.chinatopack.com\/#\/schema\/logo\/image\/\",\"url\":\"https:\/\/www.chinatopack.com\/wp-content\/uploads\/2025\/11\/logo2.webp\",\"contentUrl\":\"https:\/\/www.chinatopack.com\/wp-content\/uploads\/2025\/11\/logo2.webp\",\"width\":512,\"height\":512,\"caption\":\"TOPACK Paper Boxes\"},\"image\":{\"@id\":\"https:\/\/www.chinatopack.com\/#\/schema\/logo\/image\/\"},\"sameAs\":[\"https:\/\/www.facebook.com\/ChinaTopack\/\",\"https:\/\/www.youtube.com\/@chinatopack\"]}]}<\/script>\n<!-- \/ Yoast SEO plugin. -->","yoast_head_json":{"title":"Premium White Jewelry Box Custom Supplier","description":"Eco-Friendly Custom Jewelry Box Supplier. Luxury White Jewelry Box, secure cushioning & custom colors\/embossing. Wholesale for retail\/gifting. Jewelry Meets Elegance.","robots":{"index":"index","follow":"follow","max-snippet":"max-snippet:-1","max-image-preview":"max-image-preview:large","max-video-preview":"max-video-preview:-1"},"canonical":"https:\/\/www.chinatopack.com\/es\/producto\/white-jewelry-box\/","og_locale":"es_ES","og_type":"article","og_title":"Premium White Jewelry Box Custom Supplier","og_description":"Eco-Friendly Custom Jewelry Box Supplier. Luxury White Jewelry Box, secure cushioning & custom colors\/embossing. Wholesale for retail\/gifting. Jewelry Meets Elegance.","og_url":"https:\/\/www.chinatopack.com\/es\/producto\/white-jewelry-box\/","og_site_name":"TOPACK Paper Boxes","article_publisher":"https:\/\/www.facebook.com\/ChinaTopack\/","article_modified_time":"2025-08-12T11:04:27+00:00","og_image":[{"width":1100,"height":1100,"url":"https:\/\/www.chinatopack.com\/wp-content\/uploads\/2025\/07\/White-Jewelry-Box1.webp","type":"image\/webp"}],"twitter_card":"summary_large_image","twitter_misc":{"Tiempo de lectura":"1 minuto"},"schema":{"@context":"https:\/\/schema.org","@graph":[{"@type":"WebPage","@id":"https:\/\/www.chinatopack.com\/product\/white-jewelry-box\/","url":"https:\/\/www.chinatopack.com\/product\/white-jewelry-box\/","name":"Premium White Jewelry Box Custom Supplier","isPartOf":{"@id":"https:\/\/www.chinatopack.com\/#website"},"primaryImageOfPage":{"@id":"https:\/\/www.chinatopack.com\/product\/white-jewelry-box\/#primaryimage"},"image":{"@id":"https:\/\/www.chinatopack.com\/product\/white-jewelry-box\/#primaryimage"},"thumbnailUrl":"https:\/\/www.chinatopack.com\/wp-content\/uploads\/2025\/07\/White-Jewelry-Box1.webp","datePublished":"2025-07-31T16:12:09+00:00","dateModified":"2025-08-12T11:04:27+00:00","description":"Eco-Friendly Custom Jewelry Box Supplier. Luxury White Jewelry Box, secure cushioning & custom colors\/embossing. Wholesale for retail\/gifting. Jewelry Meets Elegance.","breadcrumb":{"@id":"https:\/\/www.chinatopack.com\/product\/white-jewelry-box\/#breadcrumb"},"inLanguage":"es","potentialAction":[{"@type":"ReadAction","target":["https:\/\/www.chinatopack.com\/product\/white-jewelry-box\/"]}]},{"@type":"ImageObject","inLanguage":"es","@id":"https:\/\/www.chinatopack.com\/product\/white-jewelry-box\/#primaryimage","url":"https:\/\/www.chinatopack.com\/wp-content\/uploads\/2025\/07\/White-Jewelry-Box1.webp","contentUrl":"https:\/\/www.chinatopack.com\/wp-content\/uploads\/2025\/07\/White-Jewelry-Box1.webp","width":1100,"height":1100,"caption":"White Jewelry Box"},{"@type":"BreadcrumbList","@id":"https:\/\/www.chinatopack.com\/product\/white-jewelry-box\/#breadcrumb","itemListElement":[{"@type":"ListItem","position":1,"name":"Home","item":"https:\/\/www.chinatopack.com\/"},{"@type":"ListItem","position":2,"name":"Products","item":"https:\/\/www.chinatopack.com\/shop\/"},{"@type":"ListItem","position":3,"name":"White Jewelry Box"}]},{"@type":"WebSite","@id":"https:\/\/www.chinatopack.com\/#website","url":"https:\/\/www.chinatopack.com\/","name":"TOPACK Paper Boxes","description":"","publisher":{"@id":"https:\/\/www.chinatopack.com\/#organization"},"potentialAction":[{"@type":"SearchAction","target":{"@type":"EntryPoint","urlTemplate":"https:\/\/www.chinatopack.com\/?s={search_term_string}"},"query-input":"required name=search_term_string"}],"inLanguage":"es"},{"@type":"Organization","@id":"https:\/\/www.chinatopack.com\/#organization","name":"TOPACK Paper Boxes","url":"https:\/\/www.chinatopack.com\/","logo":{"@type":"ImageObject","inLanguage":"es","@id":"https:\/\/www.chinatopack.com\/#\/schema\/logo\/image\/","url":"https:\/\/www.chinatopack.com\/wp-content\/uploads\/2025\/11\/logo2.webp","contentUrl":"https:\/\/www.chinatopack.com\/wp-content\/uploads\/2025\/11\/logo2.webp","width":512,"height":512,"caption":"TOPACK Paper Boxes"},"image":{"@id":"https:\/\/www.chinatopack.com\/#\/schema\/logo\/image\/"},"sameAs":["https:\/\/www.facebook.com\/ChinaTopack\/","https:\/\/www.youtube.com\/@chinatopack"]}]}},"_links":{"self":[{"href":"https:\/\/www.chinatopack.com\/es\/wp-json\/wp\/v2\/product\/12859"}],"collection":[{"href":"https:\/\/www.chinatopack.com\/es\/wp-json\/wp\/v2\/product"}],"about":[{"href":"https:\/\/www.chinatopack.com\/es\/wp-json\/wp\/v2\/types\/product"}],"replies":[{"embeddable":true,"href":"https:\/\/www.chinatopack.com\/es\/wp-json\/wp\/v2\/comments?post=12859"}],"wp:featuredmedia":[{"embeddable":true,"href":"https:\/\/www.chinatopack.com\/es\/wp-json\/wp\/v2\/media\/12861"}],"wp:attachment":[{"href":"https:\/\/www.chinatopack.com\/es\/wp-json\/wp\/v2\/media?parent=12859"}],"wp:term":[{"taxonomy":"product_cat","embeddable":true,"href":"https:\/\/www.chinatopack.com\/es\/wp-json\/wp\/v2\/product_cat?post=12859"},{"taxonomy":"product_tag","embeddable":true,"href":"https:\/\/www.chinatopack.com\/es\/wp-json\/wp\/v2\/product_tag?post=12859"}],"curies":[{"name":"wp","href":"https:\/\/api.w.org\/{rel}","templated":true}]}}