{"id":12462,"date":"2025-06-16T10:59:06","date_gmt":"2025-06-16T10:59:06","guid":{"rendered":"https:\/\/www.chinatopack.com\/?post_type=product&#038;p=12462"},"modified":"2025-08-12T09:59:10","modified_gmt":"2025-08-12T09:59:10","slug":"custom-print-biodegradable-cosmetic-packaging-box-skin-care-gift-box-with-gold-silver-stamping-and-embossing","status":"publish","type":"product","link":"https:\/\/www.chinatopack.com\/fr\/produit\/custom-print-biodegradable-cosmetic-packaging-box-skin-care-gift-box-with-gold-silver-stamping-and-embossing\/","title":{"rendered":"Bo\u00eete d'emballage biod\u00e9gradable pour cosm\u00e9tiques avec impression personnalis\u00e9e Bo\u00eete cadeau pour soins de la peau avec marquage en or, argent et gaufrage"},"content":{"rendered":"<h2><strong>Bo\u00eetes en papier personnalis\u00e9es<\/strong>: <strong>Des solutions d'emballage sur mesure pour votre marque<\/strong><\/h2>\n<p>Am\u00e9liorez votre marque gr\u00e2ce \u00e0 nos produits personnalis\u00e9s de haute qualit\u00e9. <a href=\"https:\/\/www.chinatopack.com\/fr\/etiquette-produit\/cosmetic-kit-box\/\"><strong>bo\u00eete pour kit cosm\u00e9tique<\/strong><\/a>Les produits sont con\u00e7us pour r\u00e9pondre \u00e0 vos sp\u00e9cifications exactes. Que ce soit pour le commerce de d\u00e9tail, le luxe, l'alimentation ou les cosm\u00e9tiques, nos <a href=\"https:\/\/www.chinatopack.com\/fr\/produit\/custom-print-biodegradable-cosmetic-packaging-box-skin-care-gift-box-with-gold-silver-stamping-and-embossing\/\"><strong>bo\u00eete d'emballage pour cosm\u00e9tiques<\/strong><\/a> allie fonctionnalit\u00e9 et esth\u00e9tique pour renforcer l'attrait de votre produit.<\/p>\n<h3><strong>Styles et applications des bo\u00eetes<\/strong><\/h3>\n<p>En tant que l'un des meilleurs <a href=\"https:\/\/www.chinatopack.com\/fr\/about-us\/\"><strong>fabricants de bo\u00eetes \u00e0 cosm\u00e9tiques<\/strong><\/a>Nous proposons une large gamme de types de bo\u00eetes, <strong>y compris les bo\u00eetes rigides, les bo\u00eetes pliantes, les bo\u00eetes \u00e0 fermeture magn\u00e9tique et les bo\u00eetes \u00e0 tiroirs.<\/strong> bo\u00eetes. Parfaites pour les emballages de cadeaux, les produits \u00e9lectroniques, les cosm\u00e9tiques, les produits alimentaires et les produits de d\u00e9tail, chaque conception garantit la durabilit\u00e9 et une exp\u00e9rience de d\u00e9ballage de premi\u00e8re qualit\u00e9.<\/p>\n<h3><strong>Mat\u00e9riaux et respect de l'environnement<\/strong><\/h3>\n<p>Choisissez parmi\u00a0<strong>papier kraft, papier d'art, carton ondul\u00e9<\/strong>, <strong>ou des mat\u00e9riaux recycl\u00e9s<\/strong>\u00a0pour s'aligner sur les objectifs de durabilit\u00e9. Nos options comprennent\u00a0<strong>Certifi\u00e9 FSC<\/strong>\u00a0et biod\u00e9gradables, ce qui garantit un emballage respectueux de l'environnement.<\/p>\n<h3><strong>Impression et finition avanc\u00e9es<\/strong><\/h3>\n<p>Am\u00e9liorez vos bo\u00eetes avec\u00a0<strong>impression offset\/UV, gaufrage, dorure, vernis UV<\/strong>ou pelliculage mat\/brillant. Personnalisez avec des d\u00e9coupes, des collages de fen\u00eatres ou des UV ponctuels pour un look original.<\/p>\n<h3><strong>Processus de production de pr\u00e9cision<\/strong><\/h3>\n<p><strong>1. conception et \u00e9preuvage<\/strong>\u00a0- Collaborer \u00e0 la conception structurelle et graphique.<\/p>\n<p><strong>2. s\u00e9lection des mat\u00e9riaux\u00a0<\/strong>- Choisissez le papier et la finition qui conviennent le mieux.<\/p>\n<p><strong>3. l'impression et la d\u00e9coration<\/strong>\u00a0- Impression haute r\u00e9solution et finitions haut de gamme.<\/p>\n<p><strong>4. d\u00e9coupage et assemblage<\/strong>\u00a0- D\u00e9coupe de pr\u00e9cision et d\u00e9tails finis \u00e0 la main.<\/p>\n<p><strong>5. inspection de la qualit\u00e9 et livraison<\/strong>\u00a0- Des contr\u00f4les rigoureux garantissent une ex\u00e9cution sans faille.<\/p>\n<p>De\u00a0<strong>protection des produits<\/strong>\u00a0\u00e0\u00a0<strong>la narration de la marque,<\/strong> notre sur mesure <a href=\"https:\/\/www.chinatopack.com\/fr\/category\/cosmetic-box\/\"><strong>bo\u00eetes \u00e0 cosm\u00e9tiques<\/strong><\/a> offrent une valeur in\u00e9gal\u00e9e. Demandez-nous un devis, le <a href=\"https:\/\/www.chinatopack.com\/fr\/\"><strong>bo\u00eetes \u00e0 cosm\u00e9tiques en gros<\/strong><\/a> et cr\u00e9ons un emballage qui parle \u00e0 votre marque !<\/p>","protected":false},"excerpt":{"rendered":"<ul>\n<li>Fabriqu\u00e9 en carton durable et robuste<\/li>\n<li>Des tailles personnalis\u00e9es sont disponibles pour les diff\u00e9rentes mesures des produits.<\/li>\n<li>Des machines d'impression de haute qualit\u00e9 qui produisent des images et des logos percutants<\/li>\n<li>Facile \u00e0 assembler et pliable pour le stockage<\/li>\n<li>Excellente structure pour le savon et les produits de beaut\u00e9<\/li>\n<\/ul>","protected":false},"featured_media":12463,"comment_status":"closed","ping_status":"closed","template":"","meta":{"_et_pb_use_builder":"","_et_pb_old_content":"","_et_gb_content_width":""},"product_cat":[309],"product_tag":[298],"yoast_head":"<!-- This site is optimized with the Yoast SEO plugin v22.7 - https:\/\/yoast.com\/wordpress\/plugins\/seo\/ -->\n<title>Cosmetic Packaging Box Manufacturer | Eco Luxury<\/title>\n<meta name=\"description\" content=\"Cosmetic Box Manufacturer: FSC\/recycled custom boxes w\/ foil\/UV finishes. Precision manufacturing for skincare\/makeup brands. Request quote!\" \/>\n<meta name=\"robots\" content=\"index, follow, max-snippet:-1, max-image-preview:large, max-video-preview:-1\" \/>\n<link rel=\"canonical\" href=\"https:\/\/www.chinatopack.com\/fr\/produit\/custom-print-biodegradable-cosmetic-packaging-box-skin-care-gift-box-with-gold-silver-stamping-and-embossing\/\" \/>\n<meta property=\"og:locale\" content=\"fr_FR\" \/>\n<meta property=\"og:type\" content=\"article\" \/>\n<meta property=\"og:title\" content=\"Cosmetic Packaging Box Manufacturer | Eco Luxury\" \/>\n<meta property=\"og:description\" content=\"Cosmetic Box Manufacturer: FSC\/recycled custom boxes w\/ foil\/UV finishes. Precision manufacturing for skincare\/makeup brands. Request quote!\" \/>\n<meta property=\"og:url\" content=\"https:\/\/www.chinatopack.com\/fr\/produit\/custom-print-biodegradable-cosmetic-packaging-box-skin-care-gift-box-with-gold-silver-stamping-and-embossing\/\" \/>\n<meta property=\"og:site_name\" content=\"TOPACK Paper Boxes\" \/>\n<meta property=\"article:publisher\" content=\"https:\/\/www.facebook.com\/ChinaTopack\/\" \/>\n<meta property=\"article:modified_time\" content=\"2025-08-12T09:59:10+00:00\" \/>\n<meta property=\"og:image\" content=\"https:\/\/www.chinatopack.com\/wp-content\/uploads\/2025\/06\/Custom-Print-Biodegradable-Cosmetic-Packaging-Box-Skin-Care-Gift-Box-with-Gold-Silver-Stamping-and-Embossing-1.webp\" \/>\n\t<meta property=\"og:image:width\" content=\"790\" \/>\n\t<meta property=\"og:image:height\" content=\"733\" \/>\n\t<meta property=\"og:image:type\" content=\"image\/webp\" \/>\n<meta name=\"twitter:card\" content=\"summary_large_image\" \/>\n<meta name=\"twitter:label1\" content=\"Dur\u00e9e de lecture estim\u00e9e\" \/>\n\t<meta name=\"twitter:data1\" content=\"2 minutes\" \/>\n<script type=\"application\/ld+json\" class=\"yoast-schema-graph\">{\"@context\":\"https:\/\/schema.org\",\"@graph\":[{\"@type\":\"WebPage\",\"@id\":\"https:\/\/www.chinatopack.com\/product\/custom-print-biodegradable-cosmetic-packaging-box-skin-care-gift-box-with-gold-silver-stamping-and-embossing\/\",\"url\":\"https:\/\/www.chinatopack.com\/product\/custom-print-biodegradable-cosmetic-packaging-box-skin-care-gift-box-with-gold-silver-stamping-and-embossing\/\",\"name\":\"Cosmetic Packaging Box Manufacturer | Eco Luxury\",\"isPartOf\":{\"@id\":\"https:\/\/www.chinatopack.com\/#website\"},\"primaryImageOfPage\":{\"@id\":\"https:\/\/www.chinatopack.com\/product\/custom-print-biodegradable-cosmetic-packaging-box-skin-care-gift-box-with-gold-silver-stamping-and-embossing\/#primaryimage\"},\"image\":{\"@id\":\"https:\/\/www.chinatopack.com\/product\/custom-print-biodegradable-cosmetic-packaging-box-skin-care-gift-box-with-gold-silver-stamping-and-embossing\/#primaryimage\"},\"thumbnailUrl\":\"https:\/\/www.chinatopack.com\/wp-content\/uploads\/2025\/06\/Custom-Print-Biodegradable-Cosmetic-Packaging-Box-Skin-Care-Gift-Box-with-Gold-Silver-Stamping-and-Embossing-1.webp\",\"datePublished\":\"2025-06-16T10:59:06+00:00\",\"dateModified\":\"2025-08-12T09:59:10+00:00\",\"description\":\"Cosmetic Box Manufacturer: FSC\/recycled custom boxes w\/ foil\/UV finishes. Precision manufacturing for skincare\/makeup brands. Request quote!\",\"breadcrumb\":{\"@id\":\"https:\/\/www.chinatopack.com\/product\/custom-print-biodegradable-cosmetic-packaging-box-skin-care-gift-box-with-gold-silver-stamping-and-embossing\/#breadcrumb\"},\"inLanguage\":\"fr-FR\",\"potentialAction\":[{\"@type\":\"ReadAction\",\"target\":[\"https:\/\/www.chinatopack.com\/product\/custom-print-biodegradable-cosmetic-packaging-box-skin-care-gift-box-with-gold-silver-stamping-and-embossing\/\"]}]},{\"@type\":\"ImageObject\",\"inLanguage\":\"fr-FR\",\"@id\":\"https:\/\/www.chinatopack.com\/product\/custom-print-biodegradable-cosmetic-packaging-box-skin-care-gift-box-with-gold-silver-stamping-and-embossing\/#primaryimage\",\"url\":\"https:\/\/www.chinatopack.com\/wp-content\/uploads\/2025\/06\/Custom-Print-Biodegradable-Cosmetic-Packaging-Box-Skin-Care-Gift-Box-with-Gold-Silver-Stamping-and-Embossing-1.webp\",\"contentUrl\":\"https:\/\/www.chinatopack.com\/wp-content\/uploads\/2025\/06\/Custom-Print-Biodegradable-Cosmetic-Packaging-Box-Skin-Care-Gift-Box-with-Gold-Silver-Stamping-and-Embossing-1.webp\",\"width\":790,\"height\":733,\"caption\":\"Custom Print Biodegradable Cosmetic Packaging Box Skin Care Gift Box with Gold Silver Stamping and Embossing\"},{\"@type\":\"BreadcrumbList\",\"@id\":\"https:\/\/www.chinatopack.com\/product\/custom-print-biodegradable-cosmetic-packaging-box-skin-care-gift-box-with-gold-silver-stamping-and-embossing\/#breadcrumb\",\"itemListElement\":[{\"@type\":\"ListItem\",\"position\":1,\"name\":\"Home\",\"item\":\"https:\/\/www.chinatopack.com\/\"},{\"@type\":\"ListItem\",\"position\":2,\"name\":\"Products\",\"item\":\"https:\/\/www.chinatopack.com\/shop\/\"},{\"@type\":\"ListItem\",\"position\":3,\"name\":\"Custom Print Biodegradable Cosmetic Packaging Box Skin Care Gift Box with Gold Silver Stamping and Embossing\"}]},{\"@type\":\"WebSite\",\"@id\":\"https:\/\/www.chinatopack.com\/#website\",\"url\":\"https:\/\/www.chinatopack.com\/\",\"name\":\"TOPACK Paper Boxes\",\"description\":\"\",\"publisher\":{\"@id\":\"https:\/\/www.chinatopack.com\/#organization\"},\"potentialAction\":[{\"@type\":\"SearchAction\",\"target\":{\"@type\":\"EntryPoint\",\"urlTemplate\":\"https:\/\/www.chinatopack.com\/?s={search_term_string}\"},\"query-input\":\"required name=search_term_string\"}],\"inLanguage\":\"fr-FR\"},{\"@type\":\"Organization\",\"@id\":\"https:\/\/www.chinatopack.com\/#organization\",\"name\":\"TOPACK Paper Boxes\",\"url\":\"https:\/\/www.chinatopack.com\/\",\"logo\":{\"@type\":\"ImageObject\",\"inLanguage\":\"fr-FR\",\"@id\":\"https:\/\/www.chinatopack.com\/#\/schema\/logo\/image\/\",\"url\":\"https:\/\/www.chinatopack.com\/wp-content\/uploads\/2025\/11\/logo2.webp\",\"contentUrl\":\"https:\/\/www.chinatopack.com\/wp-content\/uploads\/2025\/11\/logo2.webp\",\"width\":512,\"height\":512,\"caption\":\"TOPACK Paper Boxes\"},\"image\":{\"@id\":\"https:\/\/www.chinatopack.com\/#\/schema\/logo\/image\/\"},\"sameAs\":[\"https:\/\/www.facebook.com\/ChinaTopack\/\",\"https:\/\/www.youtube.com\/@chinatopack\"]}]}<\/script>\n<!-- \/ Yoast SEO plugin. -->","yoast_head_json":{"title":"Cosmetic Packaging Box Manufacturer | Eco Luxury","description":"Cosmetic Box Manufacturer: FSC\/recycled custom boxes w\/ foil\/UV finishes. Precision manufacturing for skincare\/makeup brands. Request quote!","robots":{"index":"index","follow":"follow","max-snippet":"max-snippet:-1","max-image-preview":"max-image-preview:large","max-video-preview":"max-video-preview:-1"},"canonical":"https:\/\/www.chinatopack.com\/fr\/produit\/custom-print-biodegradable-cosmetic-packaging-box-skin-care-gift-box-with-gold-silver-stamping-and-embossing\/","og_locale":"fr_FR","og_type":"article","og_title":"Cosmetic Packaging Box Manufacturer | Eco Luxury","og_description":"Cosmetic Box Manufacturer: FSC\/recycled custom boxes w\/ foil\/UV finishes. Precision manufacturing for skincare\/makeup brands. Request quote!","og_url":"https:\/\/www.chinatopack.com\/fr\/produit\/custom-print-biodegradable-cosmetic-packaging-box-skin-care-gift-box-with-gold-silver-stamping-and-embossing\/","og_site_name":"TOPACK Paper Boxes","article_publisher":"https:\/\/www.facebook.com\/ChinaTopack\/","article_modified_time":"2025-08-12T09:59:10+00:00","og_image":[{"width":790,"height":733,"url":"https:\/\/www.chinatopack.com\/wp-content\/uploads\/2025\/06\/Custom-Print-Biodegradable-Cosmetic-Packaging-Box-Skin-Care-Gift-Box-with-Gold-Silver-Stamping-and-Embossing-1.webp","type":"image\/webp"}],"twitter_card":"summary_large_image","twitter_misc":{"Dur\u00e9e de lecture estim\u00e9e":"2 minutes"},"schema":{"@context":"https:\/\/schema.org","@graph":[{"@type":"WebPage","@id":"https:\/\/www.chinatopack.com\/product\/custom-print-biodegradable-cosmetic-packaging-box-skin-care-gift-box-with-gold-silver-stamping-and-embossing\/","url":"https:\/\/www.chinatopack.com\/product\/custom-print-biodegradable-cosmetic-packaging-box-skin-care-gift-box-with-gold-silver-stamping-and-embossing\/","name":"Cosmetic Packaging Box Manufacturer | Eco Luxury","isPartOf":{"@id":"https:\/\/www.chinatopack.com\/#website"},"primaryImageOfPage":{"@id":"https:\/\/www.chinatopack.com\/product\/custom-print-biodegradable-cosmetic-packaging-box-skin-care-gift-box-with-gold-silver-stamping-and-embossing\/#primaryimage"},"image":{"@id":"https:\/\/www.chinatopack.com\/product\/custom-print-biodegradable-cosmetic-packaging-box-skin-care-gift-box-with-gold-silver-stamping-and-embossing\/#primaryimage"},"thumbnailUrl":"https:\/\/www.chinatopack.com\/wp-content\/uploads\/2025\/06\/Custom-Print-Biodegradable-Cosmetic-Packaging-Box-Skin-Care-Gift-Box-with-Gold-Silver-Stamping-and-Embossing-1.webp","datePublished":"2025-06-16T10:59:06+00:00","dateModified":"2025-08-12T09:59:10+00:00","description":"Cosmetic Box Manufacturer: FSC\/recycled custom boxes w\/ foil\/UV finishes. Precision manufacturing for skincare\/makeup brands. Request quote!","breadcrumb":{"@id":"https:\/\/www.chinatopack.com\/product\/custom-print-biodegradable-cosmetic-packaging-box-skin-care-gift-box-with-gold-silver-stamping-and-embossing\/#breadcrumb"},"inLanguage":"fr-FR","potentialAction":[{"@type":"ReadAction","target":["https:\/\/www.chinatopack.com\/product\/custom-print-biodegradable-cosmetic-packaging-box-skin-care-gift-box-with-gold-silver-stamping-and-embossing\/"]}]},{"@type":"ImageObject","inLanguage":"fr-FR","@id":"https:\/\/www.chinatopack.com\/product\/custom-print-biodegradable-cosmetic-packaging-box-skin-care-gift-box-with-gold-silver-stamping-and-embossing\/#primaryimage","url":"https:\/\/www.chinatopack.com\/wp-content\/uploads\/2025\/06\/Custom-Print-Biodegradable-Cosmetic-Packaging-Box-Skin-Care-Gift-Box-with-Gold-Silver-Stamping-and-Embossing-1.webp","contentUrl":"https:\/\/www.chinatopack.com\/wp-content\/uploads\/2025\/06\/Custom-Print-Biodegradable-Cosmetic-Packaging-Box-Skin-Care-Gift-Box-with-Gold-Silver-Stamping-and-Embossing-1.webp","width":790,"height":733,"caption":"Custom Print Biodegradable Cosmetic Packaging Box Skin Care Gift Box with Gold Silver Stamping and Embossing"},{"@type":"BreadcrumbList","@id":"https:\/\/www.chinatopack.com\/product\/custom-print-biodegradable-cosmetic-packaging-box-skin-care-gift-box-with-gold-silver-stamping-and-embossing\/#breadcrumb","itemListElement":[{"@type":"ListItem","position":1,"name":"Home","item":"https:\/\/www.chinatopack.com\/"},{"@type":"ListItem","position":2,"name":"Products","item":"https:\/\/www.chinatopack.com\/shop\/"},{"@type":"ListItem","position":3,"name":"Custom Print Biodegradable Cosmetic Packaging Box Skin Care Gift Box with Gold Silver Stamping and Embossing"}]},{"@type":"WebSite","@id":"https:\/\/www.chinatopack.com\/#website","url":"https:\/\/www.chinatopack.com\/","name":"TOPACK Paper Boxes","description":"","publisher":{"@id":"https:\/\/www.chinatopack.com\/#organization"},"potentialAction":[{"@type":"SearchAction","target":{"@type":"EntryPoint","urlTemplate":"https:\/\/www.chinatopack.com\/?s={search_term_string}"},"query-input":"required name=search_term_string"}],"inLanguage":"fr-FR"},{"@type":"Organization","@id":"https:\/\/www.chinatopack.com\/#organization","name":"TOPACK Paper Boxes","url":"https:\/\/www.chinatopack.com\/","logo":{"@type":"ImageObject","inLanguage":"fr-FR","@id":"https:\/\/www.chinatopack.com\/#\/schema\/logo\/image\/","url":"https:\/\/www.chinatopack.com\/wp-content\/uploads\/2025\/11\/logo2.webp","contentUrl":"https:\/\/www.chinatopack.com\/wp-content\/uploads\/2025\/11\/logo2.webp","width":512,"height":512,"caption":"TOPACK Paper Boxes"},"image":{"@id":"https:\/\/www.chinatopack.com\/#\/schema\/logo\/image\/"},"sameAs":["https:\/\/www.facebook.com\/ChinaTopack\/","https:\/\/www.youtube.com\/@chinatopack"]}]}},"_links":{"self":[{"href":"https:\/\/www.chinatopack.com\/fr\/wp-json\/wp\/v2\/product\/12462"}],"collection":[{"href":"https:\/\/www.chinatopack.com\/fr\/wp-json\/wp\/v2\/product"}],"about":[{"href":"https:\/\/www.chinatopack.com\/fr\/wp-json\/wp\/v2\/types\/product"}],"replies":[{"embeddable":true,"href":"https:\/\/www.chinatopack.com\/fr\/wp-json\/wp\/v2\/comments?post=12462"}],"wp:featuredmedia":[{"embeddable":true,"href":"https:\/\/www.chinatopack.com\/fr\/wp-json\/wp\/v2\/media\/12463"}],"wp:attachment":[{"href":"https:\/\/www.chinatopack.com\/fr\/wp-json\/wp\/v2\/media?parent=12462"}],"wp:term":[{"taxonomy":"product_cat","embeddable":true,"href":"https:\/\/www.chinatopack.com\/fr\/wp-json\/wp\/v2\/product_cat?post=12462"},{"taxonomy":"product_tag","embeddable":true,"href":"https:\/\/www.chinatopack.com\/fr\/wp-json\/wp\/v2\/product_tag?post=12462"}],"curies":[{"name":"wp","href":"https:\/\/api.w.org\/{rel}","templated":true}]}}