{"id":12467,"date":"2025-06-16T11:14:27","date_gmt":"2025-06-16T11:14:27","guid":{"rendered":"https:\/\/www.chinatopack.com\/?post_type=product&#038;p=12467"},"modified":"2025-08-12T10:02:24","modified_gmt":"2025-08-12T10:02:24","slug":"factory-custom-printing-cosmetic-packaging-box-for-skin-care-perfume-products","status":"publish","type":"product","link":"https:\/\/www.chinatopack.com\/fr\/produit\/factory-custom-printing-cosmetic-packaging-box-for-skin-care-perfume-products\/","title":{"rendered":"Bo\u00eete d'emballage cosm\u00e9tique imprim\u00e9e en usine pour les produits de soin de la peau et les parfums"},"content":{"rendered":"<h2>Bo\u00eete en papier pour cosm\u00e9tiques<\/h2>\n<h3>Bo\u00eetes en papier pour cosm\u00e9tiques de qualit\u00e9 sup\u00e9rieure : \u00c9l\u00e9gance, qualit\u00e9 et durabilit\u00e9<\/h3>\n<p>La production de nos produits haut de gamme <a href=\"https:\/\/www.chinatopack.com\/fr\/category\/cosmetic-box\/\"><strong>bo\u00eetes \u00e0 cosm\u00e9tiques<\/strong><\/a> sont fabriqu\u00e9s \u00e0 partir de mat\u00e9riaux respectueux de l'environnement soigneusement s\u00e9lectionn\u00e9s, ce qui garantit leur durabilit\u00e9 et leur finition luxueuse. Chaque bo\u00eete est d\u00e9coup\u00e9e avec pr\u00e9cision, soumise \u00e0 des techniques d'impression avanc\u00e9es (comme le gaufrage, l'estampage ou le rev\u00eatement UV) et assembl\u00e9e m\u00e9ticuleusement pour cr\u00e9er une pr\u00e9sentation impeccable. Notre processus rationalis\u00e9 maintient un contr\u00f4le de qualit\u00e9 strict, avec un d\u00e9lai de livraison standard de 10 \u00e0 15 jours (personnalisable pour les besoins urgents).<\/p>\n<p>Con\u00e7us pour les \"marques de beaut\u00e9 de luxe, les lignes de soins de la peau et les produits de maquillage haut de gamme\", ces produits ont \u00e9t\u00e9 con\u00e7us pour \u00eatre utilis\u00e9s dans le monde entier. <a href=\"https:\/\/www.chinatopack.com\/fr\/etiquette-produit\/cosmetic-kit-box\/\"><strong>bo\u00eete pour kit cosm\u00e9tique<\/strong><\/a> pourraient s'adresser \u00e0 des consommateurs exigeants qui appr\u00e9cient la sophistication et la durabilit\u00e9. Id\u00e9ales pour les \"coffrets cadeaux, les \u00e9ditions limit\u00e9es ou les emballages de vente au d\u00e9tail\", elles am\u00e9liorent les exp\u00e9riences de d\u00e9ballage tout en renfor\u00e7ant le prestige de la marque.<\/p>\n<p>Comme l'une des personnalisations <a href=\"https:\/\/www.chinatopack.com\/fr\/about-us\/\"><strong>fabricants de bo\u00eetes \u00e0 cosm\u00e9tiques<\/strong><\/a> Avec plus de 20 ans d'exp\u00e9rience, nous pouvons fournir des conseils professionnels et d'autres types de services. <a href=\"https:\/\/www.chinatopack.com\/fr\/produit\/factory-custom-printing-packaging-boxes-for-skin-care-perfume-products\/\"><strong>bo\u00eete d'emballage cosm\u00e9tique<\/strong><\/a>Les bo\u00eetes pliantes et les bo\u00eetes en forme de livre, etc. Afin de garantir la qualit\u00e9 de nos <a href=\"https:\/\/www.chinatopack.com\/fr\/\"><strong>bo\u00eetes \u00e0 cosm\u00e9tiques en gros<\/strong><\/a>Notre \u00e9quipe d'inspection de la qualit\u00e9 ne se contente pas d'inspecter le produit fini, mais proc\u00e8de \u00e9galement \u00e0 l'inspection \u00e0 l'arriv\u00e9e et \u00e0 l'inspection du processus. Tous les sacs d'emballage seront emball\u00e9s dans un carton kraft \u00e0 cinq couches avant le transport afin de garantir qu'ils ne seront pas endommag\u00e9s pendant le transport.<\/p>\n<h2>Photos des produits<\/h2>\n<p><img loading=\"lazy\" decoding=\"async\" class=\"size-full wp-image-12473 aligncenter\" data-src=\"https:\/\/www.chinatopack.com\/wp-content\/uploads\/2025\/06\/Factory-Custom-Printing-Packaging-Boxes-for-Skin-Care-Perfume-Products-4.webp\" alt=\"Bo\u00eetes d&#039;emballage imprim\u00e9es en usine pour les produits de soin de la peau et les parfums\" width=\"800\" height=\"800\" srcset=\"https:\/\/www.chinatopack.com\/wp-content\/uploads\/2025\/06\/Factory-Custom-Printing-Packaging-Boxes-for-Skin-Care-Perfume-Products-4.webp 800w, https:\/\/www.chinatopack.com\/wp-content\/uploads\/2025\/06\/Factory-Custom-Printing-Packaging-Boxes-for-Skin-Care-Perfume-Products-4-480x480.webp 480w\" sizes=\"(min-width: 0px) and (max-width: 480px) 480px, (min-width: 481px) 800px, 100vw\" \/> <img loading=\"lazy\" decoding=\"async\" class=\"size-full wp-image-12474 aligncenter\" data-src=\"https:\/\/www.chinatopack.com\/wp-content\/uploads\/2025\/06\/Factory-Custom-Printing-Packaging-Boxes-for-Skin-Care-Perfume-Products-5.webp\" alt=\"Bo\u00eetes d&#039;emballage imprim\u00e9es en usine pour les produits de soin de la peau et les parfums\" width=\"800\" height=\"800\" srcset=\"https:\/\/www.chinatopack.com\/wp-content\/uploads\/2025\/06\/Factory-Custom-Printing-Packaging-Boxes-for-Skin-Care-Perfume-Products-5.webp 800w, https:\/\/www.chinatopack.com\/wp-content\/uploads\/2025\/06\/Factory-Custom-Printing-Packaging-Boxes-for-Skin-Care-Perfume-Products-5-480x480.webp 480w\" sizes=\"(min-width: 0px) and (max-width: 480px) 480px, (min-width: 481px) 800px, 100vw\" \/><\/p>","protected":false},"excerpt":{"rendered":"<p>Haut de gamme et durable<br \/>\nFabriqu\u00e9es \u00e0 partir de panneaux de particules et de papiers sp\u00e9ciaux de la plus haute qualit\u00e9, ces bo\u00eetes personnalis\u00e9es avec couvercle sont con\u00e7ues pour assurer la s\u00e9curit\u00e9 de vos produits tout en leur conf\u00e9rant un aspect et un toucher haut de gamme. Le couvercle amovible permet d'ouvrir le cadeau en toute simplicit\u00e9.<\/p>","protected":false},"featured_media":12468,"comment_status":"closed","ping_status":"closed","template":"","meta":{"_et_pb_use_builder":"","_et_pb_old_content":"","_et_gb_content_width":""},"product_cat":[309],"product_tag":[298],"yoast_head":"<!-- This site is optimized with the Yoast SEO plugin v22.7 - https:\/\/yoast.com\/wordpress\/plugins\/seo\/ -->\n<title>Luxury Cosmetic Box Manufacturer | Eco<\/title>\n<meta name=\"description\" content=\"Cosmetic Box Manufacturer: 20+ yrs crafting eco-luxury boxes w\/ foil\/embossing. Rigorous 3-stage QC &amp; custom lead times. For premium beauty brands. Request quote!\" \/>\n<meta name=\"robots\" content=\"index, follow, max-snippet:-1, max-image-preview:large, max-video-preview:-1\" \/>\n<link rel=\"canonical\" href=\"https:\/\/www.chinatopack.com\/fr\/produit\/factory-custom-printing-cosmetic-packaging-box-for-skin-care-perfume-products\/\" \/>\n<meta property=\"og:locale\" content=\"fr_FR\" \/>\n<meta property=\"og:type\" content=\"article\" \/>\n<meta property=\"og:title\" content=\"Luxury Cosmetic Box Manufacturer | Eco\" \/>\n<meta property=\"og:description\" content=\"Cosmetic Box Manufacturer: 20+ yrs crafting eco-luxury boxes w\/ foil\/embossing. Rigorous 3-stage QC &amp; custom lead times. For premium beauty brands. Request quote!\" \/>\n<meta property=\"og:url\" content=\"https:\/\/www.chinatopack.com\/fr\/produit\/factory-custom-printing-cosmetic-packaging-box-for-skin-care-perfume-products\/\" \/>\n<meta property=\"og:site_name\" content=\"TOPACK Paper Boxes\" \/>\n<meta property=\"article:publisher\" content=\"https:\/\/www.facebook.com\/ChinaTopack\/\" \/>\n<meta property=\"article:modified_time\" content=\"2025-08-12T10:02:24+00:00\" \/>\n<meta property=\"og:image\" content=\"https:\/\/www.chinatopack.com\/wp-content\/uploads\/2025\/06\/Factory-Custom-Printing-Packaging-Boxes-for-Skin-Care-Perfume-Products-1.webp\" \/>\n\t<meta property=\"og:image:width\" content=\"800\" \/>\n\t<meta property=\"og:image:height\" content=\"800\" \/>\n\t<meta property=\"og:image:type\" content=\"image\/webp\" \/>\n<meta name=\"twitter:card\" content=\"summary_large_image\" \/>\n<meta name=\"twitter:label1\" content=\"Dur\u00e9e de lecture estim\u00e9e\" \/>\n\t<meta name=\"twitter:data1\" content=\"2 minutes\" \/>\n<script type=\"application\/ld+json\" class=\"yoast-schema-graph\">{\"@context\":\"https:\/\/schema.org\",\"@graph\":[{\"@type\":\"WebPage\",\"@id\":\"https:\/\/www.chinatopack.com\/product\/factory-custom-printing-cosmetic-packaging-box-for-skin-care-perfume-products\/\",\"url\":\"https:\/\/www.chinatopack.com\/product\/factory-custom-printing-cosmetic-packaging-box-for-skin-care-perfume-products\/\",\"name\":\"Luxury Cosmetic Box Manufacturer | Eco\",\"isPartOf\":{\"@id\":\"https:\/\/www.chinatopack.com\/#website\"},\"primaryImageOfPage\":{\"@id\":\"https:\/\/www.chinatopack.com\/product\/factory-custom-printing-cosmetic-packaging-box-for-skin-care-perfume-products\/#primaryimage\"},\"image\":{\"@id\":\"https:\/\/www.chinatopack.com\/product\/factory-custom-printing-cosmetic-packaging-box-for-skin-care-perfume-products\/#primaryimage\"},\"thumbnailUrl\":\"https:\/\/www.chinatopack.com\/wp-content\/uploads\/2025\/06\/Factory-Custom-Printing-Packaging-Boxes-for-Skin-Care-Perfume-Products-1.webp\",\"datePublished\":\"2025-06-16T11:14:27+00:00\",\"dateModified\":\"2025-08-12T10:02:24+00:00\",\"description\":\"Cosmetic Box Manufacturer: 20+ yrs crafting eco-luxury boxes w\/ foil\/embossing. Rigorous 3-stage QC & custom lead times. For premium beauty brands. Request quote!\",\"breadcrumb\":{\"@id\":\"https:\/\/www.chinatopack.com\/product\/factory-custom-printing-cosmetic-packaging-box-for-skin-care-perfume-products\/#breadcrumb\"},\"inLanguage\":\"fr-FR\",\"potentialAction\":[{\"@type\":\"ReadAction\",\"target\":[\"https:\/\/www.chinatopack.com\/product\/factory-custom-printing-cosmetic-packaging-box-for-skin-care-perfume-products\/\"]}]},{\"@type\":\"ImageObject\",\"inLanguage\":\"fr-FR\",\"@id\":\"https:\/\/www.chinatopack.com\/product\/factory-custom-printing-cosmetic-packaging-box-for-skin-care-perfume-products\/#primaryimage\",\"url\":\"https:\/\/www.chinatopack.com\/wp-content\/uploads\/2025\/06\/Factory-Custom-Printing-Packaging-Boxes-for-Skin-Care-Perfume-Products-1.webp\",\"contentUrl\":\"https:\/\/www.chinatopack.com\/wp-content\/uploads\/2025\/06\/Factory-Custom-Printing-Packaging-Boxes-for-Skin-Care-Perfume-Products-1.webp\",\"width\":800,\"height\":800,\"caption\":\"Factory Custom Printing Packaging Boxes for Skin Care Perfume Products\"},{\"@type\":\"BreadcrumbList\",\"@id\":\"https:\/\/www.chinatopack.com\/product\/factory-custom-printing-cosmetic-packaging-box-for-skin-care-perfume-products\/#breadcrumb\",\"itemListElement\":[{\"@type\":\"ListItem\",\"position\":1,\"name\":\"Home\",\"item\":\"https:\/\/www.chinatopack.com\/\"},{\"@type\":\"ListItem\",\"position\":2,\"name\":\"Products\",\"item\":\"https:\/\/www.chinatopack.com\/shop\/\"},{\"@type\":\"ListItem\",\"position\":3,\"name\":\"Factory Custom Printing Cosmetic Packaging Box For Skin Care Perfume Products\"}]},{\"@type\":\"WebSite\",\"@id\":\"https:\/\/www.chinatopack.com\/#website\",\"url\":\"https:\/\/www.chinatopack.com\/\",\"name\":\"TOPACK Paper Boxes\",\"description\":\"\",\"publisher\":{\"@id\":\"https:\/\/www.chinatopack.com\/#organization\"},\"potentialAction\":[{\"@type\":\"SearchAction\",\"target\":{\"@type\":\"EntryPoint\",\"urlTemplate\":\"https:\/\/www.chinatopack.com\/?s={search_term_string}\"},\"query-input\":\"required name=search_term_string\"}],\"inLanguage\":\"fr-FR\"},{\"@type\":\"Organization\",\"@id\":\"https:\/\/www.chinatopack.com\/#organization\",\"name\":\"TOPACK Paper Boxes\",\"url\":\"https:\/\/www.chinatopack.com\/\",\"logo\":{\"@type\":\"ImageObject\",\"inLanguage\":\"fr-FR\",\"@id\":\"https:\/\/www.chinatopack.com\/#\/schema\/logo\/image\/\",\"url\":\"https:\/\/www.chinatopack.com\/wp-content\/uploads\/2025\/11\/logo2.webp\",\"contentUrl\":\"https:\/\/www.chinatopack.com\/wp-content\/uploads\/2025\/11\/logo2.webp\",\"width\":512,\"height\":512,\"caption\":\"TOPACK Paper Boxes\"},\"image\":{\"@id\":\"https:\/\/www.chinatopack.com\/#\/schema\/logo\/image\/\"},\"sameAs\":[\"https:\/\/www.facebook.com\/ChinaTopack\/\",\"https:\/\/www.youtube.com\/@chinatopack\"]}]}<\/script>\n<!-- \/ Yoast SEO plugin. -->","yoast_head_json":{"title":"Luxury Cosmetic Box Manufacturer | Eco","description":"Cosmetic Box Manufacturer: 20+ yrs crafting eco-luxury boxes w\/ foil\/embossing. Rigorous 3-stage QC & custom lead times. For premium beauty brands. Request quote!","robots":{"index":"index","follow":"follow","max-snippet":"max-snippet:-1","max-image-preview":"max-image-preview:large","max-video-preview":"max-video-preview:-1"},"canonical":"https:\/\/www.chinatopack.com\/fr\/produit\/factory-custom-printing-cosmetic-packaging-box-for-skin-care-perfume-products\/","og_locale":"fr_FR","og_type":"article","og_title":"Luxury Cosmetic Box Manufacturer | Eco","og_description":"Cosmetic Box Manufacturer: 20+ yrs crafting eco-luxury boxes w\/ foil\/embossing. Rigorous 3-stage QC & custom lead times. For premium beauty brands. Request quote!","og_url":"https:\/\/www.chinatopack.com\/fr\/produit\/factory-custom-printing-cosmetic-packaging-box-for-skin-care-perfume-products\/","og_site_name":"TOPACK Paper Boxes","article_publisher":"https:\/\/www.facebook.com\/ChinaTopack\/","article_modified_time":"2025-08-12T10:02:24+00:00","og_image":[{"width":800,"height":800,"url":"https:\/\/www.chinatopack.com\/wp-content\/uploads\/2025\/06\/Factory-Custom-Printing-Packaging-Boxes-for-Skin-Care-Perfume-Products-1.webp","type":"image\/webp"}],"twitter_card":"summary_large_image","twitter_misc":{"Dur\u00e9e de lecture estim\u00e9e":"2 minutes"},"schema":{"@context":"https:\/\/schema.org","@graph":[{"@type":"WebPage","@id":"https:\/\/www.chinatopack.com\/product\/factory-custom-printing-cosmetic-packaging-box-for-skin-care-perfume-products\/","url":"https:\/\/www.chinatopack.com\/product\/factory-custom-printing-cosmetic-packaging-box-for-skin-care-perfume-products\/","name":"Luxury Cosmetic Box Manufacturer | Eco","isPartOf":{"@id":"https:\/\/www.chinatopack.com\/#website"},"primaryImageOfPage":{"@id":"https:\/\/www.chinatopack.com\/product\/factory-custom-printing-cosmetic-packaging-box-for-skin-care-perfume-products\/#primaryimage"},"image":{"@id":"https:\/\/www.chinatopack.com\/product\/factory-custom-printing-cosmetic-packaging-box-for-skin-care-perfume-products\/#primaryimage"},"thumbnailUrl":"https:\/\/www.chinatopack.com\/wp-content\/uploads\/2025\/06\/Factory-Custom-Printing-Packaging-Boxes-for-Skin-Care-Perfume-Products-1.webp","datePublished":"2025-06-16T11:14:27+00:00","dateModified":"2025-08-12T10:02:24+00:00","description":"Cosmetic Box Manufacturer: 20+ yrs crafting eco-luxury boxes w\/ foil\/embossing. Rigorous 3-stage QC & custom lead times. For premium beauty brands. Request quote!","breadcrumb":{"@id":"https:\/\/www.chinatopack.com\/product\/factory-custom-printing-cosmetic-packaging-box-for-skin-care-perfume-products\/#breadcrumb"},"inLanguage":"fr-FR","potentialAction":[{"@type":"ReadAction","target":["https:\/\/www.chinatopack.com\/product\/factory-custom-printing-cosmetic-packaging-box-for-skin-care-perfume-products\/"]}]},{"@type":"ImageObject","inLanguage":"fr-FR","@id":"https:\/\/www.chinatopack.com\/product\/factory-custom-printing-cosmetic-packaging-box-for-skin-care-perfume-products\/#primaryimage","url":"https:\/\/www.chinatopack.com\/wp-content\/uploads\/2025\/06\/Factory-Custom-Printing-Packaging-Boxes-for-Skin-Care-Perfume-Products-1.webp","contentUrl":"https:\/\/www.chinatopack.com\/wp-content\/uploads\/2025\/06\/Factory-Custom-Printing-Packaging-Boxes-for-Skin-Care-Perfume-Products-1.webp","width":800,"height":800,"caption":"Factory Custom Printing Packaging Boxes for Skin Care Perfume Products"},{"@type":"BreadcrumbList","@id":"https:\/\/www.chinatopack.com\/product\/factory-custom-printing-cosmetic-packaging-box-for-skin-care-perfume-products\/#breadcrumb","itemListElement":[{"@type":"ListItem","position":1,"name":"Home","item":"https:\/\/www.chinatopack.com\/"},{"@type":"ListItem","position":2,"name":"Products","item":"https:\/\/www.chinatopack.com\/shop\/"},{"@type":"ListItem","position":3,"name":"Factory Custom Printing Cosmetic Packaging Box For Skin Care Perfume Products"}]},{"@type":"WebSite","@id":"https:\/\/www.chinatopack.com\/#website","url":"https:\/\/www.chinatopack.com\/","name":"TOPACK Paper Boxes","description":"","publisher":{"@id":"https:\/\/www.chinatopack.com\/#organization"},"potentialAction":[{"@type":"SearchAction","target":{"@type":"EntryPoint","urlTemplate":"https:\/\/www.chinatopack.com\/?s={search_term_string}"},"query-input":"required name=search_term_string"}],"inLanguage":"fr-FR"},{"@type":"Organization","@id":"https:\/\/www.chinatopack.com\/#organization","name":"TOPACK Paper Boxes","url":"https:\/\/www.chinatopack.com\/","logo":{"@type":"ImageObject","inLanguage":"fr-FR","@id":"https:\/\/www.chinatopack.com\/#\/schema\/logo\/image\/","url":"https:\/\/www.chinatopack.com\/wp-content\/uploads\/2025\/11\/logo2.webp","contentUrl":"https:\/\/www.chinatopack.com\/wp-content\/uploads\/2025\/11\/logo2.webp","width":512,"height":512,"caption":"TOPACK Paper Boxes"},"image":{"@id":"https:\/\/www.chinatopack.com\/#\/schema\/logo\/image\/"},"sameAs":["https:\/\/www.facebook.com\/ChinaTopack\/","https:\/\/www.youtube.com\/@chinatopack"]}]}},"_links":{"self":[{"href":"https:\/\/www.chinatopack.com\/fr\/wp-json\/wp\/v2\/product\/12467"}],"collection":[{"href":"https:\/\/www.chinatopack.com\/fr\/wp-json\/wp\/v2\/product"}],"about":[{"href":"https:\/\/www.chinatopack.com\/fr\/wp-json\/wp\/v2\/types\/product"}],"replies":[{"embeddable":true,"href":"https:\/\/www.chinatopack.com\/fr\/wp-json\/wp\/v2\/comments?post=12467"}],"wp:featuredmedia":[{"embeddable":true,"href":"https:\/\/www.chinatopack.com\/fr\/wp-json\/wp\/v2\/media\/12468"}],"wp:attachment":[{"href":"https:\/\/www.chinatopack.com\/fr\/wp-json\/wp\/v2\/media?parent=12467"}],"wp:term":[{"taxonomy":"product_cat","embeddable":true,"href":"https:\/\/www.chinatopack.com\/fr\/wp-json\/wp\/v2\/product_cat?post=12467"},{"taxonomy":"product_tag","embeddable":true,"href":"https:\/\/www.chinatopack.com\/fr\/wp-json\/wp\/v2\/product_tag?post=12467"}],"curies":[{"name":"wp","href":"https:\/\/api.w.org\/{rel}","templated":true}]}}