{"id":12476,"date":"2025-06-16T11:29:19","date_gmt":"2025-06-16T11:29:19","guid":{"rendered":"https:\/\/www.chinatopack.com\/?post_type=product&#038;p=12476"},"modified":"2025-08-12T10:14:41","modified_gmt":"2025-08-12T10:14:41","slug":"custom-design-branded-packing-cosmetic-cosmetic-gift-boxes-packaging-skincare-packaging-box-with-window","status":"publish","type":"product","link":"https:\/\/www.chinatopack.com\/fr\/produit\/custom-design-branded-packing-cosmetic-cosmetic-gift-boxes-packaging-skincare-packaging-box-with-window\/","title":{"rendered":"Bo\u00eete d'emballage de produits cosm\u00e9tiques avec fen\u00eatre, design personnalis\u00e9"},"content":{"rendered":"<h2>Bo\u00eetes en papier pour cosm\u00e9tiques de qualit\u00e9 sup\u00e9rieure<\/h2>\n<h3>\u00c9l\u00e9gance, qualit\u00e9 et durabilit\u00e9<\/h3>\n<p>Chaque d\u00e9tail de notre <a href=\"https:\/\/www.chinatopack.com\/fr\/produit\/custom-design-branded-packing-cosmetic-cosmetic-gift-boxes-packaging-skincare-packaging-box-with-window\/\"><strong>bo\u00eetes-cadeaux pour cosm\u00e9tiques<\/strong><\/a> refl\u00e8te une excellence sans compromis. Du carton certifi\u00e9 FSC aux encres \u00e0 base de soja, nous associons des mat\u00e9riaux durables \u00e0 un savoir-faire artisanal. Chaque pi\u00e8ce subit 12 contr\u00f4les de qualit\u00e9 au cours de la production, ce qui garantit une int\u00e9grit\u00e9 structurelle sans faille et une impression parfaite. Notre d\u00e9lai d'ex\u00e9cution standard de 10 \u00e0 15 jours permet de r\u00e9pondre \u00e0 la plupart des commandes. Un service acc\u00e9l\u00e9r\u00e9 de 7 jours est disponible pour les campagnes urgentes.<\/p>\n<h3>Con\u00e7u pour les marques exigeantes<\/h3>\n<p>- Collections de soins et de maquillage de luxe<br \/>\n- Sets de vacances en \u00e9dition limit\u00e9e<br \/>\n- Lignes de produits de beaut\u00e9 biologiques<br \/>\n- Emballage des parfums de prestige<\/p>\n<h3>Pourquoi nous choisir ?<\/h3>\n<p>Fermetures et inserts magn\u00e9tiques personnalis\u00e9s, <a href=\"https:\/\/www.chinatopack.com\/fr\/\"><strong>bo\u00eete \u00e0 cosm\u00e9tiques personnalis\u00e9e<\/strong><\/a> disponible<br \/>\nGaufrage 3D et dorure \u00e0 chaud<br \/>\nEmballage de protection pr\u00eat pour la vente au d\u00e9tail<br \/>\nAugmentation de la valeur per\u00e7ue de 40% (donn\u00e9es d'\u00e9tudes de march\u00e9)<br \/>\nRev\u00eatement r\u00e9sistant aux rayures pour une brillance durable<\/p>\n<p>En tant que personnalisation <a href=\"https:\/\/www.chinatopack.com\/fr\/about-us\/\"><strong>fabricants de bo\u00eetes \u00e0 cosm\u00e9tiques<\/strong><\/a> Avec plus de 20 ans d'exp\u00e9rience, nous pouvons fournir des conseils professionnels\uff0cet d'autres types d'emballage <a href=\"https:\/\/www.chinatopack.com\/fr\/category\/cosmetic-box\/\"><strong>bo\u00eetes \u00e0 cosm\u00e9tiques<\/strong><\/a>Les produits de cette cat\u00e9gorie sont les suivants : bo\u00eetes pliantes, bo\u00eetes en forme de livre, etc. Afin de garantir la qualit\u00e9, notre \u00e9quipe d'inspection de la qualit\u00e9 ne se contente pas d'inspecter le produit fini, mais proc\u00e8de \u00e9galement \u00e0 l'inspection \u00e0 l'arriv\u00e9e et \u00e0 l'inspection du processus. Tous les produits <a href=\"https:\/\/www.chinatopack.com\/fr\/etiquette-produit\/cosmetic-kit-box\/\"><strong>bo\u00eete pour kit cosm\u00e9tique<\/strong><\/a> seront emball\u00e9s dans un carton kraft \u00e0 cinq couches avant le transport afin de garantir qu'ils ne seront pas endommag\u00e9s pendant le transport.<\/p>\n<h2>Photos du produit<\/h2>\n<p><img loading=\"lazy\" decoding=\"async\" class=\"size-full wp-image-12478 aligncenter\" data-src=\"https:\/\/www.chinatopack.com\/wp-content\/uploads\/2025\/06\/Custom-Design-Branded-Packing-Cosmetic-Gift-Packaging-Skincare-Packaging-Box-With-Window-9.webp\" alt=\"Emballage personnalis\u00e9 Emballage cosm\u00e9tique Emballage cadeau Emballage soin Bo\u00eete avec fen\u00eatre\" width=\"800\" height=\"800\" srcset=\"https:\/\/www.chinatopack.com\/wp-content\/uploads\/2025\/06\/Custom-Design-Branded-Packing-Cosmetic-Gift-Packaging-Skincare-Packaging-Box-With-Window-9.webp 800w, https:\/\/www.chinatopack.com\/wp-content\/uploads\/2025\/06\/Custom-Design-Branded-Packing-Cosmetic-Gift-Packaging-Skincare-Packaging-Box-With-Window-9-480x480.webp 480w\" sizes=\"(min-width: 0px) and (max-width: 480px) 480px, (min-width: 481px) 800px, 100vw\" \/> <img loading=\"lazy\" decoding=\"async\" class=\"size-full wp-image-12479 aligncenter\" data-src=\"https:\/\/www.chinatopack.com\/wp-content\/uploads\/2025\/06\/Custom-Design-Branded-Packing-Cosmetic-Gift-Packaging-Skincare-Packaging-Box-With-Window-2.webp\" alt=\"Emballage personnalis\u00e9 Emballage cosm\u00e9tique Emballage cadeau Emballage soin Bo\u00eete avec fen\u00eatre\" width=\"800\" height=\"800\" srcset=\"https:\/\/www.chinatopack.com\/wp-content\/uploads\/2025\/06\/Custom-Design-Branded-Packing-Cosmetic-Gift-Packaging-Skincare-Packaging-Box-With-Window-2.webp 800w, https:\/\/www.chinatopack.com\/wp-content\/uploads\/2025\/06\/Custom-Design-Branded-Packing-Cosmetic-Gift-Packaging-Skincare-Packaging-Box-With-Window-2-480x480.webp 480w\" sizes=\"(min-width: 0px) and (max-width: 480px) 480px, (min-width: 481px) 800px, 100vw\" \/> <img loading=\"lazy\" decoding=\"async\" class=\"size-full wp-image-12477 aligncenter\" data-src=\"https:\/\/www.chinatopack.com\/wp-content\/uploads\/2025\/06\/Custom-Design-Branded-Packing-Cosmetic-Gift-Packaging-Skincare-Packaging-Box-With-Window-1.webp\" alt=\"Emballage personnalis\u00e9 Emballage cosm\u00e9tique Emballage cadeau Emballage soin Bo\u00eete avec fen\u00eatre\" width=\"800\" height=\"800\" srcset=\"https:\/\/www.chinatopack.com\/wp-content\/uploads\/2025\/06\/Custom-Design-Branded-Packing-Cosmetic-Gift-Packaging-Skincare-Packaging-Box-With-Window-1.webp 800w, https:\/\/www.chinatopack.com\/wp-content\/uploads\/2025\/06\/Custom-Design-Branded-Packing-Cosmetic-Gift-Packaging-Skincare-Packaging-Box-With-Window-1-480x480.webp 480w\" sizes=\"(min-width: 0px) and (max-width: 480px) 480px, (min-width: 481px) 800px, 100vw\" \/><\/p>","protected":false},"excerpt":{"rendered":"<p>Couverture partielle<br \/>\nUn coffret cadeau classique avec une fen\u00eatre sur le couvercle pour mettre en valeur les produits \u00e0 l'int\u00e9rieur. Parfait pour pr\u00e9senter les produits sur une \u00e9tag\u00e8re.<\/p>","protected":false},"featured_media":12477,"comment_status":"closed","ping_status":"closed","template":"","meta":{"_et_pb_use_builder":"","_et_pb_old_content":"","_et_gb_content_width":""},"product_cat":[309],"product_tag":[298],"yoast_head":"<!-- This site is optimized with the Yoast SEO plugin v22.7 - https:\/\/yoast.com\/wordpress\/plugins\/seo\/ -->\n<title>Premium Cosmetic Gift Boxes Manufacturer | Luxury in China<\/title>\n<meta name=\"description\" content=\"Cosmetic Gift Boxes Manufacturer: FSC-certified luxury boxes w\/ 3D foil stamping &amp; scratch-resistant coating. 40% value boost. 20+ yrs, 12-step QC. Request quote!\" \/>\n<meta name=\"robots\" content=\"index, follow, max-snippet:-1, max-image-preview:large, max-video-preview:-1\" \/>\n<link rel=\"canonical\" href=\"https:\/\/www.chinatopack.com\/fr\/produit\/custom-design-branded-packing-cosmetic-cosmetic-gift-boxes-packaging-skincare-packaging-box-with-window\/\" \/>\n<meta property=\"og:locale\" content=\"fr_FR\" \/>\n<meta property=\"og:type\" content=\"article\" \/>\n<meta property=\"og:title\" content=\"Premium Cosmetic Gift Boxes Manufacturer | Luxury in China\" \/>\n<meta property=\"og:description\" content=\"Cosmetic Gift Boxes Manufacturer: FSC-certified luxury boxes w\/ 3D foil stamping &amp; scratch-resistant coating. 40% value boost. 20+ yrs, 12-step QC. Request quote!\" \/>\n<meta property=\"og:url\" content=\"https:\/\/www.chinatopack.com\/fr\/produit\/custom-design-branded-packing-cosmetic-cosmetic-gift-boxes-packaging-skincare-packaging-box-with-window\/\" \/>\n<meta property=\"og:site_name\" content=\"TOPACK Paper Boxes\" \/>\n<meta property=\"article:publisher\" content=\"https:\/\/www.facebook.com\/ChinaTopack\/\" \/>\n<meta property=\"article:modified_time\" content=\"2025-08-12T10:14:41+00:00\" \/>\n<meta property=\"og:image\" content=\"https:\/\/www.chinatopack.com\/wp-content\/uploads\/2025\/06\/Custom-Design-Branded-Packing-Cosmetic-Gift-Packaging-Skincare-Packaging-Box-With-Window-1.webp\" \/>\n\t<meta property=\"og:image:width\" content=\"800\" \/>\n\t<meta property=\"og:image:height\" content=\"800\" \/>\n\t<meta property=\"og:image:type\" content=\"image\/webp\" \/>\n<meta name=\"twitter:card\" content=\"summary_large_image\" \/>\n<meta name=\"twitter:label1\" content=\"Dur\u00e9e de lecture estim\u00e9e\" \/>\n\t<meta name=\"twitter:data1\" content=\"2 minutes\" \/>\n<script type=\"application\/ld+json\" class=\"yoast-schema-graph\">{\"@context\":\"https:\/\/schema.org\",\"@graph\":[{\"@type\":\"WebPage\",\"@id\":\"https:\/\/www.chinatopack.com\/product\/custom-design-branded-packing-cosmetic-cosmetic-gift-boxes-packaging-skincare-packaging-box-with-window\/\",\"url\":\"https:\/\/www.chinatopack.com\/product\/custom-design-branded-packing-cosmetic-cosmetic-gift-boxes-packaging-skincare-packaging-box-with-window\/\",\"name\":\"Premium Cosmetic Gift Boxes Manufacturer | Luxury in China\",\"isPartOf\":{\"@id\":\"https:\/\/www.chinatopack.com\/#website\"},\"primaryImageOfPage\":{\"@id\":\"https:\/\/www.chinatopack.com\/product\/custom-design-branded-packing-cosmetic-cosmetic-gift-boxes-packaging-skincare-packaging-box-with-window\/#primaryimage\"},\"image\":{\"@id\":\"https:\/\/www.chinatopack.com\/product\/custom-design-branded-packing-cosmetic-cosmetic-gift-boxes-packaging-skincare-packaging-box-with-window\/#primaryimage\"},\"thumbnailUrl\":\"https:\/\/www.chinatopack.com\/wp-content\/uploads\/2025\/06\/Custom-Design-Branded-Packing-Cosmetic-Gift-Packaging-Skincare-Packaging-Box-With-Window-1.webp\",\"datePublished\":\"2025-06-16T11:29:19+00:00\",\"dateModified\":\"2025-08-12T10:14:41+00:00\",\"description\":\"Cosmetic Gift Boxes Manufacturer: FSC-certified luxury boxes w\/ 3D foil stamping & scratch-resistant coating. 40% value boost. 20+ yrs, 12-step QC. Request quote!\",\"breadcrumb\":{\"@id\":\"https:\/\/www.chinatopack.com\/product\/custom-design-branded-packing-cosmetic-cosmetic-gift-boxes-packaging-skincare-packaging-box-with-window\/#breadcrumb\"},\"inLanguage\":\"fr-FR\",\"potentialAction\":[{\"@type\":\"ReadAction\",\"target\":[\"https:\/\/www.chinatopack.com\/product\/custom-design-branded-packing-cosmetic-cosmetic-gift-boxes-packaging-skincare-packaging-box-with-window\/\"]}]},{\"@type\":\"ImageObject\",\"inLanguage\":\"fr-FR\",\"@id\":\"https:\/\/www.chinatopack.com\/product\/custom-design-branded-packing-cosmetic-cosmetic-gift-boxes-packaging-skincare-packaging-box-with-window\/#primaryimage\",\"url\":\"https:\/\/www.chinatopack.com\/wp-content\/uploads\/2025\/06\/Custom-Design-Branded-Packing-Cosmetic-Gift-Packaging-Skincare-Packaging-Box-With-Window-1.webp\",\"contentUrl\":\"https:\/\/www.chinatopack.com\/wp-content\/uploads\/2025\/06\/Custom-Design-Branded-Packing-Cosmetic-Gift-Packaging-Skincare-Packaging-Box-With-Window-1.webp\",\"width\":800,\"height\":800,\"caption\":\"Custom Design Branded Packing Cosmetic Gift Packaging Skincare Packaging Box With Window\"},{\"@type\":\"BreadcrumbList\",\"@id\":\"https:\/\/www.chinatopack.com\/product\/custom-design-branded-packing-cosmetic-cosmetic-gift-boxes-packaging-skincare-packaging-box-with-window\/#breadcrumb\",\"itemListElement\":[{\"@type\":\"ListItem\",\"position\":1,\"name\":\"Home\",\"item\":\"https:\/\/www.chinatopack.com\/\"},{\"@type\":\"ListItem\",\"position\":2,\"name\":\"Products\",\"item\":\"https:\/\/www.chinatopack.com\/shop\/\"},{\"@type\":\"ListItem\",\"position\":3,\"name\":\"Custom Design Branded Packing Cosmetic Cosmetic Gift Boxes Packaging Skincare Packaging Box With Window\"}]},{\"@type\":\"WebSite\",\"@id\":\"https:\/\/www.chinatopack.com\/#website\",\"url\":\"https:\/\/www.chinatopack.com\/\",\"name\":\"TOPACK Paper Boxes\",\"description\":\"\",\"publisher\":{\"@id\":\"https:\/\/www.chinatopack.com\/#organization\"},\"potentialAction\":[{\"@type\":\"SearchAction\",\"target\":{\"@type\":\"EntryPoint\",\"urlTemplate\":\"https:\/\/www.chinatopack.com\/?s={search_term_string}\"},\"query-input\":\"required name=search_term_string\"}],\"inLanguage\":\"fr-FR\"},{\"@type\":\"Organization\",\"@id\":\"https:\/\/www.chinatopack.com\/#organization\",\"name\":\"TOPACK Paper Boxes\",\"url\":\"https:\/\/www.chinatopack.com\/\",\"logo\":{\"@type\":\"ImageObject\",\"inLanguage\":\"fr-FR\",\"@id\":\"https:\/\/www.chinatopack.com\/#\/schema\/logo\/image\/\",\"url\":\"https:\/\/www.chinatopack.com\/wp-content\/uploads\/2025\/11\/logo2.webp\",\"contentUrl\":\"https:\/\/www.chinatopack.com\/wp-content\/uploads\/2025\/11\/logo2.webp\",\"width\":512,\"height\":512,\"caption\":\"TOPACK Paper Boxes\"},\"image\":{\"@id\":\"https:\/\/www.chinatopack.com\/#\/schema\/logo\/image\/\"},\"sameAs\":[\"https:\/\/www.facebook.com\/ChinaTopack\/\",\"https:\/\/www.youtube.com\/@chinatopack\"]}]}<\/script>\n<!-- \/ Yoast SEO plugin. -->","yoast_head_json":{"title":"Premium Cosmetic Gift Boxes Manufacturer | Luxury in China","description":"Cosmetic Gift Boxes Manufacturer: FSC-certified luxury boxes w\/ 3D foil stamping & scratch-resistant coating. 40% value boost. 20+ yrs, 12-step QC. Request quote!","robots":{"index":"index","follow":"follow","max-snippet":"max-snippet:-1","max-image-preview":"max-image-preview:large","max-video-preview":"max-video-preview:-1"},"canonical":"https:\/\/www.chinatopack.com\/fr\/produit\/custom-design-branded-packing-cosmetic-cosmetic-gift-boxes-packaging-skincare-packaging-box-with-window\/","og_locale":"fr_FR","og_type":"article","og_title":"Premium Cosmetic Gift Boxes Manufacturer | Luxury in China","og_description":"Cosmetic Gift Boxes Manufacturer: FSC-certified luxury boxes w\/ 3D foil stamping & scratch-resistant coating. 40% value boost. 20+ yrs, 12-step QC. Request quote!","og_url":"https:\/\/www.chinatopack.com\/fr\/produit\/custom-design-branded-packing-cosmetic-cosmetic-gift-boxes-packaging-skincare-packaging-box-with-window\/","og_site_name":"TOPACK Paper Boxes","article_publisher":"https:\/\/www.facebook.com\/ChinaTopack\/","article_modified_time":"2025-08-12T10:14:41+00:00","og_image":[{"width":800,"height":800,"url":"https:\/\/www.chinatopack.com\/wp-content\/uploads\/2025\/06\/Custom-Design-Branded-Packing-Cosmetic-Gift-Packaging-Skincare-Packaging-Box-With-Window-1.webp","type":"image\/webp"}],"twitter_card":"summary_large_image","twitter_misc":{"Dur\u00e9e de lecture estim\u00e9e":"2 minutes"},"schema":{"@context":"https:\/\/schema.org","@graph":[{"@type":"WebPage","@id":"https:\/\/www.chinatopack.com\/product\/custom-design-branded-packing-cosmetic-cosmetic-gift-boxes-packaging-skincare-packaging-box-with-window\/","url":"https:\/\/www.chinatopack.com\/product\/custom-design-branded-packing-cosmetic-cosmetic-gift-boxes-packaging-skincare-packaging-box-with-window\/","name":"Premium Cosmetic Gift Boxes Manufacturer | Luxury in China","isPartOf":{"@id":"https:\/\/www.chinatopack.com\/#website"},"primaryImageOfPage":{"@id":"https:\/\/www.chinatopack.com\/product\/custom-design-branded-packing-cosmetic-cosmetic-gift-boxes-packaging-skincare-packaging-box-with-window\/#primaryimage"},"image":{"@id":"https:\/\/www.chinatopack.com\/product\/custom-design-branded-packing-cosmetic-cosmetic-gift-boxes-packaging-skincare-packaging-box-with-window\/#primaryimage"},"thumbnailUrl":"https:\/\/www.chinatopack.com\/wp-content\/uploads\/2025\/06\/Custom-Design-Branded-Packing-Cosmetic-Gift-Packaging-Skincare-Packaging-Box-With-Window-1.webp","datePublished":"2025-06-16T11:29:19+00:00","dateModified":"2025-08-12T10:14:41+00:00","description":"Cosmetic Gift Boxes Manufacturer: FSC-certified luxury boxes w\/ 3D foil stamping & scratch-resistant coating. 40% value boost. 20+ yrs, 12-step QC. Request quote!","breadcrumb":{"@id":"https:\/\/www.chinatopack.com\/product\/custom-design-branded-packing-cosmetic-cosmetic-gift-boxes-packaging-skincare-packaging-box-with-window\/#breadcrumb"},"inLanguage":"fr-FR","potentialAction":[{"@type":"ReadAction","target":["https:\/\/www.chinatopack.com\/product\/custom-design-branded-packing-cosmetic-cosmetic-gift-boxes-packaging-skincare-packaging-box-with-window\/"]}]},{"@type":"ImageObject","inLanguage":"fr-FR","@id":"https:\/\/www.chinatopack.com\/product\/custom-design-branded-packing-cosmetic-cosmetic-gift-boxes-packaging-skincare-packaging-box-with-window\/#primaryimage","url":"https:\/\/www.chinatopack.com\/wp-content\/uploads\/2025\/06\/Custom-Design-Branded-Packing-Cosmetic-Gift-Packaging-Skincare-Packaging-Box-With-Window-1.webp","contentUrl":"https:\/\/www.chinatopack.com\/wp-content\/uploads\/2025\/06\/Custom-Design-Branded-Packing-Cosmetic-Gift-Packaging-Skincare-Packaging-Box-With-Window-1.webp","width":800,"height":800,"caption":"Custom Design Branded Packing Cosmetic Gift Packaging Skincare Packaging Box With Window"},{"@type":"BreadcrumbList","@id":"https:\/\/www.chinatopack.com\/product\/custom-design-branded-packing-cosmetic-cosmetic-gift-boxes-packaging-skincare-packaging-box-with-window\/#breadcrumb","itemListElement":[{"@type":"ListItem","position":1,"name":"Home","item":"https:\/\/www.chinatopack.com\/"},{"@type":"ListItem","position":2,"name":"Products","item":"https:\/\/www.chinatopack.com\/shop\/"},{"@type":"ListItem","position":3,"name":"Custom Design Branded Packing Cosmetic Cosmetic Gift Boxes Packaging Skincare Packaging Box With Window"}]},{"@type":"WebSite","@id":"https:\/\/www.chinatopack.com\/#website","url":"https:\/\/www.chinatopack.com\/","name":"TOPACK Paper Boxes","description":"","publisher":{"@id":"https:\/\/www.chinatopack.com\/#organization"},"potentialAction":[{"@type":"SearchAction","target":{"@type":"EntryPoint","urlTemplate":"https:\/\/www.chinatopack.com\/?s={search_term_string}"},"query-input":"required name=search_term_string"}],"inLanguage":"fr-FR"},{"@type":"Organization","@id":"https:\/\/www.chinatopack.com\/#organization","name":"TOPACK Paper Boxes","url":"https:\/\/www.chinatopack.com\/","logo":{"@type":"ImageObject","inLanguage":"fr-FR","@id":"https:\/\/www.chinatopack.com\/#\/schema\/logo\/image\/","url":"https:\/\/www.chinatopack.com\/wp-content\/uploads\/2025\/11\/logo2.webp","contentUrl":"https:\/\/www.chinatopack.com\/wp-content\/uploads\/2025\/11\/logo2.webp","width":512,"height":512,"caption":"TOPACK Paper Boxes"},"image":{"@id":"https:\/\/www.chinatopack.com\/#\/schema\/logo\/image\/"},"sameAs":["https:\/\/www.facebook.com\/ChinaTopack\/","https:\/\/www.youtube.com\/@chinatopack"]}]}},"_links":{"self":[{"href":"https:\/\/www.chinatopack.com\/fr\/wp-json\/wp\/v2\/product\/12476"}],"collection":[{"href":"https:\/\/www.chinatopack.com\/fr\/wp-json\/wp\/v2\/product"}],"about":[{"href":"https:\/\/www.chinatopack.com\/fr\/wp-json\/wp\/v2\/types\/product"}],"replies":[{"embeddable":true,"href":"https:\/\/www.chinatopack.com\/fr\/wp-json\/wp\/v2\/comments?post=12476"}],"wp:featuredmedia":[{"embeddable":true,"href":"https:\/\/www.chinatopack.com\/fr\/wp-json\/wp\/v2\/media\/12477"}],"wp:attachment":[{"href":"https:\/\/www.chinatopack.com\/fr\/wp-json\/wp\/v2\/media?parent=12476"}],"wp:term":[{"taxonomy":"product_cat","embeddable":true,"href":"https:\/\/www.chinatopack.com\/fr\/wp-json\/wp\/v2\/product_cat?post=12476"},{"taxonomy":"product_tag","embeddable":true,"href":"https:\/\/www.chinatopack.com\/fr\/wp-json\/wp\/v2\/product_tag?post=12476"}],"curies":[{"name":"wp","href":"https:\/\/api.w.org\/{rel}","templated":true}]}}