{"id":12493,"date":"2025-06-16T12:06:23","date_gmt":"2025-06-16T12:06:23","guid":{"rendered":"https:\/\/www.chinatopack.com\/?post_type=product&#038;p=12493"},"modified":"2025-08-12T10:24:41","modified_gmt":"2025-08-12T10:24:41","slug":"customize-printing-logo-cosmetic-packaging-paper-folding-kraft-paper-gift-boxes-for-perfume","status":"publish","type":"product","link":"https:\/\/www.chinatopack.com\/fr\/produit\/customize-printing-logo-cosmetic-packaging-paper-folding-kraft-paper-gift-boxes-for-perfume\/","title":{"rendered":"Emballage cosm\u00e9tique en papier kraft pliable pour parfum avec impression personnalis\u00e9e du logo"},"content":{"rendered":"<h2>Bo\u00eetes en papier personnalis\u00e9es de qualit\u00e9 sup\u00e9rieure : \u00c9l\u00e9gance et fonctionnalit\u00e9 red\u00e9finies<\/h2>\n<p>Le luxe au service de votre marque <a href=\"https:\/\/www.chinatopack.com\/fr\/category\/custom-paper-box\/\"><strong>bo\u00eetes cadeaux en papier personnalis\u00e9es<\/strong><\/a>Nos solutions d'emballage sont con\u00e7ues avec le plus grand soin pour mettre en valeur vos produits avec sophistication. Id\u00e9ales pour les cosm\u00e9tiques, les bijoux, l'\u00e9lectronique, les produits gastronomiques et les cadeaux haut de gamme, nos solutions d'emballage allient une protection sup\u00e9rieure \u00e0 une esth\u00e9tique raffin\u00e9e.<\/p>\n<h3>Conceptions et applications sur mesure<\/h3>\n<p>Le <a href=\"https:\/\/www.chinatopack.com\/fr\/produit\/customize-printing-logo-cosmetic-packaging-paper-folding-kraft-paper-gift-boxes-for-perfume\/\"><strong>Bo\u00eetes cadeaux en papier kraft<\/strong><\/a>\u00a0Vous avez le choix entre des bo\u00eetes rigides, des bo\u00eetes \u00e0 fermeture magn\u00e9tique, des bo\u00eetes \u00e0 tiroirs ou des bo\u00eetes pliantes, toutes personnalisables en termes de taille, de forme et de structure. Pour les articles d\u00e9licats comme les parfums ou la verrerie, nous recommandons des inserts en mousse ou une doublure en velours pour \u00e9viter les mouvements. Pour les chocolats ou les cosm\u00e9tiques de qualit\u00e9 sup\u00e9rieure, le plastique PET de la gamme des <a href=\"https:\/\/www.chinatopack.com\/fr\/etiquette-produit\/paper-jewelry-boxes\/\"><strong>bo\u00eetes \u00e0 bijoux en papier<\/strong><\/a> Le plateau ou les inserts en p\u00e2te moul\u00e9e garantissent un placement s\u00fbr tout en conservant l'\u00e9l\u00e9gance.<\/p>\n<h3>Mat\u00e9riaux de premi\u00e8re qualit\u00e9 et durabilit\u00e9<\/h3>\n<p>Le <a href=\"https:\/\/www.chinatopack.com\/fr\/\"><strong>bo\u00eetes en papier en gros<\/strong><\/a> Choisissez parmi le papier d'art mat\/brillant, le kraft textur\u00e9 ou le carton recycl\u00e9 respectueux de l'environnement, avec des options de pelliculage doux au toucher, d'UV ponctuels ou de logos en relief pour une sensation tactile de luxe.<\/p>\n<h3>Finition et artisanat exquis<\/h3>\n<p>Am\u00e9liorez votre <a href=\"https:\/\/www.chinatopack.com\/fr\/about-us\/\"><strong>bo\u00eetes en papier sur mesure<\/strong> <\/a>avec une dorure, un gaufrage, une d\u00e9coupe personnalis\u00e9e ou un flocage int\u00e9rieur pour une exp\u00e9rience de d\u00e9ballage haut de gamme.<\/p>\n<h3>Processus de production de pr\u00e9cision<\/h3>\n<p>1) Consultation en mati\u00e8re de conception - Conception structurelle et graphique sur mesure.<br \/>\n2. s\u00e9lection des mat\u00e9riaux et des inserts - Protection optimale gr\u00e2ce \u00e0 des gaines de qualit\u00e9 sup\u00e9rieure.<br \/>\n3. impression haut de gamme - couleurs vives et finitions sp\u00e9ciales.<br \/>\n4. assemblage manuel et contr\u00f4le de qualit\u00e9 - attention m\u00e9ticuleuse aux d\u00e9tails.<\/p>\n<p>Faites une impression durable avec <a href=\"https:\/\/www.chinatopack.com\/fr\/etiquette-produit\/paper-boxes-for-jewelry\/\"><strong>bo\u00eetes en papier pour bijoux<\/strong><\/a> qui prot\u00e8ge, promeut et perfectionne votre marque. Contactez-nous d\u00e8s aujourd'hui pour des solutions sur mesure !<\/p>\n<h2>Photos du produit<\/h2>\n<p><img loading=\"lazy\" decoding=\"async\" class=\"size-full wp-image-12502 aligncenter\" data-src=\"https:\/\/www.chinatopack.com\/wp-content\/uploads\/2025\/06\/Customize-Printing-Logo-Cosmetic-Packaging-Paper-Folding-Box-For-Perfume-8.webp\" alt=\"Bo\u00eete pliante en papier pour parfum avec impression personnalis\u00e9e du logo\" width=\"800\" height=\"800\" srcset=\"https:\/\/www.chinatopack.com\/wp-content\/uploads\/2025\/06\/Customize-Printing-Logo-Cosmetic-Packaging-Paper-Folding-Box-For-Perfume-8.webp 800w, https:\/\/www.chinatopack.com\/wp-content\/uploads\/2025\/06\/Customize-Printing-Logo-Cosmetic-Packaging-Paper-Folding-Box-For-Perfume-8-480x480.webp 480w\" sizes=\"(min-width: 0px) and (max-width: 480px) 480px, (min-width: 481px) 800px, 100vw\" \/><\/p>","protected":false},"excerpt":{"rendered":"<p>Les bo\u00eetes \u00e0 charni\u00e8res personnalis\u00e9es sont un moyen \u00e9l\u00e9gant d'emballer vos produits sans les inconv\u00e9nients d'un couvercle d\u00e9tach\u00e9. Ces bo\u00eetes sont dot\u00e9es d'un couvercle \u00e0 charni\u00e8re qui permet aux clients de d\u00e9baller leurs produits de mani\u00e8re luxueuse et vous offre un moyen pratique de pr\u00e9senter vos produits.<\/p>","protected":false},"featured_media":12494,"comment_status":"closed","ping_status":"closed","template":"","meta":{"_et_pb_use_builder":"","_et_pb_old_content":"","_et_gb_content_width":""},"product_cat":[280],"product_tag":[287,286],"yoast_head":"<!-- This site is optimized with the Yoast SEO plugin v22.7 - https:\/\/yoast.com\/wordpress\/plugins\/seo\/ -->\n<title>Luxury Kraft Paper Gift Boxes Supplier | Eco &amp; Custom in China<\/title>\n<meta name=\"description\" content=\"Supplier of Kraft Paper Gift Boxes: Eco kraft\/recycled materials, foil\/embossing &amp; precision inserts. For cosmetics\/jewelry brands. Request quote!\" \/>\n<meta name=\"robots\" content=\"index, follow, max-snippet:-1, max-image-preview:large, max-video-preview:-1\" \/>\n<link rel=\"canonical\" href=\"https:\/\/www.chinatopack.com\/fr\/produit\/customize-printing-logo-cosmetic-packaging-paper-folding-kraft-paper-gift-boxes-for-perfume\/\" \/>\n<meta property=\"og:locale\" content=\"fr_FR\" \/>\n<meta property=\"og:type\" content=\"article\" \/>\n<meta property=\"og:title\" content=\"Luxury Kraft Paper Gift Boxes Supplier | Eco &amp; Custom in China\" \/>\n<meta property=\"og:description\" content=\"Supplier of Kraft Paper Gift Boxes: Eco kraft\/recycled materials, foil\/embossing &amp; precision inserts. For cosmetics\/jewelry brands. Request quote!\" \/>\n<meta property=\"og:url\" content=\"https:\/\/www.chinatopack.com\/fr\/produit\/customize-printing-logo-cosmetic-packaging-paper-folding-kraft-paper-gift-boxes-for-perfume\/\" \/>\n<meta property=\"og:site_name\" content=\"TOPACK Paper Boxes\" \/>\n<meta property=\"article:publisher\" content=\"https:\/\/www.facebook.com\/ChinaTopack\/\" \/>\n<meta property=\"article:modified_time\" content=\"2025-08-12T10:24:41+00:00\" \/>\n<meta property=\"og:image\" content=\"https:\/\/www.chinatopack.com\/wp-content\/uploads\/2025\/06\/Customize-Printing-Logo-Cosmetic-Packaging-Paper-Folding-Box-For-Perfume-1.webp\" \/>\n\t<meta property=\"og:image:width\" content=\"800\" \/>\n\t<meta property=\"og:image:height\" content=\"800\" \/>\n\t<meta property=\"og:image:type\" content=\"image\/webp\" \/>\n<meta name=\"twitter:card\" content=\"summary_large_image\" \/>\n<meta name=\"twitter:label1\" content=\"Dur\u00e9e de lecture estim\u00e9e\" \/>\n\t<meta name=\"twitter:data1\" content=\"2 minutes\" \/>\n<script type=\"application\/ld+json\" class=\"yoast-schema-graph\">{\"@context\":\"https:\/\/schema.org\",\"@graph\":[{\"@type\":\"WebPage\",\"@id\":\"https:\/\/www.chinatopack.com\/product\/customize-printing-logo-cosmetic-packaging-paper-folding-kraft-paper-gift-boxes-for-perfume\/\",\"url\":\"https:\/\/www.chinatopack.com\/product\/customize-printing-logo-cosmetic-packaging-paper-folding-kraft-paper-gift-boxes-for-perfume\/\",\"name\":\"Luxury Kraft Paper Gift Boxes Supplier | Eco & Custom in China\",\"isPartOf\":{\"@id\":\"https:\/\/www.chinatopack.com\/#website\"},\"primaryImageOfPage\":{\"@id\":\"https:\/\/www.chinatopack.com\/product\/customize-printing-logo-cosmetic-packaging-paper-folding-kraft-paper-gift-boxes-for-perfume\/#primaryimage\"},\"image\":{\"@id\":\"https:\/\/www.chinatopack.com\/product\/customize-printing-logo-cosmetic-packaging-paper-folding-kraft-paper-gift-boxes-for-perfume\/#primaryimage\"},\"thumbnailUrl\":\"https:\/\/www.chinatopack.com\/wp-content\/uploads\/2025\/06\/Customize-Printing-Logo-Cosmetic-Packaging-Paper-Folding-Box-For-Perfume-1.webp\",\"datePublished\":\"2025-06-16T12:06:23+00:00\",\"dateModified\":\"2025-08-12T10:24:41+00:00\",\"description\":\"Supplier of Kraft Paper Gift Boxes: Eco kraft\/recycled materials, foil\/embossing & precision inserts. For cosmetics\/jewelry brands. Request quote!\",\"breadcrumb\":{\"@id\":\"https:\/\/www.chinatopack.com\/product\/customize-printing-logo-cosmetic-packaging-paper-folding-kraft-paper-gift-boxes-for-perfume\/#breadcrumb\"},\"inLanguage\":\"fr-FR\",\"potentialAction\":[{\"@type\":\"ReadAction\",\"target\":[\"https:\/\/www.chinatopack.com\/product\/customize-printing-logo-cosmetic-packaging-paper-folding-kraft-paper-gift-boxes-for-perfume\/\"]}]},{\"@type\":\"ImageObject\",\"inLanguage\":\"fr-FR\",\"@id\":\"https:\/\/www.chinatopack.com\/product\/customize-printing-logo-cosmetic-packaging-paper-folding-kraft-paper-gift-boxes-for-perfume\/#primaryimage\",\"url\":\"https:\/\/www.chinatopack.com\/wp-content\/uploads\/2025\/06\/Customize-Printing-Logo-Cosmetic-Packaging-Paper-Folding-Box-For-Perfume-1.webp\",\"contentUrl\":\"https:\/\/www.chinatopack.com\/wp-content\/uploads\/2025\/06\/Customize-Printing-Logo-Cosmetic-Packaging-Paper-Folding-Box-For-Perfume-1.webp\",\"width\":800,\"height\":800,\"caption\":\"Customize Printing Logo Cosmetic Packaging Paper Folding Box For Perfume\"},{\"@type\":\"BreadcrumbList\",\"@id\":\"https:\/\/www.chinatopack.com\/product\/customize-printing-logo-cosmetic-packaging-paper-folding-kraft-paper-gift-boxes-for-perfume\/#breadcrumb\",\"itemListElement\":[{\"@type\":\"ListItem\",\"position\":1,\"name\":\"Home\",\"item\":\"https:\/\/www.chinatopack.com\/\"},{\"@type\":\"ListItem\",\"position\":2,\"name\":\"Products\",\"item\":\"https:\/\/www.chinatopack.com\/shop\/\"},{\"@type\":\"ListItem\",\"position\":3,\"name\":\"Customize Printing Logo Cosmetic Packaging Paper Folding Kraft Paper Gift Boxes For Perfume\"}]},{\"@type\":\"WebSite\",\"@id\":\"https:\/\/www.chinatopack.com\/#website\",\"url\":\"https:\/\/www.chinatopack.com\/\",\"name\":\"TOPACK Paper Boxes\",\"description\":\"\",\"publisher\":{\"@id\":\"https:\/\/www.chinatopack.com\/#organization\"},\"potentialAction\":[{\"@type\":\"SearchAction\",\"target\":{\"@type\":\"EntryPoint\",\"urlTemplate\":\"https:\/\/www.chinatopack.com\/?s={search_term_string}\"},\"query-input\":\"required name=search_term_string\"}],\"inLanguage\":\"fr-FR\"},{\"@type\":\"Organization\",\"@id\":\"https:\/\/www.chinatopack.com\/#organization\",\"name\":\"TOPACK Paper Boxes\",\"url\":\"https:\/\/www.chinatopack.com\/\",\"logo\":{\"@type\":\"ImageObject\",\"inLanguage\":\"fr-FR\",\"@id\":\"https:\/\/www.chinatopack.com\/#\/schema\/logo\/image\/\",\"url\":\"https:\/\/www.chinatopack.com\/wp-content\/uploads\/2025\/11\/logo2.webp\",\"contentUrl\":\"https:\/\/www.chinatopack.com\/wp-content\/uploads\/2025\/11\/logo2.webp\",\"width\":512,\"height\":512,\"caption\":\"TOPACK Paper Boxes\"},\"image\":{\"@id\":\"https:\/\/www.chinatopack.com\/#\/schema\/logo\/image\/\"},\"sameAs\":[\"https:\/\/www.facebook.com\/ChinaTopack\/\",\"https:\/\/www.youtube.com\/@chinatopack\"]}]}<\/script>\n<!-- \/ Yoast SEO plugin. -->","yoast_head_json":{"title":"Luxury Kraft Paper Gift Boxes Supplier | Eco & Custom in China","description":"Supplier of Kraft Paper Gift Boxes: Eco kraft\/recycled materials, foil\/embossing & precision inserts. For cosmetics\/jewelry brands. Request quote!","robots":{"index":"index","follow":"follow","max-snippet":"max-snippet:-1","max-image-preview":"max-image-preview:large","max-video-preview":"max-video-preview:-1"},"canonical":"https:\/\/www.chinatopack.com\/fr\/produit\/customize-printing-logo-cosmetic-packaging-paper-folding-kraft-paper-gift-boxes-for-perfume\/","og_locale":"fr_FR","og_type":"article","og_title":"Luxury Kraft Paper Gift Boxes Supplier | Eco & Custom in China","og_description":"Supplier of Kraft Paper Gift Boxes: Eco kraft\/recycled materials, foil\/embossing & precision inserts. For cosmetics\/jewelry brands. Request quote!","og_url":"https:\/\/www.chinatopack.com\/fr\/produit\/customize-printing-logo-cosmetic-packaging-paper-folding-kraft-paper-gift-boxes-for-perfume\/","og_site_name":"TOPACK Paper Boxes","article_publisher":"https:\/\/www.facebook.com\/ChinaTopack\/","article_modified_time":"2025-08-12T10:24:41+00:00","og_image":[{"width":800,"height":800,"url":"https:\/\/www.chinatopack.com\/wp-content\/uploads\/2025\/06\/Customize-Printing-Logo-Cosmetic-Packaging-Paper-Folding-Box-For-Perfume-1.webp","type":"image\/webp"}],"twitter_card":"summary_large_image","twitter_misc":{"Dur\u00e9e de lecture estim\u00e9e":"2 minutes"},"schema":{"@context":"https:\/\/schema.org","@graph":[{"@type":"WebPage","@id":"https:\/\/www.chinatopack.com\/product\/customize-printing-logo-cosmetic-packaging-paper-folding-kraft-paper-gift-boxes-for-perfume\/","url":"https:\/\/www.chinatopack.com\/product\/customize-printing-logo-cosmetic-packaging-paper-folding-kraft-paper-gift-boxes-for-perfume\/","name":"Luxury Kraft Paper Gift Boxes Supplier | Eco & Custom in China","isPartOf":{"@id":"https:\/\/www.chinatopack.com\/#website"},"primaryImageOfPage":{"@id":"https:\/\/www.chinatopack.com\/product\/customize-printing-logo-cosmetic-packaging-paper-folding-kraft-paper-gift-boxes-for-perfume\/#primaryimage"},"image":{"@id":"https:\/\/www.chinatopack.com\/product\/customize-printing-logo-cosmetic-packaging-paper-folding-kraft-paper-gift-boxes-for-perfume\/#primaryimage"},"thumbnailUrl":"https:\/\/www.chinatopack.com\/wp-content\/uploads\/2025\/06\/Customize-Printing-Logo-Cosmetic-Packaging-Paper-Folding-Box-For-Perfume-1.webp","datePublished":"2025-06-16T12:06:23+00:00","dateModified":"2025-08-12T10:24:41+00:00","description":"Supplier of Kraft Paper Gift Boxes: Eco kraft\/recycled materials, foil\/embossing & precision inserts. For cosmetics\/jewelry brands. Request quote!","breadcrumb":{"@id":"https:\/\/www.chinatopack.com\/product\/customize-printing-logo-cosmetic-packaging-paper-folding-kraft-paper-gift-boxes-for-perfume\/#breadcrumb"},"inLanguage":"fr-FR","potentialAction":[{"@type":"ReadAction","target":["https:\/\/www.chinatopack.com\/product\/customize-printing-logo-cosmetic-packaging-paper-folding-kraft-paper-gift-boxes-for-perfume\/"]}]},{"@type":"ImageObject","inLanguage":"fr-FR","@id":"https:\/\/www.chinatopack.com\/product\/customize-printing-logo-cosmetic-packaging-paper-folding-kraft-paper-gift-boxes-for-perfume\/#primaryimage","url":"https:\/\/www.chinatopack.com\/wp-content\/uploads\/2025\/06\/Customize-Printing-Logo-Cosmetic-Packaging-Paper-Folding-Box-For-Perfume-1.webp","contentUrl":"https:\/\/www.chinatopack.com\/wp-content\/uploads\/2025\/06\/Customize-Printing-Logo-Cosmetic-Packaging-Paper-Folding-Box-For-Perfume-1.webp","width":800,"height":800,"caption":"Customize Printing Logo Cosmetic Packaging Paper Folding Box For Perfume"},{"@type":"BreadcrumbList","@id":"https:\/\/www.chinatopack.com\/product\/customize-printing-logo-cosmetic-packaging-paper-folding-kraft-paper-gift-boxes-for-perfume\/#breadcrumb","itemListElement":[{"@type":"ListItem","position":1,"name":"Home","item":"https:\/\/www.chinatopack.com\/"},{"@type":"ListItem","position":2,"name":"Products","item":"https:\/\/www.chinatopack.com\/shop\/"},{"@type":"ListItem","position":3,"name":"Customize Printing Logo Cosmetic Packaging Paper Folding Kraft Paper Gift Boxes For Perfume"}]},{"@type":"WebSite","@id":"https:\/\/www.chinatopack.com\/#website","url":"https:\/\/www.chinatopack.com\/","name":"TOPACK Paper Boxes","description":"","publisher":{"@id":"https:\/\/www.chinatopack.com\/#organization"},"potentialAction":[{"@type":"SearchAction","target":{"@type":"EntryPoint","urlTemplate":"https:\/\/www.chinatopack.com\/?s={search_term_string}"},"query-input":"required name=search_term_string"}],"inLanguage":"fr-FR"},{"@type":"Organization","@id":"https:\/\/www.chinatopack.com\/#organization","name":"TOPACK Paper Boxes","url":"https:\/\/www.chinatopack.com\/","logo":{"@type":"ImageObject","inLanguage":"fr-FR","@id":"https:\/\/www.chinatopack.com\/#\/schema\/logo\/image\/","url":"https:\/\/www.chinatopack.com\/wp-content\/uploads\/2025\/11\/logo2.webp","contentUrl":"https:\/\/www.chinatopack.com\/wp-content\/uploads\/2025\/11\/logo2.webp","width":512,"height":512,"caption":"TOPACK Paper Boxes"},"image":{"@id":"https:\/\/www.chinatopack.com\/#\/schema\/logo\/image\/"},"sameAs":["https:\/\/www.facebook.com\/ChinaTopack\/","https:\/\/www.youtube.com\/@chinatopack"]}]}},"_links":{"self":[{"href":"https:\/\/www.chinatopack.com\/fr\/wp-json\/wp\/v2\/product\/12493"}],"collection":[{"href":"https:\/\/www.chinatopack.com\/fr\/wp-json\/wp\/v2\/product"}],"about":[{"href":"https:\/\/www.chinatopack.com\/fr\/wp-json\/wp\/v2\/types\/product"}],"replies":[{"embeddable":true,"href":"https:\/\/www.chinatopack.com\/fr\/wp-json\/wp\/v2\/comments?post=12493"}],"wp:featuredmedia":[{"embeddable":true,"href":"https:\/\/www.chinatopack.com\/fr\/wp-json\/wp\/v2\/media\/12494"}],"wp:attachment":[{"href":"https:\/\/www.chinatopack.com\/fr\/wp-json\/wp\/v2\/media?parent=12493"}],"wp:term":[{"taxonomy":"product_cat","embeddable":true,"href":"https:\/\/www.chinatopack.com\/fr\/wp-json\/wp\/v2\/product_cat?post=12493"},{"taxonomy":"product_tag","embeddable":true,"href":"https:\/\/www.chinatopack.com\/fr\/wp-json\/wp\/v2\/product_tag?post=12493"}],"curies":[{"name":"wp","href":"https:\/\/api.w.org\/{rel}","templated":true}]}}