{"id":12504,"date":"2025-06-16T12:15:57","date_gmt":"2025-06-16T12:15:57","guid":{"rendered":"https:\/\/www.chinatopack.com\/?post_type=product&#038;p=12504"},"modified":"2025-08-12T10:29:36","modified_gmt":"2025-08-12T10:29:36","slug":"custom-logo-luxury-book-shaped-square-boxes-paper-rigid-paper-gift-packaging-box-with-eva-foam-insert","status":"publish","type":"product","link":"https:\/\/www.chinatopack.com\/fr\/produit\/custom-logo-luxury-book-shaped-square-boxes-paper-rigid-paper-gift-packaging-box-with-eva-foam-insert\/","title":{"rendered":"Bo\u00eetes carr\u00e9es en forme de livre avec logo personnalis\u00e9 Bo\u00eete d'emballage cadeau en papier rigide avec insert en mousse EVA"},"content":{"rendered":"<h2>Bo\u00eetes en papier personnalis\u00e9es : Des solutions d'emballage sur mesure pour votre marque<\/h2>\n<p>Am\u00e9liorez votre marque gr\u00e2ce \u00e0 nos produits personnalis\u00e9s de haute qualit\u00e9. <a href=\"https:\/\/www.chinatopack.com\/fr\/etiquette-produit\/storage-boxes-paper\/\"><strong>bo\u00eetes de rangement en papier<\/strong><\/a>Nos bo\u00eetes sont con\u00e7ues pour r\u00e9pondre \u00e0 vos sp\u00e9cifications exactes. Que ce soit pour la vente au d\u00e9tail, le luxe, l'alimentation ou les cosm\u00e9tiques, nos bo\u00eetes allient fonctionnalit\u00e9 et esth\u00e9tique pour renforcer l'attrait de votre produit.<\/p>\n<h3>Styles et applications des bo\u00eetes<\/h3>\n<p>Nous proposons une large gamme de <strong><a href=\"https:\/\/www.chinatopack.com\/fr\/produit\/custom-logo-luxury-book-shaped-square-boxes-paper-rigid-paper-gift-packaging-box-with-eva-foam-insert\/\">Bo\u00eetes carr\u00e9es Papier<\/a>\u00a0<\/strong>types, y compris les bo\u00eetes rigides, les bo\u00eetes pliantes et les bo\u00eetes \u00e0 fermeture magn\u00e9tique, <strong><a href=\"https:\/\/www.chinatopack.com\/fr\/etiquette-produit\/brown-paper-gift-boxes\/\">bo\u00eetes cadeaux en papier brun<\/a>,<\/strong>\u00a0et les bo\u00eetes \u00e0 tiroirs. Parfaites pour l'emballage de cadeaux, l'\u00e9lectronique, les cosm\u00e9tiques, l'alimentation et les produits de d\u00e9tail, chaque conception garantit la durabilit\u00e9 et une exp\u00e9rience de d\u00e9ballage de premi\u00e8re qualit\u00e9.<\/p>\n<h3>Mat\u00e9riaux et respect de l'environnement<\/h3>\n<p>Notre <a href=\"https:\/\/www.chinatopack.com\/fr\/about-us\/\"><strong>bo\u00eetes en papier sur mesure<\/strong><\/a> Choisissez parmi le papier kraft, le papier d'art, le carton ondul\u00e9 ou les mat\u00e9riaux recycl\u00e9s pour vous aligner sur les objectifs de d\u00e9veloppement durable. Nos options comprennent des stocks certifi\u00e9s FSC et biod\u00e9gradables, garantissant un emballage respectueux de l'environnement.<\/p>\n<h3>Impression et finition avanc\u00e9es<\/h3>\n<p>Am\u00e9liorez votre <a href=\"https:\/\/www.chinatopack.com\/fr\/\"><strong>bo\u00eetes en papier kraft en gros<\/strong><\/a> avec impression offset\/UV, gaufrage, dorure, vernis UV ou pelliculage mat\/brillant. Personnalisez avec des d\u00e9coupes, des collages de fen\u00eatres ou des UV ponctuels pour un look original.<\/p>\n<h3>Processus de production de pr\u00e9cision<\/h3>\n<p>1) Conception et \u00e9preuvage - Collaborer \u00e0 la conception structurelle et graphique.<br \/>\n2. s\u00e9lection des mat\u00e9riaux - Choisissez le papier et la finition id\u00e9aux.<br \/>\n3. impression et d\u00e9coration - Impression haute r\u00e9solution et finitions haut de gamme.<br \/>\n4) D\u00e9coupe et assemblage - D\u00e9coupe de pr\u00e9cision et d\u00e9tails finis \u00e0 la main.<br \/>\n5. inspection de la qualit\u00e9 et livraison - des contr\u00f4les rigoureux garantissent une ex\u00e9cution sans faille.<\/p>\n<p>De la protection des produits au storytelling de la marque, notre <a href=\"https:\/\/www.chinatopack.com\/fr\/category\/custom-paper-box\/\"><strong>bo\u00eetes en papier bon march\u00e9<\/strong><\/a> offrent une valeur in\u00e9gal\u00e9e. Demandez un devis d\u00e8s aujourd'hui et cr\u00e9ons un emballage qui parle \u00e0 votre marque !<\/p>\n<h2>Photos du produit<\/h2>\n<p><img loading=\"lazy\" decoding=\"async\" class=\"size-full wp-image-12511 aligncenter\" data-src=\"https:\/\/www.chinatopack.com\/wp-content\/uploads\/2025\/06\/Custom-Logo-Luxury-Book-Shaped-Rigid-Paper-Gift-Packaging-Box-With-EVA-Foam-Insert-7.jpg\" alt=\"Bo\u00eete d&#039;emballage cadeau en papier rigide en forme de livre avec mousse EVA et logo personnalis\u00e9\" width=\"800\" height=\"800\" srcset=\"https:\/\/www.chinatopack.com\/wp-content\/uploads\/2025\/06\/Custom-Logo-Luxury-Book-Shaped-Rigid-Paper-Gift-Packaging-Box-With-EVA-Foam-Insert-7.jpg 800w, https:\/\/www.chinatopack.com\/wp-content\/uploads\/2025\/06\/Custom-Logo-Luxury-Book-Shaped-Rigid-Paper-Gift-Packaging-Box-With-EVA-Foam-Insert-7-480x480.jpg 480w\" sizes=\"(min-width: 0px) and (max-width: 480px) 480px, (min-width: 481px) 800px, 100vw\" \/> <img loading=\"lazy\" decoding=\"async\" class=\"size-full wp-image-12512 aligncenter\" data-src=\"https:\/\/www.chinatopack.com\/wp-content\/uploads\/2025\/06\/Custom-Logo-Luxury-Book-Shaped-Rigid-Paper-Gift-Packaging-Box-With-EVA-Foam-Insert-8.jpg\" alt=\"Bo\u00eete d&#039;emballage cadeau en papier rigide en forme de livre avec mousse EVA et logo personnalis\u00e9\" width=\"800\" height=\"800\" srcset=\"https:\/\/www.chinatopack.com\/wp-content\/uploads\/2025\/06\/Custom-Logo-Luxury-Book-Shaped-Rigid-Paper-Gift-Packaging-Box-With-EVA-Foam-Insert-8.jpg 800w, https:\/\/www.chinatopack.com\/wp-content\/uploads\/2025\/06\/Custom-Logo-Luxury-Book-Shaped-Rigid-Paper-Gift-Packaging-Box-With-EVA-Foam-Insert-8-480x480.jpg 480w\" sizes=\"(min-width: 0px) and (max-width: 480px) 480px, (min-width: 481px) 800px, 100vw\" \/><\/p>","protected":false},"excerpt":{"rendered":"<p>S\u00e9curit\u00e9 et image de marque combin\u00e9es<br \/>\nVous cherchez un moyen d'attirer l'attention sur vos produits ? Les bo\u00eetes rigides personnalis\u00e9es avec couvercle sont la solution id\u00e9ale. Ce design d'emballage avec couvercle et plateau est le moyen id\u00e9al d'ajouter de la valeur \u00e0 vos produits et \u00e0 l'exp\u00e9rience de d\u00e9ballage.<\/p>","protected":false},"featured_media":12505,"comment_status":"closed","ping_status":"closed","template":"","meta":{"_et_pb_use_builder":"","_et_pb_old_content":"","_et_gb_content_width":""},"product_cat":[280],"product_tag":[284,282],"yoast_head":"<!-- This site is optimized with the Yoast SEO plugin v22.7 - https:\/\/yoast.com\/wordpress\/plugins\/seo\/ -->\n<title>Custom Square Boxes Paper Supplier | Eco Kraft in China<\/title>\n<meta name=\"description\" content=\"Supplier of Custom Square Boxes Paper Boxes: Kraft\/recycled materials, UV\/foil finishes &amp; precision manufacturing. For retail\/cosmetics brands. Request quote!\" \/>\n<meta name=\"robots\" content=\"index, follow, max-snippet:-1, max-image-preview:large, max-video-preview:-1\" \/>\n<link rel=\"canonical\" href=\"https:\/\/www.chinatopack.com\/fr\/produit\/custom-logo-luxury-book-shaped-square-boxes-paper-rigid-paper-gift-packaging-box-with-eva-foam-insert\/\" \/>\n<meta property=\"og:locale\" content=\"fr_FR\" \/>\n<meta property=\"og:type\" content=\"article\" \/>\n<meta property=\"og:title\" content=\"Custom Square Boxes Paper Supplier | Eco Kraft in China\" \/>\n<meta property=\"og:description\" content=\"Supplier of Custom Square Boxes Paper Boxes: Kraft\/recycled materials, UV\/foil finishes &amp; precision manufacturing. For retail\/cosmetics brands. Request quote!\" \/>\n<meta property=\"og:url\" content=\"https:\/\/www.chinatopack.com\/fr\/produit\/custom-logo-luxury-book-shaped-square-boxes-paper-rigid-paper-gift-packaging-box-with-eva-foam-insert\/\" \/>\n<meta property=\"og:site_name\" content=\"TOPACK Paper Boxes\" \/>\n<meta property=\"article:publisher\" content=\"https:\/\/www.facebook.com\/ChinaTopack\/\" \/>\n<meta property=\"article:modified_time\" content=\"2025-08-12T10:29:36+00:00\" \/>\n<meta property=\"og:image\" content=\"https:\/\/www.chinatopack.com\/wp-content\/uploads\/2025\/06\/Custom-Logo-Luxury-Book-Shaped-Rigid-Paper-Gift-Packaging-Box-With-EVA-Foam-Insert-1.jpg\" \/>\n\t<meta property=\"og:image:width\" content=\"800\" \/>\n\t<meta property=\"og:image:height\" content=\"800\" \/>\n\t<meta property=\"og:image:type\" content=\"image\/jpeg\" \/>\n<meta name=\"twitter:card\" content=\"summary_large_image\" \/>\n<meta name=\"twitter:label1\" content=\"Dur\u00e9e de lecture estim\u00e9e\" \/>\n\t<meta name=\"twitter:data1\" content=\"2 minutes\" \/>\n<script type=\"application\/ld+json\" class=\"yoast-schema-graph\">{\"@context\":\"https:\/\/schema.org\",\"@graph\":[{\"@type\":\"WebPage\",\"@id\":\"https:\/\/www.chinatopack.com\/product\/custom-logo-luxury-book-shaped-square-boxes-paper-rigid-paper-gift-packaging-box-with-eva-foam-insert\/\",\"url\":\"https:\/\/www.chinatopack.com\/product\/custom-logo-luxury-book-shaped-square-boxes-paper-rigid-paper-gift-packaging-box-with-eva-foam-insert\/\",\"name\":\"Custom Square Boxes Paper Supplier | Eco Kraft in China\",\"isPartOf\":{\"@id\":\"https:\/\/www.chinatopack.com\/#website\"},\"primaryImageOfPage\":{\"@id\":\"https:\/\/www.chinatopack.com\/product\/custom-logo-luxury-book-shaped-square-boxes-paper-rigid-paper-gift-packaging-box-with-eva-foam-insert\/#primaryimage\"},\"image\":{\"@id\":\"https:\/\/www.chinatopack.com\/product\/custom-logo-luxury-book-shaped-square-boxes-paper-rigid-paper-gift-packaging-box-with-eva-foam-insert\/#primaryimage\"},\"thumbnailUrl\":\"https:\/\/www.chinatopack.com\/wp-content\/uploads\/2025\/06\/Custom-Logo-Luxury-Book-Shaped-Rigid-Paper-Gift-Packaging-Box-With-EVA-Foam-Insert-1.jpg\",\"datePublished\":\"2025-06-16T12:15:57+00:00\",\"dateModified\":\"2025-08-12T10:29:36+00:00\",\"description\":\"Supplier of Custom Square Boxes Paper Boxes: Kraft\/recycled materials, UV\/foil finishes & precision manufacturing. For retail\/cosmetics brands. Request quote!\",\"breadcrumb\":{\"@id\":\"https:\/\/www.chinatopack.com\/product\/custom-logo-luxury-book-shaped-square-boxes-paper-rigid-paper-gift-packaging-box-with-eva-foam-insert\/#breadcrumb\"},\"inLanguage\":\"fr-FR\",\"potentialAction\":[{\"@type\":\"ReadAction\",\"target\":[\"https:\/\/www.chinatopack.com\/product\/custom-logo-luxury-book-shaped-square-boxes-paper-rigid-paper-gift-packaging-box-with-eva-foam-insert\/\"]}]},{\"@type\":\"ImageObject\",\"inLanguage\":\"fr-FR\",\"@id\":\"https:\/\/www.chinatopack.com\/product\/custom-logo-luxury-book-shaped-square-boxes-paper-rigid-paper-gift-packaging-box-with-eva-foam-insert\/#primaryimage\",\"url\":\"https:\/\/www.chinatopack.com\/wp-content\/uploads\/2025\/06\/Custom-Logo-Luxury-Book-Shaped-Rigid-Paper-Gift-Packaging-Box-With-EVA-Foam-Insert-1.jpg\",\"contentUrl\":\"https:\/\/www.chinatopack.com\/wp-content\/uploads\/2025\/06\/Custom-Logo-Luxury-Book-Shaped-Rigid-Paper-Gift-Packaging-Box-With-EVA-Foam-Insert-1.jpg\",\"width\":800,\"height\":800,\"caption\":\"Custom Logo Luxury Book Shaped Rigid Paper Gift Packaging Box With EVA Foam Insert\"},{\"@type\":\"BreadcrumbList\",\"@id\":\"https:\/\/www.chinatopack.com\/product\/custom-logo-luxury-book-shaped-square-boxes-paper-rigid-paper-gift-packaging-box-with-eva-foam-insert\/#breadcrumb\",\"itemListElement\":[{\"@type\":\"ListItem\",\"position\":1,\"name\":\"Home\",\"item\":\"https:\/\/www.chinatopack.com\/\"},{\"@type\":\"ListItem\",\"position\":2,\"name\":\"Products\",\"item\":\"https:\/\/www.chinatopack.com\/shop\/\"},{\"@type\":\"ListItem\",\"position\":3,\"name\":\"Custom Logo Luxury Book Shaped Square Boxes Paper Rigid Paper Gift Packaging Box With EVA Foam Insert\"}]},{\"@type\":\"WebSite\",\"@id\":\"https:\/\/www.chinatopack.com\/#website\",\"url\":\"https:\/\/www.chinatopack.com\/\",\"name\":\"TOPACK Paper Boxes\",\"description\":\"\",\"publisher\":{\"@id\":\"https:\/\/www.chinatopack.com\/#organization\"},\"potentialAction\":[{\"@type\":\"SearchAction\",\"target\":{\"@type\":\"EntryPoint\",\"urlTemplate\":\"https:\/\/www.chinatopack.com\/?s={search_term_string}\"},\"query-input\":\"required name=search_term_string\"}],\"inLanguage\":\"fr-FR\"},{\"@type\":\"Organization\",\"@id\":\"https:\/\/www.chinatopack.com\/#organization\",\"name\":\"TOPACK Paper Boxes\",\"url\":\"https:\/\/www.chinatopack.com\/\",\"logo\":{\"@type\":\"ImageObject\",\"inLanguage\":\"fr-FR\",\"@id\":\"https:\/\/www.chinatopack.com\/#\/schema\/logo\/image\/\",\"url\":\"https:\/\/www.chinatopack.com\/wp-content\/uploads\/2025\/11\/logo2.webp\",\"contentUrl\":\"https:\/\/www.chinatopack.com\/wp-content\/uploads\/2025\/11\/logo2.webp\",\"width\":512,\"height\":512,\"caption\":\"TOPACK Paper Boxes\"},\"image\":{\"@id\":\"https:\/\/www.chinatopack.com\/#\/schema\/logo\/image\/\"},\"sameAs\":[\"https:\/\/www.facebook.com\/ChinaTopack\/\",\"https:\/\/www.youtube.com\/@chinatopack\"]}]}<\/script>\n<!-- \/ Yoast SEO plugin. -->","yoast_head_json":{"title":"Custom Square Boxes Paper Supplier | Eco Kraft in China","description":"Supplier of Custom Square Boxes Paper Boxes: Kraft\/recycled materials, UV\/foil finishes & precision manufacturing. For retail\/cosmetics brands. Request quote!","robots":{"index":"index","follow":"follow","max-snippet":"max-snippet:-1","max-image-preview":"max-image-preview:large","max-video-preview":"max-video-preview:-1"},"canonical":"https:\/\/www.chinatopack.com\/fr\/produit\/custom-logo-luxury-book-shaped-square-boxes-paper-rigid-paper-gift-packaging-box-with-eva-foam-insert\/","og_locale":"fr_FR","og_type":"article","og_title":"Custom Square Boxes Paper Supplier | Eco Kraft in China","og_description":"Supplier of Custom Square Boxes Paper Boxes: Kraft\/recycled materials, UV\/foil finishes & precision manufacturing. For retail\/cosmetics brands. Request quote!","og_url":"https:\/\/www.chinatopack.com\/fr\/produit\/custom-logo-luxury-book-shaped-square-boxes-paper-rigid-paper-gift-packaging-box-with-eva-foam-insert\/","og_site_name":"TOPACK Paper Boxes","article_publisher":"https:\/\/www.facebook.com\/ChinaTopack\/","article_modified_time":"2025-08-12T10:29:36+00:00","og_image":[{"width":800,"height":800,"url":"https:\/\/www.chinatopack.com\/wp-content\/uploads\/2025\/06\/Custom-Logo-Luxury-Book-Shaped-Rigid-Paper-Gift-Packaging-Box-With-EVA-Foam-Insert-1.jpg","type":"image\/jpeg"}],"twitter_card":"summary_large_image","twitter_misc":{"Dur\u00e9e de lecture estim\u00e9e":"2 minutes"},"schema":{"@context":"https:\/\/schema.org","@graph":[{"@type":"WebPage","@id":"https:\/\/www.chinatopack.com\/product\/custom-logo-luxury-book-shaped-square-boxes-paper-rigid-paper-gift-packaging-box-with-eva-foam-insert\/","url":"https:\/\/www.chinatopack.com\/product\/custom-logo-luxury-book-shaped-square-boxes-paper-rigid-paper-gift-packaging-box-with-eva-foam-insert\/","name":"Custom Square Boxes Paper Supplier | Eco Kraft in China","isPartOf":{"@id":"https:\/\/www.chinatopack.com\/#website"},"primaryImageOfPage":{"@id":"https:\/\/www.chinatopack.com\/product\/custom-logo-luxury-book-shaped-square-boxes-paper-rigid-paper-gift-packaging-box-with-eva-foam-insert\/#primaryimage"},"image":{"@id":"https:\/\/www.chinatopack.com\/product\/custom-logo-luxury-book-shaped-square-boxes-paper-rigid-paper-gift-packaging-box-with-eva-foam-insert\/#primaryimage"},"thumbnailUrl":"https:\/\/www.chinatopack.com\/wp-content\/uploads\/2025\/06\/Custom-Logo-Luxury-Book-Shaped-Rigid-Paper-Gift-Packaging-Box-With-EVA-Foam-Insert-1.jpg","datePublished":"2025-06-16T12:15:57+00:00","dateModified":"2025-08-12T10:29:36+00:00","description":"Supplier of Custom Square Boxes Paper Boxes: Kraft\/recycled materials, UV\/foil finishes & precision manufacturing. For retail\/cosmetics brands. Request quote!","breadcrumb":{"@id":"https:\/\/www.chinatopack.com\/product\/custom-logo-luxury-book-shaped-square-boxes-paper-rigid-paper-gift-packaging-box-with-eva-foam-insert\/#breadcrumb"},"inLanguage":"fr-FR","potentialAction":[{"@type":"ReadAction","target":["https:\/\/www.chinatopack.com\/product\/custom-logo-luxury-book-shaped-square-boxes-paper-rigid-paper-gift-packaging-box-with-eva-foam-insert\/"]}]},{"@type":"ImageObject","inLanguage":"fr-FR","@id":"https:\/\/www.chinatopack.com\/product\/custom-logo-luxury-book-shaped-square-boxes-paper-rigid-paper-gift-packaging-box-with-eva-foam-insert\/#primaryimage","url":"https:\/\/www.chinatopack.com\/wp-content\/uploads\/2025\/06\/Custom-Logo-Luxury-Book-Shaped-Rigid-Paper-Gift-Packaging-Box-With-EVA-Foam-Insert-1.jpg","contentUrl":"https:\/\/www.chinatopack.com\/wp-content\/uploads\/2025\/06\/Custom-Logo-Luxury-Book-Shaped-Rigid-Paper-Gift-Packaging-Box-With-EVA-Foam-Insert-1.jpg","width":800,"height":800,"caption":"Custom Logo Luxury Book Shaped Rigid Paper Gift Packaging Box With EVA Foam Insert"},{"@type":"BreadcrumbList","@id":"https:\/\/www.chinatopack.com\/product\/custom-logo-luxury-book-shaped-square-boxes-paper-rigid-paper-gift-packaging-box-with-eva-foam-insert\/#breadcrumb","itemListElement":[{"@type":"ListItem","position":1,"name":"Home","item":"https:\/\/www.chinatopack.com\/"},{"@type":"ListItem","position":2,"name":"Products","item":"https:\/\/www.chinatopack.com\/shop\/"},{"@type":"ListItem","position":3,"name":"Custom Logo Luxury Book Shaped Square Boxes Paper Rigid Paper Gift Packaging Box With EVA Foam Insert"}]},{"@type":"WebSite","@id":"https:\/\/www.chinatopack.com\/#website","url":"https:\/\/www.chinatopack.com\/","name":"TOPACK Paper Boxes","description":"","publisher":{"@id":"https:\/\/www.chinatopack.com\/#organization"},"potentialAction":[{"@type":"SearchAction","target":{"@type":"EntryPoint","urlTemplate":"https:\/\/www.chinatopack.com\/?s={search_term_string}"},"query-input":"required name=search_term_string"}],"inLanguage":"fr-FR"},{"@type":"Organization","@id":"https:\/\/www.chinatopack.com\/#organization","name":"TOPACK Paper Boxes","url":"https:\/\/www.chinatopack.com\/","logo":{"@type":"ImageObject","inLanguage":"fr-FR","@id":"https:\/\/www.chinatopack.com\/#\/schema\/logo\/image\/","url":"https:\/\/www.chinatopack.com\/wp-content\/uploads\/2025\/11\/logo2.webp","contentUrl":"https:\/\/www.chinatopack.com\/wp-content\/uploads\/2025\/11\/logo2.webp","width":512,"height":512,"caption":"TOPACK Paper Boxes"},"image":{"@id":"https:\/\/www.chinatopack.com\/#\/schema\/logo\/image\/"},"sameAs":["https:\/\/www.facebook.com\/ChinaTopack\/","https:\/\/www.youtube.com\/@chinatopack"]}]}},"_links":{"self":[{"href":"https:\/\/www.chinatopack.com\/fr\/wp-json\/wp\/v2\/product\/12504"}],"collection":[{"href":"https:\/\/www.chinatopack.com\/fr\/wp-json\/wp\/v2\/product"}],"about":[{"href":"https:\/\/www.chinatopack.com\/fr\/wp-json\/wp\/v2\/types\/product"}],"replies":[{"embeddable":true,"href":"https:\/\/www.chinatopack.com\/fr\/wp-json\/wp\/v2\/comments?post=12504"}],"wp:featuredmedia":[{"embeddable":true,"href":"https:\/\/www.chinatopack.com\/fr\/wp-json\/wp\/v2\/media\/12505"}],"wp:attachment":[{"href":"https:\/\/www.chinatopack.com\/fr\/wp-json\/wp\/v2\/media?parent=12504"}],"wp:term":[{"taxonomy":"product_cat","embeddable":true,"href":"https:\/\/www.chinatopack.com\/fr\/wp-json\/wp\/v2\/product_cat?post=12504"},{"taxonomy":"product_tag","embeddable":true,"href":"https:\/\/www.chinatopack.com\/fr\/wp-json\/wp\/v2\/product_tag?post=12504"}],"curies":[{"name":"wp","href":"https:\/\/api.w.org\/{rel}","templated":true}]}}