{"id":12528,"date":"2025-06-16T13:14:51","date_gmt":"2025-06-16T13:14:51","guid":{"rendered":"https:\/\/www.chinatopack.com\/?post_type=product&#038;p=12528"},"modified":"2025-08-12T10:36:25","modified_gmt":"2025-08-12T10:36:25","slug":"custom-large-logo-decorating-boxes-with-paper-luxury-rigid-cardboard-packaging-for-personal-care-new-design","status":"publish","type":"product","link":"https:\/\/www.chinatopack.com\/fr\/produit\/custom-large-logo-decorating-boxes-with-paper-luxury-rigid-cardboard-packaging-for-personal-care-new-design\/","title":{"rendered":"Bo\u00eetes d\u00e9coratives personnalis\u00e9es \u00e0 grand logo avec papier Emballage de luxe en carton rigide pour les soins personnels Nouveau design"},"content":{"rendered":"<h2>Bo\u00eetes en papier personnalis\u00e9es de qualit\u00e9 sup\u00e9rieure : \u00c9l\u00e9gance et fonctionnalit\u00e9 red\u00e9finies<\/h2>\n<p>\u00c9levez votre marque avec une personnalisation de luxe <a href=\"https:\/\/www.chinatopack.com\/fr\/\"><strong>bo\u00eetes en papier<\/strong><\/a>Nos solutions d'emballage sont con\u00e7ues avec le plus grand soin pour mettre en valeur vos produits avec sophistication. Id\u00e9ales pour les cosm\u00e9tiques, les bijoux, l'\u00e9lectronique, les produits gastronomiques et les cadeaux haut de gamme, nos solutions d'emballage allient une protection sup\u00e9rieure \u00e0 une esth\u00e9tique raffin\u00e9e.<\/p>\n<h3>Conceptions et applications sur mesure<\/h3>\n<p>Choisissez parmi les bo\u00eetes rigides, <a href=\"https:\/\/www.chinatopack.com\/fr\/etiquette-produit\/paper-boxes-with-lids\/\"><strong>bo\u00eetes en papier avec couvercles<\/strong><\/a>bo\u00eetes \u00e0 fermeture magn\u00e9tique, <a href=\"https:\/\/www.chinatopack.com\/fr\/etiquette-produit\/brown-paper-gift-boxes\/\"><strong>bo\u00eetes cadeaux en papier brun<\/strong><\/a>bo\u00eetes \u00e0 tiroirs, <a href=\"https:\/\/www.chinatopack.com\/fr\/etiquette-produit\/storage-boxes-paper\/\"><strong>bo\u00eetes de rangement en papier<\/strong><\/a>Les bo\u00eetes sont disponibles en diff\u00e9rentes tailles, formes et structures, et peuvent \u00eatre personnalis\u00e9es. Pour les articles d\u00e9licats comme les parfums ou la verrerie, nous recommandons des inserts en mousse ou une doublure en velours pour \u00e9viter les mouvements. Pour les chocolats ou les cosm\u00e9tiques de qualit\u00e9 sup\u00e9rieure, les plateaux en plastique PET ou les inserts en p\u00e2te moul\u00e9e garantissent un placement s\u00fbr tout en pr\u00e9servant l'\u00e9l\u00e9gance.<\/p>\n<h3>Mat\u00e9riaux de premi\u00e8re qualit\u00e9 et durabilit\u00e9<\/h3>\n<p>Le <a href=\"https:\/\/www.chinatopack.com\/fr\/produit\/custom-large-logo-decorating-boxes-with-paper-luxury-rigid-cardboard-packaging-for-personal-care-new-design\/\"><strong>d\u00e9coration de bo\u00eetes avec du papier<\/strong><\/a> Choisissez parmi le papier d'art mat\/brillant, le kraft textur\u00e9 ou le carton recycl\u00e9 respectueux de l'environnement, avec des options de pelliculage doux au toucher, d'UV ponctuels ou de logos en relief pour une sensation tactile de luxe.<\/p>\n<h3>Finition et artisanat exquis<\/h3>\n<p>Am\u00e9liorer la <a href=\"https:\/\/www.chinatopack.com\/fr\/about-us\/\"><strong>bo\u00eetes en papier sur mesure<\/strong><\/a> avec une dorure, un gaufrage, une d\u00e9coupe personnalis\u00e9e ou un flocage int\u00e9rieur pour une exp\u00e9rience de d\u00e9ballage haut de gamme.<\/p>\n<h3>Processus de production de pr\u00e9cision<\/h3>\n<p>1) Consultation en mati\u00e8re de conception - Conception structurelle et graphique sur mesure.<br \/>\n2. s\u00e9lection des mat\u00e9riaux et des inserts - Protection optimale gr\u00e2ce \u00e0 des gaines de qualit\u00e9 sup\u00e9rieure.<br \/>\n3. impression haut de gamme - couleurs vives et finitions sp\u00e9ciales.<br \/>\n4. assemblage manuel et contr\u00f4le de qualit\u00e9 - attention m\u00e9ticuleuse aux d\u00e9tails.<\/p>\n<p>Faites une impression durable avec des emballages qui prot\u00e8gent, promeuvent et perfectionnent votre marque. Contactez nous pour notre <a href=\"https:\/\/www.chinatopack.com\/fr\/category\/custom-paper-box\/\"><strong>bo\u00eetes en papier bon march\u00e9<\/strong><\/a> et des solutions sur mesure d\u00e8s aujourd'hui !<\/p>\n<h2>D\u00e9tails du produit<\/h2>\n<p><img loading=\"lazy\" decoding=\"async\" class=\"size-full wp-image-12535 aligncenter\" data-src=\"https:\/\/www.chinatopack.com\/wp-content\/uploads\/2025\/06\/Custom-Large-Logo-Magnetic-Folding-Gift-Box-Luxury-Rigid-Cardboard-Packaging-For-Personal-Care-New-Design6.webp\" alt=\"Bo\u00eete magn\u00e9tique pliante avec logo personnalis\u00e9 Emballage de luxe en carton rigide pour les soins personnels Nouveau design\" width=\"800\" height=\"800\" srcset=\"https:\/\/www.chinatopack.com\/wp-content\/uploads\/2025\/06\/Custom-Large-Logo-Magnetic-Folding-Gift-Box-Luxury-Rigid-Cardboard-Packaging-For-Personal-Care-New-Design6.webp 800w, https:\/\/www.chinatopack.com\/wp-content\/uploads\/2025\/06\/Custom-Large-Logo-Magnetic-Folding-Gift-Box-Luxury-Rigid-Cardboard-Packaging-For-Personal-Care-New-Design6-480x480.webp 480w\" sizes=\"(min-width: 0px) and (max-width: 480px) 480px, (min-width: 481px) 800px, 100vw\" \/> <img loading=\"lazy\" decoding=\"async\" class=\"size-full wp-image-12530 aligncenter\" data-src=\"https:\/\/www.chinatopack.com\/wp-content\/uploads\/2025\/06\/Custom-Large-Logo-Magnetic-Folding-Gift-Box-Luxury-Rigid-Cardboard-Packaging-For-Personal-Care-New-Design7.webp\" alt=\"Bo\u00eete magn\u00e9tique pliante avec logo personnalis\u00e9 Emballage de luxe en carton rigide pour les soins personnels Nouveau design\" width=\"800\" height=\"800\" srcset=\"https:\/\/www.chinatopack.com\/wp-content\/uploads\/2025\/06\/Custom-Large-Logo-Magnetic-Folding-Gift-Box-Luxury-Rigid-Cardboard-Packaging-For-Personal-Care-New-Design7.webp 800w, https:\/\/www.chinatopack.com\/wp-content\/uploads\/2025\/06\/Custom-Large-Logo-Magnetic-Folding-Gift-Box-Luxury-Rigid-Cardboard-Packaging-For-Personal-Care-New-Design7-480x480.webp 480w\" sizes=\"(min-width: 0px) and (max-width: 480px) 480px, (min-width: 481px) 800px, 100vw\" \/><\/p>","protected":false},"excerpt":{"rendered":"<p>\u00c9l\u00e9gant et sophistiqu\u00e9<br \/>\nVous cherchez un moyen \u00e9l\u00e9gant et sophistiqu\u00e9 de pr\u00e9senter vos produits ? Les bo\u00eetes \u00e0 bretelles personnalis\u00e9es sont la solution id\u00e9ale. Ces bo\u00eetes en deux parties sont dot\u00e9es d'une fermeture au niveau du cou qui conf\u00e8re \u00e0 vos produits un aspect et une sensation \u00e9l\u00e9gants.<\/p>","protected":false},"featured_media":12529,"comment_status":"closed","ping_status":"closed","template":"","meta":{"_et_pb_use_builder":"","_et_pb_old_content":"","_et_gb_content_width":""},"product_cat":[280],"product_tag":[284,285,282],"yoast_head":"<!-- This site is optimized with the Yoast SEO plugin v22.7 - https:\/\/yoast.com\/wordpress\/plugins\/seo\/ -->\n<title>Premium Custom Box Supplier | Luxury in China<\/title>\n<meta name=\"description\" content=\"Supplier of Luxury Custom Boxes: Eco materials, foil\/embossing &amp; precision manufacturing. For cosmetics\/jewelry brands. Tailored sizes\/inserts. Request quote!\" \/>\n<meta name=\"robots\" content=\"index, follow, max-snippet:-1, max-image-preview:large, max-video-preview:-1\" \/>\n<link rel=\"canonical\" href=\"https:\/\/www.chinatopack.com\/fr\/produit\/custom-large-logo-decorating-boxes-with-paper-luxury-rigid-cardboard-packaging-for-personal-care-new-design\/\" \/>\n<meta property=\"og:locale\" content=\"fr_FR\" \/>\n<meta property=\"og:type\" content=\"article\" \/>\n<meta property=\"og:title\" content=\"Premium Custom Box Supplier | Luxury in China\" \/>\n<meta property=\"og:description\" content=\"Supplier of Luxury Custom Boxes: Eco materials, foil\/embossing &amp; precision manufacturing. For cosmetics\/jewelry brands. Tailored sizes\/inserts. Request quote!\" \/>\n<meta property=\"og:url\" content=\"https:\/\/www.chinatopack.com\/fr\/produit\/custom-large-logo-decorating-boxes-with-paper-luxury-rigid-cardboard-packaging-for-personal-care-new-design\/\" \/>\n<meta property=\"og:site_name\" content=\"TOPACK Paper Boxes\" \/>\n<meta property=\"article:publisher\" content=\"https:\/\/www.facebook.com\/ChinaTopack\/\" \/>\n<meta property=\"article:modified_time\" content=\"2025-08-12T10:36:25+00:00\" \/>\n<meta property=\"og:image\" content=\"https:\/\/www.chinatopack.com\/wp-content\/uploads\/2025\/06\/Custom-Large-Logo-Magnetic-Folding-Gift-Box-Luxury-Rigid-Cardboard-Packaging-For-Personal-Care-New-Design1.webp\" \/>\n\t<meta property=\"og:image:width\" content=\"800\" \/>\n\t<meta property=\"og:image:height\" content=\"800\" \/>\n\t<meta property=\"og:image:type\" content=\"image\/webp\" \/>\n<meta name=\"twitter:card\" content=\"summary_large_image\" \/>\n<meta name=\"twitter:label1\" content=\"Dur\u00e9e de lecture estim\u00e9e\" \/>\n\t<meta name=\"twitter:data1\" content=\"2 minutes\" \/>\n<script type=\"application\/ld+json\" class=\"yoast-schema-graph\">{\"@context\":\"https:\/\/schema.org\",\"@graph\":[{\"@type\":\"WebPage\",\"@id\":\"https:\/\/www.chinatopack.com\/product\/custom-large-logo-decorating-boxes-with-paper-luxury-rigid-cardboard-packaging-for-personal-care-new-design\/\",\"url\":\"https:\/\/www.chinatopack.com\/product\/custom-large-logo-decorating-boxes-with-paper-luxury-rigid-cardboard-packaging-for-personal-care-new-design\/\",\"name\":\"Premium Custom Box Supplier | Luxury in China\",\"isPartOf\":{\"@id\":\"https:\/\/www.chinatopack.com\/#website\"},\"primaryImageOfPage\":{\"@id\":\"https:\/\/www.chinatopack.com\/product\/custom-large-logo-decorating-boxes-with-paper-luxury-rigid-cardboard-packaging-for-personal-care-new-design\/#primaryimage\"},\"image\":{\"@id\":\"https:\/\/www.chinatopack.com\/product\/custom-large-logo-decorating-boxes-with-paper-luxury-rigid-cardboard-packaging-for-personal-care-new-design\/#primaryimage\"},\"thumbnailUrl\":\"https:\/\/www.chinatopack.com\/wp-content\/uploads\/2025\/06\/Custom-Large-Logo-Magnetic-Folding-Gift-Box-Luxury-Rigid-Cardboard-Packaging-For-Personal-Care-New-Design1.webp\",\"datePublished\":\"2025-06-16T13:14:51+00:00\",\"dateModified\":\"2025-08-12T10:36:25+00:00\",\"description\":\"Supplier of Luxury Custom Boxes: Eco materials, foil\/embossing & precision manufacturing. For cosmetics\/jewelry brands. Tailored sizes\/inserts. Request quote!\",\"breadcrumb\":{\"@id\":\"https:\/\/www.chinatopack.com\/product\/custom-large-logo-decorating-boxes-with-paper-luxury-rigid-cardboard-packaging-for-personal-care-new-design\/#breadcrumb\"},\"inLanguage\":\"fr-FR\",\"potentialAction\":[{\"@type\":\"ReadAction\",\"target\":[\"https:\/\/www.chinatopack.com\/product\/custom-large-logo-decorating-boxes-with-paper-luxury-rigid-cardboard-packaging-for-personal-care-new-design\/\"]}]},{\"@type\":\"ImageObject\",\"inLanguage\":\"fr-FR\",\"@id\":\"https:\/\/www.chinatopack.com\/product\/custom-large-logo-decorating-boxes-with-paper-luxury-rigid-cardboard-packaging-for-personal-care-new-design\/#primaryimage\",\"url\":\"https:\/\/www.chinatopack.com\/wp-content\/uploads\/2025\/06\/Custom-Large-Logo-Magnetic-Folding-Gift-Box-Luxury-Rigid-Cardboard-Packaging-For-Personal-Care-New-Design1.webp\",\"contentUrl\":\"https:\/\/www.chinatopack.com\/wp-content\/uploads\/2025\/06\/Custom-Large-Logo-Magnetic-Folding-Gift-Box-Luxury-Rigid-Cardboard-Packaging-For-Personal-Care-New-Design1.webp\",\"width\":800,\"height\":800,\"caption\":\"Custom Large Logo Magnetic Folding Gift Box Luxury Rigid Cardboard Packaging For Personal Care New Design\"},{\"@type\":\"BreadcrumbList\",\"@id\":\"https:\/\/www.chinatopack.com\/product\/custom-large-logo-decorating-boxes-with-paper-luxury-rigid-cardboard-packaging-for-personal-care-new-design\/#breadcrumb\",\"itemListElement\":[{\"@type\":\"ListItem\",\"position\":1,\"name\":\"Home\",\"item\":\"https:\/\/www.chinatopack.com\/\"},{\"@type\":\"ListItem\",\"position\":2,\"name\":\"Products\",\"item\":\"https:\/\/www.chinatopack.com\/shop\/\"},{\"@type\":\"ListItem\",\"position\":3,\"name\":\"Custom Large Logo Decorating Boxes with Paper Luxury Rigid Cardboard Packaging For Personal Care New Design\"}]},{\"@type\":\"WebSite\",\"@id\":\"https:\/\/www.chinatopack.com\/#website\",\"url\":\"https:\/\/www.chinatopack.com\/\",\"name\":\"TOPACK Paper Boxes\",\"description\":\"\",\"publisher\":{\"@id\":\"https:\/\/www.chinatopack.com\/#organization\"},\"potentialAction\":[{\"@type\":\"SearchAction\",\"target\":{\"@type\":\"EntryPoint\",\"urlTemplate\":\"https:\/\/www.chinatopack.com\/?s={search_term_string}\"},\"query-input\":\"required name=search_term_string\"}],\"inLanguage\":\"fr-FR\"},{\"@type\":\"Organization\",\"@id\":\"https:\/\/www.chinatopack.com\/#organization\",\"name\":\"TOPACK Paper Boxes\",\"url\":\"https:\/\/www.chinatopack.com\/\",\"logo\":{\"@type\":\"ImageObject\",\"inLanguage\":\"fr-FR\",\"@id\":\"https:\/\/www.chinatopack.com\/#\/schema\/logo\/image\/\",\"url\":\"https:\/\/www.chinatopack.com\/wp-content\/uploads\/2025\/11\/logo2.webp\",\"contentUrl\":\"https:\/\/www.chinatopack.com\/wp-content\/uploads\/2025\/11\/logo2.webp\",\"width\":512,\"height\":512,\"caption\":\"TOPACK Paper Boxes\"},\"image\":{\"@id\":\"https:\/\/www.chinatopack.com\/#\/schema\/logo\/image\/\"},\"sameAs\":[\"https:\/\/www.facebook.com\/ChinaTopack\/\",\"https:\/\/www.youtube.com\/@chinatopack\"]}]}<\/script>\n<!-- \/ Yoast SEO plugin. -->","yoast_head_json":{"title":"Premium Custom Box Supplier | Luxury in China","description":"Supplier of Luxury Custom Boxes: Eco materials, foil\/embossing & precision manufacturing. For cosmetics\/jewelry brands. Tailored sizes\/inserts. Request quote!","robots":{"index":"index","follow":"follow","max-snippet":"max-snippet:-1","max-image-preview":"max-image-preview:large","max-video-preview":"max-video-preview:-1"},"canonical":"https:\/\/www.chinatopack.com\/fr\/produit\/custom-large-logo-decorating-boxes-with-paper-luxury-rigid-cardboard-packaging-for-personal-care-new-design\/","og_locale":"fr_FR","og_type":"article","og_title":"Premium Custom Box Supplier | Luxury in China","og_description":"Supplier of Luxury Custom Boxes: Eco materials, foil\/embossing & precision manufacturing. For cosmetics\/jewelry brands. Tailored sizes\/inserts. Request quote!","og_url":"https:\/\/www.chinatopack.com\/fr\/produit\/custom-large-logo-decorating-boxes-with-paper-luxury-rigid-cardboard-packaging-for-personal-care-new-design\/","og_site_name":"TOPACK Paper Boxes","article_publisher":"https:\/\/www.facebook.com\/ChinaTopack\/","article_modified_time":"2025-08-12T10:36:25+00:00","og_image":[{"width":800,"height":800,"url":"https:\/\/www.chinatopack.com\/wp-content\/uploads\/2025\/06\/Custom-Large-Logo-Magnetic-Folding-Gift-Box-Luxury-Rigid-Cardboard-Packaging-For-Personal-Care-New-Design1.webp","type":"image\/webp"}],"twitter_card":"summary_large_image","twitter_misc":{"Dur\u00e9e de lecture estim\u00e9e":"2 minutes"},"schema":{"@context":"https:\/\/schema.org","@graph":[{"@type":"WebPage","@id":"https:\/\/www.chinatopack.com\/product\/custom-large-logo-decorating-boxes-with-paper-luxury-rigid-cardboard-packaging-for-personal-care-new-design\/","url":"https:\/\/www.chinatopack.com\/product\/custom-large-logo-decorating-boxes-with-paper-luxury-rigid-cardboard-packaging-for-personal-care-new-design\/","name":"Premium Custom Box Supplier | Luxury in China","isPartOf":{"@id":"https:\/\/www.chinatopack.com\/#website"},"primaryImageOfPage":{"@id":"https:\/\/www.chinatopack.com\/product\/custom-large-logo-decorating-boxes-with-paper-luxury-rigid-cardboard-packaging-for-personal-care-new-design\/#primaryimage"},"image":{"@id":"https:\/\/www.chinatopack.com\/product\/custom-large-logo-decorating-boxes-with-paper-luxury-rigid-cardboard-packaging-for-personal-care-new-design\/#primaryimage"},"thumbnailUrl":"https:\/\/www.chinatopack.com\/wp-content\/uploads\/2025\/06\/Custom-Large-Logo-Magnetic-Folding-Gift-Box-Luxury-Rigid-Cardboard-Packaging-For-Personal-Care-New-Design1.webp","datePublished":"2025-06-16T13:14:51+00:00","dateModified":"2025-08-12T10:36:25+00:00","description":"Supplier of Luxury Custom Boxes: Eco materials, foil\/embossing & precision manufacturing. For cosmetics\/jewelry brands. Tailored sizes\/inserts. Request quote!","breadcrumb":{"@id":"https:\/\/www.chinatopack.com\/product\/custom-large-logo-decorating-boxes-with-paper-luxury-rigid-cardboard-packaging-for-personal-care-new-design\/#breadcrumb"},"inLanguage":"fr-FR","potentialAction":[{"@type":"ReadAction","target":["https:\/\/www.chinatopack.com\/product\/custom-large-logo-decorating-boxes-with-paper-luxury-rigid-cardboard-packaging-for-personal-care-new-design\/"]}]},{"@type":"ImageObject","inLanguage":"fr-FR","@id":"https:\/\/www.chinatopack.com\/product\/custom-large-logo-decorating-boxes-with-paper-luxury-rigid-cardboard-packaging-for-personal-care-new-design\/#primaryimage","url":"https:\/\/www.chinatopack.com\/wp-content\/uploads\/2025\/06\/Custom-Large-Logo-Magnetic-Folding-Gift-Box-Luxury-Rigid-Cardboard-Packaging-For-Personal-Care-New-Design1.webp","contentUrl":"https:\/\/www.chinatopack.com\/wp-content\/uploads\/2025\/06\/Custom-Large-Logo-Magnetic-Folding-Gift-Box-Luxury-Rigid-Cardboard-Packaging-For-Personal-Care-New-Design1.webp","width":800,"height":800,"caption":"Custom Large Logo Magnetic Folding Gift Box Luxury Rigid Cardboard Packaging For Personal Care New Design"},{"@type":"BreadcrumbList","@id":"https:\/\/www.chinatopack.com\/product\/custom-large-logo-decorating-boxes-with-paper-luxury-rigid-cardboard-packaging-for-personal-care-new-design\/#breadcrumb","itemListElement":[{"@type":"ListItem","position":1,"name":"Home","item":"https:\/\/www.chinatopack.com\/"},{"@type":"ListItem","position":2,"name":"Products","item":"https:\/\/www.chinatopack.com\/shop\/"},{"@type":"ListItem","position":3,"name":"Custom Large Logo Decorating Boxes with Paper Luxury Rigid Cardboard Packaging For Personal Care New Design"}]},{"@type":"WebSite","@id":"https:\/\/www.chinatopack.com\/#website","url":"https:\/\/www.chinatopack.com\/","name":"TOPACK Paper Boxes","description":"","publisher":{"@id":"https:\/\/www.chinatopack.com\/#organization"},"potentialAction":[{"@type":"SearchAction","target":{"@type":"EntryPoint","urlTemplate":"https:\/\/www.chinatopack.com\/?s={search_term_string}"},"query-input":"required name=search_term_string"}],"inLanguage":"fr-FR"},{"@type":"Organization","@id":"https:\/\/www.chinatopack.com\/#organization","name":"TOPACK Paper Boxes","url":"https:\/\/www.chinatopack.com\/","logo":{"@type":"ImageObject","inLanguage":"fr-FR","@id":"https:\/\/www.chinatopack.com\/#\/schema\/logo\/image\/","url":"https:\/\/www.chinatopack.com\/wp-content\/uploads\/2025\/11\/logo2.webp","contentUrl":"https:\/\/www.chinatopack.com\/wp-content\/uploads\/2025\/11\/logo2.webp","width":512,"height":512,"caption":"TOPACK Paper Boxes"},"image":{"@id":"https:\/\/www.chinatopack.com\/#\/schema\/logo\/image\/"},"sameAs":["https:\/\/www.facebook.com\/ChinaTopack\/","https:\/\/www.youtube.com\/@chinatopack"]}]}},"_links":{"self":[{"href":"https:\/\/www.chinatopack.com\/fr\/wp-json\/wp\/v2\/product\/12528"}],"collection":[{"href":"https:\/\/www.chinatopack.com\/fr\/wp-json\/wp\/v2\/product"}],"about":[{"href":"https:\/\/www.chinatopack.com\/fr\/wp-json\/wp\/v2\/types\/product"}],"replies":[{"embeddable":true,"href":"https:\/\/www.chinatopack.com\/fr\/wp-json\/wp\/v2\/comments?post=12528"}],"wp:featuredmedia":[{"embeddable":true,"href":"https:\/\/www.chinatopack.com\/fr\/wp-json\/wp\/v2\/media\/12529"}],"wp:attachment":[{"href":"https:\/\/www.chinatopack.com\/fr\/wp-json\/wp\/v2\/media?parent=12528"}],"wp:term":[{"taxonomy":"product_cat","embeddable":true,"href":"https:\/\/www.chinatopack.com\/fr\/wp-json\/wp\/v2\/product_cat?post=12528"},{"taxonomy":"product_tag","embeddable":true,"href":"https:\/\/www.chinatopack.com\/fr\/wp-json\/wp\/v2\/product_tag?post=12528"}],"curies":[{"name":"wp","href":"https:\/\/api.w.org\/{rel}","templated":true}]}}