{"id":12536,"date":"2025-06-16T13:43:46","date_gmt":"2025-06-16T13:43:46","guid":{"rendered":"https:\/\/www.chinatopack.com\/?post_type=product&#038;p=12536"},"modified":"2025-08-12T10:39:20","modified_gmt":"2025-08-12T10:39:20","slug":"china-manufacture-custom-product-paper-gift-boxes-with-lids-for-presents","status":"publish","type":"product","link":"https:\/\/www.chinatopack.com\/fr\/produit\/china-manufacture-custom-product-paper-gift-boxes-with-lids-for-presents\/","title":{"rendered":"China Manufacture Custom Product Paper Gift Boxes With Lids For Presents (Bo\u00eetes cadeaux en papier avec couvercles)"},"content":{"rendered":"<h2>Bo\u00eetes cadeaux en papier \u00e9l\u00e9gantes - Quand la r\u00e9flexion rencontre l'artisanat<\/h2>\n<p>C\u00e9l\u00e9brez les moments forts de la vie gr\u00e2ce \u00e0 notre magnifique design.<a href=\"https:\/\/www.chinatopack.com\/fr\/\"><strong> bo\u00eetes cadeaux kraft<\/strong><\/a>-un m\u00e9lange parfait de sophistication et de durabilit\u00e9. Fabriqu\u00e9e \u00e0 partir de mat\u00e9riaux \u00e9cologiques de premi\u00e8re qualit\u00e9, chaque bo\u00eete offre une exp\u00e9rience de d\u00e9ballage luxueuse tout en honorant votre engagement envers la plan\u00e8te.<\/p>\n<p>Qu'il s'agisse de chocolats, de bijoux, de cosm\u00e9tiques ou de cadeaux personnalis\u00e9s, notre collection polyvalente r\u00e9pond \u00e0 toutes les occasions. Choisissez parmi une gamme de textures, de couleurs et de finitions - mates, brillantes, estampill\u00e9es ou gaufr\u00e9es - pour compl\u00e9ter parfaitement le th\u00e8me de votre marque ou de votre \u00e9v\u00e9nement. Des d\u00e9tails bien pens\u00e9s tels que des fermetures magn\u00e9tiques, des rubans et des int\u00e9rieurs personnalis\u00e9s ajoutent une touche d'\u00e9l\u00e9gance suppl\u00e9mentaire.<\/p>\n<p>Id\u00e9ales pour la vente au d\u00e9tail, les cadeaux d'entreprise ou les mariages, nos bo\u00eetes en papier transforment des cadeaux ordinaires en souvenirs pr\u00e9cieux. L\u00e9g\u00e8res et durables, elles prot\u00e8gent vos tr\u00e9sors tout en laissant une impression durable.<br \/>\nParce que les meilleurs cadeaux m\u00e9ritent un emballage aussi extraordinaire que leur contenu. Avec nous, les professionnels de l'emballage et de la d\u00e9coration d'int\u00e9rieur, vous pouvez am\u00e9liorer vos cadeaux gr\u00e2ce \u00e0 un design intemporel et respectueux de l'environnement. <a href=\"https:\/\/www.chinatopack.com\/fr\/about-us\/\"><strong>fabricants de coffrets cadeaux<\/strong><\/a>.<\/p>\n<h2>D\u00e9tails du produit<\/h2>\n<p><img loading=\"lazy\" decoding=\"async\" class=\"size-full wp-image-12544 aligncenter\" data-src=\"https:\/\/www.chinatopack.com\/wp-content\/uploads\/2025\/06\/China-Manufacture-Custom-Product-Paper-Gift-Box-For-Product-Packaging10.webp\" alt=\"Bo\u00eete cadeau en papier de fabrication chinoise personnalis\u00e9e pour l&#039;emballage de produits\" width=\"800\" height=\"800\" srcset=\"https:\/\/www.chinatopack.com\/wp-content\/uploads\/2025\/06\/China-Manufacture-Custom-Product-Paper-Gift-Box-For-Product-Packaging10.webp 800w, https:\/\/www.chinatopack.com\/wp-content\/uploads\/2025\/06\/China-Manufacture-Custom-Product-Paper-Gift-Box-For-Product-Packaging10-480x480.webp 480w\" sizes=\"(min-width: 0px) and (max-width: 480px) 480px, (min-width: 481px) 800px, 100vw\" \/><\/p>\n<p style=\"text-align: center;\"><a href=\"https:\/\/www.chinatopack.com\/fr\/produit\/china-manufacture-custom-product-paper-gift-boxes-with-lids-for-presents\/\"><strong>Bo\u00eetes cadeaux avec couvercles pour cadeaux<\/strong><\/a><\/p>\n<p><img loading=\"lazy\" decoding=\"async\" class=\"size-full wp-image-12545 aligncenter\" data-src=\"https:\/\/www.chinatopack.com\/wp-content\/uploads\/2025\/06\/China-Manufacture-Custom-Product-Paper-Gift-Box-For-Product-Packaging14.webp\" alt=\"Bo\u00eete cadeau en papier de fabrication chinoise personnalis\u00e9e pour l&#039;emballage de produits\" width=\"800\" height=\"800\" srcset=\"https:\/\/www.chinatopack.com\/wp-content\/uploads\/2025\/06\/China-Manufacture-Custom-Product-Paper-Gift-Box-For-Product-Packaging14.webp 800w, https:\/\/www.chinatopack.com\/wp-content\/uploads\/2025\/06\/China-Manufacture-Custom-Product-Paper-Gift-Box-For-Product-Packaging14-480x480.webp 480w\" sizes=\"(min-width: 0px) and (max-width: 480px) 480px, (min-width: 481px) 800px, 100vw\" \/><\/p>\n<p style=\"text-align: center;\"><a href=\"https:\/\/www.chinatopack.com\/fr\/category\/gift-box\/\"><strong>Coffrets de luxe<\/strong><\/a><\/p>\n<p><img loading=\"lazy\" decoding=\"async\" class=\"size-full wp-image-12546 aligncenter\" data-src=\"https:\/\/www.chinatopack.com\/wp-content\/uploads\/2025\/06\/China-Manufacture-Custom-Product-Paper-Gift-Box-For-Product-Packaging8.webp\" alt=\"Bo\u00eete cadeau en papier de fabrication chinoise personnalis\u00e9e pour l&#039;emballage de produits\" width=\"800\" height=\"800\" srcset=\"https:\/\/www.chinatopack.com\/wp-content\/uploads\/2025\/06\/China-Manufacture-Custom-Product-Paper-Gift-Box-For-Product-Packaging8.webp 800w, https:\/\/www.chinatopack.com\/wp-content\/uploads\/2025\/06\/China-Manufacture-Custom-Product-Paper-Gift-Box-For-Product-Packaging8-480x480.webp 480w\" sizes=\"(min-width: 0px) and (max-width: 480px) 480px, (min-width: 481px) 800px, 100vw\" \/><\/p>\n<p style=\"text-align: center;\"><strong>coffret cadeau f\u00eate des m\u00e8res<\/strong><\/p>\n<p><img loading=\"lazy\" decoding=\"async\" class=\"size-full wp-image-12547 aligncenter\" data-src=\"https:\/\/www.chinatopack.com\/wp-content\/uploads\/2025\/06\/China-Manufacture-Custom-Product-Paper-Gift-Box-For-Product-Packaging9.webp\" alt=\"Bo\u00eete cadeau en papier de fabrication chinoise personnalis\u00e9e pour l&#039;emballage de produits\" width=\"800\" height=\"800\" srcset=\"https:\/\/www.chinatopack.com\/wp-content\/uploads\/2025\/06\/China-Manufacture-Custom-Product-Paper-Gift-Box-For-Product-Packaging9.webp 800w, https:\/\/www.chinatopack.com\/wp-content\/uploads\/2025\/06\/China-Manufacture-Custom-Product-Paper-Gift-Box-For-Product-Packaging9-480x480.webp 480w\" sizes=\"(min-width: 0px) and (max-width: 480px) 480px, (min-width: 481px) 800px, 100vw\" \/><\/p>\n<p style=\"text-align: center;\"><a href=\"https:\/\/www.chinatopack.com\/fr\/etiquette-produit\/baby-shower-gift-box\/\"><strong>coffret cadeau pour la f\u00eate de b\u00e9b\u00e9<\/strong><\/a><\/p>","protected":false},"excerpt":{"rendered":"<p>Une premi\u00e8re impression percutante<br \/>\nQuel que soit le produit que vous vendez, les bo\u00eetes rigides pliables respirent le luxe. Outre leur aspect esth\u00e9tique, leur conception pliable vous permet d'emballer plus facilement vos produits et de faire une bonne premi\u00e8re impression sur vos clients.<\/p>","protected":false},"featured_media":12537,"comment_status":"closed","ping_status":"closed","template":"","meta":{"_et_pb_use_builder":"","_et_pb_old_content":"","_et_gb_content_width":""},"product_cat":[281],"product_tag":[293,289],"yoast_head":"<!-- This site is optimized with the Yoast SEO plugin v22.7 - https:\/\/yoast.com\/wordpress\/plugins\/seo\/ -->\n<title>Luxury Kraft Gift Box Manufacturer | Eco Custom in China<\/title>\n<meta name=\"description\" content=\"20+ Yrs Gift Box Manufacturer: Eco-luxury kraft boxes w\/ magnetic closure &amp; foil finishes. For weddings\/corporate gifting. Craftsmanship since 2003.\" \/>\n<meta name=\"robots\" content=\"index, follow, max-snippet:-1, max-image-preview:large, max-video-preview:-1\" \/>\n<link rel=\"canonical\" href=\"https:\/\/www.chinatopack.com\/fr\/produit\/china-manufacture-custom-product-paper-gift-boxes-with-lids-for-presents\/\" \/>\n<meta property=\"og:locale\" content=\"fr_FR\" \/>\n<meta property=\"og:type\" content=\"article\" \/>\n<meta property=\"og:title\" content=\"Luxury Kraft Gift Box Manufacturer | Eco Custom in China\" \/>\n<meta property=\"og:description\" content=\"20+ Yrs Gift Box Manufacturer: Eco-luxury kraft boxes w\/ magnetic closure &amp; foil finishes. For weddings\/corporate gifting. Craftsmanship since 2003.\" \/>\n<meta property=\"og:url\" content=\"https:\/\/www.chinatopack.com\/fr\/produit\/china-manufacture-custom-product-paper-gift-boxes-with-lids-for-presents\/\" \/>\n<meta property=\"og:site_name\" content=\"TOPACK Paper Boxes\" \/>\n<meta property=\"article:publisher\" content=\"https:\/\/www.facebook.com\/ChinaTopack\/\" \/>\n<meta property=\"article:modified_time\" content=\"2025-08-12T10:39:20+00:00\" \/>\n<meta property=\"og:image\" content=\"https:\/\/www.chinatopack.com\/wp-content\/uploads\/2025\/06\/China-Manufacture-Custom-Product-Paper-Gift-Box-For-Product-Packaging1.webp\" \/>\n\t<meta property=\"og:image:width\" content=\"800\" \/>\n\t<meta property=\"og:image:height\" content=\"800\" \/>\n\t<meta property=\"og:image:type\" content=\"image\/webp\" \/>\n<meta name=\"twitter:card\" content=\"summary_large_image\" \/>\n<meta name=\"twitter:label1\" content=\"Dur\u00e9e de lecture estim\u00e9e\" \/>\n\t<meta name=\"twitter:data1\" content=\"2 minutes\" \/>\n<script type=\"application\/ld+json\" class=\"yoast-schema-graph\">{\"@context\":\"https:\/\/schema.org\",\"@graph\":[{\"@type\":\"WebPage\",\"@id\":\"https:\/\/www.chinatopack.com\/product\/china-manufacture-custom-product-paper-gift-boxes-with-lids-for-presents\/\",\"url\":\"https:\/\/www.chinatopack.com\/product\/china-manufacture-custom-product-paper-gift-boxes-with-lids-for-presents\/\",\"name\":\"Luxury Kraft Gift Box Manufacturer | Eco Custom in China\",\"isPartOf\":{\"@id\":\"https:\/\/www.chinatopack.com\/#website\"},\"primaryImageOfPage\":{\"@id\":\"https:\/\/www.chinatopack.com\/product\/china-manufacture-custom-product-paper-gift-boxes-with-lids-for-presents\/#primaryimage\"},\"image\":{\"@id\":\"https:\/\/www.chinatopack.com\/product\/china-manufacture-custom-product-paper-gift-boxes-with-lids-for-presents\/#primaryimage\"},\"thumbnailUrl\":\"https:\/\/www.chinatopack.com\/wp-content\/uploads\/2025\/06\/China-Manufacture-Custom-Product-Paper-Gift-Box-For-Product-Packaging1.webp\",\"datePublished\":\"2025-06-16T13:43:46+00:00\",\"dateModified\":\"2025-08-12T10:39:20+00:00\",\"description\":\"20+ Yrs Gift Box Manufacturer: Eco-luxury kraft boxes w\/ magnetic closure & foil finishes. For weddings\/corporate gifting. Craftsmanship since 2003.\",\"breadcrumb\":{\"@id\":\"https:\/\/www.chinatopack.com\/product\/china-manufacture-custom-product-paper-gift-boxes-with-lids-for-presents\/#breadcrumb\"},\"inLanguage\":\"fr-FR\",\"potentialAction\":[{\"@type\":\"ReadAction\",\"target\":[\"https:\/\/www.chinatopack.com\/product\/china-manufacture-custom-product-paper-gift-boxes-with-lids-for-presents\/\"]}]},{\"@type\":\"ImageObject\",\"inLanguage\":\"fr-FR\",\"@id\":\"https:\/\/www.chinatopack.com\/product\/china-manufacture-custom-product-paper-gift-boxes-with-lids-for-presents\/#primaryimage\",\"url\":\"https:\/\/www.chinatopack.com\/wp-content\/uploads\/2025\/06\/China-Manufacture-Custom-Product-Paper-Gift-Box-For-Product-Packaging1.webp\",\"contentUrl\":\"https:\/\/www.chinatopack.com\/wp-content\/uploads\/2025\/06\/China-Manufacture-Custom-Product-Paper-Gift-Box-For-Product-Packaging1.webp\",\"width\":800,\"height\":800,\"caption\":\"China Manufacture Custom Product Paper Gift Box For Product Packaging\"},{\"@type\":\"BreadcrumbList\",\"@id\":\"https:\/\/www.chinatopack.com\/product\/china-manufacture-custom-product-paper-gift-boxes-with-lids-for-presents\/#breadcrumb\",\"itemListElement\":[{\"@type\":\"ListItem\",\"position\":1,\"name\":\"Home\",\"item\":\"https:\/\/www.chinatopack.com\/\"},{\"@type\":\"ListItem\",\"position\":2,\"name\":\"Products\",\"item\":\"https:\/\/www.chinatopack.com\/shop\/\"},{\"@type\":\"ListItem\",\"position\":3,\"name\":\"China Manufacture Custom Product Paper Gift Boxes With Lids For Presents\"}]},{\"@type\":\"WebSite\",\"@id\":\"https:\/\/www.chinatopack.com\/#website\",\"url\":\"https:\/\/www.chinatopack.com\/\",\"name\":\"TOPACK Paper Boxes\",\"description\":\"\",\"publisher\":{\"@id\":\"https:\/\/www.chinatopack.com\/#organization\"},\"potentialAction\":[{\"@type\":\"SearchAction\",\"target\":{\"@type\":\"EntryPoint\",\"urlTemplate\":\"https:\/\/www.chinatopack.com\/?s={search_term_string}\"},\"query-input\":\"required name=search_term_string\"}],\"inLanguage\":\"fr-FR\"},{\"@type\":\"Organization\",\"@id\":\"https:\/\/www.chinatopack.com\/#organization\",\"name\":\"TOPACK Paper Boxes\",\"url\":\"https:\/\/www.chinatopack.com\/\",\"logo\":{\"@type\":\"ImageObject\",\"inLanguage\":\"fr-FR\",\"@id\":\"https:\/\/www.chinatopack.com\/#\/schema\/logo\/image\/\",\"url\":\"https:\/\/www.chinatopack.com\/wp-content\/uploads\/2025\/11\/logo2.webp\",\"contentUrl\":\"https:\/\/www.chinatopack.com\/wp-content\/uploads\/2025\/11\/logo2.webp\",\"width\":512,\"height\":512,\"caption\":\"TOPACK Paper Boxes\"},\"image\":{\"@id\":\"https:\/\/www.chinatopack.com\/#\/schema\/logo\/image\/\"},\"sameAs\":[\"https:\/\/www.facebook.com\/ChinaTopack\/\",\"https:\/\/www.youtube.com\/@chinatopack\"]}]}<\/script>\n<!-- \/ Yoast SEO plugin. -->","yoast_head_json":{"title":"Luxury Kraft Gift Box Manufacturer | Eco Custom in China","description":"20+ Yrs Gift Box Manufacturer: Eco-luxury kraft boxes w\/ magnetic closure & foil finishes. For weddings\/corporate gifting. Craftsmanship since 2003.","robots":{"index":"index","follow":"follow","max-snippet":"max-snippet:-1","max-image-preview":"max-image-preview:large","max-video-preview":"max-video-preview:-1"},"canonical":"https:\/\/www.chinatopack.com\/fr\/produit\/china-manufacture-custom-product-paper-gift-boxes-with-lids-for-presents\/","og_locale":"fr_FR","og_type":"article","og_title":"Luxury Kraft Gift Box Manufacturer | Eco Custom in China","og_description":"20+ Yrs Gift Box Manufacturer: Eco-luxury kraft boxes w\/ magnetic closure & foil finishes. For weddings\/corporate gifting. Craftsmanship since 2003.","og_url":"https:\/\/www.chinatopack.com\/fr\/produit\/china-manufacture-custom-product-paper-gift-boxes-with-lids-for-presents\/","og_site_name":"TOPACK Paper Boxes","article_publisher":"https:\/\/www.facebook.com\/ChinaTopack\/","article_modified_time":"2025-08-12T10:39:20+00:00","og_image":[{"width":800,"height":800,"url":"https:\/\/www.chinatopack.com\/wp-content\/uploads\/2025\/06\/China-Manufacture-Custom-Product-Paper-Gift-Box-For-Product-Packaging1.webp","type":"image\/webp"}],"twitter_card":"summary_large_image","twitter_misc":{"Dur\u00e9e de lecture estim\u00e9e":"2 minutes"},"schema":{"@context":"https:\/\/schema.org","@graph":[{"@type":"WebPage","@id":"https:\/\/www.chinatopack.com\/product\/china-manufacture-custom-product-paper-gift-boxes-with-lids-for-presents\/","url":"https:\/\/www.chinatopack.com\/product\/china-manufacture-custom-product-paper-gift-boxes-with-lids-for-presents\/","name":"Luxury Kraft Gift Box Manufacturer | Eco Custom in China","isPartOf":{"@id":"https:\/\/www.chinatopack.com\/#website"},"primaryImageOfPage":{"@id":"https:\/\/www.chinatopack.com\/product\/china-manufacture-custom-product-paper-gift-boxes-with-lids-for-presents\/#primaryimage"},"image":{"@id":"https:\/\/www.chinatopack.com\/product\/china-manufacture-custom-product-paper-gift-boxes-with-lids-for-presents\/#primaryimage"},"thumbnailUrl":"https:\/\/www.chinatopack.com\/wp-content\/uploads\/2025\/06\/China-Manufacture-Custom-Product-Paper-Gift-Box-For-Product-Packaging1.webp","datePublished":"2025-06-16T13:43:46+00:00","dateModified":"2025-08-12T10:39:20+00:00","description":"20+ Yrs Gift Box Manufacturer: Eco-luxury kraft boxes w\/ magnetic closure & foil finishes. For weddings\/corporate gifting. Craftsmanship since 2003.","breadcrumb":{"@id":"https:\/\/www.chinatopack.com\/product\/china-manufacture-custom-product-paper-gift-boxes-with-lids-for-presents\/#breadcrumb"},"inLanguage":"fr-FR","potentialAction":[{"@type":"ReadAction","target":["https:\/\/www.chinatopack.com\/product\/china-manufacture-custom-product-paper-gift-boxes-with-lids-for-presents\/"]}]},{"@type":"ImageObject","inLanguage":"fr-FR","@id":"https:\/\/www.chinatopack.com\/product\/china-manufacture-custom-product-paper-gift-boxes-with-lids-for-presents\/#primaryimage","url":"https:\/\/www.chinatopack.com\/wp-content\/uploads\/2025\/06\/China-Manufacture-Custom-Product-Paper-Gift-Box-For-Product-Packaging1.webp","contentUrl":"https:\/\/www.chinatopack.com\/wp-content\/uploads\/2025\/06\/China-Manufacture-Custom-Product-Paper-Gift-Box-For-Product-Packaging1.webp","width":800,"height":800,"caption":"China Manufacture Custom Product Paper Gift Box For Product Packaging"},{"@type":"BreadcrumbList","@id":"https:\/\/www.chinatopack.com\/product\/china-manufacture-custom-product-paper-gift-boxes-with-lids-for-presents\/#breadcrumb","itemListElement":[{"@type":"ListItem","position":1,"name":"Home","item":"https:\/\/www.chinatopack.com\/"},{"@type":"ListItem","position":2,"name":"Products","item":"https:\/\/www.chinatopack.com\/shop\/"},{"@type":"ListItem","position":3,"name":"China Manufacture Custom Product Paper Gift Boxes With Lids For Presents"}]},{"@type":"WebSite","@id":"https:\/\/www.chinatopack.com\/#website","url":"https:\/\/www.chinatopack.com\/","name":"TOPACK Paper Boxes","description":"","publisher":{"@id":"https:\/\/www.chinatopack.com\/#organization"},"potentialAction":[{"@type":"SearchAction","target":{"@type":"EntryPoint","urlTemplate":"https:\/\/www.chinatopack.com\/?s={search_term_string}"},"query-input":"required name=search_term_string"}],"inLanguage":"fr-FR"},{"@type":"Organization","@id":"https:\/\/www.chinatopack.com\/#organization","name":"TOPACK Paper Boxes","url":"https:\/\/www.chinatopack.com\/","logo":{"@type":"ImageObject","inLanguage":"fr-FR","@id":"https:\/\/www.chinatopack.com\/#\/schema\/logo\/image\/","url":"https:\/\/www.chinatopack.com\/wp-content\/uploads\/2025\/11\/logo2.webp","contentUrl":"https:\/\/www.chinatopack.com\/wp-content\/uploads\/2025\/11\/logo2.webp","width":512,"height":512,"caption":"TOPACK Paper Boxes"},"image":{"@id":"https:\/\/www.chinatopack.com\/#\/schema\/logo\/image\/"},"sameAs":["https:\/\/www.facebook.com\/ChinaTopack\/","https:\/\/www.youtube.com\/@chinatopack"]}]}},"_links":{"self":[{"href":"https:\/\/www.chinatopack.com\/fr\/wp-json\/wp\/v2\/product\/12536"}],"collection":[{"href":"https:\/\/www.chinatopack.com\/fr\/wp-json\/wp\/v2\/product"}],"about":[{"href":"https:\/\/www.chinatopack.com\/fr\/wp-json\/wp\/v2\/types\/product"}],"replies":[{"embeddable":true,"href":"https:\/\/www.chinatopack.com\/fr\/wp-json\/wp\/v2\/comments?post=12536"}],"wp:featuredmedia":[{"embeddable":true,"href":"https:\/\/www.chinatopack.com\/fr\/wp-json\/wp\/v2\/media\/12537"}],"wp:attachment":[{"href":"https:\/\/www.chinatopack.com\/fr\/wp-json\/wp\/v2\/media?parent=12536"}],"wp:term":[{"taxonomy":"product_cat","embeddable":true,"href":"https:\/\/www.chinatopack.com\/fr\/wp-json\/wp\/v2\/product_cat?post=12536"},{"taxonomy":"product_tag","embeddable":true,"href":"https:\/\/www.chinatopack.com\/fr\/wp-json\/wp\/v2\/product_tag?post=12536"}],"curies":[{"name":"wp","href":"https:\/\/api.w.org\/{rel}","templated":true}]}}