{"id":12548,"date":"2025-06-16T13:51:33","date_gmt":"2025-06-16T13:51:33","guid":{"rendered":"https:\/\/www.chinatopack.com\/?post_type=product&#038;p=12548"},"modified":"2025-08-12T10:43:16","modified_gmt":"2025-08-12T10:43:16","slug":"custom-printed-logo-cardboard-gift-chocolates-packaging-wedding-favour-boxes-with-ribbon-engagement-box-gift","status":"publish","type":"product","link":"https:\/\/www.chinatopack.com\/fr\/produit\/custom-printed-logo-cardboard-gift-chocolates-packaging-wedding-favour-boxes-with-ribbon-engagement-box-gift\/","title":{"rendered":"Boite \u00e0 Chocolats en Carton avec Logo Imprim\u00e9 Personnalis\u00e9 Boite \u00e0 Faveurs de Mariage avec Ruban Boite \u00e0 Fian\u00e7ailles Cadeau"},"content":{"rendered":"<h2>Bo\u00eetes cadeaux en papier \u00e9l\u00e9gantes - Quand la r\u00e9flexion rencontre l'artisanat<\/h2>\n<p>C\u00e9l\u00e9brez les moments particuliers de la vie avec nos bo\u00eetes-cadeaux en papier magnifiquement con\u00e7ues, un m\u00e9lange parfait de sophistication et de durabilit\u00e9. Fabriqu\u00e9 \u00e0 partir de mat\u00e9riaux \u00e9cologiques de premi\u00e8re qualit\u00e9, chaque coffret offre une exp\u00e9rience de d\u00e9ballage luxueuse tout en honorant votre engagement envers la plan\u00e8te.<\/p>\n<p>Qu'il s'agisse de chocolats, de bijoux, de cosm\u00e9tiques ou de cadeaux personnalis\u00e9s, notre collection polyvalente r\u00e9pond \u00e0 toutes les occasions. Les <a href=\"https:\/\/www.chinatopack.com\/fr\/category\/gift-box\/\"><strong>coffrets cadeaux de luxe<\/strong><\/a> Choisissez parmi une gamme de textures, de couleurs et de finitions - mates, brillantes, estampill\u00e9es ou gaufr\u00e9es - pour compl\u00e9ter parfaitement votre marque ou le th\u00e8me de votre \u00e9v\u00e9nement. Des d\u00e9tails bien pens\u00e9s tels que des fermetures magn\u00e9tiques, des rubans et des int\u00e9rieurs personnalis\u00e9s ajoutent une touche d'\u00e9l\u00e9gance suppl\u00e9mentaire.<\/p>\n<p>Id\u00e9al pour la vente au d\u00e9tail, les cadeaux d'entreprise ou les mariages, notre <a href=\"https:\/\/www.chinatopack.com\/fr\/\"><strong>bo\u00eetes en papier<\/strong><\/a> transforment des cadeaux ordinaires en souvenirs pr\u00e9cieux. L\u00e9gers mais durables, nos <a href=\"https:\/\/www.chinatopack.com\/fr\/produit\/custom-printed-logo-cardboard-gift-chocolates-packaging-wedding-favour-boxes-with-ribbon-engagement-box-gift\/\"><strong>bo\u00eete de fian\u00e7ailles cadeau<\/strong><\/a> prot\u00e9ger vos tr\u00e9sors tout en laissant une impression durable.<br \/>\nParce que les meilleurs cadeaux m\u00e9ritent un emballage aussi extraordinaire que leur contenu. Am\u00e9liorez vos cadeaux gr\u00e2ce \u00e0 un design intemporel et respectueux de l'environnement avec nous, la <a href=\"https:\/\/www.chinatopack.com\/fr\/about-us\/\"><strong>fabricants de coffrets cadeaux<\/strong><\/a>.<\/p>\n<h2>D\u00e9tails du produit<\/h2>\n<p><img loading=\"lazy\" decoding=\"async\" class=\"size-full wp-image-12553 aligncenter\" data-src=\"https:\/\/www.chinatopack.com\/wp-content\/uploads\/2025\/06\/Custom-Printed-Logo-Cardboard-Gift-Chocolates-Packaging-Wedding-Favour-Boxes-with-Ribbon5.webp\" alt=\"Bo\u00eetes \u00e0 cadeaux en carton avec logo personnalis\u00e9 Bo\u00eetes \u00e0 cadeaux pour chocolats avec ruban pour mariage\" width=\"800\" height=\"800\" srcset=\"https:\/\/www.chinatopack.com\/wp-content\/uploads\/2025\/06\/Custom-Printed-Logo-Cardboard-Gift-Chocolates-Packaging-Wedding-Favour-Boxes-with-Ribbon5.webp 800w, https:\/\/www.chinatopack.com\/wp-content\/uploads\/2025\/06\/Custom-Printed-Logo-Cardboard-Gift-Chocolates-Packaging-Wedding-Favour-Boxes-with-Ribbon5-480x480.webp 480w\" sizes=\"(min-width: 0px) and (max-width: 480px) 480px, (min-width: 481px) 800px, 100vw\" \/><\/p>\n<p style=\"text-align: center;\"><a href=\"https:\/\/www.chinatopack.com\/fr\/etiquette-produit\/wedding-gift-box\/\"><strong>Coffret cadeau de mariage<\/strong><\/a><\/p>\n<p><img loading=\"lazy\" decoding=\"async\" class=\"size-full wp-image-12554 aligncenter\" data-src=\"https:\/\/www.chinatopack.com\/wp-content\/uploads\/2025\/06\/Custom-Printed-Logo-Cardboard-Gift-Chocolates-Packaging-Wedding-Favour-Boxes-with-Ribbon6.webp\" alt=\"Bo\u00eetes \u00e0 cadeaux en carton avec logo personnalis\u00e9 Bo\u00eetes \u00e0 cadeaux pour chocolats avec ruban pour mariage\" width=\"800\" height=\"800\" srcset=\"https:\/\/www.chinatopack.com\/wp-content\/uploads\/2025\/06\/Custom-Printed-Logo-Cardboard-Gift-Chocolates-Packaging-Wedding-Favour-Boxes-with-Ribbon6.webp 800w, https:\/\/www.chinatopack.com\/wp-content\/uploads\/2025\/06\/Custom-Printed-Logo-Cardboard-Gift-Chocolates-Packaging-Wedding-Favour-Boxes-with-Ribbon6-480x480.webp 480w\" sizes=\"(min-width: 0px) and (max-width: 480px) 480px, (min-width: 481px) 800px, 100vw\" \/><\/p>\n<p style=\"text-align: center;\"><a href=\"https:\/\/www.chinatopack.com\/fr\/etiquette-produit\/mothers-day-gift-box\/\"><strong>Coffret cadeau pour la f\u00eate des m\u00e8res<\/strong><\/a><\/p>","protected":false},"excerpt":{"rendered":"<p>Caract\u00e9ristiques principales<br \/>\nCon\u00e7u \u00e0 partir de mat\u00e9riaux de premi\u00e8re qualit\u00e9<br \/>\nBo\u00eete en forme de c\u0153ur pour un aspect unique<br \/>\nD\u00e9cor\u00e9 et ferm\u00e9 par un ruban<br \/>\nOptions personnalis\u00e9es compl\u00e8tes pour l'impression, le rev\u00eatement et la d\u00e9coupe<\/p>","protected":false},"featured_media":12549,"comment_status":"closed","ping_status":"closed","template":"","meta":{"_et_pb_use_builder":"","_et_pb_old_content":"","_et_gb_content_width":""},"product_cat":[281],"product_tag":[292],"yoast_head":"<!-- This site is optimized with the Yoast SEO plugin v22.7 - https:\/\/yoast.com\/wordpress\/plugins\/seo\/ -->\n<title>Luxury Paper Gift Box Manufacturer | Eco &amp; Custom<\/title>\n<meta name=\"description\" content=\"20+ Yrs Gift Box Manufacturer: Eco-luxury paper boxes w\/ magnetic closure &amp; foil stamping. For weddings\/corporate gifting. Craftsmanship since 2003.\" \/>\n<meta name=\"robots\" content=\"index, follow, max-snippet:-1, max-image-preview:large, max-video-preview:-1\" \/>\n<link rel=\"canonical\" href=\"https:\/\/www.chinatopack.com\/fr\/produit\/custom-printed-logo-cardboard-gift-chocolates-packaging-wedding-favour-boxes-with-ribbon-engagement-box-gift\/\" \/>\n<meta property=\"og:locale\" content=\"fr_FR\" \/>\n<meta property=\"og:type\" content=\"article\" \/>\n<meta property=\"og:title\" content=\"Luxury Paper Gift Box Manufacturer | Eco &amp; Custom\" \/>\n<meta property=\"og:description\" content=\"20+ Yrs Gift Box Manufacturer: Eco-luxury paper boxes w\/ magnetic closure &amp; foil stamping. For weddings\/corporate gifting. Craftsmanship since 2003.\" \/>\n<meta property=\"og:url\" content=\"https:\/\/www.chinatopack.com\/fr\/produit\/custom-printed-logo-cardboard-gift-chocolates-packaging-wedding-favour-boxes-with-ribbon-engagement-box-gift\/\" \/>\n<meta property=\"og:site_name\" content=\"TOPACK Paper Boxes\" \/>\n<meta property=\"article:publisher\" content=\"https:\/\/www.facebook.com\/ChinaTopack\/\" \/>\n<meta property=\"article:modified_time\" content=\"2025-08-12T10:43:16+00:00\" \/>\n<meta property=\"og:image\" content=\"https:\/\/www.chinatopack.com\/wp-content\/uploads\/2025\/06\/Custom-Printed-Logo-Cardboard-Gift-Chocolates-Packaging-Wedding-Favour-Boxes-with-Ribbon1.webp\" \/>\n\t<meta property=\"og:image:width\" content=\"800\" \/>\n\t<meta property=\"og:image:height\" content=\"800\" \/>\n\t<meta property=\"og:image:type\" content=\"image\/webp\" \/>\n<meta name=\"twitter:card\" content=\"summary_large_image\" \/>\n<meta name=\"twitter:label1\" content=\"Dur\u00e9e de lecture estim\u00e9e\" \/>\n\t<meta name=\"twitter:data1\" content=\"2 minutes\" \/>\n<script type=\"application\/ld+json\" class=\"yoast-schema-graph\">{\"@context\":\"https:\/\/schema.org\",\"@graph\":[{\"@type\":\"WebPage\",\"@id\":\"https:\/\/www.chinatopack.com\/product\/custom-printed-logo-cardboard-gift-chocolates-packaging-wedding-favour-boxes-with-ribbon-engagement-box-gift\/\",\"url\":\"https:\/\/www.chinatopack.com\/product\/custom-printed-logo-cardboard-gift-chocolates-packaging-wedding-favour-boxes-with-ribbon-engagement-box-gift\/\",\"name\":\"Luxury Paper Gift Box Manufacturer | Eco & Custom\",\"isPartOf\":{\"@id\":\"https:\/\/www.chinatopack.com\/#website\"},\"primaryImageOfPage\":{\"@id\":\"https:\/\/www.chinatopack.com\/product\/custom-printed-logo-cardboard-gift-chocolates-packaging-wedding-favour-boxes-with-ribbon-engagement-box-gift\/#primaryimage\"},\"image\":{\"@id\":\"https:\/\/www.chinatopack.com\/product\/custom-printed-logo-cardboard-gift-chocolates-packaging-wedding-favour-boxes-with-ribbon-engagement-box-gift\/#primaryimage\"},\"thumbnailUrl\":\"https:\/\/www.chinatopack.com\/wp-content\/uploads\/2025\/06\/Custom-Printed-Logo-Cardboard-Gift-Chocolates-Packaging-Wedding-Favour-Boxes-with-Ribbon1.webp\",\"datePublished\":\"2025-06-16T13:51:33+00:00\",\"dateModified\":\"2025-08-12T10:43:16+00:00\",\"description\":\"20+ Yrs Gift Box Manufacturer: Eco-luxury paper boxes w\/ magnetic closure & foil stamping. For weddings\/corporate gifting. Craftsmanship since 2003.\",\"breadcrumb\":{\"@id\":\"https:\/\/www.chinatopack.com\/product\/custom-printed-logo-cardboard-gift-chocolates-packaging-wedding-favour-boxes-with-ribbon-engagement-box-gift\/#breadcrumb\"},\"inLanguage\":\"fr-FR\",\"potentialAction\":[{\"@type\":\"ReadAction\",\"target\":[\"https:\/\/www.chinatopack.com\/product\/custom-printed-logo-cardboard-gift-chocolates-packaging-wedding-favour-boxes-with-ribbon-engagement-box-gift\/\"]}]},{\"@type\":\"ImageObject\",\"inLanguage\":\"fr-FR\",\"@id\":\"https:\/\/www.chinatopack.com\/product\/custom-printed-logo-cardboard-gift-chocolates-packaging-wedding-favour-boxes-with-ribbon-engagement-box-gift\/#primaryimage\",\"url\":\"https:\/\/www.chinatopack.com\/wp-content\/uploads\/2025\/06\/Custom-Printed-Logo-Cardboard-Gift-Chocolates-Packaging-Wedding-Favour-Boxes-with-Ribbon1.webp\",\"contentUrl\":\"https:\/\/www.chinatopack.com\/wp-content\/uploads\/2025\/06\/Custom-Printed-Logo-Cardboard-Gift-Chocolates-Packaging-Wedding-Favour-Boxes-with-Ribbon1.webp\",\"width\":800,\"height\":800,\"caption\":\"Custom Printed Logo Cardboard Gift Chocolates Packaging Wedding Favour Boxes with Ribbon\"},{\"@type\":\"BreadcrumbList\",\"@id\":\"https:\/\/www.chinatopack.com\/product\/custom-printed-logo-cardboard-gift-chocolates-packaging-wedding-favour-boxes-with-ribbon-engagement-box-gift\/#breadcrumb\",\"itemListElement\":[{\"@type\":\"ListItem\",\"position\":1,\"name\":\"Home\",\"item\":\"https:\/\/www.chinatopack.com\/\"},{\"@type\":\"ListItem\",\"position\":2,\"name\":\"Products\",\"item\":\"https:\/\/www.chinatopack.com\/shop\/\"},{\"@type\":\"ListItem\",\"position\":3,\"name\":\"Custom Printed Logo Cardboard Gift Chocolates Packaging Wedding Favour Boxes with Ribbon Engagement Box Gift\"}]},{\"@type\":\"WebSite\",\"@id\":\"https:\/\/www.chinatopack.com\/#website\",\"url\":\"https:\/\/www.chinatopack.com\/\",\"name\":\"TOPACK Paper Boxes\",\"description\":\"\",\"publisher\":{\"@id\":\"https:\/\/www.chinatopack.com\/#organization\"},\"potentialAction\":[{\"@type\":\"SearchAction\",\"target\":{\"@type\":\"EntryPoint\",\"urlTemplate\":\"https:\/\/www.chinatopack.com\/?s={search_term_string}\"},\"query-input\":\"required name=search_term_string\"}],\"inLanguage\":\"fr-FR\"},{\"@type\":\"Organization\",\"@id\":\"https:\/\/www.chinatopack.com\/#organization\",\"name\":\"TOPACK Paper Boxes\",\"url\":\"https:\/\/www.chinatopack.com\/\",\"logo\":{\"@type\":\"ImageObject\",\"inLanguage\":\"fr-FR\",\"@id\":\"https:\/\/www.chinatopack.com\/#\/schema\/logo\/image\/\",\"url\":\"https:\/\/www.chinatopack.com\/wp-content\/uploads\/2025\/11\/logo2.webp\",\"contentUrl\":\"https:\/\/www.chinatopack.com\/wp-content\/uploads\/2025\/11\/logo2.webp\",\"width\":512,\"height\":512,\"caption\":\"TOPACK Paper Boxes\"},\"image\":{\"@id\":\"https:\/\/www.chinatopack.com\/#\/schema\/logo\/image\/\"},\"sameAs\":[\"https:\/\/www.facebook.com\/ChinaTopack\/\",\"https:\/\/www.youtube.com\/@chinatopack\"]}]}<\/script>\n<!-- \/ Yoast SEO plugin. -->","yoast_head_json":{"title":"Luxury Paper Gift Box Manufacturer | Eco & Custom","description":"20+ Yrs Gift Box Manufacturer: Eco-luxury paper boxes w\/ magnetic closure & foil stamping. For weddings\/corporate gifting. Craftsmanship since 2003.","robots":{"index":"index","follow":"follow","max-snippet":"max-snippet:-1","max-image-preview":"max-image-preview:large","max-video-preview":"max-video-preview:-1"},"canonical":"https:\/\/www.chinatopack.com\/fr\/produit\/custom-printed-logo-cardboard-gift-chocolates-packaging-wedding-favour-boxes-with-ribbon-engagement-box-gift\/","og_locale":"fr_FR","og_type":"article","og_title":"Luxury Paper Gift Box Manufacturer | Eco & Custom","og_description":"20+ Yrs Gift Box Manufacturer: Eco-luxury paper boxes w\/ magnetic closure & foil stamping. For weddings\/corporate gifting. Craftsmanship since 2003.","og_url":"https:\/\/www.chinatopack.com\/fr\/produit\/custom-printed-logo-cardboard-gift-chocolates-packaging-wedding-favour-boxes-with-ribbon-engagement-box-gift\/","og_site_name":"TOPACK Paper Boxes","article_publisher":"https:\/\/www.facebook.com\/ChinaTopack\/","article_modified_time":"2025-08-12T10:43:16+00:00","og_image":[{"width":800,"height":800,"url":"https:\/\/www.chinatopack.com\/wp-content\/uploads\/2025\/06\/Custom-Printed-Logo-Cardboard-Gift-Chocolates-Packaging-Wedding-Favour-Boxes-with-Ribbon1.webp","type":"image\/webp"}],"twitter_card":"summary_large_image","twitter_misc":{"Dur\u00e9e de lecture estim\u00e9e":"2 minutes"},"schema":{"@context":"https:\/\/schema.org","@graph":[{"@type":"WebPage","@id":"https:\/\/www.chinatopack.com\/product\/custom-printed-logo-cardboard-gift-chocolates-packaging-wedding-favour-boxes-with-ribbon-engagement-box-gift\/","url":"https:\/\/www.chinatopack.com\/product\/custom-printed-logo-cardboard-gift-chocolates-packaging-wedding-favour-boxes-with-ribbon-engagement-box-gift\/","name":"Luxury Paper Gift Box Manufacturer | Eco & Custom","isPartOf":{"@id":"https:\/\/www.chinatopack.com\/#website"},"primaryImageOfPage":{"@id":"https:\/\/www.chinatopack.com\/product\/custom-printed-logo-cardboard-gift-chocolates-packaging-wedding-favour-boxes-with-ribbon-engagement-box-gift\/#primaryimage"},"image":{"@id":"https:\/\/www.chinatopack.com\/product\/custom-printed-logo-cardboard-gift-chocolates-packaging-wedding-favour-boxes-with-ribbon-engagement-box-gift\/#primaryimage"},"thumbnailUrl":"https:\/\/www.chinatopack.com\/wp-content\/uploads\/2025\/06\/Custom-Printed-Logo-Cardboard-Gift-Chocolates-Packaging-Wedding-Favour-Boxes-with-Ribbon1.webp","datePublished":"2025-06-16T13:51:33+00:00","dateModified":"2025-08-12T10:43:16+00:00","description":"20+ Yrs Gift Box Manufacturer: Eco-luxury paper boxes w\/ magnetic closure & foil stamping. For weddings\/corporate gifting. Craftsmanship since 2003.","breadcrumb":{"@id":"https:\/\/www.chinatopack.com\/product\/custom-printed-logo-cardboard-gift-chocolates-packaging-wedding-favour-boxes-with-ribbon-engagement-box-gift\/#breadcrumb"},"inLanguage":"fr-FR","potentialAction":[{"@type":"ReadAction","target":["https:\/\/www.chinatopack.com\/product\/custom-printed-logo-cardboard-gift-chocolates-packaging-wedding-favour-boxes-with-ribbon-engagement-box-gift\/"]}]},{"@type":"ImageObject","inLanguage":"fr-FR","@id":"https:\/\/www.chinatopack.com\/product\/custom-printed-logo-cardboard-gift-chocolates-packaging-wedding-favour-boxes-with-ribbon-engagement-box-gift\/#primaryimage","url":"https:\/\/www.chinatopack.com\/wp-content\/uploads\/2025\/06\/Custom-Printed-Logo-Cardboard-Gift-Chocolates-Packaging-Wedding-Favour-Boxes-with-Ribbon1.webp","contentUrl":"https:\/\/www.chinatopack.com\/wp-content\/uploads\/2025\/06\/Custom-Printed-Logo-Cardboard-Gift-Chocolates-Packaging-Wedding-Favour-Boxes-with-Ribbon1.webp","width":800,"height":800,"caption":"Custom Printed Logo Cardboard Gift Chocolates Packaging Wedding Favour Boxes with Ribbon"},{"@type":"BreadcrumbList","@id":"https:\/\/www.chinatopack.com\/product\/custom-printed-logo-cardboard-gift-chocolates-packaging-wedding-favour-boxes-with-ribbon-engagement-box-gift\/#breadcrumb","itemListElement":[{"@type":"ListItem","position":1,"name":"Home","item":"https:\/\/www.chinatopack.com\/"},{"@type":"ListItem","position":2,"name":"Products","item":"https:\/\/www.chinatopack.com\/shop\/"},{"@type":"ListItem","position":3,"name":"Custom Printed Logo Cardboard Gift Chocolates Packaging Wedding Favour Boxes with Ribbon Engagement Box Gift"}]},{"@type":"WebSite","@id":"https:\/\/www.chinatopack.com\/#website","url":"https:\/\/www.chinatopack.com\/","name":"TOPACK Paper Boxes","description":"","publisher":{"@id":"https:\/\/www.chinatopack.com\/#organization"},"potentialAction":[{"@type":"SearchAction","target":{"@type":"EntryPoint","urlTemplate":"https:\/\/www.chinatopack.com\/?s={search_term_string}"},"query-input":"required name=search_term_string"}],"inLanguage":"fr-FR"},{"@type":"Organization","@id":"https:\/\/www.chinatopack.com\/#organization","name":"TOPACK Paper Boxes","url":"https:\/\/www.chinatopack.com\/","logo":{"@type":"ImageObject","inLanguage":"fr-FR","@id":"https:\/\/www.chinatopack.com\/#\/schema\/logo\/image\/","url":"https:\/\/www.chinatopack.com\/wp-content\/uploads\/2025\/11\/logo2.webp","contentUrl":"https:\/\/www.chinatopack.com\/wp-content\/uploads\/2025\/11\/logo2.webp","width":512,"height":512,"caption":"TOPACK Paper Boxes"},"image":{"@id":"https:\/\/www.chinatopack.com\/#\/schema\/logo\/image\/"},"sameAs":["https:\/\/www.facebook.com\/ChinaTopack\/","https:\/\/www.youtube.com\/@chinatopack"]}]}},"_links":{"self":[{"href":"https:\/\/www.chinatopack.com\/fr\/wp-json\/wp\/v2\/product\/12548"}],"collection":[{"href":"https:\/\/www.chinatopack.com\/fr\/wp-json\/wp\/v2\/product"}],"about":[{"href":"https:\/\/www.chinatopack.com\/fr\/wp-json\/wp\/v2\/types\/product"}],"replies":[{"embeddable":true,"href":"https:\/\/www.chinatopack.com\/fr\/wp-json\/wp\/v2\/comments?post=12548"}],"wp:featuredmedia":[{"embeddable":true,"href":"https:\/\/www.chinatopack.com\/fr\/wp-json\/wp\/v2\/media\/12549"}],"wp:attachment":[{"href":"https:\/\/www.chinatopack.com\/fr\/wp-json\/wp\/v2\/media?parent=12548"}],"wp:term":[{"taxonomy":"product_cat","embeddable":true,"href":"https:\/\/www.chinatopack.com\/fr\/wp-json\/wp\/v2\/product_cat?post=12548"},{"taxonomy":"product_tag","embeddable":true,"href":"https:\/\/www.chinatopack.com\/fr\/wp-json\/wp\/v2\/product_tag?post=12548"}],"curies":[{"name":"wp","href":"https:\/\/api.w.org\/{rel}","templated":true}]}}