{"id":12555,"date":"2025-06-16T14:05:45","date_gmt":"2025-06-16T14:05:45","guid":{"rendered":"https:\/\/www.chinatopack.com\/?post_type=product&#038;p=12555"},"modified":"2025-08-12T11:26:03","modified_gmt":"2025-08-12T11:26:03","slug":"custom-logo-luxury-recyclable-cardboard-rigid-folding-wedding-gift-boxes-for-packaging","status":"publish","type":"product","link":"https:\/\/www.chinatopack.com\/fr\/produit\/custom-logo-luxury-recyclable-cardboard-rigid-folding-wedding-gift-boxes-for-packaging\/","title":{"rendered":"Bo\u00eetes cadeaux de mariage pliantes en carton recyclable avec logo personnalis\u00e9"},"content":{"rendered":"<h2>Bo\u00eete en papier cadeau<\/h2>\n<p>Gift packaging is not only a container for protecting the goods, but also an intuitive expression of the brand&#8217;s philosophy and a powerful weapon in the market competition. From the perspectives of packaging philosophy, aesthetics, and strategic symbols, it must contain unique and profound creative ideas.<\/p>\n<p>Ces exquises <a href=\"https:\/\/www.chinatopack.com\/fr\/produit\/custom-logo-luxury-recyclable-cardboard-rigid-folding-wedding-gift-boxes-for-packaging\/\"><strong>coffrets cadeaux de mariage<\/strong><\/a> sont sp\u00e9cialement con\u00e7ues pour le luxe et la polyvalence, et conviennent parfaitement \u00e0 la conservation de bijoux, de chocolats exquis, de souvenirs ou d'objets personnalis\u00e9s. Sa fermeture magn\u00e9tique garantit une ouverture en douceur et sans obstacle, tandis que le rembourrage doux \u00e0 l'int\u00e9rieur prot\u00e8ge soigneusement les objets fragiles. Il est disponible dans une vari\u00e9t\u00e9 de couleurs douces et peut \u00e9galement \u00eatre personnalis\u00e9 avec divers traitements de surface (tels que l'estampage, les \u00e9tiquettes gaufr\u00e9es ou les illustrations r\u00e9tro), transformant ainsi n'importe quel cadeau en un chef-d'\u0153uvre rempli d'histoires.<\/p>\n<p>Comme l'une des personnalisations <a href=\"https:\/\/www.chinatopack.com\/fr\/about-us\/\"><strong>fabricants de coffrets cadeaux<\/strong><\/a> Avec plus de 20 ans d'exp\u00e9rience, nous pouvons fournir des conseils professionnels\uff0cet d'autres types de bo\u00eetes d'emballage, telles que les bo\u00eetes pliantes et les bo\u00eetes en forme de livre, etc. Afin de garantir la qualit\u00e9, notre \u00e9quipe d'inspection de la qualit\u00e9 ne se contente pas d'inspecter le produit fini, mais proc\u00e8de \u00e9galement \u00e0 l'inspection \u00e0 l'arriv\u00e9e et \u00e0 l'inspection du processus. Tous les sacs d'emballage sont emball\u00e9s dans un carton kraft \u00e0 cinq couches avant le transport afin de garantir qu'ils ne seront pas endommag\u00e9s pendant le transport.<\/p>\n<h2>D\u00e9tails du produit<\/h2>\n<p><img loading=\"lazy\" decoding=\"async\" class=\"size-full wp-image-12560 aligncenter\" data-src=\"https:\/\/www.chinatopack.com\/wp-content\/uploads\/2025\/06\/Custom-Logo-Luxury-Recyclable-Cardboard-Rigid-Folding-Gift-Box-For-Packaging-7.webp\" alt=\"Bo\u00eete cadeau pliante rigide en carton recyclable avec logo personnalis\u00e9 \" width=\"800\" height=\"800\" srcset=\"https:\/\/www.chinatopack.com\/wp-content\/uploads\/2025\/06\/Custom-Logo-Luxury-Recyclable-Cardboard-Rigid-Folding-Gift-Box-For-Packaging-7.webp 800w, https:\/\/www.chinatopack.com\/wp-content\/uploads\/2025\/06\/Custom-Logo-Luxury-Recyclable-Cardboard-Rigid-Folding-Gift-Box-For-Packaging-7-480x480.webp 480w\" sizes=\"(min-width: 0px) and (max-width: 480px) 480px, (min-width: 481px) 800px, 100vw\" \/><\/p>\n<p style=\"text-align: center;\">Le <a href=\"https:\/\/www.chinatopack.com\/fr\/\"><strong>bo\u00eetes cadeaux kraft<\/strong><\/a><\/p>\n<p><img loading=\"lazy\" decoding=\"async\" class=\"size-full wp-image-12561 aligncenter\" data-src=\"https:\/\/www.chinatopack.com\/wp-content\/uploads\/2025\/06\/Custom-Logo-Luxury-Recyclable-Cardboard-Rigid-Folding-Gift-Box-For-Packaging-5.webp\" alt=\"Bo\u00eete cadeau pliante rigide en carton recyclable avec logo personnalis\u00e9 \" width=\"800\" height=\"800\" srcset=\"https:\/\/www.chinatopack.com\/wp-content\/uploads\/2025\/06\/Custom-Logo-Luxury-Recyclable-Cardboard-Rigid-Folding-Gift-Box-For-Packaging-5.webp 800w, https:\/\/www.chinatopack.com\/wp-content\/uploads\/2025\/06\/Custom-Logo-Luxury-Recyclable-Cardboard-Rigid-Folding-Gift-Box-For-Packaging-5-480x480.webp 480w\" sizes=\"(min-width: 0px) and (max-width: 480px) 480px, (min-width: 481px) 800px, 100vw\" \/><\/p>\n<p style=\"text-align: center;\"><a href=\"https:\/\/www.chinatopack.com\/fr\/etiquette-produit\/wedding-gift-box\/\"><strong>coffret cadeau de mariage<\/strong><\/a><\/p>\n<p><img loading=\"lazy\" decoding=\"async\" class=\"size-full wp-image-12562 aligncenter\" data-src=\"https:\/\/www.chinatopack.com\/wp-content\/uploads\/2025\/06\/Custom-Logo-Luxury-Recyclable-Cardboard-Rigid-Folding-Gift-Box-For-Packaging-6.webp\" alt=\"Bo\u00eete cadeau pliante rigide en carton recyclable avec logo personnalis\u00e9 \" width=\"800\" height=\"800\" srcset=\"https:\/\/www.chinatopack.com\/wp-content\/uploads\/2025\/06\/Custom-Logo-Luxury-Recyclable-Cardboard-Rigid-Folding-Gift-Box-For-Packaging-6.webp 800w, https:\/\/www.chinatopack.com\/wp-content\/uploads\/2025\/06\/Custom-Logo-Luxury-Recyclable-Cardboard-Rigid-Folding-Gift-Box-For-Packaging-6-480x480.webp 480w\" sizes=\"(min-width: 0px) and (max-width: 480px) 480px, (min-width: 481px) 800px, 100vw\" \/><\/p>\n<p style=\"text-align: center;\"><a href=\"https:\/\/www.chinatopack.com\/fr\/etiquette-produit\/christmas-boxes-for-gifts\/\"><strong>bo\u00eetes de No\u00ebl pour cadeaux<\/strong><\/a><\/p>","protected":false},"excerpt":{"rendered":"<p>Un cadeau qui ne s'oublie pas<br \/>\nLes bo\u00eetes flip top personnalis\u00e9es sont fabriqu\u00e9es \u00e0 partir d'un panneau de particules de qualit\u00e9 sup\u00e9rieure et envelopp\u00e9es dans un papier sp\u00e9cial, ce qui en fait des emballages durables et \u00e9l\u00e9gants. Avec un design personnalis\u00e9 et \u00e9l\u00e9gant, vos clients voudront r\u00e9utiliser ces bo\u00eetes \u00e0 coup s\u00fbr !<\/p>","protected":false},"featured_media":12556,"comment_status":"closed","ping_status":"closed","template":"","meta":{"_et_pb_use_builder":"","_et_pb_old_content":"","_et_gb_content_width":""},"product_cat":[281],"product_tag":[288,292],"yoast_head":"<!-- This site is optimized with the Yoast SEO plugin v22.7 - https:\/\/yoast.com\/wordpress\/plugins\/seo\/ -->\n<title>Luxury Wedding Gift Boxes Manufacturer | Custom in China<\/title>\n<meta name=\"description\" content=\"20+ Yrs Wedding Gift Boxes Manufacturer: Magnetic closure wedding boxes w\/ protective padding &amp; foil stamping. Eco-luxury packaging for jewelry\/chocolates.\" \/>\n<meta name=\"robots\" content=\"index, follow, max-snippet:-1, max-image-preview:large, max-video-preview:-1\" \/>\n<link rel=\"canonical\" href=\"https:\/\/www.chinatopack.com\/fr\/produit\/custom-logo-luxury-recyclable-cardboard-rigid-folding-wedding-gift-boxes-for-packaging\/\" \/>\n<meta property=\"og:locale\" content=\"fr_FR\" \/>\n<meta property=\"og:type\" content=\"article\" \/>\n<meta property=\"og:title\" content=\"Luxury Wedding Gift Boxes Manufacturer | Custom in China\" \/>\n<meta property=\"og:description\" content=\"20+ Yrs Wedding Gift Boxes Manufacturer: Magnetic closure wedding boxes w\/ protective padding &amp; foil stamping. Eco-luxury packaging for jewelry\/chocolates.\" \/>\n<meta property=\"og:url\" content=\"https:\/\/www.chinatopack.com\/fr\/produit\/custom-logo-luxury-recyclable-cardboard-rigid-folding-wedding-gift-boxes-for-packaging\/\" \/>\n<meta property=\"og:site_name\" content=\"TOPACK Paper Boxes\" \/>\n<meta property=\"article:publisher\" content=\"https:\/\/www.facebook.com\/ChinaTopack\/\" \/>\n<meta property=\"article:modified_time\" content=\"2025-08-12T11:26:03+00:00\" \/>\n<meta property=\"og:image\" content=\"https:\/\/www.chinatopack.com\/wp-content\/uploads\/2025\/06\/Custom-Logo-Luxury-Recyclable-Cardboard-Rigid-Folding-Gift-Box-For-Packaging-1.webp\" \/>\n\t<meta property=\"og:image:width\" content=\"800\" \/>\n\t<meta property=\"og:image:height\" content=\"800\" \/>\n\t<meta property=\"og:image:type\" content=\"image\/webp\" \/>\n<meta name=\"twitter:card\" content=\"summary_large_image\" \/>\n<meta name=\"twitter:label1\" content=\"Dur\u00e9e de lecture estim\u00e9e\" \/>\n\t<meta name=\"twitter:data1\" content=\"2 minutes\" \/>\n<script type=\"application\/ld+json\" class=\"yoast-schema-graph\">{\"@context\":\"https:\/\/schema.org\",\"@graph\":[{\"@type\":\"WebPage\",\"@id\":\"https:\/\/www.chinatopack.com\/product\/custom-logo-luxury-recyclable-cardboard-rigid-folding-wedding-gift-boxes-for-packaging\/\",\"url\":\"https:\/\/www.chinatopack.com\/product\/custom-logo-luxury-recyclable-cardboard-rigid-folding-wedding-gift-boxes-for-packaging\/\",\"name\":\"Luxury Wedding Gift Boxes Manufacturer | Custom in China\",\"isPartOf\":{\"@id\":\"https:\/\/www.chinatopack.com\/#website\"},\"primaryImageOfPage\":{\"@id\":\"https:\/\/www.chinatopack.com\/product\/custom-logo-luxury-recyclable-cardboard-rigid-folding-wedding-gift-boxes-for-packaging\/#primaryimage\"},\"image\":{\"@id\":\"https:\/\/www.chinatopack.com\/product\/custom-logo-luxury-recyclable-cardboard-rigid-folding-wedding-gift-boxes-for-packaging\/#primaryimage\"},\"thumbnailUrl\":\"https:\/\/www.chinatopack.com\/wp-content\/uploads\/2025\/06\/Custom-Logo-Luxury-Recyclable-Cardboard-Rigid-Folding-Gift-Box-For-Packaging-1.webp\",\"datePublished\":\"2025-06-16T14:05:45+00:00\",\"dateModified\":\"2025-08-12T11:26:03+00:00\",\"description\":\"20+ Yrs Wedding Gift Boxes Manufacturer: Magnetic closure wedding boxes w\/ protective padding & foil stamping. Eco-luxury packaging for jewelry\/chocolates.\",\"breadcrumb\":{\"@id\":\"https:\/\/www.chinatopack.com\/product\/custom-logo-luxury-recyclable-cardboard-rigid-folding-wedding-gift-boxes-for-packaging\/#breadcrumb\"},\"inLanguage\":\"fr-FR\",\"potentialAction\":[{\"@type\":\"ReadAction\",\"target\":[\"https:\/\/www.chinatopack.com\/product\/custom-logo-luxury-recyclable-cardboard-rigid-folding-wedding-gift-boxes-for-packaging\/\"]}]},{\"@type\":\"ImageObject\",\"inLanguage\":\"fr-FR\",\"@id\":\"https:\/\/www.chinatopack.com\/product\/custom-logo-luxury-recyclable-cardboard-rigid-folding-wedding-gift-boxes-for-packaging\/#primaryimage\",\"url\":\"https:\/\/www.chinatopack.com\/wp-content\/uploads\/2025\/06\/Custom-Logo-Luxury-Recyclable-Cardboard-Rigid-Folding-Gift-Box-For-Packaging-1.webp\",\"contentUrl\":\"https:\/\/www.chinatopack.com\/wp-content\/uploads\/2025\/06\/Custom-Logo-Luxury-Recyclable-Cardboard-Rigid-Folding-Gift-Box-For-Packaging-1.webp\",\"width\":800,\"height\":800,\"caption\":\"Custom Logo Luxury Recyclable Cardboard Rigid Folding Gift Box For Packaging\"},{\"@type\":\"BreadcrumbList\",\"@id\":\"https:\/\/www.chinatopack.com\/product\/custom-logo-luxury-recyclable-cardboard-rigid-folding-wedding-gift-boxes-for-packaging\/#breadcrumb\",\"itemListElement\":[{\"@type\":\"ListItem\",\"position\":1,\"name\":\"Home\",\"item\":\"https:\/\/www.chinatopack.com\/\"},{\"@type\":\"ListItem\",\"position\":2,\"name\":\"Products\",\"item\":\"https:\/\/www.chinatopack.com\/shop\/\"},{\"@type\":\"ListItem\",\"position\":3,\"name\":\"Custom Logo Luxury Recyclable Cardboard Rigid Folding Wedding Gift Boxes For Packaging\"}]},{\"@type\":\"WebSite\",\"@id\":\"https:\/\/www.chinatopack.com\/#website\",\"url\":\"https:\/\/www.chinatopack.com\/\",\"name\":\"TOPACK Paper Boxes\",\"description\":\"\",\"publisher\":{\"@id\":\"https:\/\/www.chinatopack.com\/#organization\"},\"potentialAction\":[{\"@type\":\"SearchAction\",\"target\":{\"@type\":\"EntryPoint\",\"urlTemplate\":\"https:\/\/www.chinatopack.com\/?s={search_term_string}\"},\"query-input\":\"required name=search_term_string\"}],\"inLanguage\":\"fr-FR\"},{\"@type\":\"Organization\",\"@id\":\"https:\/\/www.chinatopack.com\/#organization\",\"name\":\"TOPACK Paper Boxes\",\"url\":\"https:\/\/www.chinatopack.com\/\",\"logo\":{\"@type\":\"ImageObject\",\"inLanguage\":\"fr-FR\",\"@id\":\"https:\/\/www.chinatopack.com\/#\/schema\/logo\/image\/\",\"url\":\"https:\/\/www.chinatopack.com\/wp-content\/uploads\/2025\/11\/logo2.webp\",\"contentUrl\":\"https:\/\/www.chinatopack.com\/wp-content\/uploads\/2025\/11\/logo2.webp\",\"width\":512,\"height\":512,\"caption\":\"TOPACK Paper Boxes\"},\"image\":{\"@id\":\"https:\/\/www.chinatopack.com\/#\/schema\/logo\/image\/\"},\"sameAs\":[\"https:\/\/www.facebook.com\/ChinaTopack\/\",\"https:\/\/www.youtube.com\/@chinatopack\"]}]}<\/script>\n<!-- \/ Yoast SEO plugin. -->","yoast_head_json":{"title":"Luxury Wedding Gift Boxes Manufacturer | Custom in China","description":"20+ Yrs Wedding Gift Boxes Manufacturer: Magnetic closure wedding boxes w\/ protective padding & foil stamping. Eco-luxury packaging for jewelry\/chocolates.","robots":{"index":"index","follow":"follow","max-snippet":"max-snippet:-1","max-image-preview":"max-image-preview:large","max-video-preview":"max-video-preview:-1"},"canonical":"https:\/\/www.chinatopack.com\/fr\/produit\/custom-logo-luxury-recyclable-cardboard-rigid-folding-wedding-gift-boxes-for-packaging\/","og_locale":"fr_FR","og_type":"article","og_title":"Luxury Wedding Gift Boxes Manufacturer | Custom in China","og_description":"20+ Yrs Wedding Gift Boxes Manufacturer: Magnetic closure wedding boxes w\/ protective padding & foil stamping. Eco-luxury packaging for jewelry\/chocolates.","og_url":"https:\/\/www.chinatopack.com\/fr\/produit\/custom-logo-luxury-recyclable-cardboard-rigid-folding-wedding-gift-boxes-for-packaging\/","og_site_name":"TOPACK Paper Boxes","article_publisher":"https:\/\/www.facebook.com\/ChinaTopack\/","article_modified_time":"2025-08-12T11:26:03+00:00","og_image":[{"width":800,"height":800,"url":"https:\/\/www.chinatopack.com\/wp-content\/uploads\/2025\/06\/Custom-Logo-Luxury-Recyclable-Cardboard-Rigid-Folding-Gift-Box-For-Packaging-1.webp","type":"image\/webp"}],"twitter_card":"summary_large_image","twitter_misc":{"Dur\u00e9e de lecture estim\u00e9e":"2 minutes"},"schema":{"@context":"https:\/\/schema.org","@graph":[{"@type":"WebPage","@id":"https:\/\/www.chinatopack.com\/product\/custom-logo-luxury-recyclable-cardboard-rigid-folding-wedding-gift-boxes-for-packaging\/","url":"https:\/\/www.chinatopack.com\/product\/custom-logo-luxury-recyclable-cardboard-rigid-folding-wedding-gift-boxes-for-packaging\/","name":"Luxury Wedding Gift Boxes Manufacturer | Custom in China","isPartOf":{"@id":"https:\/\/www.chinatopack.com\/#website"},"primaryImageOfPage":{"@id":"https:\/\/www.chinatopack.com\/product\/custom-logo-luxury-recyclable-cardboard-rigid-folding-wedding-gift-boxes-for-packaging\/#primaryimage"},"image":{"@id":"https:\/\/www.chinatopack.com\/product\/custom-logo-luxury-recyclable-cardboard-rigid-folding-wedding-gift-boxes-for-packaging\/#primaryimage"},"thumbnailUrl":"https:\/\/www.chinatopack.com\/wp-content\/uploads\/2025\/06\/Custom-Logo-Luxury-Recyclable-Cardboard-Rigid-Folding-Gift-Box-For-Packaging-1.webp","datePublished":"2025-06-16T14:05:45+00:00","dateModified":"2025-08-12T11:26:03+00:00","description":"20+ Yrs Wedding Gift Boxes Manufacturer: Magnetic closure wedding boxes w\/ protective padding & foil stamping. Eco-luxury packaging for jewelry\/chocolates.","breadcrumb":{"@id":"https:\/\/www.chinatopack.com\/product\/custom-logo-luxury-recyclable-cardboard-rigid-folding-wedding-gift-boxes-for-packaging\/#breadcrumb"},"inLanguage":"fr-FR","potentialAction":[{"@type":"ReadAction","target":["https:\/\/www.chinatopack.com\/product\/custom-logo-luxury-recyclable-cardboard-rigid-folding-wedding-gift-boxes-for-packaging\/"]}]},{"@type":"ImageObject","inLanguage":"fr-FR","@id":"https:\/\/www.chinatopack.com\/product\/custom-logo-luxury-recyclable-cardboard-rigid-folding-wedding-gift-boxes-for-packaging\/#primaryimage","url":"https:\/\/www.chinatopack.com\/wp-content\/uploads\/2025\/06\/Custom-Logo-Luxury-Recyclable-Cardboard-Rigid-Folding-Gift-Box-For-Packaging-1.webp","contentUrl":"https:\/\/www.chinatopack.com\/wp-content\/uploads\/2025\/06\/Custom-Logo-Luxury-Recyclable-Cardboard-Rigid-Folding-Gift-Box-For-Packaging-1.webp","width":800,"height":800,"caption":"Custom Logo Luxury Recyclable Cardboard Rigid Folding Gift Box For Packaging"},{"@type":"BreadcrumbList","@id":"https:\/\/www.chinatopack.com\/product\/custom-logo-luxury-recyclable-cardboard-rigid-folding-wedding-gift-boxes-for-packaging\/#breadcrumb","itemListElement":[{"@type":"ListItem","position":1,"name":"Home","item":"https:\/\/www.chinatopack.com\/"},{"@type":"ListItem","position":2,"name":"Products","item":"https:\/\/www.chinatopack.com\/shop\/"},{"@type":"ListItem","position":3,"name":"Custom Logo Luxury Recyclable Cardboard Rigid Folding Wedding Gift Boxes For Packaging"}]},{"@type":"WebSite","@id":"https:\/\/www.chinatopack.com\/#website","url":"https:\/\/www.chinatopack.com\/","name":"TOPACK Paper Boxes","description":"","publisher":{"@id":"https:\/\/www.chinatopack.com\/#organization"},"potentialAction":[{"@type":"SearchAction","target":{"@type":"EntryPoint","urlTemplate":"https:\/\/www.chinatopack.com\/?s={search_term_string}"},"query-input":"required name=search_term_string"}],"inLanguage":"fr-FR"},{"@type":"Organization","@id":"https:\/\/www.chinatopack.com\/#organization","name":"TOPACK Paper Boxes","url":"https:\/\/www.chinatopack.com\/","logo":{"@type":"ImageObject","inLanguage":"fr-FR","@id":"https:\/\/www.chinatopack.com\/#\/schema\/logo\/image\/","url":"https:\/\/www.chinatopack.com\/wp-content\/uploads\/2025\/11\/logo2.webp","contentUrl":"https:\/\/www.chinatopack.com\/wp-content\/uploads\/2025\/11\/logo2.webp","width":512,"height":512,"caption":"TOPACK Paper Boxes"},"image":{"@id":"https:\/\/www.chinatopack.com\/#\/schema\/logo\/image\/"},"sameAs":["https:\/\/www.facebook.com\/ChinaTopack\/","https:\/\/www.youtube.com\/@chinatopack"]}]}},"_links":{"self":[{"href":"https:\/\/www.chinatopack.com\/fr\/wp-json\/wp\/v2\/product\/12555"}],"collection":[{"href":"https:\/\/www.chinatopack.com\/fr\/wp-json\/wp\/v2\/product"}],"about":[{"href":"https:\/\/www.chinatopack.com\/fr\/wp-json\/wp\/v2\/types\/product"}],"replies":[{"embeddable":true,"href":"https:\/\/www.chinatopack.com\/fr\/wp-json\/wp\/v2\/comments?post=12555"}],"wp:featuredmedia":[{"embeddable":true,"href":"https:\/\/www.chinatopack.com\/fr\/wp-json\/wp\/v2\/media\/12556"}],"wp:attachment":[{"href":"https:\/\/www.chinatopack.com\/fr\/wp-json\/wp\/v2\/media?parent=12555"}],"wp:term":[{"taxonomy":"product_cat","embeddable":true,"href":"https:\/\/www.chinatopack.com\/fr\/wp-json\/wp\/v2\/product_cat?post=12555"},{"taxonomy":"product_tag","embeddable":true,"href":"https:\/\/www.chinatopack.com\/fr\/wp-json\/wp\/v2\/product_tag?post=12555"}],"curies":[{"name":"wp","href":"https:\/\/api.w.org\/{rel}","templated":true}]}}