{"id":12570,"date":"2025-06-16T14:33:06","date_gmt":"2025-06-16T14:33:06","guid":{"rendered":"https:\/\/www.chinatopack.com\/?post_type=product&#038;p=12570"},"modified":"2025-08-12T10:52:47","modified_gmt":"2025-08-12T10:52:47","slug":"luxury-dark-green-paper-cardboard-necklace-bracelet-rings-earrings-pendant-gift-paper-packaging-box-for-jewelry-with-ribbon-bowknot","status":"publish","type":"product","link":"https:\/\/www.chinatopack.com\/fr\/produit\/luxury-dark-green-paper-cardboard-necklace-bracelet-rings-earrings-pendant-gift-paper-packaging-box-for-jewelry-with-ribbon-bowknot\/","title":{"rendered":"Bo\u00eete \u00e0 bijoux en carton vert fonc\u00e9 pour collier, bracelet, anneaux, boucles d'oreilles, pendentifs."},"content":{"rendered":"<h2>Bo\u00eete \u00e0 bijoux<\/h2>\n<p>Chaque bijou raconte une histoire - que celle-ci commence par une bo\u00eete aussi exquise que le tr\u00e9sor qu'elle contient. Fabriqu\u00e9 avec pr\u00e9cision et con\u00e7u pour impressionner, notre <a href=\"https:\/\/www.chinatopack.com\/fr\/etiquette-produit\/luxury-jewellery-box\/\"><strong>bo\u00eete \u00e0 bijoux de luxe<\/strong><\/a> allient luxe et fonctionnalit\u00e9, offrant un premier aper\u00e7u saisissant de vos plus belles parures.<\/p>\n<p>En tant que <a href=\"https:\/\/www.chinatopack.com\/fr\/about-us\/\"><strong>fabricants professionnels de bo\u00eetes \u00e0 bijoux<\/strong><\/a>Nous vous assurons que notre <a href=\"https:\/\/www.chinatopack.com\/fr\/produit\/luxury-dark-green-paper-cardboard-necklace-bracelet-rings-earrings-pendant-gift-paper-packaging-box-for-jewelry-with-ribbon-bowknot\/\"><strong>bo\u00eetes \u00e0 bijoux personnalis\u00e9es<\/strong><\/a> est fabriqu\u00e9e \u00e0 partir de mat\u00e9riaux de haute qualit\u00e9 et respectueux de l'environnement, chaque bo\u00eete garantit la durabilit\u00e9 tout en conservant une finition raffin\u00e9e. La texture lisse, le gaufrage \u00e9l\u00e9gant et les couleurs personnalisables font de cette bo\u00eete un objet unique. <a href=\"https:\/\/www.chinatopack.com\/fr\/etiquette-produit\/watch-jewelry-box\/\"><strong>bo\u00eete \u00e0 bijoux pour montres<\/strong><\/a> le choix id\u00e9al pour les marques qui privil\u00e9gient la sophistication. Qu'il s'agisse de bagues, de colliers ou de boucles d'oreilles, nos bo\u00eetes offrent un rembourrage s\u00fbr, ce qui permet de pr\u00e9server la puret\u00e9 des bijoux et d'en assurer une pr\u00e9sentation impeccable.<\/p>\n<p>Parfaites pour les cadeaux, la vente au d\u00e9tail ou les occasions sp\u00e9ciales, ces bo\u00eetes rehaussent l'exp\u00e9rience du d\u00e9ballage, transformant une simple r\u00e9v\u00e9lation en un moment de ravissement. Parce que la vraie beaut\u00e9 m\u00e9rite une maison tout aussi belle.<br \/>\nL\u00e0 o\u00f9 les bijoux rencontrent l'\u00e9l\u00e9gance.<\/p>\n<h2>Photos du produit<\/h2>\n<p><img loading=\"lazy\" decoding=\"async\" class=\"size-full wp-image-12582 aligncenter\" data-src=\"https:\/\/www.chinatopack.com\/wp-content\/uploads\/2025\/06\/Luxury-Dark-Green-Paper-Cardboard-Necklace-Bracelet-Rings-Earrings-Pendant-Gift-Paper-Packaging-Box-for-Jewelry-With-Ribbon-Bowknot3.webp\" alt=\"Bo\u00eete d&#039;emballage en papier vert fonc\u00e9 pour collier, bracelet, anneaux, boucles d&#039;oreilles, pendentifs, pour bijoux, avec ruban et n\u0153ud papillon\" width=\"800\" height=\"804\" srcset=\"https:\/\/www.chinatopack.com\/wp-content\/uploads\/2025\/06\/Luxury-Dark-Green-Paper-Cardboard-Necklace-Bracelet-Rings-Earrings-Pendant-Gift-Paper-Packaging-Box-for-Jewelry-With-Ribbon-Bowknot3.webp 800w, https:\/\/www.chinatopack.com\/wp-content\/uploads\/2025\/06\/Luxury-Dark-Green-Paper-Cardboard-Necklace-Bracelet-Rings-Earrings-Pendant-Gift-Paper-Packaging-Box-for-Jewelry-With-Ribbon-Bowknot3-480x482.webp 480w\" sizes=\"(min-width: 0px) and (max-width: 480px) 480px, (min-width: 481px) 800px, 100vw\" \/><\/p>\n<p style=\"text-align: center;\"><a href=\"https:\/\/www.chinatopack.com\/fr\/\"><strong>bo\u00eetes \u00e0 bijoux personnalis\u00e9es<\/strong><\/a><\/p>\n<p><img loading=\"lazy\" decoding=\"async\" class=\"size-full wp-image-12581 aligncenter\" data-src=\"https:\/\/www.chinatopack.com\/wp-content\/uploads\/2025\/06\/Luxury-Dark-Green-Paper-Cardboard-Necklace-Bracelet-Rings-Earrings-Pendant-Gift-Paper-Packaging-Box-for-Jewelry-With-Ribbon-Bowknot2.webp\" alt=\"Bo\u00eete d&#039;emballage en papier vert fonc\u00e9 pour collier, bracelet, anneaux, boucles d&#039;oreilles, pendentifs, pour bijoux, avec ruban et n\u0153ud papillon\" width=\"800\" height=\"768\" srcset=\"https:\/\/www.chinatopack.com\/wp-content\/uploads\/2025\/06\/Luxury-Dark-Green-Paper-Cardboard-Necklace-Bracelet-Rings-Earrings-Pendant-Gift-Paper-Packaging-Box-for-Jewelry-With-Ribbon-Bowknot2.webp 800w, https:\/\/www.chinatopack.com\/wp-content\/uploads\/2025\/06\/Luxury-Dark-Green-Paper-Cardboard-Necklace-Bracelet-Rings-Earrings-Pendant-Gift-Paper-Packaging-Box-for-Jewelry-With-Ribbon-Bowknot2-480x461.webp 480w\" sizes=\"(min-width: 0px) and (max-width: 480px) 480px, (min-width: 481px) 800px, 100vw\" \/><\/p>\n<p style=\"text-align: center;\"><a href=\"https:\/\/www.chinatopack.com\/fr\/category\/jewelry-box\/\"><strong>coffret \u00e0 bijoux de luxe<\/strong><\/a><\/p>","protected":false},"excerpt":{"rendered":"<p>\uf0b7Manufactured en carton durable et robuste<br \/>\n\uf0b7Custom Les tailles sont disponibles pour diff\u00e9rentes mesures de produits<br \/>\n\uf0b7High des machines d'impression de qualit\u00e9 qui g\u00e9n\u00e8rent des images et des logos percutants<br \/>\n\uf0b7Easy assemblage &amp; pliable pour le stockage<br \/>\n\uf0b7Great structure pour bijoux et produits de beaut\u00e9<\/p>","protected":false},"featured_media":12579,"comment_status":"closed","ping_status":"closed","template":"","meta":{"_et_pb_use_builder":"","_et_pb_old_content":"","_et_gb_content_width":""},"product_cat":[308],"product_tag":[294,295],"yoast_head":"<!-- This site is optimized with the Yoast SEO plugin v22.7 - https:\/\/yoast.com\/wordpress\/plugins\/seo\/ -->\n<title>Luxury Jewelry Box Supplier | Eco &amp; Custom in China<\/title>\n<meta name=\"description\" content=\"Jewelry Box Manufacturer: Eco-luxury boxes w\/ embossing &amp; secure cushioning. Elevate unboxing for rings\/necklaces. Where Jewelry Meets Elegance. Request quote!\" \/>\n<meta name=\"robots\" content=\"index, follow, max-snippet:-1, max-image-preview:large, max-video-preview:-1\" \/>\n<link rel=\"canonical\" href=\"https:\/\/www.chinatopack.com\/fr\/produit\/luxury-dark-green-paper-cardboard-necklace-bracelet-rings-earrings-pendant-gift-paper-packaging-box-for-jewelry-with-ribbon-bowknot\/\" \/>\n<meta property=\"og:locale\" content=\"fr_FR\" \/>\n<meta property=\"og:type\" content=\"article\" \/>\n<meta property=\"og:title\" content=\"Luxury Jewelry Box Supplier | Eco &amp; Custom in China\" \/>\n<meta property=\"og:description\" content=\"Jewelry Box Manufacturer: Eco-luxury boxes w\/ embossing &amp; secure cushioning. Elevate unboxing for rings\/necklaces. Where Jewelry Meets Elegance. Request quote!\" \/>\n<meta property=\"og:url\" content=\"https:\/\/www.chinatopack.com\/fr\/produit\/luxury-dark-green-paper-cardboard-necklace-bracelet-rings-earrings-pendant-gift-paper-packaging-box-for-jewelry-with-ribbon-bowknot\/\" \/>\n<meta property=\"og:site_name\" content=\"TOPACK Paper Boxes\" \/>\n<meta property=\"article:publisher\" content=\"https:\/\/www.facebook.com\/ChinaTopack\/\" \/>\n<meta property=\"article:modified_time\" content=\"2025-08-12T10:52:47+00:00\" \/>\n<meta property=\"og:image\" content=\"https:\/\/www.chinatopack.com\/wp-content\/uploads\/2025\/06\/Luxury-Dark-Green-Paper-Cardboard-Necklace-Bracelet-Rings-Earrings-Pendant-Gift-Paper-Packaging-Box-for-Jewelry-With-Ribbon-Bowknot1.webp\" \/>\n\t<meta property=\"og:image:width\" content=\"800\" \/>\n\t<meta property=\"og:image:height\" content=\"808\" \/>\n\t<meta property=\"og:image:type\" content=\"image\/webp\" \/>\n<meta name=\"twitter:card\" content=\"summary_large_image\" \/>\n<meta name=\"twitter:label1\" content=\"Dur\u00e9e de lecture estim\u00e9e\" \/>\n\t<meta name=\"twitter:data1\" content=\"2 minutes\" \/>\n<script type=\"application\/ld+json\" class=\"yoast-schema-graph\">{\"@context\":\"https:\/\/schema.org\",\"@graph\":[{\"@type\":\"WebPage\",\"@id\":\"https:\/\/www.chinatopack.com\/product\/luxury-dark-green-paper-cardboard-necklace-bracelet-rings-earrings-pendant-gift-paper-packaging-box-for-jewelry-with-ribbon-bowknot\/\",\"url\":\"https:\/\/www.chinatopack.com\/product\/luxury-dark-green-paper-cardboard-necklace-bracelet-rings-earrings-pendant-gift-paper-packaging-box-for-jewelry-with-ribbon-bowknot\/\",\"name\":\"Luxury Jewelry Box Supplier | Eco & Custom in China\",\"isPartOf\":{\"@id\":\"https:\/\/www.chinatopack.com\/#website\"},\"primaryImageOfPage\":{\"@id\":\"https:\/\/www.chinatopack.com\/product\/luxury-dark-green-paper-cardboard-necklace-bracelet-rings-earrings-pendant-gift-paper-packaging-box-for-jewelry-with-ribbon-bowknot\/#primaryimage\"},\"image\":{\"@id\":\"https:\/\/www.chinatopack.com\/product\/luxury-dark-green-paper-cardboard-necklace-bracelet-rings-earrings-pendant-gift-paper-packaging-box-for-jewelry-with-ribbon-bowknot\/#primaryimage\"},\"thumbnailUrl\":\"https:\/\/www.chinatopack.com\/wp-content\/uploads\/2025\/06\/Luxury-Dark-Green-Paper-Cardboard-Necklace-Bracelet-Rings-Earrings-Pendant-Gift-Paper-Packaging-Box-for-Jewelry-With-Ribbon-Bowknot1.webp\",\"datePublished\":\"2025-06-16T14:33:06+00:00\",\"dateModified\":\"2025-08-12T10:52:47+00:00\",\"description\":\"Jewelry Box Manufacturer: Eco-luxury boxes w\/ embossing & secure cushioning. Elevate unboxing for rings\/necklaces. Where Jewelry Meets Elegance. Request quote!\",\"breadcrumb\":{\"@id\":\"https:\/\/www.chinatopack.com\/product\/luxury-dark-green-paper-cardboard-necklace-bracelet-rings-earrings-pendant-gift-paper-packaging-box-for-jewelry-with-ribbon-bowknot\/#breadcrumb\"},\"inLanguage\":\"fr-FR\",\"potentialAction\":[{\"@type\":\"ReadAction\",\"target\":[\"https:\/\/www.chinatopack.com\/product\/luxury-dark-green-paper-cardboard-necklace-bracelet-rings-earrings-pendant-gift-paper-packaging-box-for-jewelry-with-ribbon-bowknot\/\"]}]},{\"@type\":\"ImageObject\",\"inLanguage\":\"fr-FR\",\"@id\":\"https:\/\/www.chinatopack.com\/product\/luxury-dark-green-paper-cardboard-necklace-bracelet-rings-earrings-pendant-gift-paper-packaging-box-for-jewelry-with-ribbon-bowknot\/#primaryimage\",\"url\":\"https:\/\/www.chinatopack.com\/wp-content\/uploads\/2025\/06\/Luxury-Dark-Green-Paper-Cardboard-Necklace-Bracelet-Rings-Earrings-Pendant-Gift-Paper-Packaging-Box-for-Jewelry-With-Ribbon-Bowknot1.webp\",\"contentUrl\":\"https:\/\/www.chinatopack.com\/wp-content\/uploads\/2025\/06\/Luxury-Dark-Green-Paper-Cardboard-Necklace-Bracelet-Rings-Earrings-Pendant-Gift-Paper-Packaging-Box-for-Jewelry-With-Ribbon-Bowknot1.webp\",\"width\":800,\"height\":808,\"caption\":\"Luxury Dark Green Paper Cardboard Necklace Bracelet Rings Earrings Pendant Gift Paper Packaging Box for Jewelry With Ribbon Bowknot\"},{\"@type\":\"BreadcrumbList\",\"@id\":\"https:\/\/www.chinatopack.com\/product\/luxury-dark-green-paper-cardboard-necklace-bracelet-rings-earrings-pendant-gift-paper-packaging-box-for-jewelry-with-ribbon-bowknot\/#breadcrumb\",\"itemListElement\":[{\"@type\":\"ListItem\",\"position\":1,\"name\":\"Home\",\"item\":\"https:\/\/www.chinatopack.com\/\"},{\"@type\":\"ListItem\",\"position\":2,\"name\":\"Products\",\"item\":\"https:\/\/www.chinatopack.com\/shop\/\"},{\"@type\":\"ListItem\",\"position\":3,\"name\":\"Luxury Dark Green Paper Cardboard Necklace Bracelet Rings Earrings Pendant Gift Paper Custom Jewellery Boxes With Ribbon Bowknot\"}]},{\"@type\":\"WebSite\",\"@id\":\"https:\/\/www.chinatopack.com\/#website\",\"url\":\"https:\/\/www.chinatopack.com\/\",\"name\":\"TOPACK Paper Boxes\",\"description\":\"\",\"publisher\":{\"@id\":\"https:\/\/www.chinatopack.com\/#organization\"},\"potentialAction\":[{\"@type\":\"SearchAction\",\"target\":{\"@type\":\"EntryPoint\",\"urlTemplate\":\"https:\/\/www.chinatopack.com\/?s={search_term_string}\"},\"query-input\":\"required name=search_term_string\"}],\"inLanguage\":\"fr-FR\"},{\"@type\":\"Organization\",\"@id\":\"https:\/\/www.chinatopack.com\/#organization\",\"name\":\"TOPACK Paper Boxes\",\"url\":\"https:\/\/www.chinatopack.com\/\",\"logo\":{\"@type\":\"ImageObject\",\"inLanguage\":\"fr-FR\",\"@id\":\"https:\/\/www.chinatopack.com\/#\/schema\/logo\/image\/\",\"url\":\"https:\/\/www.chinatopack.com\/wp-content\/uploads\/2025\/11\/logo2.webp\",\"contentUrl\":\"https:\/\/www.chinatopack.com\/wp-content\/uploads\/2025\/11\/logo2.webp\",\"width\":512,\"height\":512,\"caption\":\"TOPACK Paper Boxes\"},\"image\":{\"@id\":\"https:\/\/www.chinatopack.com\/#\/schema\/logo\/image\/\"},\"sameAs\":[\"https:\/\/www.facebook.com\/ChinaTopack\/\",\"https:\/\/www.youtube.com\/@chinatopack\"]}]}<\/script>\n<!-- \/ Yoast SEO plugin. -->","yoast_head_json":{"title":"Luxury Jewelry Box Supplier | Eco & Custom in China","description":"Jewelry Box Manufacturer: Eco-luxury boxes w\/ embossing & secure cushioning. Elevate unboxing for rings\/necklaces. Where Jewelry Meets Elegance. Request quote!","robots":{"index":"index","follow":"follow","max-snippet":"max-snippet:-1","max-image-preview":"max-image-preview:large","max-video-preview":"max-video-preview:-1"},"canonical":"https:\/\/www.chinatopack.com\/fr\/produit\/luxury-dark-green-paper-cardboard-necklace-bracelet-rings-earrings-pendant-gift-paper-packaging-box-for-jewelry-with-ribbon-bowknot\/","og_locale":"fr_FR","og_type":"article","og_title":"Luxury Jewelry Box Supplier | Eco & Custom in China","og_description":"Jewelry Box Manufacturer: Eco-luxury boxes w\/ embossing & secure cushioning. Elevate unboxing for rings\/necklaces. Where Jewelry Meets Elegance. Request quote!","og_url":"https:\/\/www.chinatopack.com\/fr\/produit\/luxury-dark-green-paper-cardboard-necklace-bracelet-rings-earrings-pendant-gift-paper-packaging-box-for-jewelry-with-ribbon-bowknot\/","og_site_name":"TOPACK Paper Boxes","article_publisher":"https:\/\/www.facebook.com\/ChinaTopack\/","article_modified_time":"2025-08-12T10:52:47+00:00","og_image":[{"width":800,"height":808,"url":"https:\/\/www.chinatopack.com\/wp-content\/uploads\/2025\/06\/Luxury-Dark-Green-Paper-Cardboard-Necklace-Bracelet-Rings-Earrings-Pendant-Gift-Paper-Packaging-Box-for-Jewelry-With-Ribbon-Bowknot1.webp","type":"image\/webp"}],"twitter_card":"summary_large_image","twitter_misc":{"Dur\u00e9e de lecture estim\u00e9e":"2 minutes"},"schema":{"@context":"https:\/\/schema.org","@graph":[{"@type":"WebPage","@id":"https:\/\/www.chinatopack.com\/product\/luxury-dark-green-paper-cardboard-necklace-bracelet-rings-earrings-pendant-gift-paper-packaging-box-for-jewelry-with-ribbon-bowknot\/","url":"https:\/\/www.chinatopack.com\/product\/luxury-dark-green-paper-cardboard-necklace-bracelet-rings-earrings-pendant-gift-paper-packaging-box-for-jewelry-with-ribbon-bowknot\/","name":"Luxury Jewelry Box Supplier | Eco & Custom in China","isPartOf":{"@id":"https:\/\/www.chinatopack.com\/#website"},"primaryImageOfPage":{"@id":"https:\/\/www.chinatopack.com\/product\/luxury-dark-green-paper-cardboard-necklace-bracelet-rings-earrings-pendant-gift-paper-packaging-box-for-jewelry-with-ribbon-bowknot\/#primaryimage"},"image":{"@id":"https:\/\/www.chinatopack.com\/product\/luxury-dark-green-paper-cardboard-necklace-bracelet-rings-earrings-pendant-gift-paper-packaging-box-for-jewelry-with-ribbon-bowknot\/#primaryimage"},"thumbnailUrl":"https:\/\/www.chinatopack.com\/wp-content\/uploads\/2025\/06\/Luxury-Dark-Green-Paper-Cardboard-Necklace-Bracelet-Rings-Earrings-Pendant-Gift-Paper-Packaging-Box-for-Jewelry-With-Ribbon-Bowknot1.webp","datePublished":"2025-06-16T14:33:06+00:00","dateModified":"2025-08-12T10:52:47+00:00","description":"Jewelry Box Manufacturer: Eco-luxury boxes w\/ embossing & secure cushioning. Elevate unboxing for rings\/necklaces. Where Jewelry Meets Elegance. Request quote!","breadcrumb":{"@id":"https:\/\/www.chinatopack.com\/product\/luxury-dark-green-paper-cardboard-necklace-bracelet-rings-earrings-pendant-gift-paper-packaging-box-for-jewelry-with-ribbon-bowknot\/#breadcrumb"},"inLanguage":"fr-FR","potentialAction":[{"@type":"ReadAction","target":["https:\/\/www.chinatopack.com\/product\/luxury-dark-green-paper-cardboard-necklace-bracelet-rings-earrings-pendant-gift-paper-packaging-box-for-jewelry-with-ribbon-bowknot\/"]}]},{"@type":"ImageObject","inLanguage":"fr-FR","@id":"https:\/\/www.chinatopack.com\/product\/luxury-dark-green-paper-cardboard-necklace-bracelet-rings-earrings-pendant-gift-paper-packaging-box-for-jewelry-with-ribbon-bowknot\/#primaryimage","url":"https:\/\/www.chinatopack.com\/wp-content\/uploads\/2025\/06\/Luxury-Dark-Green-Paper-Cardboard-Necklace-Bracelet-Rings-Earrings-Pendant-Gift-Paper-Packaging-Box-for-Jewelry-With-Ribbon-Bowknot1.webp","contentUrl":"https:\/\/www.chinatopack.com\/wp-content\/uploads\/2025\/06\/Luxury-Dark-Green-Paper-Cardboard-Necklace-Bracelet-Rings-Earrings-Pendant-Gift-Paper-Packaging-Box-for-Jewelry-With-Ribbon-Bowknot1.webp","width":800,"height":808,"caption":"Luxury Dark Green Paper Cardboard Necklace Bracelet Rings Earrings Pendant Gift Paper Packaging Box for Jewelry With Ribbon Bowknot"},{"@type":"BreadcrumbList","@id":"https:\/\/www.chinatopack.com\/product\/luxury-dark-green-paper-cardboard-necklace-bracelet-rings-earrings-pendant-gift-paper-packaging-box-for-jewelry-with-ribbon-bowknot\/#breadcrumb","itemListElement":[{"@type":"ListItem","position":1,"name":"Home","item":"https:\/\/www.chinatopack.com\/"},{"@type":"ListItem","position":2,"name":"Products","item":"https:\/\/www.chinatopack.com\/shop\/"},{"@type":"ListItem","position":3,"name":"Luxury Dark Green Paper Cardboard Necklace Bracelet Rings Earrings Pendant Gift Paper Custom Jewellery Boxes With Ribbon Bowknot"}]},{"@type":"WebSite","@id":"https:\/\/www.chinatopack.com\/#website","url":"https:\/\/www.chinatopack.com\/","name":"TOPACK Paper Boxes","description":"","publisher":{"@id":"https:\/\/www.chinatopack.com\/#organization"},"potentialAction":[{"@type":"SearchAction","target":{"@type":"EntryPoint","urlTemplate":"https:\/\/www.chinatopack.com\/?s={search_term_string}"},"query-input":"required name=search_term_string"}],"inLanguage":"fr-FR"},{"@type":"Organization","@id":"https:\/\/www.chinatopack.com\/#organization","name":"TOPACK Paper Boxes","url":"https:\/\/www.chinatopack.com\/","logo":{"@type":"ImageObject","inLanguage":"fr-FR","@id":"https:\/\/www.chinatopack.com\/#\/schema\/logo\/image\/","url":"https:\/\/www.chinatopack.com\/wp-content\/uploads\/2025\/11\/logo2.webp","contentUrl":"https:\/\/www.chinatopack.com\/wp-content\/uploads\/2025\/11\/logo2.webp","width":512,"height":512,"caption":"TOPACK Paper Boxes"},"image":{"@id":"https:\/\/www.chinatopack.com\/#\/schema\/logo\/image\/"},"sameAs":["https:\/\/www.facebook.com\/ChinaTopack\/","https:\/\/www.youtube.com\/@chinatopack"]}]}},"_links":{"self":[{"href":"https:\/\/www.chinatopack.com\/fr\/wp-json\/wp\/v2\/product\/12570"}],"collection":[{"href":"https:\/\/www.chinatopack.com\/fr\/wp-json\/wp\/v2\/product"}],"about":[{"href":"https:\/\/www.chinatopack.com\/fr\/wp-json\/wp\/v2\/types\/product"}],"replies":[{"embeddable":true,"href":"https:\/\/www.chinatopack.com\/fr\/wp-json\/wp\/v2\/comments?post=12570"}],"wp:featuredmedia":[{"embeddable":true,"href":"https:\/\/www.chinatopack.com\/fr\/wp-json\/wp\/v2\/media\/12579"}],"wp:attachment":[{"href":"https:\/\/www.chinatopack.com\/fr\/wp-json\/wp\/v2\/media?parent=12570"}],"wp:term":[{"taxonomy":"product_cat","embeddable":true,"href":"https:\/\/www.chinatopack.com\/fr\/wp-json\/wp\/v2\/product_cat?post=12570"},{"taxonomy":"product_tag","embeddable":true,"href":"https:\/\/www.chinatopack.com\/fr\/wp-json\/wp\/v2\/product_tag?post=12570"}],"curies":[{"name":"wp","href":"https:\/\/api.w.org\/{rel}","templated":true}]}}