{"id":12590,"date":"2025-06-16T14:56:17","date_gmt":"2025-06-16T14:56:17","guid":{"rendered":"https:\/\/www.chinatopack.com\/?post_type=product&#038;p=12590"},"modified":"2025-08-12T10:58:34","modified_gmt":"2025-08-12T10:58:34","slug":"customized-high-end-jewelry-box-men-gift-packaging-paper-box-with-lid-with-ribbon","status":"publish","type":"product","link":"https:\/\/www.chinatopack.com\/fr\/produit\/customized-high-end-jewelry-box-men-gift-packaging-paper-box-with-lid-with-ribbon\/","title":{"rendered":"Bo\u00eete \u00e0 bijoux haut de gamme personnalis\u00e9e Emballage cadeau pour homme Bo\u00eete en papier avec couvercle et ruban"},"content":{"rendered":"<h2>Bo\u00eete \u00e0 bijoux en papier<\/h2>\n<p>Se d\u00e9marquer dans les rayons avec notre \"premium <a href=\"https:\/\/www.chinatopack.com\/fr\/\"><strong>bo\u00eetes \u00e0 bijoux personnalis\u00e9es<\/strong><\/a>\"L'objectif est d'allier luxe, fonctionnalit\u00e9 et durabilit\u00e9.<\/p>\n<h3>Les caract\u00e9ristiques sp\u00e9cifiques sont les suivantes :<\/h3>\n<p>Mat\u00e9riaux \u00e9cologiques : Cette <a href=\"https:\/\/www.chinatopack.com\/fr\/produit\/customized-high-end-jewelry-box-men-gift-packaging-paper-box-with-lid-with-ribbon\/\"><strong>bo\u00eete \u00e0 bijoux hommes<\/strong><\/a> est fabriqu\u00e9 \u00e0 partir de papier recyclable, de carton certifi\u00e9 FSC ou d'options biod\u00e9gradables afin d'attirer les consommateurs soucieux de l'environnement.<br \/>\nFinitions haut de gamme : Pelliculage brillant\/mat, gaufrage, dorure et rev\u00eatements doux au toucher pour une sensation de luxe.<br \/>\nFormes et structures personnalis\u00e9es : Fen\u00eatres uniques d\u00e9coup\u00e9es \u00e0 l'emporte-pi\u00e8ce, fermetures magn\u00e9tiques ou conceptions de type tiroir pour des exp\u00e9riences de d\u00e9ballage am\u00e9lior\u00e9es.<br \/>\nImpression vibrante : Offset HD\/couleur Pantone<\/p>\n<h3>Avantages concurrentiels :<\/h3>\n<p>1. Diff\u00e9renciation : Les designs uniques rendent votre marque m\u00e9morable.<br \/>\n2. Durabilit\u00e9 : les coutures renforc\u00e9es prot\u00e8gent les produits cosm\u00e9tiques d\u00e9licats pendant le transport.<br \/>\n3. Rentabilit\u00e9 : L\u00e9ger mais robuste, il permet de r\u00e9duire les co\u00fbts logistiques.<br \/>\nAu fur et \u00e0 mesure de la personnalisation <a href=\"https:\/\/www.chinatopack.com\/fr\/about-us\/\"><strong>fabricants de bo\u00eetes \u00e0 bijoux<\/strong><\/a> Avec plus de 20 ans d'exp\u00e9rience, nous pouvons fournir des conseils professionnels\uff0cet d'autres types de bo\u00eetes d'emballage, telles que les bo\u00eetes pliantes et les bo\u00eetes en forme de livre, etc. Afin de garantir la qualit\u00e9, notre \u00e9quipe d'inspection de la qualit\u00e9 ne se contente pas d'inspecter le produit fini, mais proc\u00e8de \u00e9galement \u00e0 l'inspection \u00e0 l'arriv\u00e9e et \u00e0 l'inspection du processus. Tous les produits <a href=\"https:\/\/www.chinatopack.com\/fr\/category\/jewelry-box\/\"><strong>bo\u00eetes \u00e0 bijoux personnalis\u00e9es<\/strong><\/a> seront emball\u00e9s dans un carton kraft \u00e0 cinq couches avant le transport afin de garantir qu'ils ne seront pas endommag\u00e9s pendant le transport.<\/p>\n<h2>D\u00e9tails du produit<\/h2>\n<p><img loading=\"lazy\" decoding=\"async\" class=\"size-full wp-image-12596 aligncenter\" data-src=\"https:\/\/www.chinatopack.com\/wp-content\/uploads\/2025\/06\/Customized-High-end-Jewelry-Gift-Packaging-Paper-Box-with-Lid-with-Ribbon4.webp\" alt=\"Emballage cadeau pour bijoux haut de gamme personnalis\u00e9 Bo\u00eete en papier avec couvercle et ruban\" width=\"800\" height=\"800\" srcset=\"https:\/\/www.chinatopack.com\/wp-content\/uploads\/2025\/06\/Customized-High-end-Jewelry-Gift-Packaging-Paper-Box-with-Lid-with-Ribbon4.webp 800w, https:\/\/www.chinatopack.com\/wp-content\/uploads\/2025\/06\/Customized-High-end-Jewelry-Gift-Packaging-Paper-Box-with-Lid-with-Ribbon4-480x480.webp 480w\" sizes=\"(min-width: 0px) and (max-width: 480px) 480px, (min-width: 481px) 800px, 100vw\" \/><\/p>\n<p style=\"text-align: center;\"><a href=\"https:\/\/www.chinatopack.com\/fr\/etiquette-produit\/luxury-jewellery-box\/\"><strong>bo\u00eete \u00e0 bijoux de luxe<\/strong><\/a><\/p>\n<p><img loading=\"lazy\" decoding=\"async\" class=\"size-full wp-image-12597 aligncenter\" data-src=\"https:\/\/www.chinatopack.com\/wp-content\/uploads\/2025\/06\/Customized-High-end-Jewelry-Gift-Packaging-Paper-Box-with-Lid-with-Ribbon1.webp\" alt=\"Emballage cadeau pour bijoux haut de gamme personnalis\u00e9 Bo\u00eete en papier avec couvercle et ruban\" width=\"800\" height=\"800\" srcset=\"https:\/\/www.chinatopack.com\/wp-content\/uploads\/2025\/06\/Customized-High-end-Jewelry-Gift-Packaging-Paper-Box-with-Lid-with-Ribbon1.webp 800w, https:\/\/www.chinatopack.com\/wp-content\/uploads\/2025\/06\/Customized-High-end-Jewelry-Gift-Packaging-Paper-Box-with-Lid-with-Ribbon1-480x480.webp 480w\" sizes=\"(min-width: 0px) and (max-width: 480px) 480px, (min-width: 481px) 800px, 100vw\" \/><\/p>\n<p style=\"text-align: center;\"><strong><a href=\"https:\/\/www.chinatopack.com\/fr\/etiquette-produit\/watch-jewelry-box\/\">bo\u00eete \u00e0 bijoux pour montres<\/a><\/strong><\/p>","protected":false},"excerpt":{"rendered":"<p>\uf0b7Manufactured en carton durable et robuste<br \/>\n\uf0b7Custom Les tailles sont disponibles pour diff\u00e9rentes mesures de produits<br \/>\n\uf0b7High des machines d'impression de qualit\u00e9 qui g\u00e9n\u00e8rent des images et des logos percutants<br \/>\n\uf0b7Easy assemblage &amp; pliable pour le stockage<br \/>\n\uf0b7Great structure pour bijoux et produits de beaut\u00e9<\/p>","protected":false},"featured_media":12591,"comment_status":"closed","ping_status":"closed","template":"","meta":{"_et_pb_use_builder":"","_et_pb_old_content":"","_et_gb_content_width":""},"product_cat":[308],"product_tag":[294,295],"yoast_head":"<!-- This site is optimized with the Yoast SEO plugin v22.7 - https:\/\/yoast.com\/wordpress\/plugins\/seo\/ -->\n<title>Luxury Jewelry Box Men Supplier | Custom in China<\/title>\n<meta name=\"description\" content=\"Supplier of custom Jewelry Box Men: Eco materials, foil\/embossing finishes. 20+ yrs manufacturer w\/ 3-stage QC &amp; durable designs. Request quote!\" \/>\n<meta name=\"robots\" content=\"index, follow, max-snippet:-1, max-image-preview:large, max-video-preview:-1\" \/>\n<link rel=\"canonical\" href=\"https:\/\/www.chinatopack.com\/fr\/produit\/customized-high-end-jewelry-box-men-gift-packaging-paper-box-with-lid-with-ribbon\/\" \/>\n<meta property=\"og:locale\" content=\"fr_FR\" \/>\n<meta property=\"og:type\" content=\"article\" \/>\n<meta property=\"og:title\" content=\"Luxury Jewelry Box Men Supplier | Custom in China\" \/>\n<meta property=\"og:description\" content=\"Supplier of custom Jewelry Box Men: Eco materials, foil\/embossing finishes. 20+ yrs manufacturer w\/ 3-stage QC &amp; durable designs. Request quote!\" \/>\n<meta property=\"og:url\" content=\"https:\/\/www.chinatopack.com\/fr\/produit\/customized-high-end-jewelry-box-men-gift-packaging-paper-box-with-lid-with-ribbon\/\" \/>\n<meta property=\"og:site_name\" content=\"TOPACK Paper Boxes\" \/>\n<meta property=\"article:publisher\" content=\"https:\/\/www.facebook.com\/ChinaTopack\/\" \/>\n<meta property=\"article:modified_time\" content=\"2025-08-12T10:58:34+00:00\" \/>\n<meta property=\"og:image\" content=\"https:\/\/www.chinatopack.com\/wp-content\/uploads\/2025\/06\/Customized-High-end-Jewelry-Gift-Packaging-Paper-Box-with-Lid-with-Ribbon2.webp\" \/>\n\t<meta property=\"og:image:width\" content=\"800\" \/>\n\t<meta property=\"og:image:height\" content=\"800\" \/>\n\t<meta property=\"og:image:type\" content=\"image\/webp\" \/>\n<meta name=\"twitter:card\" content=\"summary_large_image\" \/>\n<meta name=\"twitter:label1\" content=\"Dur\u00e9e de lecture estim\u00e9e\" \/>\n\t<meta name=\"twitter:data1\" content=\"2 minutes\" \/>\n<script type=\"application\/ld+json\" class=\"yoast-schema-graph\">{\"@context\":\"https:\/\/schema.org\",\"@graph\":[{\"@type\":\"WebPage\",\"@id\":\"https:\/\/www.chinatopack.com\/product\/customized-high-end-jewelry-box-men-gift-packaging-paper-box-with-lid-with-ribbon\/\",\"url\":\"https:\/\/www.chinatopack.com\/product\/customized-high-end-jewelry-box-men-gift-packaging-paper-box-with-lid-with-ribbon\/\",\"name\":\"Luxury Jewelry Box Men Supplier | Custom in China\",\"isPartOf\":{\"@id\":\"https:\/\/www.chinatopack.com\/#website\"},\"primaryImageOfPage\":{\"@id\":\"https:\/\/www.chinatopack.com\/product\/customized-high-end-jewelry-box-men-gift-packaging-paper-box-with-lid-with-ribbon\/#primaryimage\"},\"image\":{\"@id\":\"https:\/\/www.chinatopack.com\/product\/customized-high-end-jewelry-box-men-gift-packaging-paper-box-with-lid-with-ribbon\/#primaryimage\"},\"thumbnailUrl\":\"https:\/\/www.chinatopack.com\/wp-content\/uploads\/2025\/06\/Customized-High-end-Jewelry-Gift-Packaging-Paper-Box-with-Lid-with-Ribbon2.webp\",\"datePublished\":\"2025-06-16T14:56:17+00:00\",\"dateModified\":\"2025-08-12T10:58:34+00:00\",\"description\":\"Supplier of custom Jewelry Box Men: Eco materials, foil\/embossing finishes. 20+ yrs manufacturer w\/ 3-stage QC & durable designs. Request quote!\",\"breadcrumb\":{\"@id\":\"https:\/\/www.chinatopack.com\/product\/customized-high-end-jewelry-box-men-gift-packaging-paper-box-with-lid-with-ribbon\/#breadcrumb\"},\"inLanguage\":\"fr-FR\",\"potentialAction\":[{\"@type\":\"ReadAction\",\"target\":[\"https:\/\/www.chinatopack.com\/product\/customized-high-end-jewelry-box-men-gift-packaging-paper-box-with-lid-with-ribbon\/\"]}]},{\"@type\":\"ImageObject\",\"inLanguage\":\"fr-FR\",\"@id\":\"https:\/\/www.chinatopack.com\/product\/customized-high-end-jewelry-box-men-gift-packaging-paper-box-with-lid-with-ribbon\/#primaryimage\",\"url\":\"https:\/\/www.chinatopack.com\/wp-content\/uploads\/2025\/06\/Customized-High-end-Jewelry-Gift-Packaging-Paper-Box-with-Lid-with-Ribbon2.webp\",\"contentUrl\":\"https:\/\/www.chinatopack.com\/wp-content\/uploads\/2025\/06\/Customized-High-end-Jewelry-Gift-Packaging-Paper-Box-with-Lid-with-Ribbon2.webp\",\"width\":800,\"height\":800,\"caption\":\"Customized High-end Jewelry Gift Packaging Paper Box with Lid with Ribbon\"},{\"@type\":\"BreadcrumbList\",\"@id\":\"https:\/\/www.chinatopack.com\/product\/customized-high-end-jewelry-box-men-gift-packaging-paper-box-with-lid-with-ribbon\/#breadcrumb\",\"itemListElement\":[{\"@type\":\"ListItem\",\"position\":1,\"name\":\"Home\",\"item\":\"https:\/\/www.chinatopack.com\/\"},{\"@type\":\"ListItem\",\"position\":2,\"name\":\"Products\",\"item\":\"https:\/\/www.chinatopack.com\/shop\/\"},{\"@type\":\"ListItem\",\"position\":3,\"name\":\"Customized High-end Jewelry Box Men Gift Packaging Paper Box with Lid with Ribbon\"}]},{\"@type\":\"WebSite\",\"@id\":\"https:\/\/www.chinatopack.com\/#website\",\"url\":\"https:\/\/www.chinatopack.com\/\",\"name\":\"TOPACK Paper Boxes\",\"description\":\"\",\"publisher\":{\"@id\":\"https:\/\/www.chinatopack.com\/#organization\"},\"potentialAction\":[{\"@type\":\"SearchAction\",\"target\":{\"@type\":\"EntryPoint\",\"urlTemplate\":\"https:\/\/www.chinatopack.com\/?s={search_term_string}\"},\"query-input\":\"required name=search_term_string\"}],\"inLanguage\":\"fr-FR\"},{\"@type\":\"Organization\",\"@id\":\"https:\/\/www.chinatopack.com\/#organization\",\"name\":\"TOPACK Paper Boxes\",\"url\":\"https:\/\/www.chinatopack.com\/\",\"logo\":{\"@type\":\"ImageObject\",\"inLanguage\":\"fr-FR\",\"@id\":\"https:\/\/www.chinatopack.com\/#\/schema\/logo\/image\/\",\"url\":\"https:\/\/www.chinatopack.com\/wp-content\/uploads\/2025\/11\/logo2.webp\",\"contentUrl\":\"https:\/\/www.chinatopack.com\/wp-content\/uploads\/2025\/11\/logo2.webp\",\"width\":512,\"height\":512,\"caption\":\"TOPACK Paper Boxes\"},\"image\":{\"@id\":\"https:\/\/www.chinatopack.com\/#\/schema\/logo\/image\/\"},\"sameAs\":[\"https:\/\/www.facebook.com\/ChinaTopack\/\",\"https:\/\/www.youtube.com\/@chinatopack\"]}]}<\/script>\n<!-- \/ Yoast SEO plugin. -->","yoast_head_json":{"title":"Luxury Jewelry Box Men Supplier | Custom in China","description":"Supplier of custom Jewelry Box Men: Eco materials, foil\/embossing finishes. 20+ yrs manufacturer w\/ 3-stage QC & durable designs. Request quote!","robots":{"index":"index","follow":"follow","max-snippet":"max-snippet:-1","max-image-preview":"max-image-preview:large","max-video-preview":"max-video-preview:-1"},"canonical":"https:\/\/www.chinatopack.com\/fr\/produit\/customized-high-end-jewelry-box-men-gift-packaging-paper-box-with-lid-with-ribbon\/","og_locale":"fr_FR","og_type":"article","og_title":"Luxury Jewelry Box Men Supplier | Custom in China","og_description":"Supplier of custom Jewelry Box Men: Eco materials, foil\/embossing finishes. 20+ yrs manufacturer w\/ 3-stage QC & durable designs. Request quote!","og_url":"https:\/\/www.chinatopack.com\/fr\/produit\/customized-high-end-jewelry-box-men-gift-packaging-paper-box-with-lid-with-ribbon\/","og_site_name":"TOPACK Paper Boxes","article_publisher":"https:\/\/www.facebook.com\/ChinaTopack\/","article_modified_time":"2025-08-12T10:58:34+00:00","og_image":[{"width":800,"height":800,"url":"https:\/\/www.chinatopack.com\/wp-content\/uploads\/2025\/06\/Customized-High-end-Jewelry-Gift-Packaging-Paper-Box-with-Lid-with-Ribbon2.webp","type":"image\/webp"}],"twitter_card":"summary_large_image","twitter_misc":{"Dur\u00e9e de lecture estim\u00e9e":"2 minutes"},"schema":{"@context":"https:\/\/schema.org","@graph":[{"@type":"WebPage","@id":"https:\/\/www.chinatopack.com\/product\/customized-high-end-jewelry-box-men-gift-packaging-paper-box-with-lid-with-ribbon\/","url":"https:\/\/www.chinatopack.com\/product\/customized-high-end-jewelry-box-men-gift-packaging-paper-box-with-lid-with-ribbon\/","name":"Luxury Jewelry Box Men Supplier | Custom in China","isPartOf":{"@id":"https:\/\/www.chinatopack.com\/#website"},"primaryImageOfPage":{"@id":"https:\/\/www.chinatopack.com\/product\/customized-high-end-jewelry-box-men-gift-packaging-paper-box-with-lid-with-ribbon\/#primaryimage"},"image":{"@id":"https:\/\/www.chinatopack.com\/product\/customized-high-end-jewelry-box-men-gift-packaging-paper-box-with-lid-with-ribbon\/#primaryimage"},"thumbnailUrl":"https:\/\/www.chinatopack.com\/wp-content\/uploads\/2025\/06\/Customized-High-end-Jewelry-Gift-Packaging-Paper-Box-with-Lid-with-Ribbon2.webp","datePublished":"2025-06-16T14:56:17+00:00","dateModified":"2025-08-12T10:58:34+00:00","description":"Supplier of custom Jewelry Box Men: Eco materials, foil\/embossing finishes. 20+ yrs manufacturer w\/ 3-stage QC & durable designs. Request quote!","breadcrumb":{"@id":"https:\/\/www.chinatopack.com\/product\/customized-high-end-jewelry-box-men-gift-packaging-paper-box-with-lid-with-ribbon\/#breadcrumb"},"inLanguage":"fr-FR","potentialAction":[{"@type":"ReadAction","target":["https:\/\/www.chinatopack.com\/product\/customized-high-end-jewelry-box-men-gift-packaging-paper-box-with-lid-with-ribbon\/"]}]},{"@type":"ImageObject","inLanguage":"fr-FR","@id":"https:\/\/www.chinatopack.com\/product\/customized-high-end-jewelry-box-men-gift-packaging-paper-box-with-lid-with-ribbon\/#primaryimage","url":"https:\/\/www.chinatopack.com\/wp-content\/uploads\/2025\/06\/Customized-High-end-Jewelry-Gift-Packaging-Paper-Box-with-Lid-with-Ribbon2.webp","contentUrl":"https:\/\/www.chinatopack.com\/wp-content\/uploads\/2025\/06\/Customized-High-end-Jewelry-Gift-Packaging-Paper-Box-with-Lid-with-Ribbon2.webp","width":800,"height":800,"caption":"Customized High-end Jewelry Gift Packaging Paper Box with Lid with Ribbon"},{"@type":"BreadcrumbList","@id":"https:\/\/www.chinatopack.com\/product\/customized-high-end-jewelry-box-men-gift-packaging-paper-box-with-lid-with-ribbon\/#breadcrumb","itemListElement":[{"@type":"ListItem","position":1,"name":"Home","item":"https:\/\/www.chinatopack.com\/"},{"@type":"ListItem","position":2,"name":"Products","item":"https:\/\/www.chinatopack.com\/shop\/"},{"@type":"ListItem","position":3,"name":"Customized High-end Jewelry Box Men Gift Packaging Paper Box with Lid with Ribbon"}]},{"@type":"WebSite","@id":"https:\/\/www.chinatopack.com\/#website","url":"https:\/\/www.chinatopack.com\/","name":"TOPACK Paper Boxes","description":"","publisher":{"@id":"https:\/\/www.chinatopack.com\/#organization"},"potentialAction":[{"@type":"SearchAction","target":{"@type":"EntryPoint","urlTemplate":"https:\/\/www.chinatopack.com\/?s={search_term_string}"},"query-input":"required name=search_term_string"}],"inLanguage":"fr-FR"},{"@type":"Organization","@id":"https:\/\/www.chinatopack.com\/#organization","name":"TOPACK Paper Boxes","url":"https:\/\/www.chinatopack.com\/","logo":{"@type":"ImageObject","inLanguage":"fr-FR","@id":"https:\/\/www.chinatopack.com\/#\/schema\/logo\/image\/","url":"https:\/\/www.chinatopack.com\/wp-content\/uploads\/2025\/11\/logo2.webp","contentUrl":"https:\/\/www.chinatopack.com\/wp-content\/uploads\/2025\/11\/logo2.webp","width":512,"height":512,"caption":"TOPACK Paper Boxes"},"image":{"@id":"https:\/\/www.chinatopack.com\/#\/schema\/logo\/image\/"},"sameAs":["https:\/\/www.facebook.com\/ChinaTopack\/","https:\/\/www.youtube.com\/@chinatopack"]}]}},"_links":{"self":[{"href":"https:\/\/www.chinatopack.com\/fr\/wp-json\/wp\/v2\/product\/12590"}],"collection":[{"href":"https:\/\/www.chinatopack.com\/fr\/wp-json\/wp\/v2\/product"}],"about":[{"href":"https:\/\/www.chinatopack.com\/fr\/wp-json\/wp\/v2\/types\/product"}],"replies":[{"embeddable":true,"href":"https:\/\/www.chinatopack.com\/fr\/wp-json\/wp\/v2\/comments?post=12590"}],"wp:featuredmedia":[{"embeddable":true,"href":"https:\/\/www.chinatopack.com\/fr\/wp-json\/wp\/v2\/media\/12591"}],"wp:attachment":[{"href":"https:\/\/www.chinatopack.com\/fr\/wp-json\/wp\/v2\/media?parent=12590"}],"wp:term":[{"taxonomy":"product_cat","embeddable":true,"href":"https:\/\/www.chinatopack.com\/fr\/wp-json\/wp\/v2\/product_cat?post=12590"},{"taxonomy":"product_tag","embeddable":true,"href":"https:\/\/www.chinatopack.com\/fr\/wp-json\/wp\/v2\/product_tag?post=12590"}],"curies":[{"name":"wp","href":"https:\/\/api.w.org\/{rel}","templated":true}]}}