{"id":12609,"date":"2025-06-16T15:10:48","date_gmt":"2025-06-16T15:10:48","guid":{"rendered":"https:\/\/www.chinatopack.com\/?post_type=product&#038;p=12609"},"modified":"2025-08-12T11:20:29","modified_gmt":"2025-08-12T11:20:29","slug":"high-quality-customized-luxury-hexagon-paper-packaging-rigid-packout-box-made-in-china","status":"publish","type":"product","link":"https:\/\/www.chinatopack.com\/fr\/produit\/high-quality-customized-luxury-hexagon-paper-packaging-rigid-packout-box-made-in-china\/","title":{"rendered":"Bo\u00eete d'emballage rigide en papier hexagonale de haute qualit\u00e9, personnalis\u00e9e, fabriqu\u00e9e en Chine"},"content":{"rendered":"<p>Gift packaging is not only a container for protecting the goods, but also an intuitive expression of the brand&#8217;s philosophy and a powerful weapon in the market competition. From the perspectives of packaging philosophy, aesthetics, and strategic symbols, <a href=\"https:\/\/www.chinatopack.com\/fr\/\"><strong>bo\u00eetes rigides personnalis\u00e9es<\/strong><\/a> doit contenir des id\u00e9es cr\u00e9atives uniques et profondes.<\/p>\n<p>Cette exquise <a href=\"https:\/\/www.chinatopack.com\/fr\/etiquette-produit\/box-rigid\/\"><strong>bo\u00eete rigide<\/strong><\/a> est sp\u00e9cialement con\u00e7ue pour le luxe et la polyvalence, et convient parfaitement \u00e0 la conservation de bijoux, de chocolats exquis, de souvenirs ou d'objets personnalis\u00e9s. Sa fermeture magn\u00e9tique garantit une ouverture en douceur et sans obstacle, tandis que le rembourrage doux \u00e0 l'int\u00e9rieur prot\u00e8ge soigneusement les objets fragiles. <a href=\"https:\/\/www.chinatopack.com\/fr\/produit\/high-quality-customized-luxury-hexagon-paper-packaging-rigid-packout-box-made-in-china\/\"><strong>Packo rigide<\/strong><strong>u<\/strong><strong>bo\u00eete \u00e0 t<\/strong><\/a> est disponible dans une vari\u00e9t\u00e9 de couleurs douces et peut \u00e9galement \u00eatre personnalis\u00e9 avec diff\u00e9rents traitements de surface (tels que l'estampage, les \u00e9tiquettes gaufr\u00e9es ou les illustrations r\u00e9tro), transformant ainsi n'importe quel cadeau en un chef-d'\u0153uvre rempli d'histoires.<\/p>\n<p>En tant que<a href=\"https:\/\/www.chinatopack.com\/fr\/about-us\/\"><strong> fournisseurs de bo\u00eetes rigides <\/strong><\/a>Avec plus de 20 ans d'exp\u00e9rience, nous pouvons fournir des conseils professionnels\uff0cet d'autres types de bo\u00eetes d'emballage, telles que les bo\u00eetes pliantes et les bo\u00eetes en forme de livre, etc. Afin de garantir la qualit\u00e9, notre \u00e9quipe d'inspection de la qualit\u00e9 ne se contente pas d'inspecter le produit fini, mais proc\u00e8de \u00e9galement \u00e0 l'inspection \u00e0 l'arriv\u00e9e et \u00e0 l'inspection du processus. Tous les sacs d'emballage sont emball\u00e9s dans un carton kraft \u00e0 cinq couches avant le transport afin de garantir qu'ils ne seront pas endommag\u00e9s pendant le transport.<\/p>\n<h2>Photos du produit<\/h2>\n<p><img loading=\"lazy\" decoding=\"async\" class=\"size-full wp-image-12616 aligncenter\" data-src=\"https:\/\/www.chinatopack.com\/wp-content\/uploads\/2025\/06\/High-Quality-Customized-Luxury-Hexagon-Paper-Packaging-Box-Made-In-China8.jpg\" alt=\"Bo\u00eete d&#039;emballage en papier hexagonale de luxe de haute qualit\u00e9, personnalis\u00e9e, fabriqu\u00e9e en Chine\" width=\"800\" height=\"800\" srcset=\"https:\/\/www.chinatopack.com\/wp-content\/uploads\/2025\/06\/High-Quality-Customized-Luxury-Hexagon-Paper-Packaging-Box-Made-In-China8.jpg 800w, https:\/\/www.chinatopack.com\/wp-content\/uploads\/2025\/06\/High-Quality-Customized-Luxury-Hexagon-Paper-Packaging-Box-Made-In-China8-480x480.jpg 480w\" sizes=\"(min-width: 0px) and (max-width: 480px) 480px, (min-width: 481px) 800px, 100vw\" \/><\/p>\n<p style=\"text-align: center;\"><a href=\"https:\/\/www.chinatopack.com\/fr\/products\/\"><strong>bo\u00eetes rigides<\/strong><\/a><\/p>\n<p><img loading=\"lazy\" decoding=\"async\" class=\"size-full wp-image-12617 aligncenter\" data-src=\"https:\/\/www.chinatopack.com\/wp-content\/uploads\/2025\/06\/High-Quality-Customized-Luxury-Hexagon-Paper-Packaging-Box-Made-In-China7.jpg\" alt=\"Bo\u00eete d&#039;emballage en papier hexagonale de luxe de haute qualit\u00e9, personnalis\u00e9e, fabriqu\u00e9e en Chine\" width=\"800\" height=\"800\" srcset=\"https:\/\/www.chinatopack.com\/wp-content\/uploads\/2025\/06\/High-Quality-Customized-Luxury-Hexagon-Paper-Packaging-Box-Made-In-China7.jpg 800w, https:\/\/www.chinatopack.com\/wp-content\/uploads\/2025\/06\/High-Quality-Customized-Luxury-Hexagon-Paper-Packaging-Box-Made-In-China7-480x480.jpg 480w\" sizes=\"(min-width: 0px) and (max-width: 480px) 480px, (min-width: 481px) 800px, 100vw\" \/><\/p>\n<p style=\"text-align: center;\"><a href=\"https:\/\/www.chinatopack.com\/fr\/category\/rigid-box\/\"><strong>emballage personnalis\u00e9 en bo\u00eete rigide<\/strong><\/a><\/p>","protected":false},"excerpt":{"rendered":"<p>Caract\u00e9ristiques principales<br \/>\nCon\u00e7u \u00e0 partir de mat\u00e9riaux de premi\u00e8re qualit\u00e9<br \/>\nBo\u00eete en forme d'hexagone pour un aspect unique<br \/>\nD\u00e9cor\u00e9 et ferm\u00e9 par un ruban<br \/>\nOptions personnalis\u00e9es compl\u00e8tes pour l'impression, le rev\u00eatement et la d\u00e9coupe<\/p>","protected":false},"featured_media":12610,"comment_status":"closed","ping_status":"closed","template":"","meta":{"_et_pb_use_builder":"","_et_pb_old_content":"","_et_gb_content_width":""},"product_cat":[310],"product_tag":[307],"yoast_head":"<!-- This site is optimized with the Yoast SEO plugin v22.7 - https:\/\/yoast.com\/wordpress\/plugins\/seo\/ -->\n<title>Luxury Rigid Box Supplier | Custom Magnetic Closure<\/title>\n<meta name=\"description\" content=\"20+ Yrs Rigid Box Supplier: Custom magnetic closure boxes w\/ protective padding &amp; foil stamping. Luxury packaging for jewelry\/chocolates. Request quote!\" \/>\n<meta name=\"robots\" content=\"index, follow, max-snippet:-1, max-image-preview:large, max-video-preview:-1\" \/>\n<link rel=\"canonical\" href=\"https:\/\/www.chinatopack.com\/fr\/produit\/high-quality-customized-luxury-hexagon-paper-packaging-rigid-packout-box-made-in-china\/\" \/>\n<meta property=\"og:locale\" content=\"fr_FR\" \/>\n<meta property=\"og:type\" content=\"article\" \/>\n<meta property=\"og:title\" content=\"Luxury Rigid Box Supplier | Custom Magnetic Closure\" \/>\n<meta property=\"og:description\" content=\"20+ Yrs Rigid Box Supplier: Custom magnetic closure boxes w\/ protective padding &amp; foil stamping. Luxury packaging for jewelry\/chocolates. Request quote!\" \/>\n<meta property=\"og:url\" content=\"https:\/\/www.chinatopack.com\/fr\/produit\/high-quality-customized-luxury-hexagon-paper-packaging-rigid-packout-box-made-in-china\/\" \/>\n<meta property=\"og:site_name\" content=\"TOPACK Paper Boxes\" \/>\n<meta property=\"article:publisher\" content=\"https:\/\/www.facebook.com\/ChinaTopack\/\" \/>\n<meta property=\"article:modified_time\" content=\"2025-08-12T11:20:29+00:00\" \/>\n<meta property=\"og:image\" content=\"https:\/\/www.chinatopack.com\/wp-content\/uploads\/2025\/06\/High-Quality-Customized-Luxury-Hexagon-Paper-Packaging-Box-Made-In-China1.jpg\" \/>\n\t<meta property=\"og:image:width\" content=\"800\" \/>\n\t<meta property=\"og:image:height\" content=\"800\" \/>\n\t<meta property=\"og:image:type\" content=\"image\/jpeg\" \/>\n<meta name=\"twitter:card\" content=\"summary_large_image\" \/>\n<meta name=\"twitter:label1\" content=\"Dur\u00e9e de lecture estim\u00e9e\" \/>\n\t<meta name=\"twitter:data1\" content=\"2 minutes\" \/>\n<script type=\"application\/ld+json\" class=\"yoast-schema-graph\">{\"@context\":\"https:\/\/schema.org\",\"@graph\":[{\"@type\":\"WebPage\",\"@id\":\"https:\/\/www.chinatopack.com\/product\/high-quality-customized-luxury-hexagon-paper-packaging-rigid-packout-box-made-in-china\/\",\"url\":\"https:\/\/www.chinatopack.com\/product\/high-quality-customized-luxury-hexagon-paper-packaging-rigid-packout-box-made-in-china\/\",\"name\":\"Luxury Rigid Box Supplier | Custom Magnetic Closure\",\"isPartOf\":{\"@id\":\"https:\/\/www.chinatopack.com\/#website\"},\"primaryImageOfPage\":{\"@id\":\"https:\/\/www.chinatopack.com\/product\/high-quality-customized-luxury-hexagon-paper-packaging-rigid-packout-box-made-in-china\/#primaryimage\"},\"image\":{\"@id\":\"https:\/\/www.chinatopack.com\/product\/high-quality-customized-luxury-hexagon-paper-packaging-rigid-packout-box-made-in-china\/#primaryimage\"},\"thumbnailUrl\":\"https:\/\/www.chinatopack.com\/wp-content\/uploads\/2025\/06\/High-Quality-Customized-Luxury-Hexagon-Paper-Packaging-Box-Made-In-China1.jpg\",\"datePublished\":\"2025-06-16T15:10:48+00:00\",\"dateModified\":\"2025-08-12T11:20:29+00:00\",\"description\":\"20+ Yrs Rigid Box Supplier: Custom magnetic closure boxes w\/ protective padding & foil stamping. Luxury packaging for jewelry\/chocolates. Request quote!\",\"breadcrumb\":{\"@id\":\"https:\/\/www.chinatopack.com\/product\/high-quality-customized-luxury-hexagon-paper-packaging-rigid-packout-box-made-in-china\/#breadcrumb\"},\"inLanguage\":\"fr-FR\",\"potentialAction\":[{\"@type\":\"ReadAction\",\"target\":[\"https:\/\/www.chinatopack.com\/product\/high-quality-customized-luxury-hexagon-paper-packaging-rigid-packout-box-made-in-china\/\"]}]},{\"@type\":\"ImageObject\",\"inLanguage\":\"fr-FR\",\"@id\":\"https:\/\/www.chinatopack.com\/product\/high-quality-customized-luxury-hexagon-paper-packaging-rigid-packout-box-made-in-china\/#primaryimage\",\"url\":\"https:\/\/www.chinatopack.com\/wp-content\/uploads\/2025\/06\/High-Quality-Customized-Luxury-Hexagon-Paper-Packaging-Box-Made-In-China1.jpg\",\"contentUrl\":\"https:\/\/www.chinatopack.com\/wp-content\/uploads\/2025\/06\/High-Quality-Customized-Luxury-Hexagon-Paper-Packaging-Box-Made-In-China1.jpg\",\"width\":800,\"height\":800,\"caption\":\"High Quality Customized Luxury Hexagon Paper Packaging Box Made In China\"},{\"@type\":\"BreadcrumbList\",\"@id\":\"https:\/\/www.chinatopack.com\/product\/high-quality-customized-luxury-hexagon-paper-packaging-rigid-packout-box-made-in-china\/#breadcrumb\",\"itemListElement\":[{\"@type\":\"ListItem\",\"position\":1,\"name\":\"Home\",\"item\":\"https:\/\/www.chinatopack.com\/\"},{\"@type\":\"ListItem\",\"position\":2,\"name\":\"Products\",\"item\":\"https:\/\/www.chinatopack.com\/shop\/\"},{\"@type\":\"ListItem\",\"position\":3,\"name\":\"High Quality Customized Luxury Hexagon Paper Packaging Rigid Packout Box Made In China\"}]},{\"@type\":\"WebSite\",\"@id\":\"https:\/\/www.chinatopack.com\/#website\",\"url\":\"https:\/\/www.chinatopack.com\/\",\"name\":\"TOPACK Paper Boxes\",\"description\":\"\",\"publisher\":{\"@id\":\"https:\/\/www.chinatopack.com\/#organization\"},\"potentialAction\":[{\"@type\":\"SearchAction\",\"target\":{\"@type\":\"EntryPoint\",\"urlTemplate\":\"https:\/\/www.chinatopack.com\/?s={search_term_string}\"},\"query-input\":\"required name=search_term_string\"}],\"inLanguage\":\"fr-FR\"},{\"@type\":\"Organization\",\"@id\":\"https:\/\/www.chinatopack.com\/#organization\",\"name\":\"TOPACK Paper Boxes\",\"url\":\"https:\/\/www.chinatopack.com\/\",\"logo\":{\"@type\":\"ImageObject\",\"inLanguage\":\"fr-FR\",\"@id\":\"https:\/\/www.chinatopack.com\/#\/schema\/logo\/image\/\",\"url\":\"https:\/\/www.chinatopack.com\/wp-content\/uploads\/2025\/11\/logo2.webp\",\"contentUrl\":\"https:\/\/www.chinatopack.com\/wp-content\/uploads\/2025\/11\/logo2.webp\",\"width\":512,\"height\":512,\"caption\":\"TOPACK Paper Boxes\"},\"image\":{\"@id\":\"https:\/\/www.chinatopack.com\/#\/schema\/logo\/image\/\"},\"sameAs\":[\"https:\/\/www.facebook.com\/ChinaTopack\/\",\"https:\/\/www.youtube.com\/@chinatopack\"]}]}<\/script>\n<!-- \/ Yoast SEO plugin. -->","yoast_head_json":{"title":"Luxury Rigid Box Supplier | Custom Magnetic Closure","description":"20+ Yrs Rigid Box Supplier: Custom magnetic closure boxes w\/ protective padding & foil stamping. Luxury packaging for jewelry\/chocolates. Request quote!","robots":{"index":"index","follow":"follow","max-snippet":"max-snippet:-1","max-image-preview":"max-image-preview:large","max-video-preview":"max-video-preview:-1"},"canonical":"https:\/\/www.chinatopack.com\/fr\/produit\/high-quality-customized-luxury-hexagon-paper-packaging-rigid-packout-box-made-in-china\/","og_locale":"fr_FR","og_type":"article","og_title":"Luxury Rigid Box Supplier | Custom Magnetic Closure","og_description":"20+ Yrs Rigid Box Supplier: Custom magnetic closure boxes w\/ protective padding & foil stamping. Luxury packaging for jewelry\/chocolates. Request quote!","og_url":"https:\/\/www.chinatopack.com\/fr\/produit\/high-quality-customized-luxury-hexagon-paper-packaging-rigid-packout-box-made-in-china\/","og_site_name":"TOPACK Paper Boxes","article_publisher":"https:\/\/www.facebook.com\/ChinaTopack\/","article_modified_time":"2025-08-12T11:20:29+00:00","og_image":[{"width":800,"height":800,"url":"https:\/\/www.chinatopack.com\/wp-content\/uploads\/2025\/06\/High-Quality-Customized-Luxury-Hexagon-Paper-Packaging-Box-Made-In-China1.jpg","type":"image\/jpeg"}],"twitter_card":"summary_large_image","twitter_misc":{"Dur\u00e9e de lecture estim\u00e9e":"2 minutes"},"schema":{"@context":"https:\/\/schema.org","@graph":[{"@type":"WebPage","@id":"https:\/\/www.chinatopack.com\/product\/high-quality-customized-luxury-hexagon-paper-packaging-rigid-packout-box-made-in-china\/","url":"https:\/\/www.chinatopack.com\/product\/high-quality-customized-luxury-hexagon-paper-packaging-rigid-packout-box-made-in-china\/","name":"Luxury Rigid Box Supplier | Custom Magnetic Closure","isPartOf":{"@id":"https:\/\/www.chinatopack.com\/#website"},"primaryImageOfPage":{"@id":"https:\/\/www.chinatopack.com\/product\/high-quality-customized-luxury-hexagon-paper-packaging-rigid-packout-box-made-in-china\/#primaryimage"},"image":{"@id":"https:\/\/www.chinatopack.com\/product\/high-quality-customized-luxury-hexagon-paper-packaging-rigid-packout-box-made-in-china\/#primaryimage"},"thumbnailUrl":"https:\/\/www.chinatopack.com\/wp-content\/uploads\/2025\/06\/High-Quality-Customized-Luxury-Hexagon-Paper-Packaging-Box-Made-In-China1.jpg","datePublished":"2025-06-16T15:10:48+00:00","dateModified":"2025-08-12T11:20:29+00:00","description":"20+ Yrs Rigid Box Supplier: Custom magnetic closure boxes w\/ protective padding & foil stamping. Luxury packaging for jewelry\/chocolates. Request quote!","breadcrumb":{"@id":"https:\/\/www.chinatopack.com\/product\/high-quality-customized-luxury-hexagon-paper-packaging-rigid-packout-box-made-in-china\/#breadcrumb"},"inLanguage":"fr-FR","potentialAction":[{"@type":"ReadAction","target":["https:\/\/www.chinatopack.com\/product\/high-quality-customized-luxury-hexagon-paper-packaging-rigid-packout-box-made-in-china\/"]}]},{"@type":"ImageObject","inLanguage":"fr-FR","@id":"https:\/\/www.chinatopack.com\/product\/high-quality-customized-luxury-hexagon-paper-packaging-rigid-packout-box-made-in-china\/#primaryimage","url":"https:\/\/www.chinatopack.com\/wp-content\/uploads\/2025\/06\/High-Quality-Customized-Luxury-Hexagon-Paper-Packaging-Box-Made-In-China1.jpg","contentUrl":"https:\/\/www.chinatopack.com\/wp-content\/uploads\/2025\/06\/High-Quality-Customized-Luxury-Hexagon-Paper-Packaging-Box-Made-In-China1.jpg","width":800,"height":800,"caption":"High Quality Customized Luxury Hexagon Paper Packaging Box Made In China"},{"@type":"BreadcrumbList","@id":"https:\/\/www.chinatopack.com\/product\/high-quality-customized-luxury-hexagon-paper-packaging-rigid-packout-box-made-in-china\/#breadcrumb","itemListElement":[{"@type":"ListItem","position":1,"name":"Home","item":"https:\/\/www.chinatopack.com\/"},{"@type":"ListItem","position":2,"name":"Products","item":"https:\/\/www.chinatopack.com\/shop\/"},{"@type":"ListItem","position":3,"name":"High Quality Customized Luxury Hexagon Paper Packaging Rigid Packout Box Made In China"}]},{"@type":"WebSite","@id":"https:\/\/www.chinatopack.com\/#website","url":"https:\/\/www.chinatopack.com\/","name":"TOPACK Paper Boxes","description":"","publisher":{"@id":"https:\/\/www.chinatopack.com\/#organization"},"potentialAction":[{"@type":"SearchAction","target":{"@type":"EntryPoint","urlTemplate":"https:\/\/www.chinatopack.com\/?s={search_term_string}"},"query-input":"required name=search_term_string"}],"inLanguage":"fr-FR"},{"@type":"Organization","@id":"https:\/\/www.chinatopack.com\/#organization","name":"TOPACK Paper Boxes","url":"https:\/\/www.chinatopack.com\/","logo":{"@type":"ImageObject","inLanguage":"fr-FR","@id":"https:\/\/www.chinatopack.com\/#\/schema\/logo\/image\/","url":"https:\/\/www.chinatopack.com\/wp-content\/uploads\/2025\/11\/logo2.webp","contentUrl":"https:\/\/www.chinatopack.com\/wp-content\/uploads\/2025\/11\/logo2.webp","width":512,"height":512,"caption":"TOPACK Paper Boxes"},"image":{"@id":"https:\/\/www.chinatopack.com\/#\/schema\/logo\/image\/"},"sameAs":["https:\/\/www.facebook.com\/ChinaTopack\/","https:\/\/www.youtube.com\/@chinatopack"]}]}},"_links":{"self":[{"href":"https:\/\/www.chinatopack.com\/fr\/wp-json\/wp\/v2\/product\/12609"}],"collection":[{"href":"https:\/\/www.chinatopack.com\/fr\/wp-json\/wp\/v2\/product"}],"about":[{"href":"https:\/\/www.chinatopack.com\/fr\/wp-json\/wp\/v2\/types\/product"}],"replies":[{"embeddable":true,"href":"https:\/\/www.chinatopack.com\/fr\/wp-json\/wp\/v2\/comments?post=12609"}],"wp:featuredmedia":[{"embeddable":true,"href":"https:\/\/www.chinatopack.com\/fr\/wp-json\/wp\/v2\/media\/12610"}],"wp:attachment":[{"href":"https:\/\/www.chinatopack.com\/fr\/wp-json\/wp\/v2\/media?parent=12609"}],"wp:term":[{"taxonomy":"product_cat","embeddable":true,"href":"https:\/\/www.chinatopack.com\/fr\/wp-json\/wp\/v2\/product_cat?post=12609"},{"taxonomy":"product_tag","embeddable":true,"href":"https:\/\/www.chinatopack.com\/fr\/wp-json\/wp\/v2\/product_tag?post=12609"}],"curies":[{"name":"wp","href":"https:\/\/api.w.org\/{rel}","templated":true}]}}