{"id":12618,"date":"2025-06-16T15:17:55","date_gmt":"2025-06-16T15:17:55","guid":{"rendered":"https:\/\/www.chinatopack.com\/?post_type=product&#038;p=12618"},"modified":"2025-08-12T11:18:09","modified_gmt":"2025-08-12T11:18:09","slug":"manufacturer-custom-decorative-square-shape-magnetic-closure-cardboard-rigid-job-box-with-leather-handle","status":"publish","type":"product","link":"https:\/\/www.chinatopack.com\/fr\/produit\/manufacturer-custom-decorative-square-shape-magnetic-closure-cardboard-rigid-job-box-with-leather-handle\/","title":{"rendered":"Fabricant Bo\u00eete \u00e0 outils carr\u00e9e d\u00e9corative \u00e0 fermeture magn\u00e9tique en carton rigide avec poign\u00e9e en cuir"},"content":{"rendered":"<h2>Bo\u00eetes cadeaux en papier \u00e9l\u00e9gantes - Quand la r\u00e9flexion rencontre l'artisanat<\/h2>\n<p>C\u00e9l\u00e9brez les moments forts de la vie gr\u00e2ce \u00e0 notre magnifique design. <a href=\"https:\/\/www.chinatopack.com\/fr\/produit\/manufacturer-custom-decorative-square-shape-magnetic-closure-cardboard-rigid-job-box-with-leather-handle\/\"><strong>bo\u00eete \u00e0 outils rigide<\/strong><\/a>-un m\u00e9lange parfait de sophistication et de durabilit\u00e9. Fabriqu\u00e9e \u00e0 partir de mat\u00e9riaux \u00e9cologiques de premi\u00e8re qualit\u00e9, chaque bo\u00eete offre une exp\u00e9rience de d\u00e9ballage luxueuse tout en honorant votre engagement envers la plan\u00e8te.<\/p>\n<p>Qu'il s'agisse de chocolats, de bijoux, de cosm\u00e9tiques ou de cadeaux personnalis\u00e9s, notre collection polyvalente r\u00e9pond \u00e0 toutes les occasions. Les <a href=\"https:\/\/www.chinatopack.com\/fr\/etiquette-produit\/box-rigid\/\"><strong>bo\u00eete rigide<\/strong><\/a> Choisissez parmi une gamme de textures, de couleurs et de finitions - mates, brillantes, estampill\u00e9es ou gaufr\u00e9es - pour compl\u00e9ter parfaitement votre marque ou le th\u00e8me de votre \u00e9v\u00e9nement. Des d\u00e9tails bien pens\u00e9s tels que des fermetures magn\u00e9tiques, des rubans et des int\u00e9rieurs personnalis\u00e9s ajoutent une touche d'\u00e9l\u00e9gance suppl\u00e9mentaire.<\/p>\n<p>Id\u00e9ales pour la vente au d\u00e9tail, les cadeaux d'entreprise ou les mariages, nos bo\u00eetes en papier transforment des cadeaux ordinaires en souvenirs pr\u00e9cieux. L\u00e9g\u00e8res et durables, elles prot\u00e8gent vos tr\u00e9sors tout en laissant une impression durable.<br \/>\nParce que les meilleurs cadeaux m\u00e9ritent un emballage aussi extraordinaire que leur contenu. Am\u00e9liorez vos cadeaux gr\u00e2ce \u00e0 un design intemporel et respectueux de l'environnement, choisissez-nous, le professionnel de l'emballage. <a href=\"https:\/\/www.chinatopack.com\/fr\/about-us\/\"><strong>fournisseurs de bo\u00eetes rigides<\/strong><\/a>.<\/p>\n<h2>Photos du produit<\/h2>\n<p><img loading=\"lazy\" decoding=\"async\" class=\"size-full wp-image-12623 aligncenter\" data-src=\"https:\/\/www.chinatopack.com\/wp-content\/uploads\/2025\/06\/Manufacturer-Custom-Decorative-Square-Shape-Magnetic-Closure-Cardboard-Gift-Packaging-Boxes-with-Leather-Handle7.webp\" alt=\"Fabricant Bo\u00eetes d&#039;emballage cadeau en carton \u00e0 fermeture magn\u00e9tique de forme carr\u00e9e avec poign\u00e9e en cuir\" width=\"800\" height=\"800\" srcset=\"https:\/\/www.chinatopack.com\/wp-content\/uploads\/2025\/06\/Manufacturer-Custom-Decorative-Square-Shape-Magnetic-Closure-Cardboard-Gift-Packaging-Boxes-with-Leather-Handle7.webp 800w, https:\/\/www.chinatopack.com\/wp-content\/uploads\/2025\/06\/Manufacturer-Custom-Decorative-Square-Shape-Magnetic-Closure-Cardboard-Gift-Packaging-Boxes-with-Leather-Handle7-480x480.webp 480w\" sizes=\"(min-width: 0px) and (max-width: 480px) 480px, (min-width: 481px) 800px, 100vw\" \/><\/p>\n<p style=\"text-align: center;\"><a href=\"https:\/\/www.chinatopack.com\/fr\/category\/rigid-box\/\"><strong>bo\u00eete \u00e0 outils rigide<\/strong><\/a><\/p>\n<p><img loading=\"lazy\" decoding=\"async\" class=\"size-full wp-image-12624 aligncenter\" data-src=\"https:\/\/www.chinatopack.com\/wp-content\/uploads\/2025\/06\/Manufacturer-Custom-Decorative-Square-Shape-Magnetic-Closure-Cardboard-Gift-Packaging-Boxes-with-Leather-Handle5.webp\" alt=\"Fabricant Bo\u00eetes d&#039;emballage cadeau en carton \u00e0 fermeture magn\u00e9tique de forme carr\u00e9e avec poign\u00e9e en cuir\" width=\"800\" height=\"800\" srcset=\"https:\/\/www.chinatopack.com\/wp-content\/uploads\/2025\/06\/Manufacturer-Custom-Decorative-Square-Shape-Magnetic-Closure-Cardboard-Gift-Packaging-Boxes-with-Leather-Handle5.webp 800w, https:\/\/www.chinatopack.com\/wp-content\/uploads\/2025\/06\/Manufacturer-Custom-Decorative-Square-Shape-Magnetic-Closure-Cardboard-Gift-Packaging-Boxes-with-Leather-Handle5-480x480.webp 480w\" sizes=\"(min-width: 0px) and (max-width: 480px) 480px, (min-width: 481px) 800px, 100vw\" \/><\/p>\n<p style=\"text-align: center;\"><a href=\"https:\/\/www.chinatopack.com\/fr\/\"><strong>bo\u00eetes rigides en gros<\/strong><\/a><\/p>\n<p><img loading=\"lazy\" decoding=\"async\" class=\"size-full wp-image-12625 aligncenter\" data-src=\"https:\/\/www.chinatopack.com\/wp-content\/uploads\/2025\/06\/Manufacturer-Custom-Decorative-Square-Shape-Magnetic-Closure-Cardboard-Gift-Packaging-Boxes-with-Leather-Handle6.webp\" alt=\"Fabricant Bo\u00eetes d&#039;emballage cadeau en carton \u00e0 fermeture magn\u00e9tique de forme carr\u00e9e avec poign\u00e9e en cuir\" width=\"800\" height=\"800\" srcset=\"https:\/\/www.chinatopack.com\/wp-content\/uploads\/2025\/06\/Manufacturer-Custom-Decorative-Square-Shape-Magnetic-Closure-Cardboard-Gift-Packaging-Boxes-with-Leather-Handle6.webp 800w, https:\/\/www.chinatopack.com\/wp-content\/uploads\/2025\/06\/Manufacturer-Custom-Decorative-Square-Shape-Magnetic-Closure-Cardboard-Gift-Packaging-Boxes-with-Leather-Handle6-480x480.webp 480w\" sizes=\"(min-width: 0px) and (max-width: 480px) 480px, (min-width: 481px) 800px, 100vw\" \/><\/p>\n<p style=\"text-align: center;\"><a href=\"https:\/\/www.chinatopack.com\/fr\/\"><strong>bo\u00eetes rigides personnalis\u00e9es<\/strong><\/a><\/p>","protected":false},"excerpt":{"rendered":"<p>Une premi\u00e8re impression percutante<br \/>\nQuel que soit le produit que vous vendez, les bo\u00eetes rigides pliables respirent le luxe. Outre leur aspect esth\u00e9tique, leur conception pliable vous permet d'emballer plus facilement vos produits et de faire une bonne premi\u00e8re impression sur vos clients.<\/p>","protected":false},"featured_media":12619,"comment_status":"closed","ping_status":"closed","template":"","meta":{"_et_pb_use_builder":"","_et_pb_old_content":"","_et_gb_content_width":""},"product_cat":[310],"product_tag":[307],"yoast_head":"<!-- This site is optimized with the Yoast SEO plugin v22.7 - https:\/\/yoast.com\/wordpress\/plugins\/seo\/ -->\n<title>Eco Luxury Rigid Job Box Supplier | Custom<\/title>\n<meta name=\"description\" content=\"Rigid Box Supplier: Eco-luxury gift boxes w\/ foil\/embossing &amp; magnetic closures. For jewelry\/cosmetics\/gifting. Craftsmanship since 2003. Request quote!\" \/>\n<meta name=\"robots\" content=\"index, follow, max-snippet:-1, max-image-preview:large, max-video-preview:-1\" \/>\n<link rel=\"canonical\" href=\"https:\/\/www.chinatopack.com\/fr\/produit\/manufacturer-custom-decorative-square-shape-magnetic-closure-cardboard-rigid-job-box-with-leather-handle\/\" \/>\n<meta property=\"og:locale\" content=\"fr_FR\" \/>\n<meta property=\"og:type\" content=\"article\" \/>\n<meta property=\"og:title\" content=\"Eco Luxury Rigid Job Box Supplier | Custom\" \/>\n<meta property=\"og:description\" content=\"Rigid Box Supplier: Eco-luxury gift boxes w\/ foil\/embossing &amp; magnetic closures. For jewelry\/cosmetics\/gifting. Craftsmanship since 2003. Request quote!\" \/>\n<meta property=\"og:url\" content=\"https:\/\/www.chinatopack.com\/fr\/produit\/manufacturer-custom-decorative-square-shape-magnetic-closure-cardboard-rigid-job-box-with-leather-handle\/\" \/>\n<meta property=\"og:site_name\" content=\"TOPACK Paper Boxes\" \/>\n<meta property=\"article:publisher\" content=\"https:\/\/www.facebook.com\/ChinaTopack\/\" \/>\n<meta property=\"article:modified_time\" content=\"2025-08-12T11:18:09+00:00\" \/>\n<meta property=\"og:image\" content=\"https:\/\/www.chinatopack.com\/wp-content\/uploads\/2025\/06\/Manufacturer-Custom-Decorative-Square-Shape-Magnetic-Closure-Cardboard-Gift-Packaging-Boxes-with-Leather-Handle1.webp\" \/>\n\t<meta property=\"og:image:width\" content=\"800\" \/>\n\t<meta property=\"og:image:height\" content=\"800\" \/>\n\t<meta property=\"og:image:type\" content=\"image\/webp\" \/>\n<meta name=\"twitter:card\" content=\"summary_large_image\" \/>\n<meta name=\"twitter:label1\" content=\"Dur\u00e9e de lecture estim\u00e9e\" \/>\n\t<meta name=\"twitter:data1\" content=\"2 minutes\" \/>\n<script type=\"application\/ld+json\" class=\"yoast-schema-graph\">{\"@context\":\"https:\/\/schema.org\",\"@graph\":[{\"@type\":\"WebPage\",\"@id\":\"https:\/\/www.chinatopack.com\/product\/manufacturer-custom-decorative-square-shape-magnetic-closure-cardboard-rigid-job-box-with-leather-handle\/\",\"url\":\"https:\/\/www.chinatopack.com\/product\/manufacturer-custom-decorative-square-shape-magnetic-closure-cardboard-rigid-job-box-with-leather-handle\/\",\"name\":\"Eco Luxury Rigid Job Box Supplier | Custom\",\"isPartOf\":{\"@id\":\"https:\/\/www.chinatopack.com\/#website\"},\"primaryImageOfPage\":{\"@id\":\"https:\/\/www.chinatopack.com\/product\/manufacturer-custom-decorative-square-shape-magnetic-closure-cardboard-rigid-job-box-with-leather-handle\/#primaryimage\"},\"image\":{\"@id\":\"https:\/\/www.chinatopack.com\/product\/manufacturer-custom-decorative-square-shape-magnetic-closure-cardboard-rigid-job-box-with-leather-handle\/#primaryimage\"},\"thumbnailUrl\":\"https:\/\/www.chinatopack.com\/wp-content\/uploads\/2025\/06\/Manufacturer-Custom-Decorative-Square-Shape-Magnetic-Closure-Cardboard-Gift-Packaging-Boxes-with-Leather-Handle1.webp\",\"datePublished\":\"2025-06-16T15:17:55+00:00\",\"dateModified\":\"2025-08-12T11:18:09+00:00\",\"description\":\"Rigid Box Supplier: Eco-luxury gift boxes w\/ foil\/embossing & magnetic closures. For jewelry\/cosmetics\/gifting. Craftsmanship since 2003. Request quote!\",\"breadcrumb\":{\"@id\":\"https:\/\/www.chinatopack.com\/product\/manufacturer-custom-decorative-square-shape-magnetic-closure-cardboard-rigid-job-box-with-leather-handle\/#breadcrumb\"},\"inLanguage\":\"fr-FR\",\"potentialAction\":[{\"@type\":\"ReadAction\",\"target\":[\"https:\/\/www.chinatopack.com\/product\/manufacturer-custom-decorative-square-shape-magnetic-closure-cardboard-rigid-job-box-with-leather-handle\/\"]}]},{\"@type\":\"ImageObject\",\"inLanguage\":\"fr-FR\",\"@id\":\"https:\/\/www.chinatopack.com\/product\/manufacturer-custom-decorative-square-shape-magnetic-closure-cardboard-rigid-job-box-with-leather-handle\/#primaryimage\",\"url\":\"https:\/\/www.chinatopack.com\/wp-content\/uploads\/2025\/06\/Manufacturer-Custom-Decorative-Square-Shape-Magnetic-Closure-Cardboard-Gift-Packaging-Boxes-with-Leather-Handle1.webp\",\"contentUrl\":\"https:\/\/www.chinatopack.com\/wp-content\/uploads\/2025\/06\/Manufacturer-Custom-Decorative-Square-Shape-Magnetic-Closure-Cardboard-Gift-Packaging-Boxes-with-Leather-Handle1.webp\",\"width\":800,\"height\":800,\"caption\":\"Manufacturer Custom Decorative Square Shape Magnetic Closure Cardboard Gift Packaging Boxes with Leather Handle\"},{\"@type\":\"BreadcrumbList\",\"@id\":\"https:\/\/www.chinatopack.com\/product\/manufacturer-custom-decorative-square-shape-magnetic-closure-cardboard-rigid-job-box-with-leather-handle\/#breadcrumb\",\"itemListElement\":[{\"@type\":\"ListItem\",\"position\":1,\"name\":\"Home\",\"item\":\"https:\/\/www.chinatopack.com\/\"},{\"@type\":\"ListItem\",\"position\":2,\"name\":\"Products\",\"item\":\"https:\/\/www.chinatopack.com\/shop\/\"},{\"@type\":\"ListItem\",\"position\":3,\"name\":\"Manufacturer Custom Decorative Square Shape Magnetic Closure Cardboard Rigid Job Box with Leather Handle\"}]},{\"@type\":\"WebSite\",\"@id\":\"https:\/\/www.chinatopack.com\/#website\",\"url\":\"https:\/\/www.chinatopack.com\/\",\"name\":\"TOPACK Paper Boxes\",\"description\":\"\",\"publisher\":{\"@id\":\"https:\/\/www.chinatopack.com\/#organization\"},\"potentialAction\":[{\"@type\":\"SearchAction\",\"target\":{\"@type\":\"EntryPoint\",\"urlTemplate\":\"https:\/\/www.chinatopack.com\/?s={search_term_string}\"},\"query-input\":\"required name=search_term_string\"}],\"inLanguage\":\"fr-FR\"},{\"@type\":\"Organization\",\"@id\":\"https:\/\/www.chinatopack.com\/#organization\",\"name\":\"TOPACK Paper Boxes\",\"url\":\"https:\/\/www.chinatopack.com\/\",\"logo\":{\"@type\":\"ImageObject\",\"inLanguage\":\"fr-FR\",\"@id\":\"https:\/\/www.chinatopack.com\/#\/schema\/logo\/image\/\",\"url\":\"https:\/\/www.chinatopack.com\/wp-content\/uploads\/2025\/11\/logo2.webp\",\"contentUrl\":\"https:\/\/www.chinatopack.com\/wp-content\/uploads\/2025\/11\/logo2.webp\",\"width\":512,\"height\":512,\"caption\":\"TOPACK Paper Boxes\"},\"image\":{\"@id\":\"https:\/\/www.chinatopack.com\/#\/schema\/logo\/image\/\"},\"sameAs\":[\"https:\/\/www.facebook.com\/ChinaTopack\/\",\"https:\/\/www.youtube.com\/@chinatopack\"]}]}<\/script>\n<!-- \/ Yoast SEO plugin. -->","yoast_head_json":{"title":"Eco Luxury Rigid Job Box Supplier | Custom","description":"Rigid Box Supplier: Eco-luxury gift boxes w\/ foil\/embossing & magnetic closures. For jewelry\/cosmetics\/gifting. Craftsmanship since 2003. Request quote!","robots":{"index":"index","follow":"follow","max-snippet":"max-snippet:-1","max-image-preview":"max-image-preview:large","max-video-preview":"max-video-preview:-1"},"canonical":"https:\/\/www.chinatopack.com\/fr\/produit\/manufacturer-custom-decorative-square-shape-magnetic-closure-cardboard-rigid-job-box-with-leather-handle\/","og_locale":"fr_FR","og_type":"article","og_title":"Eco Luxury Rigid Job Box Supplier | Custom","og_description":"Rigid Box Supplier: Eco-luxury gift boxes w\/ foil\/embossing & magnetic closures. For jewelry\/cosmetics\/gifting. Craftsmanship since 2003. Request quote!","og_url":"https:\/\/www.chinatopack.com\/fr\/produit\/manufacturer-custom-decorative-square-shape-magnetic-closure-cardboard-rigid-job-box-with-leather-handle\/","og_site_name":"TOPACK Paper Boxes","article_publisher":"https:\/\/www.facebook.com\/ChinaTopack\/","article_modified_time":"2025-08-12T11:18:09+00:00","og_image":[{"width":800,"height":800,"url":"https:\/\/www.chinatopack.com\/wp-content\/uploads\/2025\/06\/Manufacturer-Custom-Decorative-Square-Shape-Magnetic-Closure-Cardboard-Gift-Packaging-Boxes-with-Leather-Handle1.webp","type":"image\/webp"}],"twitter_card":"summary_large_image","twitter_misc":{"Dur\u00e9e de lecture estim\u00e9e":"2 minutes"},"schema":{"@context":"https:\/\/schema.org","@graph":[{"@type":"WebPage","@id":"https:\/\/www.chinatopack.com\/product\/manufacturer-custom-decorative-square-shape-magnetic-closure-cardboard-rigid-job-box-with-leather-handle\/","url":"https:\/\/www.chinatopack.com\/product\/manufacturer-custom-decorative-square-shape-magnetic-closure-cardboard-rigid-job-box-with-leather-handle\/","name":"Eco Luxury Rigid Job Box Supplier | Custom","isPartOf":{"@id":"https:\/\/www.chinatopack.com\/#website"},"primaryImageOfPage":{"@id":"https:\/\/www.chinatopack.com\/product\/manufacturer-custom-decorative-square-shape-magnetic-closure-cardboard-rigid-job-box-with-leather-handle\/#primaryimage"},"image":{"@id":"https:\/\/www.chinatopack.com\/product\/manufacturer-custom-decorative-square-shape-magnetic-closure-cardboard-rigid-job-box-with-leather-handle\/#primaryimage"},"thumbnailUrl":"https:\/\/www.chinatopack.com\/wp-content\/uploads\/2025\/06\/Manufacturer-Custom-Decorative-Square-Shape-Magnetic-Closure-Cardboard-Gift-Packaging-Boxes-with-Leather-Handle1.webp","datePublished":"2025-06-16T15:17:55+00:00","dateModified":"2025-08-12T11:18:09+00:00","description":"Rigid Box Supplier: Eco-luxury gift boxes w\/ foil\/embossing & magnetic closures. For jewelry\/cosmetics\/gifting. Craftsmanship since 2003. Request quote!","breadcrumb":{"@id":"https:\/\/www.chinatopack.com\/product\/manufacturer-custom-decorative-square-shape-magnetic-closure-cardboard-rigid-job-box-with-leather-handle\/#breadcrumb"},"inLanguage":"fr-FR","potentialAction":[{"@type":"ReadAction","target":["https:\/\/www.chinatopack.com\/product\/manufacturer-custom-decorative-square-shape-magnetic-closure-cardboard-rigid-job-box-with-leather-handle\/"]}]},{"@type":"ImageObject","inLanguage":"fr-FR","@id":"https:\/\/www.chinatopack.com\/product\/manufacturer-custom-decorative-square-shape-magnetic-closure-cardboard-rigid-job-box-with-leather-handle\/#primaryimage","url":"https:\/\/www.chinatopack.com\/wp-content\/uploads\/2025\/06\/Manufacturer-Custom-Decorative-Square-Shape-Magnetic-Closure-Cardboard-Gift-Packaging-Boxes-with-Leather-Handle1.webp","contentUrl":"https:\/\/www.chinatopack.com\/wp-content\/uploads\/2025\/06\/Manufacturer-Custom-Decorative-Square-Shape-Magnetic-Closure-Cardboard-Gift-Packaging-Boxes-with-Leather-Handle1.webp","width":800,"height":800,"caption":"Manufacturer Custom Decorative Square Shape Magnetic Closure Cardboard Gift Packaging Boxes with Leather Handle"},{"@type":"BreadcrumbList","@id":"https:\/\/www.chinatopack.com\/product\/manufacturer-custom-decorative-square-shape-magnetic-closure-cardboard-rigid-job-box-with-leather-handle\/#breadcrumb","itemListElement":[{"@type":"ListItem","position":1,"name":"Home","item":"https:\/\/www.chinatopack.com\/"},{"@type":"ListItem","position":2,"name":"Products","item":"https:\/\/www.chinatopack.com\/shop\/"},{"@type":"ListItem","position":3,"name":"Manufacturer Custom Decorative Square Shape Magnetic Closure Cardboard Rigid Job Box with Leather Handle"}]},{"@type":"WebSite","@id":"https:\/\/www.chinatopack.com\/#website","url":"https:\/\/www.chinatopack.com\/","name":"TOPACK Paper Boxes","description":"","publisher":{"@id":"https:\/\/www.chinatopack.com\/#organization"},"potentialAction":[{"@type":"SearchAction","target":{"@type":"EntryPoint","urlTemplate":"https:\/\/www.chinatopack.com\/?s={search_term_string}"},"query-input":"required name=search_term_string"}],"inLanguage":"fr-FR"},{"@type":"Organization","@id":"https:\/\/www.chinatopack.com\/#organization","name":"TOPACK Paper Boxes","url":"https:\/\/www.chinatopack.com\/","logo":{"@type":"ImageObject","inLanguage":"fr-FR","@id":"https:\/\/www.chinatopack.com\/#\/schema\/logo\/image\/","url":"https:\/\/www.chinatopack.com\/wp-content\/uploads\/2025\/11\/logo2.webp","contentUrl":"https:\/\/www.chinatopack.com\/wp-content\/uploads\/2025\/11\/logo2.webp","width":512,"height":512,"caption":"TOPACK Paper Boxes"},"image":{"@id":"https:\/\/www.chinatopack.com\/#\/schema\/logo\/image\/"},"sameAs":["https:\/\/www.facebook.com\/ChinaTopack\/","https:\/\/www.youtube.com\/@chinatopack"]}]}},"_links":{"self":[{"href":"https:\/\/www.chinatopack.com\/fr\/wp-json\/wp\/v2\/product\/12618"}],"collection":[{"href":"https:\/\/www.chinatopack.com\/fr\/wp-json\/wp\/v2\/product"}],"about":[{"href":"https:\/\/www.chinatopack.com\/fr\/wp-json\/wp\/v2\/types\/product"}],"replies":[{"embeddable":true,"href":"https:\/\/www.chinatopack.com\/fr\/wp-json\/wp\/v2\/comments?post=12618"}],"wp:featuredmedia":[{"embeddable":true,"href":"https:\/\/www.chinatopack.com\/fr\/wp-json\/wp\/v2\/media\/12619"}],"wp:attachment":[{"href":"https:\/\/www.chinatopack.com\/fr\/wp-json\/wp\/v2\/media?parent=12618"}],"wp:term":[{"taxonomy":"product_cat","embeddable":true,"href":"https:\/\/www.chinatopack.com\/fr\/wp-json\/wp\/v2\/product_cat?post=12618"},{"taxonomy":"product_tag","embeddable":true,"href":"https:\/\/www.chinatopack.com\/fr\/wp-json\/wp\/v2\/product_tag?post=12618"}],"curies":[{"name":"wp","href":"https:\/\/api.w.org\/{rel}","templated":true}]}}