{"id":12717,"date":"2025-07-31T08:00:05","date_gmt":"2025-07-31T08:00:05","guid":{"rendered":"https:\/\/www.chinatopack.com\/?post_type=product&#038;p=12717"},"modified":"2025-08-08T14:42:33","modified_gmt":"2025-08-08T14:42:33","slug":"custom-set-up-rigid-tool-boxes","status":"publish","type":"product","link":"https:\/\/www.chinatopack.com\/fr\/produit\/custom-set-up-rigid-tool-boxes\/","title":{"rendered":"Bo\u00eetes \u00e0 outils rigides sur mesure"},"content":{"rendered":"<h2>Description des bo\u00eetes \u00e0 outils rigides<\/h2>\n<p><strong>Mise en place <a href=\"https:\/\/www.chinatopack.com\/fr\/produit\/custom-set-up-rigid-tool-boxes\/\">Bo\u00eetes \u00e0 outils rigides<\/a><\/strong> sont des emballages de choix pour les vendeurs de chocolats, de cartes de v\u0153ux, de bijoux, de couverts, de bougies et de bien d'autres produits soucieux de leur image. \u00c0 la fois robustes et attrayants, ils tiennent bien dans la main et conf\u00e8rent un air de qualit\u00e9 \u00e0 leur contenu. Une belle configuration <a href=\"https:\/\/www.chinatopack.com\/fr\/products\/\"><strong>bo\u00eetes rigides<\/strong><\/a> sont conserv\u00e9s, r\u00e9utilis\u00e9s et souvent transmis avec des souvenirs personnels et des bibelots. C'est un moyen id\u00e9al de maintenir votre marque \u00e0 la vue du public !<\/p>\n<p>Nous sommes l'un des professionnels <a href=\"https:\/\/www.chinatopack.com\/fr\/\"><strong>fabricants de bo\u00eetes rigides<\/strong><\/a>\u00a0avec plus de 20 ans d'exp\u00e9rience en tant que fabricant en Chine, et tels que <a href=\"https:\/\/www.chinatopack.com\/fr\/about-us\/\"><strong>fournisseurs de bo\u00eetes rigides<\/strong><\/a> comme nous pourraient servir des clients dans le monde entier.<\/p>\n<p>Les bo\u00eetes rigides offrent des possibilit\u00e9s illimit\u00e9es en raison de la vari\u00e9t\u00e9 des papiers, des impressions, des dorures et des accessoires d\u00e9coratifs disponibles. Qu'il s'agisse d'une version imprim\u00e9e personnalis\u00e9e de notre bo\u00eete \u00e0 bonbons standard ou d'un nouveau design de votre propre cr\u00e9ation, nous vous aiderons \u00e0 passer du concept \u00e0 la r\u00e9alit\u00e9.<\/p>\n<h2>Photos des produits<\/h2>\n<p><img loading=\"lazy\" decoding=\"async\" class=\"size-full wp-image-12724 aligncenter\" data-src=\"https:\/\/www.chinatopack.com\/wp-content\/uploads\/2025\/07\/Custom-Set-Up-Boxes5.webp\" alt=\"Bo\u00eetes de montage personnalis\u00e9es\" width=\"1100\" height=\"1100\" srcset=\"https:\/\/www.chinatopack.com\/wp-content\/uploads\/2025\/07\/Custom-Set-Up-Boxes5.webp 1100w, https:\/\/www.chinatopack.com\/wp-content\/uploads\/2025\/07\/Custom-Set-Up-Boxes5-980x980.webp 980w, https:\/\/www.chinatopack.com\/wp-content\/uploads\/2025\/07\/Custom-Set-Up-Boxes5-480x480.webp 480w\" sizes=\"(min-width: 0px) and (max-width: 480px) 480px, (min-width: 481px) and (max-width: 980px) 980px, (min-width: 981px) 1100px, 100vw\" \/> <img loading=\"lazy\" decoding=\"async\" class=\"size-full wp-image-12721 aligncenter\" data-src=\"https:\/\/www.chinatopack.com\/wp-content\/uploads\/2025\/07\/Custom-Set-Up-Boxes2.webp\" alt=\"Bo\u00eetes de montage personnalis\u00e9es\" width=\"1100\" height=\"1100\" srcset=\"https:\/\/www.chinatopack.com\/wp-content\/uploads\/2025\/07\/Custom-Set-Up-Boxes2.webp 1100w, https:\/\/www.chinatopack.com\/wp-content\/uploads\/2025\/07\/Custom-Set-Up-Boxes2-980x980.webp 980w, https:\/\/www.chinatopack.com\/wp-content\/uploads\/2025\/07\/Custom-Set-Up-Boxes2-480x480.webp 480w\" sizes=\"(min-width: 0px) and (max-width: 480px) 480px, (min-width: 481px) and (max-width: 980px) 980px, (min-width: 981px) 1100px, 100vw\" \/><\/p>","protected":false},"excerpt":{"rendered":"<p>Les bo\u00eetes rigides, id\u00e9ales pour les chocolats, les bijoux, etc., sont robustes, attrayantes et r\u00e9utilisables, ce qui renforce la visibilit\u00e9 de la marque. Fabricant chinois depuis plus de 20 ans, nous offrons diverses possibilit\u00e9s de personnalisation (papier, impression, etc.), transformant ainsi des concepts en r\u00e9alit\u00e9 pour des clients du monde entier.<\/p>","protected":false},"featured_media":12720,"comment_status":"closed","ping_status":"closed","template":"","meta":{"_et_pb_use_builder":"","_et_pb_old_content":"","_et_gb_content_width":""},"product_cat":[310],"product_tag":[307],"yoast_head":"<!-- This site is optimized with the Yoast SEO plugin v22.7 - https:\/\/yoast.com\/wordpress\/plugins\/seo\/ -->\n<title>Custom Rigid Tool Box Supplier<\/title>\n<meta name=\"description\" content=\"20+ Yrs Rigid Tool Box Supplier: Premium foil-stamping boxes for chocolate\/jewelry brands. Global manufacturer custom printing. Request a quote!\" \/>\n<meta name=\"robots\" content=\"index, follow, max-snippet:-1, max-image-preview:large, max-video-preview:-1\" \/>\n<link rel=\"canonical\" href=\"https:\/\/www.chinatopack.com\/fr\/produit\/custom-set-up-rigid-tool-boxes\/\" \/>\n<meta property=\"og:locale\" content=\"fr_FR\" \/>\n<meta property=\"og:type\" content=\"article\" \/>\n<meta property=\"og:title\" content=\"Custom Rigid Tool Box Supplier\" \/>\n<meta property=\"og:description\" content=\"20+ Yrs Rigid Tool Box Supplier: Premium foil-stamping boxes for chocolate\/jewelry brands. Global manufacturer custom printing. Request a quote!\" \/>\n<meta property=\"og:url\" content=\"https:\/\/www.chinatopack.com\/fr\/produit\/custom-set-up-rigid-tool-boxes\/\" \/>\n<meta property=\"og:site_name\" content=\"TOPACK Paper Boxes\" \/>\n<meta property=\"article:publisher\" content=\"https:\/\/www.facebook.com\/ChinaTopack\/\" \/>\n<meta property=\"article:modified_time\" content=\"2025-08-08T14:42:33+00:00\" \/>\n<meta property=\"og:image\" content=\"https:\/\/www.chinatopack.com\/wp-content\/uploads\/2025\/07\/Custom-Set-Up-Boxes1.webp\" \/>\n\t<meta property=\"og:image:width\" content=\"1100\" \/>\n\t<meta property=\"og:image:height\" content=\"1100\" \/>\n\t<meta property=\"og:image:type\" content=\"image\/webp\" \/>\n<meta name=\"twitter:card\" content=\"summary_large_image\" \/>\n<meta name=\"twitter:label1\" content=\"Dur\u00e9e de lecture estim\u00e9e\" \/>\n\t<meta name=\"twitter:data1\" content=\"2 minutes\" \/>\n<script type=\"application\/ld+json\" class=\"yoast-schema-graph\">{\"@context\":\"https:\/\/schema.org\",\"@graph\":[{\"@type\":\"WebPage\",\"@id\":\"https:\/\/www.chinatopack.com\/product\/custom-set-up-rigid-tool-boxes\/\",\"url\":\"https:\/\/www.chinatopack.com\/product\/custom-set-up-rigid-tool-boxes\/\",\"name\":\"Custom Rigid Tool Box Supplier\",\"isPartOf\":{\"@id\":\"https:\/\/www.chinatopack.com\/#website\"},\"primaryImageOfPage\":{\"@id\":\"https:\/\/www.chinatopack.com\/product\/custom-set-up-rigid-tool-boxes\/#primaryimage\"},\"image\":{\"@id\":\"https:\/\/www.chinatopack.com\/product\/custom-set-up-rigid-tool-boxes\/#primaryimage\"},\"thumbnailUrl\":\"https:\/\/www.chinatopack.com\/wp-content\/uploads\/2025\/07\/Custom-Set-Up-Boxes1.webp\",\"datePublished\":\"2025-07-31T08:00:05+00:00\",\"dateModified\":\"2025-08-08T14:42:33+00:00\",\"description\":\"20+ Yrs Rigid Tool Box Supplier: Premium foil-stamping boxes for chocolate\/jewelry brands. Global manufacturer custom printing. Request a quote!\",\"breadcrumb\":{\"@id\":\"https:\/\/www.chinatopack.com\/product\/custom-set-up-rigid-tool-boxes\/#breadcrumb\"},\"inLanguage\":\"fr-FR\",\"potentialAction\":[{\"@type\":\"ReadAction\",\"target\":[\"https:\/\/www.chinatopack.com\/product\/custom-set-up-rigid-tool-boxes\/\"]}]},{\"@type\":\"ImageObject\",\"inLanguage\":\"fr-FR\",\"@id\":\"https:\/\/www.chinatopack.com\/product\/custom-set-up-rigid-tool-boxes\/#primaryimage\",\"url\":\"https:\/\/www.chinatopack.com\/wp-content\/uploads\/2025\/07\/Custom-Set-Up-Boxes1.webp\",\"contentUrl\":\"https:\/\/www.chinatopack.com\/wp-content\/uploads\/2025\/07\/Custom-Set-Up-Boxes1.webp\",\"width\":1100,\"height\":1100,\"caption\":\"Custom Set-Up Boxes\"},{\"@type\":\"BreadcrumbList\",\"@id\":\"https:\/\/www.chinatopack.com\/product\/custom-set-up-rigid-tool-boxes\/#breadcrumb\",\"itemListElement\":[{\"@type\":\"ListItem\",\"position\":1,\"name\":\"Home\",\"item\":\"https:\/\/www.chinatopack.com\/\"},{\"@type\":\"ListItem\",\"position\":2,\"name\":\"Products\",\"item\":\"https:\/\/www.chinatopack.com\/shop\/\"},{\"@type\":\"ListItem\",\"position\":3,\"name\":\"Custom Set-Up Rigid Tool Boxes\"}]},{\"@type\":\"WebSite\",\"@id\":\"https:\/\/www.chinatopack.com\/#website\",\"url\":\"https:\/\/www.chinatopack.com\/\",\"name\":\"TOPACK Paper Boxes\",\"description\":\"\",\"publisher\":{\"@id\":\"https:\/\/www.chinatopack.com\/#organization\"},\"potentialAction\":[{\"@type\":\"SearchAction\",\"target\":{\"@type\":\"EntryPoint\",\"urlTemplate\":\"https:\/\/www.chinatopack.com\/?s={search_term_string}\"},\"query-input\":\"required name=search_term_string\"}],\"inLanguage\":\"fr-FR\"},{\"@type\":\"Organization\",\"@id\":\"https:\/\/www.chinatopack.com\/#organization\",\"name\":\"TOPACK Paper Boxes\",\"url\":\"https:\/\/www.chinatopack.com\/\",\"logo\":{\"@type\":\"ImageObject\",\"inLanguage\":\"fr-FR\",\"@id\":\"https:\/\/www.chinatopack.com\/#\/schema\/logo\/image\/\",\"url\":\"https:\/\/www.chinatopack.com\/wp-content\/uploads\/2025\/11\/logo2.webp\",\"contentUrl\":\"https:\/\/www.chinatopack.com\/wp-content\/uploads\/2025\/11\/logo2.webp\",\"width\":512,\"height\":512,\"caption\":\"TOPACK Paper Boxes\"},\"image\":{\"@id\":\"https:\/\/www.chinatopack.com\/#\/schema\/logo\/image\/\"},\"sameAs\":[\"https:\/\/www.facebook.com\/ChinaTopack\/\",\"https:\/\/www.youtube.com\/@chinatopack\"]}]}<\/script>\n<!-- \/ Yoast SEO plugin. -->","yoast_head_json":{"title":"Custom Rigid Tool Box Supplier","description":"20+ Yrs Rigid Tool Box Supplier: Premium foil-stamping boxes for chocolate\/jewelry brands. Global manufacturer custom printing. Request a quote!","robots":{"index":"index","follow":"follow","max-snippet":"max-snippet:-1","max-image-preview":"max-image-preview:large","max-video-preview":"max-video-preview:-1"},"canonical":"https:\/\/www.chinatopack.com\/fr\/produit\/custom-set-up-rigid-tool-boxes\/","og_locale":"fr_FR","og_type":"article","og_title":"Custom Rigid Tool Box Supplier","og_description":"20+ Yrs Rigid Tool Box Supplier: Premium foil-stamping boxes for chocolate\/jewelry brands. Global manufacturer custom printing. Request a quote!","og_url":"https:\/\/www.chinatopack.com\/fr\/produit\/custom-set-up-rigid-tool-boxes\/","og_site_name":"TOPACK Paper Boxes","article_publisher":"https:\/\/www.facebook.com\/ChinaTopack\/","article_modified_time":"2025-08-08T14:42:33+00:00","og_image":[{"width":1100,"height":1100,"url":"https:\/\/www.chinatopack.com\/wp-content\/uploads\/2025\/07\/Custom-Set-Up-Boxes1.webp","type":"image\/webp"}],"twitter_card":"summary_large_image","twitter_misc":{"Dur\u00e9e de lecture estim\u00e9e":"2 minutes"},"schema":{"@context":"https:\/\/schema.org","@graph":[{"@type":"WebPage","@id":"https:\/\/www.chinatopack.com\/product\/custom-set-up-rigid-tool-boxes\/","url":"https:\/\/www.chinatopack.com\/product\/custom-set-up-rigid-tool-boxes\/","name":"Custom Rigid Tool Box Supplier","isPartOf":{"@id":"https:\/\/www.chinatopack.com\/#website"},"primaryImageOfPage":{"@id":"https:\/\/www.chinatopack.com\/product\/custom-set-up-rigid-tool-boxes\/#primaryimage"},"image":{"@id":"https:\/\/www.chinatopack.com\/product\/custom-set-up-rigid-tool-boxes\/#primaryimage"},"thumbnailUrl":"https:\/\/www.chinatopack.com\/wp-content\/uploads\/2025\/07\/Custom-Set-Up-Boxes1.webp","datePublished":"2025-07-31T08:00:05+00:00","dateModified":"2025-08-08T14:42:33+00:00","description":"20+ Yrs Rigid Tool Box Supplier: Premium foil-stamping boxes for chocolate\/jewelry brands. Global manufacturer custom printing. Request a quote!","breadcrumb":{"@id":"https:\/\/www.chinatopack.com\/product\/custom-set-up-rigid-tool-boxes\/#breadcrumb"},"inLanguage":"fr-FR","potentialAction":[{"@type":"ReadAction","target":["https:\/\/www.chinatopack.com\/product\/custom-set-up-rigid-tool-boxes\/"]}]},{"@type":"ImageObject","inLanguage":"fr-FR","@id":"https:\/\/www.chinatopack.com\/product\/custom-set-up-rigid-tool-boxes\/#primaryimage","url":"https:\/\/www.chinatopack.com\/wp-content\/uploads\/2025\/07\/Custom-Set-Up-Boxes1.webp","contentUrl":"https:\/\/www.chinatopack.com\/wp-content\/uploads\/2025\/07\/Custom-Set-Up-Boxes1.webp","width":1100,"height":1100,"caption":"Custom Set-Up Boxes"},{"@type":"BreadcrumbList","@id":"https:\/\/www.chinatopack.com\/product\/custom-set-up-rigid-tool-boxes\/#breadcrumb","itemListElement":[{"@type":"ListItem","position":1,"name":"Home","item":"https:\/\/www.chinatopack.com\/"},{"@type":"ListItem","position":2,"name":"Products","item":"https:\/\/www.chinatopack.com\/shop\/"},{"@type":"ListItem","position":3,"name":"Custom Set-Up Rigid Tool Boxes"}]},{"@type":"WebSite","@id":"https:\/\/www.chinatopack.com\/#website","url":"https:\/\/www.chinatopack.com\/","name":"TOPACK Paper Boxes","description":"","publisher":{"@id":"https:\/\/www.chinatopack.com\/#organization"},"potentialAction":[{"@type":"SearchAction","target":{"@type":"EntryPoint","urlTemplate":"https:\/\/www.chinatopack.com\/?s={search_term_string}"},"query-input":"required name=search_term_string"}],"inLanguage":"fr-FR"},{"@type":"Organization","@id":"https:\/\/www.chinatopack.com\/#organization","name":"TOPACK Paper Boxes","url":"https:\/\/www.chinatopack.com\/","logo":{"@type":"ImageObject","inLanguage":"fr-FR","@id":"https:\/\/www.chinatopack.com\/#\/schema\/logo\/image\/","url":"https:\/\/www.chinatopack.com\/wp-content\/uploads\/2025\/11\/logo2.webp","contentUrl":"https:\/\/www.chinatopack.com\/wp-content\/uploads\/2025\/11\/logo2.webp","width":512,"height":512,"caption":"TOPACK Paper Boxes"},"image":{"@id":"https:\/\/www.chinatopack.com\/#\/schema\/logo\/image\/"},"sameAs":["https:\/\/www.facebook.com\/ChinaTopack\/","https:\/\/www.youtube.com\/@chinatopack"]}]}},"_links":{"self":[{"href":"https:\/\/www.chinatopack.com\/fr\/wp-json\/wp\/v2\/product\/12717"}],"collection":[{"href":"https:\/\/www.chinatopack.com\/fr\/wp-json\/wp\/v2\/product"}],"about":[{"href":"https:\/\/www.chinatopack.com\/fr\/wp-json\/wp\/v2\/types\/product"}],"replies":[{"embeddable":true,"href":"https:\/\/www.chinatopack.com\/fr\/wp-json\/wp\/v2\/comments?post=12717"}],"wp:featuredmedia":[{"embeddable":true,"href":"https:\/\/www.chinatopack.com\/fr\/wp-json\/wp\/v2\/media\/12720"}],"wp:attachment":[{"href":"https:\/\/www.chinatopack.com\/fr\/wp-json\/wp\/v2\/media?parent=12717"}],"wp:term":[{"taxonomy":"product_cat","embeddable":true,"href":"https:\/\/www.chinatopack.com\/fr\/wp-json\/wp\/v2\/product_cat?post=12717"},{"taxonomy":"product_tag","embeddable":true,"href":"https:\/\/www.chinatopack.com\/fr\/wp-json\/wp\/v2\/product_tag?post=12717"}],"curies":[{"name":"wp","href":"https:\/\/api.w.org\/{rel}","templated":true}]}}