{"id":12725,"date":"2025-07-31T08:31:51","date_gmt":"2025-07-31T08:31:51","guid":{"rendered":"https:\/\/www.chinatopack.com\/?post_type=product&#038;p=12725"},"modified":"2025-08-12T08:50:59","modified_gmt":"2025-08-12T08:50:59","slug":"premium-white-gift-boxes-for-exceptional","status":"publish","type":"product","link":"https:\/\/www.chinatopack.com\/fr\/produit\/premium-white-gift-boxes-for-exceptional\/","title":{"rendered":"Bo\u00eetes \u00e0 cadeaux blanches de qualit\u00e9 sup\u00e9rieure pour un No\u00ebl d'exception"},"content":{"rendered":"<h2>Bo\u00eete cadeau de No\u00ebl de qualit\u00e9 sup\u00e9rieure pour une pr\u00e9sentation exceptionnelle du produit<\/h2>\n<p>Transformez la pr\u00e9sentation de vos produits avec notre Premium <a href=\"https:\/\/www.chinatopack.com\/fr\/produit\/premium-white-gift-boxes-for-exceptional\/\"><strong>Bo\u00eete cadeau No\u00ebl<\/strong><\/a>Ces mod\u00e8les sont con\u00e7us pour impressionner d\u00e8s le premier coup d'\u0153il. Ces produits m\u00e9ticuleusement <a href=\"https:\/\/www.chinatopack.com\/fr\/category\/gift-box\/\"><strong>coffrets cadeaux pour les f\u00eates de fin d'ann\u00e9e<\/strong><\/a> offer a luxurious unboxing experience, making them the perfect choice for high-end retail items, exclusive subscription services, and boutique e-commerce brands. Available in a range of striking colors and finishes, our setup boxes not only capture attention but also elevate your brand&#8217;s presence.<\/p>\n<h2>Pourquoi nos bo\u00eetes de montage se distinguent-elles ?<\/h2>\n<h3>Mat\u00e9riau de haute qualit\u00e9<\/h3>\n<p>Fabriqu\u00e9 en carton durable, notre set <a href=\"https:\/\/www.chinatopack.com\/fr\/\"><strong>bo\u00eetes cadeaux kraft<\/strong><\/a> offrent une protection solide \u00e0 vos produits tout en garantissant une pr\u00e9sentation visuelle \u00e9tonnante. Ce mat\u00e9riau est parfait pour mettre en valeur des motifs complexes et des impressions \u00e9clatantes. Ces bo\u00eetes sont \u00e9galement fabriqu\u00e9es \u00e0 partir de mat\u00e9riaux issus du d\u00e9veloppement durable. Toutefois, en raison de leur rev\u00eatement stratifi\u00e9, elles ne sont pas recyclables.<\/p>\n<h3>Options de taille polyvalentes<\/h3>\n<p>En tant que l'un des <a href=\"https:\/\/www.chinatopack.com\/fr\/about-us\/\"><strong>fabricants de coffrets cadeaux<\/strong><\/a>Nos bo\u00eetes d'installation sont disponibles en plusieurs tailles pour s'adapter \u00e0 un large \u00e9ventail de produits, ce qui vous permet de choisir celle qui convient le mieux \u00e0 votre offre :<\/p>\n<ul>\n<li>3.5&#8243; x 3.5&#8243; x 1&#8243; &#8211; Ideal for small trinkets, jewelry, or premium chocolates.<\/li>\n<li>7&#8243; x 5&#8243; x 1.5&#8243; &#8211; Great for compact electronics, gift items, or specialty foods.<\/li>\n<li>8&#8243; x 5&#8243; x 3&#8243; &#8211; Suitable for medium products like candles, beauty products, or apparel.<\/li>\n<li>10&#8243; x 7.75&#8243; x 2.5&#8243; &#8211; Perfect for larger gifts, tech gadgets, or subscription boxes.<\/li>\n<li>12&#8243; x 10&#8243; x 2.5&#8243; &#8211; Designed for bulky items such as home decor, larger cosmetics, or promotional materials.<\/li>\n<\/ul>\n<h3>\u00a0Des touches finales \u00e9l\u00e9gantes<strong><br \/>\n<\/strong><\/h3>\n<p>Am\u00e9liorez votre emballage gr\u00e2ce \u00e0 nos options de finition haut de gamme :<\/p>\n<ul>\n<li>None &#8211; Maintains the clean satin look and smooth feel of the litho paper wrap.<\/li>\n<li>Matte Lamination &#8211; Provides a sophisticated look, reducing glare while adding an elegant touch.<\/li>\n<li>Gloss Lamination &#8211; Delivers a vibrant, reflective surface that enhances color depth and draws attention to your brand.<\/li>\n<li>Soft-Touch Lamination &#8211; Offers a luxurious, velvety feel that adds a tactile dimension to your packaging.<\/li>\n<\/ul>\n<h2>D\u00e9tails du produit Pics<\/h2>\n<p><img loading=\"lazy\" decoding=\"async\" class=\"size-full wp-image-12733 aligncenter\" data-src=\"https:\/\/www.chinatopack.com\/wp-content\/uploads\/2025\/07\/Premium-White-Gift-Boxes-for-Exceptional7.webp\" alt=\"Bo\u00eetes-cadeaux blanches de qualit\u00e9 sup\u00e9rieure pour des\" width=\"1100\" height=\"1100\" srcset=\"https:\/\/www.chinatopack.com\/wp-content\/uploads\/2025\/07\/Premium-White-Gift-Boxes-for-Exceptional7.webp 1100w, https:\/\/www.chinatopack.com\/wp-content\/uploads\/2025\/07\/Premium-White-Gift-Boxes-for-Exceptional7-980x980.webp 980w, https:\/\/www.chinatopack.com\/wp-content\/uploads\/2025\/07\/Premium-White-Gift-Boxes-for-Exceptional7-480x480.webp 480w\" sizes=\"(min-width: 0px) and (max-width: 480px) 480px, (min-width: 481px) and (max-width: 980px) 980px, (min-width: 981px) 1100px, 100vw\" \/> <img loading=\"lazy\" decoding=\"async\" class=\"size-full wp-image-12734 aligncenter\" data-src=\"https:\/\/www.chinatopack.com\/wp-content\/uploads\/2025\/07\/Premium-White-Gift-Boxes-for-Exceptional8.webp\" alt=\"Bo\u00eetes-cadeaux blanches de qualit\u00e9 sup\u00e9rieure pour des\" width=\"1100\" height=\"1100\" srcset=\"https:\/\/www.chinatopack.com\/wp-content\/uploads\/2025\/07\/Premium-White-Gift-Boxes-for-Exceptional8.webp 1100w, https:\/\/www.chinatopack.com\/wp-content\/uploads\/2025\/07\/Premium-White-Gift-Boxes-for-Exceptional8-980x980.webp 980w, https:\/\/www.chinatopack.com\/wp-content\/uploads\/2025\/07\/Premium-White-Gift-Boxes-for-Exceptional8-480x480.webp 480w\" sizes=\"(min-width: 0px) and (max-width: 480px) 480px, (min-width: 481px) and (max-width: 980px) 980px, (min-width: 981px) 1100px, 100vw\" \/><\/p>","protected":false},"excerpt":{"rendered":"<p>Bo\u00eetes-cadeaux de No\u00ebl de qualit\u00e9 sup\u00e9rieure, en carton durable, de formats vari\u00e9s, aux finitions \u00e9l\u00e9gantes (mate, brillante, soft-touch). Am\u00e9liorez vos pr\u00e9sentations pour les magasins de luxe, les abonnements, etc.<\/p>","protected":false},"featured_media":12727,"comment_status":"closed","ping_status":"closed","template":"","meta":{"_et_pb_use_builder":"","_et_pb_old_content":"","_et_gb_content_width":""},"product_cat":[281],"product_tag":[288,292],"yoast_head":"<!-- This site is optimized with the Yoast SEO plugin v22.7 - https:\/\/yoast.com\/wordpress\/plugins\/seo\/ -->\n<title>Premium Christmas White Gift Boxes Supplier | Multi-Size<\/title>\n<meta name=\"description\" content=\"Christmas White Gift Boxes Supplier: Luxury multi-size setup boxes w\/ matte\/gloss\/soft-touch finishes. Wholesale for retail\/e-commerce. Rigorous QC. Request quote!\" \/>\n<meta name=\"robots\" content=\"index, follow, max-snippet:-1, max-image-preview:large, max-video-preview:-1\" \/>\n<link rel=\"canonical\" href=\"https:\/\/www.chinatopack.com\/fr\/produit\/premium-white-gift-boxes-for-exceptional\/\" \/>\n<meta property=\"og:locale\" content=\"fr_FR\" \/>\n<meta property=\"og:type\" content=\"article\" \/>\n<meta property=\"og:title\" content=\"Premium Christmas White Gift Boxes Supplier | Multi-Size\" \/>\n<meta property=\"og:description\" content=\"Christmas White Gift Boxes Supplier: Luxury multi-size setup boxes w\/ matte\/gloss\/soft-touch finishes. Wholesale for retail\/e-commerce. Rigorous QC. Request quote!\" \/>\n<meta property=\"og:url\" content=\"https:\/\/www.chinatopack.com\/fr\/produit\/premium-white-gift-boxes-for-exceptional\/\" \/>\n<meta property=\"og:site_name\" content=\"TOPACK Paper Boxes\" \/>\n<meta property=\"article:publisher\" content=\"https:\/\/www.facebook.com\/ChinaTopack\/\" \/>\n<meta property=\"article:modified_time\" content=\"2025-08-12T08:50:59+00:00\" \/>\n<meta property=\"og:image\" content=\"https:\/\/www.chinatopack.com\/wp-content\/uploads\/2025\/07\/Premium-White-Gift-Boxes-for-Exceptional1.webp\" \/>\n\t<meta property=\"og:image:width\" content=\"1100\" \/>\n\t<meta property=\"og:image:height\" content=\"1100\" \/>\n\t<meta property=\"og:image:type\" content=\"image\/webp\" \/>\n<meta name=\"twitter:card\" content=\"summary_large_image\" \/>\n<meta name=\"twitter:label1\" content=\"Dur\u00e9e de lecture estim\u00e9e\" \/>\n\t<meta name=\"twitter:data1\" content=\"2 minutes\" \/>\n<script type=\"application\/ld+json\" class=\"yoast-schema-graph\">{\"@context\":\"https:\/\/schema.org\",\"@graph\":[{\"@type\":\"WebPage\",\"@id\":\"https:\/\/www.chinatopack.com\/product\/premium-white-gift-boxes-for-exceptional\/\",\"url\":\"https:\/\/www.chinatopack.com\/product\/premium-white-gift-boxes-for-exceptional\/\",\"name\":\"Premium Christmas White Gift Boxes Supplier | Multi-Size\",\"isPartOf\":{\"@id\":\"https:\/\/www.chinatopack.com\/#website\"},\"primaryImageOfPage\":{\"@id\":\"https:\/\/www.chinatopack.com\/product\/premium-white-gift-boxes-for-exceptional\/#primaryimage\"},\"image\":{\"@id\":\"https:\/\/www.chinatopack.com\/product\/premium-white-gift-boxes-for-exceptional\/#primaryimage\"},\"thumbnailUrl\":\"https:\/\/www.chinatopack.com\/wp-content\/uploads\/2025\/07\/Premium-White-Gift-Boxes-for-Exceptional1.webp\",\"datePublished\":\"2025-07-31T08:31:51+00:00\",\"dateModified\":\"2025-08-12T08:50:59+00:00\",\"description\":\"Christmas White Gift Boxes Supplier: Luxury multi-size setup boxes w\/ matte\/gloss\/soft-touch finishes. Wholesale for retail\/e-commerce. Rigorous QC. Request quote!\",\"breadcrumb\":{\"@id\":\"https:\/\/www.chinatopack.com\/product\/premium-white-gift-boxes-for-exceptional\/#breadcrumb\"},\"inLanguage\":\"fr-FR\",\"potentialAction\":[{\"@type\":\"ReadAction\",\"target\":[\"https:\/\/www.chinatopack.com\/product\/premium-white-gift-boxes-for-exceptional\/\"]}]},{\"@type\":\"ImageObject\",\"inLanguage\":\"fr-FR\",\"@id\":\"https:\/\/www.chinatopack.com\/product\/premium-white-gift-boxes-for-exceptional\/#primaryimage\",\"url\":\"https:\/\/www.chinatopack.com\/wp-content\/uploads\/2025\/07\/Premium-White-Gift-Boxes-for-Exceptional1.webp\",\"contentUrl\":\"https:\/\/www.chinatopack.com\/wp-content\/uploads\/2025\/07\/Premium-White-Gift-Boxes-for-Exceptional1.webp\",\"width\":1100,\"height\":1100,\"caption\":\"Premium White Gift Boxes for Exceptional\"},{\"@type\":\"BreadcrumbList\",\"@id\":\"https:\/\/www.chinatopack.com\/product\/premium-white-gift-boxes-for-exceptional\/#breadcrumb\",\"itemListElement\":[{\"@type\":\"ListItem\",\"position\":1,\"name\":\"Home\",\"item\":\"https:\/\/www.chinatopack.com\/\"},{\"@type\":\"ListItem\",\"position\":2,\"name\":\"Products\",\"item\":\"https:\/\/www.chinatopack.com\/shop\/\"},{\"@type\":\"ListItem\",\"position\":3,\"name\":\"Premium White Gift Boxes Christmas for Exceptional\"}]},{\"@type\":\"WebSite\",\"@id\":\"https:\/\/www.chinatopack.com\/#website\",\"url\":\"https:\/\/www.chinatopack.com\/\",\"name\":\"TOPACK Paper Boxes\",\"description\":\"\",\"publisher\":{\"@id\":\"https:\/\/www.chinatopack.com\/#organization\"},\"potentialAction\":[{\"@type\":\"SearchAction\",\"target\":{\"@type\":\"EntryPoint\",\"urlTemplate\":\"https:\/\/www.chinatopack.com\/?s={search_term_string}\"},\"query-input\":\"required name=search_term_string\"}],\"inLanguage\":\"fr-FR\"},{\"@type\":\"Organization\",\"@id\":\"https:\/\/www.chinatopack.com\/#organization\",\"name\":\"TOPACK Paper Boxes\",\"url\":\"https:\/\/www.chinatopack.com\/\",\"logo\":{\"@type\":\"ImageObject\",\"inLanguage\":\"fr-FR\",\"@id\":\"https:\/\/www.chinatopack.com\/#\/schema\/logo\/image\/\",\"url\":\"https:\/\/www.chinatopack.com\/wp-content\/uploads\/2025\/11\/logo2.webp\",\"contentUrl\":\"https:\/\/www.chinatopack.com\/wp-content\/uploads\/2025\/11\/logo2.webp\",\"width\":512,\"height\":512,\"caption\":\"TOPACK Paper Boxes\"},\"image\":{\"@id\":\"https:\/\/www.chinatopack.com\/#\/schema\/logo\/image\/\"},\"sameAs\":[\"https:\/\/www.facebook.com\/ChinaTopack\/\",\"https:\/\/www.youtube.com\/@chinatopack\"]}]}<\/script>\n<!-- \/ Yoast SEO plugin. -->","yoast_head_json":{"title":"Premium Christmas White Gift Boxes Supplier | Multi-Size","description":"Christmas White Gift Boxes Supplier: Luxury multi-size setup boxes w\/ matte\/gloss\/soft-touch finishes. Wholesale for retail\/e-commerce. Rigorous QC. Request quote!","robots":{"index":"index","follow":"follow","max-snippet":"max-snippet:-1","max-image-preview":"max-image-preview:large","max-video-preview":"max-video-preview:-1"},"canonical":"https:\/\/www.chinatopack.com\/fr\/produit\/premium-white-gift-boxes-for-exceptional\/","og_locale":"fr_FR","og_type":"article","og_title":"Premium Christmas White Gift Boxes Supplier | Multi-Size","og_description":"Christmas White Gift Boxes Supplier: Luxury multi-size setup boxes w\/ matte\/gloss\/soft-touch finishes. Wholesale for retail\/e-commerce. Rigorous QC. Request quote!","og_url":"https:\/\/www.chinatopack.com\/fr\/produit\/premium-white-gift-boxes-for-exceptional\/","og_site_name":"TOPACK Paper Boxes","article_publisher":"https:\/\/www.facebook.com\/ChinaTopack\/","article_modified_time":"2025-08-12T08:50:59+00:00","og_image":[{"width":1100,"height":1100,"url":"https:\/\/www.chinatopack.com\/wp-content\/uploads\/2025\/07\/Premium-White-Gift-Boxes-for-Exceptional1.webp","type":"image\/webp"}],"twitter_card":"summary_large_image","twitter_misc":{"Dur\u00e9e de lecture estim\u00e9e":"2 minutes"},"schema":{"@context":"https:\/\/schema.org","@graph":[{"@type":"WebPage","@id":"https:\/\/www.chinatopack.com\/product\/premium-white-gift-boxes-for-exceptional\/","url":"https:\/\/www.chinatopack.com\/product\/premium-white-gift-boxes-for-exceptional\/","name":"Premium Christmas White Gift Boxes Supplier | Multi-Size","isPartOf":{"@id":"https:\/\/www.chinatopack.com\/#website"},"primaryImageOfPage":{"@id":"https:\/\/www.chinatopack.com\/product\/premium-white-gift-boxes-for-exceptional\/#primaryimage"},"image":{"@id":"https:\/\/www.chinatopack.com\/product\/premium-white-gift-boxes-for-exceptional\/#primaryimage"},"thumbnailUrl":"https:\/\/www.chinatopack.com\/wp-content\/uploads\/2025\/07\/Premium-White-Gift-Boxes-for-Exceptional1.webp","datePublished":"2025-07-31T08:31:51+00:00","dateModified":"2025-08-12T08:50:59+00:00","description":"Christmas White Gift Boxes Supplier: Luxury multi-size setup boxes w\/ matte\/gloss\/soft-touch finishes. Wholesale for retail\/e-commerce. Rigorous QC. Request quote!","breadcrumb":{"@id":"https:\/\/www.chinatopack.com\/product\/premium-white-gift-boxes-for-exceptional\/#breadcrumb"},"inLanguage":"fr-FR","potentialAction":[{"@type":"ReadAction","target":["https:\/\/www.chinatopack.com\/product\/premium-white-gift-boxes-for-exceptional\/"]}]},{"@type":"ImageObject","inLanguage":"fr-FR","@id":"https:\/\/www.chinatopack.com\/product\/premium-white-gift-boxes-for-exceptional\/#primaryimage","url":"https:\/\/www.chinatopack.com\/wp-content\/uploads\/2025\/07\/Premium-White-Gift-Boxes-for-Exceptional1.webp","contentUrl":"https:\/\/www.chinatopack.com\/wp-content\/uploads\/2025\/07\/Premium-White-Gift-Boxes-for-Exceptional1.webp","width":1100,"height":1100,"caption":"Premium White Gift Boxes for Exceptional"},{"@type":"BreadcrumbList","@id":"https:\/\/www.chinatopack.com\/product\/premium-white-gift-boxes-for-exceptional\/#breadcrumb","itemListElement":[{"@type":"ListItem","position":1,"name":"Home","item":"https:\/\/www.chinatopack.com\/"},{"@type":"ListItem","position":2,"name":"Products","item":"https:\/\/www.chinatopack.com\/shop\/"},{"@type":"ListItem","position":3,"name":"Premium White Gift Boxes Christmas for Exceptional"}]},{"@type":"WebSite","@id":"https:\/\/www.chinatopack.com\/#website","url":"https:\/\/www.chinatopack.com\/","name":"TOPACK Paper Boxes","description":"","publisher":{"@id":"https:\/\/www.chinatopack.com\/#organization"},"potentialAction":[{"@type":"SearchAction","target":{"@type":"EntryPoint","urlTemplate":"https:\/\/www.chinatopack.com\/?s={search_term_string}"},"query-input":"required name=search_term_string"}],"inLanguage":"fr-FR"},{"@type":"Organization","@id":"https:\/\/www.chinatopack.com\/#organization","name":"TOPACK Paper Boxes","url":"https:\/\/www.chinatopack.com\/","logo":{"@type":"ImageObject","inLanguage":"fr-FR","@id":"https:\/\/www.chinatopack.com\/#\/schema\/logo\/image\/","url":"https:\/\/www.chinatopack.com\/wp-content\/uploads\/2025\/11\/logo2.webp","contentUrl":"https:\/\/www.chinatopack.com\/wp-content\/uploads\/2025\/11\/logo2.webp","width":512,"height":512,"caption":"TOPACK Paper Boxes"},"image":{"@id":"https:\/\/www.chinatopack.com\/#\/schema\/logo\/image\/"},"sameAs":["https:\/\/www.facebook.com\/ChinaTopack\/","https:\/\/www.youtube.com\/@chinatopack"]}]}},"_links":{"self":[{"href":"https:\/\/www.chinatopack.com\/fr\/wp-json\/wp\/v2\/product\/12725"}],"collection":[{"href":"https:\/\/www.chinatopack.com\/fr\/wp-json\/wp\/v2\/product"}],"about":[{"href":"https:\/\/www.chinatopack.com\/fr\/wp-json\/wp\/v2\/types\/product"}],"replies":[{"embeddable":true,"href":"https:\/\/www.chinatopack.com\/fr\/wp-json\/wp\/v2\/comments?post=12725"}],"wp:featuredmedia":[{"embeddable":true,"href":"https:\/\/www.chinatopack.com\/fr\/wp-json\/wp\/v2\/media\/12727"}],"wp:attachment":[{"href":"https:\/\/www.chinatopack.com\/fr\/wp-json\/wp\/v2\/media?parent=12725"}],"wp:term":[{"taxonomy":"product_cat","embeddable":true,"href":"https:\/\/www.chinatopack.com\/fr\/wp-json\/wp\/v2\/product_cat?post=12725"},{"taxonomy":"product_tag","embeddable":true,"href":"https:\/\/www.chinatopack.com\/fr\/wp-json\/wp\/v2\/product_tag?post=12725"}],"curies":[{"name":"wp","href":"https:\/\/api.w.org\/{rel}","templated":true}]}}