{"id":12744,"date":"2025-07-31T08:52:37","date_gmt":"2025-07-31T08:52:37","guid":{"rendered":"https:\/\/www.chinatopack.com\/?post_type=product&#038;p=12744"},"modified":"2025-08-08T14:18:43","modified_gmt":"2025-08-08T14:18:43","slug":"elegant-magnetic-paper-cookie-boxes","status":"publish","type":"product","link":"https:\/\/www.chinatopack.com\/fr\/produit\/elegant-magnetic-paper-cookie-boxes\/","title":{"rendered":"Bo\u00eetes \u00e0 biscuits \u00e9l\u00e9gantes en papier magn\u00e9tique"},"content":{"rendered":"<h2>Les bo\u00eetes \u00e0 biscuits en papier magn\u00e9tique ajoutent de l'\u00e9l\u00e9gance au d\u00e9ballage<\/h2>\n<p>Magn\u00e9tique personnalis\u00e9 <a href=\"https:\/\/www.chinatopack.com\/fr\/produit\/elegant-magnetic-paper-cookie-boxes\/\"><strong>Bo\u00eetes \u00e0 biscuits en papier<\/strong><\/a> se distinguent comme un choix sophistiqu\u00e9 pour les marques qui souhaitent am\u00e9liorer la pr\u00e9sentation de leurs produits. Ces produits, con\u00e7us par des experts, sont un choix sophistiqu\u00e9 pour les marques qui souhaitent am\u00e9liorer la pr\u00e9sentation de leurs produits. <a href=\"https:\/\/www.chinatopack.com\/fr\/category\/custom-paper-box\/\"><strong>bo\u00eetes cadeaux en papier personnalis\u00e9es<\/strong><\/a> pr\u00e9sente une fermeture magn\u00e9tique \u00e9l\u00e9gante qui non seulement assure une s\u00e9curit\u00e9 fiable, mais cr\u00e9e \u00e9galement un d\u00e9ballage inoubliable avec une touche de luxe. Parfaites pour les produits de d\u00e9tail haut de gamme, les services d'abonnement exclusifs et les marques de commerce \u00e9lectronique.  Que vous choisissiez des couleurs vives ou des teintes subtiles, ces bo\u00eetes attirent l'attention et sont synonymes de qualit\u00e9 et d'\u00e9l\u00e9gance.<\/p>\n<h2>Principales caract\u00e9ristiques de nos bo\u00eetes \u00e0 biscuits en papier magn\u00e9tique personnalis\u00e9es<\/h2>\n<h3><strong>Fermeture magn\u00e9tique \u00e9l\u00e9gante\u00a0<\/strong><\/h3>\n<p>La fermeture magn\u00e9tique sans soudure assure non seulement la s\u00e9curit\u00e9 de l'emballage de vos produits, mais offre \u00e9galement une exp\u00e9rience d'ouverture satisfaisante qui am\u00e9liore le processus de d\u00e9ballage. Cette caract\u00e9ristique augmente la valeur per\u00e7ue de votre marque.<\/p>\n<h3><strong>Construction en carton durable\u00a0<\/strong><\/h3>\n<p>Fabriqu\u00e9s en carton litho de haute qualit\u00e9, nos <a href=\"https:\/\/www.chinatopack.com\/fr\/\"><strong>bo\u00eetes en papier en gros<\/strong><\/a> offrent une protection solide \u00e0 vos produits, garantissant qu'ils arrivent dans un \u00e9tat impeccable. Ce mat\u00e9riau convient \u00e9galement tr\u00e8s bien aux impressions vives, ce qui renforce l'attrait visuel de vos produits. <a href=\"https:\/\/www.chinatopack.com\/fr\/about-us\/\"><strong>bo\u00eetes en papier sur mesure<\/strong><\/a>.<\/p>","protected":false},"excerpt":{"rendered":"<p>Les bo\u00eetes \u00e0 biscuits magn\u00e9tiques en papier personnalis\u00e9es, dot\u00e9es d'une fermeture magn\u00e9tique \u00e9l\u00e9gante et d'un carton litho durable, rehaussent l'\u00e9l\u00e9gance du d\u00e9ballage. Id\u00e9ales pour la vente au d\u00e9tail de luxe et les abonnements, elles renforcent la valeur de la marque gr\u00e2ce \u00e0 des impressions vibrantes.<\/p>","protected":false},"featured_media":12746,"comment_status":"closed","ping_status":"closed","template":"","meta":{"_et_pb_use_builder":"","_et_pb_old_content":"","_et_gb_content_width":""},"product_cat":[280],"product_tag":[284,285,282],"yoast_head":"<!-- This site is optimized with the Yoast SEO plugin v22.7 - https:\/\/yoast.com\/wordpress\/plugins\/seo\/ -->\n<title>Luxury Magnetic Paper Cookie Boxes Box Supplier | China<\/title>\n<meta name=\"description\" content=\"Supplier of Magnetic Paper Cookie Boxes: Luxury magnetic closure &amp; vibrant prints on durable litho board. Wholesale for subscription\/e-commerce brands. Request quote!\" \/>\n<meta name=\"robots\" content=\"index, follow, max-snippet:-1, max-image-preview:large, max-video-preview:-1\" \/>\n<link rel=\"canonical\" href=\"https:\/\/www.chinatopack.com\/fr\/produit\/elegant-magnetic-paper-cookie-boxes\/\" \/>\n<meta property=\"og:locale\" content=\"fr_FR\" \/>\n<meta property=\"og:type\" content=\"article\" \/>\n<meta property=\"og:title\" content=\"Luxury Magnetic Paper Cookie Boxes Box Supplier | China\" \/>\n<meta property=\"og:description\" content=\"Supplier of Magnetic Paper Cookie Boxes: Luxury magnetic closure &amp; vibrant prints on durable litho board. Wholesale for subscription\/e-commerce brands. Request quote!\" \/>\n<meta property=\"og:url\" content=\"https:\/\/www.chinatopack.com\/fr\/produit\/elegant-magnetic-paper-cookie-boxes\/\" \/>\n<meta property=\"og:site_name\" content=\"TOPACK Paper Boxes\" \/>\n<meta property=\"article:publisher\" content=\"https:\/\/www.facebook.com\/ChinaTopack\/\" \/>\n<meta property=\"article:modified_time\" content=\"2025-08-08T14:18:43+00:00\" \/>\n<meta property=\"og:image\" content=\"https:\/\/www.chinatopack.com\/wp-content\/uploads\/2025\/07\/Elegant-Magnetic-Paper-Cookie-Boxes1.webp\" \/>\n\t<meta property=\"og:image:width\" content=\"1100\" \/>\n\t<meta property=\"og:image:height\" content=\"1100\" \/>\n\t<meta property=\"og:image:type\" content=\"image\/webp\" \/>\n<meta name=\"twitter:card\" content=\"summary_large_image\" \/>\n<meta name=\"twitter:label1\" content=\"Dur\u00e9e de lecture estim\u00e9e\" \/>\n\t<meta name=\"twitter:data1\" content=\"1 minute\" \/>\n<script type=\"application\/ld+json\" class=\"yoast-schema-graph\">{\"@context\":\"https:\/\/schema.org\",\"@graph\":[{\"@type\":\"WebPage\",\"@id\":\"https:\/\/www.chinatopack.com\/product\/elegant-magnetic-paper-cookie-boxes\/\",\"url\":\"https:\/\/www.chinatopack.com\/product\/elegant-magnetic-paper-cookie-boxes\/\",\"name\":\"Luxury Magnetic Paper Cookie Boxes Box Supplier | China\",\"isPartOf\":{\"@id\":\"https:\/\/www.chinatopack.com\/#website\"},\"primaryImageOfPage\":{\"@id\":\"https:\/\/www.chinatopack.com\/product\/elegant-magnetic-paper-cookie-boxes\/#primaryimage\"},\"image\":{\"@id\":\"https:\/\/www.chinatopack.com\/product\/elegant-magnetic-paper-cookie-boxes\/#primaryimage\"},\"thumbnailUrl\":\"https:\/\/www.chinatopack.com\/wp-content\/uploads\/2025\/07\/Elegant-Magnetic-Paper-Cookie-Boxes1.webp\",\"datePublished\":\"2025-07-31T08:52:37+00:00\",\"dateModified\":\"2025-08-08T14:18:43+00:00\",\"description\":\"Supplier of Magnetic Paper Cookie Boxes: Luxury magnetic closure & vibrant prints on durable litho board. Wholesale for subscription\/e-commerce brands. Request quote!\",\"breadcrumb\":{\"@id\":\"https:\/\/www.chinatopack.com\/product\/elegant-magnetic-paper-cookie-boxes\/#breadcrumb\"},\"inLanguage\":\"fr-FR\",\"potentialAction\":[{\"@type\":\"ReadAction\",\"target\":[\"https:\/\/www.chinatopack.com\/product\/elegant-magnetic-paper-cookie-boxes\/\"]}]},{\"@type\":\"ImageObject\",\"inLanguage\":\"fr-FR\",\"@id\":\"https:\/\/www.chinatopack.com\/product\/elegant-magnetic-paper-cookie-boxes\/#primaryimage\",\"url\":\"https:\/\/www.chinatopack.com\/wp-content\/uploads\/2025\/07\/Elegant-Magnetic-Paper-Cookie-Boxes1.webp\",\"contentUrl\":\"https:\/\/www.chinatopack.com\/wp-content\/uploads\/2025\/07\/Elegant-Magnetic-Paper-Cookie-Boxes1.webp\",\"width\":1100,\"height\":1100,\"caption\":\"Elegant Magnetic Paper Cookie Boxes\"},{\"@type\":\"BreadcrumbList\",\"@id\":\"https:\/\/www.chinatopack.com\/product\/elegant-magnetic-paper-cookie-boxes\/#breadcrumb\",\"itemListElement\":[{\"@type\":\"ListItem\",\"position\":1,\"name\":\"Home\",\"item\":\"https:\/\/www.chinatopack.com\/\"},{\"@type\":\"ListItem\",\"position\":2,\"name\":\"Products\",\"item\":\"https:\/\/www.chinatopack.com\/shop\/\"},{\"@type\":\"ListItem\",\"position\":3,\"name\":\"Elegant Magnetic Paper Cookie Boxes\"}]},{\"@type\":\"WebSite\",\"@id\":\"https:\/\/www.chinatopack.com\/#website\",\"url\":\"https:\/\/www.chinatopack.com\/\",\"name\":\"TOPACK Paper Boxes\",\"description\":\"\",\"publisher\":{\"@id\":\"https:\/\/www.chinatopack.com\/#organization\"},\"potentialAction\":[{\"@type\":\"SearchAction\",\"target\":{\"@type\":\"EntryPoint\",\"urlTemplate\":\"https:\/\/www.chinatopack.com\/?s={search_term_string}\"},\"query-input\":\"required name=search_term_string\"}],\"inLanguage\":\"fr-FR\"},{\"@type\":\"Organization\",\"@id\":\"https:\/\/www.chinatopack.com\/#organization\",\"name\":\"TOPACK Paper Boxes\",\"url\":\"https:\/\/www.chinatopack.com\/\",\"logo\":{\"@type\":\"ImageObject\",\"inLanguage\":\"fr-FR\",\"@id\":\"https:\/\/www.chinatopack.com\/#\/schema\/logo\/image\/\",\"url\":\"https:\/\/www.chinatopack.com\/wp-content\/uploads\/2025\/11\/logo2.webp\",\"contentUrl\":\"https:\/\/www.chinatopack.com\/wp-content\/uploads\/2025\/11\/logo2.webp\",\"width\":512,\"height\":512,\"caption\":\"TOPACK Paper Boxes\"},\"image\":{\"@id\":\"https:\/\/www.chinatopack.com\/#\/schema\/logo\/image\/\"},\"sameAs\":[\"https:\/\/www.facebook.com\/ChinaTopack\/\",\"https:\/\/www.youtube.com\/@chinatopack\"]}]}<\/script>\n<!-- \/ Yoast SEO plugin. -->","yoast_head_json":{"title":"Luxury Magnetic Paper Cookie Boxes Box Supplier | China","description":"Supplier of Magnetic Paper Cookie Boxes: Luxury magnetic closure & vibrant prints on durable litho board. Wholesale for subscription\/e-commerce brands. Request quote!","robots":{"index":"index","follow":"follow","max-snippet":"max-snippet:-1","max-image-preview":"max-image-preview:large","max-video-preview":"max-video-preview:-1"},"canonical":"https:\/\/www.chinatopack.com\/fr\/produit\/elegant-magnetic-paper-cookie-boxes\/","og_locale":"fr_FR","og_type":"article","og_title":"Luxury Magnetic Paper Cookie Boxes Box Supplier | China","og_description":"Supplier of Magnetic Paper Cookie Boxes: Luxury magnetic closure & vibrant prints on durable litho board. Wholesale for subscription\/e-commerce brands. Request quote!","og_url":"https:\/\/www.chinatopack.com\/fr\/produit\/elegant-magnetic-paper-cookie-boxes\/","og_site_name":"TOPACK Paper Boxes","article_publisher":"https:\/\/www.facebook.com\/ChinaTopack\/","article_modified_time":"2025-08-08T14:18:43+00:00","og_image":[{"width":1100,"height":1100,"url":"https:\/\/www.chinatopack.com\/wp-content\/uploads\/2025\/07\/Elegant-Magnetic-Paper-Cookie-Boxes1.webp","type":"image\/webp"}],"twitter_card":"summary_large_image","twitter_misc":{"Dur\u00e9e de lecture estim\u00e9e":"1 minute"},"schema":{"@context":"https:\/\/schema.org","@graph":[{"@type":"WebPage","@id":"https:\/\/www.chinatopack.com\/product\/elegant-magnetic-paper-cookie-boxes\/","url":"https:\/\/www.chinatopack.com\/product\/elegant-magnetic-paper-cookie-boxes\/","name":"Luxury Magnetic Paper Cookie Boxes Box Supplier | China","isPartOf":{"@id":"https:\/\/www.chinatopack.com\/#website"},"primaryImageOfPage":{"@id":"https:\/\/www.chinatopack.com\/product\/elegant-magnetic-paper-cookie-boxes\/#primaryimage"},"image":{"@id":"https:\/\/www.chinatopack.com\/product\/elegant-magnetic-paper-cookie-boxes\/#primaryimage"},"thumbnailUrl":"https:\/\/www.chinatopack.com\/wp-content\/uploads\/2025\/07\/Elegant-Magnetic-Paper-Cookie-Boxes1.webp","datePublished":"2025-07-31T08:52:37+00:00","dateModified":"2025-08-08T14:18:43+00:00","description":"Supplier of Magnetic Paper Cookie Boxes: Luxury magnetic closure & vibrant prints on durable litho board. Wholesale for subscription\/e-commerce brands. Request quote!","breadcrumb":{"@id":"https:\/\/www.chinatopack.com\/product\/elegant-magnetic-paper-cookie-boxes\/#breadcrumb"},"inLanguage":"fr-FR","potentialAction":[{"@type":"ReadAction","target":["https:\/\/www.chinatopack.com\/product\/elegant-magnetic-paper-cookie-boxes\/"]}]},{"@type":"ImageObject","inLanguage":"fr-FR","@id":"https:\/\/www.chinatopack.com\/product\/elegant-magnetic-paper-cookie-boxes\/#primaryimage","url":"https:\/\/www.chinatopack.com\/wp-content\/uploads\/2025\/07\/Elegant-Magnetic-Paper-Cookie-Boxes1.webp","contentUrl":"https:\/\/www.chinatopack.com\/wp-content\/uploads\/2025\/07\/Elegant-Magnetic-Paper-Cookie-Boxes1.webp","width":1100,"height":1100,"caption":"Elegant Magnetic Paper Cookie Boxes"},{"@type":"BreadcrumbList","@id":"https:\/\/www.chinatopack.com\/product\/elegant-magnetic-paper-cookie-boxes\/#breadcrumb","itemListElement":[{"@type":"ListItem","position":1,"name":"Home","item":"https:\/\/www.chinatopack.com\/"},{"@type":"ListItem","position":2,"name":"Products","item":"https:\/\/www.chinatopack.com\/shop\/"},{"@type":"ListItem","position":3,"name":"Elegant Magnetic Paper Cookie Boxes"}]},{"@type":"WebSite","@id":"https:\/\/www.chinatopack.com\/#website","url":"https:\/\/www.chinatopack.com\/","name":"TOPACK Paper Boxes","description":"","publisher":{"@id":"https:\/\/www.chinatopack.com\/#organization"},"potentialAction":[{"@type":"SearchAction","target":{"@type":"EntryPoint","urlTemplate":"https:\/\/www.chinatopack.com\/?s={search_term_string}"},"query-input":"required name=search_term_string"}],"inLanguage":"fr-FR"},{"@type":"Organization","@id":"https:\/\/www.chinatopack.com\/#organization","name":"TOPACK Paper Boxes","url":"https:\/\/www.chinatopack.com\/","logo":{"@type":"ImageObject","inLanguage":"fr-FR","@id":"https:\/\/www.chinatopack.com\/#\/schema\/logo\/image\/","url":"https:\/\/www.chinatopack.com\/wp-content\/uploads\/2025\/11\/logo2.webp","contentUrl":"https:\/\/www.chinatopack.com\/wp-content\/uploads\/2025\/11\/logo2.webp","width":512,"height":512,"caption":"TOPACK Paper Boxes"},"image":{"@id":"https:\/\/www.chinatopack.com\/#\/schema\/logo\/image\/"},"sameAs":["https:\/\/www.facebook.com\/ChinaTopack\/","https:\/\/www.youtube.com\/@chinatopack"]}]}},"_links":{"self":[{"href":"https:\/\/www.chinatopack.com\/fr\/wp-json\/wp\/v2\/product\/12744"}],"collection":[{"href":"https:\/\/www.chinatopack.com\/fr\/wp-json\/wp\/v2\/product"}],"about":[{"href":"https:\/\/www.chinatopack.com\/fr\/wp-json\/wp\/v2\/types\/product"}],"replies":[{"embeddable":true,"href":"https:\/\/www.chinatopack.com\/fr\/wp-json\/wp\/v2\/comments?post=12744"}],"wp:featuredmedia":[{"embeddable":true,"href":"https:\/\/www.chinatopack.com\/fr\/wp-json\/wp\/v2\/media\/12746"}],"wp:attachment":[{"href":"https:\/\/www.chinatopack.com\/fr\/wp-json\/wp\/v2\/media?parent=12744"}],"wp:term":[{"taxonomy":"product_cat","embeddable":true,"href":"https:\/\/www.chinatopack.com\/fr\/wp-json\/wp\/v2\/product_cat?post=12744"},{"taxonomy":"product_tag","embeddable":true,"href":"https:\/\/www.chinatopack.com\/fr\/wp-json\/wp\/v2\/product_tag?post=12744"}],"curies":[{"name":"wp","href":"https:\/\/api.w.org\/{rel}","templated":true}]}}