{"id":12751,"date":"2025-07-31T09:11:38","date_gmt":"2025-07-31T09:11:38","guid":{"rendered":"https:\/\/www.chinatopack.com\/?post_type=product&#038;p=12751"},"modified":"2025-08-08T14:13:27","modified_gmt":"2025-08-08T14:13:27","slug":"regular-custom-paper-box-kraft-paper-window-boxes","status":"publish","type":"product","link":"https:\/\/www.chinatopack.com\/fr\/produit\/regular-custom-paper-box-kraft-paper-window-boxes\/","title":{"rendered":"Bo\u00eete en papier r\u00e9guli\u00e8re et personnalis\u00e9e Bo\u00eetes de fen\u00eatre en papier kraft"},"content":{"rendered":"<h2>Description of Kraft Paper Window Boxes<\/h2>\n<p>Straight tuck end is the most popular <a href=\"https:\/\/www.chinatopack.com\/fr\/produit\/regular-custom-paper-box-kraft-paper-window-boxes\/\"><strong>kraft paper window boxes<\/strong><\/a> style for retail and display purposes. However, we can make any other style you need.<\/p>\n<p>A few other popular retail <a href=\"https:\/\/www.chinatopack.com\/fr\/\"><strong>bo\u00eetes en papier<\/strong><\/a> styles:<\/p>\n<ul>\n<li>E-commerce orders<\/li>\n<li>Subscription boxes<\/li>\n<li>Promotional kits<\/li>\n<li>School boxes<\/li>\n<\/ul>\n<p>Subscription <a href=\"https:\/\/www.chinatopack.com\/fr\/about-us\/\"><strong>bo\u00eetes en papier sur mesure<\/strong><\/a> treat customers to a curated experience of your product. Some of the companies that commonly order these are:<\/p>\n<ul>\n<li>Reverse tuck end boxes<\/li>\n<li>Snap-lock bottom boxes<\/li>\n<li>Auto bottom boxes<\/li>\n<li>Seal end boxes<\/li>\n<li>Hexagon boxes<\/li>\n<\/ul>\n<p>To order custom styles, email our box specialists at\u00a0sam@chinatopack.com\u00a0for a quick response.<\/p>\n<p>Orders of custom product <a href=\"https:\/\/www.chinatopack.com\/fr\/category\/custom-paper-box\/\"><strong>bo\u00eetes en papier bon march\u00e9<\/strong><\/a> require only 8-10 business days for cardstock and 8-15 business days for corrugated to produce, however, Rush production of 4 &#8211; 5 days is available for cardstock and 4 &#8211; 8 days for corrugated. We print, cut, and glue your product boxes using the most advanced equipment and ship them to your door anywhere.<\/p>\n<h2>\u00c0 propos de nous<\/h2>\n<p>Yiwu Chinatopack (Yiwu Liangbaobei Printing &amp; Packaging) has over 20 years of manufacturing experience. We are a leading one-stop packaging solution supplier. Our main products are various paper boxes. They are widely used in many industries, such as skincare, makeup, supplements, essential oils, food, gifts, jewelry, watches, and stationery packaging. Our packaging products have been sold to the United States, Britain, Germany, Japan, Dubai and other countries worldwide. We always follow the earth&#8217;s greener environmental protection packaging concept. We keep seeking new innovations to meet customer needs and help them improve their products&#8217; market competitiveness.<\/p>\n<ul>\n<li><strong>Packaging Industry Leader:\u00a0<\/strong>More than 20 years of experience in the paper box packaging industry to develop exclusive brand services for you.<\/li>\n<li><strong>After-sales Service :\u00a0<\/strong>Perfect after-sales service system allows you to rest assured.<\/li>\n<li><strong>Professional Team:\u00a0<\/strong>Professional business team can solve all kinds of problems you encounter.<\/li>\n<li><strong>Strong Productivity:\u00a0<\/strong>Multi-line production, strong productivity, guarantee the delivery time of your products.<\/li>\n<li><strong>Quality Assurance:\u00a0<\/strong>Protecting the interests of customers makes our first priority, professional quality inspectors and accurate quality inspection equip ment to ensure that the quality of your products is first.<\/li>\n<li>Custom OEM\/ODM design printed Heavy brand quality foldable paper box<\/li>\n<li>Good option as Gift Set Package<\/li>\n<li>Choose Convenience and Practicality with Our Easy to Assemble Exclusive Collapsible Boxes<\/li>\n<li>Widely used in cosmetics, skin care, perfume, fragrance, gift, electronic products market etc<\/li>\n<\/ul>\n<p>This is how we keep competitive offers for our global valued customer.<\/p>","protected":false},"excerpt":{"rendered":"<p>Kraft paper window boxes, popular straight tuck end and custom styles, 8-15 day production (rush 4-8 days). 20+ years&#8217; experience, eco-friendly, for retail, e-commerce, etc., global shipping.<\/p>","protected":false},"featured_media":12753,"comment_status":"closed","ping_status":"closed","template":"","meta":{"_et_pb_use_builder":"","_et_pb_old_content":"","_et_gb_content_width":""},"product_cat":[280],"product_tag":[284,285,282],"yoast_head":"<!-- This site is optimized with the Yoast SEO plugin v22.7 - https:\/\/yoast.com\/wordpress\/plugins\/seo\/ -->\n<title>Global Kraft Paper Window Boxes Supplier | Fast Ship<\/title>\n<meta name=\"description\" content=\"Kraft Paper Window Boxes Supplier: 20+ yrs mfg custom hexagon\/snap-lock boxes. Rush 4-day prod &amp; global shipping. FSC\/recycled materials. Wholesale solutions.\" \/>\n<meta name=\"robots\" content=\"index, follow, max-snippet:-1, max-image-preview:large, max-video-preview:-1\" \/>\n<link rel=\"canonical\" href=\"https:\/\/www.chinatopack.com\/fr\/produit\/regular-custom-paper-box-kraft-paper-window-boxes\/\" \/>\n<meta property=\"og:locale\" content=\"fr_FR\" \/>\n<meta property=\"og:type\" content=\"article\" \/>\n<meta property=\"og:title\" content=\"Global Kraft Paper Window Boxes Supplier | Fast Ship\" \/>\n<meta property=\"og:description\" content=\"Kraft Paper Window Boxes Supplier: 20+ yrs mfg custom hexagon\/snap-lock boxes. Rush 4-day prod &amp; global shipping. FSC\/recycled materials. Wholesale solutions.\" \/>\n<meta property=\"og:url\" content=\"https:\/\/www.chinatopack.com\/fr\/produit\/regular-custom-paper-box-kraft-paper-window-boxes\/\" \/>\n<meta property=\"og:site_name\" content=\"TOPACK Paper Boxes\" \/>\n<meta property=\"article:publisher\" content=\"https:\/\/www.facebook.com\/ChinaTopack\/\" \/>\n<meta property=\"article:modified_time\" content=\"2025-08-08T14:13:27+00:00\" \/>\n<meta property=\"og:image\" content=\"https:\/\/www.chinatopack.com\/wp-content\/uploads\/2025\/07\/Regular-Custom-Paper-Box-Kraft-Paper-Window-Boxes1.webp\" \/>\n\t<meta property=\"og:image:width\" content=\"1100\" \/>\n\t<meta property=\"og:image:height\" content=\"1100\" \/>\n\t<meta property=\"og:image:type\" content=\"image\/webp\" \/>\n<meta name=\"twitter:card\" content=\"summary_large_image\" \/>\n<meta name=\"twitter:label1\" content=\"Dur\u00e9e de lecture estim\u00e9e\" \/>\n\t<meta name=\"twitter:data1\" content=\"2 minutes\" \/>\n<script type=\"application\/ld+json\" class=\"yoast-schema-graph\">{\"@context\":\"https:\/\/schema.org\",\"@graph\":[{\"@type\":\"WebPage\",\"@id\":\"https:\/\/www.chinatopack.com\/product\/regular-custom-paper-box-kraft-paper-window-boxes\/\",\"url\":\"https:\/\/www.chinatopack.com\/product\/regular-custom-paper-box-kraft-paper-window-boxes\/\",\"name\":\"Global Kraft Paper Window Boxes Supplier | Fast Ship\",\"isPartOf\":{\"@id\":\"https:\/\/www.chinatopack.com\/#website\"},\"primaryImageOfPage\":{\"@id\":\"https:\/\/www.chinatopack.com\/product\/regular-custom-paper-box-kraft-paper-window-boxes\/#primaryimage\"},\"image\":{\"@id\":\"https:\/\/www.chinatopack.com\/product\/regular-custom-paper-box-kraft-paper-window-boxes\/#primaryimage\"},\"thumbnailUrl\":\"https:\/\/www.chinatopack.com\/wp-content\/uploads\/2025\/07\/Regular-Custom-Paper-Box-Kraft-Paper-Window-Boxes1.webp\",\"datePublished\":\"2025-07-31T09:11:38+00:00\",\"dateModified\":\"2025-08-08T14:13:27+00:00\",\"description\":\"Kraft Paper Window Boxes Supplier: 20+ yrs mfg custom hexagon\/snap-lock boxes. Rush 4-day prod & global shipping. FSC\/recycled materials. Wholesale solutions.\",\"breadcrumb\":{\"@id\":\"https:\/\/www.chinatopack.com\/product\/regular-custom-paper-box-kraft-paper-window-boxes\/#breadcrumb\"},\"inLanguage\":\"fr-FR\",\"potentialAction\":[{\"@type\":\"ReadAction\",\"target\":[\"https:\/\/www.chinatopack.com\/product\/regular-custom-paper-box-kraft-paper-window-boxes\/\"]}]},{\"@type\":\"ImageObject\",\"inLanguage\":\"fr-FR\",\"@id\":\"https:\/\/www.chinatopack.com\/product\/regular-custom-paper-box-kraft-paper-window-boxes\/#primaryimage\",\"url\":\"https:\/\/www.chinatopack.com\/wp-content\/uploads\/2025\/07\/Regular-Custom-Paper-Box-Kraft-Paper-Window-Boxes1.webp\",\"contentUrl\":\"https:\/\/www.chinatopack.com\/wp-content\/uploads\/2025\/07\/Regular-Custom-Paper-Box-Kraft-Paper-Window-Boxes1.webp\",\"width\":1100,\"height\":1100,\"caption\":\"Regular Custom Paper Box Kraft Paper Window Boxes\"},{\"@type\":\"BreadcrumbList\",\"@id\":\"https:\/\/www.chinatopack.com\/product\/regular-custom-paper-box-kraft-paper-window-boxes\/#breadcrumb\",\"itemListElement\":[{\"@type\":\"ListItem\",\"position\":1,\"name\":\"Home\",\"item\":\"https:\/\/www.chinatopack.com\/\"},{\"@type\":\"ListItem\",\"position\":2,\"name\":\"Products\",\"item\":\"https:\/\/www.chinatopack.com\/shop\/\"},{\"@type\":\"ListItem\",\"position\":3,\"name\":\"Regular Custom Paper Box Kraft Paper Window Boxes\"}]},{\"@type\":\"WebSite\",\"@id\":\"https:\/\/www.chinatopack.com\/#website\",\"url\":\"https:\/\/www.chinatopack.com\/\",\"name\":\"TOPACK Paper Boxes\",\"description\":\"\",\"publisher\":{\"@id\":\"https:\/\/www.chinatopack.com\/#organization\"},\"potentialAction\":[{\"@type\":\"SearchAction\",\"target\":{\"@type\":\"EntryPoint\",\"urlTemplate\":\"https:\/\/www.chinatopack.com\/?s={search_term_string}\"},\"query-input\":\"required name=search_term_string\"}],\"inLanguage\":\"fr-FR\"},{\"@type\":\"Organization\",\"@id\":\"https:\/\/www.chinatopack.com\/#organization\",\"name\":\"TOPACK Paper Boxes\",\"url\":\"https:\/\/www.chinatopack.com\/\",\"logo\":{\"@type\":\"ImageObject\",\"inLanguage\":\"fr-FR\",\"@id\":\"https:\/\/www.chinatopack.com\/#\/schema\/logo\/image\/\",\"url\":\"https:\/\/www.chinatopack.com\/wp-content\/uploads\/2025\/11\/logo2.webp\",\"contentUrl\":\"https:\/\/www.chinatopack.com\/wp-content\/uploads\/2025\/11\/logo2.webp\",\"width\":512,\"height\":512,\"caption\":\"TOPACK Paper Boxes\"},\"image\":{\"@id\":\"https:\/\/www.chinatopack.com\/#\/schema\/logo\/image\/\"},\"sameAs\":[\"https:\/\/www.facebook.com\/ChinaTopack\/\",\"https:\/\/www.youtube.com\/@chinatopack\"]}]}<\/script>\n<!-- \/ Yoast SEO plugin. -->","yoast_head_json":{"title":"Global Kraft Paper Window Boxes Supplier | Fast Ship","description":"Kraft Paper Window Boxes Supplier: 20+ yrs mfg custom hexagon\/snap-lock boxes. Rush 4-day prod & global shipping. FSC\/recycled materials. Wholesale solutions.","robots":{"index":"index","follow":"follow","max-snippet":"max-snippet:-1","max-image-preview":"max-image-preview:large","max-video-preview":"max-video-preview:-1"},"canonical":"https:\/\/www.chinatopack.com\/fr\/produit\/regular-custom-paper-box-kraft-paper-window-boxes\/","og_locale":"fr_FR","og_type":"article","og_title":"Global Kraft Paper Window Boxes Supplier | Fast Ship","og_description":"Kraft Paper Window Boxes Supplier: 20+ yrs mfg custom hexagon\/snap-lock boxes. Rush 4-day prod & global shipping. FSC\/recycled materials. Wholesale solutions.","og_url":"https:\/\/www.chinatopack.com\/fr\/produit\/regular-custom-paper-box-kraft-paper-window-boxes\/","og_site_name":"TOPACK Paper Boxes","article_publisher":"https:\/\/www.facebook.com\/ChinaTopack\/","article_modified_time":"2025-08-08T14:13:27+00:00","og_image":[{"width":1100,"height":1100,"url":"https:\/\/www.chinatopack.com\/wp-content\/uploads\/2025\/07\/Regular-Custom-Paper-Box-Kraft-Paper-Window-Boxes1.webp","type":"image\/webp"}],"twitter_card":"summary_large_image","twitter_misc":{"Dur\u00e9e de lecture estim\u00e9e":"2 minutes"},"schema":{"@context":"https:\/\/schema.org","@graph":[{"@type":"WebPage","@id":"https:\/\/www.chinatopack.com\/product\/regular-custom-paper-box-kraft-paper-window-boxes\/","url":"https:\/\/www.chinatopack.com\/product\/regular-custom-paper-box-kraft-paper-window-boxes\/","name":"Global Kraft Paper Window Boxes Supplier | Fast Ship","isPartOf":{"@id":"https:\/\/www.chinatopack.com\/#website"},"primaryImageOfPage":{"@id":"https:\/\/www.chinatopack.com\/product\/regular-custom-paper-box-kraft-paper-window-boxes\/#primaryimage"},"image":{"@id":"https:\/\/www.chinatopack.com\/product\/regular-custom-paper-box-kraft-paper-window-boxes\/#primaryimage"},"thumbnailUrl":"https:\/\/www.chinatopack.com\/wp-content\/uploads\/2025\/07\/Regular-Custom-Paper-Box-Kraft-Paper-Window-Boxes1.webp","datePublished":"2025-07-31T09:11:38+00:00","dateModified":"2025-08-08T14:13:27+00:00","description":"Kraft Paper Window Boxes Supplier: 20+ yrs mfg custom hexagon\/snap-lock boxes. Rush 4-day prod & global shipping. FSC\/recycled materials. Wholesale solutions.","breadcrumb":{"@id":"https:\/\/www.chinatopack.com\/product\/regular-custom-paper-box-kraft-paper-window-boxes\/#breadcrumb"},"inLanguage":"fr-FR","potentialAction":[{"@type":"ReadAction","target":["https:\/\/www.chinatopack.com\/product\/regular-custom-paper-box-kraft-paper-window-boxes\/"]}]},{"@type":"ImageObject","inLanguage":"fr-FR","@id":"https:\/\/www.chinatopack.com\/product\/regular-custom-paper-box-kraft-paper-window-boxes\/#primaryimage","url":"https:\/\/www.chinatopack.com\/wp-content\/uploads\/2025\/07\/Regular-Custom-Paper-Box-Kraft-Paper-Window-Boxes1.webp","contentUrl":"https:\/\/www.chinatopack.com\/wp-content\/uploads\/2025\/07\/Regular-Custom-Paper-Box-Kraft-Paper-Window-Boxes1.webp","width":1100,"height":1100,"caption":"Regular Custom Paper Box Kraft Paper Window Boxes"},{"@type":"BreadcrumbList","@id":"https:\/\/www.chinatopack.com\/product\/regular-custom-paper-box-kraft-paper-window-boxes\/#breadcrumb","itemListElement":[{"@type":"ListItem","position":1,"name":"Home","item":"https:\/\/www.chinatopack.com\/"},{"@type":"ListItem","position":2,"name":"Products","item":"https:\/\/www.chinatopack.com\/shop\/"},{"@type":"ListItem","position":3,"name":"Regular Custom Paper Box Kraft Paper Window Boxes"}]},{"@type":"WebSite","@id":"https:\/\/www.chinatopack.com\/#website","url":"https:\/\/www.chinatopack.com\/","name":"TOPACK Paper Boxes","description":"","publisher":{"@id":"https:\/\/www.chinatopack.com\/#organization"},"potentialAction":[{"@type":"SearchAction","target":{"@type":"EntryPoint","urlTemplate":"https:\/\/www.chinatopack.com\/?s={search_term_string}"},"query-input":"required name=search_term_string"}],"inLanguage":"fr-FR"},{"@type":"Organization","@id":"https:\/\/www.chinatopack.com\/#organization","name":"TOPACK Paper Boxes","url":"https:\/\/www.chinatopack.com\/","logo":{"@type":"ImageObject","inLanguage":"fr-FR","@id":"https:\/\/www.chinatopack.com\/#\/schema\/logo\/image\/","url":"https:\/\/www.chinatopack.com\/wp-content\/uploads\/2025\/11\/logo2.webp","contentUrl":"https:\/\/www.chinatopack.com\/wp-content\/uploads\/2025\/11\/logo2.webp","width":512,"height":512,"caption":"TOPACK Paper Boxes"},"image":{"@id":"https:\/\/www.chinatopack.com\/#\/schema\/logo\/image\/"},"sameAs":["https:\/\/www.facebook.com\/ChinaTopack\/","https:\/\/www.youtube.com\/@chinatopack"]}]}},"_links":{"self":[{"href":"https:\/\/www.chinatopack.com\/fr\/wp-json\/wp\/v2\/product\/12751"}],"collection":[{"href":"https:\/\/www.chinatopack.com\/fr\/wp-json\/wp\/v2\/product"}],"about":[{"href":"https:\/\/www.chinatopack.com\/fr\/wp-json\/wp\/v2\/types\/product"}],"replies":[{"embeddable":true,"href":"https:\/\/www.chinatopack.com\/fr\/wp-json\/wp\/v2\/comments?post=12751"}],"wp:featuredmedia":[{"embeddable":true,"href":"https:\/\/www.chinatopack.com\/fr\/wp-json\/wp\/v2\/media\/12753"}],"wp:attachment":[{"href":"https:\/\/www.chinatopack.com\/fr\/wp-json\/wp\/v2\/media?parent=12751"}],"wp:term":[{"taxonomy":"product_cat","embeddable":true,"href":"https:\/\/www.chinatopack.com\/fr\/wp-json\/wp\/v2\/product_cat?post=12751"},{"taxonomy":"product_tag","embeddable":true,"href":"https:\/\/www.chinatopack.com\/fr\/wp-json\/wp\/v2\/product_tag?post=12751"}],"curies":[{"name":"wp","href":"https:\/\/api.w.org\/{rel}","templated":true}]}}