{"id":12770,"date":"2025-07-31T14:41:45","date_gmt":"2025-07-31T14:41:45","guid":{"rendered":"https:\/\/www.chinatopack.com\/?post_type=product&#038;p=12770"},"modified":"2025-08-08T14:08:02","modified_gmt":"2025-08-08T14:08:02","slug":"paper-watch-and-jewelry-box","status":"publish","type":"product","link":"https:\/\/www.chinatopack.com\/fr\/produit\/paper-watch-and-jewelry-box\/","title":{"rendered":"Bo\u00eete \u00e0 montres et \u00e0 bijoux en papier"},"content":{"rendered":"<h2>Description de la bo\u00eete \u00e0 montres et \u00e0 bijoux en papier<\/h2>\n<p>Papier <a href=\"https:\/\/www.chinatopack.com\/fr\/produit\/paper-watch-and-jewelry-box\/\"><strong>Bo\u00eete \u00e0 montres et \u00e0 bijoux<\/strong><\/a> est de plus en plus populaire sur le march\u00e9 aujourd'hui, et ces <a href=\"https:\/\/www.chinatopack.com\/fr\/\"><strong>bo\u00eetes \u00e0 bijoux personnalis\u00e9es<\/strong><\/a> est devenu le bon choix pour de nombreuses marques de bijoux de niche responsables. Pour l'amateur de bijoux exigeant, seul le meilleur convient. Nous aimerions vous pr\u00e9senter nos coffrets cadeaux personnalis\u00e9s pour bijoux de luxe, con\u00e7us pour offrir une exp\u00e9rience de d\u00e9ballage exceptionnelle. D\u00e8s que vos clients ouvriront la bo\u00eete, ils seront transport\u00e9s dans un monde de luxe et de raffinement.<\/p>\n<p>Vous pouvez r\u00e9aliser de nombreuses choses personnalis\u00e9es sur le <a href=\"https:\/\/www.chinatopack.com\/fr\/category\/jewelry-box\/\"><strong>coffret \u00e0 bijoux de luxe<\/strong><\/a> Pour montrer votre inspiration en mati\u00e8re de bijoux aux consommateurs, comme le choix de diff\u00e9rentes textures de mat\u00e9riaux, l'impression et l'estampage de logos sp\u00e9ciaux, l'effet Spot UV pour souligner la notori\u00e9t\u00e9 de la marque, des accessoires de d\u00e9coration sp\u00e9ciaux pour exprimer diverses id\u00e9es cr\u00e9atives, etc.<\/p>\n<p>En tant que l'un des <a href=\"https:\/\/www.chinatopack.com\/fr\/about-us\/\"><strong>fabricants de bo\u00eetes \u00e0 bijoux<\/strong><\/a>Nous vous assurons que nos bo\u00eetes sont parfaites pour tous ceux qui souhaitent mettre en valeur leur collection de bijoux d'une mani\u00e8re unique et chic. Ils sont disponibles dans des designs et des styles fantaisistes, et nous pouvons les personnaliser pour qu'ils correspondent \u00e0 tous les go\u00fbts et \u00e0 tous les budgets. Notre \u00e9quipe s'engage \u00e0 fournir des produits et des services de la plus haute qualit\u00e9 possible. Vous pouvez donc \u00eatre s\u00fbr que vos bijoux seront magnifiques lorsque vous les emballerez dans nos bo\u00eetes. De plus, la bo\u00eete \u00e0 bijoux en papier personnalis\u00e9e est un bon choix pour pr\u00e9senter vos produits \u00e0 vos clients dans le magasin ou le supermarch\u00e9. Commencez \u00e0 fabriquer vos propres bo\u00eetes \u00e0 bijoux en papier !<\/p>","protected":false},"excerpt":{"rendered":"<p>Les bo\u00eetes \u00e0 montres et \u00e0 bijoux en papier conviennent aux marques de niche et offrent un emballage de luxe. Personnalisables avec des mat\u00e9riaux, des logos, des effets UV, etc. Un fabricant fiable fournit des produits de qualit\u00e9, aux designs vari\u00e9s, adapt\u00e9s aux budgets pour l'exposition ou le cadeau.<\/p>","protected":false},"featured_media":12772,"comment_status":"closed","ping_status":"closed","template":"","meta":{"_et_pb_use_builder":"","_et_pb_old_content":"","_et_gb_content_width":""},"product_cat":[308],"product_tag":[294,295],"yoast_head":"<!-- This site is optimized with the Yoast SEO plugin v22.7 - https:\/\/yoast.com\/wordpress\/plugins\/seo\/ -->\n<title>Luxury Paper Watch and Jewelry Box Supplier | Custom in China<\/title>\n<meta name=\"description\" content=\"Watch and Jewelry Box Supplier: Custom luxury watch\/jewelry boxes w\/ Spot UV &amp; stamping. For niche brands &amp; retail displays. Manufacturer since 2003. Request quote!\" \/>\n<meta name=\"robots\" content=\"index, follow, max-snippet:-1, max-image-preview:large, max-video-preview:-1\" \/>\n<link rel=\"canonical\" href=\"https:\/\/www.chinatopack.com\/fr\/produit\/paper-watch-and-jewelry-box\/\" \/>\n<meta property=\"og:locale\" content=\"fr_FR\" \/>\n<meta property=\"og:type\" content=\"article\" \/>\n<meta property=\"og:title\" content=\"Luxury Paper Watch and Jewelry Box Supplier | Custom in China\" \/>\n<meta property=\"og:description\" content=\"Watch and Jewelry Box Supplier: Custom luxury watch\/jewelry boxes w\/ Spot UV &amp; stamping. For niche brands &amp; retail displays. Manufacturer since 2003. Request quote!\" \/>\n<meta property=\"og:url\" content=\"https:\/\/www.chinatopack.com\/fr\/produit\/paper-watch-and-jewelry-box\/\" \/>\n<meta property=\"og:site_name\" content=\"TOPACK Paper Boxes\" \/>\n<meta property=\"article:publisher\" content=\"https:\/\/www.facebook.com\/ChinaTopack\/\" \/>\n<meta property=\"article:modified_time\" content=\"2025-08-08T14:08:02+00:00\" \/>\n<meta property=\"og:image\" content=\"https:\/\/www.chinatopack.com\/wp-content\/uploads\/2025\/07\/Paper-Watch-and-Jewelry-Box3.webp\" \/>\n\t<meta property=\"og:image:width\" content=\"1100\" \/>\n\t<meta property=\"og:image:height\" content=\"1100\" \/>\n\t<meta property=\"og:image:type\" content=\"image\/webp\" \/>\n<meta name=\"twitter:card\" content=\"summary_large_image\" \/>\n<meta name=\"twitter:label1\" content=\"Dur\u00e9e de lecture estim\u00e9e\" \/>\n\t<meta name=\"twitter:data1\" content=\"2 minutes\" \/>\n<script type=\"application\/ld+json\" class=\"yoast-schema-graph\">{\"@context\":\"https:\/\/schema.org\",\"@graph\":[{\"@type\":\"WebPage\",\"@id\":\"https:\/\/www.chinatopack.com\/product\/paper-watch-and-jewelry-box\/\",\"url\":\"https:\/\/www.chinatopack.com\/product\/paper-watch-and-jewelry-box\/\",\"name\":\"Luxury Paper Watch and Jewelry Box Supplier | Custom in China\",\"isPartOf\":{\"@id\":\"https:\/\/www.chinatopack.com\/#website\"},\"primaryImageOfPage\":{\"@id\":\"https:\/\/www.chinatopack.com\/product\/paper-watch-and-jewelry-box\/#primaryimage\"},\"image\":{\"@id\":\"https:\/\/www.chinatopack.com\/product\/paper-watch-and-jewelry-box\/#primaryimage\"},\"thumbnailUrl\":\"https:\/\/www.chinatopack.com\/wp-content\/uploads\/2025\/07\/Paper-Watch-and-Jewelry-Box3.webp\",\"datePublished\":\"2025-07-31T14:41:45+00:00\",\"dateModified\":\"2025-08-08T14:08:02+00:00\",\"description\":\"Watch and Jewelry Box Supplier: Custom luxury watch\/jewelry boxes w\/ Spot UV & stamping. For niche brands & retail displays. Manufacturer since 2003. Request quote!\",\"breadcrumb\":{\"@id\":\"https:\/\/www.chinatopack.com\/product\/paper-watch-and-jewelry-box\/#breadcrumb\"},\"inLanguage\":\"fr-FR\",\"potentialAction\":[{\"@type\":\"ReadAction\",\"target\":[\"https:\/\/www.chinatopack.com\/product\/paper-watch-and-jewelry-box\/\"]}]},{\"@type\":\"ImageObject\",\"inLanguage\":\"fr-FR\",\"@id\":\"https:\/\/www.chinatopack.com\/product\/paper-watch-and-jewelry-box\/#primaryimage\",\"url\":\"https:\/\/www.chinatopack.com\/wp-content\/uploads\/2025\/07\/Paper-Watch-and-Jewelry-Box3.webp\",\"contentUrl\":\"https:\/\/www.chinatopack.com\/wp-content\/uploads\/2025\/07\/Paper-Watch-and-Jewelry-Box3.webp\",\"width\":1100,\"height\":1100,\"caption\":\"Paper Watch and Jewelry Box\"},{\"@type\":\"BreadcrumbList\",\"@id\":\"https:\/\/www.chinatopack.com\/product\/paper-watch-and-jewelry-box\/#breadcrumb\",\"itemListElement\":[{\"@type\":\"ListItem\",\"position\":1,\"name\":\"Home\",\"item\":\"https:\/\/www.chinatopack.com\/\"},{\"@type\":\"ListItem\",\"position\":2,\"name\":\"Products\",\"item\":\"https:\/\/www.chinatopack.com\/shop\/\"},{\"@type\":\"ListItem\",\"position\":3,\"name\":\"Paper Watch and Jewelry Box\"}]},{\"@type\":\"WebSite\",\"@id\":\"https:\/\/www.chinatopack.com\/#website\",\"url\":\"https:\/\/www.chinatopack.com\/\",\"name\":\"TOPACK Paper Boxes\",\"description\":\"\",\"publisher\":{\"@id\":\"https:\/\/www.chinatopack.com\/#organization\"},\"potentialAction\":[{\"@type\":\"SearchAction\",\"target\":{\"@type\":\"EntryPoint\",\"urlTemplate\":\"https:\/\/www.chinatopack.com\/?s={search_term_string}\"},\"query-input\":\"required name=search_term_string\"}],\"inLanguage\":\"fr-FR\"},{\"@type\":\"Organization\",\"@id\":\"https:\/\/www.chinatopack.com\/#organization\",\"name\":\"TOPACK Paper Boxes\",\"url\":\"https:\/\/www.chinatopack.com\/\",\"logo\":{\"@type\":\"ImageObject\",\"inLanguage\":\"fr-FR\",\"@id\":\"https:\/\/www.chinatopack.com\/#\/schema\/logo\/image\/\",\"url\":\"https:\/\/www.chinatopack.com\/wp-content\/uploads\/2025\/11\/logo2.webp\",\"contentUrl\":\"https:\/\/www.chinatopack.com\/wp-content\/uploads\/2025\/11\/logo2.webp\",\"width\":512,\"height\":512,\"caption\":\"TOPACK Paper Boxes\"},\"image\":{\"@id\":\"https:\/\/www.chinatopack.com\/#\/schema\/logo\/image\/\"},\"sameAs\":[\"https:\/\/www.facebook.com\/ChinaTopack\/\",\"https:\/\/www.youtube.com\/@chinatopack\"]}]}<\/script>\n<!-- \/ Yoast SEO plugin. -->","yoast_head_json":{"title":"Luxury Paper Watch and Jewelry Box Supplier | Custom in China","description":"Watch and Jewelry Box Supplier: Custom luxury watch\/jewelry boxes w\/ Spot UV & stamping. For niche brands & retail displays. Manufacturer since 2003. Request quote!","robots":{"index":"index","follow":"follow","max-snippet":"max-snippet:-1","max-image-preview":"max-image-preview:large","max-video-preview":"max-video-preview:-1"},"canonical":"https:\/\/www.chinatopack.com\/fr\/produit\/paper-watch-and-jewelry-box\/","og_locale":"fr_FR","og_type":"article","og_title":"Luxury Paper Watch and Jewelry Box Supplier | Custom in China","og_description":"Watch and Jewelry Box Supplier: Custom luxury watch\/jewelry boxes w\/ Spot UV & stamping. For niche brands & retail displays. Manufacturer since 2003. Request quote!","og_url":"https:\/\/www.chinatopack.com\/fr\/produit\/paper-watch-and-jewelry-box\/","og_site_name":"TOPACK Paper Boxes","article_publisher":"https:\/\/www.facebook.com\/ChinaTopack\/","article_modified_time":"2025-08-08T14:08:02+00:00","og_image":[{"width":1100,"height":1100,"url":"https:\/\/www.chinatopack.com\/wp-content\/uploads\/2025\/07\/Paper-Watch-and-Jewelry-Box3.webp","type":"image\/webp"}],"twitter_card":"summary_large_image","twitter_misc":{"Dur\u00e9e de lecture estim\u00e9e":"2 minutes"},"schema":{"@context":"https:\/\/schema.org","@graph":[{"@type":"WebPage","@id":"https:\/\/www.chinatopack.com\/product\/paper-watch-and-jewelry-box\/","url":"https:\/\/www.chinatopack.com\/product\/paper-watch-and-jewelry-box\/","name":"Luxury Paper Watch and Jewelry Box Supplier | Custom in China","isPartOf":{"@id":"https:\/\/www.chinatopack.com\/#website"},"primaryImageOfPage":{"@id":"https:\/\/www.chinatopack.com\/product\/paper-watch-and-jewelry-box\/#primaryimage"},"image":{"@id":"https:\/\/www.chinatopack.com\/product\/paper-watch-and-jewelry-box\/#primaryimage"},"thumbnailUrl":"https:\/\/www.chinatopack.com\/wp-content\/uploads\/2025\/07\/Paper-Watch-and-Jewelry-Box3.webp","datePublished":"2025-07-31T14:41:45+00:00","dateModified":"2025-08-08T14:08:02+00:00","description":"Watch and Jewelry Box Supplier: Custom luxury watch\/jewelry boxes w\/ Spot UV & stamping. For niche brands & retail displays. Manufacturer since 2003. Request quote!","breadcrumb":{"@id":"https:\/\/www.chinatopack.com\/product\/paper-watch-and-jewelry-box\/#breadcrumb"},"inLanguage":"fr-FR","potentialAction":[{"@type":"ReadAction","target":["https:\/\/www.chinatopack.com\/product\/paper-watch-and-jewelry-box\/"]}]},{"@type":"ImageObject","inLanguage":"fr-FR","@id":"https:\/\/www.chinatopack.com\/product\/paper-watch-and-jewelry-box\/#primaryimage","url":"https:\/\/www.chinatopack.com\/wp-content\/uploads\/2025\/07\/Paper-Watch-and-Jewelry-Box3.webp","contentUrl":"https:\/\/www.chinatopack.com\/wp-content\/uploads\/2025\/07\/Paper-Watch-and-Jewelry-Box3.webp","width":1100,"height":1100,"caption":"Paper Watch and Jewelry Box"},{"@type":"BreadcrumbList","@id":"https:\/\/www.chinatopack.com\/product\/paper-watch-and-jewelry-box\/#breadcrumb","itemListElement":[{"@type":"ListItem","position":1,"name":"Home","item":"https:\/\/www.chinatopack.com\/"},{"@type":"ListItem","position":2,"name":"Products","item":"https:\/\/www.chinatopack.com\/shop\/"},{"@type":"ListItem","position":3,"name":"Paper Watch and Jewelry Box"}]},{"@type":"WebSite","@id":"https:\/\/www.chinatopack.com\/#website","url":"https:\/\/www.chinatopack.com\/","name":"TOPACK Paper Boxes","description":"","publisher":{"@id":"https:\/\/www.chinatopack.com\/#organization"},"potentialAction":[{"@type":"SearchAction","target":{"@type":"EntryPoint","urlTemplate":"https:\/\/www.chinatopack.com\/?s={search_term_string}"},"query-input":"required name=search_term_string"}],"inLanguage":"fr-FR"},{"@type":"Organization","@id":"https:\/\/www.chinatopack.com\/#organization","name":"TOPACK Paper Boxes","url":"https:\/\/www.chinatopack.com\/","logo":{"@type":"ImageObject","inLanguage":"fr-FR","@id":"https:\/\/www.chinatopack.com\/#\/schema\/logo\/image\/","url":"https:\/\/www.chinatopack.com\/wp-content\/uploads\/2025\/11\/logo2.webp","contentUrl":"https:\/\/www.chinatopack.com\/wp-content\/uploads\/2025\/11\/logo2.webp","width":512,"height":512,"caption":"TOPACK Paper Boxes"},"image":{"@id":"https:\/\/www.chinatopack.com\/#\/schema\/logo\/image\/"},"sameAs":["https:\/\/www.facebook.com\/ChinaTopack\/","https:\/\/www.youtube.com\/@chinatopack"]}]}},"_links":{"self":[{"href":"https:\/\/www.chinatopack.com\/fr\/wp-json\/wp\/v2\/product\/12770"}],"collection":[{"href":"https:\/\/www.chinatopack.com\/fr\/wp-json\/wp\/v2\/product"}],"about":[{"href":"https:\/\/www.chinatopack.com\/fr\/wp-json\/wp\/v2\/types\/product"}],"replies":[{"embeddable":true,"href":"https:\/\/www.chinatopack.com\/fr\/wp-json\/wp\/v2\/comments?post=12770"}],"wp:featuredmedia":[{"embeddable":true,"href":"https:\/\/www.chinatopack.com\/fr\/wp-json\/wp\/v2\/media\/12772"}],"wp:attachment":[{"href":"https:\/\/www.chinatopack.com\/fr\/wp-json\/wp\/v2\/media?parent=12770"}],"wp:term":[{"taxonomy":"product_cat","embeddable":true,"href":"https:\/\/www.chinatopack.com\/fr\/wp-json\/wp\/v2\/product_cat?post=12770"},{"taxonomy":"product_tag","embeddable":true,"href":"https:\/\/www.chinatopack.com\/fr\/wp-json\/wp\/v2\/product_tag?post=12770"}],"curies":[{"name":"wp","href":"https:\/\/api.w.org\/{rel}","templated":true}]}}