{"id":12787,"date":"2025-07-31T14:59:06","date_gmt":"2025-07-31T14:59:06","guid":{"rendered":"https:\/\/www.chinatopack.com\/?post_type=product&#038;p=12787"},"modified":"2025-08-08T13:57:58","modified_gmt":"2025-08-08T13:57:58","slug":"cosmetic-paper-box-cosmetic-bag","status":"publish","type":"product","link":"https:\/\/www.chinatopack.com\/fr\/produit\/cosmetic-paper-box-cosmetic-bag\/","title":{"rendered":"Bo\u00eete en papier pour cosm\u00e9tiques Sac pour cosm\u00e9tiques"},"content":{"rendered":"<h2>Bo\u00eete en papier pour cosm\u00e9tiques Sac pour cosm\u00e9tiques Description<\/h2>\n<p>Papier cosm\u00e9tique de qualit\u00e9 sup\u00e9rieure <a href=\"https:\/\/www.chinatopack.com\/fr\/produit\/cosmetic-paper-box-cosmetic-bag\/\"><strong>Bo\u00eete sac \u00e0 cosm\u00e9tiques<\/strong><\/a>: \u00c9l\u00e9gance, qualit\u00e9 et durabilit\u00e9<\/p>\n<p>La production de nos produits haut de gamme <a href=\"https:\/\/www.chinatopack.com\/fr\/\"><strong>bo\u00eetes \u00e0 cosm\u00e9tiques en gros<\/strong><\/a> commence par l'utilisation de mat\u00e9riaux \u00e9cologiques soigneusement s\u00e9lectionn\u00e9s, qui garantissent la durabilit\u00e9 et une finition luxueuse. Chaque bo\u00eete est d\u00e9coup\u00e9e avec pr\u00e9cision, soumise \u00e0 des techniques d'impression avanc\u00e9es (comme le gaufrage, l'estampage ou le rev\u00eatement UV) et assembl\u00e9e m\u00e9ticuleusement pour cr\u00e9er une pr\u00e9sentation impeccable. Notre processus rationalis\u00e9 maintient un contr\u00f4le de qualit\u00e9 strict, avec un d\u00e9lai de livraison standard de 10 \u00e0 15 jours (personnalisable pour les besoins urgents).<\/p>\n<p>Con\u00e7us pour les \"marques de beaut\u00e9 de luxe, les lignes de soins de la peau et les produits de maquillage haut de gamme\", ces produits ont \u00e9t\u00e9 con\u00e7us pour \u00eatre utilis\u00e9s dans le monde entier. <a href=\"https:\/\/www.chinatopack.com\/fr\/category\/cosmetic-box\/\"><strong>bo\u00eetes \u00e0 cosm\u00e9tiques<\/strong><\/a> s'adressent \u00e0 des consommateurs exigeants qui appr\u00e9cient la sophistication et la durabilit\u00e9. Id\u00e9ales pour les \"coffrets cadeaux, les \u00e9ditions limit\u00e9es ou les emballages de vente au d\u00e9tail\", elles am\u00e9liorent les exp\u00e9riences de d\u00e9ballage tout en renfor\u00e7ant le prestige de la marque.<\/p>\n<p>En tant que l'un des <a href=\"https:\/\/www.chinatopack.com\/fr\/about-us\/\"><strong>fabricants de bo\u00eetes \u00e0 cosm\u00e9tiques<\/strong><\/a> Avec plus de 20 ans d'exp\u00e9rience, nous pouvons fournir des conseils professionnels\uff0cet d'autres types de bo\u00eetes d'emballage, telles que les bo\u00eetes pliantes et les bo\u00eetes en forme de livre, etc. Afin de garantir la qualit\u00e9, notre \u00e9quipe d'inspection de la qualit\u00e9 ne se contente pas d'inspecter le produit fini, mais proc\u00e8de \u00e9galement \u00e0 l'inspection \u00e0 l'arriv\u00e9e et \u00e0 l'inspection du processus. Tous les sacs d'emballage sont emball\u00e9s dans un carton kraft \u00e0 cinq couches avant le transport afin de garantir qu'ils ne seront pas endommag\u00e9s pendant le transport.<\/p>","protected":false},"excerpt":{"rendered":"<p>Premium Cosmetic Paper Boxes &amp; Bags, made with eco-friendly materials, feature fine crafting. For luxury brands, 10-15 day lead time. A 20+ year manufacturer offers advice, other boxes, strict quality checks, and secure shipping.<\/p>","protected":false},"featured_media":12789,"comment_status":"closed","ping_status":"closed","template":"","meta":{"_et_pb_use_builder":"","_et_pb_old_content":"","_et_gb_content_width":""},"product_cat":[309],"product_tag":[298],"yoast_head":"<!-- This site is optimized with the Yoast SEO plugin v22.7 - https:\/\/yoast.com\/wordpress\/plugins\/seo\/ -->\n<title>Luxury Box Cosmetic Bag Supplier | Eco From China<\/title>\n<meta name=\"description\" content=\"Premium Box Cosmetic Bag Supplier: 20+ yrs crafting eco-luxury boxes w\/ foil stamping &amp; embossing. 12-step QC. For beauty brands &amp; gift sets. Request quote!\" \/>\n<meta name=\"robots\" content=\"index, follow, max-snippet:-1, max-image-preview:large, max-video-preview:-1\" \/>\n<link rel=\"canonical\" href=\"https:\/\/www.chinatopack.com\/fr\/produit\/cosmetic-paper-box-cosmetic-bag\/\" \/>\n<meta property=\"og:locale\" content=\"fr_FR\" \/>\n<meta property=\"og:type\" content=\"article\" \/>\n<meta property=\"og:title\" content=\"Luxury Box Cosmetic Bag Supplier | Eco From China\" \/>\n<meta property=\"og:description\" content=\"Premium Box Cosmetic Bag Supplier: 20+ yrs crafting eco-luxury boxes w\/ foil stamping &amp; embossing. 12-step QC. For beauty brands &amp; gift sets. Request quote!\" \/>\n<meta property=\"og:url\" content=\"https:\/\/www.chinatopack.com\/fr\/produit\/cosmetic-paper-box-cosmetic-bag\/\" \/>\n<meta property=\"og:site_name\" content=\"TOPACK Paper Boxes\" \/>\n<meta property=\"article:publisher\" content=\"https:\/\/www.facebook.com\/ChinaTopack\/\" \/>\n<meta property=\"article:modified_time\" content=\"2025-08-08T13:57:58+00:00\" \/>\n<meta property=\"og:image\" content=\"https:\/\/www.chinatopack.com\/wp-content\/uploads\/2025\/07\/Cosmetic-Paper-Box-Cosmetic-Bag1.webp\" \/>\n\t<meta property=\"og:image:width\" content=\"1100\" \/>\n\t<meta property=\"og:image:height\" content=\"1100\" \/>\n\t<meta property=\"og:image:type\" content=\"image\/webp\" \/>\n<meta name=\"twitter:card\" content=\"summary_large_image\" \/>\n<meta name=\"twitter:label1\" content=\"Dur\u00e9e de lecture estim\u00e9e\" \/>\n\t<meta name=\"twitter:data1\" content=\"2 minutes\" \/>\n<script type=\"application\/ld+json\" class=\"yoast-schema-graph\">{\"@context\":\"https:\/\/schema.org\",\"@graph\":[{\"@type\":\"WebPage\",\"@id\":\"https:\/\/www.chinatopack.com\/product\/cosmetic-paper-box-cosmetic-bag\/\",\"url\":\"https:\/\/www.chinatopack.com\/product\/cosmetic-paper-box-cosmetic-bag\/\",\"name\":\"Luxury Box Cosmetic Bag Supplier | Eco From China\",\"isPartOf\":{\"@id\":\"https:\/\/www.chinatopack.com\/#website\"},\"primaryImageOfPage\":{\"@id\":\"https:\/\/www.chinatopack.com\/product\/cosmetic-paper-box-cosmetic-bag\/#primaryimage\"},\"image\":{\"@id\":\"https:\/\/www.chinatopack.com\/product\/cosmetic-paper-box-cosmetic-bag\/#primaryimage\"},\"thumbnailUrl\":\"https:\/\/www.chinatopack.com\/wp-content\/uploads\/2025\/07\/Cosmetic-Paper-Box-Cosmetic-Bag1.webp\",\"datePublished\":\"2025-07-31T14:59:06+00:00\",\"dateModified\":\"2025-08-08T13:57:58+00:00\",\"description\":\"Premium Box Cosmetic Bag Supplier: 20+ yrs crafting eco-luxury boxes w\/ foil stamping & embossing. 12-step QC. For beauty brands & gift sets. Request quote!\",\"breadcrumb\":{\"@id\":\"https:\/\/www.chinatopack.com\/product\/cosmetic-paper-box-cosmetic-bag\/#breadcrumb\"},\"inLanguage\":\"fr-FR\",\"potentialAction\":[{\"@type\":\"ReadAction\",\"target\":[\"https:\/\/www.chinatopack.com\/product\/cosmetic-paper-box-cosmetic-bag\/\"]}]},{\"@type\":\"ImageObject\",\"inLanguage\":\"fr-FR\",\"@id\":\"https:\/\/www.chinatopack.com\/product\/cosmetic-paper-box-cosmetic-bag\/#primaryimage\",\"url\":\"https:\/\/www.chinatopack.com\/wp-content\/uploads\/2025\/07\/Cosmetic-Paper-Box-Cosmetic-Bag1.webp\",\"contentUrl\":\"https:\/\/www.chinatopack.com\/wp-content\/uploads\/2025\/07\/Cosmetic-Paper-Box-Cosmetic-Bag1.webp\",\"width\":1100,\"height\":1100,\"caption\":\"Cosmetic Paper Box Cosmetic Bag\"},{\"@type\":\"BreadcrumbList\",\"@id\":\"https:\/\/www.chinatopack.com\/product\/cosmetic-paper-box-cosmetic-bag\/#breadcrumb\",\"itemListElement\":[{\"@type\":\"ListItem\",\"position\":1,\"name\":\"Home\",\"item\":\"https:\/\/www.chinatopack.com\/\"},{\"@type\":\"ListItem\",\"position\":2,\"name\":\"Products\",\"item\":\"https:\/\/www.chinatopack.com\/shop\/\"},{\"@type\":\"ListItem\",\"position\":3,\"name\":\"Cosmetic Paper Box Cosmetic Bag\"}]},{\"@type\":\"WebSite\",\"@id\":\"https:\/\/www.chinatopack.com\/#website\",\"url\":\"https:\/\/www.chinatopack.com\/\",\"name\":\"TOPACK Paper Boxes\",\"description\":\"\",\"publisher\":{\"@id\":\"https:\/\/www.chinatopack.com\/#organization\"},\"potentialAction\":[{\"@type\":\"SearchAction\",\"target\":{\"@type\":\"EntryPoint\",\"urlTemplate\":\"https:\/\/www.chinatopack.com\/?s={search_term_string}\"},\"query-input\":\"required name=search_term_string\"}],\"inLanguage\":\"fr-FR\"},{\"@type\":\"Organization\",\"@id\":\"https:\/\/www.chinatopack.com\/#organization\",\"name\":\"TOPACK Paper Boxes\",\"url\":\"https:\/\/www.chinatopack.com\/\",\"logo\":{\"@type\":\"ImageObject\",\"inLanguage\":\"fr-FR\",\"@id\":\"https:\/\/www.chinatopack.com\/#\/schema\/logo\/image\/\",\"url\":\"https:\/\/www.chinatopack.com\/wp-content\/uploads\/2025\/11\/logo2.webp\",\"contentUrl\":\"https:\/\/www.chinatopack.com\/wp-content\/uploads\/2025\/11\/logo2.webp\",\"width\":512,\"height\":512,\"caption\":\"TOPACK Paper Boxes\"},\"image\":{\"@id\":\"https:\/\/www.chinatopack.com\/#\/schema\/logo\/image\/\"},\"sameAs\":[\"https:\/\/www.facebook.com\/ChinaTopack\/\",\"https:\/\/www.youtube.com\/@chinatopack\"]}]}<\/script>\n<!-- \/ Yoast SEO plugin. -->","yoast_head_json":{"title":"Luxury Box Cosmetic Bag Supplier | Eco From China","description":"Premium Box Cosmetic Bag Supplier: 20+ yrs crafting eco-luxury boxes w\/ foil stamping & embossing. 12-step QC. For beauty brands & gift sets. Request quote!","robots":{"index":"index","follow":"follow","max-snippet":"max-snippet:-1","max-image-preview":"max-image-preview:large","max-video-preview":"max-video-preview:-1"},"canonical":"https:\/\/www.chinatopack.com\/fr\/produit\/cosmetic-paper-box-cosmetic-bag\/","og_locale":"fr_FR","og_type":"article","og_title":"Luxury Box Cosmetic Bag Supplier | Eco From China","og_description":"Premium Box Cosmetic Bag Supplier: 20+ yrs crafting eco-luxury boxes w\/ foil stamping & embossing. 12-step QC. For beauty brands & gift sets. Request quote!","og_url":"https:\/\/www.chinatopack.com\/fr\/produit\/cosmetic-paper-box-cosmetic-bag\/","og_site_name":"TOPACK Paper Boxes","article_publisher":"https:\/\/www.facebook.com\/ChinaTopack\/","article_modified_time":"2025-08-08T13:57:58+00:00","og_image":[{"width":1100,"height":1100,"url":"https:\/\/www.chinatopack.com\/wp-content\/uploads\/2025\/07\/Cosmetic-Paper-Box-Cosmetic-Bag1.webp","type":"image\/webp"}],"twitter_card":"summary_large_image","twitter_misc":{"Dur\u00e9e de lecture estim\u00e9e":"2 minutes"},"schema":{"@context":"https:\/\/schema.org","@graph":[{"@type":"WebPage","@id":"https:\/\/www.chinatopack.com\/product\/cosmetic-paper-box-cosmetic-bag\/","url":"https:\/\/www.chinatopack.com\/product\/cosmetic-paper-box-cosmetic-bag\/","name":"Luxury Box Cosmetic Bag Supplier | Eco From China","isPartOf":{"@id":"https:\/\/www.chinatopack.com\/#website"},"primaryImageOfPage":{"@id":"https:\/\/www.chinatopack.com\/product\/cosmetic-paper-box-cosmetic-bag\/#primaryimage"},"image":{"@id":"https:\/\/www.chinatopack.com\/product\/cosmetic-paper-box-cosmetic-bag\/#primaryimage"},"thumbnailUrl":"https:\/\/www.chinatopack.com\/wp-content\/uploads\/2025\/07\/Cosmetic-Paper-Box-Cosmetic-Bag1.webp","datePublished":"2025-07-31T14:59:06+00:00","dateModified":"2025-08-08T13:57:58+00:00","description":"Premium Box Cosmetic Bag Supplier: 20+ yrs crafting eco-luxury boxes w\/ foil stamping & embossing. 12-step QC. For beauty brands & gift sets. Request quote!","breadcrumb":{"@id":"https:\/\/www.chinatopack.com\/product\/cosmetic-paper-box-cosmetic-bag\/#breadcrumb"},"inLanguage":"fr-FR","potentialAction":[{"@type":"ReadAction","target":["https:\/\/www.chinatopack.com\/product\/cosmetic-paper-box-cosmetic-bag\/"]}]},{"@type":"ImageObject","inLanguage":"fr-FR","@id":"https:\/\/www.chinatopack.com\/product\/cosmetic-paper-box-cosmetic-bag\/#primaryimage","url":"https:\/\/www.chinatopack.com\/wp-content\/uploads\/2025\/07\/Cosmetic-Paper-Box-Cosmetic-Bag1.webp","contentUrl":"https:\/\/www.chinatopack.com\/wp-content\/uploads\/2025\/07\/Cosmetic-Paper-Box-Cosmetic-Bag1.webp","width":1100,"height":1100,"caption":"Cosmetic Paper Box Cosmetic Bag"},{"@type":"BreadcrumbList","@id":"https:\/\/www.chinatopack.com\/product\/cosmetic-paper-box-cosmetic-bag\/#breadcrumb","itemListElement":[{"@type":"ListItem","position":1,"name":"Home","item":"https:\/\/www.chinatopack.com\/"},{"@type":"ListItem","position":2,"name":"Products","item":"https:\/\/www.chinatopack.com\/shop\/"},{"@type":"ListItem","position":3,"name":"Cosmetic Paper Box Cosmetic Bag"}]},{"@type":"WebSite","@id":"https:\/\/www.chinatopack.com\/#website","url":"https:\/\/www.chinatopack.com\/","name":"TOPACK Paper Boxes","description":"","publisher":{"@id":"https:\/\/www.chinatopack.com\/#organization"},"potentialAction":[{"@type":"SearchAction","target":{"@type":"EntryPoint","urlTemplate":"https:\/\/www.chinatopack.com\/?s={search_term_string}"},"query-input":"required name=search_term_string"}],"inLanguage":"fr-FR"},{"@type":"Organization","@id":"https:\/\/www.chinatopack.com\/#organization","name":"TOPACK Paper Boxes","url":"https:\/\/www.chinatopack.com\/","logo":{"@type":"ImageObject","inLanguage":"fr-FR","@id":"https:\/\/www.chinatopack.com\/#\/schema\/logo\/image\/","url":"https:\/\/www.chinatopack.com\/wp-content\/uploads\/2025\/11\/logo2.webp","contentUrl":"https:\/\/www.chinatopack.com\/wp-content\/uploads\/2025\/11\/logo2.webp","width":512,"height":512,"caption":"TOPACK Paper Boxes"},"image":{"@id":"https:\/\/www.chinatopack.com\/#\/schema\/logo\/image\/"},"sameAs":["https:\/\/www.facebook.com\/ChinaTopack\/","https:\/\/www.youtube.com\/@chinatopack"]}]}},"_links":{"self":[{"href":"https:\/\/www.chinatopack.com\/fr\/wp-json\/wp\/v2\/product\/12787"}],"collection":[{"href":"https:\/\/www.chinatopack.com\/fr\/wp-json\/wp\/v2\/product"}],"about":[{"href":"https:\/\/www.chinatopack.com\/fr\/wp-json\/wp\/v2\/types\/product"}],"replies":[{"embeddable":true,"href":"https:\/\/www.chinatopack.com\/fr\/wp-json\/wp\/v2\/comments?post=12787"}],"wp:featuredmedia":[{"embeddable":true,"href":"https:\/\/www.chinatopack.com\/fr\/wp-json\/wp\/v2\/media\/12789"}],"wp:attachment":[{"href":"https:\/\/www.chinatopack.com\/fr\/wp-json\/wp\/v2\/media?parent=12787"}],"wp:term":[{"taxonomy":"product_cat","embeddable":true,"href":"https:\/\/www.chinatopack.com\/fr\/wp-json\/wp\/v2\/product_cat?post=12787"},{"taxonomy":"product_tag","embeddable":true,"href":"https:\/\/www.chinatopack.com\/fr\/wp-json\/wp\/v2\/product_tag?post=12787"}],"curies":[{"name":"wp","href":"https:\/\/api.w.org\/{rel}","templated":true}]}}