{"id":12792,"date":"2025-07-31T15:12:48","date_gmt":"2025-07-31T15:12:48","guid":{"rendered":"https:\/\/www.chinatopack.com\/?post_type=product&#038;p=12792"},"modified":"2025-08-12T11:09:50","modified_gmt":"2025-08-12T11:09:50","slug":"premium-cosmetic-paper-boxes-cosmetics-storage-box","status":"publish","type":"product","link":"https:\/\/www.chinatopack.com\/fr\/produit\/premium-cosmetic-paper-boxes-cosmetics-storage-box\/","title":{"rendered":"Bo\u00eete en papier pour cosm\u00e9tiques Premium Bo\u00eete de rangement pour cosm\u00e9tiques"},"content":{"rendered":"<h2>Premium Cosmetic Paper Boxes Cosmetics Storage Box Description<\/h2>\n<h3>\u00c9l\u00e9gance, qualit\u00e9 et durabilit\u00e9<\/h3>\n<p>Chaque d\u00e9tail de notre <a href=\"https:\/\/www.chinatopack.com\/fr\/produit\/premium-cosmetic-paper-boxes-cosmetics-storage-box\/\"><strong>bo\u00eete de rangement pour cosm\u00e9tiques<\/strong><\/a> refl\u00e8te une excellence sans compromis. Du carton certifi\u00e9 FSC aux encres \u00e0 base de soja, nous associons des mat\u00e9riaux durables \u00e0 un savoir-faire artisanal. Chaque pi\u00e8ce subit 12 contr\u00f4les de qualit\u00e9 au cours de la production, ce qui garantit une int\u00e9grit\u00e9 structurelle sans faille et une impression parfaite. Notre d\u00e9lai d'ex\u00e9cution standard de 10 \u00e0 15 jours permet de r\u00e9pondre \u00e0 la plupart des commandes. Un service acc\u00e9l\u00e9r\u00e9 de 7 jours est disponible pour les campagnes urgentes.<\/p>\n<h3>Con\u00e7u pour les marques exigeantes<\/h3>\n<p>- Collections de soins et de maquillage de luxe<\/p>\n<p>- Sets de vacances en \u00e9dition limit\u00e9e<\/p>\n<p>- Lignes de produits de beaut\u00e9 biologiques<\/p>\n<p>- Emballage des parfums de prestige<\/p>\n<h3>Pourquoi nous choisir ?<\/h3>\n<p>Fermetures et inserts magn\u00e9tiques personnalis\u00e9s<\/p>\n<p>Gaufrage 3D et dorure \u00e0 chaud<\/p>\n<p>Emballage de protection pr\u00eat pour la vente au d\u00e9tail<\/p>\n<p>Augmentation de la valeur per\u00e7ue de 40% (donn\u00e9es d'\u00e9tudes de march\u00e9)<\/p>\n<p>Rev\u00eatement r\u00e9sistant aux rayures pour une brillance durable<\/p>\n<p>En tant que <a href=\"https:\/\/www.chinatopack.com\/fr\/about-us\/\"><strong>fabricants de bo\u00eetes \u00e0 cosm\u00e9tiques<\/strong><\/a> Avec plus de 20 ans d'exp\u00e9rience, nous pouvons fournir des conseils professionnels\uff0cet d'autres types de bo\u00eetes d'emballage, tels que <a href=\"https:\/\/www.chinatopack.com\/fr\/\"><strong>bo\u00eete \u00e0 cosm\u00e9tiques personnalis\u00e9e<\/strong><\/a> et les bo\u00eetes en forme de livre, etc. Afin de garantir la qualit\u00e9, notre \u00e9quipe d'inspection de la qualit\u00e9 ne se contente pas d'inspecter le produit fini, mais proc\u00e8de \u00e9galement \u00e0 l'inspection \u00e0 l'arriv\u00e9e et \u00e0 l'inspection du processus. Tous les produits <a href=\"https:\/\/www.chinatopack.com\/fr\/category\/cosmetic-box\/\"><strong>bo\u00eetes \u00e0 cosm\u00e9tiques<\/strong><\/a> seront emball\u00e9s dans un carton kraft \u00e0 cinq couches avant le transport afin de garantir qu'ils ne seront pas endommag\u00e9s pendant le transport.<\/p>\n<h2>Photos de la bo\u00eete de rangement pour cosm\u00e9tiques<\/h2>\n<p><img loading=\"lazy\" decoding=\"async\" class=\"size-full wp-image-12800 aligncenter\" data-src=\"https:\/\/www.chinatopack.com\/wp-content\/uploads\/2025\/07\/Premium-Cosmetic-Paper-Boxes-Cosmetics-Storage-Box7.webp\" alt=\"Bo\u00eete en papier pour cosm\u00e9tiques Premium Bo\u00eete de rangement pour cosm\u00e9tiques\" width=\"1100\" height=\"1100\" srcset=\"https:\/\/www.chinatopack.com\/wp-content\/uploads\/2025\/07\/Premium-Cosmetic-Paper-Boxes-Cosmetics-Storage-Box7.webp 1100w, https:\/\/www.chinatopack.com\/wp-content\/uploads\/2025\/07\/Premium-Cosmetic-Paper-Boxes-Cosmetics-Storage-Box7-980x980.webp 980w, https:\/\/www.chinatopack.com\/wp-content\/uploads\/2025\/07\/Premium-Cosmetic-Paper-Boxes-Cosmetics-Storage-Box7-480x480.webp 480w\" sizes=\"(min-width: 0px) and (max-width: 480px) 480px, (min-width: 481px) and (max-width: 980px) 980px, (min-width: 981px) 1100px, 100vw\" \/> <img loading=\"lazy\" decoding=\"async\" class=\"size-full wp-image-12801 aligncenter\" data-src=\"https:\/\/www.chinatopack.com\/wp-content\/uploads\/2025\/07\/Premium-Cosmetic-Paper-Boxes-Cosmetics-Storage-Box8.webp\" alt=\"Bo\u00eete en papier pour cosm\u00e9tiques Premium Bo\u00eete de rangement pour cosm\u00e9tiques\" width=\"1100\" height=\"1100\" srcset=\"https:\/\/www.chinatopack.com\/wp-content\/uploads\/2025\/07\/Premium-Cosmetic-Paper-Boxes-Cosmetics-Storage-Box8.webp 1100w, https:\/\/www.chinatopack.com\/wp-content\/uploads\/2025\/07\/Premium-Cosmetic-Paper-Boxes-Cosmetics-Storage-Box8-980x980.webp 980w, https:\/\/www.chinatopack.com\/wp-content\/uploads\/2025\/07\/Premium-Cosmetic-Paper-Boxes-Cosmetics-Storage-Box8-480x480.webp 480w\" sizes=\"(min-width: 0px) and (max-width: 480px) 480px, (min-width: 481px) and (max-width: 980px) 980px, (min-width: 981px) 1100px, 100vw\" \/><\/p>","protected":false},"excerpt":{"rendered":"<p>Our premium cosmetic boxes blend FSC-certified materials, artisanal craft, and 12 quality checks. With custom features, 10-15 day turnaround, 20+ years&#8217; experience, they boost value by 40% for luxury brands.<\/p>","protected":false},"featured_media":12794,"comment_status":"closed","ping_status":"closed","template":"","meta":{"_et_pb_use_builder":"","_et_pb_old_content":"","_et_gb_content_width":""},"product_cat":[309],"product_tag":[298],"yoast_head":"<!-- This site is optimized with the Yoast SEO plugin v22.7 - https:\/\/yoast.com\/wordpress\/plugins\/seo\/ -->\n<title>Premium Cosmetics Storage Box Supplier | Luxury Eco From China<\/title>\n<meta name=\"description\" content=\"Leading Cosmetics Storage Box Supplier: 20+ yrs FSC-certified luxury boxes w\/ foil stamping &amp; embossing. 12-step QC. Boosts brand value 40%. Request quote!\" \/>\n<meta name=\"robots\" content=\"index, follow, max-snippet:-1, max-image-preview:large, max-video-preview:-1\" \/>\n<link rel=\"canonical\" href=\"https:\/\/www.chinatopack.com\/fr\/produit\/premium-cosmetic-paper-boxes-cosmetics-storage-box\/\" \/>\n<meta property=\"og:locale\" content=\"fr_FR\" \/>\n<meta property=\"og:type\" content=\"article\" \/>\n<meta property=\"og:title\" content=\"Premium Cosmetics Storage Box Supplier | Luxury Eco From China\" \/>\n<meta property=\"og:description\" content=\"Leading Cosmetics Storage Box Supplier: 20+ yrs FSC-certified luxury boxes w\/ foil stamping &amp; embossing. 12-step QC. Boosts brand value 40%. Request quote!\" \/>\n<meta property=\"og:url\" content=\"https:\/\/www.chinatopack.com\/fr\/produit\/premium-cosmetic-paper-boxes-cosmetics-storage-box\/\" \/>\n<meta property=\"og:site_name\" content=\"TOPACK Paper Boxes\" \/>\n<meta property=\"article:publisher\" content=\"https:\/\/www.facebook.com\/ChinaTopack\/\" \/>\n<meta property=\"article:modified_time\" content=\"2025-08-12T11:09:50+00:00\" \/>\n<meta property=\"og:image\" content=\"https:\/\/www.chinatopack.com\/wp-content\/uploads\/2025\/07\/Premium-Cosmetic-Paper-Boxes-Cosmetics-Storage-Box1.webp\" \/>\n\t<meta property=\"og:image:width\" content=\"1100\" \/>\n\t<meta property=\"og:image:height\" content=\"1100\" \/>\n\t<meta property=\"og:image:type\" content=\"image\/webp\" \/>\n<meta name=\"twitter:card\" content=\"summary_large_image\" \/>\n<meta name=\"twitter:label1\" content=\"Dur\u00e9e de lecture estim\u00e9e\" \/>\n\t<meta name=\"twitter:data1\" content=\"2 minutes\" \/>\n<script type=\"application\/ld+json\" class=\"yoast-schema-graph\">{\"@context\":\"https:\/\/schema.org\",\"@graph\":[{\"@type\":\"WebPage\",\"@id\":\"https:\/\/www.chinatopack.com\/product\/premium-cosmetic-paper-boxes-cosmetics-storage-box\/\",\"url\":\"https:\/\/www.chinatopack.com\/product\/premium-cosmetic-paper-boxes-cosmetics-storage-box\/\",\"name\":\"Premium Cosmetics Storage Box Supplier | Luxury Eco From China\",\"isPartOf\":{\"@id\":\"https:\/\/www.chinatopack.com\/#website\"},\"primaryImageOfPage\":{\"@id\":\"https:\/\/www.chinatopack.com\/product\/premium-cosmetic-paper-boxes-cosmetics-storage-box\/#primaryimage\"},\"image\":{\"@id\":\"https:\/\/www.chinatopack.com\/product\/premium-cosmetic-paper-boxes-cosmetics-storage-box\/#primaryimage\"},\"thumbnailUrl\":\"https:\/\/www.chinatopack.com\/wp-content\/uploads\/2025\/07\/Premium-Cosmetic-Paper-Boxes-Cosmetics-Storage-Box1.webp\",\"datePublished\":\"2025-07-31T15:12:48+00:00\",\"dateModified\":\"2025-08-12T11:09:50+00:00\",\"description\":\"Leading Cosmetics Storage Box Supplier: 20+ yrs FSC-certified luxury boxes w\/ foil stamping & embossing. 12-step QC. Boosts brand value 40%. Request quote!\",\"breadcrumb\":{\"@id\":\"https:\/\/www.chinatopack.com\/product\/premium-cosmetic-paper-boxes-cosmetics-storage-box\/#breadcrumb\"},\"inLanguage\":\"fr-FR\",\"potentialAction\":[{\"@type\":\"ReadAction\",\"target\":[\"https:\/\/www.chinatopack.com\/product\/premium-cosmetic-paper-boxes-cosmetics-storage-box\/\"]}]},{\"@type\":\"ImageObject\",\"inLanguage\":\"fr-FR\",\"@id\":\"https:\/\/www.chinatopack.com\/product\/premium-cosmetic-paper-boxes-cosmetics-storage-box\/#primaryimage\",\"url\":\"https:\/\/www.chinatopack.com\/wp-content\/uploads\/2025\/07\/Premium-Cosmetic-Paper-Boxes-Cosmetics-Storage-Box1.webp\",\"contentUrl\":\"https:\/\/www.chinatopack.com\/wp-content\/uploads\/2025\/07\/Premium-Cosmetic-Paper-Boxes-Cosmetics-Storage-Box1.webp\",\"width\":1100,\"height\":1100,\"caption\":\"Premium Cosmetic Paper Boxes Cosmetics Storage Box\"},{\"@type\":\"BreadcrumbList\",\"@id\":\"https:\/\/www.chinatopack.com\/product\/premium-cosmetic-paper-boxes-cosmetics-storage-box\/#breadcrumb\",\"itemListElement\":[{\"@type\":\"ListItem\",\"position\":1,\"name\":\"Home\",\"item\":\"https:\/\/www.chinatopack.com\/\"},{\"@type\":\"ListItem\",\"position\":2,\"name\":\"Products\",\"item\":\"https:\/\/www.chinatopack.com\/shop\/\"},{\"@type\":\"ListItem\",\"position\":3,\"name\":\"Premium Cosmetic Paper Boxes Cosmetics Storage Box\"}]},{\"@type\":\"WebSite\",\"@id\":\"https:\/\/www.chinatopack.com\/#website\",\"url\":\"https:\/\/www.chinatopack.com\/\",\"name\":\"TOPACK Paper Boxes\",\"description\":\"\",\"publisher\":{\"@id\":\"https:\/\/www.chinatopack.com\/#organization\"},\"potentialAction\":[{\"@type\":\"SearchAction\",\"target\":{\"@type\":\"EntryPoint\",\"urlTemplate\":\"https:\/\/www.chinatopack.com\/?s={search_term_string}\"},\"query-input\":\"required name=search_term_string\"}],\"inLanguage\":\"fr-FR\"},{\"@type\":\"Organization\",\"@id\":\"https:\/\/www.chinatopack.com\/#organization\",\"name\":\"TOPACK Paper Boxes\",\"url\":\"https:\/\/www.chinatopack.com\/\",\"logo\":{\"@type\":\"ImageObject\",\"inLanguage\":\"fr-FR\",\"@id\":\"https:\/\/www.chinatopack.com\/#\/schema\/logo\/image\/\",\"url\":\"https:\/\/www.chinatopack.com\/wp-content\/uploads\/2025\/11\/logo2.webp\",\"contentUrl\":\"https:\/\/www.chinatopack.com\/wp-content\/uploads\/2025\/11\/logo2.webp\",\"width\":512,\"height\":512,\"caption\":\"TOPACK Paper Boxes\"},\"image\":{\"@id\":\"https:\/\/www.chinatopack.com\/#\/schema\/logo\/image\/\"},\"sameAs\":[\"https:\/\/www.facebook.com\/ChinaTopack\/\",\"https:\/\/www.youtube.com\/@chinatopack\"]}]}<\/script>\n<!-- \/ Yoast SEO plugin. -->","yoast_head_json":{"title":"Premium Cosmetics Storage Box Supplier | Luxury Eco From China","description":"Leading Cosmetics Storage Box Supplier: 20+ yrs FSC-certified luxury boxes w\/ foil stamping & embossing. 12-step QC. Boosts brand value 40%. Request quote!","robots":{"index":"index","follow":"follow","max-snippet":"max-snippet:-1","max-image-preview":"max-image-preview:large","max-video-preview":"max-video-preview:-1"},"canonical":"https:\/\/www.chinatopack.com\/fr\/produit\/premium-cosmetic-paper-boxes-cosmetics-storage-box\/","og_locale":"fr_FR","og_type":"article","og_title":"Premium Cosmetics Storage Box Supplier | Luxury Eco From China","og_description":"Leading Cosmetics Storage Box Supplier: 20+ yrs FSC-certified luxury boxes w\/ foil stamping & embossing. 12-step QC. Boosts brand value 40%. Request quote!","og_url":"https:\/\/www.chinatopack.com\/fr\/produit\/premium-cosmetic-paper-boxes-cosmetics-storage-box\/","og_site_name":"TOPACK Paper Boxes","article_publisher":"https:\/\/www.facebook.com\/ChinaTopack\/","article_modified_time":"2025-08-12T11:09:50+00:00","og_image":[{"width":1100,"height":1100,"url":"https:\/\/www.chinatopack.com\/wp-content\/uploads\/2025\/07\/Premium-Cosmetic-Paper-Boxes-Cosmetics-Storage-Box1.webp","type":"image\/webp"}],"twitter_card":"summary_large_image","twitter_misc":{"Dur\u00e9e de lecture estim\u00e9e":"2 minutes"},"schema":{"@context":"https:\/\/schema.org","@graph":[{"@type":"WebPage","@id":"https:\/\/www.chinatopack.com\/product\/premium-cosmetic-paper-boxes-cosmetics-storage-box\/","url":"https:\/\/www.chinatopack.com\/product\/premium-cosmetic-paper-boxes-cosmetics-storage-box\/","name":"Premium Cosmetics Storage Box Supplier | Luxury Eco From China","isPartOf":{"@id":"https:\/\/www.chinatopack.com\/#website"},"primaryImageOfPage":{"@id":"https:\/\/www.chinatopack.com\/product\/premium-cosmetic-paper-boxes-cosmetics-storage-box\/#primaryimage"},"image":{"@id":"https:\/\/www.chinatopack.com\/product\/premium-cosmetic-paper-boxes-cosmetics-storage-box\/#primaryimage"},"thumbnailUrl":"https:\/\/www.chinatopack.com\/wp-content\/uploads\/2025\/07\/Premium-Cosmetic-Paper-Boxes-Cosmetics-Storage-Box1.webp","datePublished":"2025-07-31T15:12:48+00:00","dateModified":"2025-08-12T11:09:50+00:00","description":"Leading Cosmetics Storage Box Supplier: 20+ yrs FSC-certified luxury boxes w\/ foil stamping & embossing. 12-step QC. Boosts brand value 40%. Request quote!","breadcrumb":{"@id":"https:\/\/www.chinatopack.com\/product\/premium-cosmetic-paper-boxes-cosmetics-storage-box\/#breadcrumb"},"inLanguage":"fr-FR","potentialAction":[{"@type":"ReadAction","target":["https:\/\/www.chinatopack.com\/product\/premium-cosmetic-paper-boxes-cosmetics-storage-box\/"]}]},{"@type":"ImageObject","inLanguage":"fr-FR","@id":"https:\/\/www.chinatopack.com\/product\/premium-cosmetic-paper-boxes-cosmetics-storage-box\/#primaryimage","url":"https:\/\/www.chinatopack.com\/wp-content\/uploads\/2025\/07\/Premium-Cosmetic-Paper-Boxes-Cosmetics-Storage-Box1.webp","contentUrl":"https:\/\/www.chinatopack.com\/wp-content\/uploads\/2025\/07\/Premium-Cosmetic-Paper-Boxes-Cosmetics-Storage-Box1.webp","width":1100,"height":1100,"caption":"Premium Cosmetic Paper Boxes Cosmetics Storage Box"},{"@type":"BreadcrumbList","@id":"https:\/\/www.chinatopack.com\/product\/premium-cosmetic-paper-boxes-cosmetics-storage-box\/#breadcrumb","itemListElement":[{"@type":"ListItem","position":1,"name":"Home","item":"https:\/\/www.chinatopack.com\/"},{"@type":"ListItem","position":2,"name":"Products","item":"https:\/\/www.chinatopack.com\/shop\/"},{"@type":"ListItem","position":3,"name":"Premium Cosmetic Paper Boxes Cosmetics Storage Box"}]},{"@type":"WebSite","@id":"https:\/\/www.chinatopack.com\/#website","url":"https:\/\/www.chinatopack.com\/","name":"TOPACK Paper Boxes","description":"","publisher":{"@id":"https:\/\/www.chinatopack.com\/#organization"},"potentialAction":[{"@type":"SearchAction","target":{"@type":"EntryPoint","urlTemplate":"https:\/\/www.chinatopack.com\/?s={search_term_string}"},"query-input":"required name=search_term_string"}],"inLanguage":"fr-FR"},{"@type":"Organization","@id":"https:\/\/www.chinatopack.com\/#organization","name":"TOPACK Paper Boxes","url":"https:\/\/www.chinatopack.com\/","logo":{"@type":"ImageObject","inLanguage":"fr-FR","@id":"https:\/\/www.chinatopack.com\/#\/schema\/logo\/image\/","url":"https:\/\/www.chinatopack.com\/wp-content\/uploads\/2025\/11\/logo2.webp","contentUrl":"https:\/\/www.chinatopack.com\/wp-content\/uploads\/2025\/11\/logo2.webp","width":512,"height":512,"caption":"TOPACK Paper Boxes"},"image":{"@id":"https:\/\/www.chinatopack.com\/#\/schema\/logo\/image\/"},"sameAs":["https:\/\/www.facebook.com\/ChinaTopack\/","https:\/\/www.youtube.com\/@chinatopack"]}]}},"_links":{"self":[{"href":"https:\/\/www.chinatopack.com\/fr\/wp-json\/wp\/v2\/product\/12792"}],"collection":[{"href":"https:\/\/www.chinatopack.com\/fr\/wp-json\/wp\/v2\/product"}],"about":[{"href":"https:\/\/www.chinatopack.com\/fr\/wp-json\/wp\/v2\/types\/product"}],"replies":[{"embeddable":true,"href":"https:\/\/www.chinatopack.com\/fr\/wp-json\/wp\/v2\/comments?post=12792"}],"wp:featuredmedia":[{"embeddable":true,"href":"https:\/\/www.chinatopack.com\/fr\/wp-json\/wp\/v2\/media\/12794"}],"wp:attachment":[{"href":"https:\/\/www.chinatopack.com\/fr\/wp-json\/wp\/v2\/media?parent=12792"}],"wp:term":[{"taxonomy":"product_cat","embeddable":true,"href":"https:\/\/www.chinatopack.com\/fr\/wp-json\/wp\/v2\/product_cat?post=12792"},{"taxonomy":"product_tag","embeddable":true,"href":"https:\/\/www.chinatopack.com\/fr\/wp-json\/wp\/v2\/product_tag?post=12792"}],"curies":[{"name":"wp","href":"https:\/\/api.w.org\/{rel}","templated":true}]}}