{"id":12802,"date":"2025-07-31T15:27:13","date_gmt":"2025-07-31T15:27:13","guid":{"rendered":"https:\/\/www.chinatopack.com\/?post_type=product&#038;p=12802"},"modified":"2025-08-12T11:09:00","modified_gmt":"2025-08-12T11:09:00","slug":"custom-kraft-paper-boxes-with-lids-tailored-packaging-solutions-for-your-brand","status":"publish","type":"product","link":"https:\/\/www.chinatopack.com\/fr\/produit\/custom-kraft-paper-boxes-with-lids-tailored-packaging-solutions-for-your-brand\/","title":{"rendered":"Bo\u00eetes en papier kraft personnalis\u00e9es avec couvercles : Des solutions d'emballage sur mesure pour votre marque"},"content":{"rendered":"<h2>Styles de bo\u00eetes et applications des bo\u00eetes en papier kraft avec couvercles<\/h2>\n<p>Nous proposons une large gamme de types de bo\u00eetes, <strong>y compris les bo\u00eetes rigides, les bo\u00eetes pliantes, les bo\u00eetes \u00e0 fermeture magn\u00e9tique, <a href=\"https:\/\/www.chinatopack.com\/fr\/produit\/custom-kraft-paper-boxes-with-lids-tailored-packaging-solutions-for-your-brand\/\">Bo\u00eetes en papier kraft avec couvercles<\/a>et tiroir<\/strong> bo\u00eetes. Parfaites pour les emballages de cadeaux, les produits \u00e9lectroniques, les cosm\u00e9tiques, les produits alimentaires et les produits de d\u00e9tail, chaque conception garantit la durabilit\u00e9 et une exp\u00e9rience de d\u00e9ballage de premi\u00e8re qualit\u00e9.<\/p>\n<h2>Mat\u00e9riaux et respect de l'environnement<\/h2>\n<p>Choisissez parmi\u00a0<strong>papier kraft, papier d'art, carton ondul\u00e9<\/strong>, <strong>ou des mat\u00e9riaux recycl\u00e9s<\/strong> pour s'aligner sur les objectifs de d\u00e9veloppement durable. Nos <a href=\"https:\/\/www.chinatopack.com\/fr\/\"><strong>bo\u00eetes en papier en gros<\/strong><\/a> inclure\u00a0<strong>Certifi\u00e9 FSC<\/strong>\u00a0et biod\u00e9gradables, ce qui garantit un emballage respectueux de l'environnement.<\/p>\n<h2>Impression et finition avanc\u00e9es<\/h2>\n<p>Am\u00e9liorez votre <a href=\"https:\/\/www.chinatopack.com\/fr\/about-us\/\"><strong>bo\u00eetes en papier bon march\u00e9<\/strong><\/a> avec <strong>impression offset\/UV, gaufrage, dorure, vernis UV<\/strong>ou pelliculage mat\/brillant. Personnalisez avec des d\u00e9coupes, des collages de fen\u00eatres ou des UV ponctuels pour un look original.<\/p>\n<h2>Processus de production de pr\u00e9cision de bo\u00eetes en papier kraft avec couvercles<\/h2>\n<p><strong>1. conception et \u00e9preuvage<\/strong>\u00a0- Collaborer \u00e0 la conception structurelle et graphique.<\/p>\n<p><strong>2. s\u00e9lection des mat\u00e9riaux\u00a0<\/strong>- Choisissez le papier et la finition qui conviennent le mieux.<\/p>\n<p><strong>3. l'impression et la d\u00e9coration<\/strong>\u00a0- Impression haute r\u00e9solution et finitions haut de gamme.<\/p>\n<p><strong>4. d\u00e9coupage et assemblage<\/strong>\u00a0- D\u00e9coupe de pr\u00e9cision et d\u00e9tails finis \u00e0 la main.<\/p>\n<p><strong>5. inspection de la qualit\u00e9 et livraison<\/strong>\u00a0- Des contr\u00f4les rigoureux garantissent une ex\u00e9cution sans faille.<\/p>\n<p>De\u00a0<strong>protection des produits<\/strong>\u00a0\u00e0\u00a0<strong>la narration de la marque,<\/strong> notre <a href=\"https:\/\/www.chinatopack.com\/fr\/category\/custom-paper-box\/\"><strong>bo\u00eetes cadeaux en papier personnalis\u00e9es<\/strong><\/a> offrent une valeur in\u00e9gal\u00e9e. Demandez un devis d\u00e8s aujourd'hui et cr\u00e9ons un emballage qui parle \u00e0 votre marque !<\/p>\n<h2>Photos<\/h2>\n<p><img loading=\"lazy\" decoding=\"async\" class=\"size-full wp-image-12811 aligncenter\" data-src=\"https:\/\/www.chinatopack.com\/wp-content\/uploads\/2025\/07\/Custom-Kraft-Paper-Boxes-with-Lids-Tailored-Packaging-Solutions-for-Your-Brand12.webp\" alt=\"Bo\u00eetes en papier kraft avec couvercles Solutions d&#039;emballage sur mesure pour votre marque\" width=\"1100\" height=\"1100\" srcset=\"https:\/\/www.chinatopack.com\/wp-content\/uploads\/2025\/07\/Custom-Kraft-Paper-Boxes-with-Lids-Tailored-Packaging-Solutions-for-Your-Brand12.webp 1100w, https:\/\/www.chinatopack.com\/wp-content\/uploads\/2025\/07\/Custom-Kraft-Paper-Boxes-with-Lids-Tailored-Packaging-Solutions-for-Your-Brand12-980x980.webp 980w, https:\/\/www.chinatopack.com\/wp-content\/uploads\/2025\/07\/Custom-Kraft-Paper-Boxes-with-Lids-Tailored-Packaging-Solutions-for-Your-Brand12-480x480.webp 480w\" sizes=\"(min-width: 0px) and (max-width: 480px) 480px, (min-width: 481px) and (max-width: 980px) 980px, (min-width: 981px) 1100px, 100vw\" \/> <img loading=\"lazy\" decoding=\"async\" class=\"size-full wp-image-12812 aligncenter\" data-src=\"https:\/\/www.chinatopack.com\/wp-content\/uploads\/2025\/07\/Custom-Kraft-Paper-Boxes-with-Lids-Tailored-Packaging-Solutions-for-Your-Brand4.webp\" alt=\"Bo\u00eetes en papier kraft avec couvercles Solutions d&#039;emballage sur mesure pour votre marque\" width=\"1100\" height=\"1100\" srcset=\"https:\/\/www.chinatopack.com\/wp-content\/uploads\/2025\/07\/Custom-Kraft-Paper-Boxes-with-Lids-Tailored-Packaging-Solutions-for-Your-Brand4.webp 1100w, https:\/\/www.chinatopack.com\/wp-content\/uploads\/2025\/07\/Custom-Kraft-Paper-Boxes-with-Lids-Tailored-Packaging-Solutions-for-Your-Brand4-980x980.webp 980w, https:\/\/www.chinatopack.com\/wp-content\/uploads\/2025\/07\/Custom-Kraft-Paper-Boxes-with-Lids-Tailored-Packaging-Solutions-for-Your-Brand4-480x480.webp 480w\" sizes=\"(min-width: 0px) and (max-width: 480px) 480px, (min-width: 481px) and (max-width: 980px) 980px, (min-width: 981px) 1100px, 100vw\" \/> <img loading=\"lazy\" decoding=\"async\" class=\"size-full wp-image-12813 aligncenter\" data-src=\"https:\/\/www.chinatopack.com\/wp-content\/uploads\/2025\/07\/Custom-Kraft-Paper-Boxes-with-Lids-Tailored-Packaging-Solutions-for-Your-Brand5.webp\" alt=\"Bo\u00eetes en papier kraft avec couvercles Solutions d&#039;emballage sur mesure pour votre marque\" width=\"1100\" height=\"1100\" srcset=\"https:\/\/www.chinatopack.com\/wp-content\/uploads\/2025\/07\/Custom-Kraft-Paper-Boxes-with-Lids-Tailored-Packaging-Solutions-for-Your-Brand5.webp 1100w, https:\/\/www.chinatopack.com\/wp-content\/uploads\/2025\/07\/Custom-Kraft-Paper-Boxes-with-Lids-Tailored-Packaging-Solutions-for-Your-Brand5-980x980.webp 980w, https:\/\/www.chinatopack.com\/wp-content\/uploads\/2025\/07\/Custom-Kraft-Paper-Boxes-with-Lids-Tailored-Packaging-Solutions-for-Your-Brand5-480x480.webp 480w\" sizes=\"(min-width: 0px) and (max-width: 480px) 480px, (min-width: 481px) and (max-width: 980px) 980px, (min-width: 981px) 1100px, 100vw\" \/> <img loading=\"lazy\" decoding=\"async\" class=\"size-full wp-image-12814 aligncenter\" data-src=\"https:\/\/www.chinatopack.com\/wp-content\/uploads\/2025\/07\/Custom-Kraft-Paper-Boxes-with-Lids-Tailored-Packaging-Solutions-for-Your-Brand11.webp\" alt=\"Bo\u00eetes en papier kraft avec couvercles Solutions d&#039;emballage sur mesure pour votre marque\" width=\"1100\" height=\"1100\" srcset=\"https:\/\/www.chinatopack.com\/wp-content\/uploads\/2025\/07\/Custom-Kraft-Paper-Boxes-with-Lids-Tailored-Packaging-Solutions-for-Your-Brand11.webp 1100w, https:\/\/www.chinatopack.com\/wp-content\/uploads\/2025\/07\/Custom-Kraft-Paper-Boxes-with-Lids-Tailored-Packaging-Solutions-for-Your-Brand11-980x980.webp 980w, https:\/\/www.chinatopack.com\/wp-content\/uploads\/2025\/07\/Custom-Kraft-Paper-Boxes-with-Lids-Tailored-Packaging-Solutions-for-Your-Brand11-480x480.webp 480w\" sizes=\"(min-width: 0px) and (max-width: 480px) 480px, (min-width: 481px) and (max-width: 980px) 980px, (min-width: 981px) 1100px, 100vw\" \/><\/p>","protected":false},"excerpt":{"rendered":"<p>Rehaussez votre marque avec nos bo\u00eetes en papier personnalis\u00e9es de haute qualit\u00e9, con\u00e7ues pour r\u00e9pondre \u00e0 vos sp\u00e9cifications exactes. Que ce soit pour la vente au d\u00e9tail, le luxe, l'alimentation ou les cosm\u00e9tiques, nos bo\u00eetes allient fonctionnalit\u00e9 et esth\u00e9tique pour renforcer l'attrait de votre produit.<\/p>","protected":false},"featured_media":12804,"comment_status":"closed","ping_status":"closed","template":"","meta":{"_et_pb_use_builder":"","_et_pb_old_content":"","_et_gb_content_width":""},"product_cat":[280],"product_tag":[284,285,282],"yoast_head":"<!-- This site is optimized with the Yoast SEO plugin v22.7 - https:\/\/yoast.com\/wordpress\/plugins\/seo\/ -->\n<title>China Eco Kraft Paper Boxes with Lids Supplier | Custom<\/title>\n<meta name=\"description\" content=\"Kraft Paper Boxes with Lids Supplier: Wholesale custom boxes w\/ lids. Eco FSC\/recycled materials + printing\/finishing. For cosmetics\/gifts\/retail. Request quote today!\" \/>\n<meta name=\"robots\" content=\"index, follow, max-snippet:-1, max-image-preview:large, max-video-preview:-1\" \/>\n<link rel=\"canonical\" href=\"https:\/\/www.chinatopack.com\/fr\/produit\/custom-kraft-paper-boxes-with-lids-tailored-packaging-solutions-for-your-brand\/\" \/>\n<meta property=\"og:locale\" content=\"fr_FR\" \/>\n<meta property=\"og:type\" content=\"article\" \/>\n<meta property=\"og:title\" content=\"China Eco Kraft Paper Boxes with Lids Supplier | Custom\" \/>\n<meta property=\"og:description\" content=\"Kraft Paper Boxes with Lids Supplier: Wholesale custom boxes w\/ lids. Eco FSC\/recycled materials + printing\/finishing. For cosmetics\/gifts\/retail. Request quote today!\" \/>\n<meta property=\"og:url\" content=\"https:\/\/www.chinatopack.com\/fr\/produit\/custom-kraft-paper-boxes-with-lids-tailored-packaging-solutions-for-your-brand\/\" \/>\n<meta property=\"og:site_name\" content=\"TOPACK Paper Boxes\" \/>\n<meta property=\"article:publisher\" content=\"https:\/\/www.facebook.com\/ChinaTopack\/\" \/>\n<meta property=\"article:modified_time\" content=\"2025-08-12T11:09:00+00:00\" \/>\n<meta property=\"og:image\" content=\"https:\/\/www.chinatopack.com\/wp-content\/uploads\/2025\/07\/Custom-Kraft-Paper-Boxes-with-Lids-Tailored-Packaging-Solutions-for-Your-Brand10.webp\" \/>\n\t<meta property=\"og:image:width\" content=\"1100\" \/>\n\t<meta property=\"og:image:height\" content=\"1100\" \/>\n\t<meta property=\"og:image:type\" content=\"image\/webp\" \/>\n<meta name=\"twitter:card\" content=\"summary_large_image\" \/>\n<meta name=\"twitter:label1\" content=\"Dur\u00e9e de lecture estim\u00e9e\" \/>\n\t<meta name=\"twitter:data1\" content=\"2 minutes\" \/>\n<script type=\"application\/ld+json\" class=\"yoast-schema-graph\">{\"@context\":\"https:\/\/schema.org\",\"@graph\":[{\"@type\":\"WebPage\",\"@id\":\"https:\/\/www.chinatopack.com\/product\/custom-kraft-paper-boxes-with-lids-tailored-packaging-solutions-for-your-brand\/\",\"url\":\"https:\/\/www.chinatopack.com\/product\/custom-kraft-paper-boxes-with-lids-tailored-packaging-solutions-for-your-brand\/\",\"name\":\"China Eco Kraft Paper Boxes with Lids Supplier | Custom\",\"isPartOf\":{\"@id\":\"https:\/\/www.chinatopack.com\/#website\"},\"primaryImageOfPage\":{\"@id\":\"https:\/\/www.chinatopack.com\/product\/custom-kraft-paper-boxes-with-lids-tailored-packaging-solutions-for-your-brand\/#primaryimage\"},\"image\":{\"@id\":\"https:\/\/www.chinatopack.com\/product\/custom-kraft-paper-boxes-with-lids-tailored-packaging-solutions-for-your-brand\/#primaryimage\"},\"thumbnailUrl\":\"https:\/\/www.chinatopack.com\/wp-content\/uploads\/2025\/07\/Custom-Kraft-Paper-Boxes-with-Lids-Tailored-Packaging-Solutions-for-Your-Brand10.webp\",\"datePublished\":\"2025-07-31T15:27:13+00:00\",\"dateModified\":\"2025-08-12T11:09:00+00:00\",\"description\":\"Kraft Paper Boxes with Lids Supplier: Wholesale custom boxes w\/ lids. Eco FSC\/recycled materials + printing\/finishing. For cosmetics\/gifts\/retail. Request quote today!\",\"breadcrumb\":{\"@id\":\"https:\/\/www.chinatopack.com\/product\/custom-kraft-paper-boxes-with-lids-tailored-packaging-solutions-for-your-brand\/#breadcrumb\"},\"inLanguage\":\"fr-FR\",\"potentialAction\":[{\"@type\":\"ReadAction\",\"target\":[\"https:\/\/www.chinatopack.com\/product\/custom-kraft-paper-boxes-with-lids-tailored-packaging-solutions-for-your-brand\/\"]}]},{\"@type\":\"ImageObject\",\"inLanguage\":\"fr-FR\",\"@id\":\"https:\/\/www.chinatopack.com\/product\/custom-kraft-paper-boxes-with-lids-tailored-packaging-solutions-for-your-brand\/#primaryimage\",\"url\":\"https:\/\/www.chinatopack.com\/wp-content\/uploads\/2025\/07\/Custom-Kraft-Paper-Boxes-with-Lids-Tailored-Packaging-Solutions-for-Your-Brand10.webp\",\"contentUrl\":\"https:\/\/www.chinatopack.com\/wp-content\/uploads\/2025\/07\/Custom-Kraft-Paper-Boxes-with-Lids-Tailored-Packaging-Solutions-for-Your-Brand10.webp\",\"width\":1100,\"height\":1100,\"caption\":\"Custom Kraft Paper Boxes with Lids Tailored Packaging Solutions for Your Brand\"},{\"@type\":\"BreadcrumbList\",\"@id\":\"https:\/\/www.chinatopack.com\/product\/custom-kraft-paper-boxes-with-lids-tailored-packaging-solutions-for-your-brand\/#breadcrumb\",\"itemListElement\":[{\"@type\":\"ListItem\",\"position\":1,\"name\":\"Home\",\"item\":\"https:\/\/www.chinatopack.com\/\"},{\"@type\":\"ListItem\",\"position\":2,\"name\":\"Products\",\"item\":\"https:\/\/www.chinatopack.com\/shop\/\"},{\"@type\":\"ListItem\",\"position\":3,\"name\":\"Custom Kraft Paper Boxes with Lids: Tailored Packaging Solutions for Your Brand\"}]},{\"@type\":\"WebSite\",\"@id\":\"https:\/\/www.chinatopack.com\/#website\",\"url\":\"https:\/\/www.chinatopack.com\/\",\"name\":\"TOPACK Paper Boxes\",\"description\":\"\",\"publisher\":{\"@id\":\"https:\/\/www.chinatopack.com\/#organization\"},\"potentialAction\":[{\"@type\":\"SearchAction\",\"target\":{\"@type\":\"EntryPoint\",\"urlTemplate\":\"https:\/\/www.chinatopack.com\/?s={search_term_string}\"},\"query-input\":\"required name=search_term_string\"}],\"inLanguage\":\"fr-FR\"},{\"@type\":\"Organization\",\"@id\":\"https:\/\/www.chinatopack.com\/#organization\",\"name\":\"TOPACK Paper Boxes\",\"url\":\"https:\/\/www.chinatopack.com\/\",\"logo\":{\"@type\":\"ImageObject\",\"inLanguage\":\"fr-FR\",\"@id\":\"https:\/\/www.chinatopack.com\/#\/schema\/logo\/image\/\",\"url\":\"https:\/\/www.chinatopack.com\/wp-content\/uploads\/2025\/11\/logo2.webp\",\"contentUrl\":\"https:\/\/www.chinatopack.com\/wp-content\/uploads\/2025\/11\/logo2.webp\",\"width\":512,\"height\":512,\"caption\":\"TOPACK Paper Boxes\"},\"image\":{\"@id\":\"https:\/\/www.chinatopack.com\/#\/schema\/logo\/image\/\"},\"sameAs\":[\"https:\/\/www.facebook.com\/ChinaTopack\/\",\"https:\/\/www.youtube.com\/@chinatopack\"]}]}<\/script>\n<!-- \/ Yoast SEO plugin. -->","yoast_head_json":{"title":"China Eco Kraft Paper Boxes with Lids Supplier | Custom","description":"Kraft Paper Boxes with Lids Supplier: Wholesale custom boxes w\/ lids. Eco FSC\/recycled materials + printing\/finishing. For cosmetics\/gifts\/retail. Request quote today!","robots":{"index":"index","follow":"follow","max-snippet":"max-snippet:-1","max-image-preview":"max-image-preview:large","max-video-preview":"max-video-preview:-1"},"canonical":"https:\/\/www.chinatopack.com\/fr\/produit\/custom-kraft-paper-boxes-with-lids-tailored-packaging-solutions-for-your-brand\/","og_locale":"fr_FR","og_type":"article","og_title":"China Eco Kraft Paper Boxes with Lids Supplier | Custom","og_description":"Kraft Paper Boxes with Lids Supplier: Wholesale custom boxes w\/ lids. Eco FSC\/recycled materials + printing\/finishing. For cosmetics\/gifts\/retail. Request quote today!","og_url":"https:\/\/www.chinatopack.com\/fr\/produit\/custom-kraft-paper-boxes-with-lids-tailored-packaging-solutions-for-your-brand\/","og_site_name":"TOPACK Paper Boxes","article_publisher":"https:\/\/www.facebook.com\/ChinaTopack\/","article_modified_time":"2025-08-12T11:09:00+00:00","og_image":[{"width":1100,"height":1100,"url":"https:\/\/www.chinatopack.com\/wp-content\/uploads\/2025\/07\/Custom-Kraft-Paper-Boxes-with-Lids-Tailored-Packaging-Solutions-for-Your-Brand10.webp","type":"image\/webp"}],"twitter_card":"summary_large_image","twitter_misc":{"Dur\u00e9e de lecture estim\u00e9e":"2 minutes"},"schema":{"@context":"https:\/\/schema.org","@graph":[{"@type":"WebPage","@id":"https:\/\/www.chinatopack.com\/product\/custom-kraft-paper-boxes-with-lids-tailored-packaging-solutions-for-your-brand\/","url":"https:\/\/www.chinatopack.com\/product\/custom-kraft-paper-boxes-with-lids-tailored-packaging-solutions-for-your-brand\/","name":"China Eco Kraft Paper Boxes with Lids Supplier | Custom","isPartOf":{"@id":"https:\/\/www.chinatopack.com\/#website"},"primaryImageOfPage":{"@id":"https:\/\/www.chinatopack.com\/product\/custom-kraft-paper-boxes-with-lids-tailored-packaging-solutions-for-your-brand\/#primaryimage"},"image":{"@id":"https:\/\/www.chinatopack.com\/product\/custom-kraft-paper-boxes-with-lids-tailored-packaging-solutions-for-your-brand\/#primaryimage"},"thumbnailUrl":"https:\/\/www.chinatopack.com\/wp-content\/uploads\/2025\/07\/Custom-Kraft-Paper-Boxes-with-Lids-Tailored-Packaging-Solutions-for-Your-Brand10.webp","datePublished":"2025-07-31T15:27:13+00:00","dateModified":"2025-08-12T11:09:00+00:00","description":"Kraft Paper Boxes with Lids Supplier: Wholesale custom boxes w\/ lids. Eco FSC\/recycled materials + printing\/finishing. For cosmetics\/gifts\/retail. Request quote today!","breadcrumb":{"@id":"https:\/\/www.chinatopack.com\/product\/custom-kraft-paper-boxes-with-lids-tailored-packaging-solutions-for-your-brand\/#breadcrumb"},"inLanguage":"fr-FR","potentialAction":[{"@type":"ReadAction","target":["https:\/\/www.chinatopack.com\/product\/custom-kraft-paper-boxes-with-lids-tailored-packaging-solutions-for-your-brand\/"]}]},{"@type":"ImageObject","inLanguage":"fr-FR","@id":"https:\/\/www.chinatopack.com\/product\/custom-kraft-paper-boxes-with-lids-tailored-packaging-solutions-for-your-brand\/#primaryimage","url":"https:\/\/www.chinatopack.com\/wp-content\/uploads\/2025\/07\/Custom-Kraft-Paper-Boxes-with-Lids-Tailored-Packaging-Solutions-for-Your-Brand10.webp","contentUrl":"https:\/\/www.chinatopack.com\/wp-content\/uploads\/2025\/07\/Custom-Kraft-Paper-Boxes-with-Lids-Tailored-Packaging-Solutions-for-Your-Brand10.webp","width":1100,"height":1100,"caption":"Custom Kraft Paper Boxes with Lids Tailored Packaging Solutions for Your Brand"},{"@type":"BreadcrumbList","@id":"https:\/\/www.chinatopack.com\/product\/custom-kraft-paper-boxes-with-lids-tailored-packaging-solutions-for-your-brand\/#breadcrumb","itemListElement":[{"@type":"ListItem","position":1,"name":"Home","item":"https:\/\/www.chinatopack.com\/"},{"@type":"ListItem","position":2,"name":"Products","item":"https:\/\/www.chinatopack.com\/shop\/"},{"@type":"ListItem","position":3,"name":"Custom Kraft Paper Boxes with Lids: Tailored Packaging Solutions for Your Brand"}]},{"@type":"WebSite","@id":"https:\/\/www.chinatopack.com\/#website","url":"https:\/\/www.chinatopack.com\/","name":"TOPACK Paper Boxes","description":"","publisher":{"@id":"https:\/\/www.chinatopack.com\/#organization"},"potentialAction":[{"@type":"SearchAction","target":{"@type":"EntryPoint","urlTemplate":"https:\/\/www.chinatopack.com\/?s={search_term_string}"},"query-input":"required name=search_term_string"}],"inLanguage":"fr-FR"},{"@type":"Organization","@id":"https:\/\/www.chinatopack.com\/#organization","name":"TOPACK Paper Boxes","url":"https:\/\/www.chinatopack.com\/","logo":{"@type":"ImageObject","inLanguage":"fr-FR","@id":"https:\/\/www.chinatopack.com\/#\/schema\/logo\/image\/","url":"https:\/\/www.chinatopack.com\/wp-content\/uploads\/2025\/11\/logo2.webp","contentUrl":"https:\/\/www.chinatopack.com\/wp-content\/uploads\/2025\/11\/logo2.webp","width":512,"height":512,"caption":"TOPACK Paper Boxes"},"image":{"@id":"https:\/\/www.chinatopack.com\/#\/schema\/logo\/image\/"},"sameAs":["https:\/\/www.facebook.com\/ChinaTopack\/","https:\/\/www.youtube.com\/@chinatopack"]}]}},"_links":{"self":[{"href":"https:\/\/www.chinatopack.com\/fr\/wp-json\/wp\/v2\/product\/12802"}],"collection":[{"href":"https:\/\/www.chinatopack.com\/fr\/wp-json\/wp\/v2\/product"}],"about":[{"href":"https:\/\/www.chinatopack.com\/fr\/wp-json\/wp\/v2\/types\/product"}],"replies":[{"embeddable":true,"href":"https:\/\/www.chinatopack.com\/fr\/wp-json\/wp\/v2\/comments?post=12802"}],"wp:featuredmedia":[{"embeddable":true,"href":"https:\/\/www.chinatopack.com\/fr\/wp-json\/wp\/v2\/media\/12804"}],"wp:attachment":[{"href":"https:\/\/www.chinatopack.com\/fr\/wp-json\/wp\/v2\/media?parent=12802"}],"wp:term":[{"taxonomy":"product_cat","embeddable":true,"href":"https:\/\/www.chinatopack.com\/fr\/wp-json\/wp\/v2\/product_cat?post=12802"},{"taxonomy":"product_tag","embeddable":true,"href":"https:\/\/www.chinatopack.com\/fr\/wp-json\/wp\/v2\/product_tag?post=12802"}],"curies":[{"name":"wp","href":"https:\/\/api.w.org\/{rel}","templated":true}]}}