{"id":12816,"date":"2025-07-31T15:37:45","date_gmt":"2025-07-31T15:37:45","guid":{"rendered":"https:\/\/www.chinatopack.com\/?post_type=product&#038;p=12816"},"modified":"2025-08-08T13:48:00","modified_gmt":"2025-08-08T13:48:00","slug":"premium-custom-paper-mache-boxes-with-lids-elegance-functionality-redefined","status":"publish","type":"product","link":"https:\/\/www.chinatopack.com\/fr\/produit\/premium-custom-paper-mache-boxes-with-lids-elegance-functionality-redefined\/","title":{"rendered":"Bo\u00eetes en papier m\u00e2ch\u00e9 personnalis\u00e9es de qualit\u00e9 sup\u00e9rieure avec couvercles : \u00c9l\u00e9gance et fonctionnalit\u00e9 red\u00e9finies"},"content":{"rendered":"<h2>Conceptions et applications sur mesure de bo\u00eetes en papier m\u00e2ch\u00e9 avec couvercles<\/h2>\n<p>Choisissez parmi\u00a0<strong>bo\u00eetes rigides, bo\u00eetes \u00e0 fermeture magn\u00e9tique, <a href=\"https:\/\/www.chinatopack.com\/fr\/category\/custom-paper-box\/\">bo\u00eetes en papier imprim\u00e9es personnalis\u00e9es<\/a>bo\u00eetes \u00e0 tiroirs, <a href=\"https:\/\/www.chinatopack.com\/fr\/produit\/premium-custom-paper-mache-boxes-with-lids-elegance-functionality-redefined\/\">Bo\u00eetes en papier m\u00e2ch\u00e9 avec couvercles<\/a>ou bo\u00eetes pliantes<\/strong>Chacun d'entre eux peut \u00eatre personnalis\u00e9 en termes de taille, de forme et de structure. Pour les objets d\u00e9licats comme les\u00a0<strong>les parfums ou la verrerie<\/strong>Nous recommandons\u00a0<strong>des inserts en mousse ou une doublure en velours pour \u00e9viter les mouvements<\/strong>. Pour<strong>\u00a0des chocolats haut de gamme ou des produits cosm\u00e9tiques,<\/strong>\u00a0<strong>Plateaux en plastique PET ou inserts en p\u00e2te moul\u00e9e<\/strong>\u00a0assurent une mise en place s\u00fbre tout en pr\u00e9servant l'\u00e9l\u00e9gance.<\/p>\n<h2>Mat\u00e9riaux de premi\u00e8re qualit\u00e9 et durabilit\u00e9<\/h2>\n<p><a href=\"https:\/\/www.chinatopack.com\/fr\/about-us\/\"><strong>Bo\u00eetes en papier sur mesure<\/strong><\/a> sont s\u00e9lectionn\u00e9s \u00e0 partir de <strong>papier d'art mat\/brillant, kraft textur\u00e9 ou carton recycl\u00e9 respectueux de l'environnement, avec options de pelliculage doux au toucher, d'UV ponctuels ou de logos en relief\u00a0<\/strong>pour une sensation tactile de luxe.<\/p>\n<h2>Finition et artisanat exquis<\/h2>\n<p>Am\u00e9liorez votre <a href=\"https:\/\/www.chinatopack.com\/fr\/\"><strong>bo\u00eetes en papier en gros<\/strong><\/a> avec<strong>\u00a0l'estampage, le gaufrage, la d\u00e9coupe personnalis\u00e9e ou le flocage int\u00e9rieur\u00a0<\/strong>pour une exp\u00e9rience d'unboxing haut de gamme.<\/p>\n<h2>Processus de production de pr\u00e9cision<\/h2>\n<p><strong>1.Consultation sur la conception<\/strong>\u00a0- Conception structurelle et graphique sur mesure.<\/p>\n<p><strong>2. s\u00e9lection des mat\u00e9riaux et des inserts\u00a0<\/strong>- Protection optimale gr\u00e2ce \u00e0 des doublures de qualit\u00e9 sup\u00e9rieure.<\/p>\n<p><strong>3. l'impression haut de gamme<\/strong>\u00a0- Couleurs vives et finitions sp\u00e9ciales.<\/p>\n<p><strong>4. assemblage manuel et contr\u00f4le qualit\u00e9\u00a0<\/strong>- Une attention m\u00e9ticuleuse aux d\u00e9tails.<\/p>\n<p>Faites une impression durable avec des emballages qui prot\u00e8gent, promeuvent et perfectionnent votre marque. Contactez-nous d\u00e8s aujourd'hui pour des solutions sur mesure !<\/p>","protected":false},"excerpt":{"rendered":"<p>Am\u00e9liorez votre marque avec\u00a0<strong>bo\u00eetes en papier de luxe personnalis\u00e9es<\/strong>La bo\u00eete \u00e0 outils est une pi\u00e8ce unique, m\u00e9ticuleusement con\u00e7ue pour mettre en valeur vos produits avec sophistication. Id\u00e9al pour<strong>\u00a0les cosm\u00e9tiques, les bijoux, l'\u00e9lectronique, les produits gastronomiques et les cadeaux haut de gamme<\/strong>Nos solutions d'emballage allient une protection sup\u00e9rieure \u00e0 une esth\u00e9tique raffin\u00e9e.<\/p>","protected":false},"featured_media":12818,"comment_status":"closed","ping_status":"closed","template":"","meta":{"_et_pb_use_builder":"","_et_pb_old_content":"","_et_gb_content_width":""},"product_cat":[280],"product_tag":[284,285,282],"yoast_head":"<!-- This site is optimized with the Yoast SEO plugin v22.7 - https:\/\/yoast.com\/wordpress\/plugins\/seo\/ -->\n<title>China Custom Paper Mache Boxes with Lids Supplier | Premium<\/title>\n<meta name=\"description\" content=\"Premium Paper Mache Boxes with Lid Supplier: Custom lids\/inserts &amp; luxury finishes. Wholesale for perfumes\/chocolates\/cosmetics. Eco materials. Request custom solutions!\" \/>\n<meta name=\"robots\" content=\"index, follow, max-snippet:-1, max-image-preview:large, max-video-preview:-1\" \/>\n<link rel=\"canonical\" href=\"https:\/\/www.chinatopack.com\/fr\/produit\/premium-custom-paper-mache-boxes-with-lids-elegance-functionality-redefined\/\" \/>\n<meta property=\"og:locale\" content=\"fr_FR\" \/>\n<meta property=\"og:type\" content=\"article\" \/>\n<meta property=\"og:title\" content=\"China Custom Paper Mache Boxes with Lids Supplier | Premium\" \/>\n<meta property=\"og:description\" content=\"Premium Paper Mache Boxes with Lid Supplier: Custom lids\/inserts &amp; luxury finishes. Wholesale for perfumes\/chocolates\/cosmetics. Eco materials. Request custom solutions!\" \/>\n<meta property=\"og:url\" content=\"https:\/\/www.chinatopack.com\/fr\/produit\/premium-custom-paper-mache-boxes-with-lids-elegance-functionality-redefined\/\" \/>\n<meta property=\"og:site_name\" content=\"TOPACK Paper Boxes\" \/>\n<meta property=\"article:publisher\" content=\"https:\/\/www.facebook.com\/ChinaTopack\/\" \/>\n<meta property=\"article:modified_time\" content=\"2025-08-08T13:48:00+00:00\" \/>\n<meta property=\"og:image\" content=\"https:\/\/www.chinatopack.com\/wp-content\/uploads\/2025\/07\/Premium-Custom-Paper-Mache-Boxes-with-Lids-Elegance-Functionality-Redefined1.webp\" \/>\n\t<meta property=\"og:image:width\" content=\"1100\" \/>\n\t<meta property=\"og:image:height\" content=\"1100\" \/>\n\t<meta property=\"og:image:type\" content=\"image\/webp\" \/>\n<meta name=\"twitter:card\" content=\"summary_large_image\" \/>\n<meta name=\"twitter:label1\" content=\"Dur\u00e9e de lecture estim\u00e9e\" \/>\n\t<meta name=\"twitter:data1\" content=\"1 minute\" \/>\n<script type=\"application\/ld+json\" class=\"yoast-schema-graph\">{\"@context\":\"https:\/\/schema.org\",\"@graph\":[{\"@type\":\"WebPage\",\"@id\":\"https:\/\/www.chinatopack.com\/product\/premium-custom-paper-mache-boxes-with-lids-elegance-functionality-redefined\/\",\"url\":\"https:\/\/www.chinatopack.com\/product\/premium-custom-paper-mache-boxes-with-lids-elegance-functionality-redefined\/\",\"name\":\"China Custom Paper Mache Boxes with Lids Supplier | Premium\",\"isPartOf\":{\"@id\":\"https:\/\/www.chinatopack.com\/#website\"},\"primaryImageOfPage\":{\"@id\":\"https:\/\/www.chinatopack.com\/product\/premium-custom-paper-mache-boxes-with-lids-elegance-functionality-redefined\/#primaryimage\"},\"image\":{\"@id\":\"https:\/\/www.chinatopack.com\/product\/premium-custom-paper-mache-boxes-with-lids-elegance-functionality-redefined\/#primaryimage\"},\"thumbnailUrl\":\"https:\/\/www.chinatopack.com\/wp-content\/uploads\/2025\/07\/Premium-Custom-Paper-Mache-Boxes-with-Lids-Elegance-Functionality-Redefined1.webp\",\"datePublished\":\"2025-07-31T15:37:45+00:00\",\"dateModified\":\"2025-08-08T13:48:00+00:00\",\"description\":\"Premium Paper Mache Boxes with Lid Supplier: Custom lids\/inserts & luxury finishes. Wholesale for perfumes\/chocolates\/cosmetics. Eco materials. Request custom solutions!\",\"breadcrumb\":{\"@id\":\"https:\/\/www.chinatopack.com\/product\/premium-custom-paper-mache-boxes-with-lids-elegance-functionality-redefined\/#breadcrumb\"},\"inLanguage\":\"fr-FR\",\"potentialAction\":[{\"@type\":\"ReadAction\",\"target\":[\"https:\/\/www.chinatopack.com\/product\/premium-custom-paper-mache-boxes-with-lids-elegance-functionality-redefined\/\"]}]},{\"@type\":\"ImageObject\",\"inLanguage\":\"fr-FR\",\"@id\":\"https:\/\/www.chinatopack.com\/product\/premium-custom-paper-mache-boxes-with-lids-elegance-functionality-redefined\/#primaryimage\",\"url\":\"https:\/\/www.chinatopack.com\/wp-content\/uploads\/2025\/07\/Premium-Custom-Paper-Mache-Boxes-with-Lids-Elegance-Functionality-Redefined1.webp\",\"contentUrl\":\"https:\/\/www.chinatopack.com\/wp-content\/uploads\/2025\/07\/Premium-Custom-Paper-Mache-Boxes-with-Lids-Elegance-Functionality-Redefined1.webp\",\"width\":1100,\"height\":1100,\"caption\":\"Premium Custom Paper Mache Boxes with Lids Elegance & Functionality Redefined\"},{\"@type\":\"BreadcrumbList\",\"@id\":\"https:\/\/www.chinatopack.com\/product\/premium-custom-paper-mache-boxes-with-lids-elegance-functionality-redefined\/#breadcrumb\",\"itemListElement\":[{\"@type\":\"ListItem\",\"position\":1,\"name\":\"Home\",\"item\":\"https:\/\/www.chinatopack.com\/\"},{\"@type\":\"ListItem\",\"position\":2,\"name\":\"Products\",\"item\":\"https:\/\/www.chinatopack.com\/shop\/\"},{\"@type\":\"ListItem\",\"position\":3,\"name\":\"Premium Custom Paper Mache Boxes with Lids: Elegance &#038; Functionality Redefined\"}]},{\"@type\":\"WebSite\",\"@id\":\"https:\/\/www.chinatopack.com\/#website\",\"url\":\"https:\/\/www.chinatopack.com\/\",\"name\":\"TOPACK Paper Boxes\",\"description\":\"\",\"publisher\":{\"@id\":\"https:\/\/www.chinatopack.com\/#organization\"},\"potentialAction\":[{\"@type\":\"SearchAction\",\"target\":{\"@type\":\"EntryPoint\",\"urlTemplate\":\"https:\/\/www.chinatopack.com\/?s={search_term_string}\"},\"query-input\":\"required name=search_term_string\"}],\"inLanguage\":\"fr-FR\"},{\"@type\":\"Organization\",\"@id\":\"https:\/\/www.chinatopack.com\/#organization\",\"name\":\"TOPACK Paper Boxes\",\"url\":\"https:\/\/www.chinatopack.com\/\",\"logo\":{\"@type\":\"ImageObject\",\"inLanguage\":\"fr-FR\",\"@id\":\"https:\/\/www.chinatopack.com\/#\/schema\/logo\/image\/\",\"url\":\"https:\/\/www.chinatopack.com\/wp-content\/uploads\/2025\/11\/logo2.webp\",\"contentUrl\":\"https:\/\/www.chinatopack.com\/wp-content\/uploads\/2025\/11\/logo2.webp\",\"width\":512,\"height\":512,\"caption\":\"TOPACK Paper Boxes\"},\"image\":{\"@id\":\"https:\/\/www.chinatopack.com\/#\/schema\/logo\/image\/\"},\"sameAs\":[\"https:\/\/www.facebook.com\/ChinaTopack\/\",\"https:\/\/www.youtube.com\/@chinatopack\"]}]}<\/script>\n<!-- \/ Yoast SEO plugin. -->","yoast_head_json":{"title":"China Custom Paper Mache Boxes with Lids Supplier | Premium","description":"Premium Paper Mache Boxes with Lid Supplier: Custom lids\/inserts & luxury finishes. Wholesale for perfumes\/chocolates\/cosmetics. Eco materials. Request custom solutions!","robots":{"index":"index","follow":"follow","max-snippet":"max-snippet:-1","max-image-preview":"max-image-preview:large","max-video-preview":"max-video-preview:-1"},"canonical":"https:\/\/www.chinatopack.com\/fr\/produit\/premium-custom-paper-mache-boxes-with-lids-elegance-functionality-redefined\/","og_locale":"fr_FR","og_type":"article","og_title":"China Custom Paper Mache Boxes with Lids Supplier | Premium","og_description":"Premium Paper Mache Boxes with Lid Supplier: Custom lids\/inserts & luxury finishes. Wholesale for perfumes\/chocolates\/cosmetics. Eco materials. Request custom solutions!","og_url":"https:\/\/www.chinatopack.com\/fr\/produit\/premium-custom-paper-mache-boxes-with-lids-elegance-functionality-redefined\/","og_site_name":"TOPACK Paper Boxes","article_publisher":"https:\/\/www.facebook.com\/ChinaTopack\/","article_modified_time":"2025-08-08T13:48:00+00:00","og_image":[{"width":1100,"height":1100,"url":"https:\/\/www.chinatopack.com\/wp-content\/uploads\/2025\/07\/Premium-Custom-Paper-Mache-Boxes-with-Lids-Elegance-Functionality-Redefined1.webp","type":"image\/webp"}],"twitter_card":"summary_large_image","twitter_misc":{"Dur\u00e9e de lecture estim\u00e9e":"1 minute"},"schema":{"@context":"https:\/\/schema.org","@graph":[{"@type":"WebPage","@id":"https:\/\/www.chinatopack.com\/product\/premium-custom-paper-mache-boxes-with-lids-elegance-functionality-redefined\/","url":"https:\/\/www.chinatopack.com\/product\/premium-custom-paper-mache-boxes-with-lids-elegance-functionality-redefined\/","name":"China Custom Paper Mache Boxes with Lids Supplier | Premium","isPartOf":{"@id":"https:\/\/www.chinatopack.com\/#website"},"primaryImageOfPage":{"@id":"https:\/\/www.chinatopack.com\/product\/premium-custom-paper-mache-boxes-with-lids-elegance-functionality-redefined\/#primaryimage"},"image":{"@id":"https:\/\/www.chinatopack.com\/product\/premium-custom-paper-mache-boxes-with-lids-elegance-functionality-redefined\/#primaryimage"},"thumbnailUrl":"https:\/\/www.chinatopack.com\/wp-content\/uploads\/2025\/07\/Premium-Custom-Paper-Mache-Boxes-with-Lids-Elegance-Functionality-Redefined1.webp","datePublished":"2025-07-31T15:37:45+00:00","dateModified":"2025-08-08T13:48:00+00:00","description":"Premium Paper Mache Boxes with Lid Supplier: Custom lids\/inserts & luxury finishes. Wholesale for perfumes\/chocolates\/cosmetics. Eco materials. Request custom solutions!","breadcrumb":{"@id":"https:\/\/www.chinatopack.com\/product\/premium-custom-paper-mache-boxes-with-lids-elegance-functionality-redefined\/#breadcrumb"},"inLanguage":"fr-FR","potentialAction":[{"@type":"ReadAction","target":["https:\/\/www.chinatopack.com\/product\/premium-custom-paper-mache-boxes-with-lids-elegance-functionality-redefined\/"]}]},{"@type":"ImageObject","inLanguage":"fr-FR","@id":"https:\/\/www.chinatopack.com\/product\/premium-custom-paper-mache-boxes-with-lids-elegance-functionality-redefined\/#primaryimage","url":"https:\/\/www.chinatopack.com\/wp-content\/uploads\/2025\/07\/Premium-Custom-Paper-Mache-Boxes-with-Lids-Elegance-Functionality-Redefined1.webp","contentUrl":"https:\/\/www.chinatopack.com\/wp-content\/uploads\/2025\/07\/Premium-Custom-Paper-Mache-Boxes-with-Lids-Elegance-Functionality-Redefined1.webp","width":1100,"height":1100,"caption":"Premium Custom Paper Mache Boxes with Lids Elegance & Functionality Redefined"},{"@type":"BreadcrumbList","@id":"https:\/\/www.chinatopack.com\/product\/premium-custom-paper-mache-boxes-with-lids-elegance-functionality-redefined\/#breadcrumb","itemListElement":[{"@type":"ListItem","position":1,"name":"Home","item":"https:\/\/www.chinatopack.com\/"},{"@type":"ListItem","position":2,"name":"Products","item":"https:\/\/www.chinatopack.com\/shop\/"},{"@type":"ListItem","position":3,"name":"Premium Custom Paper Mache Boxes with Lids: Elegance &#038; Functionality Redefined"}]},{"@type":"WebSite","@id":"https:\/\/www.chinatopack.com\/#website","url":"https:\/\/www.chinatopack.com\/","name":"TOPACK Paper Boxes","description":"","publisher":{"@id":"https:\/\/www.chinatopack.com\/#organization"},"potentialAction":[{"@type":"SearchAction","target":{"@type":"EntryPoint","urlTemplate":"https:\/\/www.chinatopack.com\/?s={search_term_string}"},"query-input":"required name=search_term_string"}],"inLanguage":"fr-FR"},{"@type":"Organization","@id":"https:\/\/www.chinatopack.com\/#organization","name":"TOPACK Paper Boxes","url":"https:\/\/www.chinatopack.com\/","logo":{"@type":"ImageObject","inLanguage":"fr-FR","@id":"https:\/\/www.chinatopack.com\/#\/schema\/logo\/image\/","url":"https:\/\/www.chinatopack.com\/wp-content\/uploads\/2025\/11\/logo2.webp","contentUrl":"https:\/\/www.chinatopack.com\/wp-content\/uploads\/2025\/11\/logo2.webp","width":512,"height":512,"caption":"TOPACK Paper Boxes"},"image":{"@id":"https:\/\/www.chinatopack.com\/#\/schema\/logo\/image\/"},"sameAs":["https:\/\/www.facebook.com\/ChinaTopack\/","https:\/\/www.youtube.com\/@chinatopack"]}]}},"_links":{"self":[{"href":"https:\/\/www.chinatopack.com\/fr\/wp-json\/wp\/v2\/product\/12816"}],"collection":[{"href":"https:\/\/www.chinatopack.com\/fr\/wp-json\/wp\/v2\/product"}],"about":[{"href":"https:\/\/www.chinatopack.com\/fr\/wp-json\/wp\/v2\/types\/product"}],"replies":[{"embeddable":true,"href":"https:\/\/www.chinatopack.com\/fr\/wp-json\/wp\/v2\/comments?post=12816"}],"wp:featuredmedia":[{"embeddable":true,"href":"https:\/\/www.chinatopack.com\/fr\/wp-json\/wp\/v2\/media\/12818"}],"wp:attachment":[{"href":"https:\/\/www.chinatopack.com\/fr\/wp-json\/wp\/v2\/media?parent=12816"}],"wp:term":[{"taxonomy":"product_cat","embeddable":true,"href":"https:\/\/www.chinatopack.com\/fr\/wp-json\/wp\/v2\/product_cat?post=12816"},{"taxonomy":"product_tag","embeddable":true,"href":"https:\/\/www.chinatopack.com\/fr\/wp-json\/wp\/v2\/product_tag?post=12816"}],"curies":[{"name":"wp","href":"https:\/\/api.w.org\/{rel}","templated":true}]}}