{"id":12825,"date":"2025-07-31T15:44:54","date_gmt":"2025-07-31T15:44:54","guid":{"rendered":"https:\/\/www.chinatopack.com\/?post_type=product&#038;p=12825"},"modified":"2025-08-12T11:07:21","modified_gmt":"2025-08-12T11:07:21","slug":"elegant-paper-crafting-boxes-for-gift-where-thoughtfulness-meets-craftsmanship","status":"publish","type":"product","link":"https:\/\/www.chinatopack.com\/fr\/produit\/elegant-paper-crafting-boxes-for-gift-where-thoughtfulness-meets-craftsmanship\/","title":{"rendered":"Bo\u00eetes en papier \u00e9l\u00e9gantes pour cadeaux - Quand la r\u00e9flexion rencontre l'artisanat"},"content":{"rendered":"<h2>Description de Paper Crafting Boxes for Gift<\/h2>\n<p>C\u00e9l\u00e9brez les moments forts de la vie gr\u00e2ce \u00e0 notre magnifique design. <a href=\"https:\/\/www.chinatopack.com\/fr\/produit\/elegant-paper-crafting-boxes-for-gift-where-thoughtfulness-meets-craftsmanship\/\"><strong>Bo\u00eetes \u00e0 papier<\/strong><\/a> -un m\u00e9lange parfait de sophistication et de durabilit\u00e9. Fabriqu\u00e9e \u00e0 partir de mat\u00e9riaux \u00e9cologiques de premi\u00e8re qualit\u00e9, chaque bo\u00eete offre une exp\u00e9rience de d\u00e9ballage luxueuse tout en honorant votre engagement envers la plan\u00e8te.<\/p>\n<p>Qu'il s'agisse de chocolats, de bijoux, de cosm\u00e9tiques ou de cadeaux personnalis\u00e9s, notre collection polyvalente r\u00e9pond \u00e0 toutes les occasions. <a href=\"https:\/\/www.chinatopack.com\/fr\/\"><strong>Bo\u00eetes en papier d'artisanat<\/strong><\/a> Choisissez parmi une gamme de textures, de couleurs et de finitions - mates, brillantes, estampill\u00e9es ou gaufr\u00e9es - pour compl\u00e9ter parfaitement votre marque ou le th\u00e8me de votre \u00e9v\u00e9nement. Des d\u00e9tails bien pens\u00e9s tels que des fermetures magn\u00e9tiques, des rubans et des int\u00e9rieurs personnalis\u00e9s ajoutent une touche d'\u00e9l\u00e9gance suppl\u00e9mentaire.<\/p>\n<p>Id\u00e9al pour la vente au d\u00e9tail, les cadeaux d'entreprise ou les mariages, notre <a href=\"https:\/\/www.chinatopack.com\/fr\/category\/custom-paper-box\/\"><strong>bo\u00eetes cadeaux en papier personnalis\u00e9es<\/strong><\/a> Transformez des cadeaux ordinaires en souvenirs pr\u00e9cieux. L\u00e9ger et durable, <a href=\"https:\/\/www.chinatopack.com\/fr\/about-us\/\"><strong>bo\u00eetes en papier personnalis\u00e9es en gros<\/strong><\/a> prot\u00e9ger vos tr\u00e9sors tout en laissant une impression durable.<\/p>\n<p><strong>Parce que les meilleurs cadeaux m\u00e9ritent un emballage aussi extraordinaire que leur contenu.<\/strong>\u00a0Am\u00e9liorez vos cadeaux gr\u00e2ce \u00e0 un design intemporel et respectueux de l'environnement.<\/p>","protected":false},"excerpt":{"rendered":"<p>Rehaussez les moments sp\u00e9ciaux gr\u00e2ce \u00e0 nos bo\u00eetes en papier \u00e9cologiques et joliment con\u00e7ues. Polyvalentes pour les chocolats, les bijoux, etc., elles offrent un d\u00e9ballage luxueux avec des textures vari\u00e9es, des finitions et des d\u00e9tails \u00e9l\u00e9gants. Id\u00e9ales pour la vente au d\u00e9tail, les cadeaux et les mariages, elles allient sophistication, durabilit\u00e9 et impression durable.<\/p>","protected":false},"featured_media":12827,"comment_status":"closed","ping_status":"closed","template":"","meta":{"_et_pb_use_builder":"","_et_pb_old_content":"","_et_gb_content_width":""},"product_cat":[280],"product_tag":[284,285,282],"yoast_head":"<!-- This site is optimized with the Yoast SEO plugin v22.7 - https:\/\/yoast.com\/wordpress\/plugins\/seo\/ -->\n<title>China Eco Paper Crafting Boxes Supplier | Custom Design<\/title>\n<meta name=\"description\" content=\"Eco Paper Crafting Boxes Supplier: Custom foil\/embossed finishes &amp; magnetic closure boxes. Wholesale for jewelry\/cosmetics\/chocolates. Retail, weddings, corporate gifting. Elevate gifting now!\" \/>\n<meta name=\"robots\" content=\"index, follow, max-snippet:-1, max-image-preview:large, max-video-preview:-1\" \/>\n<link rel=\"canonical\" href=\"https:\/\/www.chinatopack.com\/fr\/produit\/elegant-paper-crafting-boxes-for-gift-where-thoughtfulness-meets-craftsmanship\/\" \/>\n<meta property=\"og:locale\" content=\"fr_FR\" \/>\n<meta property=\"og:type\" content=\"article\" \/>\n<meta property=\"og:title\" content=\"China Eco Paper Crafting Boxes Supplier | Custom Design\" \/>\n<meta property=\"og:description\" content=\"Eco Paper Crafting Boxes Supplier: Custom foil\/embossed finishes &amp; magnetic closure boxes. Wholesale for jewelry\/cosmetics\/chocolates. Retail, weddings, corporate gifting. Elevate gifting now!\" \/>\n<meta property=\"og:url\" content=\"https:\/\/www.chinatopack.com\/fr\/produit\/elegant-paper-crafting-boxes-for-gift-where-thoughtfulness-meets-craftsmanship\/\" \/>\n<meta property=\"og:site_name\" content=\"TOPACK Paper Boxes\" \/>\n<meta property=\"article:publisher\" content=\"https:\/\/www.facebook.com\/ChinaTopack\/\" \/>\n<meta property=\"article:modified_time\" content=\"2025-08-12T11:07:21+00:00\" \/>\n<meta property=\"og:image\" content=\"https:\/\/www.chinatopack.com\/wp-content\/uploads\/2025\/07\/Elegant-Paper-Crafting-Boxes-for-Gift-\u2013-Where-Thoughtfulness-Meets-Craftsmanship2-1.webp\" \/>\n\t<meta property=\"og:image:width\" content=\"1100\" \/>\n\t<meta property=\"og:image:height\" content=\"1100\" \/>\n\t<meta property=\"og:image:type\" content=\"image\/webp\" \/>\n<meta name=\"twitter:card\" content=\"summary_large_image\" \/>\n<meta name=\"twitter:label1\" content=\"Dur\u00e9e de lecture estim\u00e9e\" \/>\n\t<meta name=\"twitter:data1\" content=\"1 minute\" \/>\n<script type=\"application\/ld+json\" class=\"yoast-schema-graph\">{\"@context\":\"https:\/\/schema.org\",\"@graph\":[{\"@type\":\"WebPage\",\"@id\":\"https:\/\/www.chinatopack.com\/product\/elegant-paper-crafting-boxes-for-gift-where-thoughtfulness-meets-craftsmanship\/\",\"url\":\"https:\/\/www.chinatopack.com\/product\/elegant-paper-crafting-boxes-for-gift-where-thoughtfulness-meets-craftsmanship\/\",\"name\":\"China Eco Paper Crafting Boxes Supplier | Custom Design\",\"isPartOf\":{\"@id\":\"https:\/\/www.chinatopack.com\/#website\"},\"primaryImageOfPage\":{\"@id\":\"https:\/\/www.chinatopack.com\/product\/elegant-paper-crafting-boxes-for-gift-where-thoughtfulness-meets-craftsmanship\/#primaryimage\"},\"image\":{\"@id\":\"https:\/\/www.chinatopack.com\/product\/elegant-paper-crafting-boxes-for-gift-where-thoughtfulness-meets-craftsmanship\/#primaryimage\"},\"thumbnailUrl\":\"https:\/\/www.chinatopack.com\/wp-content\/uploads\/2025\/07\/Elegant-Paper-Crafting-Boxes-for-Gift-\u2013-Where-Thoughtfulness-Meets-Craftsmanship2.webp\",\"datePublished\":\"2025-07-31T15:44:54+00:00\",\"dateModified\":\"2025-08-12T11:07:21+00:00\",\"description\":\"Eco Paper Crafting Boxes Supplier: Custom foil\/embossed finishes & magnetic closure boxes. Wholesale for jewelry\/cosmetics\/chocolates. Retail, weddings, corporate gifting. Elevate gifting now!\",\"breadcrumb\":{\"@id\":\"https:\/\/www.chinatopack.com\/product\/elegant-paper-crafting-boxes-for-gift-where-thoughtfulness-meets-craftsmanship\/#breadcrumb\"},\"inLanguage\":\"fr-FR\",\"potentialAction\":[{\"@type\":\"ReadAction\",\"target\":[\"https:\/\/www.chinatopack.com\/product\/elegant-paper-crafting-boxes-for-gift-where-thoughtfulness-meets-craftsmanship\/\"]}]},{\"@type\":\"ImageObject\",\"inLanguage\":\"fr-FR\",\"@id\":\"https:\/\/www.chinatopack.com\/product\/elegant-paper-crafting-boxes-for-gift-where-thoughtfulness-meets-craftsmanship\/#primaryimage\",\"url\":\"https:\/\/www.chinatopack.com\/wp-content\/uploads\/2025\/07\/Elegant-Paper-Crafting-Boxes-for-Gift-\u2013-Where-Thoughtfulness-Meets-Craftsmanship2.webp\",\"contentUrl\":\"https:\/\/www.chinatopack.com\/wp-content\/uploads\/2025\/07\/Elegant-Paper-Crafting-Boxes-for-Gift-\u2013-Where-Thoughtfulness-Meets-Craftsmanship2.webp\",\"width\":1100,\"height\":1100,\"caption\":\"Elegant Paper Crafting Boxes for Gift \u2013 Where Thoughtfulness Meets Craftsmanship\"},{\"@type\":\"BreadcrumbList\",\"@id\":\"https:\/\/www.chinatopack.com\/product\/elegant-paper-crafting-boxes-for-gift-where-thoughtfulness-meets-craftsmanship\/#breadcrumb\",\"itemListElement\":[{\"@type\":\"ListItem\",\"position\":1,\"name\":\"Home\",\"item\":\"https:\/\/www.chinatopack.com\/\"},{\"@type\":\"ListItem\",\"position\":2,\"name\":\"Products\",\"item\":\"https:\/\/www.chinatopack.com\/shop\/\"},{\"@type\":\"ListItem\",\"position\":3,\"name\":\"Elegant Paper Crafting Boxes for Gift \u2013 Where Thoughtfulness Meets Craftsmanship\"}]},{\"@type\":\"WebSite\",\"@id\":\"https:\/\/www.chinatopack.com\/#website\",\"url\":\"https:\/\/www.chinatopack.com\/\",\"name\":\"TOPACK Paper Boxes\",\"description\":\"\",\"publisher\":{\"@id\":\"https:\/\/www.chinatopack.com\/#organization\"},\"potentialAction\":[{\"@type\":\"SearchAction\",\"target\":{\"@type\":\"EntryPoint\",\"urlTemplate\":\"https:\/\/www.chinatopack.com\/?s={search_term_string}\"},\"query-input\":\"required name=search_term_string\"}],\"inLanguage\":\"fr-FR\"},{\"@type\":\"Organization\",\"@id\":\"https:\/\/www.chinatopack.com\/#organization\",\"name\":\"TOPACK Paper Boxes\",\"url\":\"https:\/\/www.chinatopack.com\/\",\"logo\":{\"@type\":\"ImageObject\",\"inLanguage\":\"fr-FR\",\"@id\":\"https:\/\/www.chinatopack.com\/#\/schema\/logo\/image\/\",\"url\":\"https:\/\/www.chinatopack.com\/wp-content\/uploads\/2025\/11\/logo2.webp\",\"contentUrl\":\"https:\/\/www.chinatopack.com\/wp-content\/uploads\/2025\/11\/logo2.webp\",\"width\":512,\"height\":512,\"caption\":\"TOPACK Paper Boxes\"},\"image\":{\"@id\":\"https:\/\/www.chinatopack.com\/#\/schema\/logo\/image\/\"},\"sameAs\":[\"https:\/\/www.facebook.com\/ChinaTopack\/\",\"https:\/\/www.youtube.com\/@chinatopack\"]}]}<\/script>\n<!-- \/ Yoast SEO plugin. -->","yoast_head_json":{"title":"China Eco Paper Crafting Boxes Supplier | Custom Design","description":"Eco Paper Crafting Boxes Supplier: Custom foil\/embossed finishes & magnetic closure boxes. Wholesale for jewelry\/cosmetics\/chocolates. Retail, weddings, corporate gifting. Elevate gifting now!","robots":{"index":"index","follow":"follow","max-snippet":"max-snippet:-1","max-image-preview":"max-image-preview:large","max-video-preview":"max-video-preview:-1"},"canonical":"https:\/\/www.chinatopack.com\/fr\/produit\/elegant-paper-crafting-boxes-for-gift-where-thoughtfulness-meets-craftsmanship\/","og_locale":"fr_FR","og_type":"article","og_title":"China Eco Paper Crafting Boxes Supplier | Custom Design","og_description":"Eco Paper Crafting Boxes Supplier: Custom foil\/embossed finishes & magnetic closure boxes. Wholesale for jewelry\/cosmetics\/chocolates. Retail, weddings, corporate gifting. Elevate gifting now!","og_url":"https:\/\/www.chinatopack.com\/fr\/produit\/elegant-paper-crafting-boxes-for-gift-where-thoughtfulness-meets-craftsmanship\/","og_site_name":"TOPACK Paper Boxes","article_publisher":"https:\/\/www.facebook.com\/ChinaTopack\/","article_modified_time":"2025-08-12T11:07:21+00:00","og_image":[{"width":1100,"height":1100,"url":"https:\/\/www.chinatopack.com\/wp-content\/uploads\/2025\/07\/Elegant-Paper-Crafting-Boxes-for-Gift-\u2013-Where-Thoughtfulness-Meets-Craftsmanship2-1.webp","type":"image\/webp"}],"twitter_card":"summary_large_image","twitter_misc":{"Dur\u00e9e de lecture estim\u00e9e":"1 minute"},"schema":{"@context":"https:\/\/schema.org","@graph":[{"@type":"WebPage","@id":"https:\/\/www.chinatopack.com\/product\/elegant-paper-crafting-boxes-for-gift-where-thoughtfulness-meets-craftsmanship\/","url":"https:\/\/www.chinatopack.com\/product\/elegant-paper-crafting-boxes-for-gift-where-thoughtfulness-meets-craftsmanship\/","name":"China Eco Paper Crafting Boxes Supplier | Custom Design","isPartOf":{"@id":"https:\/\/www.chinatopack.com\/#website"},"primaryImageOfPage":{"@id":"https:\/\/www.chinatopack.com\/product\/elegant-paper-crafting-boxes-for-gift-where-thoughtfulness-meets-craftsmanship\/#primaryimage"},"image":{"@id":"https:\/\/www.chinatopack.com\/product\/elegant-paper-crafting-boxes-for-gift-where-thoughtfulness-meets-craftsmanship\/#primaryimage"},"thumbnailUrl":"https:\/\/www.chinatopack.com\/wp-content\/uploads\/2025\/07\/Elegant-Paper-Crafting-Boxes-for-Gift-\u2013-Where-Thoughtfulness-Meets-Craftsmanship2.webp","datePublished":"2025-07-31T15:44:54+00:00","dateModified":"2025-08-12T11:07:21+00:00","description":"Eco Paper Crafting Boxes Supplier: Custom foil\/embossed finishes & magnetic closure boxes. Wholesale for jewelry\/cosmetics\/chocolates. Retail, weddings, corporate gifting. Elevate gifting now!","breadcrumb":{"@id":"https:\/\/www.chinatopack.com\/product\/elegant-paper-crafting-boxes-for-gift-where-thoughtfulness-meets-craftsmanship\/#breadcrumb"},"inLanguage":"fr-FR","potentialAction":[{"@type":"ReadAction","target":["https:\/\/www.chinatopack.com\/product\/elegant-paper-crafting-boxes-for-gift-where-thoughtfulness-meets-craftsmanship\/"]}]},{"@type":"ImageObject","inLanguage":"fr-FR","@id":"https:\/\/www.chinatopack.com\/product\/elegant-paper-crafting-boxes-for-gift-where-thoughtfulness-meets-craftsmanship\/#primaryimage","url":"https:\/\/www.chinatopack.com\/wp-content\/uploads\/2025\/07\/Elegant-Paper-Crafting-Boxes-for-Gift-\u2013-Where-Thoughtfulness-Meets-Craftsmanship2.webp","contentUrl":"https:\/\/www.chinatopack.com\/wp-content\/uploads\/2025\/07\/Elegant-Paper-Crafting-Boxes-for-Gift-\u2013-Where-Thoughtfulness-Meets-Craftsmanship2.webp","width":1100,"height":1100,"caption":"Elegant Paper Crafting Boxes for Gift \u2013 Where Thoughtfulness Meets Craftsmanship"},{"@type":"BreadcrumbList","@id":"https:\/\/www.chinatopack.com\/product\/elegant-paper-crafting-boxes-for-gift-where-thoughtfulness-meets-craftsmanship\/#breadcrumb","itemListElement":[{"@type":"ListItem","position":1,"name":"Home","item":"https:\/\/www.chinatopack.com\/"},{"@type":"ListItem","position":2,"name":"Products","item":"https:\/\/www.chinatopack.com\/shop\/"},{"@type":"ListItem","position":3,"name":"Elegant Paper Crafting Boxes for Gift \u2013 Where Thoughtfulness Meets Craftsmanship"}]},{"@type":"WebSite","@id":"https:\/\/www.chinatopack.com\/#website","url":"https:\/\/www.chinatopack.com\/","name":"TOPACK Paper Boxes","description":"","publisher":{"@id":"https:\/\/www.chinatopack.com\/#organization"},"potentialAction":[{"@type":"SearchAction","target":{"@type":"EntryPoint","urlTemplate":"https:\/\/www.chinatopack.com\/?s={search_term_string}"},"query-input":"required name=search_term_string"}],"inLanguage":"fr-FR"},{"@type":"Organization","@id":"https:\/\/www.chinatopack.com\/#organization","name":"TOPACK Paper Boxes","url":"https:\/\/www.chinatopack.com\/","logo":{"@type":"ImageObject","inLanguage":"fr-FR","@id":"https:\/\/www.chinatopack.com\/#\/schema\/logo\/image\/","url":"https:\/\/www.chinatopack.com\/wp-content\/uploads\/2025\/11\/logo2.webp","contentUrl":"https:\/\/www.chinatopack.com\/wp-content\/uploads\/2025\/11\/logo2.webp","width":512,"height":512,"caption":"TOPACK Paper Boxes"},"image":{"@id":"https:\/\/www.chinatopack.com\/#\/schema\/logo\/image\/"},"sameAs":["https:\/\/www.facebook.com\/ChinaTopack\/","https:\/\/www.youtube.com\/@chinatopack"]}]}},"_links":{"self":[{"href":"https:\/\/www.chinatopack.com\/fr\/wp-json\/wp\/v2\/product\/12825"}],"collection":[{"href":"https:\/\/www.chinatopack.com\/fr\/wp-json\/wp\/v2\/product"}],"about":[{"href":"https:\/\/www.chinatopack.com\/fr\/wp-json\/wp\/v2\/types\/product"}],"replies":[{"embeddable":true,"href":"https:\/\/www.chinatopack.com\/fr\/wp-json\/wp\/v2\/comments?post=12825"}],"wp:featuredmedia":[{"embeddable":true,"href":"https:\/\/www.chinatopack.com\/fr\/wp-json\/wp\/v2\/media\/12827"}],"wp:attachment":[{"href":"https:\/\/www.chinatopack.com\/fr\/wp-json\/wp\/v2\/media?parent=12825"}],"wp:term":[{"taxonomy":"product_cat","embeddable":true,"href":"https:\/\/www.chinatopack.com\/fr\/wp-json\/wp\/v2\/product_cat?post=12825"},{"taxonomy":"product_tag","embeddable":true,"href":"https:\/\/www.chinatopack.com\/fr\/wp-json\/wp\/v2\/product_tag?post=12825"}],"curies":[{"name":"wp","href":"https:\/\/api.w.org\/{rel}","templated":true}]}}