{"id":12834,"date":"2025-07-31T15:52:14","date_gmt":"2025-07-31T15:52:14","guid":{"rendered":"https:\/\/www.chinatopack.com\/?post_type=product&#038;p=12834"},"modified":"2025-08-08T13:42:56","modified_gmt":"2025-08-08T13:42:56","slug":"gift-acid-free-paper-and-boxes","status":"publish","type":"product","link":"https:\/\/www.chinatopack.com\/fr\/produit\/gift-acid-free-paper-and-boxes\/","title":{"rendered":"Papier et bo\u00eetes sans acide pour cadeaux"},"content":{"rendered":"<h2>Papier et bo\u00eetes sans acide pour cadeaux Description<\/h2>\n<p>Cadeau <a href=\"https:\/\/www.chinatopack.com\/fr\/produit\/gift-acid-free-paper-and-boxes\/\"><strong>Papier et bo\u00eetes sans acide<\/strong><\/a> n'est pas seulement un contenant destin\u00e9 \u00e0 prot\u00e9ger les marchandises, mais aussi une expression intuitive de la philosophie de la marque et une arme puissante dans la concurrence du march\u00e9. Du point de vue de la philosophie de l'emballage, de l'esth\u00e9tique et des symboles strat\u00e9giques, il doit contenir des id\u00e9es cr\u00e9atives uniques et profondes.<\/p>\n<p>Cette exquise <a href=\"https:\/\/www.chinatopack.com\/fr\/\"><strong>bo\u00eetes en papier en gros<\/strong><\/a> est sp\u00e9cialement con\u00e7ue pour le luxe et la polyvalence, et convient parfaitement \u00e0 la conservation de bijoux, de chocolats exquis, de souvenirs ou d'objets personnalis\u00e9s. Sa fermeture magn\u00e9tique garantit une ouverture en douceur et sans obstacle, tandis que le rembourrage doux \u00e0 l'int\u00e9rieur prot\u00e8ge soigneusement les objets fragiles. <a href=\"https:\/\/www.chinatopack.com\/fr\/category\/custom-paper-box\/\"><strong>Bo\u00eetes cadeaux en papier personnalis\u00e9es<\/strong><\/a> sont disponibles dans une vari\u00e9t\u00e9 de couleurs douces et peuvent \u00e9galement \u00eatre personnalis\u00e9s avec divers traitements de surface (tels que l'estampage, les \u00e9tiquettes gaufr\u00e9es ou les illustrations r\u00e9tro), transformant ainsi n'importe quel cadeau en un chef-d'\u0153uvre rempli d'histoires.<\/p>\n<p>En tant que <a href=\"https:\/\/www.chinatopack.com\/fr\/about-us\/\"><strong>bo\u00eetes en papier sur mesure<\/strong><\/a> En tant que fabricant avec plus de 20 ans d'exp\u00e9rience, nous pouvons fournir des conseils professionnels\uff0cet d'autres types de bo\u00eetes d'emballage, telles que les bo\u00eetes pliantes et les bo\u00eetes en forme de livre, etc. Afin de garantir la qualit\u00e9, notre \u00e9quipe d'inspection de la qualit\u00e9 ne se contente pas d'inspecter le produit fini, mais proc\u00e8de \u00e9galement \u00e0 l'inspection \u00e0 l'arriv\u00e9e et \u00e0 l'inspection du processus. Tous les sacs d'emballage sont emball\u00e9s dans un carton kraft \u00e0 cinq couches avant le transport afin de garantir qu'ils ne seront pas endommag\u00e9s pendant le transport.<\/p>","protected":false},"excerpt":{"rendered":"<p>Le papier et les bo\u00eetes cadeaux sans acide prot\u00e8gent les produits et expriment la philosophie de la marque. Id\u00e9ales pour les bijoux, les chocolats, etc., avec fermeture magn\u00e9tique, rembourrage doux, couleurs et traitements personnalis\u00e9s. Un fabricant de plus de 20 ans offre des conseils, d'autres bo\u00eetes, des contr\u00f4les stricts, une exp\u00e9dition s\u00e9curis\u00e9e.<\/p>","protected":false},"featured_media":12836,"comment_status":"closed","ping_status":"closed","template":"","meta":{"_et_pb_use_builder":"","_et_pb_old_content":"","_et_gb_content_width":""},"product_cat":[280],"product_tag":[284,285,282],"yoast_head":"<!-- This site is optimized with the Yoast SEO plugin v22.7 - https:\/\/yoast.com\/wordpress\/plugins\/seo\/ -->\n<title>China Acid Free Paper and Boxes Supplier | Luxury Packaging<\/title>\n<meta name=\"description\" content=\"Leading Acid Free Paper and Boxes Supplier: 20+ years crafting custom luxury boxes w\/ magnetic closures &amp; foil stamping. Quality guaranteed via triple inspections. Request quote!\" \/>\n<meta name=\"robots\" content=\"index, follow, max-snippet:-1, max-image-preview:large, max-video-preview:-1\" \/>\n<link rel=\"canonical\" href=\"https:\/\/www.chinatopack.com\/fr\/produit\/gift-acid-free-paper-and-boxes\/\" \/>\n<meta property=\"og:locale\" content=\"fr_FR\" \/>\n<meta property=\"og:type\" content=\"article\" \/>\n<meta property=\"og:title\" content=\"China Acid Free Paper and Boxes Supplier | Luxury Packaging\" \/>\n<meta property=\"og:description\" content=\"Leading Acid Free Paper and Boxes Supplier: 20+ years crafting custom luxury boxes w\/ magnetic closures &amp; foil stamping. Quality guaranteed via triple inspections. Request quote!\" \/>\n<meta property=\"og:url\" content=\"https:\/\/www.chinatopack.com\/fr\/produit\/gift-acid-free-paper-and-boxes\/\" \/>\n<meta property=\"og:site_name\" content=\"TOPACK Paper Boxes\" \/>\n<meta property=\"article:publisher\" content=\"https:\/\/www.facebook.com\/ChinaTopack\/\" \/>\n<meta property=\"article:modified_time\" content=\"2025-08-08T13:42:56+00:00\" \/>\n<meta property=\"og:image\" content=\"https:\/\/www.chinatopack.com\/wp-content\/uploads\/2025\/07\/Gift-Acid-Free-Paper-and-Boxes1.webp\" \/>\n\t<meta property=\"og:image:width\" content=\"1100\" \/>\n\t<meta property=\"og:image:height\" content=\"1100\" \/>\n\t<meta property=\"og:image:type\" content=\"image\/webp\" \/>\n<meta name=\"twitter:card\" content=\"summary_large_image\" \/>\n<meta name=\"twitter:label1\" content=\"Dur\u00e9e de lecture estim\u00e9e\" \/>\n\t<meta name=\"twitter:data1\" content=\"2 minutes\" \/>\n<script type=\"application\/ld+json\" class=\"yoast-schema-graph\">{\"@context\":\"https:\/\/schema.org\",\"@graph\":[{\"@type\":\"WebPage\",\"@id\":\"https:\/\/www.chinatopack.com\/product\/gift-acid-free-paper-and-boxes\/\",\"url\":\"https:\/\/www.chinatopack.com\/product\/gift-acid-free-paper-and-boxes\/\",\"name\":\"China Acid Free Paper and Boxes Supplier | Luxury Packaging\",\"isPartOf\":{\"@id\":\"https:\/\/www.chinatopack.com\/#website\"},\"primaryImageOfPage\":{\"@id\":\"https:\/\/www.chinatopack.com\/product\/gift-acid-free-paper-and-boxes\/#primaryimage\"},\"image\":{\"@id\":\"https:\/\/www.chinatopack.com\/product\/gift-acid-free-paper-and-boxes\/#primaryimage\"},\"thumbnailUrl\":\"https:\/\/www.chinatopack.com\/wp-content\/uploads\/2025\/07\/Gift-Acid-Free-Paper-and-Boxes1.webp\",\"datePublished\":\"2025-07-31T15:52:14+00:00\",\"dateModified\":\"2025-08-08T13:42:56+00:00\",\"description\":\"Leading Acid Free Paper and Boxes Supplier: 20+ years crafting custom luxury boxes w\/ magnetic closures & foil stamping. Quality guaranteed via triple inspections. Request quote!\",\"breadcrumb\":{\"@id\":\"https:\/\/www.chinatopack.com\/product\/gift-acid-free-paper-and-boxes\/#breadcrumb\"},\"inLanguage\":\"fr-FR\",\"potentialAction\":[{\"@type\":\"ReadAction\",\"target\":[\"https:\/\/www.chinatopack.com\/product\/gift-acid-free-paper-and-boxes\/\"]}]},{\"@type\":\"ImageObject\",\"inLanguage\":\"fr-FR\",\"@id\":\"https:\/\/www.chinatopack.com\/product\/gift-acid-free-paper-and-boxes\/#primaryimage\",\"url\":\"https:\/\/www.chinatopack.com\/wp-content\/uploads\/2025\/07\/Gift-Acid-Free-Paper-and-Boxes1.webp\",\"contentUrl\":\"https:\/\/www.chinatopack.com\/wp-content\/uploads\/2025\/07\/Gift-Acid-Free-Paper-and-Boxes1.webp\",\"width\":1100,\"height\":1100,\"caption\":\"Gift Acid Free Paper and Boxes\"},{\"@type\":\"BreadcrumbList\",\"@id\":\"https:\/\/www.chinatopack.com\/product\/gift-acid-free-paper-and-boxes\/#breadcrumb\",\"itemListElement\":[{\"@type\":\"ListItem\",\"position\":1,\"name\":\"Home\",\"item\":\"https:\/\/www.chinatopack.com\/\"},{\"@type\":\"ListItem\",\"position\":2,\"name\":\"Products\",\"item\":\"https:\/\/www.chinatopack.com\/shop\/\"},{\"@type\":\"ListItem\",\"position\":3,\"name\":\"Gift Acid Free Paper and Boxes\"}]},{\"@type\":\"WebSite\",\"@id\":\"https:\/\/www.chinatopack.com\/#website\",\"url\":\"https:\/\/www.chinatopack.com\/\",\"name\":\"TOPACK Paper Boxes\",\"description\":\"\",\"publisher\":{\"@id\":\"https:\/\/www.chinatopack.com\/#organization\"},\"potentialAction\":[{\"@type\":\"SearchAction\",\"target\":{\"@type\":\"EntryPoint\",\"urlTemplate\":\"https:\/\/www.chinatopack.com\/?s={search_term_string}\"},\"query-input\":\"required name=search_term_string\"}],\"inLanguage\":\"fr-FR\"},{\"@type\":\"Organization\",\"@id\":\"https:\/\/www.chinatopack.com\/#organization\",\"name\":\"TOPACK Paper Boxes\",\"url\":\"https:\/\/www.chinatopack.com\/\",\"logo\":{\"@type\":\"ImageObject\",\"inLanguage\":\"fr-FR\",\"@id\":\"https:\/\/www.chinatopack.com\/#\/schema\/logo\/image\/\",\"url\":\"https:\/\/www.chinatopack.com\/wp-content\/uploads\/2025\/11\/logo2.webp\",\"contentUrl\":\"https:\/\/www.chinatopack.com\/wp-content\/uploads\/2025\/11\/logo2.webp\",\"width\":512,\"height\":512,\"caption\":\"TOPACK Paper Boxes\"},\"image\":{\"@id\":\"https:\/\/www.chinatopack.com\/#\/schema\/logo\/image\/\"},\"sameAs\":[\"https:\/\/www.facebook.com\/ChinaTopack\/\",\"https:\/\/www.youtube.com\/@chinatopack\"]}]}<\/script>\n<!-- \/ Yoast SEO plugin. -->","yoast_head_json":{"title":"China Acid Free Paper and Boxes Supplier | Luxury Packaging","description":"Leading Acid Free Paper and Boxes Supplier: 20+ years crafting custom luxury boxes w\/ magnetic closures & foil stamping. Quality guaranteed via triple inspections. Request quote!","robots":{"index":"index","follow":"follow","max-snippet":"max-snippet:-1","max-image-preview":"max-image-preview:large","max-video-preview":"max-video-preview:-1"},"canonical":"https:\/\/www.chinatopack.com\/fr\/produit\/gift-acid-free-paper-and-boxes\/","og_locale":"fr_FR","og_type":"article","og_title":"China Acid Free Paper and Boxes Supplier | Luxury Packaging","og_description":"Leading Acid Free Paper and Boxes Supplier: 20+ years crafting custom luxury boxes w\/ magnetic closures & foil stamping. Quality guaranteed via triple inspections. Request quote!","og_url":"https:\/\/www.chinatopack.com\/fr\/produit\/gift-acid-free-paper-and-boxes\/","og_site_name":"TOPACK Paper Boxes","article_publisher":"https:\/\/www.facebook.com\/ChinaTopack\/","article_modified_time":"2025-08-08T13:42:56+00:00","og_image":[{"width":1100,"height":1100,"url":"https:\/\/www.chinatopack.com\/wp-content\/uploads\/2025\/07\/Gift-Acid-Free-Paper-and-Boxes1.webp","type":"image\/webp"}],"twitter_card":"summary_large_image","twitter_misc":{"Dur\u00e9e de lecture estim\u00e9e":"2 minutes"},"schema":{"@context":"https:\/\/schema.org","@graph":[{"@type":"WebPage","@id":"https:\/\/www.chinatopack.com\/product\/gift-acid-free-paper-and-boxes\/","url":"https:\/\/www.chinatopack.com\/product\/gift-acid-free-paper-and-boxes\/","name":"China Acid Free Paper and Boxes Supplier | Luxury Packaging","isPartOf":{"@id":"https:\/\/www.chinatopack.com\/#website"},"primaryImageOfPage":{"@id":"https:\/\/www.chinatopack.com\/product\/gift-acid-free-paper-and-boxes\/#primaryimage"},"image":{"@id":"https:\/\/www.chinatopack.com\/product\/gift-acid-free-paper-and-boxes\/#primaryimage"},"thumbnailUrl":"https:\/\/www.chinatopack.com\/wp-content\/uploads\/2025\/07\/Gift-Acid-Free-Paper-and-Boxes1.webp","datePublished":"2025-07-31T15:52:14+00:00","dateModified":"2025-08-08T13:42:56+00:00","description":"Leading Acid Free Paper and Boxes Supplier: 20+ years crafting custom luxury boxes w\/ magnetic closures & foil stamping. Quality guaranteed via triple inspections. Request quote!","breadcrumb":{"@id":"https:\/\/www.chinatopack.com\/product\/gift-acid-free-paper-and-boxes\/#breadcrumb"},"inLanguage":"fr-FR","potentialAction":[{"@type":"ReadAction","target":["https:\/\/www.chinatopack.com\/product\/gift-acid-free-paper-and-boxes\/"]}]},{"@type":"ImageObject","inLanguage":"fr-FR","@id":"https:\/\/www.chinatopack.com\/product\/gift-acid-free-paper-and-boxes\/#primaryimage","url":"https:\/\/www.chinatopack.com\/wp-content\/uploads\/2025\/07\/Gift-Acid-Free-Paper-and-Boxes1.webp","contentUrl":"https:\/\/www.chinatopack.com\/wp-content\/uploads\/2025\/07\/Gift-Acid-Free-Paper-and-Boxes1.webp","width":1100,"height":1100,"caption":"Gift Acid Free Paper and Boxes"},{"@type":"BreadcrumbList","@id":"https:\/\/www.chinatopack.com\/product\/gift-acid-free-paper-and-boxes\/#breadcrumb","itemListElement":[{"@type":"ListItem","position":1,"name":"Home","item":"https:\/\/www.chinatopack.com\/"},{"@type":"ListItem","position":2,"name":"Products","item":"https:\/\/www.chinatopack.com\/shop\/"},{"@type":"ListItem","position":3,"name":"Gift Acid Free Paper and Boxes"}]},{"@type":"WebSite","@id":"https:\/\/www.chinatopack.com\/#website","url":"https:\/\/www.chinatopack.com\/","name":"TOPACK Paper Boxes","description":"","publisher":{"@id":"https:\/\/www.chinatopack.com\/#organization"},"potentialAction":[{"@type":"SearchAction","target":{"@type":"EntryPoint","urlTemplate":"https:\/\/www.chinatopack.com\/?s={search_term_string}"},"query-input":"required name=search_term_string"}],"inLanguage":"fr-FR"},{"@type":"Organization","@id":"https:\/\/www.chinatopack.com\/#organization","name":"TOPACK Paper Boxes","url":"https:\/\/www.chinatopack.com\/","logo":{"@type":"ImageObject","inLanguage":"fr-FR","@id":"https:\/\/www.chinatopack.com\/#\/schema\/logo\/image\/","url":"https:\/\/www.chinatopack.com\/wp-content\/uploads\/2025\/11\/logo2.webp","contentUrl":"https:\/\/www.chinatopack.com\/wp-content\/uploads\/2025\/11\/logo2.webp","width":512,"height":512,"caption":"TOPACK Paper Boxes"},"image":{"@id":"https:\/\/www.chinatopack.com\/#\/schema\/logo\/image\/"},"sameAs":["https:\/\/www.facebook.com\/ChinaTopack\/","https:\/\/www.youtube.com\/@chinatopack"]}]}},"_links":{"self":[{"href":"https:\/\/www.chinatopack.com\/fr\/wp-json\/wp\/v2\/product\/12834"}],"collection":[{"href":"https:\/\/www.chinatopack.com\/fr\/wp-json\/wp\/v2\/product"}],"about":[{"href":"https:\/\/www.chinatopack.com\/fr\/wp-json\/wp\/v2\/types\/product"}],"replies":[{"embeddable":true,"href":"https:\/\/www.chinatopack.com\/fr\/wp-json\/wp\/v2\/comments?post=12834"}],"wp:featuredmedia":[{"embeddable":true,"href":"https:\/\/www.chinatopack.com\/fr\/wp-json\/wp\/v2\/media\/12836"}],"wp:attachment":[{"href":"https:\/\/www.chinatopack.com\/fr\/wp-json\/wp\/v2\/media?parent=12834"}],"wp:term":[{"taxonomy":"product_cat","embeddable":true,"href":"https:\/\/www.chinatopack.com\/fr\/wp-json\/wp\/v2\/product_cat?post=12834"},{"taxonomy":"product_tag","embeddable":true,"href":"https:\/\/www.chinatopack.com\/fr\/wp-json\/wp\/v2\/product_tag?post=12834"}],"curies":[{"name":"wp","href":"https:\/\/api.w.org\/{rel}","templated":true}]}}