{"id":12849,"date":"2025-07-31T16:07:16","date_gmt":"2025-07-31T16:07:16","guid":{"rendered":"https:\/\/www.chinatopack.com\/?post_type=product&#038;p=12849"},"modified":"2025-08-12T11:21:56","modified_gmt":"2025-08-12T11:21:56","slug":"rigid-paper-box-rigid-candle-boxes","status":"publish","type":"product","link":"https:\/\/www.chinatopack.com\/fr\/produit\/rigid-paper-box-rigid-candle-boxes\/","title":{"rendered":"Bo\u00eete en papier rigide Bo\u00eetes \u00e0 bougies rigides"},"content":{"rendered":"<h2>Bo\u00eete en papier rigide Bo\u00eetes \u00e0 bougies rigides Description<\/h2>\n<p>Tous les grands <a href=\"https:\/\/www.chinatopack.com\/fr\/category\/rigid-box\/\"><strong>bo\u00eete rigide<\/strong><\/a> m\u00e9rite un emballage qui le prot\u00e8ge et le pr\u00e9sente avec fiert\u00e9. Nos emballages <a href=\"https:\/\/www.chinatopack.com\/fr\/\"><strong>bo\u00eetes rigides personnalis\u00e9es<\/strong><\/a> sont le m\u00e9lange parfait de durabilit\u00e9 et d'\u00e9l\u00e9gance discr\u00e8te, con\u00e7ues pour garder vos objets en s\u00e9curit\u00e9 tout en faisant une impression durable.<\/p>\n<p>Fabriqu\u00e9s \u00e0 partir de carton de haute qualit\u00e9 et respectueux de l'environnement, ces <a href=\"https:\/\/www.chinatopack.com\/fr\/produit\/rigid-paper-box-rigid-candle-boxes\/\"><strong>Bo\u00eetes \u00e0 bougies rigides<\/strong><\/a> offrent une r\u00e9sistance exceptionnelle sans compromettre le style. Leur finition lisse et leurs lignes \u00e9pur\u00e9es en font un support polyvalent, id\u00e9al pour l'impression personnalis\u00e9e, le gaufrage ou un marquage minimaliste. Qu'il s'agisse d'emballer des cosm\u00e9tiques, des appareils \u00e9lectroniques, des cadeaux ou des produits de d\u00e9tail, ces bo\u00eetes offrent une protection fiable et un aspect soign\u00e9.<\/p>\n<p>L\u00e9gers mais robustes, ils sont faciles \u00e0 assembler, \u00e0 stocker et \u00e0 transporter, ce qui en fait un choix pratique pour les entreprises comme pour les occasions sp\u00e9ciales. Des finitions mates \u00e9l\u00e9gantes aux couleurs vives, les options de personnalisation permettent \u00e0 vos emballages de se d\u00e9marquer.<\/p>\n<p><strong>Quand la fonction rencontre le raffinement.<\/strong>\u00a0Parce que m\u00eame la bo\u00eete la plus simple peut laisser une grande impression.<\/p>","protected":false},"excerpt":{"rendered":"<p>En tant que l'un des <a href=\"https:\/\/www.chinatopack.com\/fr\/about-us\/\"><strong>fournisseurs de bo\u00eetes rigides<\/strong><\/a>Nous vous assurons que nos bo\u00eetes rigides personnalis\u00e9es de premi\u00e8re qualit\u00e9 allient durabilit\u00e9 et \u00e9l\u00e9gance, et sont fabriqu\u00e9es \u00e0 partir de carton \u00e9cologique. Id\u00e9ales pour les cosm\u00e9tiques, l'\u00e9lectronique, etc., avec impression\/embossage personnalis\u00e9. L\u00e9g\u00e8res, faciles \u00e0 utiliser et personnalisables pour se d\u00e9marquer.<\/p>","protected":false},"featured_media":12851,"comment_status":"closed","ping_status":"closed","template":"","meta":{"_et_pb_use_builder":"","_et_pb_old_content":"","_et_gb_content_width":""},"product_cat":[310],"product_tag":[307],"yoast_head":"<!-- This site is optimized with the Yoast SEO plugin v22.7 - https:\/\/yoast.com\/wordpress\/plugins\/seo\/ -->\n<title>Premium Custom Rigid Candle Boxes Supplier<\/title>\n<meta name=\"description\" content=\"Premium Rigid Candle Boxes Supplier: Eco-friendly, durable &amp; elegant custom boxes. Wholesale for cosmetics, gifts, electronics. Custom printing, finishes, bulk options.\" \/>\n<meta name=\"robots\" content=\"index, follow, max-snippet:-1, max-image-preview:large, max-video-preview:-1\" \/>\n<link rel=\"canonical\" href=\"https:\/\/www.chinatopack.com\/fr\/produit\/rigid-paper-box-rigid-candle-boxes\/\" \/>\n<meta property=\"og:locale\" content=\"fr_FR\" \/>\n<meta property=\"og:type\" content=\"article\" \/>\n<meta property=\"og:title\" content=\"Premium Custom Rigid Candle Boxes Supplier\" \/>\n<meta property=\"og:description\" content=\"Premium Rigid Candle Boxes Supplier: Eco-friendly, durable &amp; elegant custom boxes. Wholesale for cosmetics, gifts, electronics. Custom printing, finishes, bulk options.\" \/>\n<meta property=\"og:url\" content=\"https:\/\/www.chinatopack.com\/fr\/produit\/rigid-paper-box-rigid-candle-boxes\/\" \/>\n<meta property=\"og:site_name\" content=\"TOPACK Paper Boxes\" \/>\n<meta property=\"article:publisher\" content=\"https:\/\/www.facebook.com\/ChinaTopack\/\" \/>\n<meta property=\"article:modified_time\" content=\"2025-08-12T11:21:56+00:00\" \/>\n<meta property=\"og:image\" content=\"https:\/\/www.chinatopack.com\/wp-content\/uploads\/2025\/07\/Rigid-Paper-Box-Rigid-Candle-Boxes1.webp\" \/>\n\t<meta property=\"og:image:width\" content=\"1100\" \/>\n\t<meta property=\"og:image:height\" content=\"1100\" \/>\n\t<meta property=\"og:image:type\" content=\"image\/webp\" \/>\n<meta name=\"twitter:card\" content=\"summary_large_image\" \/>\n<meta name=\"twitter:label1\" content=\"Dur\u00e9e de lecture estim\u00e9e\" \/>\n\t<meta name=\"twitter:data1\" content=\"1 minute\" \/>\n<script type=\"application\/ld+json\" class=\"yoast-schema-graph\">{\"@context\":\"https:\/\/schema.org\",\"@graph\":[{\"@type\":\"WebPage\",\"@id\":\"https:\/\/www.chinatopack.com\/product\/rigid-paper-box-rigid-candle-boxes\/\",\"url\":\"https:\/\/www.chinatopack.com\/product\/rigid-paper-box-rigid-candle-boxes\/\",\"name\":\"Premium Custom Rigid Candle Boxes Supplier\",\"isPartOf\":{\"@id\":\"https:\/\/www.chinatopack.com\/#website\"},\"primaryImageOfPage\":{\"@id\":\"https:\/\/www.chinatopack.com\/product\/rigid-paper-box-rigid-candle-boxes\/#primaryimage\"},\"image\":{\"@id\":\"https:\/\/www.chinatopack.com\/product\/rigid-paper-box-rigid-candle-boxes\/#primaryimage\"},\"thumbnailUrl\":\"https:\/\/www.chinatopack.com\/wp-content\/uploads\/2025\/07\/Rigid-Paper-Box-Rigid-Candle-Boxes1.webp\",\"datePublished\":\"2025-07-31T16:07:16+00:00\",\"dateModified\":\"2025-08-12T11:21:56+00:00\",\"description\":\"Premium Rigid Candle Boxes Supplier: Eco-friendly, durable & elegant custom boxes. Wholesale for cosmetics, gifts, electronics. Custom printing, finishes, bulk options.\",\"breadcrumb\":{\"@id\":\"https:\/\/www.chinatopack.com\/product\/rigid-paper-box-rigid-candle-boxes\/#breadcrumb\"},\"inLanguage\":\"fr-FR\",\"potentialAction\":[{\"@type\":\"ReadAction\",\"target\":[\"https:\/\/www.chinatopack.com\/product\/rigid-paper-box-rigid-candle-boxes\/\"]}]},{\"@type\":\"ImageObject\",\"inLanguage\":\"fr-FR\",\"@id\":\"https:\/\/www.chinatopack.com\/product\/rigid-paper-box-rigid-candle-boxes\/#primaryimage\",\"url\":\"https:\/\/www.chinatopack.com\/wp-content\/uploads\/2025\/07\/Rigid-Paper-Box-Rigid-Candle-Boxes1.webp\",\"contentUrl\":\"https:\/\/www.chinatopack.com\/wp-content\/uploads\/2025\/07\/Rigid-Paper-Box-Rigid-Candle-Boxes1.webp\",\"width\":1100,\"height\":1100,\"caption\":\"Rigid Paper Box Rigid Candle Boxes\"},{\"@type\":\"BreadcrumbList\",\"@id\":\"https:\/\/www.chinatopack.com\/product\/rigid-paper-box-rigid-candle-boxes\/#breadcrumb\",\"itemListElement\":[{\"@type\":\"ListItem\",\"position\":1,\"name\":\"Home\",\"item\":\"https:\/\/www.chinatopack.com\/\"},{\"@type\":\"ListItem\",\"position\":2,\"name\":\"Products\",\"item\":\"https:\/\/www.chinatopack.com\/shop\/\"},{\"@type\":\"ListItem\",\"position\":3,\"name\":\"Rigid Paper Box Rigid Candle Boxes\"}]},{\"@type\":\"WebSite\",\"@id\":\"https:\/\/www.chinatopack.com\/#website\",\"url\":\"https:\/\/www.chinatopack.com\/\",\"name\":\"TOPACK Paper Boxes\",\"description\":\"\",\"publisher\":{\"@id\":\"https:\/\/www.chinatopack.com\/#organization\"},\"potentialAction\":[{\"@type\":\"SearchAction\",\"target\":{\"@type\":\"EntryPoint\",\"urlTemplate\":\"https:\/\/www.chinatopack.com\/?s={search_term_string}\"},\"query-input\":\"required name=search_term_string\"}],\"inLanguage\":\"fr-FR\"},{\"@type\":\"Organization\",\"@id\":\"https:\/\/www.chinatopack.com\/#organization\",\"name\":\"TOPACK Paper Boxes\",\"url\":\"https:\/\/www.chinatopack.com\/\",\"logo\":{\"@type\":\"ImageObject\",\"inLanguage\":\"fr-FR\",\"@id\":\"https:\/\/www.chinatopack.com\/#\/schema\/logo\/image\/\",\"url\":\"https:\/\/www.chinatopack.com\/wp-content\/uploads\/2025\/11\/logo2.webp\",\"contentUrl\":\"https:\/\/www.chinatopack.com\/wp-content\/uploads\/2025\/11\/logo2.webp\",\"width\":512,\"height\":512,\"caption\":\"TOPACK Paper Boxes\"},\"image\":{\"@id\":\"https:\/\/www.chinatopack.com\/#\/schema\/logo\/image\/\"},\"sameAs\":[\"https:\/\/www.facebook.com\/ChinaTopack\/\",\"https:\/\/www.youtube.com\/@chinatopack\"]}]}<\/script>\n<!-- \/ Yoast SEO plugin. -->","yoast_head_json":{"title":"Premium Custom Rigid Candle Boxes Supplier","description":"Premium Rigid Candle Boxes Supplier: Eco-friendly, durable & elegant custom boxes. Wholesale for cosmetics, gifts, electronics. Custom printing, finishes, bulk options.","robots":{"index":"index","follow":"follow","max-snippet":"max-snippet:-1","max-image-preview":"max-image-preview:large","max-video-preview":"max-video-preview:-1"},"canonical":"https:\/\/www.chinatopack.com\/fr\/produit\/rigid-paper-box-rigid-candle-boxes\/","og_locale":"fr_FR","og_type":"article","og_title":"Premium Custom Rigid Candle Boxes Supplier","og_description":"Premium Rigid Candle Boxes Supplier: Eco-friendly, durable & elegant custom boxes. Wholesale for cosmetics, gifts, electronics. Custom printing, finishes, bulk options.","og_url":"https:\/\/www.chinatopack.com\/fr\/produit\/rigid-paper-box-rigid-candle-boxes\/","og_site_name":"TOPACK Paper Boxes","article_publisher":"https:\/\/www.facebook.com\/ChinaTopack\/","article_modified_time":"2025-08-12T11:21:56+00:00","og_image":[{"width":1100,"height":1100,"url":"https:\/\/www.chinatopack.com\/wp-content\/uploads\/2025\/07\/Rigid-Paper-Box-Rigid-Candle-Boxes1.webp","type":"image\/webp"}],"twitter_card":"summary_large_image","twitter_misc":{"Dur\u00e9e de lecture estim\u00e9e":"1 minute"},"schema":{"@context":"https:\/\/schema.org","@graph":[{"@type":"WebPage","@id":"https:\/\/www.chinatopack.com\/product\/rigid-paper-box-rigid-candle-boxes\/","url":"https:\/\/www.chinatopack.com\/product\/rigid-paper-box-rigid-candle-boxes\/","name":"Premium Custom Rigid Candle Boxes Supplier","isPartOf":{"@id":"https:\/\/www.chinatopack.com\/#website"},"primaryImageOfPage":{"@id":"https:\/\/www.chinatopack.com\/product\/rigid-paper-box-rigid-candle-boxes\/#primaryimage"},"image":{"@id":"https:\/\/www.chinatopack.com\/product\/rigid-paper-box-rigid-candle-boxes\/#primaryimage"},"thumbnailUrl":"https:\/\/www.chinatopack.com\/wp-content\/uploads\/2025\/07\/Rigid-Paper-Box-Rigid-Candle-Boxes1.webp","datePublished":"2025-07-31T16:07:16+00:00","dateModified":"2025-08-12T11:21:56+00:00","description":"Premium Rigid Candle Boxes Supplier: Eco-friendly, durable & elegant custom boxes. Wholesale for cosmetics, gifts, electronics. Custom printing, finishes, bulk options.","breadcrumb":{"@id":"https:\/\/www.chinatopack.com\/product\/rigid-paper-box-rigid-candle-boxes\/#breadcrumb"},"inLanguage":"fr-FR","potentialAction":[{"@type":"ReadAction","target":["https:\/\/www.chinatopack.com\/product\/rigid-paper-box-rigid-candle-boxes\/"]}]},{"@type":"ImageObject","inLanguage":"fr-FR","@id":"https:\/\/www.chinatopack.com\/product\/rigid-paper-box-rigid-candle-boxes\/#primaryimage","url":"https:\/\/www.chinatopack.com\/wp-content\/uploads\/2025\/07\/Rigid-Paper-Box-Rigid-Candle-Boxes1.webp","contentUrl":"https:\/\/www.chinatopack.com\/wp-content\/uploads\/2025\/07\/Rigid-Paper-Box-Rigid-Candle-Boxes1.webp","width":1100,"height":1100,"caption":"Rigid Paper Box Rigid Candle Boxes"},{"@type":"BreadcrumbList","@id":"https:\/\/www.chinatopack.com\/product\/rigid-paper-box-rigid-candle-boxes\/#breadcrumb","itemListElement":[{"@type":"ListItem","position":1,"name":"Home","item":"https:\/\/www.chinatopack.com\/"},{"@type":"ListItem","position":2,"name":"Products","item":"https:\/\/www.chinatopack.com\/shop\/"},{"@type":"ListItem","position":3,"name":"Rigid Paper Box Rigid Candle Boxes"}]},{"@type":"WebSite","@id":"https:\/\/www.chinatopack.com\/#website","url":"https:\/\/www.chinatopack.com\/","name":"TOPACK Paper Boxes","description":"","publisher":{"@id":"https:\/\/www.chinatopack.com\/#organization"},"potentialAction":[{"@type":"SearchAction","target":{"@type":"EntryPoint","urlTemplate":"https:\/\/www.chinatopack.com\/?s={search_term_string}"},"query-input":"required name=search_term_string"}],"inLanguage":"fr-FR"},{"@type":"Organization","@id":"https:\/\/www.chinatopack.com\/#organization","name":"TOPACK Paper Boxes","url":"https:\/\/www.chinatopack.com\/","logo":{"@type":"ImageObject","inLanguage":"fr-FR","@id":"https:\/\/www.chinatopack.com\/#\/schema\/logo\/image\/","url":"https:\/\/www.chinatopack.com\/wp-content\/uploads\/2025\/11\/logo2.webp","contentUrl":"https:\/\/www.chinatopack.com\/wp-content\/uploads\/2025\/11\/logo2.webp","width":512,"height":512,"caption":"TOPACK Paper Boxes"},"image":{"@id":"https:\/\/www.chinatopack.com\/#\/schema\/logo\/image\/"},"sameAs":["https:\/\/www.facebook.com\/ChinaTopack\/","https:\/\/www.youtube.com\/@chinatopack"]}]}},"_links":{"self":[{"href":"https:\/\/www.chinatopack.com\/fr\/wp-json\/wp\/v2\/product\/12849"}],"collection":[{"href":"https:\/\/www.chinatopack.com\/fr\/wp-json\/wp\/v2\/product"}],"about":[{"href":"https:\/\/www.chinatopack.com\/fr\/wp-json\/wp\/v2\/types\/product"}],"replies":[{"embeddable":true,"href":"https:\/\/www.chinatopack.com\/fr\/wp-json\/wp\/v2\/comments?post=12849"}],"wp:featuredmedia":[{"embeddable":true,"href":"https:\/\/www.chinatopack.com\/fr\/wp-json\/wp\/v2\/media\/12851"}],"wp:attachment":[{"href":"https:\/\/www.chinatopack.com\/fr\/wp-json\/wp\/v2\/media?parent=12849"}],"wp:term":[{"taxonomy":"product_cat","embeddable":true,"href":"https:\/\/www.chinatopack.com\/fr\/wp-json\/wp\/v2\/product_cat?post=12849"},{"taxonomy":"product_tag","embeddable":true,"href":"https:\/\/www.chinatopack.com\/fr\/wp-json\/wp\/v2\/product_tag?post=12849"}],"curies":[{"name":"wp","href":"https:\/\/api.w.org\/{rel}","templated":true}]}}