{"id":12462,"date":"2025-06-16T10:59:06","date_gmt":"2025-06-16T10:59:06","guid":{"rendered":"https:\/\/www.chinatopack.com\/?post_type=product&#038;p=12462"},"modified":"2025-08-12T09:59:10","modified_gmt":"2025-08-12T09:59:10","slug":"custom-print-biodegradable-cosmetic-packaging-box-skin-care-gift-box-with-gold-silver-stamping-and-embossing","status":"publish","type":"product","link":"https:\/\/www.chinatopack.com\/pt\/produto\/custom-print-biodegradable-cosmetic-packaging-box-skin-care-gift-box-with-gold-silver-stamping-and-embossing\/","title":{"rendered":"Caixa de embalagem de cosm\u00e9ticos biodegrad\u00e1vel com impress\u00e3o personalizada Caixa de presente para cuidados com a pele com estampagem e grava\u00e7\u00e3o em ouro e prata"},"content":{"rendered":"<h2><strong>Caixas de papel personalizadas<\/strong>: <strong>Solu\u00e7\u00f5es de embalagem \u00e0 medida para a sua marca<\/strong><\/h2>\n<p>Eleve a sua marca com os nossos produtos personalizados de alta qualidade <a href=\"https:\/\/www.chinatopack.com\/pt\/produto-etiqueta\/cosmetic-kit-box\/\"><strong>caixa para kit de cosm\u00e9tica<\/strong><\/a>concebidos para satisfazer as suas especifica\u00e7\u00f5es exactas. Quer se trate de retalho, luxo, alimenta\u00e7\u00e3o ou cosm\u00e9tica, os nossos <a href=\"https:\/\/www.chinatopack.com\/pt\/produto\/custom-print-biodegradable-cosmetic-packaging-box-skin-care-gift-box-with-gold-silver-stamping-and-embossing\/\"><strong>caixa de embalagem de cosm\u00e9ticos<\/strong><\/a> combina funcionalidade e est\u00e9tica para melhorar o atrativo do seu produto.<\/p>\n<h3><strong>Estilos de caixas e aplica\u00e7\u00f5es<\/strong><\/h3>\n<p>Como um dos melhores <a href=\"https:\/\/www.chinatopack.com\/pt\/about-us\/\"><strong>fabricantes de caixas de cosm\u00e9ticos<\/strong><\/a>A nossa empresa oferece uma vasta gama de tipos de caixas, <strong>incluindo caixas r\u00edgidas, caixas de cart\u00e3o dobr\u00e1veis, caixas com fecho magn\u00e9tico e caixas de gavetas<\/strong> caixas. Perfeitas para embalagens de presentes, produtos electr\u00f3nicos, cosm\u00e9ticos, alimentos e produtos de retalho, cada design garante durabilidade e uma experi\u00eancia de desembalagem de primeira qualidade.<\/p>\n<h3><strong>Materiais e respeito pelo ambiente<\/strong><\/h3>\n<p>Escolha entre\u00a0<strong>papel kraft, papel de arte, cart\u00e3o canelado<\/strong>, <strong>ou materiais reciclados<\/strong>\u00a0para alinhar com os objectivos de sustentabilidade. As nossas op\u00e7\u00f5es incluem\u00a0<strong>Certifica\u00e7\u00e3o FSC<\/strong>\u00a0e biodegrad\u00e1veis, garantindo uma embalagem ecol\u00f3gica.<\/p>\n<h3><strong>Impress\u00e3o e acabamento avan\u00e7ados<\/strong><\/h3>\n<p>Melhore as suas caixas com\u00a0<strong>impress\u00e3o offset\/UV, estampagem em relevo, estampagem em folha, revestimento UV<\/strong>ou lamina\u00e7\u00e3o mate\/brilhante. Personalize com corte e vinco, remendo de janela ou UV pontual para obter um visual de destaque.<\/p>\n<h3><strong>Processo de produ\u00e7\u00e3o de precis\u00e3o<\/strong><\/h3>\n<p><strong>1. conce\u00e7\u00e3o e prova<\/strong>\u00a0- Colaborar na conce\u00e7\u00e3o estrutural e gr\u00e1fica.<\/p>\n<p><strong>2. sele\u00e7\u00e3o de materiais\u00a0<\/strong>- Escolha o tipo de papel e o acabamento ideais.<\/p>\n<p><strong>3. impress\u00e3o e decora\u00e7\u00e3o<\/strong>\u00a0- Impress\u00e3o de alta resolu\u00e7\u00e3o e acabamentos de qualidade superior.<\/p>\n<p><strong>4. corte e montagem de moldes<\/strong>\u00a0- Corte de precis\u00e3o e pormenores acabados \u00e0 m\u00e3o.<\/p>\n<p><strong>5. inspe\u00e7\u00e3o da qualidade e entrega<\/strong>\u00a0- Controlos rigorosos garantem uma execu\u00e7\u00e3o sem falhas.<\/p>\n<p>De\u00a0<strong>prote\u00e7\u00e3o do produto<\/strong>\u00a0para\u00a0<strong>narrativa de marca,<\/strong> a nossa personaliza\u00e7\u00e3o <a href=\"https:\/\/www.chinatopack.com\/pt\/category\/cosmetic-box\/\"><strong>caixas de cosm\u00e9ticos<\/strong><\/a> oferecer um valor inigual\u00e1vel. Solicite um or\u00e7amento para n\u00f3s, a <a href=\"https:\/\/www.chinatopack.com\/pt\/\"><strong>caixas de cosm\u00e9ticos por atacado<\/strong><\/a> fornecedor e vamos criar uma embalagem que fale pela sua marca!<\/p>","protected":false},"excerpt":{"rendered":"<ul>\n<li>Fabricado a partir de material de cart\u00e3o dur\u00e1vel e resistente<\/li>\n<li>Est\u00e3o dispon\u00edveis tamanhos personalizados para diferentes medidas de produtos<\/li>\n<li>M\u00e1quinas de impress\u00e3o de alta qualidade que geram imagens e log\u00f3tipos impressionantes<\/li>\n<li>F\u00e1cil de montar e dobr\u00e1vel para guardar<\/li>\n<li>\u00d3ptima estrutura para sabonetes e produtos de beleza<\/li>\n<\/ul>","protected":false},"featured_media":12463,"comment_status":"closed","ping_status":"closed","template":"","meta":{"_et_pb_use_builder":"","_et_pb_old_content":"","_et_gb_content_width":""},"product_cat":[309],"product_tag":[298],"yoast_head":"<!-- This site is optimized with the Yoast SEO plugin v22.7 - https:\/\/yoast.com\/wordpress\/plugins\/seo\/ -->\n<title>Cosmetic Packaging Box Manufacturer | Eco Luxury<\/title>\n<meta name=\"description\" content=\"Cosmetic Box Manufacturer: FSC\/recycled custom boxes w\/ foil\/UV finishes. Precision manufacturing for skincare\/makeup brands. Request quote!\" \/>\n<meta name=\"robots\" content=\"index, follow, max-snippet:-1, max-image-preview:large, max-video-preview:-1\" \/>\n<link rel=\"canonical\" href=\"https:\/\/www.chinatopack.com\/pt\/produto\/custom-print-biodegradable-cosmetic-packaging-box-skin-care-gift-box-with-gold-silver-stamping-and-embossing\/\" \/>\n<meta property=\"og:locale\" content=\"pt_PT\" \/>\n<meta property=\"og:type\" content=\"article\" \/>\n<meta property=\"og:title\" content=\"Cosmetic Packaging Box Manufacturer | Eco Luxury\" \/>\n<meta property=\"og:description\" content=\"Cosmetic Box Manufacturer: FSC\/recycled custom boxes w\/ foil\/UV finishes. Precision manufacturing for skincare\/makeup brands. Request quote!\" \/>\n<meta property=\"og:url\" content=\"https:\/\/www.chinatopack.com\/pt\/produto\/custom-print-biodegradable-cosmetic-packaging-box-skin-care-gift-box-with-gold-silver-stamping-and-embossing\/\" \/>\n<meta property=\"og:site_name\" content=\"TOPACK Paper Boxes\" \/>\n<meta property=\"article:publisher\" content=\"https:\/\/www.facebook.com\/ChinaTopack\/\" \/>\n<meta property=\"article:modified_time\" content=\"2025-08-12T09:59:10+00:00\" \/>\n<meta property=\"og:image\" content=\"https:\/\/www.chinatopack.com\/wp-content\/uploads\/2025\/06\/Custom-Print-Biodegradable-Cosmetic-Packaging-Box-Skin-Care-Gift-Box-with-Gold-Silver-Stamping-and-Embossing-1.webp\" \/>\n\t<meta property=\"og:image:width\" content=\"790\" \/>\n\t<meta property=\"og:image:height\" content=\"733\" \/>\n\t<meta property=\"og:image:type\" content=\"image\/webp\" \/>\n<meta name=\"twitter:card\" content=\"summary_large_image\" \/>\n<meta name=\"twitter:label1\" content=\"Tempo estimado de leitura\" \/>\n\t<meta name=\"twitter:data1\" content=\"2 minutos\" \/>\n<script type=\"application\/ld+json\" class=\"yoast-schema-graph\">{\"@context\":\"https:\/\/schema.org\",\"@graph\":[{\"@type\":\"WebPage\",\"@id\":\"https:\/\/www.chinatopack.com\/product\/custom-print-biodegradable-cosmetic-packaging-box-skin-care-gift-box-with-gold-silver-stamping-and-embossing\/\",\"url\":\"https:\/\/www.chinatopack.com\/product\/custom-print-biodegradable-cosmetic-packaging-box-skin-care-gift-box-with-gold-silver-stamping-and-embossing\/\",\"name\":\"Cosmetic Packaging Box Manufacturer | Eco Luxury\",\"isPartOf\":{\"@id\":\"https:\/\/www.chinatopack.com\/#website\"},\"primaryImageOfPage\":{\"@id\":\"https:\/\/www.chinatopack.com\/product\/custom-print-biodegradable-cosmetic-packaging-box-skin-care-gift-box-with-gold-silver-stamping-and-embossing\/#primaryimage\"},\"image\":{\"@id\":\"https:\/\/www.chinatopack.com\/product\/custom-print-biodegradable-cosmetic-packaging-box-skin-care-gift-box-with-gold-silver-stamping-and-embossing\/#primaryimage\"},\"thumbnailUrl\":\"https:\/\/www.chinatopack.com\/wp-content\/uploads\/2025\/06\/Custom-Print-Biodegradable-Cosmetic-Packaging-Box-Skin-Care-Gift-Box-with-Gold-Silver-Stamping-and-Embossing-1.webp\",\"datePublished\":\"2025-06-16T10:59:06+00:00\",\"dateModified\":\"2025-08-12T09:59:10+00:00\",\"description\":\"Cosmetic Box Manufacturer: FSC\/recycled custom boxes w\/ foil\/UV finishes. Precision manufacturing for skincare\/makeup brands. Request quote!\",\"breadcrumb\":{\"@id\":\"https:\/\/www.chinatopack.com\/product\/custom-print-biodegradable-cosmetic-packaging-box-skin-care-gift-box-with-gold-silver-stamping-and-embossing\/#breadcrumb\"},\"inLanguage\":\"pt-PT\",\"potentialAction\":[{\"@type\":\"ReadAction\",\"target\":[\"https:\/\/www.chinatopack.com\/product\/custom-print-biodegradable-cosmetic-packaging-box-skin-care-gift-box-with-gold-silver-stamping-and-embossing\/\"]}]},{\"@type\":\"ImageObject\",\"inLanguage\":\"pt-PT\",\"@id\":\"https:\/\/www.chinatopack.com\/product\/custom-print-biodegradable-cosmetic-packaging-box-skin-care-gift-box-with-gold-silver-stamping-and-embossing\/#primaryimage\",\"url\":\"https:\/\/www.chinatopack.com\/wp-content\/uploads\/2025\/06\/Custom-Print-Biodegradable-Cosmetic-Packaging-Box-Skin-Care-Gift-Box-with-Gold-Silver-Stamping-and-Embossing-1.webp\",\"contentUrl\":\"https:\/\/www.chinatopack.com\/wp-content\/uploads\/2025\/06\/Custom-Print-Biodegradable-Cosmetic-Packaging-Box-Skin-Care-Gift-Box-with-Gold-Silver-Stamping-and-Embossing-1.webp\",\"width\":790,\"height\":733,\"caption\":\"Custom Print Biodegradable Cosmetic Packaging Box Skin Care Gift Box with Gold Silver Stamping and Embossing\"},{\"@type\":\"BreadcrumbList\",\"@id\":\"https:\/\/www.chinatopack.com\/product\/custom-print-biodegradable-cosmetic-packaging-box-skin-care-gift-box-with-gold-silver-stamping-and-embossing\/#breadcrumb\",\"itemListElement\":[{\"@type\":\"ListItem\",\"position\":1,\"name\":\"Home\",\"item\":\"https:\/\/www.chinatopack.com\/\"},{\"@type\":\"ListItem\",\"position\":2,\"name\":\"Products\",\"item\":\"https:\/\/www.chinatopack.com\/shop\/\"},{\"@type\":\"ListItem\",\"position\":3,\"name\":\"Custom Print Biodegradable Cosmetic Packaging Box Skin Care Gift Box with Gold Silver Stamping and Embossing\"}]},{\"@type\":\"WebSite\",\"@id\":\"https:\/\/www.chinatopack.com\/#website\",\"url\":\"https:\/\/www.chinatopack.com\/\",\"name\":\"TOPACK Paper Boxes\",\"description\":\"\",\"publisher\":{\"@id\":\"https:\/\/www.chinatopack.com\/#organization\"},\"potentialAction\":[{\"@type\":\"SearchAction\",\"target\":{\"@type\":\"EntryPoint\",\"urlTemplate\":\"https:\/\/www.chinatopack.com\/?s={search_term_string}\"},\"query-input\":\"required name=search_term_string\"}],\"inLanguage\":\"pt-PT\"},{\"@type\":\"Organization\",\"@id\":\"https:\/\/www.chinatopack.com\/#organization\",\"name\":\"TOPACK Paper Boxes\",\"url\":\"https:\/\/www.chinatopack.com\/\",\"logo\":{\"@type\":\"ImageObject\",\"inLanguage\":\"pt-PT\",\"@id\":\"https:\/\/www.chinatopack.com\/#\/schema\/logo\/image\/\",\"url\":\"https:\/\/www.chinatopack.com\/wp-content\/uploads\/2025\/11\/logo2.webp\",\"contentUrl\":\"https:\/\/www.chinatopack.com\/wp-content\/uploads\/2025\/11\/logo2.webp\",\"width\":512,\"height\":512,\"caption\":\"TOPACK Paper Boxes\"},\"image\":{\"@id\":\"https:\/\/www.chinatopack.com\/#\/schema\/logo\/image\/\"},\"sameAs\":[\"https:\/\/www.facebook.com\/ChinaTopack\/\",\"https:\/\/www.youtube.com\/@chinatopack\"]}]}<\/script>\n<!-- \/ Yoast SEO plugin. -->","yoast_head_json":{"title":"Cosmetic Packaging Box Manufacturer | Eco Luxury","description":"Cosmetic Box Manufacturer: FSC\/recycled custom boxes w\/ foil\/UV finishes. Precision manufacturing for skincare\/makeup brands. Request quote!","robots":{"index":"index","follow":"follow","max-snippet":"max-snippet:-1","max-image-preview":"max-image-preview:large","max-video-preview":"max-video-preview:-1"},"canonical":"https:\/\/www.chinatopack.com\/pt\/produto\/custom-print-biodegradable-cosmetic-packaging-box-skin-care-gift-box-with-gold-silver-stamping-and-embossing\/","og_locale":"pt_PT","og_type":"article","og_title":"Cosmetic Packaging Box Manufacturer | Eco Luxury","og_description":"Cosmetic Box Manufacturer: FSC\/recycled custom boxes w\/ foil\/UV finishes. Precision manufacturing for skincare\/makeup brands. Request quote!","og_url":"https:\/\/www.chinatopack.com\/pt\/produto\/custom-print-biodegradable-cosmetic-packaging-box-skin-care-gift-box-with-gold-silver-stamping-and-embossing\/","og_site_name":"TOPACK Paper Boxes","article_publisher":"https:\/\/www.facebook.com\/ChinaTopack\/","article_modified_time":"2025-08-12T09:59:10+00:00","og_image":[{"width":790,"height":733,"url":"https:\/\/www.chinatopack.com\/wp-content\/uploads\/2025\/06\/Custom-Print-Biodegradable-Cosmetic-Packaging-Box-Skin-Care-Gift-Box-with-Gold-Silver-Stamping-and-Embossing-1.webp","type":"image\/webp"}],"twitter_card":"summary_large_image","twitter_misc":{"Tempo estimado de leitura":"2 minutos"},"schema":{"@context":"https:\/\/schema.org","@graph":[{"@type":"WebPage","@id":"https:\/\/www.chinatopack.com\/product\/custom-print-biodegradable-cosmetic-packaging-box-skin-care-gift-box-with-gold-silver-stamping-and-embossing\/","url":"https:\/\/www.chinatopack.com\/product\/custom-print-biodegradable-cosmetic-packaging-box-skin-care-gift-box-with-gold-silver-stamping-and-embossing\/","name":"Cosmetic Packaging Box Manufacturer | Eco Luxury","isPartOf":{"@id":"https:\/\/www.chinatopack.com\/#website"},"primaryImageOfPage":{"@id":"https:\/\/www.chinatopack.com\/product\/custom-print-biodegradable-cosmetic-packaging-box-skin-care-gift-box-with-gold-silver-stamping-and-embossing\/#primaryimage"},"image":{"@id":"https:\/\/www.chinatopack.com\/product\/custom-print-biodegradable-cosmetic-packaging-box-skin-care-gift-box-with-gold-silver-stamping-and-embossing\/#primaryimage"},"thumbnailUrl":"https:\/\/www.chinatopack.com\/wp-content\/uploads\/2025\/06\/Custom-Print-Biodegradable-Cosmetic-Packaging-Box-Skin-Care-Gift-Box-with-Gold-Silver-Stamping-and-Embossing-1.webp","datePublished":"2025-06-16T10:59:06+00:00","dateModified":"2025-08-12T09:59:10+00:00","description":"Cosmetic Box Manufacturer: FSC\/recycled custom boxes w\/ foil\/UV finishes. Precision manufacturing for skincare\/makeup brands. Request quote!","breadcrumb":{"@id":"https:\/\/www.chinatopack.com\/product\/custom-print-biodegradable-cosmetic-packaging-box-skin-care-gift-box-with-gold-silver-stamping-and-embossing\/#breadcrumb"},"inLanguage":"pt-PT","potentialAction":[{"@type":"ReadAction","target":["https:\/\/www.chinatopack.com\/product\/custom-print-biodegradable-cosmetic-packaging-box-skin-care-gift-box-with-gold-silver-stamping-and-embossing\/"]}]},{"@type":"ImageObject","inLanguage":"pt-PT","@id":"https:\/\/www.chinatopack.com\/product\/custom-print-biodegradable-cosmetic-packaging-box-skin-care-gift-box-with-gold-silver-stamping-and-embossing\/#primaryimage","url":"https:\/\/www.chinatopack.com\/wp-content\/uploads\/2025\/06\/Custom-Print-Biodegradable-Cosmetic-Packaging-Box-Skin-Care-Gift-Box-with-Gold-Silver-Stamping-and-Embossing-1.webp","contentUrl":"https:\/\/www.chinatopack.com\/wp-content\/uploads\/2025\/06\/Custom-Print-Biodegradable-Cosmetic-Packaging-Box-Skin-Care-Gift-Box-with-Gold-Silver-Stamping-and-Embossing-1.webp","width":790,"height":733,"caption":"Custom Print Biodegradable Cosmetic Packaging Box Skin Care Gift Box with Gold Silver Stamping and Embossing"},{"@type":"BreadcrumbList","@id":"https:\/\/www.chinatopack.com\/product\/custom-print-biodegradable-cosmetic-packaging-box-skin-care-gift-box-with-gold-silver-stamping-and-embossing\/#breadcrumb","itemListElement":[{"@type":"ListItem","position":1,"name":"Home","item":"https:\/\/www.chinatopack.com\/"},{"@type":"ListItem","position":2,"name":"Products","item":"https:\/\/www.chinatopack.com\/shop\/"},{"@type":"ListItem","position":3,"name":"Custom Print Biodegradable Cosmetic Packaging Box Skin Care Gift Box with Gold Silver Stamping and Embossing"}]},{"@type":"WebSite","@id":"https:\/\/www.chinatopack.com\/#website","url":"https:\/\/www.chinatopack.com\/","name":"TOPACK Paper Boxes","description":"","publisher":{"@id":"https:\/\/www.chinatopack.com\/#organization"},"potentialAction":[{"@type":"SearchAction","target":{"@type":"EntryPoint","urlTemplate":"https:\/\/www.chinatopack.com\/?s={search_term_string}"},"query-input":"required name=search_term_string"}],"inLanguage":"pt-PT"},{"@type":"Organization","@id":"https:\/\/www.chinatopack.com\/#organization","name":"TOPACK Paper Boxes","url":"https:\/\/www.chinatopack.com\/","logo":{"@type":"ImageObject","inLanguage":"pt-PT","@id":"https:\/\/www.chinatopack.com\/#\/schema\/logo\/image\/","url":"https:\/\/www.chinatopack.com\/wp-content\/uploads\/2025\/11\/logo2.webp","contentUrl":"https:\/\/www.chinatopack.com\/wp-content\/uploads\/2025\/11\/logo2.webp","width":512,"height":512,"caption":"TOPACK Paper Boxes"},"image":{"@id":"https:\/\/www.chinatopack.com\/#\/schema\/logo\/image\/"},"sameAs":["https:\/\/www.facebook.com\/ChinaTopack\/","https:\/\/www.youtube.com\/@chinatopack"]}]}},"_links":{"self":[{"href":"https:\/\/www.chinatopack.com\/pt\/wp-json\/wp\/v2\/product\/12462"}],"collection":[{"href":"https:\/\/www.chinatopack.com\/pt\/wp-json\/wp\/v2\/product"}],"about":[{"href":"https:\/\/www.chinatopack.com\/pt\/wp-json\/wp\/v2\/types\/product"}],"replies":[{"embeddable":true,"href":"https:\/\/www.chinatopack.com\/pt\/wp-json\/wp\/v2\/comments?post=12462"}],"wp:featuredmedia":[{"embeddable":true,"href":"https:\/\/www.chinatopack.com\/pt\/wp-json\/wp\/v2\/media\/12463"}],"wp:attachment":[{"href":"https:\/\/www.chinatopack.com\/pt\/wp-json\/wp\/v2\/media?parent=12462"}],"wp:term":[{"taxonomy":"product_cat","embeddable":true,"href":"https:\/\/www.chinatopack.com\/pt\/wp-json\/wp\/v2\/product_cat?post=12462"},{"taxonomy":"product_tag","embeddable":true,"href":"https:\/\/www.chinatopack.com\/pt\/wp-json\/wp\/v2\/product_tag?post=12462"}],"curies":[{"name":"wp","href":"https:\/\/api.w.org\/{rel}","templated":true}]}}